{"id":9820,"date":"2016-10-24T10:59:05","date_gmt":"2016-10-24T08:59:05","guid":{"rendered":"https:\/\/www.cmonsite.fr\/site\/aide\/?page_id=9820"},"modified":"2016-10-24T10:59:05","modified_gmt":"2016-10-24T08:59:05","slug":"google-traduction-widget","status":"publish","type":"page","link":"https:\/\/www.cmonsite.fr\/site\/aide\/astuces-informations\/modules-externes\/google-traduction-widget","title":{"rendered":"Int\u00e9grer Google Traduction \u00e0 son site"},"content":{"rendered":"\t\t<div data-elementor-type=\"wp-page\" data-elementor-id=\"9820\" class=\"elementor elementor-9820\" data-elementor-post-type=\"page\">\n\t\t\t\t\t\t<section class=\"elementor-section elementor-top-section elementor-element elementor-element-7b94d1b elementor-section-boxed elementor-section-height-default elementor-section-height-default\" data-id=\"7b94d1b\" data-element_type=\"section\" data-e-type=\"section\">\n\t\t\t\t\t\t<div class=\"elementor-container elementor-column-gap-default\">\n\t\t\t\t\t<div class=\"elementor-column elementor-col-100 elementor-top-column elementor-element elementor-element-ef212ce\" data-id=\"ef212ce\" data-element_type=\"column\" data-e-type=\"column\">\n\t\t\t<div class=\"elementor-widget-wrap elementor-element-populated\">\n\t\t\t\t\t\t<div class=\"elementor-element elementor-element-3720f54 elementor-widget elementor-widget-text-editor\" data-id=\"3720f54\" data-element_type=\"widget\" data-e-type=\"widget\" data-widget_type=\"text-editor.default\">\n\t\t\t\t<div class=\"elementor-widget-container\">\n\t\t\t\t\t\t\t\t\t<p>CmonSite vous permet d&#8217;afficher simplement votre site en plusieurs langues avec le module Google Traduction.<\/p>\t\t\t\t\t\t\t\t<\/div>\n\t\t\t\t<\/div>\n\t\t\t\t<div class=\"elementor-element elementor-element-f7749a5 elementor-widget elementor-widget-heading\" data-id=\"f7749a5\" data-element_type=\"widget\" data-e-type=\"widget\" data-widget_type=\"heading.default\">\n\t\t\t\t<div class=\"elementor-widget-container\">\n\t\t\t\t\t<h2 class=\"elementor-heading-title elementor-size-default\"><p style=\"font-size: 16px;font-weight: 400;white-space: normal\"><span style=\"font-family: inherit;font-size: 1.75rem;font-weight: bold\">Utiliser le module de traduction CmonSite<\/span><span style=\"color: var( --e-global-color-primary );font-family: var( --e-global-typography-primary-font-family ), Sans-serif;font-size: 1.75rem;font-weight: var( --e-global-typography-primary-font-weight );white-space: pre-wrap\"><\/span><\/p><\/h2>\t\t\t\t<\/div>\n\t\t\t\t<\/div>\n\t\t\t\t<div class=\"elementor-element elementor-element-e5f8724 elementor-widget elementor-widget-text-editor\" data-id=\"e5f8724\" data-element_type=\"widget\" data-e-type=\"widget\" data-widget_type=\"text-editor.default\">\n\t\t\t\t<div class=\"elementor-widget-container\">\n\t\t\t\t\t\t\t\t\t<p><span style=\"color: var( --e-global-color-text ); font-family: var( --e-global-typography-text-font-family ), Sans-serif; font-weight: var( --e-global-typography-text-font-weight );\">Si vous ne souhaitez pas int\u00e9grer la traduction manuellement, CmonSite vous permet d\u00e9sormais de g\u00e9rer cela via un module tr\u00e8s simple \u00e0 utiliser.<\/span><\/p>\n<p><span style=\"color: var( --e-global-color-text ); font-family: var( --e-global-typography-text-font-family ), Sans-serif; font-weight: bold;\">1.<\/span><span style=\"color: var( --e-global-color-text ); font-family: var( --e-global-typography-text-font-family ), Sans-serif; font-weight: var( --e-global-typography-text-font-weight );\">&nbsp;Pour utiliser le module de traduction, rendez-vous sur la page de configuration du module en cliquant sur le lien \u00ab&nbsp;<\/span><em style=\"color: var( --e-global-color-text ); font-family: var( --e-global-typography-text-font-family ), Sans-serif; font-weight: var( --e-global-typography-text-font-weight );\"><span style=\"font-weight: bold;\">Traduction&nbsp;<\/span><\/em><span style=\"color: var( --e-global-color-text ); font-family: var( --e-global-typography-text-font-family ), Sans-serif; font-weight: var( --e-global-typography-text-font-weight );\">\u00bb dans l\u2019onglet \u00ab&nbsp;<\/span><span style=\"color: var( --e-global-color-text ); font-family: var( --e-global-typography-text-font-family ), Sans-serif; font-weight: bold;\"><em>Modules<\/em>&nbsp;<\/span><span style=\"color: var( --e-global-color-text ); font-family: var( --e-global-typography-text-font-family ), Sans-serif; font-weight: var( --e-global-typography-text-font-weight );\">\u00bb du menu.<\/span><\/p>\t\t\t\t\t\t\t\t<\/div>\n\t\t\t\t<\/div>\n\t\t\t\t<div class=\"elementor-element elementor-element-8fabe73 elementor-widget elementor-widget-image\" data-id=\"8fabe73\" data-element_type=\"widget\" data-e-type=\"widget\" data-widget_type=\"image.default\">\n\t\t\t\t<div class=\"elementor-widget-container\">\n\t\t\t\t\t\t\t\t\t\t\t\t\t\t\t<img fetchpriority=\"high\" decoding=\"async\" width=\"1237\" height=\"441\" src=\"https:\/\/www.cmonsite.fr\/site\/webup\/2020\/12\/menu.png\" class=\"attachment-full size-full wp-image-14155\" alt=\"\" srcset=\"https:\/\/www.cmonsite.fr\/site\/webup\/2020\/12\/menu.png 1237w, https:\/\/www.cmonsite.fr\/site\/webup\/2020\/12\/menu-300x107.png 300w, https:\/\/www.cmonsite.fr\/site\/webup\/2020\/12\/menu-1024x365.png 1024w, https:\/\/www.cmonsite.fr\/site\/webup\/2020\/12\/menu-768x274.png 768w\" sizes=\"(max-width: 1237px) 100vw, 1237px\" \/>\t\t\t\t\t\t\t\t\t\t\t\t\t\t\t<\/div>\n\t\t\t\t<\/div>\n\t\t\t\t<div class=\"elementor-element elementor-element-699f3e1 elementor-widget elementor-widget-spacer\" data-id=\"699f3e1\" data-element_type=\"widget\" data-e-type=\"widget\" data-widget_type=\"spacer.default\">\n\t\t\t\t<div class=\"elementor-widget-container\">\n\t\t\t\t\t\t\t<div class=\"elementor-spacer\">\n\t\t\t<div class=\"elementor-spacer-inner\"><\/div>\n\t\t<\/div>\n\t\t\t\t\t\t<\/div>\n\t\t\t\t<\/div>\n\t\t\t\t<div class=\"elementor-element elementor-element-7d771cf elementor-widget elementor-widget-text-editor\" data-id=\"7d771cf\" data-element_type=\"widget\" data-e-type=\"widget\" data-widget_type=\"text-editor.default\">\n\t\t\t\t<div class=\"elementor-widget-container\">\n\t\t\t\t\t\t\t\t\t<p><span style=\"font-weight: bold; color: var( --e-global-color-text ); font-family: var( --e-global-typography-text-font-family ), Sans-serif;\">2.<\/span><span style=\"color: var( --e-global-color-text ); font-family: var( --e-global-typography-text-font-family ), Sans-serif; font-weight: var( --e-global-typography-text-font-weight );\">&nbsp;Vous avez la possibilit\u00e9 de choisir si le module proposera automatiquement toutes les langues de traduction, ou bien de d\u00e9finir vous m\u00eames les langues dans lesquelles vous voulez proposer une traduction.<\/span><\/p>\t\t\t\t\t\t\t\t<\/div>\n\t\t\t\t<\/div>\n\t\t\t\t<div class=\"elementor-element elementor-element-0e8227e elementor-widget elementor-widget-image\" data-id=\"0e8227e\" data-element_type=\"widget\" data-e-type=\"widget\" data-widget_type=\"image.default\">\n\t\t\t\t<div class=\"elementor-widget-container\">\n\t\t\t\t\t\t\t\t\t\t\t\t\t\t\t<img decoding=\"async\" width=\"596\" height=\"304\" src=\"https:\/\/www.cmonsite.fr\/site\/webup\/2020\/12\/definir-langues.jpg\" class=\"attachment-full size-full wp-image-14154\" alt=\"\" srcset=\"https:\/\/www.cmonsite.fr\/site\/webup\/2020\/12\/definir-langues.jpg 596w, https:\/\/www.cmonsite.fr\/site\/webup\/2020\/12\/definir-langues-300x153.jpg 300w\" sizes=\"(max-width: 596px) 100vw, 596px\" \/>\t\t\t\t\t\t\t\t\t\t\t\t\t\t\t<\/div>\n\t\t\t\t<\/div>\n\t\t\t\t<div class=\"elementor-element elementor-element-8063594 elementor-widget elementor-widget-spacer\" data-id=\"8063594\" data-element_type=\"widget\" data-e-type=\"widget\" data-widget_type=\"spacer.default\">\n\t\t\t\t<div class=\"elementor-widget-container\">\n\t\t\t\t\t\t\t<div class=\"elementor-spacer\">\n\t\t\t<div class=\"elementor-spacer-inner\"><\/div>\n\t\t<\/div>\n\t\t\t\t\t\t<\/div>\n\t\t\t\t<\/div>\n\t\t\t\t<div class=\"elementor-element elementor-element-0464905 elementor-widget elementor-widget-text-editor\" data-id=\"0464905\" data-element_type=\"widget\" data-e-type=\"widget\" data-widget_type=\"text-editor.default\">\n\t\t\t\t<div class=\"elementor-widget-container\">\n\t\t\t\t\t\t\t\t\t<p><span style=\"font-weight: bold;\">3.<\/span>&nbsp;Il est par ailleurs possible de personnaliser le bouton de traduction visible sur votre site, en d\u00e9finissant notamment la taille, les couleurs et le positionnement du bouton.<\/p>\t\t\t\t\t\t\t\t<\/div>\n\t\t\t\t<\/div>\n\t\t\t\t<section class=\"elementor-section elementor-inner-section elementor-element elementor-element-6aca8e3 elementor-section-boxed elementor-section-height-default elementor-section-height-default\" data-id=\"6aca8e3\" data-element_type=\"section\" data-e-type=\"section\">\n\t\t\t\t\t\t<div class=\"elementor-container elementor-column-gap-default\">\n\t\t\t\t\t<div class=\"elementor-column elementor-col-50 elementor-inner-column elementor-element elementor-element-a6c797a\" data-id=\"a6c797a\" data-element_type=\"column\" data-e-type=\"column\">\n\t\t\t<div class=\"elementor-widget-wrap elementor-element-populated\">\n\t\t\t\t\t\t<div class=\"elementor-element elementor-element-af6c697 elementor-widget elementor-widget-image\" data-id=\"af6c697\" data-element_type=\"widget\" data-e-type=\"widget\" data-widget_type=\"image.default\">\n\t\t\t\t<div class=\"elementor-widget-container\">\n\t\t\t\t\t\t\t\t\t\t\t\t\t\t\t<img decoding=\"async\" width=\"616\" height=\"398\" src=\"https:\/\/www.cmonsite.fr\/site\/webup\/2020\/12\/couleurs-tailles.jpg\" class=\"attachment-full size-full wp-image-14153\" alt=\"\" srcset=\"https:\/\/www.cmonsite.fr\/site\/webup\/2020\/12\/couleurs-tailles.jpg 616w, https:\/\/www.cmonsite.fr\/site\/webup\/2020\/12\/couleurs-tailles-300x194.jpg 300w\" sizes=\"(max-width: 616px) 100vw, 616px\" \/>\t\t\t\t\t\t\t\t\t\t\t\t\t\t\t<\/div>\n\t\t\t\t<\/div>\n\t\t\t\t\t<\/div>\n\t\t<\/div>\n\t\t\t\t<div class=\"elementor-column elementor-col-50 elementor-inner-column elementor-element elementor-element-0b4e938\" data-id=\"0b4e938\" data-element_type=\"column\" data-e-type=\"column\">\n\t\t\t<div class=\"elementor-widget-wrap elementor-element-populated\">\n\t\t\t\t\t\t<div class=\"elementor-element elementor-element-0b577ab elementor-widget elementor-widget-image\" data-id=\"0b577ab\" data-element_type=\"widget\" data-e-type=\"widget\" data-widget_type=\"image.default\">\n\t\t\t\t<div class=\"elementor-widget-container\">\n\t\t\t\t\t\t\t\t\t\t\t\t\t\t\t<img loading=\"lazy\" decoding=\"async\" width=\"597\" height=\"700\" src=\"https:\/\/www.cmonsite.fr\/site\/webup\/2020\/12\/position-bouton.jpg\" class=\"attachment-full size-full wp-image-14156\" alt=\"\" srcset=\"https:\/\/www.cmonsite.fr\/site\/webup\/2020\/12\/position-bouton.jpg 597w, https:\/\/www.cmonsite.fr\/site\/webup\/2020\/12\/position-bouton-256x300.jpg 256w\" sizes=\"(max-width: 597px) 100vw, 597px\" \/>\t\t\t\t\t\t\t\t\t\t\t\t\t\t\t<\/div>\n\t\t\t\t<\/div>\n\t\t\t\t\t<\/div>\n\t\t<\/div>\n\t\t\t\t\t<\/div>\n\t\t<\/section>\n\t\t\t\t<div class=\"elementor-element elementor-element-84f9b69 elementor-widget elementor-widget-text-editor\" data-id=\"84f9b69\" data-element_type=\"widget\" data-e-type=\"widget\" data-widget_type=\"text-editor.default\">\n\t\t\t\t<div class=\"elementor-widget-container\">\n\t\t\t\t\t\t\t\t\t<p style=\"box-sizing: border-box; margin: 0px 0px 0.5rem; color: #000000; font-family: Roboto, sans-serif; font-size: 16px; font-style: normal; font-variant-ligatures: normal; font-variant-caps: normal; font-weight: 400; letter-spacing: normal; orphans: 2; text-align: start; text-indent: 0px; text-transform: none; white-space: normal; widows: 2; word-spacing: 0px; -webkit-text-stroke-width: 0px; background-color: #ffffff; text-decoration-thickness: initial; text-decoration-style: initial; text-decoration-color: initial;\">\u00a0<\/p><p style=\"box-sizing: border-box; margin: 0px 0px 0.5rem; color: #000000; font-family: Roboto, sans-serif; font-size: 16px; font-style: normal; font-variant-ligatures: normal; font-variant-caps: normal; font-weight: 400; letter-spacing: normal; orphans: 2; text-align: start; text-indent: 0px; text-transform: none; white-space: normal; widows: 2; word-spacing: 0px; -webkit-text-stroke-width: 0px; background-color: #ffffff; text-decoration-thickness: initial; text-decoration-style: initial; text-decoration-color: initial;\"><strong style=\"box-sizing: border-box; font-weight: bold;\">4.\u00a0<\/strong>Enfin, n&#8217;oubliez pas d&#8217;activer votre module de traduction en cliquant sur le bouton, puis enregistrez.<\/p>\t\t\t\t\t\t\t\t<\/div>\n\t\t\t\t<\/div>\n\t\t\t\t<div class=\"elementor-element elementor-element-c573046 elementor-widget elementor-widget-image\" data-id=\"c573046\" data-element_type=\"widget\" data-e-type=\"widget\" data-widget_type=\"image.default\">\n\t\t\t\t<div class=\"elementor-widget-container\">\n\t\t\t\t\t\t\t\t\t\t\t\t\t\t\t<img loading=\"lazy\" decoding=\"async\" width=\"1221\" height=\"80\" src=\"https:\/\/www.cmonsite.fr\/site\/webup\/2020\/12\/activer.jpg\" class=\"attachment-full size-full wp-image-14152\" alt=\"\" srcset=\"https:\/\/www.cmonsite.fr\/site\/webup\/2020\/12\/activer.jpg 1221w, https:\/\/www.cmonsite.fr\/site\/webup\/2020\/12\/activer-300x20.jpg 300w, https:\/\/www.cmonsite.fr\/site\/webup\/2020\/12\/activer-1024x67.jpg 1024w, https:\/\/www.cmonsite.fr\/site\/webup\/2020\/12\/activer-768x50.jpg 768w\" sizes=\"(max-width: 1221px) 100vw, 1221px\" \/>\t\t\t\t\t\t\t\t\t\t\t\t\t\t\t<\/div>\n\t\t\t\t<\/div>\n\t\t\t\t<div class=\"elementor-element elementor-element-fb7cc3a elementor-widget elementor-widget-spacer\" data-id=\"fb7cc3a\" data-element_type=\"widget\" data-e-type=\"widget\" data-widget_type=\"spacer.default\">\n\t\t\t\t<div class=\"elementor-widget-container\">\n\t\t\t\t\t\t\t<div class=\"elementor-spacer\">\n\t\t\t<div class=\"elementor-spacer-inner\"><\/div>\n\t\t<\/div>\n\t\t\t\t\t\t<\/div>\n\t\t\t\t<\/div>\n\t\t\t\t<div class=\"elementor-element elementor-element-0062196 elementor-widget elementor-widget-text-editor\" data-id=\"0062196\" data-element_type=\"widget\" data-e-type=\"widget\" data-widget_type=\"text-editor.default\">\n\t\t\t\t<div class=\"elementor-widget-container\">\n\t\t\t\t\t\t\t\t\t<p>Le module apparaitra de cette mani\u00e8re sur votre site.<\/p>\t\t\t\t\t\t\t\t<\/div>\n\t\t\t\t<\/div>\n\t\t\t\t<div class=\"elementor-element elementor-element-a27570e elementor-widget elementor-widget-image\" data-id=\"a27570e\" data-element_type=\"widget\" data-e-type=\"widget\" data-widget_type=\"image.default\">\n\t\t\t\t<div class=\"elementor-widget-container\">\n\t\t\t\t\t\t\t\t\t\t\t\t\t\t\t<img loading=\"lazy\" decoding=\"async\" width=\"1472\" height=\"546\" src=\"https:\/\/www.cmonsite.fr\/site\/webup\/2021\/11\/google-traduction1.png\" class=\"attachment-full size-full wp-image-18868\" alt=\"\" srcset=\"https:\/\/www.cmonsite.fr\/site\/webup\/2021\/11\/google-traduction1.png 1472w, https:\/\/www.cmonsite.fr\/site\/webup\/2021\/11\/google-traduction1-300x111.png 300w, https:\/\/www.cmonsite.fr\/site\/webup\/2021\/11\/google-traduction1-1024x380.png 1024w, https:\/\/www.cmonsite.fr\/site\/webup\/2021\/11\/google-traduction1-768x285.png 768w\" sizes=\"(max-width: 1472px) 100vw, 1472px\" \/>\t\t\t\t\t\t\t\t\t\t\t\t\t\t\t<\/div>\n\t\t\t\t<\/div>\n\t\t\t\t<div class=\"elementor-element elementor-element-07eb3a0 elementor-widget-divider--view-line elementor-widget elementor-widget-divider\" data-id=\"07eb3a0\" data-element_type=\"widget\" data-e-type=\"widget\" data-widget_type=\"divider.default\">\n\t\t\t\t<div class=\"elementor-widget-container\">\n\t\t\t\t\t\t\t<div class=\"elementor-divider\">\n\t\t\t<span class=\"elementor-divider-separator\">\n\t\t\t\t\t\t<\/span>\n\t\t<\/div>\n\t\t\t\t\t\t<\/div>\n\t\t\t\t<\/div>\n\t\t\t\t<div class=\"elementor-element elementor-element-b41bee5 elementor-widget elementor-widget-text-editor\" data-id=\"b41bee5\" data-element_type=\"widget\" data-e-type=\"widget\" data-widget_type=\"text-editor.default\">\n\t\t\t\t<div class=\"elementor-widget-container\">\n\t\t\t\t\t\t\t\t\t<p><span style=\"text-align: center;\">Voil\u00e0, vous savez comment avoir un site multilingue !<\/span><\/p>\t\t\t\t\t\t\t\t<\/div>\n\t\t\t\t<\/div>\n\t\t\t\t<div class=\"elementor-element elementor-element-2f9f153 elementor-widget-divider--view-line elementor-widget elementor-widget-divider\" data-id=\"2f9f153\" data-element_type=\"widget\" data-e-type=\"widget\" data-widget_type=\"divider.default\">\n\t\t\t\t<div class=\"elementor-widget-container\">\n\t\t\t\t\t\t\t<div class=\"elementor-divider\">\n\t\t\t<span class=\"elementor-divider-separator\">\n\t\t\t\t\t\t<\/span>\n\t\t<\/div>\n\t\t\t\t\t\t<\/div>\n\t\t\t\t<\/div>\n\t\t\t\t\t<\/div>\n\t\t<\/div>\n\t\t\t\t\t<\/div>\n\t\t<\/section>\n\t\t\t\t<\/div>\n\t\t","protected":false},"excerpt":{"rendered":"<p>CmonSite vous permet d&#8217;afficher simplement votre site en plusieurs langues avec le module Google Traduction. Utiliser le module de traduction CmonSite Si vous ne souhaitez pas int\u00e9grer la traduction manuellement, CmonSite vous permet d\u00e9sormais de g\u00e9rer cela via un module tr\u00e8s simple \u00e0 utiliser. 1.&nbsp;Pour utiliser le module de traduction, rendez-vous sur la page de [&hellip;]<\/p>\n","protected":false},"author":1,"featured_media":18010,"parent":3020,"menu_order":15,"comment_status":"closed","ping_status":"closed","template":"","meta":{"_helpful_status":1,"footnotes":""},"class_list":["post-9820","page","type-page","status-publish","has-post-thumbnail","hentry"],"_links":{"self":[{"href":"https:\/\/www.cmonsite.fr\/site\/wp-json\/wp\/v2\/pages\/9820","targetHints":{"allow":["GET"]}}],"collection":[{"href":"https:\/\/www.cmonsite.fr\/site\/wp-json\/wp\/v2\/pages"}],"about":[{"href":"https:\/\/www.cmonsite.fr\/site\/wp-json\/wp\/v2\/types\/page"}],"author":[{"embeddable":true,"href":"https:\/\/www.cmonsite.fr\/site\/wp-json\/wp\/v2\/users\/1"}],"replies":[{"embeddable":true,"href":"https:\/\/www.cmonsite.fr\/site\/wp-json\/wp\/v2\/comments?post=9820"}],"version-history":[{"count":1,"href":"https:\/\/www.cmonsite.fr\/site\/wp-json\/wp\/v2\/pages\/9820\/revisions"}],"predecessor-version":[{"id":21115,"href":"https:\/\/www.cmonsite.fr\/site\/wp-json\/wp\/v2\/pages\/9820\/revisions\/21115"}],"up":[{"embeddable":true,"href":"https:\/\/www.cmonsite.fr\/site\/wp-json\/wp\/v2\/pages\/3020"}],"wp:featuredmedia":[{"embeddable":true,"href":"https:\/\/www.cmonsite.fr\/site\/wp-json\/wp\/v2\/media\/18010"}],"wp:attachment":[{"href":"https:\/\/www.cmonsite.fr\/site\/wp-json\/wp\/v2\/media?parent=9820"}],"curies":[{"name":"wp","href":"https:\/\/api.w.org\/{rel}","templated":true}]}}