{"id":9678,"date":"2016-10-12T16:51:37","date_gmt":"2016-10-12T14:51:37","guid":{"rendered":"https:\/\/www.cmonsite.fr\/site\/aide\/?page_id=9678"},"modified":"2016-10-12T16:51:37","modified_gmt":"2016-10-12T14:51:37","slug":"creer-faq-site","status":"publish","type":"page","link":"https:\/\/www.cmonsite.fr\/site\/aide\/design\/creer-faq-site","title":{"rendered":"Comment cr\u00e9er une foire aux questions pour son site ?"},"content":{"rendered":"<p>Ce module\u00a0vous permet\u00a0de rendre accessible\u00a0via un menu accord\u00e9on des questions et des r\u00e9ponses.<br \/>\nVous pouvez ainsi r\u00e9diger simplement votre propre Foire Aux Questions afin de r\u00e9pondre\u00a0aux questions qui vous sont couramment pos\u00e9es.<\/p>\n<p>EX : Comment nous\u00a0contacter ? Nos modes de paiements ? Nos Horaires d&#8217;ouverture ?<\/p>\n<p><strong>1-<\/strong>\u00a0Rendez-vous dans l&#8217;onglet\u00a0&#8220;<strong>Modules<\/strong>&#8221; puis cliquez sur\u00a0&#8220;<strong>Questions \/ r\u00e9ponses<\/strong>&#8221;\u00a0:\u00a0<a href=\"\/\/www.cmonsite.fr\/gestion_faq.php\">Foire Aux Questions<\/a><\/p>\n<p><strong>2-<\/strong>\u00a0Apr\u00e8s avoir nomm\u00e9 votre\u00a0\u00a0Foire Aux Questions, vous pourrez alors r\u00e9diger vos diff\u00e9rentes questions \/ r\u00e9ponses<\/p>\n<p><a href=\"https:\/\/www.cmonsite.fr\/site\/webup\/2021\/01\/FireShot-Capture-096-Foire-au-questions-_-FAQ-www.cmonsite.fr_.png\"><img fetchpriority=\"high\" decoding=\"async\" class=\"alignnone wp-image-14869 \" src=\"https:\/\/www.cmonsite.fr\/site\/webup\/2021\/01\/FireShot-Capture-096-Foire-au-questions-_-FAQ-www.cmonsite.fr_.png\" alt=\"\" width=\"945\" height=\"418\" \/><\/a><\/p>\n<p><strong>3-<\/strong>\u00a0Vous pouvez personnaliser les param\u00e8tres cl\u00e9s d&#8217;affichage (couleurs et taille police d&#8217;\u00e9criture) de votre Foire Aux Questions<\/p>\n<p><a href=\"https:\/\/www.cmonsite.fr\/site\/webup\/2021\/01\/FireShot-Capture-099-Foire-au-questions-_-FAQ-www.cmonsite.fr_.png\"><img decoding=\"async\" class=\"alignnone wp-image-14870 \" src=\"https:\/\/www.cmonsite.fr\/site\/webup\/2021\/01\/FireShot-Capture-099-Foire-au-questions-_-FAQ-www.cmonsite.fr_.png\" alt=\"\" width=\"576\" height=\"300\" \/><\/a><\/p>\n<p><strong>4-<\/strong>\u00a0Il ne vous\u00a0reste qu&#8217;\u00e0 l&#8217;int\u00e9grer dans la page souhait\u00e9e en copiant le TAG g\u00e9n\u00e9r\u00e9.<\/p>\n<p><a href=\"https:\/\/www.cmonsite.fr\/site\/webup\/2021\/01\/FireShot-Capture-104-Foire-au-questions-_-FAQ-www.cmonsite.fr_.png\"><img decoding=\"async\" class=\"alignnone wp-image-14871 \" src=\"https:\/\/www.cmonsite.fr\/site\/webup\/2021\/01\/FireShot-Capture-104-Foire-au-questions-_-FAQ-www.cmonsite.fr_.png\" alt=\"\" width=\"508\" height=\"157\" \/><\/a><\/p>\n<hr \/>\n<p style=\"text-align: center;\">F\u00e9licitations ! Vous savez maintenant cr\u00e9er et ajouter une Foire Aux Questions \u00e0 votre site !<\/p>\n<hr \/>\n<p><em>Voir aussi dans la m\u00eame th\u00e9matique :<\/em><\/p>\n<ul>\n<li><a href=\"\/\/www.cmonsite.fr\/site\/aide\/contenu-design-modules\/contenu\/texte-page\/\" target=\"_blank\" rel=\"noopener\">Editer le texte d\u2019une page<\/a><\/li>\n<li><a href=\"\/\/www.cmonsite.fr\/site\/aide\/contenu-design-modules\/contenu\/creer-une-page\/\">Cr\u00e9er une page<\/a><\/li>\n<\/ul>\n","protected":false},"excerpt":{"rendered":"<p>Ce module\u00a0vous permet\u00a0de rendre accessible\u00a0via un menu accord\u00e9on des questions et des r\u00e9ponses. Vous pouvez ainsi r\u00e9diger simplement votre propre Foire Aux Questions afin de r\u00e9pondre\u00a0aux questions qui vous sont couramment pos\u00e9es. EX : Comment nous\u00a0contacter ? Nos modes de paiements ? Nos Horaires d&#8217;ouverture ? 1-\u00a0Rendez-vous dans l&#8217;onglet\u00a0&#8220;Modules&#8221; puis cliquez sur\u00a0&#8220;Questions \/ r\u00e9ponses&#8221;\u00a0:\u00a0Foire Aux [&hellip;]<\/p>\n","protected":false},"author":1,"featured_media":17997,"parent":262,"menu_order":35,"comment_status":"closed","ping_status":"closed","template":"","meta":{"_helpful_status":1,"footnotes":""},"class_list":["post-9678","page","type-page","status-publish","has-post-thumbnail","hentry"],"_links":{"self":[{"href":"https:\/\/www.cmonsite.fr\/site\/wp-json\/wp\/v2\/pages\/9678","targetHints":{"allow":["GET"]}}],"collection":[{"href":"https:\/\/www.cmonsite.fr\/site\/wp-json\/wp\/v2\/pages"}],"about":[{"href":"https:\/\/www.cmonsite.fr\/site\/wp-json\/wp\/v2\/types\/page"}],"author":[{"embeddable":true,"href":"https:\/\/www.cmonsite.fr\/site\/wp-json\/wp\/v2\/users\/1"}],"replies":[{"embeddable":true,"href":"https:\/\/www.cmonsite.fr\/site\/wp-json\/wp\/v2\/comments?post=9678"}],"version-history":[{"count":1,"href":"https:\/\/www.cmonsite.fr\/site\/wp-json\/wp\/v2\/pages\/9678\/revisions"}],"predecessor-version":[{"id":21083,"href":"https:\/\/www.cmonsite.fr\/site\/wp-json\/wp\/v2\/pages\/9678\/revisions\/21083"}],"up":[{"embeddable":true,"href":"https:\/\/www.cmonsite.fr\/site\/wp-json\/wp\/v2\/pages\/262"}],"wp:featuredmedia":[{"embeddable":true,"href":"https:\/\/www.cmonsite.fr\/site\/wp-json\/wp\/v2\/media\/17997"}],"wp:attachment":[{"href":"https:\/\/www.cmonsite.fr\/site\/wp-json\/wp\/v2\/media?parent=9678"}],"curies":[{"name":"wp","href":"https:\/\/api.w.org\/{rel}","templated":true}]}}