{"id":9354,"date":"2016-05-19T17:39:40","date_gmt":"2016-05-19T15:39:40","guid":{"rendered":"https:\/\/www.cmonsite.fr\/site\/aide\/?page_id=9354"},"modified":"2023-07-20T11:10:18","modified_gmt":"2023-07-20T09:10:18","slug":"alertes-sms","status":"publish","type":"page","link":"https:\/\/www.cmonsite.fr\/site\/aide\/fonctionnalites\/alertes-sms","title":{"rendered":"Module SMS"},"content":{"rendered":"\t\t<div data-elementor-type=\"wp-page\" data-elementor-id=\"9354\" class=\"elementor elementor-9354\" data-elementor-post-type=\"page\">\n\t\t\t\t\t\t<section class=\"elementor-section elementor-top-section elementor-element elementor-element-7fd07b8e elementor-section-boxed elementor-section-height-default elementor-section-height-default\" data-id=\"7fd07b8e\" data-element_type=\"section\" data-e-type=\"section\">\n\t\t\t\t\t\t<div class=\"elementor-container elementor-column-gap-default\">\n\t\t\t\t\t<div class=\"elementor-column elementor-col-100 elementor-top-column elementor-element elementor-element-30ade6b2\" data-id=\"30ade6b2\" data-element_type=\"column\" data-e-type=\"column\">\n\t\t\t<div class=\"elementor-widget-wrap elementor-element-populated\">\n\t\t\t\t\t\t<div class=\"elementor-element elementor-element-6c18c361 elementor-widget elementor-widget-text-editor\" data-id=\"6c18c361\" data-element_type=\"widget\" data-e-type=\"widget\" data-widget_type=\"text-editor.default\">\n\t\t\t\t<div class=\"elementor-widget-container\">\n\t\t\t\t\t\t\t\t\t<p>Afin de rester toujours inform\u00e9 des diff\u00e9rents \u00e9v\u00e9nements de votre site, recevez des SMS selon les crit\u00e8res de votre choix.<\/p><p>Cliquez ici pour <a href=\"https:\/\/www.cmonsite.fr\/gestion_sms.php\">acc\u00e9der au module Alerte SMS CmonSite<\/a>.<\/p><p><span style=\"color: #000000; font-weight: bold;\">1- Vous devez dans un premier temps renseigner le num\u00e9ro de t\u00e9l\u00e9phone sur lequel vous voulez recevoir vos alertes<\/span><\/p><p><a href=\"https:\/\/www.cmonsite.fr\/creer-un-site\/wp-content\/uploads\/2020\/12\/numero-telephone.jpg\"><img fetchpriority=\"high\" decoding=\"async\" class=\"aligncenter wp-image-14028 size-full\" src=\"https:\/\/www.cmonsite.fr\/site\/webup\/2020\/12\/numero-telephone.jpg\" alt=\"\" width=\"587\" height=\"125\" srcset=\"https:\/\/www.cmonsite.fr\/site\/webup\/2020\/12\/numero-telephone.jpg 587w, https:\/\/www.cmonsite.fr\/site\/webup\/2020\/12\/numero-telephone-300x64.jpg 300w\" sizes=\"(max-width: 587px) 100vw, 587px\" \/><\/a><\/p><h2>2- Vous pouvez alors cocher \/ d\u00e9cocher\u00a0les diff\u00e9rentes\u00a0alertes que vous voulez recevoir :<\/h2><table><tbody><tr><td><ul><li>Message re\u00e7u via votre page de contact<\/li><\/ul><ul><li>Lorsque vous avez une nouvelle inscription sur votre site<\/li><\/ul><ul><li>R\u00e9ception d&#8217;un commentaire sur une photo<\/li><\/ul><ul><li>Commande effectu\u00e9e sur votre boutique<\/li><\/ul><ul><li>Notifier votre client de a cr\u00e9ation de la commande<\/li><li>Lorsque vous avez re\u00e7u un message sur votre livre d&#8217;or<\/li><li>Lorsque vous avez re\u00e7u un message sur vos photos<\/li><\/ul><ul><li>Lorsque vous avez un nouvel abonn\u00e9 \u00e0 votre newsletter<\/li><li>Lorsque votre formule arrive \u00e0 \u00e9ch\u00e9ance<\/li><li>Lorsque votre r\u00e9serve de SMS est bient\u00f4t vide<\/li><li>Validation d&#8217;une r\u00e9servation<\/li><li>Validation d&#8217;une r\u00e9servation, notifier le num\u00e9ro de t\u00e9l\u00e9phone portable renseign\u00e9 sur le calendrier<\/li><li>Validation d&#8217;une r\u00e9servation, notifier votre client<\/li><\/ul><\/td><td><img decoding=\"async\" class=\"alignnone wp-image-14030 size-full\" src=\"https:\/\/www.cmonsite.fr\/site\/webup\/2020\/12\/vos-alertes-sms.jpg\" alt=\"\" width=\"902\" height=\"922\" srcset=\"https:\/\/www.cmonsite.fr\/site\/webup\/2020\/12\/vos-alertes-sms.jpg 902w, https:\/\/www.cmonsite.fr\/site\/webup\/2020\/12\/vos-alertes-sms-293x300.jpg 293w, https:\/\/www.cmonsite.fr\/site\/webup\/2020\/12\/vos-alertes-sms-768x785.jpg 768w\" sizes=\"(max-width: 902px) 100vw, 902px\" \/><img decoding=\"async\" class=\"alignnone wp-image-14027 size-full\" src=\"https:\/\/www.cmonsite.fr\/site\/webup\/2020\/12\/alertes-sms-2.jpg\" alt=\"\" width=\"959\" height=\"767\" srcset=\"https:\/\/www.cmonsite.fr\/site\/webup\/2020\/12\/alertes-sms-2.jpg 959w, https:\/\/www.cmonsite.fr\/site\/webup\/2020\/12\/alertes-sms-2-300x240.jpg 300w, https:\/\/www.cmonsite.fr\/site\/webup\/2020\/12\/alertes-sms-2-768x614.jpg 768w\" sizes=\"(max-width: 959px) 100vw, 959px\" \/><\/td><\/tr><\/tbody><\/table><h2>3- Il ne vous reste plus qu&#8217;\u00e0 charger votre compte SMS en choisissant la quantit\u00e9 que vous d\u00e9sirez<\/h2><p>INFO : Plus la quantit\u00e9 est importante plus le prix est d\u00e9gressif<\/p><p><img loading=\"lazy\" decoding=\"async\" class=\"alignnone wp-image-11313 size-full\" src=\"https:\/\/www.cmonsite.fr\/site\/webup\/2018\/05\/prix-SMS-scaled.jpg\" alt=\"\" width=\"2560\" height=\"1342\" srcset=\"https:\/\/www.cmonsite.fr\/site\/webup\/2018\/05\/prix-SMS-scaled.jpg 2560w, https:\/\/www.cmonsite.fr\/site\/webup\/2018\/05\/prix-SMS-300x157.jpg 300w, https:\/\/www.cmonsite.fr\/site\/webup\/2018\/05\/prix-SMS-1024x537.jpg 1024w, https:\/\/www.cmonsite.fr\/site\/webup\/2018\/05\/prix-SMS-768x403.jpg 768w, https:\/\/www.cmonsite.fr\/site\/webup\/2018\/05\/prix-SMS-1536x805.jpg 1536w, https:\/\/www.cmonsite.fr\/site\/webup\/2018\/05\/prix-SMS-2048x1073.jpg 2048w\" sizes=\"(max-width: 2560px) 100vw, 2560px\" \/><\/p><h2>4- La tarification des SMS par pays<\/h2><p><img loading=\"lazy\" decoding=\"async\" class=\"alignnone wp-image-14029 size-full\" src=\"https:\/\/www.cmonsite.fr\/site\/webup\/2020\/12\/solde-sms.jpg\" alt=\"\" width=\"1211\" height=\"608\" srcset=\"https:\/\/www.cmonsite.fr\/site\/webup\/2020\/12\/solde-sms.jpg 1211w, https:\/\/www.cmonsite.fr\/site\/webup\/2020\/12\/solde-sms-300x151.jpg 300w, https:\/\/www.cmonsite.fr\/site\/webup\/2020\/12\/solde-sms-1024x514.jpg 1024w, https:\/\/www.cmonsite.fr\/site\/webup\/2020\/12\/solde-sms-768x386.jpg 768w\" sizes=\"(max-width: 1211px) 100vw, 1211px\" \/><\/p>\t\t\t\t\t\t\t\t<\/div>\n\t\t\t\t<\/div>\n\t\t\t\t\t<\/div>\n\t\t<\/div>\n\t\t\t\t\t<\/div>\n\t\t<\/section>\n\t\t\t\t<\/div>\n\t\t","protected":false},"excerpt":{"rendered":"<p>Afin de rester toujours inform\u00e9 des diff\u00e9rents \u00e9v\u00e9nements de votre site, recevez des SMS selon les crit\u00e8res de votre choix. Cliquez ici pour acc\u00e9der au module Alerte SMS CmonSite. 1- Vous devez dans un premier temps renseigner le num\u00e9ro de t\u00e9l\u00e9phone sur lequel vous voulez recevoir vos alertes 2- Vous pouvez alors cocher \/ d\u00e9cocher\u00a0les [&hellip;]<\/p>\n","protected":false},"author":1,"featured_media":0,"parent":22995,"menu_order":17,"comment_status":"closed","ping_status":"closed","template":"","meta":{"_helpful_status":1,"footnotes":""},"class_list":["post-9354","page","type-page","status-publish","hentry"],"_links":{"self":[{"href":"https:\/\/www.cmonsite.fr\/site\/wp-json\/wp\/v2\/pages\/9354","targetHints":{"allow":["GET"]}}],"collection":[{"href":"https:\/\/www.cmonsite.fr\/site\/wp-json\/wp\/v2\/pages"}],"about":[{"href":"https:\/\/www.cmonsite.fr\/site\/wp-json\/wp\/v2\/types\/page"}],"author":[{"embeddable":true,"href":"https:\/\/www.cmonsite.fr\/site\/wp-json\/wp\/v2\/users\/1"}],"replies":[{"embeddable":true,"href":"https:\/\/www.cmonsite.fr\/site\/wp-json\/wp\/v2\/comments?post=9354"}],"version-history":[{"count":7,"href":"https:\/\/www.cmonsite.fr\/site\/wp-json\/wp\/v2\/pages\/9354\/revisions"}],"predecessor-version":[{"id":25058,"href":"https:\/\/www.cmonsite.fr\/site\/wp-json\/wp\/v2\/pages\/9354\/revisions\/25058"}],"up":[{"embeddable":true,"href":"https:\/\/www.cmonsite.fr\/site\/wp-json\/wp\/v2\/pages\/22995"}],"wp:attachment":[{"href":"https:\/\/www.cmonsite.fr\/site\/wp-json\/wp\/v2\/media?parent=9354"}],"curies":[{"name":"wp","href":"https:\/\/api.w.org\/{rel}","templated":true}]}}