{"id":9,"date":"2022-08-31T16:17:47","date_gmt":"2022-08-31T14:17:47","guid":{"rendered":"https:\/\/www.cmonsite.fr\/site\/?page_id=9"},"modified":"2023-06-16T17:31:33","modified_gmt":"2023-06-16T15:31:33","slug":"aide","status":"publish","type":"page","link":"https:\/\/www.cmonsite.fr\/site\/aide","title":{"rendered":"Centre d&#8217;aide"},"content":{"rendered":"\t\t<div data-elementor-type=\"wp-page\" data-elementor-id=\"9\" class=\"elementor elementor-9\" data-elementor-post-type=\"page\">\n\t\t\t\t<div class=\"elementor-element elementor-element-406ffa8 e-flex e-con-boxed e-con e-parent\" data-id=\"406ffa8\" data-element_type=\"container\" data-e-type=\"container\" data-settings=\"{&quot;background_background&quot;:&quot;classic&quot;}\">\n\t\t\t\t\t<div class=\"e-con-inner\">\n\t\t<div class=\"elementor-element elementor-element-061f3b0 e-con-full e-flex e-con e-parent\" data-id=\"061f3b0\" data-element_type=\"container\" data-e-type=\"container\" data-settings=\"{&quot;background_background&quot;:&quot;classic&quot;}\">\n\t\t\t\t<div class=\"elementor-element elementor-element-0db7e49 elementor-widget elementor-widget-heading\" data-id=\"0db7e49\" data-element_type=\"widget\" data-e-type=\"widget\" data-widget_type=\"heading.default\">\n\t\t\t\t<div class=\"elementor-widget-container\">\n\t\t\t\t\t<h1 class=\"elementor-heading-title elementor-size-default\">Centre d'aide de Cr\u00e9ation de Site<\/h1>\t\t\t\t<\/div>\n\t\t\t\t<\/div>\n\t\t\t\t<div class=\"elementor-element elementor-element-2114745 elementor-widget__width-initial elementor-widget elementor-widget-text-editor\" data-id=\"2114745\" data-element_type=\"widget\" data-e-type=\"widget\" data-widget_type=\"text-editor.default\">\n\t\t\t\t<div class=\"elementor-widget-container\">\n\t\t\t\t\t\t\t\t\t<p>Bienvenue dans la rubrique d\u2019aide en ligne de CmonSite ! Que vous soyez d\u00e9butant, ou que vous ayez d\u00e9j\u00e0 quelques acquis dans la cr\u00e9ation de site internet, vous trouverez ici toutes les explications d\u00e9taill\u00e9es sur l\u2019utilisation de CmonSite, et des tas d\u2019astuces pour vous aider \u00e0 rendre votre site le plus professionnel possible et optimiser son r\u00e9f\u00e9rencement au maximum !<\/p>\t\t\t\t\t\t\t\t<\/div>\n\t\t\t\t<\/div>\n\t\t<div class=\"elementor-element elementor-element-512686f e-flex e-con-boxed e-con e-parent\" data-id=\"512686f\" data-element_type=\"container\" data-e-type=\"container\">\n\t\t\t\t\t<div class=\"e-con-inner\">\n\t\t\t\t<div class=\"elementor-element elementor-element-185e5cd elementor-widget elementor-widget-text-editor\" data-id=\"185e5cd\" data-element_type=\"widget\" data-e-type=\"widget\" data-widget_type=\"text-editor.default\">\n\t\t\t\t<div class=\"elementor-widget-container\">\n\t\t\t\t\t\t\t\t\t<p>Rechercher dans nos rubriques :<\/p>\t\t\t\t\t\t\t\t<\/div>\n\t\t\t\t<\/div>\n\t\t\t\t<div class=\"elementor-element elementor-element-f228077 elementor-widget-tablet__width-initial elementor-search-form--skin-classic elementor-search-form--button-type-icon elementor-search-form--icon-search elementor-widget elementor-widget-search-form\" data-id=\"f228077\" data-element_type=\"widget\" data-e-type=\"widget\" data-settings=\"{&quot;skin&quot;:&quot;classic&quot;}\" data-widget_type=\"search-form.default\">\n\t\t\t\t<div class=\"elementor-widget-container\">\n\t\t\t\t\t\t\t<search role=\"search\">\n\t\t\t<form class=\"elementor-search-form\" action=\"https:\/\/www.cmonsite.fr\/site\" method=\"get\">\n\t\t\t\t\t\t\t\t\t\t\t\t<div class=\"elementor-search-form__container\">\n\t\t\t\t\t<label class=\"elementor-screen-only\" for=\"elementor-search-form-f228077\">Rechercher <\/label>\n\n\t\t\t\t\t\n\t\t\t\t\t<input id=\"elementor-search-form-f228077\" placeholder=\"ex. : fiche produit ...\" class=\"elementor-search-form__input\" type=\"search\" name=\"s\" value=\"\">\n\t\t\t\t\t\n\t\t\t\t\t\t\t\t\t\t\t<button class=\"elementor-search-form__submit\" type=\"submit\" aria-label=\"Rechercher \">\n\t\t\t\t\t\t\t\t\t\t\t\t\t\t\t<i aria-hidden=\"true\" class=\"fas fa-search\"><\/i>\t\t\t\t\t\t\t\t\t\t\t\t\t<\/button>\n\t\t\t\t\t\n\t\t\t\t\t\t\t\t\t<\/div>\n\t\t\t<\/form>\n\t\t<\/search>\n\t\t\t\t\t\t<\/div>\n\t\t\t\t<\/div>\n\t\t\t\t\t<\/div>\n\t\t\t\t<\/div>\n\t\t\t\t<\/div>\n\t\t\t\t<div class=\"elementor-element elementor-element-20b18ae elementor-widget elementor-widget-shortcode\" data-id=\"20b18ae\" data-element_type=\"widget\" data-e-type=\"widget\" data-widget_type=\"shortcode.default\">\n\t\t\t\t<div class=\"elementor-widget-container\">\n\t\t\t\t\t\t\t<div class=\"elementor-shortcode\"><div class=\"menu-faq__head\"><button class=\"btn-menu-faq-close\">\n        <i aria-hidden=\"true\" role=\"presentation\" class=\"eicon-close\"><\/i>\n    <\/button><\/div><div class=\"ccchildpages  simple ccclearfix\"><div class=\"ccchildpage  ccodd ccpage-count-1 ccpage-id-743 ccpage-bien-commencer ccpage-has-parent ccpage-pid-9 ccpage-parent-aide\"><div class=\"ccpage_title_link\"><a href=\"https:\/\/www.cmonsite.fr\/site\/aide\/bien-commencer\"><div class=\"ccpage_title ccpage_linked_title\" title=\"Pour bien commencer\"><a class=\"ccpage_title_link\" href=\"https:\/\/www.cmonsite.fr\/site\/aide\/bien-commencer\" title=\"Pour bien commencer\">Pour bien commencer<\/a><\/div><\/a><\/div><\/div><div class=\"ccchildpage  cceven ccpage-count-2 ccpage-id-24672 ccpage-nom-de-domaine-et-adresse-e-mail ccpage-has-parent ccpage-pid-9 ccpage-parent-aide\"><div class=\"ccpage_title_link\"><a href=\"https:\/\/www.cmonsite.fr\/site\/aide\/nom-de-domaine-et-adresse-e-mail\"><div class=\"ccpage_title ccpage_linked_title\" title=\"Nom de domaine et e-mail\"><a class=\"ccpage_title_link\" href=\"https:\/\/www.cmonsite.fr\/site\/aide\/nom-de-domaine-et-adresse-e-mail\" title=\"Nom de domaine et e-mail\">Nom de domaine et e-mail<\/a><\/div><\/a><\/div><\/div><div class=\"ccchildpage  ccodd ccpage-count-3 ccpage-id-24734 ccpage-menu-et-pages ccpage-has-parent ccpage-pid-9 ccpage-parent-aide\"><div class=\"ccpage_title_link\"><a href=\"https:\/\/www.cmonsite.fr\/site\/aide\/menu-et-pages\"><div class=\"ccpage_title ccpage_linked_title\" title=\"Menu et pages\"><a class=\"ccpage_title_link\" href=\"https:\/\/www.cmonsite.fr\/site\/aide\/menu-et-pages\" title=\"Menu et pages\">Menu et pages<\/a><\/div><\/a><\/div><\/div><div class=\"ccchildpage  cceven ccpage-count-4 ccpage-id-262 ccpage-design ccpage-has-parent ccpage-pid-9 ccpage-parent-aide\"><div class=\"ccpage_title_link\"><a href=\"https:\/\/www.cmonsite.fr\/site\/aide\/design\"><div class=\"ccpage_title ccpage_linked_title\" title=\"Design et contenu\"><a class=\"ccpage_title_link\" href=\"https:\/\/www.cmonsite.fr\/site\/aide\/design\" title=\"Design et contenu\">Design et contenu<\/a><\/div><\/a><\/div><\/div><div class=\"ccchildpage  ccodd ccpage-count-5 ccpage-id-22995 ccpage-fonctionnalites ccpage-has-parent ccpage-pid-9 ccpage-parent-aide\"><div class=\"ccpage_title_link\"><a href=\"https:\/\/www.cmonsite.fr\/site\/aide\/fonctionnalites\"><div class=\"ccpage_title ccpage_linked_title\" title=\"Fonctionnalit\u00e9s\"><a class=\"ccpage_title_link\" href=\"https:\/\/www.cmonsite.fr\/site\/aide\/fonctionnalites\" title=\"Fonctionnalit\u00e9s\">Fonctionnalit\u00e9s<\/a><\/div><\/a><\/div><\/div><div class=\"ccchildpage  cceven ccpage-count-6 ccpage-id-24664 ccpage-reseaux-sociaux ccpage-has-parent ccpage-pid-9 ccpage-parent-aide\"><div class=\"ccpage_title_link\"><a href=\"https:\/\/www.cmonsite.fr\/site\/aide\/reseaux-sociaux\"><div class=\"ccpage_title ccpage_linked_title\" title=\"R\u00e9seaux sociaux\"><a class=\"ccpage_title_link\" href=\"https:\/\/www.cmonsite.fr\/site\/aide\/reseaux-sociaux\" title=\"R\u00e9seaux sociaux\">R\u00e9seaux sociaux<\/a><\/div><\/a><\/div><\/div><div class=\"ccchildpage  ccodd ccpage-count-7 ccpage-id-280 ccpage-referencement ccpage-has-parent ccpage-pid-9 ccpage-parent-aide\"><div class=\"ccpage_title_link\"><a href=\"https:\/\/www.cmonsite.fr\/site\/aide\/referencement\"><div class=\"ccpage_title ccpage_linked_title\" title=\"R\u00e9f\u00e9rencement\"><a class=\"ccpage_title_link\" href=\"https:\/\/www.cmonsite.fr\/site\/aide\/referencement\" title=\"R\u00e9f\u00e9rencement\">R\u00e9f\u00e9rencement<\/a><\/div><\/a><\/div><\/div><div class=\"ccchildpage  cceven ccpage-count-8 ccpage-id-24678 ccpage-informations-legales ccpage-has-parent ccpage-pid-9 ccpage-parent-aide\"><div class=\"ccpage_title_link\"><a href=\"https:\/\/www.cmonsite.fr\/site\/aide\/informations-legales\"><div class=\"ccpage_title ccpage_linked_title\" title=\"Informations l\u00e9gales\"><a class=\"ccpage_title_link\" href=\"https:\/\/www.cmonsite.fr\/site\/aide\/informations-legales\" title=\"Informations l\u00e9gales\">Informations l\u00e9gales<\/a><\/div><\/a><\/div><\/div><div class=\"ccchildpage  ccodd ccpage-count-9 ccpage-id-24736 ccpage-gestion-des-produits ccpage-has-parent ccpage-pid-9 ccpage-parent-aide\"><div class=\"ccpage_title_link\"><a href=\"https:\/\/www.cmonsite.fr\/site\/aide\/gestion-des-produits\"><div class=\"ccpage_title ccpage_linked_title\" title=\"Gestion des produits\"><a class=\"ccpage_title_link\" href=\"https:\/\/www.cmonsite.fr\/site\/aide\/gestion-des-produits\" title=\"Gestion des produits\">Gestion des produits<\/a><\/div><\/a><\/div><\/div><div class=\"ccchildpage  cceven ccpage-count-10 ccpage-id-24723 ccpage-reservation ccpage-has-parent ccpage-pid-9 ccpage-parent-aide\"><div class=\"ccpage_title_link\"><a href=\"https:\/\/www.cmonsite.fr\/site\/aide\/reservation\"><div class=\"ccpage_title ccpage_linked_title\" title=\"R\u00e9servation\"><a class=\"ccpage_title_link\" href=\"https:\/\/www.cmonsite.fr\/site\/aide\/reservation\" title=\"R\u00e9servation\">R\u00e9servation<\/a><\/div><\/a><\/div><\/div><div class=\"ccchildpage  ccodd ccpage-count-11 ccpage-id-22986 ccpage-configuration-de-la-boutique ccpage-has-parent ccpage-pid-9 ccpage-parent-aide\"><div class=\"ccpage_title_link\"><a href=\"https:\/\/www.cmonsite.fr\/site\/aide\/configuration-de-la-boutique\"><div class=\"ccpage_title ccpage_linked_title\" title=\"Configuration de la Boutique\"><a class=\"ccpage_title_link\" href=\"https:\/\/www.cmonsite.fr\/site\/aide\/configuration-de-la-boutique\" title=\"Configuration de la Boutique\">Configuration de la Boutique<\/a><\/div><\/a><\/div><\/div><div class=\"ccchildpage  cceven ccpage-count-12 ccpage-id-22983 ccpage-moyens-de-paiement ccpage-has-parent ccpage-pid-9 ccpage-parent-aide\"><div class=\"ccpage_title_link\"><a href=\"https:\/\/www.cmonsite.fr\/site\/aide\/moyens-de-paiement\"><div class=\"ccpage_title ccpage_linked_title\" title=\"Moyens de paiement\"><a class=\"ccpage_title_link\" href=\"https:\/\/www.cmonsite.fr\/site\/aide\/moyens-de-paiement\" title=\"Moyens de paiement\">Moyens de paiement<\/a><\/div><\/a><\/div><\/div><div class=\"ccchildpage  ccodd ccpage-count-13 ccpage-id-22990 ccpage-transporteurs-et-frais-de-port ccpage-has-parent ccpage-pid-9 ccpage-parent-aide\"><div class=\"ccpage_title_link\"><a href=\"https:\/\/www.cmonsite.fr\/site\/aide\/transporteurs-et-frais-de-port\"><div class=\"ccpage_title ccpage_linked_title\" title=\"Transporteurs et frais de port\"><a class=\"ccpage_title_link\" href=\"https:\/\/www.cmonsite.fr\/site\/aide\/transporteurs-et-frais-de-port\" title=\"Transporteurs et frais de port\">Transporteurs et frais de port<\/a><\/div><\/a><\/div><\/div><div class=\"ccchildpage  cceven ccpage-count-14 ccpage-id-24725 ccpage-gestion-des-clients ccpage-has-parent ccpage-pid-9 ccpage-parent-aide\"><div class=\"ccpage_title_link\"><a href=\"https:\/\/www.cmonsite.fr\/site\/aide\/gestion-des-clients\"><div class=\"ccpage_title ccpage_linked_title\" title=\"Gestion des clients\"><a class=\"ccpage_title_link\" href=\"https:\/\/www.cmonsite.fr\/site\/aide\/gestion-des-clients\" title=\"Gestion des clients\">Gestion des clients<\/a><\/div><\/a><\/div><\/div><div class=\"ccchildpage  ccodd ccpage-count-15 ccpage-id-22993 ccpage-ventes-et-commandes ccpage-has-parent ccpage-pid-9 ccpage-parent-aide\"><div class=\"ccpage_title_link\"><a href=\"https:\/\/www.cmonsite.fr\/site\/aide\/ventes-et-commandes\"><div class=\"ccpage_title ccpage_linked_title\" title=\"Ventes et commandes\"><a class=\"ccpage_title_link\" href=\"https:\/\/www.cmonsite.fr\/site\/aide\/ventes-et-commandes\" title=\"Ventes et commandes\">Ventes et commandes<\/a><\/div><\/a><\/div><\/div><div class=\"ccchildpage  cceven ccpage-count-16 ccpage-id-24669 ccpage-import-et-export-de-donnees ccpage-has-parent ccpage-pid-9 ccpage-parent-aide\"><div class=\"ccpage_title_link\"><a href=\"https:\/\/www.cmonsite.fr\/site\/aide\/import-et-export-de-donnees\"><div class=\"ccpage_title ccpage_linked_title\" title=\"Import et Export de donn\u00e9es\"><a class=\"ccpage_title_link\" href=\"https:\/\/www.cmonsite.fr\/site\/aide\/import-et-export-de-donnees\" title=\"Import et Export de donn\u00e9es\">Import et Export de donn\u00e9es<\/a><\/div><\/a><\/div><\/div><div class=\"ccchildpage  ccodd ccpage-count-17 ccpage-id-2920 ccpage-astuces-informations ccpage-has-parent ccpage-pid-9 ccpage-parent-aide\"><div class=\"ccpage_title_link\"><a href=\"https:\/\/www.cmonsite.fr\/site\/aide\/astuces-informations\"><div class=\"ccpage_title ccpage_linked_title\" title=\"Astuces &#038; Informations\"><a class=\"ccpage_title_link\" href=\"https:\/\/www.cmonsite.fr\/site\/aide\/astuces-informations\" title=\"Astuces &#038; Informations\">Astuces &#038; Informations<\/a><\/div><\/a><\/div><\/div><div class=\"ccchildpage  cceven ccpage-count-18 ccpage-id-720 ccpage-assistance-cmonsite ccpage-has-parent ccpage-pid-9 ccpage-parent-aide\"><div class=\"ccpage_title_link\"><a href=\"https:\/\/www.cmonsite.fr\/site\/aide\/assistance-cmonsite\"><div class=\"ccpage_title ccpage_linked_title\" title=\"Assistance CmonSite\"><a class=\"ccpage_title_link\" href=\"https:\/\/www.cmonsite.fr\/site\/aide\/assistance-cmonsite\" title=\"Assistance CmonSite\">Assistance CmonSite<\/a><\/div><\/a><\/div><\/div><div class=\"ccchildpage  ccodd ccpage-count-19 ccpage-id-22124 ccpage-videos ccpage-has-parent ccpage-pid-9 ccpage-parent-aide\"><div class=\"ccpage_title_link\"><a href=\"https:\/\/www.cmonsite.fr\/site\/aide\/videos\"><div class=\"ccpage_title ccpage_linked_title\" title=\"Vid\u00e9os\"><a class=\"ccpage_title_link\" href=\"https:\/\/www.cmonsite.fr\/site\/aide\/videos\" title=\"Vid\u00e9os\">Vid\u00e9os<\/a><\/div><\/a><\/div><\/div><\/div> <\/div>\n\t\t\t\t\t\t<\/div>\n\t\t\t\t<\/div>\n\t\t\t\t\t<\/div>\n\t\t\t\t<\/div>\n\t\t\t\t<\/div>\n\t\t","protected":false},"excerpt":{"rendered":"<p>Centre d&#8217;aide de Cr\u00e9ation de Site Bienvenue dans la rubrique d\u2019aide en ligne de CmonSite ! Que vous soyez d\u00e9butant, ou que vous ayez d\u00e9j\u00e0 quelques acquis dans la cr\u00e9ation de site internet, vous trouverez ici toutes les explications d\u00e9taill\u00e9es sur l\u2019utilisation de CmonSite, et des tas d\u2019astuces pour vous aider \u00e0 rendre votre site [&hellip;]<\/p>\n","protected":false},"author":1,"featured_media":0,"parent":0,"menu_order":1,"comment_status":"closed","ping_status":"closed","template":"","meta":{"_helpful_status":1,"footnotes":""},"class_list":["post-9","page","type-page","status-publish","hentry"],"_links":{"self":[{"href":"https:\/\/www.cmonsite.fr\/site\/wp-json\/wp\/v2\/pages\/9","targetHints":{"allow":["GET"]}}],"collection":[{"href":"https:\/\/www.cmonsite.fr\/site\/wp-json\/wp\/v2\/pages"}],"about":[{"href":"https:\/\/www.cmonsite.fr\/site\/wp-json\/wp\/v2\/types\/page"}],"author":[{"embeddable":true,"href":"https:\/\/www.cmonsite.fr\/site\/wp-json\/wp\/v2\/users\/1"}],"replies":[{"embeddable":true,"href":"https:\/\/www.cmonsite.fr\/site\/wp-json\/wp\/v2\/comments?post=9"}],"version-history":[{"count":83,"href":"https:\/\/www.cmonsite.fr\/site\/wp-json\/wp\/v2\/pages\/9\/revisions"}],"predecessor-version":[{"id":24705,"href":"https:\/\/www.cmonsite.fr\/site\/wp-json\/wp\/v2\/pages\/9\/revisions\/24705"}],"wp:attachment":[{"href":"https:\/\/www.cmonsite.fr\/site\/wp-json\/wp\/v2\/media?parent=9"}],"curies":[{"name":"wp","href":"https:\/\/api.w.org\/{rel}","templated":true}]}}