{"id":8943,"date":"2015-11-05T16:14:54","date_gmt":"2015-11-05T15:14:54","guid":{"rendered":"https:\/\/www.cmonsite.fr\/site\/aide\/?page_id=8943"},"modified":"2023-07-20T11:51:03","modified_gmt":"2023-07-20T09:51:03","slug":"ajouter-video-dailymotion","status":"publish","type":"page","link":"https:\/\/www.cmonsite.fr\/site\/aide\/design\/ajouter-video-dailymotion","title":{"rendered":"Ajouter une vid\u00e9o DAILYMOTION"},"content":{"rendered":"\t\t<div data-elementor-type=\"wp-page\" data-elementor-id=\"8943\" class=\"elementor elementor-8943\" data-elementor-post-type=\"page\">\n\t\t\t\t\t\t<section class=\"elementor-section elementor-top-section elementor-element elementor-element-6c2b44d4 elementor-section-boxed elementor-section-height-default elementor-section-height-default\" data-id=\"6c2b44d4\" data-element_type=\"section\" data-e-type=\"section\">\n\t\t\t\t\t\t<div class=\"elementor-container elementor-column-gap-default\">\n\t\t\t\t\t<div class=\"elementor-column elementor-col-100 elementor-top-column elementor-element elementor-element-302adbb0\" data-id=\"302adbb0\" data-element_type=\"column\" data-e-type=\"column\">\n\t\t\t<div class=\"elementor-widget-wrap elementor-element-populated\">\n\t\t\t\t\t\t<div class=\"elementor-element elementor-element-4dd13871 elementor-widget elementor-widget-text-editor\" data-id=\"4dd13871\" data-element_type=\"widget\" data-e-type=\"widget\" data-widget_type=\"text-editor.default\">\n\t\t\t\t<div class=\"elementor-widget-container\">\n\t\t\t\t\t\t\t\t\t<em><strong>Dailymotion\u00a0<\/strong><\/em>est un service du groupe Orange\u00a0(d\u00e9nomm\u00e9\u00a0France T\u00e9l\u00e9com avant\u00a0le 1 juillet 2013).\r\n\r\nH\u00e9berger ses vid\u00e9os\u00a0sur Dailymotion\u00a0permet \u00e9galement de g\u00e9n\u00e9rer du trafic pour votre site.\r\nPour cela, pensez \u00e0 renseigner l\u2019url (l\u2019adresse) de votre site dans la description courte de vos vid\u00e9os\r\n<h2><\/h2>\r\n<h2>Pour les vid\u00e9os Dailymotion\u00a0:<\/h2>\r\nComme pour les vid\u00e9os YouTube, Twitch, Vimeo ou Canal +, la mani\u00e8re la plus simple d&#8217;int\u00e9grer une vid\u00e9o dans une de vos pages est d&#8217;utiliser le module de <strong><em>Vid\u00e9o iFrame<\/em><\/strong> de l&#8217;Editeur CmonSite\r\n\r\nPour ce faire, rendez-vous sur la page vis\u00e9e et \u00e9ditez-la avec l&#8217;<strong><em>Editeur CmonSite<\/em><\/strong>.\r\nParmi les \u00e9l\u00e9ments de contenu pr\u00e9sents sur la gauche de l&#8217;\u00e9diteur, vous trouverez le module de <strong><em>Vid\u00e9o iFrame<\/em><\/strong> dans la section \u00ab<strong><em>M\u00e9dia<\/em><\/strong>\u00bb.\r\nTout comme les autres \u00e9l\u00e9ments, vous pouvez l&#8217;ajouter et le placer dans votre page \u00e0 la mani\u00e8re d&#8217;un cliquer-d\u00e9poser.\r\n\r\n<a href=\"https:\/\/www.cmonsite.fr\/creer-un-site\/wp-content\/uploads\/2021\/01\/video-iframe.jpg\"><img decoding=\"async\" class=\"size-full wp-image-14663 aligncenter\" src=\"https:\/\/www.cmonsite.fr\/creer-un-site\/wp-content\/uploads\/2021\/01\/video-iframe.jpg\" alt=\"\" width=\"83\" height=\"86\" \/><\/a>\r\n\r\nUne fois l&#8217;\u00e9l\u00e9ment ajout\u00e9, vous pourrez simplement coller le lien de la vid\u00e9o Dailymotion dans le champ \u00ab<strong><em>URL de la vid\u00e9o<\/em><\/strong>\u00bb.\r\nR\u00e9glez aussi les dimensions d&#8217;affichage de la vid\u00e9o sur votre page dans les champs \u00ab<strong><em>Largeur en pixel<\/em><\/strong>\u00bb et \u00ab<strong><em>Hauteur en pixel<\/em><\/strong>\u00bb\r\n\r\n<a href=\"https:\/\/www.cmonsite.fr\/creer-un-site\/wp-content\/uploads\/2021\/01\/lien.jpg\"><img fetchpriority=\"high\" decoding=\"async\" class=\"size-full wp-image-14662 aligncenter\" src=\"https:\/\/www.cmonsite.fr\/creer-un-site\/wp-content\/uploads\/2021\/01\/lien.jpg\" alt=\"\" width=\"260\" height=\"307\" srcset=\"https:\/\/www.cmonsite.fr\/site\/webup\/2021\/01\/lien.jpg 260w, https:\/\/www.cmonsite.fr\/site\/webup\/2021\/01\/lien-254x300.jpg 254w\" sizes=\"(max-width: 260px) 100vw, 260px\" \/><\/a>\r\n\r\nDu c\u00f4t\u00e9 visiteur, il sera possible de lancer la vid\u00e9o directement depuis votre page !\r\nVoici un exemple d&#8217;affichage de votre vid\u00e9o :\r\n\r\n<a href=\"https:\/\/www.cmonsite.fr\/creer-un-site\/wp-content\/uploads\/2021\/01\/vue-visiteur.jpg\"><img decoding=\"async\" class=\"size-full wp-image-14664 aligncenter\" src=\"https:\/\/www.cmonsite.fr\/creer-un-site\/wp-content\/uploads\/2021\/01\/vue-visiteur.jpg\" alt=\"\" width=\"586\" height=\"340\" srcset=\"https:\/\/www.cmonsite.fr\/site\/webup\/2021\/01\/vue-visiteur.jpg 586w, https:\/\/www.cmonsite.fr\/site\/webup\/2021\/01\/vue-visiteur-300x174.jpg 300w\" sizes=\"(max-width: 586px) 100vw, 586px\" \/><\/a>\r\n\r\n<hr \/>\r\n<p style=\"text-align: center;\"><span style=\"font-size: x-large;\">F\u00e9licitations ! <\/span><\/p>\r\n<p style=\"text-align: center;\"><span style=\"font-size: x-large;\">Vous avez r\u00e9ussi \u00e0 int\u00e9grer une\u00a0vid\u00e9o\u00a0Dailymotion sur\u00a0votre site !<\/span><\/p>\r\n\r\n\r\n<hr \/>\r\n\r\n&nbsp;\t\t\t\t\t\t\t\t<\/div>\n\t\t\t\t<\/div>\n\t\t\t\t<div class=\"elementor-element elementor-element-bd7df05 elementor-widget elementor-widget-spacer\" data-id=\"bd7df05\" data-element_type=\"widget\" data-e-type=\"widget\" data-widget_type=\"spacer.default\">\n\t\t\t\t<div class=\"elementor-widget-container\">\n\t\t\t\t\t\t\t<div class=\"elementor-spacer\">\n\t\t\t<div class=\"elementor-spacer-inner\"><\/div>\n\t\t<\/div>\n\t\t\t\t\t\t<\/div>\n\t\t\t\t<\/div>\n\t\t\t\t<div class=\"elementor-element elementor-element-96cbf9c elementor-widget-divider--view-line elementor-widget elementor-widget-divider\" data-id=\"96cbf9c\" data-element_type=\"widget\" data-e-type=\"widget\" data-widget_type=\"divider.default\">\n\t\t\t\t<div class=\"elementor-widget-container\">\n\t\t\t\t\t\t\t<div class=\"elementor-divider\">\n\t\t\t<span class=\"elementor-divider-separator\">\n\t\t\t\t\t\t<\/span>\n\t\t<\/div>\n\t\t\t\t\t\t<\/div>\n\t\t\t\t<\/div>\n\t\t\t\t\t<\/div>\n\t\t<\/div>\n\t\t\t\t\t<\/div>\n\t\t<\/section>\n\t\t\t\t<section class=\"elementor-section elementor-top-section elementor-element elementor-element-2fa2b6a elementor-section-boxed elementor-section-height-default elementor-section-height-default\" data-id=\"2fa2b6a\" data-element_type=\"section\" data-e-type=\"section\">\n\t\t\t\t\t\t<div class=\"elementor-container elementor-column-gap-default\">\n\t\t\t\t\t<div class=\"elementor-column elementor-col-100 elementor-top-column elementor-element elementor-element-eb88c94\" data-id=\"eb88c94\" data-element_type=\"column\" data-e-type=\"column\">\n\t\t\t<div class=\"elementor-widget-wrap elementor-element-populated\">\n\t\t\t\t\t\t<div class=\"elementor-element elementor-element-98f176b elementor-widget elementor-widget-heading\" data-id=\"98f176b\" data-element_type=\"widget\" data-e-type=\"widget\" data-widget_type=\"heading.default\">\n\t\t\t\t<div class=\"elementor-widget-container\">\n\t\t\t\t\t<h2 class=\"elementor-heading-title elementor-size-default\">D\u00e9couvrez en plus sur l'ajout de vid\u00e9os sur votre site depuis l'\u00e9diteur CmonSite<\/h2>\t\t\t\t<\/div>\n\t\t\t\t<\/div>\n\t\t\t\t\t<\/div>\n\t\t<\/div>\n\t\t\t\t\t<\/div>\n\t\t<\/section>\n\t\t\t\t<section class=\"elementor-section elementor-top-section elementor-element elementor-element-5eee508 elementor-section-boxed elementor-section-height-default elementor-section-height-default\" data-id=\"5eee508\" data-element_type=\"section\" data-e-type=\"section\">\n\t\t\t\t\t\t<div class=\"elementor-container elementor-column-gap-default\">\n\t\t\t\t\t<div class=\"elementor-column elementor-col-100 elementor-top-column elementor-element elementor-element-4086b65\" data-id=\"4086b65\" data-element_type=\"column\" data-e-type=\"column\">\n\t\t\t<div class=\"elementor-widget-wrap elementor-element-populated\">\n\t\t\t\t\t\t<div class=\"elementor-element elementor-element-417482b elementor-widget elementor-widget-image\" data-id=\"417482b\" data-element_type=\"widget\" data-e-type=\"widget\" data-widget_type=\"image.default\">\n\t\t\t\t<div class=\"elementor-widget-container\">\n\t\t\t\t\t\t\t\t\t\t\t\t\t\t\t<img loading=\"lazy\" decoding=\"async\" width=\"1877\" height=\"602\" src=\"https:\/\/www.cmonsite.fr\/site\/webup\/2021\/08\/gif-video-inserer.gif\" class=\"attachment-full size-full wp-image-17771\" alt=\"\" \/>\t\t\t\t\t\t\t\t\t\t\t\t\t\t\t<\/div>\n\t\t\t\t<\/div>\n\t\t\t\t<div class=\"elementor-element elementor-element-3bb2771 elementor-widget elementor-widget-spacer\" data-id=\"3bb2771\" data-element_type=\"widget\" data-e-type=\"widget\" data-widget_type=\"spacer.default\">\n\t\t\t\t<div class=\"elementor-widget-container\">\n\t\t\t\t\t\t\t<div class=\"elementor-spacer\">\n\t\t\t<div class=\"elementor-spacer-inner\"><\/div>\n\t\t<\/div>\n\t\t\t\t\t\t<\/div>\n\t\t\t\t<\/div>\n\t\t\t\t<div class=\"elementor-element elementor-element-5b55c75 elementor-widget-divider--view-line elementor-widget elementor-widget-divider\" data-id=\"5b55c75\" data-element_type=\"widget\" data-e-type=\"widget\" data-widget_type=\"divider.default\">\n\t\t\t\t<div class=\"elementor-widget-container\">\n\t\t\t\t\t\t\t<div class=\"elementor-divider\">\n\t\t\t<span class=\"elementor-divider-separator\">\n\t\t\t\t\t\t<\/span>\n\t\t<\/div>\n\t\t\t\t\t\t<\/div>\n\t\t\t\t<\/div>\n\t\t\t\t\t<\/div>\n\t\t<\/div>\n\t\t\t\t\t<\/div>\n\t\t<\/section>\n\t\t\t\t<\/div>\n\t\t","protected":false},"excerpt":{"rendered":"<p>Dailymotion\u00a0est un service du groupe Orange\u00a0(d\u00e9nomm\u00e9\u00a0France T\u00e9l\u00e9com avant\u00a0le 1 juillet 2013). H\u00e9berger ses vid\u00e9os\u00a0sur Dailymotion\u00a0permet \u00e9galement de g\u00e9n\u00e9rer du trafic pour votre site. Pour cela, pensez \u00e0 renseigner l\u2019url (l\u2019adresse) de votre site dans la description courte de vos vid\u00e9os Pour les vid\u00e9os Dailymotion\u00a0: Comme pour les vid\u00e9os YouTube, Twitch, Vimeo ou Canal +, la [&hellip;]<\/p>\n","protected":false},"author":1,"featured_media":18577,"parent":262,"menu_order":23,"comment_status":"closed","ping_status":"closed","template":"","meta":{"_helpful_status":1,"footnotes":""},"class_list":["post-8943","page","type-page","status-publish","has-post-thumbnail","hentry"],"_links":{"self":[{"href":"https:\/\/www.cmonsite.fr\/site\/wp-json\/wp\/v2\/pages\/8943","targetHints":{"allow":["GET"]}}],"collection":[{"href":"https:\/\/www.cmonsite.fr\/site\/wp-json\/wp\/v2\/pages"}],"about":[{"href":"https:\/\/www.cmonsite.fr\/site\/wp-json\/wp\/v2\/types\/page"}],"author":[{"embeddable":true,"href":"https:\/\/www.cmonsite.fr\/site\/wp-json\/wp\/v2\/users\/1"}],"replies":[{"embeddable":true,"href":"https:\/\/www.cmonsite.fr\/site\/wp-json\/wp\/v2\/comments?post=8943"}],"version-history":[{"count":4,"href":"https:\/\/www.cmonsite.fr\/site\/wp-json\/wp\/v2\/pages\/8943\/revisions"}],"predecessor-version":[{"id":25216,"href":"https:\/\/www.cmonsite.fr\/site\/wp-json\/wp\/v2\/pages\/8943\/revisions\/25216"}],"up":[{"embeddable":true,"href":"https:\/\/www.cmonsite.fr\/site\/wp-json\/wp\/v2\/pages\/262"}],"wp:featuredmedia":[{"embeddable":true,"href":"https:\/\/www.cmonsite.fr\/site\/wp-json\/wp\/v2\/media\/18577"}],"wp:attachment":[{"href":"https:\/\/www.cmonsite.fr\/site\/wp-json\/wp\/v2\/media?parent=8943"}],"curies":[{"name":"wp","href":"https:\/\/api.w.org\/{rel}","templated":true}]}}