{"id":8934,"date":"2015-11-05T15:59:46","date_gmt":"2015-11-05T14:59:46","guid":{"rendered":"https:\/\/www.cmonsite.fr\/site\/aide\/?page_id=8934"},"modified":"2023-07-20T11:50:48","modified_gmt":"2023-07-20T09:50:48","slug":"ajouter-video-youtube","status":"publish","type":"page","link":"https:\/\/www.cmonsite.fr\/site\/aide\/design\/ajouter-video-youtube","title":{"rendered":"Ajouter une vid\u00e9o sur son site depuis YOUTUBE"},"content":{"rendered":"\t\t<div data-elementor-type=\"wp-page\" data-elementor-id=\"8934\" class=\"elementor elementor-8934\" data-elementor-post-type=\"page\">\n\t\t\t\t\t\t<section class=\"elementor-section elementor-top-section elementor-element elementor-element-3ab21661 elementor-section-boxed elementor-section-height-default elementor-section-height-default\" data-id=\"3ab21661\" data-element_type=\"section\" data-e-type=\"section\">\n\t\t\t\t\t\t<div class=\"elementor-container elementor-column-gap-default\">\n\t\t\t\t\t<div class=\"elementor-column elementor-col-100 elementor-top-column elementor-element elementor-element-876fc25\" data-id=\"876fc25\" data-element_type=\"column\" data-e-type=\"column\">\n\t\t\t<div class=\"elementor-widget-wrap elementor-element-populated\">\n\t\t\t\t\t\t<div class=\"elementor-element elementor-element-63218f83 elementor-widget elementor-widget-text-editor\" data-id=\"63218f83\" data-element_type=\"widget\" data-e-type=\"widget\" data-widget_type=\"text-editor.default\">\n\t\t\t\t<div class=\"elementor-widget-container\">\n\t\t\t\t\t\t\t\t\tYouTube est la plateforme d\u2019h\u00e9bergement de vid\u00e9os par excellence.\nH\u00e9berger vos vid\u00e9os sur YouTube permet un chargement rapide de vos vid\u00e9os sur votre site.\nPour ins\u00e9rer une vid\u00e9o, rien de plus simple\u00a0!\n\nRendez-vous sur YouTube <a href=\"https:\/\/www.youtube.com\/\" target=\"_blank\" rel=\"noopener noreferrer\">https:\/\/www.youtube.com <\/a>et suivez les \u00e9tapes suivantes :\n<h2>1. Importez une vid\u00e9o sur YouTube<\/h2>\nCliquez sur l&#8217;ic\u00f4ne de cam\u00e9ra en haut \u00e0 droite de la page puis sur &#8220;Mettre en ligne une vid\u00e9o&#8221;\n\n<a href=\"\/site\/webup\/2020\/06\/bouton_creer2.jpg\"><img decoding=\"async\" class=\"aligncenter size-full wp-image-13124\" src=\"\/site\/webup\/2020\/06\/bouton_creer2.jpg\" alt=\"\" width=\"230\" height=\"60\" \/><\/a><a href=\"\/site\/webup\/2020\/06\/bouton_creer.jpg\"><img decoding=\"async\" class=\"aligncenter size-full wp-image-13125\" src=\"\/site\/webup\/2020\/06\/bouton_creer.jpg\" alt=\"\" width=\"258\" height=\"146\" \/><\/a><a href=\"\/site\/webup\/2020\/06\/bouton_creer.jpg\">\n<\/a>\n\nIl vous sera demand\u00e9 de cr\u00e9er une cha\u00eene si ce n&#8217;est pas d\u00e9j\u00e0 fait.\n\nPuis importez votre vid\u00e9o (liste des formats compatibles :<a href=\"https:\/\/support.google.com\/youtube\/troubleshooter\/2888402?hl=fr\" target=\"_blank\" rel=\"noopener noreferrer\"> https:\/\/support.google.com\/youtube\/troubleshooter\/2888402?hl=fr<\/a>).\n\n<a href=\"\/site\/webup\/2020\/06\/importerytb.jpg\"><img fetchpriority=\"high\" decoding=\"async\" class=\"aligncenter size-full wp-image-13146\" src=\"\/site\/webup\/2020\/06\/importerytb.jpg\" alt=\"\" width=\"980\" height=\"863\" srcset=\"https:\/\/www.cmonsite.fr\/site\/webup\/2020\/06\/importerytb.jpg 980w, https:\/\/www.cmonsite.fr\/site\/webup\/2020\/06\/importerytb-300x264.jpg 300w, https:\/\/www.cmonsite.fr\/site\/webup\/2020\/06\/importerytb-768x676.jpg 768w\" sizes=\"(max-width: 980px) 100vw, 980px\" \/><\/a>\n\nL&#8217;import de votre vid\u00e9o se fait en 3 \u00e9tapes :\n<ul>\n \t<li>Les d\u00e9tails :<a href=\"\/site\/webup\/2020\/06\/addytb.jpg\"><img loading=\"lazy\" decoding=\"async\" class=\"aligncenter size-full wp-image-13126\" src=\"\/site\/webup\/2020\/06\/addytb.jpg\" alt=\"\" width=\"977\" height=\"861\" srcset=\"https:\/\/www.cmonsite.fr\/site\/webup\/2020\/06\/addytb.jpg 977w, https:\/\/www.cmonsite.fr\/site\/webup\/2020\/06\/addytb-300x264.jpg 300w, https:\/\/www.cmonsite.fr\/site\/webup\/2020\/06\/addytb-768x677.jpg 768w\" sizes=\"(max-width: 977px) 100vw, 977px\" \/><\/a>\n<ul>\n \t<li>Titre de votre vid\u00e9o<\/li>\n \t<li>Description<\/li>\n \t<li>Choix de la miniature<\/li>\n \t<li>Playlists : choisissez une de vos playlists \u00e0 associer<\/li>\n \t<li>Audience : important pour les recommandations \u00e0 certains public, d\u00e9finissez si votre vid\u00e9o est con\u00e7ue pour les enfants ou non, ou pour les adultes (restreint l&#8217;acc\u00e8s au moins de 18 ans)<\/li>\n \t<li>Options suppl\u00e9mentaires<\/li>\n<\/ul>\n<\/li>\n \t<li>Les \u00e9l\u00e9ments vid\u00e9o :\n<ul>\n \t<li>\u00c9cran de fin<\/li>\n \t<li>Fiches au sein de la vid\u00e9o pour promouvoir des contenus associ\u00e9s<\/li>\n<\/ul>\n<\/li>\n \t<li>La visibilit\u00e9 :\nVous pouvez programmer la publication de votre vid\u00e9o et choisir de rendre votre vid\u00e9o publique, priv\u00e9e ou non r\u00e9pertori\u00e9e. Cette derni\u00e8re proposition permet de donner acc\u00e8s aux vid\u00e9os uniquement aux utilisateurs disposant du lien. C&#8217;est utile dans le cas d&#8217;un guide vid\u00e9o dont vous souhaiteriez faire payer l&#8217;acc\u00e8s.\u00a0 <a href=\"\/site\/webup\/2020\/06\/visibilit\u00e9ytb.jpg\"><img loading=\"lazy\" decoding=\"async\" class=\"aligncenter wp-image-13127 size-full\" src=\"https:\/\/www.cmonsite.fr\/site\/webup\/2020\/06\/visibiliteytb.jpg\" alt=\"\" width=\"976\" height=\"860\" srcset=\"https:\/\/www.cmonsite.fr\/site\/webup\/2020\/06\/visibiliteytb.jpg 976w, https:\/\/www.cmonsite.fr\/site\/webup\/2020\/06\/visibiliteytb-300x264.jpg 300w, https:\/\/www.cmonsite.fr\/site\/webup\/2020\/06\/visibiliteytb-768x677.jpg 768w\" sizes=\"(max-width: 976px) 100vw, 976px\" \/><\/a><\/li>\n<\/ul>\nPour terminer, cliquez sur le bouton bleu &#8220;Publier&#8221;.\n<h2>2. Int\u00e9grez une vid\u00e9o YouTube sur votre page<\/h2>\n<ul>\n \t<li>Choisissez la vid\u00e9o que vous souhaitez int\u00e9grer.<\/li>\n \t<li>Cliquez sur le bouton \u00ab\u00a0Partager\u00a0\u00bb situ\u00e9 juste au-dessous de la vid\u00e9o<\/li>\n<\/ul>\n<a href=\"\/site\/webup\/2019\/03\/bouton-partager-youtube.jpg\"><img loading=\"lazy\" decoding=\"async\" class=\"aligncenter size-full wp-image-11910\" src=\"\/site\/webup\/2019\/03\/bouton-partager-youtube.jpg\" alt=\"\" width=\"426\" height=\"79\" srcset=\"https:\/\/www.cmonsite.fr\/site\/webup\/2019\/03\/bouton-partager-youtube.jpg 426w, https:\/\/www.cmonsite.fr\/site\/webup\/2019\/03\/bouton-partager-youtube-300x56.jpg 300w\" sizes=\"(max-width: 426px) 100vw, 426px\" \/><\/a>\n<ul>\n \t<li>Copiez le lien de votre vid\u00e9o<\/li>\n<\/ul>\n<a href=\"\/site\/webup\/2021\/01\/Capture-2.png\"><img loading=\"lazy\" decoding=\"async\" class=\"wp-image-14674 size-full aligncenter\" src=\"\/site\/webup\/2021\/01\/Capture-2.png\" alt=\"\" width=\"386\" height=\"320\" srcset=\"https:\/\/www.cmonsite.fr\/site\/webup\/2021\/01\/Capture-2.png 386w, https:\/\/www.cmonsite.fr\/site\/webup\/2021\/01\/Capture-2-300x249.png 300w\" sizes=\"(max-width: 386px) 100vw, 386px\" \/><\/a>\n<ul>\n \t<li>Rendez-vous dans votre Administration CmonSite<\/li>\n \t<li>S\u00e9lectionnez la page de contenu dans laquelle vous souhaitez ins\u00e9rer votre vid\u00e9o en vous rendant dans &#8220;Pages \/ Cat\u00e9gories&#8221;<\/li>\n \t<li>Cliquez sur le bouton vert \u00ab Editer le contenu de votre page \u00bb\n<a href=\"\/site\/webup\/2021\/01\/tutoyoutube.png\"><img loading=\"lazy\" decoding=\"async\" class=\"wp-image-14670 size-full aligncenter\" src=\"\/site\/webup\/2021\/01\/tutoyoutube.png\" alt=\"\" width=\"1257\" height=\"268\" srcset=\"https:\/\/www.cmonsite.fr\/site\/webup\/2021\/01\/tutoyoutube.png 1257w, https:\/\/www.cmonsite.fr\/site\/webup\/2021\/01\/tutoyoutube-300x64.png 300w, https:\/\/www.cmonsite.fr\/site\/webup\/2021\/01\/tutoyoutube-1024x218.png 1024w, https:\/\/www.cmonsite.fr\/site\/webup\/2021\/01\/tutoyoutube-768x164.png 768w\" sizes=\"(max-width: 1257px) 100vw, 1257px\" \/><\/a><\/li>\n \t<li>S\u00e9lectionnez l\u2019outil \u00ab\u00a0Vid\u00e9o\u00a0\u00bb dans la bo\u00eete \u00e0 outils situ\u00e9e \u00e0 gauche de votre \u00e9cran<a href=\"\/site\/webup\/2019\/03\/outil-video.jpg\"><img loading=\"lazy\" decoding=\"async\" class=\"aligncenter size-full wp-image-11912\" src=\"\/site\/webup\/2019\/03\/outil-video.jpg\" alt=\"\" width=\"105\" height=\"94\" \/><\/a><\/li>\n \t<li>Faites glisser l\u2019outil \u00ab\u00a0Vid\u00e9o\u00a0\u00bb dans votre page<\/li>\n \t<li>Collez l\u2019url dans le champ \u00ab Url de la vid\u00e9o \u00bb<\/li>\n \t<li>Vous pouvez \u00e9galement modifier les dimensions du lecteur vid\u00e9o qui sera int\u00e9gr\u00e9 \u00e0 votre page, dans les champs juste en dessous.<\/li>\n<\/ul>\n<a href=\"\/site\/webup\/2020\/06\/iframe.jpg\"><img loading=\"lazy\" decoding=\"async\" class=\"aligncenter size-full wp-image-13149\" src=\"\/site\/webup\/2020\/06\/iframe.jpg\" alt=\"\" width=\"241\" height=\"277\" \/><\/a>Votre vid\u00e9o est maintenant int\u00e9gr\u00e9e \u00e0 votre page et pr\u00eate \u00e0 \u00eatre visionn\u00e9e.<a href=\"\/site\/webup\/2020\/06\/videosytb.jpg\"><img loading=\"lazy\" decoding=\"async\" class=\"aligncenter size-full wp-image-13150\" src=\"\/site\/webup\/2020\/06\/videosytb.jpg\" alt=\"\" width=\"916\" height=\"591\" srcset=\"https:\/\/www.cmonsite.fr\/site\/webup\/2020\/06\/videosytb.jpg 916w, https:\/\/www.cmonsite.fr\/site\/webup\/2020\/06\/videosytb-300x194.jpg 300w, https:\/\/www.cmonsite.fr\/site\/webup\/2020\/06\/videosytb-768x496.jpg 768w\" sizes=\"(max-width: 916px) 100vw, 916px\" \/><\/a>\n<p style=\"text-align: center;\"><\/p>\t\t\t\t\t\t\t\t<\/div>\n\t\t\t\t<\/div>\n\t\t\t\t<div class=\"elementor-element elementor-element-ebb34aa elementor-widget elementor-widget-heading\" data-id=\"ebb34aa\" data-element_type=\"widget\" data-e-type=\"widget\" data-widget_type=\"heading.default\">\n\t\t\t\t<div class=\"elementor-widget-container\">\n\t\t\t\t\t<h2 class=\"elementor-heading-title elementor-size-default\">D\u00e9couvrez toutes les \u00e9tapes \u00e0 suivre pour ajouter une vid\u00e9o sur son site depuis Youtube <\/h2>\t\t\t\t<\/div>\n\t\t\t\t<\/div>\n\t\t\t\t<div class=\"elementor-element elementor-element-78263ef elementor-widget elementor-widget-video\" data-id=\"78263ef\" data-element_type=\"widget\" data-e-type=\"widget\" data-settings=\"{&quot;youtube_url&quot;:&quot;https:\\\/\\\/www.youtube.com\\\/watch?v=C-2lQtCZ54k&amp;t=22s&quot;,&quot;video_type&quot;:&quot;youtube&quot;,&quot;controls&quot;:&quot;yes&quot;}\" data-widget_type=\"video.default\">\n\t\t\t\t<div class=\"elementor-widget-container\">\n\t\t\t\t\t\t\t<div class=\"elementor-wrapper elementor-open-inline\">\n\t\t\t<div class=\"elementor-video\"><\/div>\t\t<\/div>\n\t\t\t\t\t\t<\/div>\n\t\t\t\t<\/div>\n\t\t\t\t\t<\/div>\n\t\t<\/div>\n\t\t\t\t\t<\/div>\n\t\t<\/section>\n\t\t\t\t<\/div>\n\t\t","protected":false},"excerpt":{"rendered":"<p>YouTube est la plateforme d\u2019h\u00e9bergement de vid\u00e9os par excellence. H\u00e9berger vos vid\u00e9os sur YouTube permet un chargement rapide de vos vid\u00e9os sur votre site. Pour ins\u00e9rer une vid\u00e9o, rien de plus simple\u00a0! Rendez-vous sur YouTube https:\/\/www.youtube.com et suivez les \u00e9tapes suivantes : 1. Importez une vid\u00e9o sur YouTube Cliquez sur l&#8217;ic\u00f4ne de cam\u00e9ra en haut [&hellip;]<\/p>\n","protected":false},"author":1,"featured_media":18577,"parent":262,"menu_order":25,"comment_status":"closed","ping_status":"closed","template":"","meta":{"_helpful_status":1,"footnotes":""},"class_list":["post-8934","page","type-page","status-publish","has-post-thumbnail","hentry"],"_links":{"self":[{"href":"https:\/\/www.cmonsite.fr\/site\/wp-json\/wp\/v2\/pages\/8934","targetHints":{"allow":["GET"]}}],"collection":[{"href":"https:\/\/www.cmonsite.fr\/site\/wp-json\/wp\/v2\/pages"}],"about":[{"href":"https:\/\/www.cmonsite.fr\/site\/wp-json\/wp\/v2\/types\/page"}],"author":[{"embeddable":true,"href":"https:\/\/www.cmonsite.fr\/site\/wp-json\/wp\/v2\/users\/1"}],"replies":[{"embeddable":true,"href":"https:\/\/www.cmonsite.fr\/site\/wp-json\/wp\/v2\/comments?post=8934"}],"version-history":[{"count":10,"href":"https:\/\/www.cmonsite.fr\/site\/wp-json\/wp\/v2\/pages\/8934\/revisions"}],"predecessor-version":[{"id":25213,"href":"https:\/\/www.cmonsite.fr\/site\/wp-json\/wp\/v2\/pages\/8934\/revisions\/25213"}],"up":[{"embeddable":true,"href":"https:\/\/www.cmonsite.fr\/site\/wp-json\/wp\/v2\/pages\/262"}],"wp:featuredmedia":[{"embeddable":true,"href":"https:\/\/www.cmonsite.fr\/site\/wp-json\/wp\/v2\/media\/18577"}],"wp:attachment":[{"href":"https:\/\/www.cmonsite.fr\/site\/wp-json\/wp\/v2\/media?parent=8934"}],"curies":[{"name":"wp","href":"https:\/\/api.w.org\/{rel}","templated":true}]}}