{"id":8872,"date":"2015-10-21T15:20:17","date_gmt":"2015-10-21T13:20:17","guid":{"rendered":"https:\/\/www.cmonsite.fr\/site\/aide\/?page_id=8872"},"modified":"2025-04-29T17:49:07","modified_gmt":"2025-04-29T15:49:07","slug":"blog","status":"publish","type":"page","link":"https:\/\/www.cmonsite.fr\/site\/aide\/fonctionnalites\/blog","title":{"rendered":"Module Blog"},"content":{"rendered":"\t\t<div data-elementor-type=\"wp-page\" data-elementor-id=\"8872\" class=\"elementor elementor-8872\" data-elementor-post-type=\"page\">\n\t\t\t\t\t\t<section class=\"elementor-section elementor-top-section elementor-element elementor-element-4453e261 elementor-section-boxed elementor-section-height-default elementor-section-height-default\" data-id=\"4453e261\" data-element_type=\"section\" data-e-type=\"section\">\n\t\t\t\t\t\t<div class=\"elementor-container elementor-column-gap-default\">\n\t\t\t\t\t<div class=\"elementor-column elementor-col-100 elementor-top-column elementor-element elementor-element-2ea49fcf\" data-id=\"2ea49fcf\" data-element_type=\"column\" data-e-type=\"column\">\n\t\t\t<div class=\"elementor-widget-wrap elementor-element-populated\">\n\t\t\t\t\t\t<div class=\"elementor-element elementor-element-53d2725 elementor-widget elementor-widget-text-editor\" data-id=\"53d2725\" data-element_type=\"widget\" data-e-type=\"widget\" data-widget_type=\"text-editor.default\">\n\t\t\t\t<div class=\"elementor-widget-container\">\n\t\t\t\t\t\t\t\t\t<p data-pm-slice=\"1 2 []\">Le module <strong>BLOG<\/strong> vous permet de publier et d&#8217;organiser des articles autour de votre activit\u00e9. L&#8217;objectif : \u00e9largir votre audience, enrichir votre contenu, et booster votre r\u00e9f\u00e9rencement naturel (SEO).<\/p>\n<blockquote>\n<p><em>Vous pouvez m\u00eame cr\u00e9er un site enti\u00e8rement centr\u00e9 sur le blogging si vous le souhaitez !<\/em><\/p>\n<\/blockquote>\n<h3 data-pm-slice=\"1 1 []\">Acc\u00e9der au module Blog<\/h3>\n<ul data-spread=\"false\" data-pm-slice=\"3 1 []\">\n<li>\n<p>Allez dans <strong>Pages \/ Cat\u00e9gories<\/strong> &gt; Cliquez sur <strong>&#8220;Blog&#8221;<\/strong><\/p>\n<\/li>\n<li>\n<p>Ou utilisez un <a href=\"https:\/\/www.cmonsite.fr\/gestion_blog.php\" target=\"_blank\" rel=\"noopener\">lien direct<\/a> vers le module<\/p>\n<\/li>\n<\/ul>\n<div>&nbsp;<\/div>\n<p>\u26a0\ufe0f <strong>Astuce<\/strong> : Pour activer les commentaires, vous devez d&#8217;abord cr\u00e9er et param\u00e9trer une <strong>application Facebook<\/strong>. Cela permettra d&#8217;afficher un espace commentaires sous vos articles, mod\u00e9r\u00e9s si besoin.<\/p>\n<h2>1. Activer et Configurer votre Blog<\/h2>\n<p><a href=\"https:\/\/www.cmonsite.fr\/site\/webup\/2020\/12\/configuration-blog.jpg\"><img fetchpriority=\"high\" decoding=\"async\" class=\"size-full wp-image-27661 aligncenter\" src=\"https:\/\/www.cmonsite.fr\/site\/webup\/2025\/04\/Capture-decran-2025-04-24-171714.png\" alt=\"\" width=\"1319\" height=\"754\"><\/a><\/p>\n<p data-pm-slice=\"1 2 []\">Dans les param\u00e8tres du module Blog, vous pouvez :<\/p>\n<ul data-spread=\"false\">\n<li>\n<p>\u2705 <strong>Activer ou d\u00e9sactiver<\/strong> le blog quand vous le souhaitez<\/p>\n<\/li>\n<li>\n<p>\ud83d\udcc5 <strong>Modifier le nom<\/strong> de l&#8217;onglet Blog dans le menu et le titre de page<\/p>\n<\/li>\n<li>\n<p>\ud83d\udd39 Choisir si le blog appara\u00eet ou non dans le menu principal<\/p>\n<\/li>\n<li>\n<p>\ud83d\udcc6 D\u00e9finir le <strong>nombre d\u2019articles par page<\/strong><\/p>\n<\/li>\n<li>\n<p>\ud83d\udcac <strong>G\u00e9rer les commentaires<\/strong> via Facebook : vous pouvez les <strong>activer<\/strong> et choisir de <strong>valider avant publication<\/strong><\/p>\n<\/li>\n<\/ul>\n<blockquote>\n<p>\u26a0\ufe0f <strong>Important<\/strong> : vous devez renseigner <strong>l\u2019ID de votre application Facebook<\/strong> dans l&#8217;administration du blog CmonSite<\/p>\n<\/blockquote>\n<p><a href=\"\/\/www.cmonsite.fr\/site\/aide\/contenu-design-modules\/modules\/commentaire-blog-facebook\/\" target=\"_blank\" rel=\"noopener noreferrer\">Comment cr\u00e9er une application Facebook pour mod\u00e9rer les commentaires de votre BLOG ?<\/a><\/p>\n<h2>2. Cr\u00e9er un article<\/h2>\n<p>Cette rubrique&nbsp;liste vos articles qui s&#8217;affichent par date publication.<\/p><p>&nbsp;<\/p>\n<p><img decoding=\"async\" class=\"alignnone size-full wp-image-27663\" src=\"https:\/\/www.cmonsite.fr\/site\/webup\/2025\/04\/Capture-decran-2025-04-24-172006.png\" alt=\"\" width=\"1308\" height=\"449\"><\/p>\n<h3 data-pm-slice=\"1 1 []\">Cr\u00e9er un nouvel article \u270f\ufe0f<\/h3>\n<p>Ce bouton vous permet de cr\u00e9er un article&nbsp;<strong>Les informations cl\u00e9s de votre article : <img decoding=\"async\" class=\"alignnone wp-image-27664\" src=\"https:\/\/www.cmonsite.fr\/site\/webup\/2025\/04\/Capture-decran-2025-04-24-172054.webp\" alt=\"\" width=\"135\" height=\"31\"><\/strong><\/p>\n<ul>\n<li>\n<p><strong>Titre<\/strong> : important pour le r\u00e9f\u00e9rencement (repris dans l&#8217;URL)<\/p>\n<\/li>\n<li>\n<p><strong>Corps de l\u2019article<\/strong> : texte, images, vid\u00e9os, etc.<\/p>\n<\/li>\n<li>\n<p><strong>Image \u00e0 la une<\/strong> : visuel principal de l\u2019article<\/p>\n<\/li>\n<li>\n<p><strong>Extrait<\/strong> : petit r\u00e9sum\u00e9 affich\u00e9 en pr\u00e9visualisation<\/p>\n<\/li>\n<li>\n<p><strong>Date de publication<\/strong> : peut \u00eatre diff\u00e9r\u00e9e<br>&nbsp;&nbsp;<\/p><\/li>\n<\/ul>\n<p><img loading=\"lazy\" decoding=\"async\" class=\"alignnone size-full wp-image-27666\" src=\"https:\/\/www.cmonsite.fr\/site\/webup\/2025\/04\/Capture-decran-2025-04-24-172301-1.png\" alt=\"\" width=\"1155\" height=\"880\"><\/p>\n<h3 data-pm-slice=\"1 1 []\">Organisation et options :<\/h3>\n<ul data-spread=\"false\">\n<li>\n<p><strong>Cat\u00e9gories<\/strong> : associez votre article \u00e0 une ou plusieurs cat\u00e9gories<\/p>\n<\/li>\n<li>\n<p><strong>Tags<\/strong> : lient les articles par th\u00e9matique<\/p>\n<\/li>\n<li>\n<p><strong>Commentaires<\/strong> : activez ou non les commentaires pour cet article<\/p>\n<\/li>\n<li>\n<p><strong>SEO<\/strong> : renseignez les balises pour optimiser le r\u00e9f\u00e9rencement de l&#8217;article<br>&nbsp;&nbsp;<\/p>\n<\/li>\n<\/ul>\n<p><img loading=\"lazy\" decoding=\"async\" class=\"alignnone size-full wp-image-27667\" src=\"https:\/\/www.cmonsite.fr\/site\/webup\/2025\/04\/Capture-decran-2025-04-24-174059.png\" alt=\"\" width=\"843\" height=\"739\"><\/p>\n<div>\n<hr>\n<\/div>\n<p style=\"text-align: center;\"><em>&nbsp;<\/em><\/p><p style=\"text-align: center;\"><em>Ci-dessous, l\u2019affichage&nbsp;de&nbsp;votre blog (s\u2019adapte selon votre design)<\/em><\/p><p style=\"text-align: center;\"><em>&nbsp;<\/em><\/p>\n<table>\n<tbody>\n<tr>\n<td><a href=\"\/\/www.cmonsite.fr\/site\/aide\/wp-content\/uploads\/2015\/10\/articles.jpg\"><img loading=\"lazy\" decoding=\"async\" class=\"aligncenter wp-image-10873 size-large\" src=\"https:\/\/www.cmonsite.fr\/site\/webup\/2015\/10\/articles-1024x545.jpg\" alt=\"\" width=\"800\" height=\"426\" srcset=\"https:\/\/www.cmonsite.fr\/site\/webup\/2015\/10\/articles-1024x545.jpg 1024w, https:\/\/www.cmonsite.fr\/site\/webup\/2015\/10\/articles-300x160.jpg 300w, https:\/\/www.cmonsite.fr\/site\/webup\/2015\/10\/articles-768x408.jpg 768w, https:\/\/www.cmonsite.fr\/site\/webup\/2015\/10\/articles.jpg 1162w\" sizes=\"(max-width: 800px) 100vw, 800px\" \/><\/a><\/td>\n<td><a href=\"\/\/www.cmonsite.fr\/site\/aide\/wp-content\/uploads\/2015\/10\/article-lecture-complete.jpg\"><img loading=\"lazy\" decoding=\"async\" class=\"aligncenter wp-image-10874 size-large\" src=\"https:\/\/www.cmonsite.fr\/site\/webup\/2015\/10\/article-lecture-complete-1024x542.jpg\" alt=\"\" width=\"800\" height=\"423\" srcset=\"https:\/\/www.cmonsite.fr\/site\/webup\/2015\/10\/article-lecture-complete-1024x542.jpg 1024w, https:\/\/www.cmonsite.fr\/site\/webup\/2015\/10\/article-lecture-complete-300x159.jpg 300w, https:\/\/www.cmonsite.fr\/site\/webup\/2015\/10\/article-lecture-complete-768x406.jpg 768w, https:\/\/www.cmonsite.fr\/site\/webup\/2015\/10\/article-lecture-complete.jpg 1183w\" sizes=\"(max-width: 800px) 100vw, 800px\" \/><\/a><\/td>\n<\/tr>\n<tr>\n<td style=\"text-align: center;\"><em>Vu de l&#8217;article en &#8220;pr\u00e9visualisation&#8221;<\/em><\/td>\n<td style=\"text-align: center;\"><em>Vu de l&#8217;article en&nbsp;&#8220;lecture&nbsp;compl\u00e8te&#8221;<\/em><\/td>\n<\/tr>\n<\/tbody>\n<\/table>\n<h2>3. Cr\u00e9er une&nbsp;cat\u00e9gorie blog<\/h2>\n<ul data-spread=\"false\" data-pm-slice=\"3 2 []\">\n<li>\n<p>Cliquez sur <strong>&#8220;Vos cat\u00e9gories&#8221;<\/strong> pour :<\/p>\n<ul data-spread=\"false\">\n<li>\n<p>Ajouter une cat\u00e9gorie<\/p>\n<\/li>\n<li>\n<p>Renommer<\/p>\n<\/li>\n<li>\n<p>Activer \/ D\u00e9sactiver<\/p>\n<\/li>\n<li>\n<p>Supprimer ou r\u00e9organiser les cat\u00e9gories<\/p>\n<\/li>\n<\/ul>\n<\/li>\n<\/ul>\n<blockquote>\n<p>Un article peut appartenir \u00e0 <strong>plusieurs cat\u00e9gories<\/strong> en m\u00eame temps.<\/p>\n<\/blockquote>\n<p><img loading=\"lazy\" decoding=\"async\" class=\"alignnone size-full wp-image-27671\" src=\"https:\/\/www.cmonsite.fr\/site\/webup\/2025\/04\/Capture-decran-2025-04-24-174608.png\" alt=\"\" width=\"1144\" height=\"852\" srcset=\"https:\/\/www.cmonsite.fr\/site\/webup\/2025\/04\/Capture-decran-2025-04-24-174608.png 1144w, https:\/\/www.cmonsite.fr\/site\/webup\/2025\/04\/Capture-decran-2025-04-24-174608-300x223.png 300w, https:\/\/www.cmonsite.fr\/site\/webup\/2025\/04\/Capture-decran-2025-04-24-174608-1024x763.png 1024w, https:\/\/www.cmonsite.fr\/site\/webup\/2025\/04\/Capture-decran-2025-04-24-174608-768x572.png 768w\" sizes=\"(max-width: 1144px) 100vw, 1144px\" \/><\/p>\n<h2>4. Ajouter un article r\u00e9cent en dehors du blog<\/h2>\n<p><a href=\"\/\/www.cmonsite.fr\/site\/aide\/wp-content\/uploads\/2015\/10\/animation-blog.gif\"><img loading=\"lazy\" decoding=\"async\" class=\"aligncenter wp-image-10877 size-full\" src=\"https:\/\/www.cmonsite.fr\/site\/webup\/2015\/10\/animation-blog.gif\" alt=\"\" width=\"1002\" height=\"592\"><\/a><\/p>\n<p>&nbsp;<\/p><p>Rendez-vous sur l&#8217;administration de l&#8217;une de vos pages, puis cliquez sur le bouton &#8220;Bo\u00eete \u00e0 outils&#8221;.<\/p>\n<p>Ensuite, cliquez sur la rubrique &#8220;Blog&#8221;, et choisissez le nombre d&#8217;articles r\u00e9cents \u00e0 afficher.<\/p><p>&nbsp;<\/p>\n<hr>\n<p style=\"text-align: center;\"><span style=\"font-size: large;\">F\u00e9licitations ! Votre site ou votre boutique dispose d&#8217;un BLOG&nbsp;!<\/span><\/p>\n<hr>\t\t\t\t\t\t\t\t<\/div>\n\t\t\t\t<\/div>\n\t\t\t\t\t<\/div>\n\t\t<\/div>\n\t\t\t\t\t<\/div>\n\t\t<\/section>\n\t\t\t\t<\/div>\n\t\t","protected":false},"excerpt":{"rendered":"<p>Le module BLOG vous permet de publier et d&#8217;organiser des articles autour de votre activit\u00e9. L&#8217;objectif : \u00e9largir votre audience, enrichir votre contenu, et booster votre r\u00e9f\u00e9rencement naturel (SEO). Vous pouvez m\u00eame cr\u00e9er un site enti\u00e8rement centr\u00e9 sur le blogging si vous le souhaitez ! Acc\u00e9der au module Blog Allez dans Pages \/ Cat\u00e9gories &gt; [&hellip;]<\/p>\n","protected":false},"author":1,"featured_media":18497,"parent":22995,"menu_order":20,"comment_status":"closed","ping_status":"closed","template":"","meta":{"_helpful_status":1,"footnotes":""},"class_list":["post-8872","page","type-page","status-publish","has-post-thumbnail","hentry"],"_links":{"self":[{"href":"https:\/\/www.cmonsite.fr\/site\/wp-json\/wp\/v2\/pages\/8872","targetHints":{"allow":["GET"]}}],"collection":[{"href":"https:\/\/www.cmonsite.fr\/site\/wp-json\/wp\/v2\/pages"}],"about":[{"href":"https:\/\/www.cmonsite.fr\/site\/wp-json\/wp\/v2\/types\/page"}],"author":[{"embeddable":true,"href":"https:\/\/www.cmonsite.fr\/site\/wp-json\/wp\/v2\/users\/1"}],"replies":[{"embeddable":true,"href":"https:\/\/www.cmonsite.fr\/site\/wp-json\/wp\/v2\/comments?post=8872"}],"version-history":[{"count":19,"href":"https:\/\/www.cmonsite.fr\/site\/wp-json\/wp\/v2\/pages\/8872\/revisions"}],"predecessor-version":[{"id":27859,"href":"https:\/\/www.cmonsite.fr\/site\/wp-json\/wp\/v2\/pages\/8872\/revisions\/27859"}],"up":[{"embeddable":true,"href":"https:\/\/www.cmonsite.fr\/site\/wp-json\/wp\/v2\/pages\/22995"}],"wp:featuredmedia":[{"embeddable":true,"href":"https:\/\/www.cmonsite.fr\/site\/wp-json\/wp\/v2\/media\/18497"}],"wp:attachment":[{"href":"https:\/\/www.cmonsite.fr\/site\/wp-json\/wp\/v2\/media?parent=8872"}],"curies":[{"name":"wp","href":"https:\/\/api.w.org\/{rel}","templated":true}]}}