{"id":8705,"date":"2015-10-07T12:51:29","date_gmt":"2015-10-07T10:51:29","guid":{"rendered":"https:\/\/www.cmonsite.fr\/site\/aide\/?page_id=8705"},"modified":"2023-07-04T11:39:50","modified_gmt":"2023-07-04T09:39:50","slug":"gerer-marque-produit","status":"publish","type":"page","link":"https:\/\/www.cmonsite.fr\/site\/aide\/gestion-des-produits\/gerer-marque-produit","title":{"rendered":"Comment g\u00e9rer les marques de mes produits ?"},"content":{"rendered":"<p>Avant de pouvoir utiliser\u00a0vos marques\u00a0sur vos fiches produits il faut en amont les cr\u00e9er.<\/p>\n<h2>1. Acc\u00e9dez \u00e0 Gestion des marques<\/h2>\n<p>Pour acc\u00e9der \u00e0 la gestion des marques rendez vous dans l&#8217;onglet \u00ab <strong>Boutique <\/strong>\u00bb\u00a0puis cliquez sur \u00ab\u00a0<strong>Marques <\/strong>\u00bb.<br \/>\nSinon cliquez ici : <a href=\"\/\/www.cmonsite.fr\/gestion_marques.php\">gestion des marques<\/a><\/p>\n<table style=\"width: 100%;\">\n<tbody>\n<tr>\n<td><a href=\"https:\/\/www.cmonsite.fr\/site\/webup\/2020\/12\/creer-marque.jpg\"><img fetchpriority=\"high\" decoding=\"async\" class=\"alignnone size-full wp-image-14361\" src=\"https:\/\/www.cmonsite.fr\/site\/webup\/2020\/12\/creer-marque.jpg\" alt=\"\" width=\"1231\" height=\"136\" srcset=\"https:\/\/www.cmonsite.fr\/site\/webup\/2020\/12\/creer-marque.jpg 1231w, https:\/\/www.cmonsite.fr\/site\/webup\/2020\/12\/creer-marque-300x33.jpg 300w, https:\/\/www.cmonsite.fr\/site\/webup\/2020\/12\/creer-marque-1024x113.jpg 1024w, https:\/\/www.cmonsite.fr\/site\/webup\/2020\/12\/creer-marque-768x85.jpg 768w\" sizes=\"(max-width: 1231px) 100vw, 1231px\" \/><\/a><\/td>\n<td><a href=\"https:\/\/www.cmonsite.fr\/site\/webup\/2020\/12\/votre-marque.jpg\"><img decoding=\"async\" class=\"wp-image-14363 aligncenter\" src=\"https:\/\/www.cmonsite.fr\/site\/webup\/2020\/12\/votre-marque.jpg\" alt=\"\" width=\"484\" height=\"282\" \/><\/a><\/td>\n<\/tr>\n<tr>\n<td style=\"width: 50%; text-align: center;\">Dans un premier temps cliquez sur le bouton\u00a0\u00ab\u00a0<strong>Cr\u00e9er une marque\u00a0<\/strong>\u00bb<\/td>\n<td style=\"text-align: center;\">Ensuite renseignez les informations sur celle-ci<\/td>\n<\/tr>\n<\/tbody>\n<\/table>\n<p><a href=\"https:\/\/www.cmonsite.fr\/site\/webup\/2020\/12\/votre-marque-1.jpg\"><img decoding=\"async\" class=\"size-full wp-image-14364 aligncenter\" src=\"https:\/\/www.cmonsite.fr\/site\/webup\/2020\/12\/votre-marque-1.jpg\" alt=\"\" width=\"1233\" height=\"753\" srcset=\"https:\/\/www.cmonsite.fr\/site\/webup\/2020\/12\/votre-marque-1.jpg 1233w, https:\/\/www.cmonsite.fr\/site\/webup\/2020\/12\/votre-marque-1-300x183.jpg 300w, https:\/\/www.cmonsite.fr\/site\/webup\/2020\/12\/votre-marque-1-1024x625.jpg 1024w, https:\/\/www.cmonsite.fr\/site\/webup\/2020\/12\/votre-marque-1-768x469.jpg 768w\" sizes=\"(max-width: 1233px) 100vw, 1233px\" \/><\/a><\/p>\n<p style=\"text-align: center;\">Vos marques s&#8217;afficheront ainsi dans votre gestionnaire de marque,<br \/>\nvous pouvez modifier \u00e0 tout moment leurs informations en cliquant sur le crayon ou les supprimer en cliquant sur la croix rouge.<\/p>\n<h2><\/h2>\n<p>&nbsp;<\/p>\n<h2>2-\u00a0Acc\u00e9dez \u00e0\u00a0vos fiches produits<\/h2>\n<p>Pour acc\u00e9dez \u00e0 vos fiches produits, cliquez sur \u00ab <strong><a href=\"\/\/www.cmonsite.fr\/mesrubriquesboutique.php\">Boutique<\/a>\u00a0<\/strong>\u00bb\u00a0puis rendez-vous dans la cat\u00e9gorie o\u00f9 vous voulez modifier votre fiche produit.<\/p>\n<p>Une fois sur votre fiche produit, cliquez sur\u00a0l\u2019onglet \u00ab\u00a0<strong>R\u00e9f. \/ Marque \/ Pers. <\/strong>\u00bb.<br \/>\nIl vous suffira alors de taper le nom de votre marque pour l&#8217;ajouter sur votre fiche produit.<\/p>\n<p><a href=\"https:\/\/www.cmonsite.fr\/site\/webup\/2020\/12\/associer-produit-marque.jpg\"><img loading=\"lazy\" decoding=\"async\" class=\"size-full wp-image-14360 aligncenter\" src=\"https:\/\/www.cmonsite.fr\/site\/webup\/2020\/12\/associer-produit-marque.jpg\" alt=\"\" width=\"1181\" height=\"630\" srcset=\"https:\/\/www.cmonsite.fr\/site\/webup\/2020\/12\/associer-produit-marque.jpg 1181w, https:\/\/www.cmonsite.fr\/site\/webup\/2020\/12\/associer-produit-marque-300x160.jpg 300w, https:\/\/www.cmonsite.fr\/site\/webup\/2020\/12\/associer-produit-marque-1024x546.jpg 1024w, https:\/\/www.cmonsite.fr\/site\/webup\/2020\/12\/associer-produit-marque-768x410.jpg 768w\" sizes=\"(max-width: 1181px) 100vw, 1181px\" \/><\/a><\/p>\n<hr \/>\n<table style=\"width: 100%;\">\n<tbody>\n<tr>\n<td style=\"width: 50%;\"><a href=\"https:\/\/www.cmonsite.fr\/site\/webup\/2020\/12\/vue-client.jpg\"><img loading=\"lazy\" decoding=\"async\" class=\"size-full wp-image-14365 aligncenter\" src=\"https:\/\/www.cmonsite.fr\/site\/webup\/2020\/12\/vue-client.jpg\" alt=\"\" width=\"1283\" height=\"533\" srcset=\"https:\/\/www.cmonsite.fr\/site\/webup\/2020\/12\/vue-client.jpg 1283w, https:\/\/www.cmonsite.fr\/site\/webup\/2020\/12\/vue-client-300x125.jpg 300w, https:\/\/www.cmonsite.fr\/site\/webup\/2020\/12\/vue-client-1024x425.jpg 1024w, https:\/\/www.cmonsite.fr\/site\/webup\/2020\/12\/vue-client-768x319.jpg 768w\" sizes=\"(max-width: 1283px) 100vw, 1283px\" \/><\/a><\/td>\n<td><a href=\"https:\/\/www.cmonsite.fr\/site\/webup\/2020\/12\/filtre-2.jpg\"><img loading=\"lazy\" decoding=\"async\" class=\"size-full wp-image-14366 aligncenter\" src=\"https:\/\/www.cmonsite.fr\/site\/webup\/2020\/12\/filtre-2.jpg\" alt=\"\" width=\"347\" height=\"131\" srcset=\"https:\/\/www.cmonsite.fr\/site\/webup\/2020\/12\/filtre-2.jpg 347w, https:\/\/www.cmonsite.fr\/site\/webup\/2020\/12\/filtre-2-300x113.jpg 300w\" sizes=\"(max-width: 347px) 100vw, 347px\" \/><\/a><\/td>\n<\/tr>\n<tr>\n<td style=\"text-align: center;\">Voici comment vos clients verront l&#8217;ajout de la marque \u00e0 votre fiche produit.<\/td>\n<td style=\"text-align: center;\">La cr\u00e9ation de marque permet \u00e0 vos clients de rechercher tout les produits s&#8217;y rapportant<\/td>\n<\/tr>\n<\/tbody>\n<\/table>\n<p>&nbsp;<\/p>\n","protected":false},"excerpt":{"rendered":"<p>Avant de pouvoir utiliser\u00a0vos marques\u00a0sur vos fiches produits il faut en amont les cr\u00e9er. 1. Acc\u00e9dez \u00e0 Gestion des marques Pour acc\u00e9der \u00e0 la gestion des marques rendez vous dans l&#8217;onglet \u00ab Boutique \u00bb\u00a0puis cliquez sur \u00ab\u00a0Marques \u00bb. Sinon cliquez ici : gestion des marques Dans un premier temps cliquez sur le bouton\u00a0\u00ab\u00a0Cr\u00e9er une marque\u00a0\u00bb [&hellip;]<\/p>\n","protected":false},"author":1,"featured_media":18010,"parent":24736,"menu_order":13,"comment_status":"closed","ping_status":"closed","template":"","meta":{"_helpful_status":1,"footnotes":""},"class_list":["post-8705","page","type-page","status-publish","has-post-thumbnail","hentry"],"_links":{"self":[{"href":"https:\/\/www.cmonsite.fr\/site\/wp-json\/wp\/v2\/pages\/8705","targetHints":{"allow":["GET"]}}],"collection":[{"href":"https:\/\/www.cmonsite.fr\/site\/wp-json\/wp\/v2\/pages"}],"about":[{"href":"https:\/\/www.cmonsite.fr\/site\/wp-json\/wp\/v2\/types\/page"}],"author":[{"embeddable":true,"href":"https:\/\/www.cmonsite.fr\/site\/wp-json\/wp\/v2\/users\/1"}],"replies":[{"embeddable":true,"href":"https:\/\/www.cmonsite.fr\/site\/wp-json\/wp\/v2\/comments?post=8705"}],"version-history":[{"count":2,"href":"https:\/\/www.cmonsite.fr\/site\/wp-json\/wp\/v2\/pages\/8705\/revisions"}],"predecessor-version":[{"id":24766,"href":"https:\/\/www.cmonsite.fr\/site\/wp-json\/wp\/v2\/pages\/8705\/revisions\/24766"}],"up":[{"embeddable":true,"href":"https:\/\/www.cmonsite.fr\/site\/wp-json\/wp\/v2\/pages\/24736"}],"wp:featuredmedia":[{"embeddable":true,"href":"https:\/\/www.cmonsite.fr\/site\/wp-json\/wp\/v2\/media\/18010"}],"wp:attachment":[{"href":"https:\/\/www.cmonsite.fr\/site\/wp-json\/wp\/v2\/media?parent=8705"}],"curies":[{"name":"wp","href":"https:\/\/api.w.org\/{rel}","templated":true}]}}