{"id":8275,"date":"2015-05-13T12:35:29","date_gmt":"2015-05-13T10:35:42","guid":{"rendered":"https:\/\/www.cmonsite.fr\/site\/aide\/?page_id=8275"},"modified":"2023-06-29T17:10:36","modified_gmt":"2023-06-29T15:10:36","slug":"configuration-boutique","status":"publish","type":"page","link":"https:\/\/www.cmonsite.fr\/site\/aide\/configuration-de-la-boutique\/configuration-boutique","title":{"rendered":"Configuration simplifi\u00e9e pour ma Boutique"},"content":{"rendered":"\t\t<div data-elementor-type=\"wp-page\" data-elementor-id=\"8275\" class=\"elementor elementor-8275\" data-elementor-post-type=\"page\">\n\t\t\t\t\t\t<section class=\"elementor-section elementor-top-section elementor-element elementor-element-1e3bf389 elementor-section-boxed elementor-section-height-default elementor-section-height-default\" data-id=\"1e3bf389\" data-element_type=\"section\" data-e-type=\"section\">\n\t\t\t\t\t\t<div class=\"elementor-container elementor-column-gap-default\">\n\t\t\t\t\t<div class=\"elementor-column elementor-col-100 elementor-top-column elementor-element elementor-element-554258da\" data-id=\"554258da\" data-element_type=\"column\" data-e-type=\"column\">\n\t\t\t<div class=\"elementor-widget-wrap elementor-element-populated\">\n\t\t\t\t\t\t<div class=\"elementor-element elementor-element-2373a685 elementor-widget elementor-widget-text-editor\" data-id=\"2373a685\" data-element_type=\"widget\" data-e-type=\"widget\" data-widget_type=\"text-editor.default\">\n\t\t\t\t<div class=\"elementor-widget-container\">\n\t\t\t\t\t\t\t\t\t<table><tbody><tr><td>Il suffit de vous rendre dans \u00ab <strong>Boutique<\/strong>\u00a0\u00bb, onglet \u00ab <a href=\"https:\/\/www.cmonsite.fr\/configboutiquefacture.php#facturation\"><strong>Configuration de la Boutique<\/strong><\/a>\u00a0\u00bb.<br \/><a href=\"https:\/\/www.cmonsite.fr\/creer-un-site\/wp-content\/uploads\/2020\/12\/menu-1.png\"><img fetchpriority=\"high\" decoding=\"async\" class=\"aligncenter wp-image-14223 size-full\" src=\"https:\/\/www.cmonsite.fr\/site\/webup\/2020\/12\/menu-1.png\" alt=\"\" width=\"1243\" height=\"477\" srcset=\"https:\/\/www.cmonsite.fr\/site\/webup\/2020\/12\/menu-1.png 1243w, https:\/\/www.cmonsite.fr\/site\/webup\/2020\/12\/menu-1-300x115.png 300w, https:\/\/www.cmonsite.fr\/site\/webup\/2020\/12\/menu-1-1024x393.png 1024w, https:\/\/www.cmonsite.fr\/site\/webup\/2020\/12\/menu-1-768x295.png 768w\" sizes=\"(max-width: 1243px) 100vw, 1243px\" \/><\/a><\/td><\/tr><\/tbody><\/table><p>Dans un premier temps, vous devez\u00a0accepter<em> les conditions g\u00e9n\u00e9rales d&#8217;Utilisation<\/em>.<br \/>Cliquez dessus et lisez-les. Apr\u00e8s avoir pris connaissance de celles-ci,\u00a0cochez la case\u00a0\u00ab<strong> oui<\/strong>\u00a0\u00bb,<br \/>Puis cliquez sur\u00a0\u00ab <strong>validez et accepter les conditions<\/strong>\u00a0\u00bb<\/p><p>Vous \u00eates<strong>\u00a0ainsi\u00a0responsable des produits et services que vous\u00a0vendez sur votre site.<\/strong><\/p><hr \/><p style=\"text-align: center;\">Une fois les conditions valid\u00e9es et accept\u00e9es vous pouvez configurer votre boutique en ligne.<\/p><p>=&gt; <span style=\"text-decoration: underline;\">Voici toutes les modifications possibles \u00e0 r\u00e9aliser<\/span>\u00a0:<\/p><table><tbody><tr><td><p><strong>1-<\/strong> Vous pouvez renseigner vos <strong><em>moyens de paiement<\/em><\/strong><\/p><p><strong>2-<\/strong> Vous pouvez\u00a0renseigner votre<strong><em> taux de TVA<\/em><\/strong><\/p><p><strong>3-<\/strong> Vous pouvez d\u00e9finir la <strong><em>devise principale<\/em><\/strong> de votre site et \u00e9diter le taux de change des autres devises<\/p><p><strong>4-<\/strong>\u00a0Vous pouvez choisir de\u00a0passer votre boutique en <strong><em>mode catalogue <\/em><\/strong>(pour d\u00e9sactiver la vente) et choisir si vous souhaitez ou non afficher vos produits dont vous n&#8217;avez pas d\u00e9fini de prix.<\/p><p><strong>5-<\/strong> Vous pouvez d\u00e9finir la configuration de vos <strong><em>cat\u00e9gories produits<\/em><\/strong> et du filtre \u00e0 facette<\/p><p><strong>6-<\/strong> Vous pouvez donner des renseignements vos clients vis \u00e0 vis des <strong><em>disponibilit\u00e9s de\u00a0vos\u00a0produits<\/em><\/strong><\/p><p><strong>7-<\/strong>\u00a0Vous pouvez\u00a0r\u00e9diger \/ importer vos <strong><em>facturations et CGV<\/em> <\/strong>(Conditions G\u00e9n\u00e9rales de Vente)<\/p><p><strong>8-<\/strong>\u00a0Vous pouvez\u00a0r\u00e9diger des informations compl\u00e9mentaires lors du<strong><em> processus de commande<\/em><\/strong><\/p><p><strong>9-<\/strong>\u00a0Vous pouvez\u00a0r\u00e9diger \/ importer vos <strong><em>Mentions l\u00e9gales<\/em><\/strong><\/p><p><strong>10-<\/strong> Vous pouvez personnaliser votre <em><strong>page apparaissant apr\u00e8s le paiement de vos utilisateurs<\/strong><\/em><\/p><p><strong>11-<\/strong> Vous pouvez <strong><em>exporter<\/em> <\/strong>votre catalogue, commandes, clients, r\u00e9capitulatif de facturation, l&#8217;archive fiscale, le certificat NF 525, le JET.<\/p><\/td><td><a href=\"https:\/\/www.cmonsite.fr\/creer-un-site\/wp-content\/uploads\/2020\/12\/Capture-1.jpg\"><img decoding=\"async\" class=\"alignnone wp-image-14224 size-full\" src=\"https:\/\/www.cmonsite.fr\/site\/webup\/2020\/12\/Capture-1.jpg\" alt=\"\" width=\"300\" height=\"399\" srcset=\"https:\/\/www.cmonsite.fr\/site\/webup\/2020\/12\/Capture-1.jpg 300w, https:\/\/www.cmonsite.fr\/site\/webup\/2020\/12\/Capture-1-226x300.jpg 226w\" sizes=\"(max-width: 300px) 100vw, 300px\" \/><\/a><\/td><\/tr><\/tbody><\/table><h2><strong>1- <a href=\"\/\/www.cmonsite.fr\/configboutique.php#paiement\" target=\"_blank\" rel=\"noopener\">Moyens de paiement<\/a><\/strong><\/h2><p>C&#8217;est ici que vous renseignerez les moyens de paiements \u00e0 la disposition de\u00a0vos clients.<br \/>Ci-dessous,\u00a0les moyens de payement possible sur CmonSite et que vous pouvez utiliser :<\/p><table><tbody><tr><td><ul><li><h3><a href=\"\/\/www.cmonsite.fr\/creer-un-site\/boutique\/hipay\/\" target=\"_blank\" rel=\"noopener\">HIPAY<\/a><\/h3><\/li><li><a href=\"https:\/\/www.cmonsite.fr\/creer-un-site\/boutique\/stripe-sur-cmonsite\/\">STRIPE<\/a><\/li><li><h3><a href=\"\/\/www.cmonsite.fr\/creer-un-site\/boutique\/paypal\/\" target=\"_blank\" rel=\"noopener\">PAYPAL<\/a><\/h3><\/li><li>ALMA<\/li><li><h3><a href=\"\/\/www.cmonsite.fr\/creer-un-site\/boutique\/paybox\/\" target=\"_blank\" rel=\"noopener\">PAYBOX<\/a><\/h3><\/li><li>PAYPLUG<\/li><li>CHEQUE<\/li><li>VIREMENT<\/li><li>ESP\u00c8CE<\/li><li>CHEQUES VACANCES ANCV<\/li><li>PAIEMENT A LA LIVRAISON<\/li><li>DEMANDE DE DEVIS<\/li><\/ul><\/td><td><p style=\"text-align: center;\">Vous pouvez<strong> t\u00e9l\u00e9charger les diff\u00e9rents logos des moyens de payement<\/strong> pour les ajouter \u00e0 votre site\u00a0:<\/p><table><tbody><tr><td>\u00a0\u00a0<a href=\"\/\/www.cmonsite.fr\/creer-un-site\/wp-content\/uploads\/2012\/11\/Logo-hipay-CmoSsite.png\"><img decoding=\"async\" class=\"aligncenter wp-image-8914 size-full\" src=\"https:\/\/www.cmonsite.fr\/site\/webup\/2012\/11\/Logo-hipay-CmoSsite.png\" alt=\"Logo-hipay-CmoSsite\" width=\"102\" height=\"49\" \/><\/a><\/td><td><a href=\"\/\/www.cmonsite.fr\/creer-un-site\/wp-content\/uploads\/2012\/11\/logo-paypal-CmonSite1.png\"><img loading=\"lazy\" decoding=\"async\" class=\"aligncenter wp-image-8919 size-full\" src=\"https:\/\/www.cmonsite.fr\/site\/webup\/2012\/11\/logo-paypal-CmonSite1.png\" alt=\"\" width=\"102\" height=\"27\" \/><\/a><\/td><td><a href=\"http:\/\/www1.paybox.com\/\"><img loading=\"lazy\" decoding=\"async\" class=\"aligncenter wp-image-8917 size-full\" src=\"https:\/\/www.cmonsite.fr\/site\/webup\/2012\/11\/Paybox_HD.png\" alt=\"Paybox_HD\" width=\"102\" height=\"33\" \/><\/a><\/td><td><img loading=\"lazy\" decoding=\"async\" class=\"aligncenter wp-image-8912 size-full\" src=\"https:\/\/www.cmonsite.fr\/site\/webup\/2012\/11\/logo-cheque-CmonSite.png\" alt=\"logo-cheque-CmonSite\" width=\"101\" height=\"64\" \/><\/td><td><img loading=\"lazy\" decoding=\"async\" class=\"alignnone wp-image-8916 size-full\" src=\"https:\/\/www.cmonsite.fr\/site\/webup\/2012\/11\/logo-virement-CmonSite.png\" alt=\"\" width=\"101\" height=\"64\" \/><\/td><td><img loading=\"lazy\" decoding=\"async\" class=\"aligncenter wp-image-8913 size-full\" src=\"https:\/\/www.cmonsite.fr\/site\/webup\/2012\/11\/logo-especes-CmonSite.png\" alt=\"logo-especes-CmonSite\" width=\"101\" height=\"64\" \/><\/td><\/tr><\/tbody><\/table><h2>\u00a0<\/h2><\/td><\/tr><\/tbody><\/table><p>Pour plus d&#8217;informations sur &#8220;comment configurer ses moyens de paiement&#8221;, consultez cette page : <a href=\"\/\/www.cmonsite.fr\/creer-un-site\/boutique\/configurer-moyens-de-paiement-boutique\/\" target=\"_blank\" rel=\"noopener\">configurer moyens de paiement<\/a><\/p><p style=\"text-align: center;\"><span style=\"text-decoration: underline;\">Vous devez au moins configurer un moyen de payement pour que votre boutique soit activ\u00e9e<\/span><\/p><h2><strong>2- <a href=\"\/\/www.cmonsite.fr\/configboutique.php#tva\" target=\"_blank\" rel=\"noopener\">TVA<\/a><\/strong><\/h2><p>C&#8217;est ici que vous d\u00e9finissez un taux de TVA identique sur tous vos produits ou diff\u00e9rent en les renseignant sur vos produits vis\u00e9s.<\/p><p><strong>3- <a href=\"https:\/\/www.cmonsite.fr\/configboutique.php#currency\">Devise<\/a><\/strong><\/p><p>Ici, vous pourrez d\u00e9finir la devise principale de votre site.<\/p><h2><strong>4- <a href=\"\/\/www.cmonsite.fr\/configboutique.php#mode-catalogue\" target=\"_blank\" rel=\"noopener\">Catalogue produits<\/a><\/strong><\/h2><p>C&#8217;est ici que vous pouvez passer votre boutique en mode &#8220;catalogue&#8221;.<br \/>Le mode catalogue permet d&#8217;afficher vos produits de la boutique sans que les internautes ne puissent passer commande.<\/p><p><em>Cela est utile si vous d\u00e9sirez\u00a0pr\u00e9senter vos produits \/ cr\u00e9ations sans pour autant vouloir vendre en ligne.<\/em><\/p><p>Il est aussi possible de choisir d&#8217;afficher ou non vos produits dont vous n&#8217;avez pas d\u00e9fini le prix ou les produits ayant un prix de 0\u20ac.<\/p><p><strong>5- <a href=\"https:\/\/www.cmonsite.fr\/configboutique.php#config-categorie\">Cat\u00e9gories produits<\/a><\/strong><\/p><p>Vous pourrez y configurer vos cat\u00e9gories produits comme par exemple le nombre de produits affich\u00e9s par page.<br \/>Il est aussi possible d&#8217;y param\u00e9trer votre filtre \u00e0 facette pour que vos clients puissent filtrer vos produits.<\/p><h2><strong>6- <a href=\"\/\/www.cmonsite.fr\/configboutique.php#produits\" target=\"_blank\" rel=\"noopener\">Disponibilit\u00e9s produits<\/a><\/strong><\/h2><p>Cette rubrique vous permet d\u2019indiquer \u00e0 vos clients votre politique g\u00e9n\u00e9rale de gestion des stocks et de livraison (visible sur vos fiches produits).<br \/>Cette information peut \u00eatre personnalis\u00e9e dans les options de personnalisation de la fiche produit.<\/p><p>=&gt; Conform\u00e9ment \u00e0 la loi Hamon, il est obligatoire d&#8217;informer vos clients sur les d\u00e9lais de disponibilit\u00e9s.<\/p><h2><strong>7<\/strong><strong>&#8211; <a href=\"\/\/www.cmonsite.fr\/configboutique.php#facturation\" target=\"_blank\" rel=\"noopener\">Facturation &amp; CGV<\/a><\/strong><\/h2><p>C&#8217;est ici que vous pouvez :<\/p><ul><li><h3>Configurer vos\u00a0factures<\/h3><\/li><li><h3>\u00e9diter \/ importer vos\u00a0cOnditionS g\u00e9n\u00e9rales de vente<\/h3><\/li><li><h3>\u00c9DITER\u00a0\/ IMPORTER\u00a0votre formulaire de r\u00e9tractation<\/h3><\/li><\/ul><p><em>Astuce : Il vous est possible de les g\u00e9n\u00e9rer en format PDF\u00a0<\/em><\/p><p>=&gt;\u00a0Conform\u00e9ment \u00e0 la loi Hamon, il est obligatoire que vous ayez des CGV et\u00a0un\u00a0formulaire de r\u00e9tractation.<br \/>Celles-ci sont inclus dans l\u2019email r\u00e9capitulatif de commande re\u00e7u par vos clients.<\/p><h2><strong>8-<a href=\"\/\/www.cmonsite.fr\/configboutique.php#commande\" target=\"_blank\" rel=\"noopener\"> Processus de commande<\/a><\/strong><\/h2><p>Si vous voulez\u00a0donner une information compl\u00e9mentaire sur la commande\u00a0(ex : 2 produits achet\u00e9s, un produit offert), le formulaire de commande vous permet de l&#8217;indiquer ici.<\/p><p>=&gt; Celui-ci peut aussi \u00eatre utilis\u00e9 pour rappeler \u00e0 vos clients de pr\u00e9ciser leur besoin dans la partie \u00ab Commentaire \u00bb (papier cadeau, disponibilit\u00e9s\u2026).<\/p><h2><strong>9- <a href=\"\/\/www.cmonsite.fr\/configboutique.php#mentions-legales\" target=\"_blank\" rel=\"noopener\">Mentions l\u00e9gales<\/a><\/strong><\/h2><p>C&#8217;est ici que vous pouvez r\u00e9diger vos mentions l\u00e9gales.<br \/>Il est aussi possible de les r\u00e9diger via l&#8217;onglet :\u00a0\u00ab <strong><a href=\"\/\/www.cmonsite.fr\/configuration.php\" target=\"_blank\" rel=\"noopener\">Configuration<\/a><\/strong> \u00bb<\/p><p>=&gt; Si vous avez besoin d&#8217;aide pour r\u00e9diger vos mentions l\u00e9gales vous trouverez les explications pour le faire sur :\u00a0<a href=\"\/\/www.cmonsite.fr\/creer-un-site\/boutique\/comment-bien-rediger-ses-mentions-legales\/\" target=\"_blank\" rel=\"noopener\">R\u00e9diger ses mentions l\u00e9gales<\/a>.<\/p><p><strong>10- <a href=\"https:\/\/www.cmonsite.fr\/configboutique.php#pagepaymentsuccess\">Page apr\u00e8s le paiement<\/a>\u00a0<\/strong><\/p><p>Personnalisez la page qui s&#8217;affichera \u00e0 la suite de son paiement.<\/p><p><strong>11- <a href=\"https:\/\/www.cmonsite.fr\/configboutique.php#export\">Exporter<\/a><\/strong><\/p><p>Vous pouvez exporter votre catalogue, commandes, clients, r\u00e9capitulatif de facturation, l&#8217;archive fiscale, le certificat NF 525, le JET.<\/p><hr \/><p>Voir aussi dans la m\u00eame th\u00e9matique :<\/p><p><a href=\"\/\/www.cmonsite.fr\/creer-un-site\/boutique\/frais-de-port-boutique\/\">G\u00e9rer les frais de port<br \/><\/a><a href=\"\/\/www.cmonsite.fr\/creer-un-site\/boutique\/gerer-les-clients-de-sa-boutique\/\">G\u00e9rer les clients de sa boutique<br \/><\/a><a href=\"\/\/www.cmonsite.fr\/creer-un-site\/boutique\/editer-catalogue-produits-boutique\/\">\u00c9diter le catalogue produits \/ services de sa Boutique en Ligne<br \/><\/a><a href=\"https:\/\/www.cmonsite.fr\/creer-un-site\/boutique\/creer-codes-reduction-boutique\/\">Cr\u00e9er des codes de r\u00e9duction<\/a><\/p>\t\t\t\t\t\t\t\t<\/div>\n\t\t\t\t<\/div>\n\t\t\t\t<div class=\"elementor-element elementor-element-83d638e elementor-widget elementor-widget-spacer\" data-id=\"83d638e\" data-element_type=\"widget\" data-e-type=\"widget\" data-widget_type=\"spacer.default\">\n\t\t\t\t<div class=\"elementor-widget-container\">\n\t\t\t\t\t\t\t<div class=\"elementor-spacer\">\n\t\t\t<div class=\"elementor-spacer-inner\"><\/div>\n\t\t<\/div>\n\t\t\t\t\t\t<\/div>\n\t\t\t\t<\/div>\n\t\t\t\t<div class=\"elementor-element elementor-element-f577940 elementor-widget-divider--view-line elementor-widget elementor-widget-divider\" data-id=\"f577940\" data-element_type=\"widget\" data-e-type=\"widget\" data-widget_type=\"divider.default\">\n\t\t\t\t<div class=\"elementor-widget-container\">\n\t\t\t\t\t\t\t<div class=\"elementor-divider\">\n\t\t\t<span class=\"elementor-divider-separator\">\n\t\t\t\t\t\t<\/span>\n\t\t<\/div>\n\t\t\t\t\t\t<\/div>\n\t\t\t\t<\/div>\n\t\t\t\t<div class=\"elementor-element elementor-element-068eec0 elementor-widget elementor-widget-spacer\" data-id=\"068eec0\" data-element_type=\"widget\" data-e-type=\"widget\" data-widget_type=\"spacer.default\">\n\t\t\t\t<div class=\"elementor-widget-container\">\n\t\t\t\t\t\t\t<div class=\"elementor-spacer\">\n\t\t\t<div class=\"elementor-spacer-inner\"><\/div>\n\t\t<\/div>\n\t\t\t\t\t\t<\/div>\n\t\t\t\t<\/div>\n\t\t\t\t<div class=\"elementor-element elementor-element-7b43b81 elementor-widget elementor-widget-heading\" data-id=\"7b43b81\" data-element_type=\"widget\" data-e-type=\"widget\" data-widget_type=\"heading.default\">\n\t\t\t\t<div class=\"elementor-widget-container\">\n\t\t\t\t\t<h2 class=\"elementor-heading-title elementor-size-default\">D\u00e9couvrez notre vid\u00e9o explicative sur la cr\u00e9ation d'un site E-Commerce sur Cmonsite<\/h2>\t\t\t\t<\/div>\n\t\t\t\t<\/div>\n\t\t\t\t\t<\/div>\n\t\t<\/div>\n\t\t\t\t\t<\/div>\n\t\t<\/section>\n\t\t\t\t<section class=\"elementor-section elementor-top-section elementor-element elementor-element-87e359e elementor-section-boxed elementor-section-height-default elementor-section-height-default\" data-id=\"87e359e\" data-element_type=\"section\" data-e-type=\"section\">\n\t\t\t\t\t\t<div class=\"elementor-container elementor-column-gap-default\">\n\t\t\t\t\t<div class=\"elementor-column elementor-col-33 elementor-top-column elementor-element elementor-element-de4da63\" data-id=\"de4da63\" data-element_type=\"column\" data-e-type=\"column\">\n\t\t\t<div class=\"elementor-widget-wrap\">\n\t\t\t\t\t\t\t<\/div>\n\t\t<\/div>\n\t\t\t\t<div class=\"elementor-column elementor-col-33 elementor-top-column elementor-element elementor-element-27a6a4f\" data-id=\"27a6a4f\" data-element_type=\"column\" data-e-type=\"column\">\n\t\t\t<div class=\"elementor-widget-wrap elementor-element-populated\">\n\t\t\t\t\t\t<div class=\"elementor-element elementor-element-cd11764 elementor-widget elementor-widget-video\" data-id=\"cd11764\" data-element_type=\"widget\" data-e-type=\"widget\" data-settings=\"{&quot;youtube_url&quot;:&quot;https:\\\/\\\/www.youtube.com\\\/watch?v=2kkuMIJnwMo&amp;t=1s&quot;,&quot;video_type&quot;:&quot;youtube&quot;,&quot;controls&quot;:&quot;yes&quot;}\" data-widget_type=\"video.default\">\n\t\t\t\t<div class=\"elementor-widget-container\">\n\t\t\t\t\t\t\t<div class=\"elementor-wrapper elementor-open-inline\">\n\t\t\t<div class=\"elementor-video\"><\/div>\t\t<\/div>\n\t\t\t\t\t\t<\/div>\n\t\t\t\t<\/div>\n\t\t\t\t\t<\/div>\n\t\t<\/div>\n\t\t\t\t<div class=\"elementor-column elementor-col-33 elementor-top-column elementor-element elementor-element-ca831a6\" data-id=\"ca831a6\" data-element_type=\"column\" data-e-type=\"column\">\n\t\t\t<div class=\"elementor-widget-wrap\">\n\t\t\t\t\t\t\t<\/div>\n\t\t<\/div>\n\t\t\t\t\t<\/div>\n\t\t<\/section>\n\t\t\t\t<\/div>\n\t\t","protected":false},"excerpt":{"rendered":"<p>Il suffit de vous rendre dans \u00ab Boutique\u00a0\u00bb, onglet \u00ab Configuration de la Boutique\u00a0\u00bb. Dans un premier temps, vous devez\u00a0accepter les conditions g\u00e9n\u00e9rales d&#8217;Utilisation.Cliquez dessus et lisez-les. Apr\u00e8s avoir pris connaissance de celles-ci,\u00a0cochez la case\u00a0\u00ab oui\u00a0\u00bb,Puis cliquez sur\u00a0\u00ab validez et accepter les conditions\u00a0\u00bb Vous \u00eates\u00a0ainsi\u00a0responsable des produits et services que vous\u00a0vendez sur votre site. Une [&hellip;]<\/p>\n","protected":false},"author":1,"featured_media":18038,"parent":22986,"menu_order":0,"comment_status":"open","ping_status":"open","template":"","meta":{"_helpful_status":1,"footnotes":""},"class_list":["post-8275","page","type-page","status-publish","has-post-thumbnail","hentry"],"_links":{"self":[{"href":"https:\/\/www.cmonsite.fr\/site\/wp-json\/wp\/v2\/pages\/8275","targetHints":{"allow":["GET"]}}],"collection":[{"href":"https:\/\/www.cmonsite.fr\/site\/wp-json\/wp\/v2\/pages"}],"about":[{"href":"https:\/\/www.cmonsite.fr\/site\/wp-json\/wp\/v2\/types\/page"}],"author":[{"embeddable":true,"href":"https:\/\/www.cmonsite.fr\/site\/wp-json\/wp\/v2\/users\/1"}],"replies":[{"embeddable":true,"href":"https:\/\/www.cmonsite.fr\/site\/wp-json\/wp\/v2\/comments?post=8275"}],"version-history":[{"count":5,"href":"https:\/\/www.cmonsite.fr\/site\/wp-json\/wp\/v2\/pages\/8275\/revisions"}],"predecessor-version":[{"id":24718,"href":"https:\/\/www.cmonsite.fr\/site\/wp-json\/wp\/v2\/pages\/8275\/revisions\/24718"}],"up":[{"embeddable":true,"href":"https:\/\/www.cmonsite.fr\/site\/wp-json\/wp\/v2\/pages\/22986"}],"wp:featuredmedia":[{"embeddable":true,"href":"https:\/\/www.cmonsite.fr\/site\/wp-json\/wp\/v2\/media\/18038"}],"wp:attachment":[{"href":"https:\/\/www.cmonsite.fr\/site\/wp-json\/wp\/v2\/media?parent=8275"}],"curies":[{"name":"wp","href":"https:\/\/api.w.org\/{rel}","templated":true}]}}