{"id":7930,"date":"2015-04-15T18:32:45","date_gmt":"2015-04-15T16:32:45","guid":{"rendered":"https:\/\/www.cmonsite.fr\/site\/aide\/?page_id=7930"},"modified":"2015-04-15T18:32:45","modified_gmt":"2015-04-15T16:32:45","slug":"forumactif","status":"publish","type":"page","link":"https:\/\/www.cmonsite.fr\/site\/aide\/astuces-informations\/modules-externes\/forumactif","title":{"rendered":"Cr\u00e9er un forum pour dynamiser une communaut\u00e9"},"content":{"rendered":"<p>Le forum est un formidable outil pour cr\u00e9er et <strong>dynamiser\u00a0une\u00a0communaut\u00e9<\/strong> autour de\u00a0votre site Internet CmonSite.<\/p>\n<p>Votre activit\u00e9\u00a0peut\u00a0\u00eatre caract\u00e9ris\u00e9e par diff\u00e9rents centres d\u2019int\u00e9r\u00eats communs \u00e0 d&#8217;autres sites Internet.<br \/>\nC&#8217;est l\u00e0 tout l\u2019int\u00e9r\u00eat de cr\u00e9er une communaut\u00e9 afin d&#8217;\u00e9changer librement opinions et avis sur des sujets pr\u00e9cis autour d&#8217;un m\u00eame th\u00e8me\u00a0ou\u00a0d&#8217;une m\u00eame passion.<\/p>\n<p>Par exemple\u00a0:<br \/>\n<strong>-&gt;<\/strong> Une boutique en ligne sp\u00e9cialis\u00e9e dans la vente d&#8217;accessoires en provenance d\u2019Am\u00e9rique latine pourrait cr\u00e9er un forum sur les cultures ou les voyages.<br \/>\n<strong>-&gt;<\/strong> Une boutique d&#8217;accessoires de p\u00eache peut cr\u00e9er un forum relatif \u00e0 cette passion.<br \/>\n<strong>-&gt;<\/strong> Un coach en bien-\u00eatre peut cr\u00e9er un forum sur le bonheur.<\/p>\n<p>Il faut toutefois consacrer un peu de temps pour l&#8217;animation de son forum.<\/p>\n<p>CmonSite a ainsi s\u00e9lectionn\u00e9 l&#8217;outil le plus complet et le plus simple pour cr\u00e9er votre\u00a0forum :\u00a0<a title=\"Pour cr\u00e9er un forum gratuit\" href=\"http:\/\/www.forumactif.com\" target=\"_blank\" rel=\"noopener\">ForumActif<\/a><\/p>\n<p style=\"text-align: center;\">Avec\u00a0ForumActif, cr\u00e9er un forum pour votre site Internet n&#8217;a jamais \u00e9t\u00e9 aussi facile !<\/p>\n<p><a href=\"http:\/\/www.forumactif.com\/\"><img decoding=\"async\" class=\" wp-image-7931 size-full aligncenter\" src=\"\/\/www.cmonsite.fr\/site\/webup\/2015\/04\/forumactif-logo.png\" alt=\"forumactif-logo\" width=\"406\" height=\"56\" srcset=\"https:\/\/www.cmonsite.fr\/site\/webup\/2015\/04\/forumactif-logo.png 406w, https:\/\/www.cmonsite.fr\/site\/webup\/2015\/04\/forumactif-logo-300x41.png 300w\" sizes=\"(max-width: 406px) 100vw, 406px\" \/><\/a><\/p>\n<h2>Comment cr\u00e9er mon forum\u00a0sur\u00a0ForumActif ?<\/h2>\n<p>Tout d&#8217;abord, rendez-vous sur <a href=\"http:\/\/www.forumactif.com\/\" target=\"_blank\" rel=\"noopener\">https:\/\/www.forumactif.com\/<\/a> o\u00f9 vous serez invit\u00e9 \u00e0 choisir le nom de votre forum ainsi que son nom de domaine.<\/p>\n<p><img fetchpriority=\"high\" decoding=\"async\" class=\"wp-image-7932 size-full aligncenter\" src=\"\/\/www.cmonsite.fr\/site\/webup\/2015\/04\/forumactif-home.png\" alt=\"forumactif-home\" width=\"1177\" height=\"552\" srcset=\"https:\/\/www.cmonsite.fr\/site\/webup\/2015\/04\/forumactif-home.png 1177w, https:\/\/www.cmonsite.fr\/site\/webup\/2015\/04\/forumactif-home-300x141.png 300w, https:\/\/www.cmonsite.fr\/site\/webup\/2015\/04\/forumactif-home-1024x480.png 1024w, https:\/\/www.cmonsite.fr\/site\/webup\/2015\/04\/forumactif-home-768x360.png 768w\" sizes=\"(max-width: 1177px) 100vw, 1177px\" \/><\/p>\n<p><img decoding=\"async\" class=\" wp-image-7933 alignleft\" src=\"\/\/www.cmonsite.fr\/site\/webup\/2015\/04\/sousdomaineforum.png\" alt=\"sousdomaineforum\" width=\"193\" height=\"205\" \/>L&#8217;adresse (ou URL) de votre Forum\u00a0est importante car elle permet \u00e0 vos internautes de vous identifier.<br \/>\nNous vous conseillons\u00a0d\u2019utiliser une adresse de forum proche du nom de votre site.<\/p>\n<p>Votre adresse de forum sera de type : www.lenomdevotreforum.forumactif.org.<\/p>\n<p>ForumActif, vous propose d\u2019autres extensions (sous-domaines) pour le nom de votre forum.<br \/>\nA vous de choisir celui qui &#8220;sonne &#8221; le mieux.<\/p>\n<p>Dans un deuxi\u00e8me temps, les \u00e9tapes ci-dessous vous sont propos\u00e9es pour finaliser la cr\u00e9ation de votre forum :<\/p>\n<p>&nbsp;<\/p>\n<p><img loading=\"lazy\" decoding=\"async\" class=\"aligncenter wp-image-7934 \" src=\"\/\/www.cmonsite.fr\/site\/webup\/2015\/04\/4-etapes-pour-cr\u00e9er-un-forum.png\" alt=\"4 etapes pour cr\u00e9er un forum\" width=\"906\" height=\"92\" \/><\/p>\n<table>\n<tbody>\n<tr>\n<td>\u00a0<img loading=\"lazy\" decoding=\"async\" class=\" wp-image-7937 size-medium aligncenter\" src=\"\/\/www.cmonsite.fr\/site\/webup\/2015\/04\/infos-sur-mon-forum-300x184.png\" alt=\"infos sur mon forum\" width=\"300\" height=\"184\" srcset=\"https:\/\/www.cmonsite.fr\/site\/webup\/2015\/04\/infos-sur-mon-forum-300x184.png 300w, https:\/\/www.cmonsite.fr\/site\/webup\/2015\/04\/infos-sur-mon-forum-768x471.png 768w, https:\/\/www.cmonsite.fr\/site\/webup\/2015\/04\/infos-sur-mon-forum.png 784w\" sizes=\"(max-width: 300px) 100vw, 300px\" \/><a href=\"\/\/www.cmonsite.fr\/site\/webup\/2015\/04\/infos-sur-ladmin-forum.png\"><br \/>\n<\/a><\/td>\n<td><img loading=\"lazy\" decoding=\"async\" class=\" wp-image-7936 size-medium aligncenter\" src=\"\/\/www.cmonsite.fr\/site\/webup\/2015\/04\/infos-sur-ladmin-forum-300x146.png\" alt=\"infos sur l'admin forum\" width=\"300\" height=\"146\" srcset=\"https:\/\/www.cmonsite.fr\/site\/webup\/2015\/04\/infos-sur-ladmin-forum-300x146.png 300w, https:\/\/www.cmonsite.fr\/site\/webup\/2015\/04\/infos-sur-ladmin-forum-768x373.png 768w, https:\/\/www.cmonsite.fr\/site\/webup\/2015\/04\/infos-sur-ladmin-forum.png 784w\" sizes=\"(max-width: 300px) 100vw, 300px\" \/><\/td>\n<td><img loading=\"lazy\" decoding=\"async\" class=\" wp-image-7938 size-thumbnail aligncenter\" src=\"\/\/www.cmonsite.fr\/site\/webup\/2015\/04\/validation-inscription-forum-150x150.png\" alt=\"validation inscription forum\" width=\"150\" height=\"150\" \/><\/td>\n<td><img loading=\"lazy\" decoding=\"async\" class=\"aligncenter wp-image-7935 size-thumbnail\" title=\"Une clef d'activation a \u00e9t\u00e9 envoy\u00e9e \u00e0 l'adresse e-mail que vous avez fournie. Veuillez v\u00e9rifier votre bo\u00eete e-mail et cliquer sur ce lien pour pouvoir acc\u00e9der \u00e0 votre forum.\" src=\"\/\/www.cmonsite.fr\/site\/webup\/2015\/04\/apres-code-de-confirmation-150x150.png\" alt=\"apres code de confirmation\" width=\"150\" height=\"150\" \/><\/td>\n<\/tr>\n<tr>\n<td style=\"text-align: center;\">D\u00e9crivez votre forum (titre &amp; description)<br \/>\nConfirmez\u00a0l&#8217;adresse de votre forum<\/td>\n<td style=\"text-align: center;\">\u00a0Pr\u00e9cisez le responsable et l&#8217;administrateur du forum<br \/>\n(vous-m\u00eame)<\/td>\n<td style=\"text-align: center;\">Etape de validation 1<br \/>\npar\u00a0mot de passe<\/td>\n<td style=\"text-align: center;\">Acc\u00e9dez \u00e0 votre forum<\/td>\n<\/tr>\n<\/tbody>\n<\/table>\n<p style=\"text-align: center;\">F\u00c9LICITATIONS, VOUS AVEZ CR\u00c9\u00c9 AVEC SUCC\u00c8S VOTRE FORUM.<\/p>\n<p><img loading=\"lazy\" decoding=\"async\" class=\"aligncenter wp-image-7942 \" src=\"\/\/www.cmonsite.fr\/site\/webup\/2015\/04\/Admin-forum-cr\u00e9\u00e9.jpg\" alt=\"Admin forum cr\u00e9\u00e9\" width=\"656\" height=\"654\" \/><\/p>\n<h2>Personnaliser votre forum<\/h2>\n<p>Nous avons relev\u00e9 deux points essentiels :<\/p>\n<table>\n<tbody>\n<tr>\n<td style=\"text-align: center;\">Personnaliser\u00a0votre\u00a0profil administrateur<\/td>\n<td style=\"text-align: center;\">Personnaliser l\u2019aspect visuel de votre forum<\/td>\n<\/tr>\n<tr>\n<td><a href=\"\/\/www.cmonsite.fr\/site\/webup\/2015\/04\/profil-de-mon-formum.png\"><img loading=\"lazy\" decoding=\"async\" class=\" size-medium wp-image-7941 aligncenter\" src=\"\/\/www.cmonsite.fr\/site\/webup\/2015\/04\/profil-de-mon-formum-300x168.png\" alt=\"profil de mon formum\" width=\"300\" height=\"168\" srcset=\"https:\/\/www.cmonsite.fr\/site\/webup\/2015\/04\/profil-de-mon-formum-300x168.png 300w, https:\/\/www.cmonsite.fr\/site\/webup\/2015\/04\/profil-de-mon-formum-768x430.png 768w, https:\/\/www.cmonsite.fr\/site\/webup\/2015\/04\/profil-de-mon-formum.png 933w\" sizes=\"(max-width: 300px) 100vw, 300px\" \/><\/a><\/td>\n<td><a href=\"\/\/www.cmonsite.fr\/site\/webup\/2015\/04\/aspect-visuel-forum.png\"><img loading=\"lazy\" decoding=\"async\" class=\" size-medium wp-image-7940 aligncenter\" src=\"\/\/www.cmonsite.fr\/site\/webup\/2015\/04\/aspect-visuel-forum-300x211.png\" alt=\"aspect visuel forum\" width=\"300\" height=\"211\" srcset=\"https:\/\/www.cmonsite.fr\/site\/webup\/2015\/04\/aspect-visuel-forum-300x211.png 300w, https:\/\/www.cmonsite.fr\/site\/webup\/2015\/04\/aspect-visuel-forum-768x541.png 768w, https:\/\/www.cmonsite.fr\/site\/webup\/2015\/04\/aspect-visuel-forum.png 908w\" sizes=\"(max-width: 300px) 100vw, 300px\" \/><\/a><\/td>\n<\/tr>\n<tr>\n<td style=\"text-align: center;\"><em>Accessible depuis l&#8217;onglet &#8220;Profil&#8221;<\/em><\/td>\n<td style=\"text-align: center;\"><em>Accessible depuis l&#8217;onglet &#8220;Panneau\u00a0d\u2019administration&#8221;<\/em><\/td>\n<\/tr>\n<\/tbody>\n<\/table>\n<p>&nbsp;<\/p>\n<p style=\"text-align: center;\">Plus d\u2019infos : \u00a0<a title=\"Aide pour cr\u00e9\u00e9er un forum\" href=\"http:\/\/forum.forumactif.com\/\" target=\"_blank\" rel=\"noopener\">Forum d&#8217;entraide de ForumActif<\/a><\/p>\n<hr \/>\n<p style=\"text-align: center;\">F\u00e9licitations ! Vous\u00a0avez maintenant la possibilit\u00e9 de cr\u00e9er et g\u00e9rer une\u00a0communaut\u00e9 qui sera forc\u00e9ment utile \u00e0 la visibilit\u00e9\u00a0de votre site ou de votre boutique en\u00a0ligne !<\/p>\n<hr \/>\n<p>&nbsp;<\/p>\n","protected":false},"excerpt":{"rendered":"<p>Le forum est un formidable outil pour cr\u00e9er et dynamiser\u00a0une\u00a0communaut\u00e9 autour de\u00a0votre site Internet CmonSite. Votre activit\u00e9\u00a0peut\u00a0\u00eatre caract\u00e9ris\u00e9e par diff\u00e9rents centres d\u2019int\u00e9r\u00eats communs \u00e0 d&#8217;autres sites Internet. C&#8217;est l\u00e0 tout l\u2019int\u00e9r\u00eat de cr\u00e9er une communaut\u00e9 afin d&#8217;\u00e9changer librement opinions et avis sur des sujets pr\u00e9cis autour d&#8217;un m\u00eame th\u00e8me\u00a0ou\u00a0d&#8217;une m\u00eame passion. Par exemple\u00a0: -&gt; Une [&hellip;]<\/p>\n","protected":false},"author":1,"featured_media":18472,"parent":3020,"menu_order":14,"comment_status":"open","ping_status":"open","template":"","meta":{"_helpful_status":1,"footnotes":""},"class_list":["post-7930","page","type-page","status-publish","has-post-thumbnail","hentry"],"_links":{"self":[{"href":"https:\/\/www.cmonsite.fr\/site\/wp-json\/wp\/v2\/pages\/7930","targetHints":{"allow":["GET"]}}],"collection":[{"href":"https:\/\/www.cmonsite.fr\/site\/wp-json\/wp\/v2\/pages"}],"about":[{"href":"https:\/\/www.cmonsite.fr\/site\/wp-json\/wp\/v2\/types\/page"}],"author":[{"embeddable":true,"href":"https:\/\/www.cmonsite.fr\/site\/wp-json\/wp\/v2\/users\/1"}],"replies":[{"embeddable":true,"href":"https:\/\/www.cmonsite.fr\/site\/wp-json\/wp\/v2\/comments?post=7930"}],"version-history":[{"count":1,"href":"https:\/\/www.cmonsite.fr\/site\/wp-json\/wp\/v2\/pages\/7930\/revisions"}],"predecessor-version":[{"id":21114,"href":"https:\/\/www.cmonsite.fr\/site\/wp-json\/wp\/v2\/pages\/7930\/revisions\/21114"}],"up":[{"embeddable":true,"href":"https:\/\/www.cmonsite.fr\/site\/wp-json\/wp\/v2\/pages\/3020"}],"wp:featuredmedia":[{"embeddable":true,"href":"https:\/\/www.cmonsite.fr\/site\/wp-json\/wp\/v2\/media\/18472"}],"wp:attachment":[{"href":"https:\/\/www.cmonsite.fr\/site\/wp-json\/wp\/v2\/media?parent=7930"}],"curies":[{"name":"wp","href":"https:\/\/api.w.org\/{rel}","templated":true}]}}