{"id":7718,"date":"2014-12-12T12:00:52","date_gmt":"2014-12-12T11:00:52","guid":{"rendered":"https:\/\/www.cmonsite.fr\/site\/aide\/?page_id=7718"},"modified":"2023-07-20T11:39:52","modified_gmt":"2023-07-20T09:39:52","slug":"images-de-fond-site-internet-fetes-de-noel","status":"publish","type":"page","link":"https:\/\/www.cmonsite.fr\/site\/aide\/astuces-informations\/modules-externes\/images-de-fond-site-internet-fetes-de-noel","title":{"rendered":"S\u00e9lection d&#8217;images de Fond sp\u00e9ciales f\u00eates de No\u00ebl"},"content":{"rendered":"\t\t<div data-elementor-type=\"wp-page\" data-elementor-id=\"7718\" class=\"elementor elementor-7718\" data-elementor-post-type=\"page\">\n\t\t\t\t\t\t<section class=\"elementor-section elementor-top-section elementor-element elementor-element-3d24fbc7 elementor-section-boxed elementor-section-height-default elementor-section-height-default\" data-id=\"3d24fbc7\" data-element_type=\"section\" data-e-type=\"section\">\n\t\t\t\t\t\t<div class=\"elementor-container elementor-column-gap-default\">\n\t\t\t\t\t<div class=\"elementor-column elementor-col-100 elementor-top-column elementor-element elementor-element-54bafdc4\" data-id=\"54bafdc4\" data-element_type=\"column\" data-e-type=\"column\">\n\t\t\t<div class=\"elementor-widget-wrap elementor-element-populated\">\n\t\t\t\t\t\t<div class=\"elementor-element elementor-element-ea86c81 elementor-widget elementor-widget-spacer\" data-id=\"ea86c81\" data-element_type=\"widget\" data-e-type=\"widget\" data-widget_type=\"spacer.default\">\n\t\t\t\t<div class=\"elementor-widget-container\">\n\t\t\t\t\t\t\t<div class=\"elementor-spacer\">\n\t\t\t<div class=\"elementor-spacer-inner\"><\/div>\n\t\t<\/div>\n\t\t\t\t\t\t<\/div>\n\t\t\t\t<\/div>\n\t\t\t\t<div class=\"elementor-element elementor-element-f70b550 elementor-widget elementor-widget-text-editor\" data-id=\"f70b550\" data-element_type=\"widget\" data-e-type=\"widget\" data-widget_type=\"text-editor.default\">\n\t\t\t\t<div class=\"elementor-widget-container\">\n\t\t\t\t\t\t\t\t\t<p>Les f\u00eates de fin d\u2019ann\u00e9e approchent et il peut \u00eatre judicieux (et facile) d&#8217;adapter son site \u00e0 ses \u00e9v\u00e8nements conviviaux et joyeux.<\/p><p>Pour cela, nous vous avons s\u00e9lectionn\u00e9 <strong>20 images de fond &#8220;Sp\u00e9cial No\u00ebl&#8221;<\/strong> que pouvez utiliser pour votre site internet.<\/p><p>\u00a0<\/p><p style=\"text-align: center;\"><span style=\"color: #ff0000;\">Vous devez cliquez sur l&#8217;image (afin de l&#8217;agrandir) puis la faire glisser sur votre ordinateur OU clic droit, enregistrer l&#8217;image sous..<\/span><\/p><p>\u00a0<\/p><p><a href=\"\/\/www.cmonsite.fr\/creer-un-site\/wp-content\/uploads\/2014\/12\/Site-neige-CmonSite.jpg\"><img decoding=\"async\" class=\"alignnone wp-image-7719 size-thumbnail\" src=\"\/\/www.cmonsite.fr\/creer-un-site\/wp-content\/uploads\/2014\/12\/Site-neige-CmonSite-150x150.jpg\" alt=\"Site neige CmonSite\" width=\"150\" height=\"150\" \/><\/a> <a href=\"\/\/www.cmonsite.fr\/creer-un-site\/wp-content\/uploads\/2014\/12\/Site-boule-ski-CmonSite.jpg\"><img decoding=\"async\" class=\"alignnone wp-image-7720 size-thumbnail\" src=\"\/\/www.cmonsite.fr\/creer-un-site\/wp-content\/uploads\/2014\/12\/Site-boule-ski-CmonSite-150x150.jpg\" alt=\"Site boule ski- CmonSite\" width=\"150\" height=\"150\" \/><\/a> <a href=\"\/\/www.cmonsite.fr\/creer-un-site\/wp-content\/uploads\/2014\/12\/Site-cadeau-multiple-CmonSite.jpg\"><img decoding=\"async\" class=\"alignnone wp-image-7721 size-thumbnail\" src=\"\/\/www.cmonsite.fr\/creer-un-site\/wp-content\/uploads\/2014\/12\/Site-cadeau-multiple-CmonSite-150x150.jpg\" alt=\"Site cadeau multiple -CmonSite\" width=\"150\" height=\"150\" \/><\/a> <a href=\"\/\/www.cmonsite.fr\/creer-un-site\/wp-content\/uploads\/2014\/12\/Site-cadeaux-\u00e0-offrir-CmonSite.jpg\"><img loading=\"lazy\" decoding=\"async\" class=\"alignnone wp-image-7722 size-thumbnail\" src=\"\/\/www.cmonsite.fr\/creer-un-site\/wp-content\/uploads\/2014\/12\/Site-cadeaux-\u00e0-offrir-CmonSite-150x150.jpg\" alt=\"Site cadeaux \u00e0 offrir -CmonSite\" width=\"150\" height=\"150\" \/><\/a> <a href=\"\/\/www.cmonsite.fr\/creer-un-site\/wp-content\/uploads\/2014\/12\/Site-cercle-\u00e9toil\u00e9-CmonSite.jpg\"><img loading=\"lazy\" decoding=\"async\" class=\"alignnone wp-image-7723 size-thumbnail\" src=\"\/\/www.cmonsite.fr\/creer-un-site\/wp-content\/uploads\/2014\/12\/Site-cercle-\u00e9toil\u00e9-CmonSite-150x150.jpg\" alt=\"Site cercle \u00e9toil\u00e9 - CmonSite\" width=\"150\" height=\"150\" \/><\/a> <a href=\"\/\/www.cmonsite.fr\/creer-un-site\/wp-content\/uploads\/2014\/12\/Site-constelation-CmonSite.jpg\"><img loading=\"lazy\" decoding=\"async\" class=\"alignnone wp-image-7724 size-thumbnail\" src=\"\/\/www.cmonsite.fr\/creer-un-site\/wp-content\/uploads\/2014\/12\/Site-constelation-CmonSite-150x150.jpg\" alt=\"Site constelation CmonSite\" width=\"150\" height=\"150\" \/><\/a> <a href=\"\/\/www.cmonsite.fr\/creer-un-site\/wp-content\/uploads\/2014\/12\/Site-\u00e9toile-noire-CmonSite.jpg\"><img loading=\"lazy\" decoding=\"async\" class=\"alignnone wp-image-7725 size-thumbnail\" src=\"\/\/www.cmonsite.fr\/creer-un-site\/wp-content\/uploads\/2014\/12\/Site-\u00e9toile-noire-CmonSite-150x150.jpg\" alt=\"Site \u00e9toile noire CmonSite\" width=\"150\" height=\"150\" \/><\/a> <a href=\"\/\/www.cmonsite.fr\/creer-un-site\/wp-content\/uploads\/2014\/12\/Site-fond-etoile-CmonSite.jpg\"><img loading=\"lazy\" decoding=\"async\" class=\"alignnone wp-image-7726 size-thumbnail\" src=\"\/\/www.cmonsite.fr\/creer-un-site\/wp-content\/uploads\/2014\/12\/Site-fond-etoile-CmonSite-150x150.jpg\" alt=\"Site fond etoile CmonSite\" width=\"150\" height=\"150\" \/><\/a> <a href=\"\/\/www.cmonsite.fr\/creer-un-site\/wp-content\/uploads\/2014\/12\/Site-noel-rouge-boules-CmonSite.jpg\"><img loading=\"lazy\" decoding=\"async\" class=\"alignnone wp-image-7727 size-thumbnail\" src=\"\/\/www.cmonsite.fr\/creer-un-site\/wp-content\/uploads\/2014\/12\/Site-noel-rouge-boules-CmonSite-150x150.jpg\" alt=\"Site noel rouge boules -CmonSite\" width=\"150\" height=\"150\" \/><\/a> <a href=\"\/\/www.cmonsite.fr\/creer-un-site\/wp-content\/uploads\/2014\/12\/Site-noeuf-rouge-CmonSite.jpg\"><img loading=\"lazy\" decoding=\"async\" class=\"alignnone wp-image-7728 size-thumbnail\" src=\"\/\/www.cmonsite.fr\/creer-un-site\/wp-content\/uploads\/2014\/12\/Site-noeuf-rouge-CmonSite-150x150.jpg\" alt=\"Site noeuf rouge -CmonSite\" width=\"150\" height=\"150\" \/><\/a> <a href=\"\/\/www.cmonsite.fr\/creer-un-site\/wp-content\/uploads\/2014\/12\/Site-sapin-boules-CmonSite.jpg\"><img loading=\"lazy\" decoding=\"async\" class=\"alignnone wp-image-7729 size-thumbnail\" src=\"\/\/www.cmonsite.fr\/creer-un-site\/wp-content\/uploads\/2014\/12\/Site-sapin-boules-CmonSite-150x150.jpg\" alt=\"Site sapin-boules CmonSite\" width=\"150\" height=\"150\" \/><\/a> <a href=\"\/\/www.cmonsite.fr\/creer-un-site\/wp-content\/uploads\/2014\/12\/Site-soleil-CmonSite.jpg\"><img loading=\"lazy\" decoding=\"async\" class=\"alignnone wp-image-7730 size-thumbnail\" src=\"\/\/www.cmonsite.fr\/creer-un-site\/wp-content\/uploads\/2014\/12\/Site-soleil-CmonSite-150x150.jpg\" alt=\"Site soleil CmonSite\" width=\"150\" height=\"150\" \/><\/a> <a href=\"\/\/www.cmonsite.fr\/creer-un-site\/wp-content\/uploads\/2014\/12\/Site-tourbillon-\u00e9toil\u00e9-CmonSite.jpg\"><img loading=\"lazy\" decoding=\"async\" class=\"alignnone wp-image-7731 size-thumbnail\" src=\"\/\/www.cmonsite.fr\/creer-un-site\/wp-content\/uploads\/2014\/12\/Site-tourbillon-\u00e9toil\u00e9-CmonSite-150x150.jpg\" alt=\"Site tourbillon \u00e9toil\u00e9-CmonSite\" width=\"150\" height=\"150\" \/><\/a> <a href=\"\/\/www.cmonsite.fr\/creer-un-site\/wp-content\/uploads\/2014\/12\/Site-voyance-CmonSite.jpg\"><img loading=\"lazy\" decoding=\"async\" class=\"alignnone wp-image-7732 size-thumbnail\" src=\"\/\/www.cmonsite.fr\/creer-un-site\/wp-content\/uploads\/2014\/12\/Site-voyance-CmonSite-150x150.jpg\" alt=\"Site voyance- CmonSite\" width=\"150\" height=\"150\" \/><\/a> <a href=\"\/\/www.cmonsite.fr\/creer-un-site\/wp-content\/uploads\/2014\/12\/Site-bleu-noel-CmonSite.jpg\"><img loading=\"lazy\" decoding=\"async\" class=\"alignnone wp-image-7733 size-thumbnail\" src=\"\/\/www.cmonsite.fr\/creer-un-site\/wp-content\/uploads\/2014\/12\/Site-bleu-noel-CmonSite-150x150.jpg\" alt=\"Site-bleu-noel--CmonSite\" width=\"150\" height=\"150\" \/><\/a> <a href=\"\/\/www.cmonsite.fr\/creer-un-site\/wp-content\/uploads\/2014\/12\/Site-cadre-sapin-CmonSite.jpg\"><img loading=\"lazy\" decoding=\"async\" class=\"alignnone wp-image-7734 size-thumbnail\" src=\"\/\/www.cmonsite.fr\/creer-un-site\/wp-content\/uploads\/2014\/12\/Site-cadre-sapin-CmonSite-150x150.jpg\" alt=\"Site-cadre-sapin-CmonSite\" width=\"150\" height=\"150\" \/><\/a> <a href=\"\/\/www.cmonsite.fr\/creer-un-site\/wp-content\/uploads\/2014\/12\/Site-compo-noel-CmonSite.jpg\"><img loading=\"lazy\" decoding=\"async\" class=\"alignnone wp-image-7735 size-thumbnail\" src=\"\/\/www.cmonsite.fr\/creer-un-site\/wp-content\/uploads\/2014\/12\/Site-compo-noel-CmonSite-150x150.jpg\" alt=\"Site-compo-noel---CmonSite\" width=\"150\" height=\"150\" \/><\/a> <a href=\"\/\/www.cmonsite.fr\/creer-un-site\/wp-content\/uploads\/2014\/12\/Site-compo-tableau-CmonSite.jpg\"><img loading=\"lazy\" decoding=\"async\" class=\"alignnone wp-image-7736 size-thumbnail\" src=\"\/\/www.cmonsite.fr\/creer-un-site\/wp-content\/uploads\/2014\/12\/Site-compo-tableau-CmonSite-150x150.jpg\" alt=\"Site-compo-tableau--CmonSite\" width=\"150\" height=\"150\" \/><\/a> <a href=\"\/\/www.cmonsite.fr\/creer-un-site\/wp-content\/uploads\/2014\/12\/Site-Noel-vert-CmonSite.jpg\"><img loading=\"lazy\" decoding=\"async\" class=\"alignnone wp-image-7737 size-thumbnail\" src=\"\/\/www.cmonsite.fr\/creer-un-site\/wp-content\/uploads\/2014\/12\/Site-Noel-vert-CmonSite-150x150.jpg\" alt=\"Site-Noel-vert---CmonSite\" width=\"150\" height=\"150\" \/><\/a> <a href=\"\/\/www.cmonsite.fr\/creer-un-site\/wp-content\/uploads\/2014\/12\/Site-tarineau-noel-CmonSite.jpg\"><img loading=\"lazy\" decoding=\"async\" class=\"alignnone wp-image-7738 size-thumbnail\" src=\"\/\/www.cmonsite.fr\/creer-un-site\/wp-content\/uploads\/2014\/12\/Site-tarineau-noel-CmonSite-150x150.jpg\" alt=\"Site-tarineau---noel-CmonSite\" width=\"150\" height=\"150\" \/><\/a><\/p><p style=\"text-align: center;\">\u00a0<\/p><p><em>Mettez votre site aux couleurs de No\u00ebl\u00a0!<\/em><\/p><p><em>Pour t\u00e9l\u00e9charger une image<\/em> : Vous devez cliquez sur l&#8217;image (afin de l&#8217;agrandir) puis la faire glisser sur votre ordinateur OU clic droit, enregistrer l&#8217;image sous..<\/p><p><em>Astuce\u00a0:<\/em> Les images de fond \u00e0 t\u00e9l\u00e9charger sont de <strong>1920 pixel de large<\/strong>, c\u2019est l\u2019id\u00e9al pour la majorit\u00e9 des \u00e9crans d\u2019ordinateur.<\/p><p><em>Rappel\u00a0<\/em>: Vous pouvez charger votre image de fond dans la rubrique \u00ab\u00a0Design\u00a0\u00bb, Image de fond.<br \/>Lien direct\u00a0: <a title=\"Ins\u00e9rer un image de fond sur CmonSite\" href=\"\/\/www.cmonsite.fr\/gestion_photo_background.php\" target=\"_blank\" rel=\"noopener\">\/\/www.cmonsite.fr\/gestion_photo_background.php<\/a><\/p><p>Egalement, nous vous avons cr\u00e9ez<strong>\u00a08 banni\u00e8res &#8220;Sp\u00e9cial No\u00ebl&#8221;<\/strong> \u00a0\u00e0 utiliser pour le haut de votre site.<\/p><p>\u00a0<\/p><p><a href=\"\/\/www.cmonsite.fr\/creer-un-site\/wp-content\/uploads\/2014\/12\/bouche-flocon-cmonsite.png\" rel=\"attachment wp-att-9169\"><img loading=\"lazy\" decoding=\"async\" class=\"alignnone wp-image-9169\" src=\"\/\/www.cmonsite.fr\/creer-un-site\/wp-content\/uploads\/2014\/12\/bouche-flocon-cmonsite-1024x80.png\" alt=\"bouche-flocon-cmonsite\" width=\"960\" height=\"75\" srcset=\"https:\/\/www.cmonsite.fr\/site\/webup\/2014\/12\/bouche-flocon-cmonsite-1024x80.png 1024w, https:\/\/www.cmonsite.fr\/site\/webup\/2014\/12\/bouche-flocon-cmonsite-300x23.png 300w, https:\/\/www.cmonsite.fr\/site\/webup\/2014\/12\/bouche-flocon-cmonsite-768x60.png 768w, https:\/\/www.cmonsite.fr\/site\/webup\/2014\/12\/bouche-flocon-cmonsite-1536x120.png 1536w, https:\/\/www.cmonsite.fr\/site\/webup\/2014\/12\/bouche-flocon-cmonsite.png 1920w\" sizes=\"(max-width: 960px) 100vw, 960px\" \/><\/a> <a href=\"\/\/www.cmonsite.fr\/creer-un-site\/wp-content\/uploads\/2014\/12\/bougie-noel-cmonsite.png\" rel=\"attachment wp-att-9170\"><img loading=\"lazy\" decoding=\"async\" class=\"alignnone wp-image-9170\" src=\"\/\/www.cmonsite.fr\/creer-un-site\/wp-content\/uploads\/2014\/12\/bougie-noel-cmonsite-1024x80.png\" alt=\"bougie-noel-cmonsite\" width=\"960\" height=\"75\" srcset=\"https:\/\/www.cmonsite.fr\/site\/webup\/2014\/12\/bougie-noel-cmonsite-1024x80.png 1024w, https:\/\/www.cmonsite.fr\/site\/webup\/2014\/12\/bougie-noel-cmonsite-300x23.png 300w, https:\/\/www.cmonsite.fr\/site\/webup\/2014\/12\/bougie-noel-cmonsite-768x60.png 768w, https:\/\/www.cmonsite.fr\/site\/webup\/2014\/12\/bougie-noel-cmonsite-1536x120.png 1536w, https:\/\/www.cmonsite.fr\/site\/webup\/2014\/12\/bougie-noel-cmonsite.png 1920w\" sizes=\"(max-width: 960px) 100vw, 960px\" \/><\/a> <a href=\"\/\/www.cmonsite.fr\/creer-un-site\/wp-content\/uploads\/2014\/12\/boule-noel-cmonsite.png\" rel=\"attachment wp-att-9171\"><img loading=\"lazy\" decoding=\"async\" class=\"alignnone wp-image-9171\" src=\"\/\/www.cmonsite.fr\/creer-un-site\/wp-content\/uploads\/2014\/12\/boule-noel-cmonsite-1024x80.png\" alt=\"boule-noel-cmonsite\" width=\"960\" height=\"75\" srcset=\"https:\/\/www.cmonsite.fr\/site\/webup\/2014\/12\/boule-noel-cmonsite-1024x80.png 1024w, https:\/\/www.cmonsite.fr\/site\/webup\/2014\/12\/boule-noel-cmonsite-300x23.png 300w, https:\/\/www.cmonsite.fr\/site\/webup\/2014\/12\/boule-noel-cmonsite-768x60.png 768w, https:\/\/www.cmonsite.fr\/site\/webup\/2014\/12\/boule-noel-cmonsite-1536x120.png 1536w, https:\/\/www.cmonsite.fr\/site\/webup\/2014\/12\/boule-noel-cmonsite.png 1920w\" sizes=\"(max-width: 960px) 100vw, 960px\" \/><\/a> <a href=\"\/\/www.cmonsite.fr\/creer-un-site\/wp-content\/uploads\/2014\/12\/flocon-hiver-cmonsite.png\" rel=\"attachment wp-att-9172\"><img loading=\"lazy\" decoding=\"async\" class=\"alignnone wp-image-9172\" src=\"\/\/www.cmonsite.fr\/creer-un-site\/wp-content\/uploads\/2014\/12\/flocon-hiver-cmonsite-1024x80.png\" alt=\"flocon-hiver-cmonsite\" width=\"960\" height=\"75\" srcset=\"https:\/\/www.cmonsite.fr\/site\/webup\/2014\/12\/flocon-hiver-cmonsite-1024x80.png 1024w, https:\/\/www.cmonsite.fr\/site\/webup\/2014\/12\/flocon-hiver-cmonsite-300x23.png 300w, https:\/\/www.cmonsite.fr\/site\/webup\/2014\/12\/flocon-hiver-cmonsite-768x60.png 768w, https:\/\/www.cmonsite.fr\/site\/webup\/2014\/12\/flocon-hiver-cmonsite-1536x120.png 1536w, https:\/\/www.cmonsite.fr\/site\/webup\/2014\/12\/flocon-hiver-cmonsite.png 1920w\" sizes=\"(max-width: 960px) 100vw, 960px\" \/><br \/><\/a><a href=\"\/\/www.cmonsite.fr\/creer-un-site\/wp-content\/uploads\/2014\/12\/boulle-no\u00ebl-CmoNSite.png\" rel=\"attachment wp-att-9174\"><img loading=\"lazy\" decoding=\"async\" class=\"alignnone wp-image-9174\" src=\"\/\/www.cmonsite.fr\/creer-un-site\/wp-content\/uploads\/2014\/12\/boulle-no\u00ebl-CmoNSite-1024x80.png\" alt=\"boulle no\u00ebl CmoNSite\" width=\"960\" height=\"75\" \/><\/a><a href=\"\/\/www.cmonsite.fr\/creer-un-site\/wp-content\/uploads\/2014\/12\/flocon-pour-site-Cmonsite.png\" rel=\"attachment wp-att-9176\"><img loading=\"lazy\" decoding=\"async\" class=\"alignnone wp-image-9176\" src=\"\/\/www.cmonsite.fr\/creer-un-site\/wp-content\/uploads\/2014\/12\/flocon-pour-site-Cmonsite-1024x80.png\" alt=\"flocon pour site Cmonsite\" width=\"960\" height=\"75\" srcset=\"https:\/\/www.cmonsite.fr\/site\/webup\/2014\/12\/flocon-pour-site-Cmonsite-1024x80.png 1024w, https:\/\/www.cmonsite.fr\/site\/webup\/2014\/12\/flocon-pour-site-Cmonsite-300x23.png 300w, https:\/\/www.cmonsite.fr\/site\/webup\/2014\/12\/flocon-pour-site-Cmonsite-768x60.png 768w, https:\/\/www.cmonsite.fr\/site\/webup\/2014\/12\/flocon-pour-site-Cmonsite-1536x120.png 1536w, https:\/\/www.cmonsite.fr\/site\/webup\/2014\/12\/flocon-pour-site-Cmonsite.png 1920w\" sizes=\"(max-width: 960px) 100vw, 960px\" \/><\/a><a href=\"\/\/www.cmonsite.fr\/creer-un-site\/wp-content\/uploads\/2014\/12\/noix-noel-2015cmonsite.png\" rel=\"attachment wp-att-9177\"><img loading=\"lazy\" decoding=\"async\" class=\"alignnone wp-image-9177\" src=\"\/\/www.cmonsite.fr\/creer-un-site\/wp-content\/uploads\/2014\/12\/noix-noel-2015cmonsite-1024x80.png\" alt=\"noix noel 2015cmonsite\" width=\"960\" height=\"75\" srcset=\"https:\/\/www.cmonsite.fr\/site\/webup\/2014\/12\/noix-noel-2015cmonsite-1024x80.png 1024w, https:\/\/www.cmonsite.fr\/site\/webup\/2014\/12\/noix-noel-2015cmonsite-300x23.png 300w, https:\/\/www.cmonsite.fr\/site\/webup\/2014\/12\/noix-noel-2015cmonsite-768x60.png 768w, https:\/\/www.cmonsite.fr\/site\/webup\/2014\/12\/noix-noel-2015cmonsite-1536x120.png 1536w, https:\/\/www.cmonsite.fr\/site\/webup\/2014\/12\/noix-noel-2015cmonsite.png 1920w\" sizes=\"(max-width: 960px) 100vw, 960px\" \/><\/a><a href=\"\/\/www.cmonsite.fr\/creer-un-site\/wp-content\/uploads\/2014\/12\/pere-noel-ban-cmonsite.png\" rel=\"attachment wp-att-9178\"><img loading=\"lazy\" decoding=\"async\" class=\"alignnone wp-image-9178\" src=\"\/\/www.cmonsite.fr\/creer-un-site\/wp-content\/uploads\/2014\/12\/pere-noel-ban-cmonsite-1024x80.png\" alt=\"pere-noel-ban-cmonsite\" width=\"960\" height=\"75\" srcset=\"https:\/\/www.cmonsite.fr\/site\/webup\/2014\/12\/pere-noel-ban-cmonsite-1024x80.png 1024w, https:\/\/www.cmonsite.fr\/site\/webup\/2014\/12\/pere-noel-ban-cmonsite-300x23.png 300w, https:\/\/www.cmonsite.fr\/site\/webup\/2014\/12\/pere-noel-ban-cmonsite-768x60.png 768w, https:\/\/www.cmonsite.fr\/site\/webup\/2014\/12\/pere-noel-ban-cmonsite-1536x120.png 1536w, https:\/\/www.cmonsite.fr\/site\/webup\/2014\/12\/pere-noel-ban-cmonsite.png 1920w\" sizes=\"(max-width: 960px) 100vw, 960px\" \/><\/a><a href=\"\/\/www.cmonsite.fr\/creer-un-site\/wp-content\/uploads\/2014\/12\/flocon-hiver-cmonsite.png\" rel=\"attachment wp-att-9172\"><br \/><\/a><\/p><p>\u00a0<\/p><p><em>Astuce\u00a0:<\/em> Les banni\u00e8res\u00a0\u00e0 t\u00e9l\u00e9charger sont de <strong>1920 pixel de large pour 150 pixel de hauteur.\u00a0<\/strong>Vous pouvez les ajuster\u00a0\u00e0\u00a0votre\u00a0guise.<\/p><p><em>Rappel\u00a0<\/em>: Vous pouvez charger votre banni\u00e8re\u00a0dans la rubrique \u00ab Personnalisation Design\u00a0\u00bb,\u00a0Haut de site<br \/>Lien direct\u00a0: <a href=\"\/\/www.cmonsite.fr\/modif_design.php\" target=\"_blank\" rel=\"noopener\">\/\/www.cmonsite.fr\/modif_design.php\u00a0<\/a><\/p><p><strong><em>Rappel &amp;\u00a0Conseil :\u00a0<\/em><\/strong><br \/>Les p\u00e9riode de fin d &#8216;ann\u00e9e sont \u00e9galement propices pour communiquer sur des \u00e9v\u00e9nements positives\u00a0qui touchent votre site internet de mani\u00e8re direct ou indirect.<br \/><em>Par exemple, vous pouvez mettre en avant vos promotions de fin d&#8217;ann\u00e9e, vous pouvez r\u00e9diger un article sur votre blog \u00e0 propos\u00a0des\u00a0festivit\u00e9s pr\u00e9vus dans votre r\u00e9gion, ou tout simplement,\u00a0\u00e9diter un message pour\u00a0souhaiter\u00a0de\u00a0bonnes f\u00eates de fin d&#8217;ann\u00e9e \u00e0 vos clients et partenaires<\/em>.<\/p><p>\u00a0<\/p><p><a href=\"\/\/www.cmonsite.fr\" target=\"_blank\" rel=\"noopener\">\u00a0<\/a><\/p>\t\t\t\t\t\t\t\t<\/div>\n\t\t\t\t<\/div>\n\t\t\t\t\t<\/div>\n\t\t<\/div>\n\t\t\t\t\t<\/div>\n\t\t<\/section>\n\t\t\t\t<section class=\"elementor-section elementor-top-section elementor-element elementor-element-be3b961 elementor-section-boxed elementor-section-height-default elementor-section-height-default\" data-id=\"be3b961\" data-element_type=\"section\" data-e-type=\"section\">\n\t\t\t\t\t\t<div class=\"elementor-container elementor-column-gap-default\">\n\t\t\t\t\t<div class=\"elementor-column elementor-col-100 elementor-top-column elementor-element elementor-element-1f1ccb5\" data-id=\"1f1ccb5\" data-element_type=\"column\" data-e-type=\"column\">\n\t\t\t<div class=\"elementor-widget-wrap\">\n\t\t\t\t\t\t\t<\/div>\n\t\t<\/div>\n\t\t\t\t\t<\/div>\n\t\t<\/section>\n\t\t\t\t<\/div>\n\t\t","protected":false},"excerpt":{"rendered":"<p>Les f\u00eates de fin d\u2019ann\u00e9e approchent et il peut \u00eatre judicieux (et facile) d&#8217;adapter son site \u00e0 ses \u00e9v\u00e8nements conviviaux et joyeux. Pour cela, nous vous avons s\u00e9lectionn\u00e9 20 images de fond &#8220;Sp\u00e9cial No\u00ebl&#8221; que pouvez utiliser pour votre site internet. \u00a0 Vous devez cliquez sur l&#8217;image (afin de l&#8217;agrandir) puis la faire glisser sur [&hellip;]<\/p>\n","protected":false},"author":1,"featured_media":0,"parent":3020,"menu_order":13,"comment_status":"open","ping_status":"open","template":"","meta":{"_helpful_status":1,"footnotes":""},"class_list":["post-7718","page","type-page","status-publish","hentry"],"_links":{"self":[{"href":"https:\/\/www.cmonsite.fr\/site\/wp-json\/wp\/v2\/pages\/7718","targetHints":{"allow":["GET"]}}],"collection":[{"href":"https:\/\/www.cmonsite.fr\/site\/wp-json\/wp\/v2\/pages"}],"about":[{"href":"https:\/\/www.cmonsite.fr\/site\/wp-json\/wp\/v2\/types\/page"}],"author":[{"embeddable":true,"href":"https:\/\/www.cmonsite.fr\/site\/wp-json\/wp\/v2\/users\/1"}],"replies":[{"embeddable":true,"href":"https:\/\/www.cmonsite.fr\/site\/wp-json\/wp\/v2\/comments?post=7718"}],"version-history":[{"count":4,"href":"https:\/\/www.cmonsite.fr\/site\/wp-json\/wp\/v2\/pages\/7718\/revisions"}],"predecessor-version":[{"id":25149,"href":"https:\/\/www.cmonsite.fr\/site\/wp-json\/wp\/v2\/pages\/7718\/revisions\/25149"}],"up":[{"embeddable":true,"href":"https:\/\/www.cmonsite.fr\/site\/wp-json\/wp\/v2\/pages\/3020"}],"wp:attachment":[{"href":"https:\/\/www.cmonsite.fr\/site\/wp-json\/wp\/v2\/media?parent=7718"}],"curies":[{"name":"wp","href":"https:\/\/api.w.org\/{rel}","templated":true}]}}