{"id":7612,"date":"2014-08-01T14:44:39","date_gmt":"2014-08-01T12:44:39","guid":{"rendered":"https:\/\/www.cmonsite.fr\/site\/aide\/?page_id=7612"},"modified":"2014-08-01T14:44:39","modified_gmt":"2014-08-01T12:44:39","slug":"mode-catalogue","status":"publish","type":"page","link":"https:\/\/www.cmonsite.fr\/site\/aide\/configuration-de-la-boutique\/mode-catalogue","title":{"rendered":"Cr\u00e9er votre catalogue virtuel"},"content":{"rendered":"\t\t<div data-elementor-type=\"wp-page\" data-elementor-id=\"7612\" class=\"elementor elementor-7612\" data-elementor-post-type=\"page\">\n\t\t\t\t\t\t<section class=\"elementor-section elementor-top-section elementor-element elementor-element-556211bc elementor-section-boxed elementor-section-height-default elementor-section-height-default\" data-id=\"556211bc\" data-element_type=\"section\" data-e-type=\"section\">\n\t\t\t\t\t\t<div class=\"elementor-container elementor-column-gap-default\">\n\t\t\t\t\t<div class=\"elementor-column elementor-col-100 elementor-top-column elementor-element elementor-element-37d32b58\" data-id=\"37d32b58\" data-element_type=\"column\" data-e-type=\"column\">\n\t\t\t<div class=\"elementor-widget-wrap elementor-element-populated\">\n\t\t\t\t\t\t<div class=\"elementor-element elementor-element-85c3f36 elementor-widget elementor-widget-heading\" data-id=\"85c3f36\" data-element_type=\"widget\" data-e-type=\"widget\" data-widget_type=\"heading.default\">\n\t\t\t\t<div class=\"elementor-widget-container\">\n\t\t\t\t\t<h2 class=\"elementor-heading-title elementor-size-default\">1. Le mode catalogue<\/h2>\t\t\t\t<\/div>\n\t\t\t\t<\/div>\n\t\t\t\t<div class=\"elementor-element elementor-element-7f2d861 elementor-widget elementor-widget-text-editor\" data-id=\"7f2d861\" data-element_type=\"widget\" data-e-type=\"widget\" data-widget_type=\"text-editor.default\">\n\t\t\t\t<div class=\"elementor-widget-container\">\n\t\t\t\t\t\t\t\t\t<p>Le mode catalogue en ligne est la solution id\u00e9ale si vous souhaitez pr\u00e9senter votre travail, vos produits ou vos services\u00a0<span style=\"color: var( --e-global-color-text ); font-family: var( --e-global-typography-text-font-family ), Sans-serif; font-weight: var( --e-global-typography-text-font-weight );\">\u00e0 l&#8217;aide de fiches explicatives d\u00e9taill\u00e9es,\u00a0<\/span><b style=\"color: var( --e-global-color-text ); font-family: var( --e-global-typography-text-font-family ), Sans-serif;\">sans les vendre<\/b><span style=\"color: var( --e-global-color-text ); font-family: var( --e-global-typography-text-font-family ), Sans-serif; font-weight: var( --e-global-typography-text-font-weight );\">.<\/span><\/p>\t\t\t\t\t\t\t\t<\/div>\n\t\t\t\t<\/div>\n\t\t\t\t<div class=\"elementor-element elementor-element-212228d elementor-widget elementor-widget-text-editor\" data-id=\"212228d\" data-element_type=\"widget\" data-e-type=\"widget\" data-widget_type=\"text-editor.default\">\n\t\t\t\t<div class=\"elementor-widget-container\">\n\t\t\t\t\t\t\t\t\t<p><u>Les fonctionnalit\u00e9s du mode de catalogue en ligne :<\/u><\/p><ul><li>1 \u00e0 10 images<\/li><li>Le nom du produit<\/li><li>La r\u00e9f\u00e9rence du produit<\/li><li>Une description courte<\/li><li>Une description longue<\/li><li>L\u2019affiche ou non du prix de vente<\/li><\/ul><div>\u00a0<\/div>\t\t\t\t\t\t\t\t<\/div>\n\t\t\t\t<\/div>\n\t\t\t\t<div class=\"elementor-element elementor-element-ac11ec4 elementor-widget elementor-widget-text-editor\" data-id=\"ac11ec4\" data-element_type=\"widget\" data-e-type=\"widget\" data-widget_type=\"text-editor.default\">\n\t\t\t\t<div class=\"elementor-widget-container\">\n\t\t\t\t\t\t\t\t\t<p><b>Tous vos produits seront visibles et disponibles \u00e0 la consultation par vos internautes,\u00a0<span style=\"color: var( --e-global-color-text ); font-family: var( --e-global-typography-text-font-family ), Sans-serif;\">mais ces derniers ne pourront pas passer directement une commande depuis votre site !<\/span><\/b><\/p><div>\u00a0<\/div>\t\t\t\t\t\t\t\t<\/div>\n\t\t\t\t<\/div>\n\t\t\t\t<div class=\"elementor-element elementor-element-9507e4b elementor-widget elementor-widget-spacer\" data-id=\"9507e4b\" data-element_type=\"widget\" data-e-type=\"widget\" data-widget_type=\"spacer.default\">\n\t\t\t\t<div class=\"elementor-widget-container\">\n\t\t\t\t\t\t\t<div class=\"elementor-spacer\">\n\t\t\t<div class=\"elementor-spacer-inner\"><\/div>\n\t\t<\/div>\n\t\t\t\t\t\t<\/div>\n\t\t\t\t<\/div>\n\t\t\t\t<div class=\"elementor-element elementor-element-2a5b558 elementor-widget elementor-widget-heading\" data-id=\"2a5b558\" data-element_type=\"widget\" data-e-type=\"widget\" data-widget_type=\"heading.default\">\n\t\t\t\t<div class=\"elementor-widget-container\">\n\t\t\t\t\t<h2 class=\"elementor-heading-title elementor-size-default\">2. Activer le mode catalogue<\/h2>\t\t\t\t<\/div>\n\t\t\t\t<\/div>\n\t\t\t\t<div class=\"elementor-element elementor-element-3b0f917 elementor-widget elementor-widget-text-editor\" data-id=\"3b0f917\" data-element_type=\"widget\" data-e-type=\"widget\" data-widget_type=\"text-editor.default\">\n\t\t\t\t<div class=\"elementor-widget-container\">\n\t\t\t\t\t\t\t\t\t<p>Pour activer le mode catalogue sur votre boutique, rendez-vous d&#8217;abord \u00e0 <b>&#8220;Boutique&#8221; <\/b>&gt; <b>&#8220;Configuration du Catalogue&#8221;<\/b> depuis votre page d&#8217;administration.<br \/>Vous pouvez \u00e9galement acc\u00e9der \u00e0 cette page en suivant ce lien :\u00a0<a style=\"font-family: var( --e-global-typography-text-font-family ), Sans-serif; background-color: #ffffff;\" href=\"https:\/\/www.cmonsite.fr\/configboutique.php#mode-catalogue\" target=\"_blank\" rel=\"noopener\">Configuration du catalogue<\/a><\/p><p>Il vous suffira ensuite d&#8217;activer le mode catalogue en s\u00e9lectionnant le bouton <b>&#8220;oui&#8221;<\/b> dans le sous-menu <b>&#8220;Mode Catalogue (D\u00e9sactiver la vente)&#8221;<\/b>.<\/p><div>\u00a0<\/div>\t\t\t\t\t\t\t\t<\/div>\n\t\t\t\t<\/div>\n\t\t\t\t<div class=\"elementor-element elementor-element-f5c7f25 elementor-widget elementor-widget-spacer\" data-id=\"f5c7f25\" data-element_type=\"widget\" data-e-type=\"widget\" data-widget_type=\"spacer.default\">\n\t\t\t\t<div class=\"elementor-widget-container\">\n\t\t\t\t\t\t\t<div class=\"elementor-spacer\">\n\t\t\t<div class=\"elementor-spacer-inner\"><\/div>\n\t\t<\/div>\n\t\t\t\t\t\t<\/div>\n\t\t\t\t<\/div>\n\t\t\t\t<div class=\"elementor-element elementor-element-9604524 elementor-widget-divider--view-line elementor-widget elementor-widget-divider\" data-id=\"9604524\" data-element_type=\"widget\" data-e-type=\"widget\" data-widget_type=\"divider.default\">\n\t\t\t\t<div class=\"elementor-widget-container\">\n\t\t\t\t\t\t\t<div class=\"elementor-divider\">\n\t\t\t<span class=\"elementor-divider-separator\">\n\t\t\t\t\t\t<\/span>\n\t\t<\/div>\n\t\t\t\t\t\t<\/div>\n\t\t\t\t<\/div>\n\t\t\t\t<section class=\"elementor-section elementor-inner-section elementor-element elementor-element-0cadbc9 elementor-section-boxed elementor-section-height-default elementor-section-height-default\" data-id=\"0cadbc9\" data-element_type=\"section\" data-e-type=\"section\">\n\t\t\t\t\t\t<div class=\"elementor-container elementor-column-gap-default\">\n\t\t\t\t\t<div class=\"elementor-column elementor-col-50 elementor-inner-column elementor-element elementor-element-2d70cdb\" data-id=\"2d70cdb\" data-element_type=\"column\" data-e-type=\"column\">\n\t\t\t<div class=\"elementor-widget-wrap elementor-element-populated\">\n\t\t\t\t\t\t<div class=\"elementor-element elementor-element-e67a72a elementor-widget elementor-widget-text-editor\" data-id=\"e67a72a\" data-element_type=\"widget\" data-e-type=\"widget\" data-widget_type=\"text-editor.default\">\n\t\t\t\t<div class=\"elementor-widget-container\">\n\t\t\t\t\t\t\t\t\t<p><b><u>MODE CATALOGUE D\u00c9SACTIV\u00c9\u00a0<\/u><\/b><\/p>\t\t\t\t\t\t\t\t<\/div>\n\t\t\t\t<\/div>\n\t\t\t\t\t<\/div>\n\t\t<\/div>\n\t\t\t\t<div class=\"elementor-column elementor-col-50 elementor-inner-column elementor-element elementor-element-994fc17\" data-id=\"994fc17\" data-element_type=\"column\" data-e-type=\"column\">\n\t\t\t<div class=\"elementor-widget-wrap elementor-element-populated\">\n\t\t\t\t\t\t<div class=\"elementor-element elementor-element-7b2bd0b elementor-widget elementor-widget-text-editor\" data-id=\"7b2bd0b\" data-element_type=\"widget\" data-e-type=\"widget\" data-widget_type=\"text-editor.default\">\n\t\t\t\t<div class=\"elementor-widget-container\">\n\t\t\t\t\t\t\t\t\t<p><b><u>MODE CATALOGUE ACTIV<\/u><\/b><u style=\"font-weight: 700;\">\u00c9<\/u><\/p>\t\t\t\t\t\t\t\t<\/div>\n\t\t\t\t<\/div>\n\t\t\t\t\t<\/div>\n\t\t<\/div>\n\t\t\t\t\t<\/div>\n\t\t<\/section>\n\t\t\t\t<div class=\"elementor-element elementor-element-62e3ae2 gallery-spacing-custom elementor-widget elementor-widget-image-gallery\" data-id=\"62e3ae2\" data-element_type=\"widget\" data-e-type=\"widget\" data-widget_type=\"image-gallery.default\">\n\t\t\t\t<div class=\"elementor-widget-container\">\n\t\t\t\t\t\t\t<div class=\"elementor-image-gallery\">\n\t\t\t<div id='gallery-1' class='gallery galleryid-7612 gallery-columns-2 gallery-size-2048x2048'><figure class='gallery-item'>\n\t\t\t<div class='gallery-icon landscape'>\n\t\t\t\t<a data-elementor-open-lightbox=\"yes\" data-elementor-lightbox-slideshow=\"62e3ae2\" data-elementor-lightbox-title=\"mode-catalogue\" data-e-action-hash=\"#elementor-action%3Aaction%3Dlightbox%26settings%3DeyJpZCI6MTYyMzUsInVybCI6Imh0dHBzOlwvXC93d3cuY21vbnNpdGUuZnJcL3NpdGVcL3dwLWNvbnRlbnRcL3VwbG9hZHNcLzIwMjFcLzA2XC9tb2RlLWNhdGFsb2d1ZS0xLmpwZyIsInNsaWRlc2hvdyI6IjYyZTNhZTIifQ%3D%3D\" href='https:\/\/www.cmonsite.fr\/site\/webup\/2021\/06\/mode-catalogue-1.jpg'><img fetchpriority=\"high\" decoding=\"async\" width=\"822\" height=\"388\" src=\"https:\/\/www.cmonsite.fr\/site\/webup\/2021\/06\/mode-catalogue-1.jpg\" class=\"attachment-2048x2048 size-2048x2048\" alt=\"\" srcset=\"https:\/\/www.cmonsite.fr\/site\/webup\/2021\/06\/mode-catalogue-1.jpg 822w, https:\/\/www.cmonsite.fr\/site\/webup\/2021\/06\/mode-catalogue-1-300x142.jpg 300w, https:\/\/www.cmonsite.fr\/site\/webup\/2021\/06\/mode-catalogue-1-768x363.jpg 768w\" sizes=\"(max-width: 822px) 100vw, 822px\" \/><\/a>\n\t\t\t<\/div><\/figure><figure class='gallery-item'>\n\t\t\t<div class='gallery-icon landscape'>\n\t\t\t\t<a data-elementor-open-lightbox=\"yes\" data-elementor-lightbox-slideshow=\"62e3ae2\" data-elementor-lightbox-title=\"mode-catalogue-active\" data-e-action-hash=\"#elementor-action%3Aaction%3Dlightbox%26settings%3DeyJpZCI6MTYyMzYsInVybCI6Imh0dHBzOlwvXC93d3cuY21vbnNpdGUuZnJcL3NpdGVcL3dwLWNvbnRlbnRcL3VwbG9hZHNcLzIwMjFcLzA2XC9tb2RlLWNhdGFsb2d1ZS1hY3RpdmUtMS5qcGciLCJzbGlkZXNob3ciOiI2MmUzYWUyIn0%3D\" href='https:\/\/www.cmonsite.fr\/site\/webup\/2021\/06\/mode-catalogue-active-1.jpg'><img decoding=\"async\" width=\"819\" height=\"311\" src=\"https:\/\/www.cmonsite.fr\/site\/webup\/2021\/06\/mode-catalogue-active-1.jpg\" class=\"attachment-2048x2048 size-2048x2048\" alt=\"\" srcset=\"https:\/\/www.cmonsite.fr\/site\/webup\/2021\/06\/mode-catalogue-active-1.jpg 819w, https:\/\/www.cmonsite.fr\/site\/webup\/2021\/06\/mode-catalogue-active-1-300x114.jpg 300w, https:\/\/www.cmonsite.fr\/site\/webup\/2021\/06\/mode-catalogue-active-1-768x292.jpg 768w\" sizes=\"(max-width: 819px) 100vw, 819px\" \/><\/a>\n\t\t\t<\/div><\/figure>\n\t\t<\/div>\n\t\t<\/div>\n\t\t\t\t\t\t<\/div>\n\t\t\t\t<\/div>\n\t\t\t\t<div class=\"elementor-element elementor-element-45aa2a9 elementor-widget-divider--view-line elementor-widget elementor-widget-divider\" data-id=\"45aa2a9\" data-element_type=\"widget\" data-e-type=\"widget\" data-widget_type=\"divider.default\">\n\t\t\t\t<div class=\"elementor-widget-container\">\n\t\t\t\t\t\t\t<div class=\"elementor-divider\">\n\t\t\t<span class=\"elementor-divider-separator\">\n\t\t\t\t\t\t<\/span>\n\t\t<\/div>\n\t\t\t\t\t\t<\/div>\n\t\t\t\t<\/div>\n\t\t\t\t<div class=\"elementor-element elementor-element-fd0d5ed elementor-widget elementor-widget-spacer\" data-id=\"fd0d5ed\" data-element_type=\"widget\" data-e-type=\"widget\" data-widget_type=\"spacer.default\">\n\t\t\t\t<div class=\"elementor-widget-container\">\n\t\t\t\t\t\t\t<div class=\"elementor-spacer\">\n\t\t\t<div class=\"elementor-spacer-inner\"><\/div>\n\t\t<\/div>\n\t\t\t\t\t\t<\/div>\n\t\t\t\t<\/div>\n\t\t\t\t<div class=\"elementor-element elementor-element-8b69214 elementor-widget elementor-widget-heading\" data-id=\"8b69214\" data-element_type=\"widget\" data-e-type=\"widget\" data-widget_type=\"heading.default\">\n\t\t\t\t<div class=\"elementor-widget-container\">\n\t\t\t\t\t<h2 class=\"elementor-heading-title elementor-size-default\">3. Configuration du catalogue<\/h2>\t\t\t\t<\/div>\n\t\t\t\t<\/div>\n\t\t\t\t<div class=\"elementor-element elementor-element-6223e66 elementor-widget elementor-widget-text-editor\" data-id=\"6223e66\" data-element_type=\"widget\" data-e-type=\"widget\" data-widget_type=\"text-editor.default\">\n\t\t\t\t<div class=\"elementor-widget-container\">\n\t\t\t\t\t\t\t\t\t<p>C&#8217;est sur cette m\u00eame page que vous allez pouvoir configurer votre catalogue.\u00a0<\/p>\t\t\t\t\t\t\t\t<\/div>\n\t\t\t\t<\/div>\n\t\t\t\t<div class=\"elementor-element elementor-element-a1d1182 elementor-widget elementor-widget-text-editor\" data-id=\"a1d1182\" data-element_type=\"widget\" data-e-type=\"widget\" data-widget_type=\"text-editor.default\">\n\t\t\t\t<div class=\"elementor-widget-container\">\n\t\t\t\t\t\t\t\t\t<p><b style=\"color: var( --e-global-color-text );\">Configuration g\u00e9n\u00e9rale :<\/b><br><\/p>\n<ul>\n<li><u>Configuration de vos produits :<\/u>&nbsp;Ce panneau de configuration vous permettra de choisir d&#8217;afficher ou non vos produits dans votre catalogue lorsque vous n&#8217;en avez pas indiqu\u00e9 le prix<\/li>\n<li><span style=\"color: var( --e-global-color-text ); font-family: var( --e-global-typography-text-font-family ), Sans-serif; font-weight: var( --e-global-typography-text-font-weight );\"><u>Mode catalogue :<\/u>&nbsp;Activez ou d\u00e9sactivez le mode catalogue, ainsi que l&#8217;affichage des prix de vos produits lorsque le mode catalogue est activ\u00e9.&nbsp;<\/span><\/li>\n<li><u>Produit hors stock :<\/u> Vous pourrez choisir d&#8217;afficher ou non vos produits qui sont hors stock, sur votre catalogue produit.\n<\/li>\n<\/ul>\n<p><b>Gestion de vos pages cat\u00e9gories :<\/b><\/p>\n<ul>\n<li><u>Configurer vos cat\u00e9gories produits :<\/u> Vous pourrez choisir le nombre de produits que vous souhaitez afficher par page, charger automatiquement ou non les produits lorsque vos internautes feront d\u00e9filer la fen\u00eatre vers le bas, ou encore choisir de permettre ou non au client de trier vos produits par nom et par prix<\/li>\n<li><u>Configuration du filtre \u00e0 facette :<\/u> Vous pourrez choisir d&#8217;utiliser ou non les marques de vos produits dans le filtre \u00e0 facette, utiliser ou non le filtre \u00e0 facette sur tous vos produits en stock ou tous vos produits hors stock, ou encore d\u00e9finir l&#8217;ordre d&#8217;affichage des \u00e9l\u00e9ments pr\u00e9sents dans le filtre \u00e0 facette.\n<\/li>\n<\/ul>\n<p><b>D\u00e9finir le type d&#8217;affichage par d\u00e9faut de vos cat\u00e9gories :<\/b><\/p>\n<p><\/p>\n<ul>\n<li>Choisissez la disposition que vous souhaitez pour l&#8217;affichage de vos cat\u00e9gories produits sur votre site.\n<\/li>\n<\/ul>\n<p><b>Gestion des fiches produits :<\/b><\/p>\n<ul>\n<li><u>Configuration du stock produit :<\/u>&nbsp;<span style=\"color: var( --e-global-color-text ); font-family: var( --e-global-typography-text-font-family ), Sans-serif; font-weight: var( --e-global-typography-text-font-weight );\">Choisissez si vous voulez afficher ou non le stock de vos produits sur la fiche produit, ou d\u00e9finissez le texte&nbsp;<\/span><span style=\"color: var( --e-global-color-text ); font-family: var( --e-global-typography-text-font-family ), Sans-serif; font-weight: var( --e-global-typography-text-font-weight );\">qui s&#8217;affichera lorsque le produit ne sera plus en stock\n<p><\/p>\n<p><\/p><\/span><\/li>\n<\/ul>\n<p><span style=\"color: var( --e-global-color-text ); font-family: var( --e-global-typography-text-font-family ), Sans-serif;\"><b>P<\/b><\/span><span style=\"color: var( --e-global-color-text ); font-family: var( --e-global-typography-text-font-family ), Sans-serif;\"><b>olitique g\u00e9n\u00e9rale de gestion des stocks et de livraison ( Loi Hamon) :<\/b><\/span><\/p>\n<ul>\n<li>Cette rubrique permet d\u2019indiquer \u00e0 vos clients votre politique g\u00e9n\u00e9rale de gestion des stocks et de livraison, visible sur vos fiches produits. Ces informations peuvent \u00eatre personnalis\u00e9es dans les options de personnalisation de votre fiche produit.<\/li>\n<li>Vous pourrez choisissez le message \u00e0 afficher \u00e0 vos internautes lorsque votre produit est en stock, ou hors stock.<\/li>\n<\/ul>\t\t\t\t\t\t\t\t<\/div>\n\t\t\t\t<\/div>\n\t\t\t\t<div class=\"elementor-element elementor-element-f91efae elementor-widget elementor-widget-spacer\" data-id=\"f91efae\" data-element_type=\"widget\" data-e-type=\"widget\" data-widget_type=\"spacer.default\">\n\t\t\t\t<div class=\"elementor-widget-container\">\n\t\t\t\t\t\t\t<div class=\"elementor-spacer\">\n\t\t\t<div class=\"elementor-spacer-inner\"><\/div>\n\t\t<\/div>\n\t\t\t\t\t\t<\/div>\n\t\t\t\t<\/div>\n\t\t\t\t<div class=\"elementor-element elementor-element-5aa872e elementor-widget elementor-widget-heading\" data-id=\"5aa872e\" data-element_type=\"widget\" data-e-type=\"widget\" data-widget_type=\"heading.default\">\n\t\t\t\t<div class=\"elementor-widget-container\">\n\t\t\t\t\t<h2 class=\"elementor-heading-title elementor-size-default\">4. Cr\u00e9er un catalogue produit<\/h2>\t\t\t\t<\/div>\n\t\t\t\t<\/div>\n\t\t\t\t<div class=\"elementor-element elementor-element-0cc1b5b elementor-widget elementor-widget-text-editor\" data-id=\"0cc1b5b\" data-element_type=\"widget\" data-e-type=\"widget\" data-widget_type=\"text-editor.default\">\n\t\t\t\t<div class=\"elementor-widget-container\">\n\t\t\t\t\t\t\t\t\t<p>Pour cr\u00e9er puis ajouter des produits \u00e0 votre catalogue, rendez vous \u00e0 <b>&#8220;Pages\/Cat\u00e9gories&#8221; &gt; &#8220;mes pages\/cat\u00e9gories&#8221;<\/b> depuis votre page d&#8217;administration.<\/p><p>Vous pouvez \u00e9galement y acc\u00e9der via ce lien :\u00a0<a style=\"font-family: var( --e-global-typography-text-font-family ), Sans-serif; background-color: #ffffff;\" href=\"https:\/\/www.cmonsite.fr\/list_tab.php\" target=\"_blank\" rel=\"noopener\">Cr\u00e9er un catalogue produit<\/a><\/p>\t\t\t\t\t\t\t\t<\/div>\n\t\t\t\t<\/div>\n\t\t\t\t<div class=\"elementor-element elementor-element-2adbb03 elementor-widget elementor-widget-text-editor\" data-id=\"2adbb03\" data-element_type=\"widget\" data-e-type=\"widget\" data-widget_type=\"text-editor.default\">\n\t\t\t\t<div class=\"elementor-widget-container\">\n\t\t\t\t\t\t\t\t\t<p>Vous pouvez \u00e9galement consulter notre FAQ sur la cr\u00e9ation de fiches produits pour votre catalogue en cas de besoin,\u00a0<br \/>en suivant ce lien :\u00a0<a style=\"font-family: var( --e-global-typography-text-font-family ), Sans-serif; background-color: #ffffff;\" href=\"https:\/\/www.cmonsite.fr\/creer-un-site\/boutique\/creer-une-fiche-produit\/\" target=\"_blank\" rel=\"noopener noreferrer\">Cr\u00e9er une fiche produit<\/a><\/p>\t\t\t\t\t\t\t\t<\/div>\n\t\t\t\t<\/div>\n\t\t\t\t<div class=\"elementor-element elementor-element-8e06673 elementor-widget elementor-widget-spacer\" data-id=\"8e06673\" data-element_type=\"widget\" data-e-type=\"widget\" data-widget_type=\"spacer.default\">\n\t\t\t\t<div class=\"elementor-widget-container\">\n\t\t\t\t\t\t\t<div class=\"elementor-spacer\">\n\t\t\t<div class=\"elementor-spacer-inner\"><\/div>\n\t\t<\/div>\n\t\t\t\t\t\t<\/div>\n\t\t\t\t<\/div>\n\t\t\t\t<div class=\"elementor-element elementor-element-8a6091b elementor-widget-divider--view-line elementor-widget elementor-widget-divider\" data-id=\"8a6091b\" data-element_type=\"widget\" data-e-type=\"widget\" data-widget_type=\"divider.default\">\n\t\t\t\t<div class=\"elementor-widget-container\">\n\t\t\t\t\t\t\t<div class=\"elementor-divider\">\n\t\t\t<span class=\"elementor-divider-separator\">\n\t\t\t\t\t\t<\/span>\n\t\t<\/div>\n\t\t\t\t\t\t<\/div>\n\t\t\t\t<\/div>\n\t\t\t\t<div class=\"elementor-element elementor-element-ba7cda7 elementor-widget elementor-widget-text-editor\" data-id=\"ba7cda7\" data-element_type=\"widget\" data-e-type=\"widget\" data-widget_type=\"text-editor.default\">\n\t\t\t\t<div class=\"elementor-widget-container\">\n\t\t\t\t\t\t\t\t\t<p>Voir aussi dans la m\u00eame th\u00e9matique :<\/p><ul><li style=\"list-style-type: none;\"><ul><li><a href=\"https:\/\/www.cmonsite.fr\/creer-un-site\/boutique\/creer-une-fiche-produit\/\" target=\"_blank\" rel=\"noopener noreferrer\">Cr\u00e9er une fiche produit<\/a><\/li><li><a href=\"https:\/\/www.cmonsite.fr\/creer-un-site\/boutique\/gerer-stocks-produits\/\" target=\"_blank\" rel=\"noopener noreferrer\">Gestion des stocks<\/a><\/li><\/ul><\/li><\/ul>\t\t\t\t\t\t\t\t<\/div>\n\t\t\t\t<\/div>\n\t\t\t\t\t<\/div>\n\t\t<\/div>\n\t\t\t\t\t<\/div>\n\t\t<\/section>\n\t\t\t\t<\/div>\n\t\t","protected":false},"excerpt":{"rendered":"<p>1. Le mode catalogue Le mode catalogue en ligne est la solution id\u00e9ale si vous souhaitez pr\u00e9senter votre travail, vos produits ou vos services\u00a0\u00e0 l&#8217;aide de fiches explicatives d\u00e9taill\u00e9es,\u00a0sans les vendre. Les fonctionnalit\u00e9s du mode de catalogue en ligne : 1 \u00e0 10 images Le nom du produit La r\u00e9f\u00e9rence du produit Une description courte [&hellip;]<\/p>\n","protected":false},"author":1,"featured_media":17995,"parent":22986,"menu_order":3,"comment_status":"open","ping_status":"open","template":"","meta":{"_helpful_status":1,"footnotes":""},"class_list":["post-7612","page","type-page","status-publish","has-post-thumbnail","hentry"],"_links":{"self":[{"href":"https:\/\/www.cmonsite.fr\/site\/wp-json\/wp\/v2\/pages\/7612","targetHints":{"allow":["GET"]}}],"collection":[{"href":"https:\/\/www.cmonsite.fr\/site\/wp-json\/wp\/v2\/pages"}],"about":[{"href":"https:\/\/www.cmonsite.fr\/site\/wp-json\/wp\/v2\/types\/page"}],"author":[{"embeddable":true,"href":"https:\/\/www.cmonsite.fr\/site\/wp-json\/wp\/v2\/users\/1"}],"replies":[{"embeddable":true,"href":"https:\/\/www.cmonsite.fr\/site\/wp-json\/wp\/v2\/comments?post=7612"}],"version-history":[{"count":1,"href":"https:\/\/www.cmonsite.fr\/site\/wp-json\/wp\/v2\/pages\/7612\/revisions"}],"predecessor-version":[{"id":20954,"href":"https:\/\/www.cmonsite.fr\/site\/wp-json\/wp\/v2\/pages\/7612\/revisions\/20954"}],"up":[{"embeddable":true,"href":"https:\/\/www.cmonsite.fr\/site\/wp-json\/wp\/v2\/pages\/22986"}],"wp:featuredmedia":[{"embeddable":true,"href":"https:\/\/www.cmonsite.fr\/site\/wp-json\/wp\/v2\/media\/17995"}],"wp:attachment":[{"href":"https:\/\/www.cmonsite.fr\/site\/wp-json\/wp\/v2\/media?parent=7612"}],"curies":[{"name":"wp","href":"https:\/\/api.w.org\/{rel}","templated":true}]}}