{"id":743,"date":"2012-11-19T16:12:52","date_gmt":"2012-11-19T16:12:52","guid":{"rendered":"https:\/\/www.cmonsite.fr\/site\/aide\/?page_id=743"},"modified":"2023-09-01T10:59:16","modified_gmt":"2023-09-01T08:59:16","slug":"bien-commencer","status":"publish","type":"page","link":"https:\/\/www.cmonsite.fr\/site\/aide\/bien-commencer","title":{"rendered":"Pour bien commencer"},"content":{"rendered":"\t\t<div data-elementor-type=\"wp-page\" data-elementor-id=\"743\" class=\"elementor elementor-743\" data-elementor-post-type=\"page\">\n\t\t\t\t<div class=\"elementor-element elementor-element-a6475e1 e-flex e-con-boxed e-con e-parent\" data-id=\"a6475e1\" data-element_type=\"container\" data-e-type=\"container\" data-settings=\"{&quot;background_background&quot;:&quot;classic&quot;}\">\n\t\t\t\t\t<div class=\"e-con-inner\">\n\t\t<div class=\"elementor-element elementor-element-75ae3f8 e-con-full e-flex e-con e-parent\" data-id=\"75ae3f8\" data-element_type=\"container\" data-e-type=\"container\" data-settings=\"{&quot;background_background&quot;:&quot;classic&quot;}\">\n\t\t\t\t<div class=\"elementor-element elementor-element-e6a1026 elementor-view-default elementor-widget elementor-widget-icon\" data-id=\"e6a1026\" data-element_type=\"widget\" data-e-type=\"widget\" data-widget_type=\"icon.default\">\n\t\t\t\t<div class=\"elementor-widget-container\">\n\t\t\t\t\t\t\t<div class=\"elementor-icon-wrapper\">\n\t\t\t<div class=\"elementor-icon\">\n\t\t\t<svg xmlns=\"http:\/\/www.w3.org\/2000\/svg\" width=\"192\" height=\"192\" fill=\"#29292c\" viewBox=\"0 0 256 256\"><rect width=\"256\" height=\"256\" fill=\"none\"><\/rect><path d=\"M94.1,184.6c-11.4,33.9-56.6,33.9-56.6,33.9s0-45.2,33.9-56.6Z\" opacity=\"0.2\"><\/path><path d=\"M184.6,116.7v64.6a8,8,0,0,1-2.4,5.6l-32.3,32.4a8,8,0,0,1-13.5-4.1L128,173.3Z\" opacity=\"0.2\"><\/path><path d=\"M139.3,71.4H74.7a8,8,0,0,0-5.6,2.4L36.7,106.1a8,8,0,0,0,4.1,13.5L82.7,128Z\" opacity=\"0.2\"><\/path><path d=\"M94.1,184.6c-11.4,33.9-56.6,33.9-56.6,33.9s0-45.2,33.9-56.6\" fill=\"none\" stroke=\"#29292c\" stroke-linecap=\"round\" stroke-linejoin=\"round\" stroke-width=\"16\"><\/path><path d=\"M195.9,105.4,128,173.3,82.7,128l67.9-67.9C176.3,34.4,202,34.7,213,36.3a7.8,7.8,0,0,1,6.7,6.7C221.3,54,221.6,79.7,195.9,105.4Z\" fill=\"none\" stroke=\"#29292c\" stroke-linecap=\"round\" stroke-linejoin=\"round\" stroke-width=\"16\"><\/path><path d=\"M184.6,116.7v64.6a8,8,0,0,1-2.4,5.6l-32.3,32.4a8,8,0,0,1-13.5-4.1L128,173.3\" fill=\"none\" stroke=\"#29292c\" stroke-linecap=\"round\" stroke-linejoin=\"round\" stroke-width=\"16\"><\/path><path d=\"M139.3,71.4H74.7a8,8,0,0,0-5.6,2.4L36.7,106.1a8,8,0,0,0,4.1,13.5L82.7,128\" fill=\"none\" stroke=\"#29292c\" stroke-linecap=\"round\" stroke-linejoin=\"round\" stroke-width=\"16\"><\/path><\/svg>\t\t\t<\/div>\n\t\t<\/div>\n\t\t\t\t\t\t<\/div>\n\t\t\t\t<\/div>\n\t\t\t\t<div class=\"elementor-element elementor-element-b6a5da4 elementor-widget elementor-widget-heading\" data-id=\"b6a5da4\" data-element_type=\"widget\" data-e-type=\"widget\" data-widget_type=\"heading.default\">\n\t\t\t\t<div class=\"elementor-widget-container\">\n\t\t\t\t\t<h1 class=\"elementor-heading-title elementor-size-default\">Pour bien commencer<\/h1>\t\t\t\t<\/div>\n\t\t\t\t<\/div>\n\t\t\t\t<div class=\"elementor-element elementor-element-35162cc elementor-widget__width-initial elementor-widget elementor-widget-text-editor\" data-id=\"35162cc\" data-element_type=\"widget\" data-e-type=\"widget\" data-widget_type=\"text-editor.default\">\n\t\t\t\t<div class=\"elementor-widget-container\">\n\t\t\t\t\t\t\t\t\t<p style=\"text-align: center;\">Vous venez de cr\u00e9er votre compte et vous vous sentez un peu perdu sur CmonSite ?<\/p><p style=\"text-align: center;\">Pas de panique cette rubrique est faite pour vous !<br \/>Les Tutoriels ci-dessous sont l\u00e0 pour vous initier aux bases de la cr\u00e9ation de site internet.<\/p><p style=\"text-align: center;\">Suivez les instructions attentivement et bient\u00f4t vous vous sentirez comme un poisson dans l&#8217;eau sur CmonSite !<\/p>\t\t\t\t\t\t\t\t<\/div>\n\t\t\t\t<\/div>\n\t\t\t\t<\/div>\n\t\t\t\t\t<\/div>\n\t\t\t\t<\/div>\n\t\t\t\t<\/div>\n\t\t","protected":false},"excerpt":{"rendered":"<p>Vous venez de cr\u00e9er votre compte et vous vous sentez un peu perdu sur CmonSite ? Pas de panique cette rubrique est faite pour vous ! Les Tutoriels ci-dessous sont l\u00e0 pour vous initier aux bases de la cr\u00e9ation de site internet. Suivez les instructions attentivement et bient\u00f4t vous vous sentirez comme un poisson dans [&hellip;]<\/p>\n","protected":false},"author":1,"featured_media":25787,"parent":9,"menu_order":0,"comment_status":"closed","ping_status":"closed","template":"","meta":{"_helpful_status":1,"footnotes":""},"class_list":["post-743","page","type-page","status-publish","has-post-thumbnail","hentry"],"_links":{"self":[{"href":"https:\/\/www.cmonsite.fr\/site\/wp-json\/wp\/v2\/pages\/743","targetHints":{"allow":["GET"]}}],"collection":[{"href":"https:\/\/www.cmonsite.fr\/site\/wp-json\/wp\/v2\/pages"}],"about":[{"href":"https:\/\/www.cmonsite.fr\/site\/wp-json\/wp\/v2\/types\/page"}],"author":[{"embeddable":true,"href":"https:\/\/www.cmonsite.fr\/site\/wp-json\/wp\/v2\/users\/1"}],"replies":[{"embeddable":true,"href":"https:\/\/www.cmonsite.fr\/site\/wp-json\/wp\/v2\/comments?post=743"}],"version-history":[{"count":19,"href":"https:\/\/www.cmonsite.fr\/site\/wp-json\/wp\/v2\/pages\/743\/revisions"}],"predecessor-version":[{"id":22724,"href":"https:\/\/www.cmonsite.fr\/site\/wp-json\/wp\/v2\/pages\/743\/revisions\/22724"}],"up":[{"embeddable":true,"href":"https:\/\/www.cmonsite.fr\/site\/wp-json\/wp\/v2\/pages\/9"}],"wp:featuredmedia":[{"embeddable":true,"href":"https:\/\/www.cmonsite.fr\/site\/wp-json\/wp\/v2\/media\/25787"}],"wp:attachment":[{"href":"https:\/\/www.cmonsite.fr\/site\/wp-json\/wp\/v2\/media?parent=743"}],"curies":[{"name":"wp","href":"https:\/\/api.w.org\/{rel}","templated":true}]}}