{"id":7420,"date":"2014-02-25T15:11:35","date_gmt":"2014-02-25T14:11:35","guid":{"rendered":"https:\/\/www.cmonsite.fr\/site\/aide\/?page_id=7420"},"modified":"2014-02-25T15:11:35","modified_gmt":"2014-02-25T14:11:35","slug":"paybox","status":"publish","type":"page","link":"https:\/\/www.cmonsite.fr\/site\/aide\/moyens-de-paiement\/paybox","title":{"rendered":"Paybox : Accepter les paiements par Carte Bancaire via votre TPE virtuel"},"content":{"rendered":"\t\t<div data-elementor-type=\"wp-page\" data-elementor-id=\"7420\" class=\"elementor elementor-7420\" data-elementor-post-type=\"page\">\n\t\t\t\t\t\t<section class=\"elementor-section elementor-top-section elementor-element elementor-element-364ff30a elementor-section-boxed elementor-section-height-default elementor-section-height-default\" data-id=\"364ff30a\" data-element_type=\"section\" data-e-type=\"section\">\n\t\t\t\t\t\t<div class=\"elementor-container elementor-column-gap-default\">\n\t\t\t\t\t<div class=\"elementor-column elementor-col-100 elementor-top-column elementor-element elementor-element-25d47f2d\" data-id=\"25d47f2d\" data-element_type=\"column\" data-e-type=\"column\">\n\t\t\t<div class=\"elementor-widget-wrap elementor-element-populated\">\n\t\t\t\t\t\t<div class=\"elementor-element elementor-element-52b4414 elementor-widget elementor-widget-text-editor\" data-id=\"52b4414\" data-element_type=\"widget\" data-e-type=\"widget\" data-widget_type=\"text-editor.default\">\n\t\t\t\t<div class=\"elementor-widget-container\">\n\t\t\t\t\t\t\t\t\t<p><span style=\"color: #7a7a7a;\"><b>Pa<\/b>yBox est la solution s\u00e9lectionn\u00e9e par <b>CmonSite<\/b> pour permettre \u00e0 ses utilisateurs,\u00a0<\/span><span style=\"color: #7a7a7a;\"><b>Premium<\/b>\u00a0<\/span><span style=\"color: #7a7a7a;\">et<b>\u00a0<\/b><\/span><span style=\"color: #7a7a7a;\"><b>PRO<\/b>,<\/span><span style=\"color: #7a7a7a;\">\u00a0d&#8217;installer un TPE virtuel<\/span><br style=\"color: #7a7a7a;\" \/><span style=\"color: #7a7a7a;\">(Terminal de Paiement Electronique Virtuel) sur leur site internet.<\/span><\/p><h2 class=\"elementor-heading-title elementor-size-default elementor-inline-editing pen\" style=\"font-family: var( --e-global-typography-primary-font-family ), Sans-serif; font-weight: var( --e-global-typography-primary-font-weight ); color: var( --e-global-color-primary );\" data-elementor-setting-key=\"title\" data-pen-placeholder=\"\u00c9crivez ici...\"><span style=\"color: #7a7a7a; font-size: 16px; white-space: normal;\">PayBox<\/span><span style=\"color: #7a7a7a; font-size: 16px; font-weight: 400; white-space: normal;\">\u00a0assure l\u2019interface entre les paiements re\u00e7us sur votre site internet, et votre \u00e9tablissement bancaire.<\/span><\/h2>\t\t\t\t\t\t\t\t<\/div>\n\t\t\t\t<\/div>\n\t\t\t\t<div class=\"elementor-element elementor-element-4a9cb550 elementor-widget elementor-widget-text-editor\" data-id=\"4a9cb550\" data-element_type=\"widget\" data-e-type=\"widget\" data-widget_type=\"text-editor.default\">\n\t\t\t\t<div class=\"elementor-widget-container\">\n\t\t\t\t\t\t\t\t\t<p><a href=\"https:\/\/www.cmonsite.fr\/creer-un-site\/wp-content\/uploads\/2021\/06\/Paybox-solution-paiement-1.png\"><img fetchpriority=\"high\" decoding=\"async\" class=\"alignnone wp-image-16091 size-full\" src=\"https:\/\/www.cmonsite.fr\/creer-un-site\/wp-content\/uploads\/2021\/06\/Paybox-solution-paiement-1.png\" alt=\"\" width=\"969\" height=\"218\" srcset=\"https:\/\/www.cmonsite.fr\/site\/webup\/2021\/06\/Paybox-solution-paiement-1.png 969w, https:\/\/www.cmonsite.fr\/site\/webup\/2021\/06\/Paybox-solution-paiement-1-300x67.png 300w, https:\/\/www.cmonsite.fr\/site\/webup\/2021\/06\/Paybox-solution-paiement-1-768x173.png 768w\" sizes=\"(max-width: 969px) 100vw, 969px\" \/><\/a><\/p><hr \/>\t\t\t\t\t\t\t\t<\/div>\n\t\t\t\t<\/div>\n\t\t\t\t<div class=\"elementor-element elementor-element-4d80246 elementor-widget elementor-widget-spacer\" data-id=\"4d80246\" data-element_type=\"widget\" data-e-type=\"widget\" data-widget_type=\"spacer.default\">\n\t\t\t\t<div class=\"elementor-widget-container\">\n\t\t\t\t\t\t\t<div class=\"elementor-spacer\">\n\t\t\t<div class=\"elementor-spacer-inner\"><\/div>\n\t\t<\/div>\n\t\t\t\t\t\t<\/div>\n\t\t\t\t<\/div>\n\t\t\t\t<div class=\"elementor-element elementor-element-ab27394 elementor-widget elementor-widget-heading\" data-id=\"ab27394\" data-element_type=\"widget\" data-e-type=\"widget\" data-widget_type=\"heading.default\">\n\t\t\t\t<div class=\"elementor-widget-container\">\n\t\t\t\t\t<h2 class=\"elementor-heading-title elementor-size-default\">Pourquoi Cmonsite a choisi Paybox pour vous permettre l'installation de votre TPE virtuel ? <\/h2>\t\t\t\t<\/div>\n\t\t\t\t<\/div>\n\t\t\t\t<div class=\"elementor-element elementor-element-8f909f8 elementor-widget elementor-widget-heading\" data-id=\"8f909f8\" data-element_type=\"widget\" data-e-type=\"widget\" data-widget_type=\"heading.default\">\n\t\t\t\t<div class=\"elementor-widget-container\">\n\t\t\t\t\t<h2 class=\"elementor-heading-title elementor-size-default\"><p style=\"font-size: 16px;font-weight: 400;white-space: normal\">\u2013 CmonSite utilise depuis ses d\u00e9buts PayBox pour g\u00e9rer ses paiements par Carte Bancaire<br><br><\/p><p style=\"font-size: 16px;font-weight: 400;white-space: normal\">\u2013 L\u2019interface de gestion de ses transactions \u00e9lectroniques est tr\u00e8s simple, et le service client de PayBox est r\u00e9actif<br><br><\/p><p style=\"font-size: 16px;font-weight: 400;white-space: normal\">\u2013 PayBox, avec plus de 10 ann\u00e9es d\u2019exp\u00e9rience, est un des leaders europ\u00e9ens dans le traitement des paiements \u00e9lectroniques<\/p><p style=\"font-size: 16px;font-weight: 400;white-space: normal\">\u2013 Les tarifs de PayBox sont attractifs et CmonSite a pu les n\u00e9gocier \u00e0 la baisse pour ses utilisateurs<span style=\"color: var( --e-global-color-primary );font-family: var( --e-global-typography-primary-font-family ), Sans-serif;font-size: 1.75rem;font-weight: var( --e-global-typography-primary-font-weight );white-space: pre-wrap\"><\/span><\/p><\/h2>\t\t\t\t<\/div>\n\t\t\t\t<\/div>\n\t\t\t\t<div class=\"elementor-element elementor-element-88ee73d elementor-widget elementor-widget-spacer\" data-id=\"88ee73d\" data-element_type=\"widget\" data-e-type=\"widget\" data-widget_type=\"spacer.default\">\n\t\t\t\t<div class=\"elementor-widget-container\">\n\t\t\t\t\t\t\t<div class=\"elementor-spacer\">\n\t\t\t<div class=\"elementor-spacer-inner\"><\/div>\n\t\t<\/div>\n\t\t\t\t\t\t<\/div>\n\t\t\t\t<\/div>\n\t\t\t\t<div class=\"elementor-element elementor-element-c711783 elementor-widget elementor-widget-heading\" data-id=\"c711783\" data-element_type=\"widget\" data-e-type=\"widget\" data-widget_type=\"heading.default\">\n\t\t\t\t<div class=\"elementor-widget-container\">\n\t\t\t\t\t<h2 class=\"elementor-heading-title elementor-size-default\">Combien me co\u00fbte l'installation de cette solution Paybox ? <\/h2>\t\t\t\t<\/div>\n\t\t\t\t<\/div>\n\t\t\t\t<div class=\"elementor-element elementor-element-54c0d01 elementor-widget elementor-widget-heading\" data-id=\"54c0d01\" data-element_type=\"widget\" data-e-type=\"widget\" data-widget_type=\"heading.default\">\n\t\t\t\t<div class=\"elementor-widget-container\">\n\t\t\t\t\t<h2 class=\"elementor-heading-title elementor-size-default\"><p style=\"font-size: 16px;font-weight: 400;white-space: normal\">\u2013 Param\u00e9trage &amp; Mise en Service r\u00e9alis\u00e9s par PayBox :&nbsp;<span style=\"font-weight: 700\">99 \u20ac HT<\/span>&nbsp;(au lieu de 290\u20ac HT)<br><br><\/p><p style=\"font-size: 16px;font-weight: 400;white-space: normal\">\u2013 Abonnement mensuel PayBox :&nbsp;<span style=\"font-weight: 700\">19\u20ac HT \/ mois<\/span>&nbsp;(au lieu de 25\u20ac HT)<br><br><\/p><p style=\"font-size: 16px;font-weight: 400;white-space: normal\">\u2013 Prix de la transaction HT&nbsp;:&nbsp;<span style=\"font-weight: 700\">100 transactions offertes \/ mois<\/span>&nbsp;et 0.085\u20ac HT \u00e0 partir de le 101<span style=\"font-size: 12px;line-height: 0;position: relative;vertical-align: baseline;top: -0.5em\">\u00e8me<\/span>&nbsp;transaction.<br><br><\/p><p style=\"font-size: 16px;font-weight: 400;white-space: normal\">\u2013 Commission sur vente de votre banque&nbsp;:&nbsp;<span style=\"font-weight: 700\">entre 0% et 1%<\/span>&nbsp;(A n\u00e9gocier avec votre banque)<br><br><\/p><p style=\"font-size: 16px;font-weight: 400;white-space: normal\">\u2013 Commission CmonSite&nbsp;:<span style=\"font-weight: 700\">&nbsp;0\u20ac.<\/span>&nbsp;C\u2019est normal, vous gagnez ce que vous vendez !<\/p><\/h2>\t\t\t\t<\/div>\n\t\t\t\t<\/div>\n\t\t\t\t<div class=\"elementor-element elementor-element-7a18969 elementor-widget elementor-widget-spacer\" data-id=\"7a18969\" data-element_type=\"widget\" data-e-type=\"widget\" data-widget_type=\"spacer.default\">\n\t\t\t\t<div class=\"elementor-widget-container\">\n\t\t\t\t\t\t\t<div class=\"elementor-spacer\">\n\t\t\t<div class=\"elementor-spacer-inner\"><\/div>\n\t\t<\/div>\n\t\t\t\t\t\t<\/div>\n\t\t\t\t<\/div>\n\t\t\t\t<div class=\"elementor-element elementor-element-4aed462 elementor-widget elementor-widget-heading\" data-id=\"4aed462\" data-element_type=\"widget\" data-e-type=\"widget\" data-widget_type=\"heading.default\">\n\t\t\t\t<div class=\"elementor-widget-container\">\n\t\t\t\t\t<h2 class=\"elementor-heading-title elementor-size-default\">Combien me co\u00fbte l'installation de cette solution Paybox ? <\/h2>\t\t\t\t<\/div>\n\t\t\t\t<\/div>\n\t\t\t\t<div class=\"elementor-element elementor-element-0eac04e elementor-widget elementor-widget-text-editor\" data-id=\"0eac04e\" data-element_type=\"widget\" data-e-type=\"widget\" data-widget_type=\"text-editor.default\">\n\t\t\t\t<div class=\"elementor-widget-container\">\n\t\t\t\t\t\t\t\t\t<ol>\n<li><b>DISPOSER D&#8217;UN COMPTE CMONSITE<br><\/b>Vous devez avoir un site en formule Premium, ou<b> <\/b>en formule Pro et avoir activ\u00e9 le module&nbsp;<a href=\"https:\/\/www.cmonsite.fr\/configboutique.php#paiement\" target=\"_blank\">&#8220;Boutique&#8221;.<\/a><br><br><br><\/li>\n<li><b>DEMANDER A VOTRE BANQUE DE VOUS OUVRIR UN CONTRAT DE VENTE A DISTANCE (VAD)<\/b><br>Cette op\u00e9ration est normalement gratuite. Veillez toutefois \u00e0 ce que votre banque ne confonde pas cela avec l&#8217;ouverture d&#8217;un TPE virtuel,&nbsp;<br>celui ci se fera sur Paybox.&nbsp;<br><br><br><\/li>\n<li><b>COMPLETER LE DOSSIER D&#8217;ADHESION PAYBOX<br><p style=\"font-weight: 400;\">Vous devez le t\u00e9l\u00e9charger&nbsp;<a href=\"https:\/\/www.cmonsite.fr\/telecharger_document_paybox.php\" target=\"_blank\" rel=\"noopener\">en cliquant sur le lien suivant.<\/a><br><span style=\"font-family: var( --e-global-typography-text-font-family ), Sans-serif;\">Vous devrez ensuite le renvoyer, directement par e-mail \u00e0 PayBox (<\/span><a href=\"mailto:contact@paybox.com\" style=\"font-family: var( --e-global-typography-text-font-family ), Sans-serif; background-color: rgb(255, 255, 255);\">contact@paybox.com<\/a><span style=\"font-family: var( --e-global-typography-text-font-family ), Sans-serif;\">).<\/span><\/p>\n<p style=\"font-weight: 400;\"><span style=\"font-family: var( --e-global-typography-text-font-family ), Sans-serif;\">Si vous avez des difficult\u00e9s ou des questions, vous pouvez directement contacter PayBox en tant qu\u2019utilisateur CmonSite.<\/span><br><\/p>\n<p style=\"font-weight: 400;\"><br><\/p>\n<\/b><p><b><\/b><\/p>\n<p><b><\/b><\/p>\n<p><b><\/b><\/p>\n<p><b><\/b><\/p>\n<p><b><\/b><\/p>\n<p><b><\/b><\/p>\n<p><b><\/b><\/p>\n<\/li>\n<li>\n<p style=\"\"><b>APRES LA VALIDATION DE VOTRE DOSSIER PAR PAYBOX<br><span style=\"font-family: var( --e-global-typography-text-font-family ), Sans-serif; font-weight: var( --e-global-typography-text-font-weight );\">A la r\u00e9ception de la confirmation de PayBox, CmonSite installera votre solution PayBox sur votre site internet.<\/span><br><\/b><\/p>\n<p>Votre site acceptera ainsi les paiements par Carte Bancaire en direct.<\/p>\n<\/li>\n<\/ol>\t\t\t\t\t\t\t\t<\/div>\n\t\t\t\t<\/div>\n\t\t\t\t<div class=\"elementor-element elementor-element-170c13a elementor-widget elementor-widget-spacer\" data-id=\"170c13a\" data-element_type=\"widget\" data-e-type=\"widget\" data-widget_type=\"spacer.default\">\n\t\t\t\t<div class=\"elementor-widget-container\">\n\t\t\t\t\t\t\t<div class=\"elementor-spacer\">\n\t\t\t<div class=\"elementor-spacer-inner\"><\/div>\n\t\t<\/div>\n\t\t\t\t\t\t<\/div>\n\t\t\t\t<\/div>\n\t\t\t\t<div class=\"elementor-element elementor-element-06f0b67 elementor-widget-divider--view-line elementor-widget elementor-widget-divider\" data-id=\"06f0b67\" data-element_type=\"widget\" data-e-type=\"widget\" data-widget_type=\"divider.default\">\n\t\t\t\t<div class=\"elementor-widget-container\">\n\t\t\t\t\t\t\t<div class=\"elementor-divider\">\n\t\t\t<span class=\"elementor-divider-separator\">\n\t\t\t\t\t\t<\/span>\n\t\t<\/div>\n\t\t\t\t\t\t<\/div>\n\t\t\t\t<\/div>\n\t\t\t\t<div class=\"elementor-element elementor-element-1a7a0dd elementor-widget elementor-widget-text-editor\" data-id=\"1a7a0dd\" data-element_type=\"widget\" data-e-type=\"widget\" data-widget_type=\"text-editor.default\">\n\t\t\t\t<div class=\"elementor-widget-container\">\n\t\t\t\t\t\t\t\t\t<p><em style=\"text-align: center;\">Cette solution offre un moyen de paiement suppl\u00e9mentaire et professionnel pour vos clients<br \/>Pour plus d&#8217;informations, vous pouvez contacter directement PayBox au\u00a0<a href=\"tel:+33161370570\">01 61 37 05 70<\/a><\/em><\/p>\t\t\t\t\t\t\t\t<\/div>\n\t\t\t\t<\/div>\n\t\t\t\t\t<\/div>\n\t\t<\/div>\n\t\t\t\t\t<\/div>\n\t\t<\/section>\n\t\t\t\t<\/div>\n\t\t","protected":false},"excerpt":{"rendered":"<p>PayBox est la solution s\u00e9lectionn\u00e9e par CmonSite pour permettre \u00e0 ses utilisateurs,\u00a0Premium\u00a0et\u00a0PRO,\u00a0d&#8217;installer un TPE virtuel(Terminal de Paiement Electronique Virtuel) sur leur site internet. PayBox\u00a0assure l\u2019interface entre les paiements re\u00e7us sur votre site internet, et votre \u00e9tablissement bancaire. Pourquoi Cmonsite a choisi Paybox pour vous permettre l&#8217;installation de votre TPE virtuel ? \u2013 CmonSite utilise depuis [&hellip;]<\/p>\n","protected":false},"author":1,"featured_media":18486,"parent":22983,"menu_order":7,"comment_status":"open","ping_status":"closed","template":"","meta":{"_helpful_status":1,"footnotes":""},"class_list":["post-7420","page","type-page","status-publish","has-post-thumbnail","hentry"],"_links":{"self":[{"href":"https:\/\/www.cmonsite.fr\/site\/wp-json\/wp\/v2\/pages\/7420","targetHints":{"allow":["GET"]}}],"collection":[{"href":"https:\/\/www.cmonsite.fr\/site\/wp-json\/wp\/v2\/pages"}],"about":[{"href":"https:\/\/www.cmonsite.fr\/site\/wp-json\/wp\/v2\/types\/page"}],"author":[{"embeddable":true,"href":"https:\/\/www.cmonsite.fr\/site\/wp-json\/wp\/v2\/users\/1"}],"replies":[{"embeddable":true,"href":"https:\/\/www.cmonsite.fr\/site\/wp-json\/wp\/v2\/comments?post=7420"}],"version-history":[{"count":1,"href":"https:\/\/www.cmonsite.fr\/site\/wp-json\/wp\/v2\/pages\/7420\/revisions"}],"predecessor-version":[{"id":20953,"href":"https:\/\/www.cmonsite.fr\/site\/wp-json\/wp\/v2\/pages\/7420\/revisions\/20953"}],"up":[{"embeddable":true,"href":"https:\/\/www.cmonsite.fr\/site\/wp-json\/wp\/v2\/pages\/22983"}],"wp:featuredmedia":[{"embeddable":true,"href":"https:\/\/www.cmonsite.fr\/site\/wp-json\/wp\/v2\/media\/18486"}],"wp:attachment":[{"href":"https:\/\/www.cmonsite.fr\/site\/wp-json\/wp\/v2\/media?parent=7420"}],"curies":[{"name":"wp","href":"https:\/\/api.w.org\/{rel}","templated":true}]}}