{"id":7299,"date":"2013-12-05T18:46:29","date_gmt":"2013-12-05T17:46:37","guid":{"rendered":"https:\/\/www.cmonsite.fr\/site\/aide\/?page_id=7299"},"modified":"2025-05-06T08:53:07","modified_gmt":"2025-05-06T06:53:07","slug":"page-maintenance","status":"publish","type":"page","link":"https:\/\/www.cmonsite.fr\/site\/aide\/menu-et-pages\/page-maintenance","title":{"rendered":"Comment d\u00e9sactiver mon site temporairement ou cr\u00e9er une page de maintenance ?"},"content":{"rendered":"\t\t<div data-elementor-type=\"wp-page\" data-elementor-id=\"7299\" class=\"elementor elementor-7299\" data-elementor-post-type=\"page\">\n\t\t\t\t\t\t<section class=\"elementor-section elementor-top-section elementor-element elementor-element-1df70fa2 elementor-section-boxed elementor-section-height-default elementor-section-height-default\" data-id=\"1df70fa2\" data-element_type=\"section\" data-e-type=\"section\">\n\t\t\t\t\t\t<div class=\"elementor-container elementor-column-gap-default\">\n\t\t\t\t\t<div class=\"elementor-column elementor-col-100 elementor-top-column elementor-element elementor-element-72f4fcbf\" data-id=\"72f4fcbf\" data-element_type=\"column\" data-e-type=\"column\">\n\t\t\t<div class=\"elementor-widget-wrap elementor-element-populated\">\n\t\t\t\t\t\t<div class=\"elementor-element elementor-element-6622b212 elementor-widget elementor-widget-text-editor\" data-id=\"6622b212\" data-element_type=\"widget\" data-e-type=\"widget\" data-widget_type=\"text-editor.default\">\n\t\t\t\t<div class=\"elementor-widget-container\">\n\t\t\t\t\t\t\t\t\t<p>Ce module permet de cr\u00e9er une page d&#8217;accueil temporaire pour votre site internet.<\/p><p>\u00a0<\/p><p>Il est principalement utilis\u00e9 pour mettre votre <strong>site hors ligne (d\u00e9sactiver) de mani\u00e8re provisoire<\/strong>, par exemple lors de travaux de maintenance ou de mises \u00e0 jour importantes. Cela emp\u00eache les visiteurs d&#8217;acc\u00e9der au site tant que vous ne l&#8217;avez pas remis en ligne.<\/p><p>\u00a0<\/p><p>\u00a0<\/p><p>Vous pouvez \u00e9galement <strong>activer une protection par mot de passe afin de restreindre l&#8217;acc\u00e8s \u00e0 certaines personnes seulement, m\u00eame lorsque le site est hors ligne.<\/strong><\/p><p><strong>\u00a0<\/strong><\/p><p>Attention : lorsque ce module est activ\u00e9, Google et les autres moteurs de recherche ne peuvent plus acc\u00e9der \u00e0 votre site. Il est donc conseill\u00e9 de l\u2019utiliser uniquement pendant la phase de cr\u00e9ation du site ou pour de courtes p\u00e9riodes.<\/p><h2>1. Acc\u00e9dez au module Page d&#8217;entr\u00e9e<\/h2><p>Rendez-vous dans la rubrique \u00ab <strong>Modules <\/strong>\u00bb sous-onglet \u00ab <strong>Page\u00a0de maintenance <\/strong>\u00bb.<\/p><h2>2. Configurez votre Page d&#8217;entr\u00e9e<\/h2><p><a href=\"https:\/\/www.cmonsite.fr\/creer-un-site\/wp-content\/uploads\/2021\/06\/page-maintenance-module.jpg\"><img fetchpriority=\"high\" decoding=\"async\" class=\"alignnone wp-image-16401 size-full\" src=\"https:\/\/www.cmonsite.fr\/creer-un-site\/wp-content\/uploads\/2021\/06\/page-maintenance-module.jpg\" alt=\"\" width=\"1235\" height=\"638\" srcset=\"https:\/\/www.cmonsite.fr\/site\/webup\/2021\/06\/page-maintenance-module.jpg 1235w, https:\/\/www.cmonsite.fr\/site\/webup\/2021\/06\/page-maintenance-module-300x155.jpg 300w, https:\/\/www.cmonsite.fr\/site\/webup\/2021\/06\/page-maintenance-module-1024x529.jpg 1024w, https:\/\/www.cmonsite.fr\/site\/webup\/2021\/06\/page-maintenance-module-768x397.jpg 768w\" sizes=\"(max-width: 1235px) 100vw, 1235px\" \/><\/a><\/p><p style=\"text-align: left;\">Vous pouvez ainsi d\u00e9cider de bloquer ou non l&#8217;acc\u00e8s de votre site avec un mot de passe.<\/p><p>Vous disposez d&#8217;un \u00e9diteur de page pour ins\u00e9rer du texte, des images, des vid\u00e9os&#8230;<\/p><p><strong><em><span style=\"text-decoration: underline;\">A noter<\/span><\/em><\/strong> : D\u00e8s lors que vous \u00eates entr\u00e9 sur le site (avec le bon mot de passer ou via le bouton \u00ab <em><strong>Entrer<\/strong> <\/em>\u00bb), vous pouvez naviguer librement sur le site pendant toute la journ\u00e9e.<br \/>Pour bloquer le site \u00e0 nouveau, il vous suffit de changer de mot de passe.<\/p>\t\t\t\t\t\t\t\t<\/div>\n\t\t\t\t<\/div>\n\t\t\t\t<div class=\"elementor-element elementor-element-5e60a90 elementor-widget elementor-widget-spacer\" data-id=\"5e60a90\" data-element_type=\"widget\" data-e-type=\"widget\" data-widget_type=\"spacer.default\">\n\t\t\t\t<div class=\"elementor-widget-container\">\n\t\t\t\t\t\t\t<div class=\"elementor-spacer\">\n\t\t\t<div class=\"elementor-spacer-inner\"><\/div>\n\t\t<\/div>\n\t\t\t\t\t\t<\/div>\n\t\t\t\t<\/div>\n\t\t\t\t<div class=\"elementor-element elementor-element-6425cc9 elementor-widget-divider--view-line elementor-widget elementor-widget-divider\" data-id=\"6425cc9\" data-element_type=\"widget\" data-e-type=\"widget\" data-widget_type=\"divider.default\">\n\t\t\t\t<div class=\"elementor-widget-container\">\n\t\t\t\t\t\t\t<div class=\"elementor-divider\">\n\t\t\t<span class=\"elementor-divider-separator\">\n\t\t\t\t\t\t<\/span>\n\t\t<\/div>\n\t\t\t\t\t\t<\/div>\n\t\t\t\t<\/div>\n\t\t\t\t<div class=\"elementor-element elementor-element-edfe3b5 elementor-widget elementor-widget-text-editor\" data-id=\"edfe3b5\" data-element_type=\"widget\" data-e-type=\"widget\" data-widget_type=\"text-editor.default\">\n\t\t\t\t<div class=\"elementor-widget-container\">\n\t\t\t\t\t\t\t\t\t<p style=\"text-align: center;\"><span style=\"font-weight: bold;\">Retrouvez plus d&#8217;explications sur le module de maintenance dans notre vid\u00e9o ci-dessous<\/span><\/p><div><span style=\"font-weight: bold;\">\u00a0<\/span><\/div>\t\t\t\t\t\t\t\t<\/div>\n\t\t\t\t<\/div>\n\t\t\t\t<div class=\"elementor-element elementor-element-49ee183 elementor-widget elementor-widget-video\" data-id=\"49ee183\" data-element_type=\"widget\" data-e-type=\"widget\" data-settings=\"{&quot;youtube_url&quot;:&quot;https:\\\/\\\/www.youtube.com\\\/watch?v=wOp5N9AQjxc&quot;,&quot;video_type&quot;:&quot;youtube&quot;,&quot;controls&quot;:&quot;yes&quot;}\" data-widget_type=\"video.default\">\n\t\t\t\t<div class=\"elementor-widget-container\">\n\t\t\t\t\t\t\t<div class=\"elementor-wrapper elementor-open-inline\">\n\t\t\t<div class=\"elementor-video\"><\/div>\t\t<\/div>\n\t\t\t\t\t\t<\/div>\n\t\t\t\t<\/div>\n\t\t\t\t\t<\/div>\n\t\t<\/div>\n\t\t\t\t\t<\/div>\n\t\t<\/section>\n\t\t\t\t<section class=\"elementor-section elementor-top-section elementor-element elementor-element-5df49d7 elementor-section-boxed elementor-section-height-default elementor-section-height-default\" data-id=\"5df49d7\" data-element_type=\"section\" data-e-type=\"section\">\n\t\t\t\t\t\t<div class=\"elementor-container elementor-column-gap-default\">\n\t\t\t\t\t<div class=\"elementor-column elementor-col-100 elementor-top-column elementor-element elementor-element-3fc03b0\" data-id=\"3fc03b0\" data-element_type=\"column\" data-e-type=\"column\">\n\t\t\t<div class=\"elementor-widget-wrap elementor-element-populated\">\n\t\t\t\t\t\t<div class=\"elementor-element elementor-element-c591ad4 elementor-widget elementor-widget-spacer\" data-id=\"c591ad4\" data-element_type=\"widget\" data-e-type=\"widget\" data-widget_type=\"spacer.default\">\n\t\t\t\t<div class=\"elementor-widget-container\">\n\t\t\t\t\t\t\t<div class=\"elementor-spacer\">\n\t\t\t<div class=\"elementor-spacer-inner\"><\/div>\n\t\t<\/div>\n\t\t\t\t\t\t<\/div>\n\t\t\t\t<\/div>\n\t\t\t\t<div class=\"elementor-element elementor-element-32a0c38 elementor-widget-divider--view-line elementor-widget elementor-widget-divider\" data-id=\"32a0c38\" data-element_type=\"widget\" data-e-type=\"widget\" data-widget_type=\"divider.default\">\n\t\t\t\t<div class=\"elementor-widget-container\">\n\t\t\t\t\t\t\t<div class=\"elementor-divider\">\n\t\t\t<span class=\"elementor-divider-separator\">\n\t\t\t\t\t\t<\/span>\n\t\t<\/div>\n\t\t\t\t\t\t<\/div>\n\t\t\t\t<\/div>\n\t\t\t\t<div class=\"elementor-element elementor-element-ad6ce2e elementor-widget elementor-widget-text-editor\" data-id=\"ad6ce2e\" data-element_type=\"widget\" data-e-type=\"widget\" data-widget_type=\"text-editor.default\">\n\t\t\t\t<div class=\"elementor-widget-container\">\n\t\t\t\t\t\t\t\t\t<p>Voir aussi dans la m\u00eame th\u00e9matique :<\/p><ul><li><a title=\"Limiter l'acc\u00e8s d'une page\" href=\"https:\/\/www.cmonsite.fr\/creer-un-site\/contenu-design-modules\/modules\/acces-mots-de-passe-site\/\" target=\"_blank\" rel=\"noopener noreferrer\">Bloquer l&#8217;acc\u00e8s d&#8217;une page\/album de son site avec un mot de passe<\/a><\/li><\/ul>\t\t\t\t\t\t\t\t<\/div>\n\t\t\t\t<\/div>\n\t\t\t\t\t<\/div>\n\t\t<\/div>\n\t\t\t\t\t<\/div>\n\t\t<\/section>\n\t\t\t\t<\/div>\n\t\t","protected":false},"excerpt":{"rendered":"<p>Ce module permet de cr\u00e9er une page d&#8217;accueil temporaire pour votre site internet. \u00a0 Il est principalement utilis\u00e9 pour mettre votre site hors ligne (d\u00e9sactiver) de mani\u00e8re provisoire, par exemple lors de travaux de maintenance ou de mises \u00e0 jour importantes. Cela emp\u00eache les visiteurs d&#8217;acc\u00e9der au site tant que vous ne l&#8217;avez pas remis [&hellip;]<\/p>\n","protected":false},"author":1,"featured_media":18038,"parent":24734,"menu_order":1,"comment_status":"open","ping_status":"closed","template":"","meta":{"_helpful_status":1,"footnotes":""},"class_list":["post-7299","page","type-page","status-publish","has-post-thumbnail","hentry"],"_links":{"self":[{"href":"https:\/\/www.cmonsite.fr\/site\/wp-json\/wp\/v2\/pages\/7299","targetHints":{"allow":["GET"]}}],"collection":[{"href":"https:\/\/www.cmonsite.fr\/site\/wp-json\/wp\/v2\/pages"}],"about":[{"href":"https:\/\/www.cmonsite.fr\/site\/wp-json\/wp\/v2\/types\/page"}],"author":[{"embeddable":true,"href":"https:\/\/www.cmonsite.fr\/site\/wp-json\/wp\/v2\/users\/1"}],"replies":[{"embeddable":true,"href":"https:\/\/www.cmonsite.fr\/site\/wp-json\/wp\/v2\/comments?post=7299"}],"version-history":[{"count":14,"href":"https:\/\/www.cmonsite.fr\/site\/wp-json\/wp\/v2\/pages\/7299\/revisions"}],"predecessor-version":[{"id":28064,"href":"https:\/\/www.cmonsite.fr\/site\/wp-json\/wp\/v2\/pages\/7299\/revisions\/28064"}],"up":[{"embeddable":true,"href":"https:\/\/www.cmonsite.fr\/site\/wp-json\/wp\/v2\/pages\/24734"}],"wp:featuredmedia":[{"embeddable":true,"href":"https:\/\/www.cmonsite.fr\/site\/wp-json\/wp\/v2\/media\/18038"}],"wp:attachment":[{"href":"https:\/\/www.cmonsite.fr\/site\/wp-json\/wp\/v2\/media?parent=7299"}],"curies":[{"name":"wp","href":"https:\/\/api.w.org\/{rel}","templated":true}]}}