{"id":720,"date":"2012-11-19T15:51:01","date_gmt":"2012-11-19T15:51:01","guid":{"rendered":"https:\/\/www.cmonsite.fr\/site\/aide\/?page_id=720"},"modified":"2023-09-01T10:50:35","modified_gmt":"2023-09-01T08:50:35","slug":"assistance-cmonsite","status":"publish","type":"page","link":"https:\/\/www.cmonsite.fr\/site\/aide\/assistance-cmonsite","title":{"rendered":"Assistance CmonSite"},"content":{"rendered":"<p style=\"text-align: center;\">Une question ? Des difficult\u00e9s ? Un bug ? Le support CmonSite est l\u00e0 en toutes circonstances ! Vous pouvez nous joindre par email, demander un rendez-vous t\u00e9l\u00e9phonique, discuter sur notre chat en ligne avec un conseiller et m\u00eame demander une assistance personnalis\u00e9e pour la cr\u00e9ation de votre site ! Sur CmonSite, tout probl\u00e8me a sa solution !<\/p>\n","protected":false},"excerpt":{"rendered":"<p>Une question ? Des difficult\u00e9s ? Un bug ? Le support CmonSite est l\u00e0 en toutes circonstances ! Vous pouvez nous joindre par email, demander un rendez-vous t\u00e9l\u00e9phonique, discuter sur notre chat en ligne avec un conseiller et m\u00eame demander une assistance personnalis\u00e9e pour la cr\u00e9ation de votre site ! Sur CmonSite, tout probl\u00e8me a [&hellip;]<\/p>\n","protected":false},"author":1,"featured_media":25793,"parent":9,"menu_order":17,"comment_status":"closed","ping_status":"closed","template":"","meta":{"_helpful_status":1,"footnotes":""},"class_list":["post-720","page","type-page","status-publish","has-post-thumbnail","hentry"],"_links":{"self":[{"href":"https:\/\/www.cmonsite.fr\/site\/wp-json\/wp\/v2\/pages\/720","targetHints":{"allow":["GET"]}}],"collection":[{"href":"https:\/\/www.cmonsite.fr\/site\/wp-json\/wp\/v2\/pages"}],"about":[{"href":"https:\/\/www.cmonsite.fr\/site\/wp-json\/wp\/v2\/types\/page"}],"author":[{"embeddable":true,"href":"https:\/\/www.cmonsite.fr\/site\/wp-json\/wp\/v2\/users\/1"}],"replies":[{"embeddable":true,"href":"https:\/\/www.cmonsite.fr\/site\/wp-json\/wp\/v2\/comments?post=720"}],"version-history":[{"count":3,"href":"https:\/\/www.cmonsite.fr\/site\/wp-json\/wp\/v2\/pages\/720\/revisions"}],"predecessor-version":[{"id":22734,"href":"https:\/\/www.cmonsite.fr\/site\/wp-json\/wp\/v2\/pages\/720\/revisions\/22734"}],"up":[{"embeddable":true,"href":"https:\/\/www.cmonsite.fr\/site\/wp-json\/wp\/v2\/pages\/9"}],"wp:featuredmedia":[{"embeddable":true,"href":"https:\/\/www.cmonsite.fr\/site\/wp-json\/wp\/v2\/media\/25793"}],"wp:attachment":[{"href":"https:\/\/www.cmonsite.fr\/site\/wp-json\/wp\/v2\/media?parent=720"}],"curies":[{"name":"wp","href":"https:\/\/api.w.org\/{rel}","templated":true}]}}