{"id":6950,"date":"2013-09-05T13:26:57","date_gmt":"2013-09-05T11:26:57","guid":{"rendered":"https:\/\/www.cmonsite.fr\/site\/aide\/?page_id=6950"},"modified":"2025-08-20T10:42:28","modified_gmt":"2025-08-20T08:42:28","slug":"favicon","status":"publish","type":"page","link":"https:\/\/www.cmonsite.fr\/site\/aide\/design\/favicon","title":{"rendered":"Ajouter un Favicon sur mon site"},"content":{"rendered":"\t\t<div data-elementor-type=\"wp-page\" data-elementor-id=\"6950\" class=\"elementor elementor-6950\" data-elementor-post-type=\"page\">\n\t\t\t\t\t\t<section class=\"elementor-section elementor-top-section elementor-element elementor-element-662726b elementor-section-boxed elementor-section-height-default elementor-section-height-default\" data-id=\"662726b\" data-element_type=\"section\" data-e-type=\"section\">\n\t\t\t\t\t\t<div class=\"elementor-container elementor-column-gap-default\">\n\t\t\t\t\t<div class=\"elementor-column elementor-col-100 elementor-top-column elementor-element elementor-element-68182bd\" data-id=\"68182bd\" data-element_type=\"column\" data-e-type=\"column\">\n\t\t\t<div class=\"elementor-widget-wrap elementor-element-populated\">\n\t\t\t\t\t\t<div class=\"elementor-element elementor-element-eb0726e elementor-widget elementor-widget-text-editor\" data-id=\"eb0726e\" data-element_type=\"widget\" data-e-type=\"widget\" data-widget_type=\"text-editor.default\">\n\t\t\t\t<div class=\"elementor-widget-container\">\n\t\t\t\t\t\t\t\t\t<p>Le <strong data-start=\"268\" data-end=\"279\">favicon<\/strong> est la petite ic\u00f4ne affich\u00e9e dans l\u2019onglet de votre navigateur, \u00e0 c\u00f4t\u00e9 du nom du site.<br data-start=\"366\" data-end=\"369\" \/>Il permet aux visiteurs d\u2019identifier visuellement votre site parmi plusieurs onglets ouverts.<\/p>\t\t\t\t\t\t\t\t<\/div>\n\t\t\t\t<\/div>\n\t\t\t\t<div class=\"elementor-element elementor-element-098e122 elementor-widget elementor-widget-image\" data-id=\"098e122\" data-element_type=\"widget\" data-e-type=\"widget\" data-widget_type=\"image.default\">\n\t\t\t\t<div class=\"elementor-widget-container\">\n\t\t\t\t\t\t\t\t\t\t\t\t\t\t\t<img fetchpriority=\"high\" decoding=\"async\" width=\"1453\" height=\"87\" src=\"https:\/\/www.cmonsite.fr\/site\/webup\/2025\/05\/Capture-decran-2025-05-12-104808.png\" class=\"attachment-full size-full wp-image-28248\" alt=\"\" srcset=\"https:\/\/www.cmonsite.fr\/site\/webup\/2025\/05\/Capture-decran-2025-05-12-104808.png 1453w, https:\/\/www.cmonsite.fr\/site\/webup\/2025\/05\/Capture-decran-2025-05-12-104808-300x18.png 300w, https:\/\/www.cmonsite.fr\/site\/webup\/2025\/05\/Capture-decran-2025-05-12-104808-1024x61.png 1024w, https:\/\/www.cmonsite.fr\/site\/webup\/2025\/05\/Capture-decran-2025-05-12-104808-768x46.png 768w\" sizes=\"(max-width: 1453px) 100vw, 1453px\" \/>\t\t\t\t\t\t\t\t\t\t\t\t\t\t\t<\/div>\n\t\t\t\t<\/div>\n\t\t\t\t<div class=\"elementor-element elementor-element-0c09f27 elementor-widget elementor-widget-heading\" data-id=\"0c09f27\" data-element_type=\"widget\" data-e-type=\"widget\" data-widget_type=\"heading.default\">\n\t\t\t\t<div class=\"elementor-widget-container\">\n\t\t\t\t\t<h2 class=\"elementor-heading-title elementor-size-default\">1. O\u00f9 ajouter mon favicon ?<\/h2>\t\t\t\t<\/div>\n\t\t\t\t<\/div>\n\t\t\t\t<div class=\"elementor-element elementor-element-76e16be elementor-widget elementor-widget-text-editor\" data-id=\"76e16be\" data-element_type=\"widget\" data-e-type=\"widget\" data-widget_type=\"text-editor.default\">\n\t\t\t\t<div class=\"elementor-widget-container\">\n\t\t\t\t\t\t\t\t\t<blockquote data-start=\"501\" data-end=\"547\"><p class=\"\" data-start=\"503\" data-end=\"547\"><strong data-start=\"503\" data-end=\"547\">Administration &gt; Design &gt; Logo &amp; Favicon<\/strong><\/p><\/blockquote><p class=\"\" data-start=\"549\" data-end=\"627\">C\u2019est ici que vous pouvez g\u00e9rer <strong data-start=\"581\" data-end=\"605\">votre logo principal<\/strong> et <strong data-start=\"609\" data-end=\"626\">votre favicon<\/strong>.<\/p>\t\t\t\t\t\t\t\t<\/div>\n\t\t\t\t<\/div>\n\t\t\t\t<div class=\"elementor-element elementor-element-1c97b22 elementor-widget elementor-widget-image\" data-id=\"1c97b22\" data-element_type=\"widget\" data-e-type=\"widget\" data-widget_type=\"image.default\">\n\t\t\t\t<div class=\"elementor-widget-container\">\n\t\t\t\t\t\t\t\t\t\t\t\t\t\t\t\t<a href=\"https:\/\/www.cmonsite.fr\/site\/webup\/2025\/05\/Capture-decran-2025-05-12-104600.png\" data-elementor-open-lightbox=\"yes\" data-elementor-lightbox-title=\"Capture d\u2019\u00e9cran 2025-05-12 104600\" data-e-action-hash=\"#elementor-action%3Aaction%3Dlightbox%26settings%3DeyJpZCI6MjgyNDIsInVybCI6Imh0dHBzOlwvXC93d3cuY21vbnNpdGUuZnJcL3NpdGVcL3dwLWNvbnRlbnRcL3VwbG9hZHNcLzIwMjVcLzA1XC9DYXB0dXJlLWRlY3Jhbi0yMDI1LTA1LTEyLTEwNDYwMC5wbmcifQ%3D%3D\">\n\t\t\t\t\t\t\t<img decoding=\"async\" width=\"1231\" height=\"336\" src=\"https:\/\/www.cmonsite.fr\/site\/webup\/2025\/05\/Capture-decran-2025-05-12-104600.png\" class=\"attachment-full size-full wp-image-28242\" alt=\"\" srcset=\"https:\/\/www.cmonsite.fr\/site\/webup\/2025\/05\/Capture-decran-2025-05-12-104600.png 1231w, https:\/\/www.cmonsite.fr\/site\/webup\/2025\/05\/Capture-decran-2025-05-12-104600-300x82.png 300w, https:\/\/www.cmonsite.fr\/site\/webup\/2025\/05\/Capture-decran-2025-05-12-104600-1024x279.png 1024w, https:\/\/www.cmonsite.fr\/site\/webup\/2025\/05\/Capture-decran-2025-05-12-104600-768x210.png 768w\" sizes=\"(max-width: 1231px) 100vw, 1231px\" \/>\t\t\t\t\t\t\t\t<\/a>\n\t\t\t\t\t\t\t\t\t\t\t\t\t\t\t<\/div>\n\t\t\t\t<\/div>\n\t\t\t\t<div class=\"elementor-element elementor-element-e5695c1 elementor-widget elementor-widget-spacer\" data-id=\"e5695c1\" data-element_type=\"widget\" data-e-type=\"widget\" data-widget_type=\"spacer.default\">\n\t\t\t\t<div class=\"elementor-widget-container\">\n\t\t\t\t\t\t\t<div class=\"elementor-spacer\">\n\t\t\t<div class=\"elementor-spacer-inner\"><\/div>\n\t\t<\/div>\n\t\t\t\t\t\t<\/div>\n\t\t\t\t<\/div>\n\t\t\t\t<div class=\"elementor-element elementor-element-a0e0158 elementor-widget elementor-widget-heading\" data-id=\"a0e0158\" data-element_type=\"widget\" data-e-type=\"widget\" data-widget_type=\"heading.default\">\n\t\t\t\t<div class=\"elementor-widget-container\">\n\t\t\t\t\t<h2 class=\"elementor-heading-title elementor-size-default\">2. Ajouter votre favicon<\/h2>\t\t\t\t<\/div>\n\t\t\t\t<\/div>\n\t\t\t\t\t<\/div>\n\t\t<\/div>\n\t\t\t\t\t<\/div>\n\t\t<\/section>\n\t\t\t\t<section class=\"elementor-section elementor-top-section elementor-element elementor-element-bd55ee9 elementor-section-content-middle elementor-section-boxed elementor-section-height-default elementor-section-height-default\" data-id=\"bd55ee9\" data-element_type=\"section\" data-e-type=\"section\">\n\t\t\t\t\t\t<div class=\"elementor-container elementor-column-gap-default\">\n\t\t\t\t\t<div class=\"elementor-column elementor-col-100 elementor-top-column elementor-element elementor-element-26d5628\" data-id=\"26d5628\" data-element_type=\"column\" data-e-type=\"column\">\n\t\t\t<div class=\"elementor-widget-wrap elementor-element-populated\">\n\t\t\t\t\t\t<div class=\"elementor-element elementor-element-ad3206f elementor-widget elementor-widget-text-editor\" data-id=\"ad3206f\" data-element_type=\"widget\" data-e-type=\"widget\" data-widget_type=\"text-editor.default\">\n\t\t\t\t<div class=\"elementor-widget-container\">\n\t\t\t\t\t\t\t\t\t<h3 class=\"\" data-start=\"664\" data-end=\"684\">\u00c9tapes simples :<\/h3><ol data-start=\"686\" data-end=\"919\"><li class=\"\" data-start=\"686\" data-end=\"736\"><p class=\"\" data-start=\"689\" data-end=\"736\">Rendez-vous dans la rubrique <strong data-start=\"718\" data-end=\"736\">Logo &amp; Favicon<\/strong><\/p><\/li><li class=\"\" data-start=\"737\" data-end=\"811\"><p class=\"\" data-start=\"740\" data-end=\"811\">Cliquez sur le bouton <strong data-start=\"762\" data-end=\"787\">\u201cAjouter votre favicon\u201d<\/strong><\/p><\/li><li class=\"\" data-start=\"812\" data-end=\"865\"><p class=\"\" data-start=\"815\" data-end=\"865\">S\u00e9lectionnez votre fichier depuis votre ordinateur<\/p><\/li><li class=\"\" data-start=\"866\" data-end=\"919\"><p class=\"\" data-start=\"869\" data-end=\"919\">L\u2019image est automatiquement appliqu\u00e9e \u00e0 votre site<\/p><\/li><\/ol><p class=\"\" data-start=\"921\" data-end=\"996\">\u2705 Une fois charg\u00e9, le favicon appara\u00eetra dans l\u2019onglet de votre navigateur.<\/p>\t\t\t\t\t\t\t\t<\/div>\n\t\t\t\t<\/div>\n\t\t\t\t<div class=\"elementor-element elementor-element-e582c93 elementor-widget elementor-widget-spacer\" data-id=\"e582c93\" data-element_type=\"widget\" data-e-type=\"widget\" data-widget_type=\"spacer.default\">\n\t\t\t\t<div class=\"elementor-widget-container\">\n\t\t\t\t\t\t\t<div class=\"elementor-spacer\">\n\t\t\t<div class=\"elementor-spacer-inner\"><\/div>\n\t\t<\/div>\n\t\t\t\t\t\t<\/div>\n\t\t\t\t<\/div>\n\t\t\t\t<div class=\"elementor-element elementor-element-e1e04d5 elementor-widget elementor-widget-image\" data-id=\"e1e04d5\" data-element_type=\"widget\" data-e-type=\"widget\" data-widget_type=\"image.default\">\n\t\t\t\t<div class=\"elementor-widget-container\">\n\t\t\t\t\t\t\t\t\t\t\t\t\t\t\t\t<a href=\"https:\/\/www.cmonsite.fr\/site\/webup\/2025\/05\/Capture-decran-2025-05-12-113412.png\" data-elementor-open-lightbox=\"yes\" data-elementor-lightbox-title=\"Capture d&#039;\u00e9cran 2025-05-12 113412\" data-e-action-hash=\"#elementor-action%3Aaction%3Dlightbox%26settings%3DeyJpZCI6MjgyNDksInVybCI6Imh0dHBzOlwvXC93d3cuY21vbnNpdGUuZnJcL3NpdGVcL3dwLWNvbnRlbnRcL3VwbG9hZHNcLzIwMjVcLzA1XC9DYXB0dXJlLWRlY3Jhbi0yMDI1LTA1LTEyLTExMzQxMi5wbmcifQ%3D%3D\">\n\t\t\t\t\t\t\t<img decoding=\"async\" width=\"492\" height=\"164\" src=\"https:\/\/www.cmonsite.fr\/site\/webup\/2025\/05\/Capture-decran-2025-05-12-113412.png\" class=\"attachment-full size-full wp-image-28249\" alt=\"\" srcset=\"https:\/\/www.cmonsite.fr\/site\/webup\/2025\/05\/Capture-decran-2025-05-12-113412.png 492w, https:\/\/www.cmonsite.fr\/site\/webup\/2025\/05\/Capture-decran-2025-05-12-113412-300x100.png 300w\" sizes=\"(max-width: 492px) 100vw, 492px\" \/>\t\t\t\t\t\t\t\t<\/a>\n\t\t\t\t\t\t\t\t\t\t\t\t\t\t\t<\/div>\n\t\t\t\t<\/div>\n\t\t\t\t<div class=\"elementor-element elementor-element-a2d660e elementor-widget elementor-widget-spacer\" data-id=\"a2d660e\" data-element_type=\"widget\" data-e-type=\"widget\" data-widget_type=\"spacer.default\">\n\t\t\t\t<div class=\"elementor-widget-container\">\n\t\t\t\t\t\t\t<div class=\"elementor-spacer\">\n\t\t\t<div class=\"elementor-spacer-inner\"><\/div>\n\t\t<\/div>\n\t\t\t\t\t\t<\/div>\n\t\t\t\t<\/div>\n\t\t\t\t<div class=\"elementor-element elementor-element-dcdc63e elementor-widget-divider--view-line elementor-widget elementor-widget-divider\" data-id=\"dcdc63e\" data-element_type=\"widget\" data-e-type=\"widget\" data-widget_type=\"divider.default\">\n\t\t\t\t<div class=\"elementor-widget-container\">\n\t\t\t\t\t\t\t<div class=\"elementor-divider\">\n\t\t\t<span class=\"elementor-divider-separator\">\n\t\t\t\t\t\t<\/span>\n\t\t<\/div>\n\t\t\t\t\t\t<\/div>\n\t\t\t\t<\/div>\n\t\t\t\t<div class=\"elementor-element elementor-element-00ef872 elementor-widget elementor-widget-heading\" data-id=\"00ef872\" data-element_type=\"widget\" data-e-type=\"widget\" data-widget_type=\"heading.default\">\n\t\t\t\t<div class=\"elementor-widget-container\">\n\t\t\t\t\t<h3 class=\"elementor-heading-title elementor-size-default\">Astuce : forcer l\u2019affichage<\/h3>\t\t\t\t<\/div>\n\t\t\t\t<\/div>\n\t\t\t\t<div class=\"elementor-element elementor-element-945d86d elementor-widget elementor-widget-spacer\" data-id=\"945d86d\" data-element_type=\"widget\" data-e-type=\"widget\" data-widget_type=\"spacer.default\">\n\t\t\t\t<div class=\"elementor-widget-container\">\n\t\t\t\t\t\t\t<div class=\"elementor-spacer\">\n\t\t\t<div class=\"elementor-spacer-inner\"><\/div>\n\t\t<\/div>\n\t\t\t\t\t\t<\/div>\n\t\t\t\t<\/div>\n\t\t\t\t<div class=\"elementor-element elementor-element-39f333b elementor-widget elementor-widget-text-editor\" data-id=\"39f333b\" data-element_type=\"widget\" data-e-type=\"widget\" data-widget_type=\"text-editor.default\">\n\t\t\t\t<div class=\"elementor-widget-container\">\n\t\t\t\t\t\t\t\t\t<p class=\"\" data-start=\"1038\" data-end=\"1253\">Certains navigateurs peuvent mettre un peu de temps \u00e0 actualiser le favicon.<br data-start=\"1114\" data-end=\"1117\" \/>\u27a1\ufe0f Pour forcer l\u2019affichage, appuyez <strong data-start=\"1153\" data-end=\"1188\">plusieurs fois sur la touche F5<\/strong> (ou <strong data-start=\"1193\" data-end=\"1206\">Ctrl + F5<\/strong> sur certains navigateurs) pour vider le cache.<\/p>\t\t\t\t\t\t\t\t<\/div>\n\t\t\t\t<\/div>\n\t\t\t\t<div class=\"elementor-element elementor-element-3cd0ea0 elementor-widget elementor-widget-spacer\" data-id=\"3cd0ea0\" data-element_type=\"widget\" data-e-type=\"widget\" data-widget_type=\"spacer.default\">\n\t\t\t\t<div class=\"elementor-widget-container\">\n\t\t\t\t\t\t\t<div class=\"elementor-spacer\">\n\t\t\t<div class=\"elementor-spacer-inner\"><\/div>\n\t\t<\/div>\n\t\t\t\t\t\t<\/div>\n\t\t\t\t<\/div>\n\t\t\t\t<div class=\"elementor-element elementor-element-6649abe elementor-widget elementor-widget-text-editor\" data-id=\"6649abe\" data-element_type=\"widget\" data-e-type=\"widget\" data-widget_type=\"text-editor.default\">\n\t\t\t\t<div class=\"elementor-widget-container\">\n\t\t\t\t\t\t\t\t\t<h3 data-start=\"1260\" data-end=\"1292\">Recommandations techniques<\/h3><div class=\"_tableContainer_16hzy_1\"><div class=\"_tableWrapper_16hzy_14 group flex w-fit flex-col-reverse\" tabindex=\"-1\"><table class=\"w-fit min-w-(--thread-content-width)\" data-start=\"1294\" data-end=\"1628\"><thead data-start=\"1294\" data-end=\"1348\"><tr data-start=\"1294\" data-end=\"1348\"><th data-start=\"1294\" data-end=\"1311\" data-col-size=\"sm\">\u00c9l\u00e9ment<\/th><th data-start=\"1311\" data-end=\"1348\" data-col-size=\"md\">D\u00e9tail<\/th><\/tr><\/thead><tbody data-start=\"1405\" data-end=\"1628\"><tr data-start=\"1405\" data-end=\"1461\"><td data-start=\"1405\" data-end=\"1423\" data-col-size=\"sm\">\ud83d\udccf Taille<\/td><td data-col-size=\"md\" data-start=\"1423\" data-end=\"1461\"><strong data-start=\"1425\" data-end=\"1443\">32 x 32 pixels<\/strong> (standard web)<\/td><\/tr><tr data-start=\"1462\" data-end=\"1523\"><td data-start=\"1462\" data-end=\"1481\" data-col-size=\"sm\">\ud83d\uddbc\ufe0f Format<\/td><td data-col-size=\"md\" data-start=\"1481\" data-end=\"1523\"><strong data-start=\"1483\" data-end=\"1491\">.ico<\/strong> (recommand\u00e9), <strong data-start=\"1506\" data-end=\"1513\">PNG<\/strong> accept\u00e9<\/td><\/tr><tr data-start=\"1524\" data-end=\"1628\"><td data-start=\"1524\" data-end=\"1542\" data-col-size=\"sm\">\ud83c\udf10 G\u00e9n\u00e9rateur<\/td><td data-col-size=\"md\" data-start=\"1542\" data-end=\"1628\">Utilisez <a class=\"\" href=\"http:\/\/www.favicon.cc\" target=\"_new\" rel=\"noopener\" data-start=\"1553\" data-end=\"1588\">favicon.cc<\/a> pour cr\u00e9er un fichier .ico facilement<\/td><\/tr><\/tbody><\/table><\/div><\/div>\t\t\t\t\t\t\t\t<\/div>\n\t\t\t\t<\/div>\n\t\t\t\t\t<\/div>\n\t\t<\/div>\n\t\t\t\t\t<\/div>\n\t\t<\/section>\n\t\t\t\t<section class=\"elementor-section elementor-top-section elementor-element elementor-element-cdcb3d3 elementor-section-boxed elementor-section-height-default elementor-section-height-default\" data-id=\"cdcb3d3\" data-element_type=\"section\" data-e-type=\"section\">\n\t\t\t\t\t\t<div class=\"elementor-container elementor-column-gap-default\">\n\t\t\t\t\t<div class=\"elementor-column elementor-col-100 elementor-top-column elementor-element elementor-element-17fffaa\" data-id=\"17fffaa\" data-element_type=\"column\" data-e-type=\"column\">\n\t\t\t<div class=\"elementor-widget-wrap elementor-element-populated\">\n\t\t\t\t\t\t<div class=\"elementor-element elementor-element-8542c9d elementor-widget elementor-widget-spacer\" data-id=\"8542c9d\" data-element_type=\"widget\" data-e-type=\"widget\" data-widget_type=\"spacer.default\">\n\t\t\t\t<div class=\"elementor-widget-container\">\n\t\t\t\t\t\t\t<div class=\"elementor-spacer\">\n\t\t\t<div class=\"elementor-spacer-inner\"><\/div>\n\t\t<\/div>\n\t\t\t\t\t\t<\/div>\n\t\t\t\t<\/div>\n\t\t<div class=\"elementor-element elementor-element-e445326 e-flex e-con-boxed e-con e-parent\" data-id=\"e445326\" data-element_type=\"container\" data-e-type=\"container\" data-settings=\"{&quot;background_background&quot;:&quot;classic&quot;}\">\n\t\t\t\t\t<div class=\"e-con-inner\">\n\t\t\t\t<div class=\"elementor-element elementor-element-75e5cda elementor-widget elementor-widget-text-editor\" data-id=\"75e5cda\" data-element_type=\"widget\" data-e-type=\"widget\" data-widget_type=\"text-editor.default\">\n\t\t\t\t<div class=\"elementor-widget-container\">\n\t\t\t\t\t\t\t\t\t<p style=\"text-align: center;\"><strong>Cette fonctionnalit\u00e9 est disponible \u00e0 partir de la Formule Premium<\/strong><\/p>\t\t\t\t\t\t\t\t<\/div>\n\t\t\t\t<\/div>\n\t\t\t\t<div class=\"elementor-element elementor-element-85f50ad elementor-align-center elementor-tablet-align-right elementor-hidden-phone elementor-widget elementor-widget-button\" data-id=\"85f50ad\" data-element_type=\"widget\" data-e-type=\"widget\" data-widget_type=\"button.default\">\n\t\t\t\t<div class=\"elementor-widget-container\">\n\t\t\t\t\t\t\t\t\t<div class=\"elementor-button-wrapper\">\n\t\t\t\t\t<a class=\"elementor-button elementor-button-link elementor-size-sm\" href=\"https:\/\/www.cmonsite.fr\/comparatif-offre.php\" target=\"_blank\">\n\t\t\t\t\t\t<span class=\"elementor-button-content-wrapper\">\n\t\t\t\t\t\t\t\t\t<span class=\"elementor-button-text\">D\u00e9couvrir les Formules<\/span>\n\t\t\t\t\t<\/span>\n\t\t\t\t\t<\/a>\n\t\t\t\t<\/div>\n\t\t\t\t\t\t\t\t<\/div>\n\t\t\t\t<\/div>\n\t\t\t\t\t<\/div>\n\t\t\t\t<\/div>\n\t\t\t\t<div class=\"elementor-element elementor-element-89249b8 elementor-widget elementor-widget-spacer\" data-id=\"89249b8\" data-element_type=\"widget\" data-e-type=\"widget\" data-widget_type=\"spacer.default\">\n\t\t\t\t<div class=\"elementor-widget-container\">\n\t\t\t\t\t\t\t<div class=\"elementor-spacer\">\n\t\t\t<div class=\"elementor-spacer-inner\"><\/div>\n\t\t<\/div>\n\t\t\t\t\t\t<\/div>\n\t\t\t\t<\/div>\n\t\t\t\t\t<\/div>\n\t\t<\/div>\n\t\t\t\t\t<\/div>\n\t\t<\/section>\n\t\t\t\t<section class=\"elementor-section elementor-top-section elementor-element elementor-element-d7b7b2e elementor-section-boxed elementor-section-height-default elementor-section-height-default\" data-id=\"d7b7b2e\" data-element_type=\"section\" data-e-type=\"section\">\n\t\t\t\t\t\t<div class=\"elementor-container elementor-column-gap-default\">\n\t\t\t\t\t<div class=\"elementor-column elementor-col-100 elementor-top-column elementor-element elementor-element-26a3d87\" data-id=\"26a3d87\" data-element_type=\"column\" data-e-type=\"column\">\n\t\t\t<div class=\"elementor-widget-wrap elementor-element-populated\">\n\t\t\t\t\t\t<div class=\"elementor-element elementor-element-8eaed10 elementor-widget elementor-widget-heading\" data-id=\"8eaed10\" data-element_type=\"widget\" data-e-type=\"widget\" data-widget_type=\"heading.default\">\n\t\t\t\t<div class=\"elementor-widget-container\">\n\t\t\t\t\t<h2 class=\"elementor-heading-title elementor-size-default\">D\u00e9couvrez notre vid\u00e9o explicative sur l'ajout d'un favicon sur votre site<\/h2>\t\t\t\t<\/div>\n\t\t\t\t<\/div>\n\t\t\t\t<div class=\"elementor-element elementor-element-6806013 elementor-widget-divider--view-line elementor-widget elementor-widget-divider\" data-id=\"6806013\" data-element_type=\"widget\" data-e-type=\"widget\" data-widget_type=\"divider.default\">\n\t\t\t\t<div class=\"elementor-widget-container\">\n\t\t\t\t\t\t\t<div class=\"elementor-divider\">\n\t\t\t<span class=\"elementor-divider-separator\">\n\t\t\t\t\t\t<\/span>\n\t\t<\/div>\n\t\t\t\t\t\t<\/div>\n\t\t\t\t<\/div>\n\t\t\t\t<div class=\"elementor-element elementor-element-fed5f38 elementor-widget elementor-widget-video\" data-id=\"fed5f38\" data-element_type=\"widget\" data-e-type=\"widget\" data-settings=\"{&quot;youtube_url&quot;:&quot;https:\\\/\\\/www.youtube.com\\\/watch?v=tTWrPEK1yNY&quot;,&quot;video_type&quot;:&quot;youtube&quot;,&quot;controls&quot;:&quot;yes&quot;}\" data-widget_type=\"video.default\">\n\t\t\t\t<div class=\"elementor-widget-container\">\n\t\t\t\t\t\t\t<div class=\"elementor-wrapper elementor-open-inline\">\n\t\t\t<div class=\"elementor-video\"><\/div>\t\t<\/div>\n\t\t\t\t\t\t<\/div>\n\t\t\t\t<\/div>\n\t\t\t\t\t<\/div>\n\t\t<\/div>\n\t\t\t\t\t<\/div>\n\t\t<\/section>\n\t\t<div class=\"elementor-element elementor-element-9e282c7 e-grid e-con-boxed e-con e-parent\" data-id=\"9e282c7\" data-element_type=\"container\" data-e-type=\"container\">\n\t\t\t\t\t<div class=\"e-con-inner\">\n\t\t\t\t\t<\/div>\n\t\t\t\t<\/div>\n\t\t\t\t<\/div>\n\t\t","protected":false},"excerpt":{"rendered":"<p>Le favicon est la petite ic\u00f4ne affich\u00e9e dans l\u2019onglet de votre navigateur, \u00e0 c\u00f4t\u00e9 du nom du site.Il permet aux visiteurs d\u2019identifier visuellement votre site parmi plusieurs onglets ouverts. 1. O\u00f9 ajouter mon favicon ? Administration &gt; Design &gt; Logo &amp; Favicon C\u2019est ici que vous pouvez g\u00e9rer votre logo principal et votre favicon. 2. [&hellip;]<\/p>\n","protected":false},"author":1,"featured_media":18497,"parent":262,"menu_order":27,"comment_status":"open","ping_status":"closed","template":"","meta":{"_helpful_status":1,"footnotes":""},"class_list":["post-6950","page","type-page","status-publish","has-post-thumbnail","hentry"],"_links":{"self":[{"href":"https:\/\/www.cmonsite.fr\/site\/wp-json\/wp\/v2\/pages\/6950","targetHints":{"allow":["GET"]}}],"collection":[{"href":"https:\/\/www.cmonsite.fr\/site\/wp-json\/wp\/v2\/pages"}],"about":[{"href":"https:\/\/www.cmonsite.fr\/site\/wp-json\/wp\/v2\/types\/page"}],"author":[{"embeddable":true,"href":"https:\/\/www.cmonsite.fr\/site\/wp-json\/wp\/v2\/users\/1"}],"replies":[{"embeddable":true,"href":"https:\/\/www.cmonsite.fr\/site\/wp-json\/wp\/v2\/comments?post=6950"}],"version-history":[{"count":20,"href":"https:\/\/www.cmonsite.fr\/site\/wp-json\/wp\/v2\/pages\/6950\/revisions"}],"predecessor-version":[{"id":28351,"href":"https:\/\/www.cmonsite.fr\/site\/wp-json\/wp\/v2\/pages\/6950\/revisions\/28351"}],"up":[{"embeddable":true,"href":"https:\/\/www.cmonsite.fr\/site\/wp-json\/wp\/v2\/pages\/262"}],"wp:featuredmedia":[{"embeddable":true,"href":"https:\/\/www.cmonsite.fr\/site\/wp-json\/wp\/v2\/media\/18497"}],"wp:attachment":[{"href":"https:\/\/www.cmonsite.fr\/site\/wp-json\/wp\/v2\/media?parent=6950"}],"curies":[{"name":"wp","href":"https:\/\/api.w.org\/{rel}","templated":true}]}}