{"id":6152,"date":"2013-03-25T14:11:56","date_gmt":"2013-03-25T14:11:33","guid":{"rendered":"https:\/\/www.cmonsite.fr\/site\/aide\/?page_id=6152"},"modified":"2022-10-25T17:15:36","modified_gmt":"2022-10-25T15:15:36","slug":"creer-un-site-pour-un-artisan-2","status":"publish","type":"page","link":"https:\/\/www.cmonsite.fr\/site\/guides\/creation-site\/thematique\/creer-un-site-pour-un-artisan-2","title":{"rendered":"Cr\u00e9er un site pour un artisan"},"content":{"rendered":"<h2><\/h2>\n<h2>Artisans, cr\u00e9ez un site pour mettre en valeur votre savoir-faire sur internet<img decoding=\"async\" class=\"wp-image-9573 alignright\" src=\"https:\/\/www.cmonsite.fr\/site\/webup\/2013\/03\/site-de-presentation-pour-vos-service-devis-en-ligne-avec-cmonsite-createur-francais-de-portfolio.png\" alt=\"site de pr\u00e9sentation pour vos service devis en ligne avec-cmonsite-cr\u00e9ateur-fran\u00e7ais-de-portfolio\" width=\"184\" height=\"164\" srcset=\"https:\/\/www.cmonsite.fr\/site\/webup\/2013\/03\/site-de-presentation-pour-vos-service-devis-en-ligne-avec-cmonsite-createur-francais-de-portfolio.png 640w, https:\/\/www.cmonsite.fr\/site\/webup\/2013\/03\/site-de-presentation-pour-vos-service-devis-en-ligne-avec-cmonsite-createur-francais-de-portfolio-300x267.png 300w\" sizes=\"(max-width: 184px) 100vw, 184px\" \/><\/h2>\n<ul>\n<li>Gagnez en notori\u00e9t\u00e9 sur internet pour la notori\u00e9t\u00e9 de votre \u00e9tablissement et de vos cr\u00e9ations<\/li>\n<li>Pr\u00e9sentez votre savoir faire \u00e0 travers des albums et des diaporamas photos<\/li>\n<li>Invitez les internautes \u00e0 vous contacter et r\u00e9aliser des demandes de devis en ligne<\/li>\n<li>Aidez vos clients \u00e0 vous localiser<\/li>\n<li>Mettez en ligne vos nouvelles r\u00e9alisations un deux clic<\/li>\n<li>Vendez en ligne directement vos produits ou services<\/li>\n<\/ul>\n<p>L\u2019Artisanat et un domaine peu connu par le grand public, que vous soyez \u00e9lectricien ou plombier, il est tr\u00e8s important de se faire connaitre pour vendre ses articles et\/ou services. Cependant, un coup de publicit\u00e9 peut \u00eatre tr\u00e8s difficile \u00e0 concevoir si vous n\u2019avez pas les revenus n\u00e9cessaires. Le site Internet est l\u00e0 pour vous aider! Cr\u00e9er votre site Internet en tant qu&#8217;artisan repr\u00e9sente une publicit\u00e9 24h\/24 7j\/7 dans le monde entier \u00e0 moindre co\u00fbt! Et augmentez vos ventes gr\u00e2ce \u00e0 une boutique en ligne!<\/p>\n<h2>Soyez ind\u00e9pendant dans la cr\u00e9ation et la gestion de votre site internet<\/h2>\n<p>La meilleure solution pour toucher un maximum de personnes tout en mettant en valeur votre travail d\u2019artisan et la cr\u00e9ation de votre site internet. Plus de 24 millions de Fran\u00e7ais se connecte chaque jour sur internet ! Il faut donc en profiter ! Etre vu sur le Web en tant qu\u2019artisan vous permettrait d\u2019\u00e9largir votre champ d\u2019action et de proposer vos articles et\/ou services \u00e0 beaucoup plus de clients potentiels.<\/p>\n<p>Vos travaux pourront \u00eatre vus par tous et en un simple clic ! De plus beaucoup de questions courantes (A quel heure ouvrez-vous ? jusqu\u2019\u00e0 quand ?) trouveront leurs r\u00e9ponses directement sur votre site internet, ce qui est un gain de temps consid\u00e9rable pour vous consacrer \u00e0 votre activit\u00e9. Internet est, aujourd\u2019hui, indispensable pour se faire connaitre !<\/p>\n<p>Cependant seul un petit pourcentage de personne ont les capacit\u00e9s et les connaissances pour cr\u00e9er un site internet pour Artisans. C\u2019est pour cela que nous vous permettons de cr\u00e9er un site internet en toute simplicit\u00e9 !<br \/>\nVous pourrez \u00eatre sur le Web en quelque minutes seulement, et \u00e0 partir de 0 \u20ac ! Vos travaux seront mis en valeur par vos soins dans les meilleures conditions possibles, pour le bien de votre Activit\u00e9, et de votre future client\u00e8le.<\/p>\n<hr \/>\n<p style=\"text-align: center;\"><a href=\"https:\/\/www.cmonsite.fr\/site\/aide\/bien-commencer\/exemples-sites-internet\/\" target=\"_blank\" rel=\"noopener\">Voir nos exemples de sites internet\u00a0<\/a><br \/>\n<a href=\"https:\/\/www.cmonsite.fr\/comparatif_offre.php\" target=\"_blank\" rel=\"noopener\">Plus d&#8217;infos sur nos formules de cr\u00e9ation de site<\/a><\/p>\n<hr \/>\n<p style=\"text-align: center;\">\n","protected":false},"excerpt":{"rendered":"<p>Artisans, cr\u00e9ez un site pour mettre en valeur votre savoir-faire sur internet Gagnez en notori\u00e9t\u00e9 sur internet pour la notori\u00e9t\u00e9 de votre \u00e9tablissement et de vos cr\u00e9ations Pr\u00e9sentez votre savoir faire \u00e0 travers des albums et des diaporamas photos Invitez les internautes \u00e0 vous contacter et r\u00e9aliser des demandes de devis en ligne Aidez vos [&hellip;]<\/p>\n","protected":false},"author":1,"featured_media":0,"parent":21587,"menu_order":28,"comment_status":"closed","ping_status":"closed","template":"","meta":{"_helpful_status":1,"footnotes":""},"class_list":["post-6152","page","type-page","status-publish","hentry"],"_links":{"self":[{"href":"https:\/\/www.cmonsite.fr\/site\/wp-json\/wp\/v2\/pages\/6152","targetHints":{"allow":["GET"]}}],"collection":[{"href":"https:\/\/www.cmonsite.fr\/site\/wp-json\/wp\/v2\/pages"}],"about":[{"href":"https:\/\/www.cmonsite.fr\/site\/wp-json\/wp\/v2\/types\/page"}],"author":[{"embeddable":true,"href":"https:\/\/www.cmonsite.fr\/site\/wp-json\/wp\/v2\/users\/1"}],"replies":[{"embeddable":true,"href":"https:\/\/www.cmonsite.fr\/site\/wp-json\/wp\/v2\/comments?post=6152"}],"version-history":[{"count":1,"href":"https:\/\/www.cmonsite.fr\/site\/wp-json\/wp\/v2\/pages\/6152\/revisions"}],"predecessor-version":[{"id":21175,"href":"https:\/\/www.cmonsite.fr\/site\/wp-json\/wp\/v2\/pages\/6152\/revisions\/21175"}],"up":[{"embeddable":true,"href":"https:\/\/www.cmonsite.fr\/site\/wp-json\/wp\/v2\/pages\/21587"}],"wp:attachment":[{"href":"https:\/\/www.cmonsite.fr\/site\/wp-json\/wp\/v2\/media?parent=6152"}],"curies":[{"name":"wp","href":"https:\/\/api.w.org\/{rel}","templated":true}]}}