{"id":5415,"date":"2013-03-08T15:33:50","date_gmt":"2013-03-08T15:33:50","guid":{"rendered":"https:\/\/www.cmonsite.fr\/site\/aide\/?page_id=5415"},"modified":"2025-05-14T17:30:19","modified_gmt":"2025-05-14T15:30:19","slug":"images-fiche-produit","status":"publish","type":"page","link":"https:\/\/www.cmonsite.fr\/site\/aide\/gestion-des-produits\/images-fiche-produit","title":{"rendered":"G\u00e9rer les images des fiches produits"},"content":{"rendered":"\t\t<div data-elementor-type=\"wp-page\" data-elementor-id=\"5415\" class=\"elementor elementor-5415\" data-elementor-post-type=\"page\">\n\t\t\t\t<div class=\"elementor-element elementor-element-e2ee087 e-flex e-con-boxed e-con e-parent\" data-id=\"e2ee087\" data-element_type=\"container\" data-e-type=\"container\">\n\t\t\t\t\t<div class=\"e-con-inner\">\n\t\t\t\t<div class=\"elementor-element elementor-element-dd4a927 elementor-widget elementor-widget-heading\" data-id=\"dd4a927\" data-element_type=\"widget\" data-e-type=\"widget\" data-widget_type=\"heading.default\">\n\t\t\t\t<div class=\"elementor-widget-container\">\n\t\t\t\t\t<h2 class=\"elementor-heading-title elementor-size-default\">1. Acc\u00e9der \u00e0 la fiche produit<\/h2>\t\t\t\t<\/div>\n\t\t\t\t<\/div>\n\t\t\t\t<div class=\"elementor-element elementor-element-34d6c32 elementor-widget elementor-widget-text-editor\" data-id=\"34d6c32\" data-element_type=\"widget\" data-e-type=\"widget\" data-widget_type=\"text-editor.default\">\n\t\t\t\t<div class=\"elementor-widget-container\">\n\t\t\t\t\t\t\t\t\t<p class=\"\" data-start=\"571\" data-end=\"624\">Pour modifier les images d\u2019un produit d\u00e9j\u00e0 existant, il vous faudra tout d&#8217;abord vous rendre dans la fiche du produit concern\u00e9 :<\/p><ol data-start=\"626\" data-end=\"848\"><li class=\"\" data-start=\"626\" data-end=\"675\"><p class=\"\" data-start=\"629\" data-end=\"675\">Rendez-vous dans <strong data-start=\"646\" data-end=\"675\">Administration &gt; Boutique<\/strong><\/p><\/li><li class=\"\" data-start=\"676\" data-end=\"734\"><p class=\"\" data-start=\"679\" data-end=\"734\">Cliquez sur l\u2019onglet <strong data-start=\"700\" data-end=\"734\">\u201cListe produits et cat\u00e9gories\u201d<\/strong><\/p><\/li><li class=\"\" data-start=\"735\" data-end=\"799\"><p class=\"\" data-start=\"738\" data-end=\"799\">Ouvrez la <strong data-start=\"748\" data-end=\"761\">cat\u00e9gorie<\/strong> contenant la fiche produit \u00e0 modifier<\/p><\/li><li class=\"\" data-start=\"800\" data-end=\"848\"><p class=\"\" data-start=\"803\" data-end=\"848\">Cliquez sur <b>Modifier<\/b><\/p><\/li><\/ol>\t\t\t\t\t\t\t\t<\/div>\n\t\t\t\t<\/div>\n\t\t\t\t<div class=\"elementor-element elementor-element-66498d0 elementor-widget elementor-widget-text-editor\" data-id=\"66498d0\" data-element_type=\"widget\" data-e-type=\"widget\" data-widget_type=\"text-editor.default\">\n\t\t\t\t<div class=\"elementor-widget-container\">\n\t\t\t\t\t\t\t\t\t<p class=\"\" data-start=\"918\" data-end=\"1022\">\ud83d\udccc <em data-start=\"921\" data-end=\"980\">Besoin d\u2019aide pour cr\u00e9er ou modifier une fiche compl\u00e8te ?<\/em><\/p>\t\t\t\t\t\t\t\t<\/div>\n\t\t\t\t<\/div>\n\t\t\t\t<div class=\"elementor-element elementor-element-25d601a elementor-widget elementor-widget-text-editor\" data-id=\"25d601a\" data-element_type=\"widget\" data-e-type=\"widget\" data-widget_type=\"text-editor.default\">\n\t\t\t\t<div class=\"elementor-widget-container\">\n\t\t\t\t\t\t\t\t\t<p>Consultez la FAQ \u201c<a href=\"https:\/\/www.cmonsite.fr\/site\/aide\/boutique\/creer-une-fiche-produit\/\">Cr\u00e9er un produit<\/a>\u201d.<\/p>\t\t\t\t\t\t\t\t<\/div>\n\t\t\t\t<\/div>\n\t\t\t\t\t<\/div>\n\t\t\t\t<\/div>\n\t\t<div class=\"elementor-element elementor-element-1f78949 e-flex e-con-boxed e-con e-parent\" data-id=\"1f78949\" data-element_type=\"container\" data-e-type=\"container\">\n\t\t\t\t\t<div class=\"e-con-inner\">\n\t\t\t\t<div class=\"elementor-element elementor-element-6267a5e elementor-widget elementor-widget-spacer\" data-id=\"6267a5e\" data-element_type=\"widget\" data-e-type=\"widget\" data-widget_type=\"spacer.default\">\n\t\t\t\t<div class=\"elementor-widget-container\">\n\t\t\t\t\t\t\t<div class=\"elementor-spacer\">\n\t\t\t<div class=\"elementor-spacer-inner\"><\/div>\n\t\t<\/div>\n\t\t\t\t\t\t<\/div>\n\t\t\t\t<\/div>\n\t\t\t\t<div class=\"elementor-element elementor-element-3a52522 elementor-widget elementor-widget-heading\" data-id=\"3a52522\" data-element_type=\"widget\" data-e-type=\"widget\" data-widget_type=\"heading.default\">\n\t\t\t\t<div class=\"elementor-widget-container\">\n\t\t\t\t\t<h2 class=\"elementor-heading-title elementor-size-default\">2. Ajouter des images suppl\u00e9mentaires<\/h2>\t\t\t\t<\/div>\n\t\t\t\t<\/div>\n\t\t\t\t<div class=\"elementor-element elementor-element-b697352 elementor-widget elementor-widget-text-editor\" data-id=\"b697352\" data-element_type=\"widget\" data-e-type=\"widget\" data-widget_type=\"text-editor.default\">\n\t\t\t\t<div class=\"elementor-widget-container\">\n\t\t\t\t\t\t\t\t\t<p class=\"\" data-start=\"1072\" data-end=\"1120\">Une fois dans la fen\u00eatre de gestion des images :<\/p><ul data-start=\"1122\" data-end=\"1370\"><li class=\"\" data-start=\"1122\" data-end=\"1217\"><p class=\"\" data-start=\"1124\" data-end=\"1217\">Cliquez sur <strong data-start=\"1136\" data-end=\"1187\">\u201cAjouter des images suppl\u00e9mentaires au produit\u201d<\/strong> (bouton en bas de la fen\u00eatre)<\/p><\/li><li class=\"\" data-start=\"1218\" data-end=\"1269\"><p class=\"\" data-start=\"1220\" data-end=\"1269\">S\u00e9lectionnez vos fichiers depuis votre ordinateur<\/p><\/li><li class=\"\" data-start=\"1270\" data-end=\"1301\"><p class=\"\" data-start=\"1272\" data-end=\"1301\">Attendez la fin du chargement<\/p><\/li><li class=\"\" data-start=\"1302\" data-end=\"1370\"><p class=\"\" data-start=\"1304\" data-end=\"1370\">Fermez la fen\u00eatre : la fiche produit s\u2019actualisera automatiquement<\/p><\/li><\/ul>\t\t\t\t\t\t\t\t<\/div>\n\t\t\t\t<\/div>\n\t\t\t\t<div class=\"elementor-element elementor-element-8623d81 elementor-widget elementor-widget-text-editor\" data-id=\"8623d81\" data-element_type=\"widget\" data-e-type=\"widget\" data-widget_type=\"text-editor.default\">\n\t\t\t\t<div class=\"elementor-widget-container\">\n\t\t\t\t\t\t\t\t\t<h3 class=\"\" data-start=\"1253\" data-end=\"1289\">Nombre d&#8217;images selon votre formule :<\/h3><div class=\"_tableContainer_16hzy_1\"><div class=\"_tableWrapper_16hzy_14 group flex w-fit flex-col-reverse\" tabindex=\"-1\"><table class=\"w-fit min-w-(--thread-content-width)\" data-start=\"1291\" data-end=\"1516\"><thead data-start=\"1291\" data-end=\"1341\"><tr data-start=\"1291\" data-end=\"1341\"><th data-start=\"1291\" data-end=\"1310\" data-col-size=\"sm\">Formule CmonSite<\/th><th data-start=\"1310\" data-end=\"1341\" data-col-size=\"sm\">Nombre d\u2019images par produit<\/th><\/tr><\/thead><tbody data-start=\"1393\" data-end=\"1516\"><tr data-start=\"1393\" data-end=\"1454\"><td data-start=\"1393\" data-end=\"1417\" data-col-size=\"sm\"><strong data-start=\"1395\" data-end=\"1412\">Zen \/ Premium<\/strong><\/td><td data-col-size=\"sm\" data-start=\"1417\" data-end=\"1454\">Jusqu\u2019\u00e0 <strong data-start=\"1427\" data-end=\"1439\">6 images<\/strong> maximum<\/td><\/tr><tr data-start=\"1455\" data-end=\"1516\"><td data-start=\"1455\" data-end=\"1479\" data-col-size=\"sm\"><strong data-start=\"1457\" data-end=\"1464\">Pro<\/strong><\/td><td data-col-size=\"sm\" data-start=\"1479\" data-end=\"1516\">Jusqu\u2019\u00e0 <strong data-start=\"1489\" data-end=\"1502\">10 images<\/strong> maximum<\/td><\/tr><\/tbody><\/table><div class=\"sticky end-(--thread-content-margin) h-0 self-end select-none\"><div class=\"absolute end-0 flex items-end\">\u00a0<\/div><\/div><\/div><\/div><p class=\"\" data-start=\"1518\" data-end=\"1615\">\ud83d\udccc Chaque image doit peser <strong data-start=\"1545\" data-end=\"1562\">moins de 2 Mo<\/strong> pour \u00eatre accept\u00e9e (formats recommand\u00e9s : JPG, PNG).<\/p>\t\t\t\t\t\t\t\t<\/div>\n\t\t\t\t<\/div>\n\t\t\t\t<div class=\"elementor-element elementor-element-f9ee37b elementor-widget elementor-widget-image\" data-id=\"f9ee37b\" data-element_type=\"widget\" data-e-type=\"widget\" data-widget_type=\"image.default\">\n\t\t\t\t<div class=\"elementor-widget-container\">\n\t\t\t\t\t\t\t\t\t\t\t\t\t\t\t<img fetchpriority=\"high\" decoding=\"async\" width=\"446\" height=\"505\" src=\"https:\/\/www.cmonsite.fr\/site\/webup\/2025\/05\/Capture-decran-2025-05-09-162113.png\" class=\"attachment-full size-full wp-image-28210\" alt=\"\" srcset=\"https:\/\/www.cmonsite.fr\/site\/webup\/2025\/05\/Capture-decran-2025-05-09-162113.png 446w, https:\/\/www.cmonsite.fr\/site\/webup\/2025\/05\/Capture-decran-2025-05-09-162113-265x300.png 265w\" sizes=\"(max-width: 446px) 100vw, 446px\" \/>\t\t\t\t\t\t\t\t\t\t\t\t\t\t\t<\/div>\n\t\t\t\t<\/div>\n\t\t\t\t\t<\/div>\n\t\t\t\t<\/div>\n\t\t<div class=\"elementor-element elementor-element-ef9560d e-flex e-con-boxed e-con e-parent\" data-id=\"ef9560d\" data-element_type=\"container\" data-e-type=\"container\">\n\t\t\t\t\t<div class=\"e-con-inner\">\n\t\t\t\t<div class=\"elementor-element elementor-element-24d2585 elementor-widget elementor-widget-spacer\" data-id=\"24d2585\" data-element_type=\"widget\" data-e-type=\"widget\" data-widget_type=\"spacer.default\">\n\t\t\t\t<div class=\"elementor-widget-container\">\n\t\t\t\t\t\t\t<div class=\"elementor-spacer\">\n\t\t\t<div class=\"elementor-spacer-inner\"><\/div>\n\t\t<\/div>\n\t\t\t\t\t\t<\/div>\n\t\t\t\t<\/div>\n\t\t\t\t<div class=\"elementor-element elementor-element-81b3a49 elementor-widget elementor-widget-heading\" data-id=\"81b3a49\" data-element_type=\"widget\" data-e-type=\"widget\" data-widget_type=\"heading.default\">\n\t\t\t\t<div class=\"elementor-widget-container\">\n\t\t\t\t\t<h2 class=\"elementor-heading-title elementor-size-default\">3. Modifier les images existantes<\/h2>\t\t\t\t<\/div>\n\t\t\t\t<\/div>\n\t\t\t\t<div class=\"elementor-element elementor-element-48fd7dd elementor-widget elementor-widget-text-editor\" data-id=\"48fd7dd\" data-element_type=\"widget\" data-e-type=\"widget\" data-widget_type=\"text-editor.default\">\n\t\t\t\t<div class=\"elementor-widget-container\">\n\t\t\t\t\t\t\t\t\t<p class=\"\" data-start=\"1072\" data-end=\"1120\">Chaque image ajout\u00e9e est accompagn\u00e9e d\u2019un ensemble d\u2019ic\u00f4nes de gestion :<\/p>\t\t\t\t\t\t\t\t<\/div>\n\t\t\t\t<\/div>\n\t\t\t\t<div class=\"elementor-element elementor-element-81ae869 elementor-widget elementor-widget-text-editor\" data-id=\"81ae869\" data-element_type=\"widget\" data-e-type=\"widget\" data-widget_type=\"text-editor.default\">\n\t\t\t\t<div class=\"elementor-widget-container\">\n\t\t\t\t\t\t\t\t\t<table><thead><tr><th>Ic\u00f4ne \/ Fonction<\/th><th>Description<\/th><\/tr><\/thead><tbody><tr><td><strong><img decoding=\"async\" class=\"wp-image-28214 alignleft\" src=\"https:\/\/www.cmonsite.fr\/site\/webup\/2025\/05\/Capture-decran-2025-05-09-164648-1.png\" alt=\"\" width=\"23\" height=\"25\" \/>Ajouter une description<\/strong><\/td><td>Une infobulle s\u2019affiche au survol de l\u2019image sur votre site<\/td><\/tr><tr><td><strong><img decoding=\"async\" class=\"wp-image-28213 alignleft\" src=\"https:\/\/www.cmonsite.fr\/site\/webup\/2025\/05\/Capture-decran-2025-05-09-170507.png\" alt=\"\" width=\"22\" height=\"23\" \/>D\u00e9finir comme image principale<\/strong><\/td><td>Affiche cette image comme visuel principal de la fiche produit<\/td><\/tr><tr><td><strong><img loading=\"lazy\" decoding=\"async\" class=\"wp-image-28215 alignleft\" src=\"https:\/\/www.cmonsite.fr\/site\/webup\/2025\/05\/Capture-decran-2025-05-09-164523-1.png\" alt=\"\" width=\"23\" height=\"24\" \/>Faire pivoter<\/strong><\/td><td>Tourne l\u2019image de 90\u00b0 \u00e0 chaque clic<\/td><\/tr><tr><td><strong><img loading=\"lazy\" decoding=\"async\" class=\"wp-image-28216 alignleft\" src=\"https:\/\/www.cmonsite.fr\/site\/webup\/2025\/05\/Capture-decran-2025-05-09-170711.png\" alt=\"\" width=\"22\" height=\"24\" \/>Supprimer l\u2019image<\/strong><\/td><td>\u26a0\ufe0f Impossible de supprimer l\u2019image principale sans en d\u00e9finir une autre<\/td><\/tr><tr><td><strong><img loading=\"lazy\" decoding=\"async\" class=\"wp-image-28217 alignleft\" src=\"https:\/\/www.cmonsite.fr\/site\/webup\/2025\/05\/Capture-decran-2025-05-09-170748.png\" alt=\"\" width=\"18\" height=\"26\" \/>D\u00e9placer vers la gauche<\/strong><\/td><td>Change l\u2019ordre des images en la faisant remonter dans la galerie<\/td><\/tr><tr><td><strong><img loading=\"lazy\" decoding=\"async\" class=\"wp-image-28218 alignleft\" src=\"https:\/\/www.cmonsite.fr\/site\/webup\/2025\/05\/Capture-decran-2025-05-09-170755.png\" alt=\"\" width=\"17\" height=\"23\" \/>D\u00e9placer vers la droite<\/strong><\/td><td>Fait descendre l\u2019image dans l\u2019ordre d\u2019affichage<\/td><\/tr><\/tbody><\/table>\t\t\t\t\t\t\t\t<\/div>\n\t\t\t\t<\/div>\n\t\t\t\t<div class=\"elementor-element elementor-element-329ccdc elementor-widget elementor-widget-image\" data-id=\"329ccdc\" data-element_type=\"widget\" data-e-type=\"widget\" data-widget_type=\"image.default\">\n\t\t\t\t<div class=\"elementor-widget-container\">\n\t\t\t\t\t\t\t\t\t\t\t\t\t\t\t<img loading=\"lazy\" decoding=\"async\" width=\"395\" height=\"394\" src=\"https:\/\/www.cmonsite.fr\/site\/webup\/2025\/05\/Capture-decran-2025-05-09-170915.png\" class=\"attachment-full size-full wp-image-28222\" alt=\"\" srcset=\"https:\/\/www.cmonsite.fr\/site\/webup\/2025\/05\/Capture-decran-2025-05-09-170915.png 395w, https:\/\/www.cmonsite.fr\/site\/webup\/2025\/05\/Capture-decran-2025-05-09-170915-300x300.png 300w, https:\/\/www.cmonsite.fr\/site\/webup\/2025\/05\/Capture-decran-2025-05-09-170915-150x150.png 150w\" sizes=\"(max-width: 395px) 100vw, 395px\" \/>\t\t\t\t\t\t\t\t\t\t\t\t\t\t\t<\/div>\n\t\t\t\t<\/div>\n\t\t\t\t<div class=\"elementor-element elementor-element-b63042d elementor-widget elementor-widget-text-editor\" data-id=\"b63042d\" data-element_type=\"widget\" data-e-type=\"widget\" data-widget_type=\"text-editor.default\">\n\t\t\t\t<div class=\"elementor-widget-container\">\n\t\t\t\t\t\t\t\t\t<p class=\"\" data-start=\"1072\" data-end=\"1120\">\ud83d\udca1 <em data-start=\"2436\" data-end=\"2566\">Astuce : nommez vos images clairement (ex : bracelet-or-recto.jpg) pour une meilleure organisation et un r\u00e9f\u00e9rencement optimis\u00e9.<\/em><\/p>\t\t\t\t\t\t\t\t<\/div>\n\t\t\t\t<\/div>\n\t\t\t\t<div class=\"elementor-element elementor-element-b90ac4e elementor-widget elementor-widget-spacer\" data-id=\"b90ac4e\" data-element_type=\"widget\" data-e-type=\"widget\" data-widget_type=\"spacer.default\">\n\t\t\t\t<div class=\"elementor-widget-container\">\n\t\t\t\t\t\t\t<div class=\"elementor-spacer\">\n\t\t\t<div class=\"elementor-spacer-inner\"><\/div>\n\t\t<\/div>\n\t\t\t\t\t\t<\/div>\n\t\t\t\t<\/div>\n\t\t\t\t\t<\/div>\n\t\t\t\t<\/div>\n\t\t<div class=\"elementor-element elementor-element-2511e85 e-flex e-con-boxed e-con e-parent\" data-id=\"2511e85\" data-element_type=\"container\" data-e-type=\"container\">\n\t\t\t\t\t<div class=\"e-con-inner\">\n\t\t\t\t<div class=\"elementor-element elementor-element-fcc7043 elementor-widget elementor-widget-heading\" data-id=\"fcc7043\" data-element_type=\"widget\" data-e-type=\"widget\" data-widget_type=\"heading.default\">\n\t\t\t\t<div class=\"elementor-widget-container\">\n\t\t\t\t\t<h2 class=\"elementor-heading-title elementor-size-default\">\u2705 Bonnes pratiques<\/h2>\t\t\t\t<\/div>\n\t\t\t\t<\/div>\n\t\t\t\t<div class=\"elementor-element elementor-element-4335af3 elementor-widget elementor-widget-text-editor\" data-id=\"4335af3\" data-element_type=\"widget\" data-e-type=\"widget\" data-widget_type=\"text-editor.default\">\n\t\t\t\t<div class=\"elementor-widget-container\">\n\t\t\t\t\t\t\t\t\t<ul><li class=\"\" data-start=\"2596\" data-end=\"2644\"><p class=\"\" data-start=\"2598\" data-end=\"2644\">Utilisez des <strong data-start=\"2611\" data-end=\"2628\">photos nettes<\/strong> et bien cadr\u00e9es<\/p><\/li><li class=\"\" data-start=\"2645\" data-end=\"2745\"><p class=\"\" data-start=\"2647\" data-end=\"2745\">Pr\u00e9f\u00e9rez des <strong data-start=\"2660\" data-end=\"2683\">formats horizontaux<\/strong> pour une meilleure int\u00e9gration sur toutes les tailles d\u2019\u00e9cran<\/p><\/li><li class=\"\" data-start=\"2746\" data-end=\"2825\"><p class=\"\" data-start=\"2748\" data-end=\"2825\">Ajoutez au moins <strong data-start=\"2765\" data-end=\"2793\">2 \u00e0 3 images par produit<\/strong> pour maximiser l\u2019int\u00e9r\u00eat visuel<\/p><\/li><\/ul>\t\t\t\t\t\t\t\t<\/div>\n\t\t\t\t<\/div>\n\t\t\t\t\t<\/div>\n\t\t\t\t<\/div>\n\t\t\t\t<\/div>\n\t\t","protected":false},"excerpt":{"rendered":"<p>1. Acc\u00e9der \u00e0 la fiche produit Pour modifier les images d\u2019un produit d\u00e9j\u00e0 existant, il vous faudra tout d&#8217;abord vous rendre dans la fiche du produit concern\u00e9 : Rendez-vous dans Administration &gt; Boutique Cliquez sur l\u2019onglet \u201cListe produits et cat\u00e9gories\u201d Ouvrez la cat\u00e9gorie contenant la fiche produit \u00e0 modifier Cliquez sur Modifier \ud83d\udccc Besoin d\u2019aide [&hellip;]<\/p>\n","protected":false},"author":1,"featured_media":18038,"parent":24736,"menu_order":18,"comment_status":"open","ping_status":"closed","template":"","meta":{"_helpful_status":1,"footnotes":""},"class_list":["post-5415","page","type-page","status-publish","has-post-thumbnail","hentry"],"_links":{"self":[{"href":"https:\/\/www.cmonsite.fr\/site\/wp-json\/wp\/v2\/pages\/5415","targetHints":{"allow":["GET"]}}],"collection":[{"href":"https:\/\/www.cmonsite.fr\/site\/wp-json\/wp\/v2\/pages"}],"about":[{"href":"https:\/\/www.cmonsite.fr\/site\/wp-json\/wp\/v2\/types\/page"}],"author":[{"embeddable":true,"href":"https:\/\/www.cmonsite.fr\/site\/wp-json\/wp\/v2\/users\/1"}],"replies":[{"embeddable":true,"href":"https:\/\/www.cmonsite.fr\/site\/wp-json\/wp\/v2\/comments?post=5415"}],"version-history":[{"count":11,"href":"https:\/\/www.cmonsite.fr\/site\/wp-json\/wp\/v2\/pages\/5415\/revisions"}],"predecessor-version":[{"id":28284,"href":"https:\/\/www.cmonsite.fr\/site\/wp-json\/wp\/v2\/pages\/5415\/revisions\/28284"}],"up":[{"embeddable":true,"href":"https:\/\/www.cmonsite.fr\/site\/wp-json\/wp\/v2\/pages\/24736"}],"wp:featuredmedia":[{"embeddable":true,"href":"https:\/\/www.cmonsite.fr\/site\/wp-json\/wp\/v2\/media\/18038"}],"wp:attachment":[{"href":"https:\/\/www.cmonsite.fr\/site\/wp-json\/wp\/v2\/media?parent=5415"}],"curies":[{"name":"wp","href":"https:\/\/api.w.org\/{rel}","templated":true}]}}