{"id":3922,"date":"2013-02-11T10:49:09","date_gmt":"2013-02-11T10:49:09","guid":{"rendered":"https:\/\/www.cmonsite.fr\/site\/aide\/?page_id=3922"},"modified":"2024-06-14T17:29:06","modified_gmt":"2024-06-14T15:29:06","slug":"trouver-des-images-pour-illustrer-son-site","status":"publish","type":"page","link":"https:\/\/www.cmonsite.fr\/site\/aide\/astuces-informations\/modules-externes\/trouver-des-images-pour-illustrer-son-site","title":{"rendered":"Trouver des images pour illustrer son site"},"content":{"rendered":"\t\t<div data-elementor-type=\"wp-page\" data-elementor-id=\"3922\" class=\"elementor elementor-3922\" data-elementor-post-type=\"page\">\n\t\t\t\t\t\t<section class=\"elementor-section elementor-top-section elementor-element elementor-element-bee877c elementor-section-boxed elementor-section-height-default elementor-section-height-default\" data-id=\"bee877c\" data-element_type=\"section\" data-e-type=\"section\">\n\t\t\t\t\t\t<div class=\"elementor-container elementor-column-gap-default\">\n\t\t\t\t\t<div class=\"elementor-column elementor-col-100 elementor-top-column elementor-element elementor-element-d81cef8\" data-id=\"d81cef8\" data-element_type=\"column\" data-e-type=\"column\">\n\t\t\t<div class=\"elementor-widget-wrap elementor-element-populated\">\n\t\t\t\t\t\t<div class=\"elementor-element elementor-element-b24fe5a elementor-widget elementor-widget-text-editor\" data-id=\"b24fe5a\" data-element_type=\"widget\" data-e-type=\"widget\" data-widget_type=\"text-editor.default\">\n\t\t\t\t<div class=\"elementor-widget-container\">\n\t\t\t\t\t\t\t\t\t<p>Vous souhaitez cr\u00e9er un site professionnel mais vous ne disposez d&#8217;aucune photo ou image correcte pour illustrer votre site ? Sachez qu&#8217;il existe des solutions. En effet, internet compte de nombreuses banques d&#8217;images libres de droit, la plupart d&#8217;entre elles sont payantes, d&#8217;autres sont gratuites. En voici quelques exemples.<\/p>\t\t\t\t\t\t\t\t<\/div>\n\t\t\t\t<\/div>\n\t\t\t\t<div class=\"elementor-element elementor-element-5ca2d46 elementor-widget elementor-widget-heading\" data-id=\"5ca2d46\" data-element_type=\"widget\" data-e-type=\"widget\" data-widget_type=\"heading.default\">\n\t\t\t\t<div class=\"elementor-widget-container\">\n\t\t\t\t\t<h2 class=\"elementor-heading-title elementor-size-default\"><h2 style=\"font-family: Roboto, sans-serif\"><span style=\"font-size: x-large\">1<\/span>. La banque d'images payantes conseill\u00e9e<\/h2><\/h2>\t\t\t\t<\/div>\n\t\t\t\t<\/div>\n\t\t\t\t<div class=\"elementor-element elementor-element-fdcb9cf elementor-widget elementor-widget-image\" data-id=\"fdcb9cf\" data-element_type=\"widget\" data-e-type=\"widget\" data-widget_type=\"image.default\">\n\t\t\t\t<div class=\"elementor-widget-container\">\n\t\t\t\t\t\t\t\t\t\t\t\t\t\t\t\t<a href=\"https:\/\/shutterstock.7eer.net\/c\/404262\/42119\/1305\" target=\"_blank\">\n\t\t\t\t\t\t\t<img decoding=\"async\" src=\"https:\/\/www.cmonsite.fr\/site\/webup\/2021\/06\/logo-shutter.png\" title=\"logo-shutter\" alt=\"logo-shutter\" loading=\"lazy\" \/>\t\t\t\t\t\t\t\t<\/a>\n\t\t\t\t\t\t\t\t\t\t\t\t\t\t\t<\/div>\n\t\t\t\t<\/div>\n\t\t\t\t<div class=\"elementor-element elementor-element-940604a elementor-widget elementor-widget-text-editor\" data-id=\"940604a\" data-element_type=\"widget\" data-e-type=\"widget\" data-widget_type=\"text-editor.default\">\n\t\t\t\t<div class=\"elementor-widget-container\">\n\t\t\t\t\t\t\t\t\t<a href=\"https:\/\/shutterstock.7eer.net\/c\/404262\/42119\/1305\" target=\"_blank\" rel=\"noopener noreferrer\">Shutterstock<\/a>\t\t\t\t\t\t\t\t<\/div>\n\t\t\t\t<\/div>\n\t\t\t\t\t<\/div>\n\t\t<\/div>\n\t\t\t\t\t<\/div>\n\t\t<\/section>\n\t\t\t\t<section class=\"elementor-section elementor-top-section elementor-element elementor-element-73f95d7 elementor-section-boxed elementor-section-height-default elementor-section-height-default\" data-id=\"73f95d7\" data-element_type=\"section\" data-e-type=\"section\">\n\t\t\t\t\t\t<div class=\"elementor-container elementor-column-gap-default\">\n\t\t\t\t\t<div class=\"elementor-column elementor-col-100 elementor-top-column elementor-element elementor-element-7e158a8\" data-id=\"7e158a8\" data-element_type=\"column\" data-e-type=\"column\">\n\t\t\t<div class=\"elementor-widget-wrap elementor-element-populated\">\n\t\t\t\t\t\t<div class=\"elementor-element elementor-element-918b453 elementor-widget elementor-widget-heading\" data-id=\"918b453\" data-element_type=\"widget\" data-e-type=\"widget\" data-widget_type=\"heading.default\">\n\t\t\t\t<div class=\"elementor-widget-container\">\n\t\t\t\t\t<h2 class=\"elementor-heading-title elementor-size-default\"><span style=\"font-family: inherit;font-size: x-large\">2<\/span><span style=\"font-family: inherit;font-size: 1.75rem\">. Les banques d'images gratuites<\/span><\/h2>\t\t\t\t<\/div>\n\t\t\t\t<\/div>\n\t\t\t\t<div class=\"elementor-element elementor-element-5273bd7 elementor-widget elementor-widget-text-editor\" data-id=\"5273bd7\" data-element_type=\"widget\" data-e-type=\"widget\" data-widget_type=\"text-editor.default\">\n\t\t\t\t<div class=\"elementor-widget-container\">\n\t\t\t\t\t\t\t\t\t<p>En g\u00e9n\u00e9ral moins bien fournies que leurs grandes s\u0153urs, ces banques d&#8217;images constituent toutefois une bonne alternative si vous disposez d&#8217;un budget restreint pour la cr\u00e9ation de votre site internet :<\/p>\t\t\t\t\t\t\t\t<\/div>\n\t\t\t\t<\/div>\n\t\t\t\t<div class=\"elementor-element elementor-element-d1f4de1 elementor-widget elementor-widget-text-editor\" data-id=\"d1f4de1\" data-element_type=\"widget\" data-e-type=\"widget\" data-widget_type=\"text-editor.default\">\n\t\t\t\t<div class=\"elementor-widget-container\">\n\t\t\t\t\t\t\t\t\t<p><a href=\"https:\/\/pixabay.com\/\" target=\"_blank\" rel=\"noopener noreferrer\">Pixabay.com<\/a><\/p>\n<p><a href=\"https:\/\/www.vecteezy.com\/\" target=\"_blank\" rel=\"noopener noreferrer\">Vecteezy.com<\/a><\/p>\n<p><a href=\"https:\/\/www.pexels.com\/\" target=\"_blank\" rel=\"noopener noreferrer\">Pexels.com<\/a><\/p>\n<p><a href=\"https:\/\/www.splitshire.com\/\" target=\"_blank\" rel=\"noopener noreferrer\">Splitshire.com<\/a><\/p>\n<p><a href=\"https:\/\/unsplash.com\/\" target=\"_blank\" rel=\"noopener noreferrer\">Unsplash.com<\/a><\/p>\n<p><a href=\"http:\/\/www.gratisography.com\/\" target=\"_blank\" rel=\"noopener noreferrer\">Gratisography.com<\/a><\/p>\n<p><a href=\"http:\/\/www.stockvault.net\/\" target=\"_blank\" rel=\"noopener noreferrer\">Stockvault.net<\/a><\/p>\n<p><a href=\"http:\/\/www.everystockphoto.com\/\" target=\"_blank\" rel=\"noopener noreferrer\">Everystockphoto.com<\/a><\/p><p><br><\/p>\t\t\t\t\t\t\t\t<\/div>\n\t\t\t\t<\/div>\n\t\t\t\t<div class=\"elementor-element elementor-element-e90cb29 elementor-widget elementor-widget-text-editor\" data-id=\"e90cb29\" data-element_type=\"widget\" data-e-type=\"widget\" data-widget_type=\"text-editor.default\">\n\t\t\t\t<div class=\"elementor-widget-container\">\n\t\t\t\t\t\t\t\t\t<p><span style=\"font-family: var( --e-global-typography-text-font-family ), Sans-serif; font-weight: var( --e-global-typography-text-font-weight );\">L\u2019inconv\u00e9nient des photos libres de droits gratuites, est que celles-ci risquent d&#8217;\u00eatre utilis\u00e9es par de nombreux autres sites internet. Si vous souhaitez garder une certaine singularit\u00e9, la seule solution, ce sont les images payantes. Cependant l\u00e0 aussi, le risque existe. Quelle que soit la banque d&#8217;images que vous utilisez,<\/span><span style=\"font-family: var( --e-global-typography-text-font-family ), Sans-serif; font-weight: bold;\">\u00a0choisissez toujours de pr\u00e9f\u00e9rence les images les plus r\u00e9centes<\/span><span style=\"font-family: var( --e-global-typography-text-font-family ), Sans-serif; font-weight: var( --e-global-typography-text-font-weight );\">, car il y a moins de chances qu&#8217;elles soient d\u00e9j\u00e0 utilis\u00e9es.<\/span><\/p>\t\t\t\t\t\t\t\t<\/div>\n\t\t\t\t<\/div>\n\t\t\t\t<div class=\"elementor-element elementor-element-1e69e24 elementor-widget-divider--view-line elementor-widget elementor-widget-divider\" data-id=\"1e69e24\" data-element_type=\"widget\" data-e-type=\"widget\" data-widget_type=\"divider.default\">\n\t\t\t\t<div class=\"elementor-widget-container\">\n\t\t\t\t\t\t\t<div class=\"elementor-divider\">\n\t\t\t<span class=\"elementor-divider-separator\">\n\t\t\t\t\t\t<\/span>\n\t\t<\/div>\n\t\t\t\t\t\t<\/div>\n\t\t\t\t<\/div>\n\t\t\t\t<div class=\"elementor-element elementor-element-e85d5c4 elementor-widget elementor-widget-text-editor\" data-id=\"e85d5c4\" data-element_type=\"widget\" data-e-type=\"widget\" data-widget_type=\"text-editor.default\">\n\t\t\t\t<div class=\"elementor-widget-container\">\n\t\t\t\t\t\t\t\t\t<p style=\"text-align: center;\">Attention v\u00e9rifiez toujours les conditions d&#8217;utilisation des images que vous utilisez m\u00eame si celles-ci sont gratuites !<\/p>\n<p style=\"text-align: center;\">En ins\u00e9rant une image sur votre site, vous certifiez que celle-ci n&#8217;enfreint pas les Conditions d&#8217;utilisation de CmonSite.fr <br>et que vous \u00eates titulaire des droits, ou que vous avez re\u00e7u l&#8217;autorisation expresse de mettre cette image en ligne.<\/p>\t\t\t\t\t\t\t\t<\/div>\n\t\t\t\t<\/div>\n\t\t\t\t<div class=\"elementor-element elementor-element-eed9b63 elementor-widget-divider--view-line elementor-widget elementor-widget-divider\" data-id=\"eed9b63\" data-element_type=\"widget\" data-e-type=\"widget\" data-widget_type=\"divider.default\">\n\t\t\t\t<div class=\"elementor-widget-container\">\n\t\t\t\t\t\t\t<div class=\"elementor-divider\">\n\t\t\t<span class=\"elementor-divider-separator\">\n\t\t\t\t\t\t<\/span>\n\t\t<\/div>\n\t\t\t\t\t\t<\/div>\n\t\t\t\t<\/div>\n\t\t\t\t\t<\/div>\n\t\t<\/div>\n\t\t\t\t\t<\/div>\n\t\t<\/section>\n\t\t\t\t<section class=\"elementor-section elementor-top-section elementor-element elementor-element-3b44d5f elementor-section-boxed elementor-section-height-default elementor-section-height-default\" data-id=\"3b44d5f\" data-element_type=\"section\" data-e-type=\"section\">\n\t\t\t\t\t\t<div class=\"elementor-container elementor-column-gap-default\">\n\t\t\t\t\t<div class=\"elementor-column elementor-col-100 elementor-top-column elementor-element elementor-element-79ae882\" data-id=\"79ae882\" data-element_type=\"column\" data-e-type=\"column\">\n\t\t\t<div class=\"elementor-widget-wrap elementor-element-populated\">\n\t\t\t\t\t\t<div class=\"elementor-element elementor-element-cc861b1 elementor-widget elementor-widget-heading\" data-id=\"cc861b1\" data-element_type=\"widget\" data-e-type=\"widget\" data-widget_type=\"heading.default\">\n\t\t\t\t<div class=\"elementor-widget-container\">\n\t\t\t\t\t<h2 class=\"elementor-heading-title elementor-size-default\"><h2 style=\"font-family: Roboto, sans-serif\">3. Retoucher ses images en ligne simplement<\/h2><\/h2>\t\t\t\t<\/div>\n\t\t\t\t<\/div>\n\t\t\t\t<div class=\"elementor-element elementor-element-50e3dfc elementor-widget elementor-widget-text-editor\" data-id=\"50e3dfc\" data-element_type=\"widget\" data-e-type=\"widget\" data-widget_type=\"text-editor.default\">\n\t\t\t\t<div class=\"elementor-widget-container\">\n\t\t\t\t\t\t\t\t\t<p>\u00c0 d\u00e9faut d&#8217;avoir un logiciel couteux et compliqu\u00e9 tel que photoshop ou autres pour donner un aspect plus travaill\u00e9 et plus professionnel \u00e0 vos images, il existe des services en ligne, gratuits ou payants, qui peuvent vous faciliter la vie et vous faire gagner du temps, en voici quelques-uns que nous vous recommandons.<\/p>\t\t\t\t\t\t\t\t<\/div>\n\t\t\t\t<\/div>\n\t\t\t\t\t<\/div>\n\t\t<\/div>\n\t\t\t\t\t<\/div>\n\t\t<\/section>\n\t\t\t\t<section class=\"elementor-section elementor-top-section elementor-element elementor-element-d517fc9 elementor-section-boxed elementor-section-height-default elementor-section-height-default\" data-id=\"d517fc9\" data-element_type=\"section\" data-e-type=\"section\">\n\t\t\t\t\t\t<div class=\"elementor-container elementor-column-gap-default\">\n\t\t\t\t\t<div class=\"elementor-column elementor-col-33 elementor-top-column elementor-element elementor-element-5e109bb\" data-id=\"5e109bb\" data-element_type=\"column\" data-e-type=\"column\">\n\t\t\t<div class=\"elementor-widget-wrap elementor-element-populated\">\n\t\t\t\t\t\t<div class=\"elementor-element elementor-element-9caf9df elementor-widget elementor-widget-text-editor\" data-id=\"9caf9df\" data-element_type=\"widget\" data-e-type=\"widget\" data-widget_type=\"text-editor.default\">\n\t\t\t\t<div class=\"elementor-widget-container\">\n\t\t\t\t\t\t\t\t\t<a href=\"https:\/\/partner.canva.com\/c\/2335366\/689431\/10068\" target=\"_blank\" rel=\"noopener noreferrer\">Canva<\/a>\u00a0: outil parfait pour cr\u00e9er des banni\u00e8res, faire des cr\u00e9ations visuelles en quelques clics ou m\u00eame cr\u00e9er son logo.\t\t\t\t\t\t\t\t<\/div>\n\t\t\t\t<\/div>\n\t\t\t\t\t<\/div>\n\t\t<\/div>\n\t\t\t\t<div class=\"elementor-column elementor-col-33 elementor-top-column elementor-element elementor-element-6ea791c\" data-id=\"6ea791c\" data-element_type=\"column\" data-e-type=\"column\">\n\t\t\t<div class=\"elementor-widget-wrap elementor-element-populated\">\n\t\t\t\t\t\t<div class=\"elementor-element elementor-element-b599424 elementor-widget elementor-widget-text-editor\" data-id=\"b599424\" data-element_type=\"widget\" data-e-type=\"widget\" data-widget_type=\"text-editor.default\">\n\t\t\t\t<div class=\"elementor-widget-container\">\n\t\t\t\t\t\t\t\t\t<a href=\"https:\/\/www.picmonkey.com\/\" target=\"_blank\" rel=\"noreferrer noopener\">Picmonkey.com<\/a>\u00a0: tr\u00e8s simple d&#8217;utilisation, vous pouvez en quelques clics ajouter un cadre ou du texte sur n&#8217;importe quelle photo.\t\t\t\t\t\t\t\t<\/div>\n\t\t\t\t<\/div>\n\t\t\t\t\t<\/div>\n\t\t<\/div>\n\t\t\t\t<div class=\"elementor-column elementor-col-33 elementor-top-column elementor-element elementor-element-0a81a67\" data-id=\"0a81a67\" data-element_type=\"column\" data-e-type=\"column\">\n\t\t\t<div class=\"elementor-widget-wrap elementor-element-populated\">\n\t\t\t\t\t\t<div class=\"elementor-element elementor-element-d460c9f elementor-widget elementor-widget-text-editor\" data-id=\"d460c9f\" data-element_type=\"widget\" data-e-type=\"widget\" data-widget_type=\"text-editor.default\">\n\t\t\t\t<div class=\"elementor-widget-container\">\n\t\t\t\t\t\t\t\t\t<a href=\"https:\/\/pixlr.com\/fr\/\" target=\"_blank\" rel=\"noopener noreferrer\">Pixlr.com<\/a>\u00a0: un peu plus compliqu\u00e9, cet \u00e9diteur en ligne met \u00e0 disposition un large panel d&#8217;outils et d&#8217;options\t\t\t\t\t\t\t\t<\/div>\n\t\t\t\t<\/div>\n\t\t\t\t\t<\/div>\n\t\t<\/div>\n\t\t\t\t\t<\/div>\n\t\t<\/section>\n\t\t\t\t<section class=\"elementor-section elementor-top-section elementor-element elementor-element-c0c50f4 elementor-section-boxed elementor-section-height-default elementor-section-height-default\" data-id=\"c0c50f4\" data-element_type=\"section\" data-e-type=\"section\">\n\t\t\t\t\t\t<div class=\"elementor-container elementor-column-gap-default\">\n\t\t\t\t\t<div class=\"elementor-column elementor-col-100 elementor-top-column elementor-element elementor-element-ab9d2d7\" data-id=\"ab9d2d7\" data-element_type=\"column\" data-e-type=\"column\">\n\t\t\t<div class=\"elementor-widget-wrap elementor-element-populated\">\n\t\t\t\t\t\t<div class=\"elementor-element elementor-element-326ecc5 elementor-widget-divider--view-line elementor-widget elementor-widget-divider\" data-id=\"326ecc5\" data-element_type=\"widget\" data-e-type=\"widget\" data-widget_type=\"divider.default\">\n\t\t\t\t<div class=\"elementor-widget-container\">\n\t\t\t\t\t\t\t<div class=\"elementor-divider\">\n\t\t\t<span class=\"elementor-divider-separator\">\n\t\t\t\t\t\t<\/span>\n\t\t<\/div>\n\t\t\t\t\t\t<\/div>\n\t\t\t\t<\/div>\n\t\t\t\t<div class=\"elementor-element elementor-element-f44c093 elementor-widget elementor-widget-text-editor\" data-id=\"f44c093\" data-element_type=\"widget\" data-e-type=\"widget\" data-widget_type=\"text-editor.default\">\n\t\t\t\t<div class=\"elementor-widget-container\">\n\t\t\t\t\t\t\t\t\tVoir aussi dans la m\u00eame th\u00e9matique :\n<ul>\n \t<li><a href=\"https:\/\/www.cmonsite.fr\/creer-un-site\/contenu-design-modules\/contenu\/images-pages\/\" target=\"_blank\" rel=\"noopener noreferrer\">Ins\u00e9rer des images sur une page<\/a><\/li>\n \t<li><a href=\"https:\/\/www.cmonsite.fr\/creer-un-site\/contenu-design-modules\/modules\/galerie-photo\/\" target=\"_blank\" rel=\"noopener noreferrer\">Ins\u00e9rer des images dans une galerie<\/a><\/li>\n \t<li><a href=\"https:\/\/www.cmonsite.fr\/creer-un-site\/contenu-design-modules\/design\/image-de-fond-site\/\" target=\"_blank\" rel=\"noopener noreferrer\">Ins\u00e9rer une image de fond<\/a><\/li>\n \t<li><a href=\"https:\/\/www.cmonsite.fr\/creer-un-site\/contenu-design-modules\/design\/banniere-site\/\" target=\"_blank\" rel=\"noopener noreferrer\">Ins\u00e9rer une banni\u00e8re sur le haut du site<\/a><\/li>\n<\/ul>\t\t\t\t\t\t\t\t<\/div>\n\t\t\t\t<\/div>\n\t\t\t\t\t<\/div>\n\t\t<\/div>\n\t\t\t\t\t<\/div>\n\t\t<\/section>\n\t\t\t\t<\/div>\n\t\t","protected":false},"excerpt":{"rendered":"<p>Vous souhaitez cr\u00e9er un site professionnel mais vous ne disposez d&#8217;aucune photo ou image correcte pour illustrer votre site ? Sachez qu&#8217;il existe des solutions. En effet, internet compte de nombreuses banques d&#8217;images libres de droit, la plupart d&#8217;entre elles sont payantes, d&#8217;autres sont gratuites. En voici quelques exemples. 1. La banque d&#8217;images payantes conseill\u00e9e [&hellip;]<\/p>\n","protected":false},"author":1,"featured_media":18473,"parent":3020,"menu_order":6,"comment_status":"open","ping_status":"closed","template":"","meta":{"_helpful_status":1,"footnotes":""},"class_list":["post-3922","page","type-page","status-publish","has-post-thumbnail","hentry"],"_links":{"self":[{"href":"https:\/\/www.cmonsite.fr\/site\/wp-json\/wp\/v2\/pages\/3922","targetHints":{"allow":["GET"]}}],"collection":[{"href":"https:\/\/www.cmonsite.fr\/site\/wp-json\/wp\/v2\/pages"}],"about":[{"href":"https:\/\/www.cmonsite.fr\/site\/wp-json\/wp\/v2\/types\/page"}],"author":[{"embeddable":true,"href":"https:\/\/www.cmonsite.fr\/site\/wp-json\/wp\/v2\/users\/1"}],"replies":[{"embeddable":true,"href":"https:\/\/www.cmonsite.fr\/site\/wp-json\/wp\/v2\/comments?post=3922"}],"version-history":[{"count":7,"href":"https:\/\/www.cmonsite.fr\/site\/wp-json\/wp\/v2\/pages\/3922\/revisions"}],"predecessor-version":[{"id":26772,"href":"https:\/\/www.cmonsite.fr\/site\/wp-json\/wp\/v2\/pages\/3922\/revisions\/26772"}],"up":[{"embeddable":true,"href":"https:\/\/www.cmonsite.fr\/site\/wp-json\/wp\/v2\/pages\/3020"}],"wp:featuredmedia":[{"embeddable":true,"href":"https:\/\/www.cmonsite.fr\/site\/wp-json\/wp\/v2\/media\/18473"}],"wp:attachment":[{"href":"https:\/\/www.cmonsite.fr\/site\/wp-json\/wp\/v2\/media?parent=3922"}],"curies":[{"name":"wp","href":"https:\/\/api.w.org\/{rel}","templated":true}]}}