{"id":2992,"date":"2013-01-21T11:32:41","date_gmt":"2013-01-21T11:32:41","guid":{"rendered":"https:\/\/www.cmonsite.fr\/site\/aide\/?page_id=2992"},"modified":"2023-09-11T15:51:47","modified_gmt":"2023-09-11T13:51:47","slug":"creer-un-site-par-ou-commencer","status":"publish","type":"page","link":"https:\/\/www.cmonsite.fr\/site\/aide\/bien-commencer\/creer-un-site-par-ou-commencer","title":{"rendered":"Cr\u00e9er un site : par o\u00f9 commencer ?"},"content":{"rendered":"<p>Bien souvent, vous avez un projet int\u00e9ressant mais ne savez pas par o\u00f9 commencer.<br \/>\nLa plateforme CmonSite n\u00e9cessite bien entendu une petite p\u00e9riode d&#8217;adaptation<br \/>\net c&#8217;est tout \u00e0 fait normal ! Pour vous aider dans votre d\u00e9marche de cr\u00e9ation de site,<br \/>\nvoici quelques \u00e9tapes indispensables :<\/p>\n<h2><span style=\"font-size: x-large;\">1<\/span>. Pour bien d\u00e9marrer<\/h2>\n<p style=\"margin-bottom: 10px;\">Avant toute chose, il est important de d\u00e9finir votre projet de site internet.<br \/>\n=&gt; son but : un site vitrine pour mettre en avant votre activit\u00e9 professionnelle, votre entreprise, votre association ou bien une passion, un site e-commerce pour vendre vos produits en ligne\u2026<br \/>\n=&gt; son plan d\u00e9taill\u00e9 : l\u2019ergonomie g\u00e9n\u00e9rale du site, c\u2019est-\u00e0-dire les noms des pages, cat\u00e9gories, sous-cat\u00e9gories, albums photos\u2026<br \/>\n=&gt; son contenu : r\u00e9diger les textes de chaque page, notamment la page d\u2019accueil, qui est la plus importante, et choisir les images ad\u00e9quates.<\/p>\n<hr \/>\n<h2><span style=\"font-size: x-large;\">2<\/span>. Choisir la formule la plus adapt\u00e9e<\/h2>\n<p>Il est important de bien choisir sa formule, afin d\u2019\u00eatre s\u00fbr qu\u2019elle corresponde bien \u00e0 tous vos besoins.<\/p>\n<p>=&gt; Pour un site personnel, (une passion, un hobby\u2026) choisissez la <strong><em>Formule D\u00e9couverte<\/em><\/strong> ou la <strong><em>Formule Perso<\/em><\/strong>, suivant la densit\u00e9 du site (nombre de pages, d\u2019albums photos n\u00e9cessaires etc.)<\/p>\n<p>=&gt; Pour un site de pr\u00e9sentation de votre activit\u00e9, pr\u00e9f\u00e9rez une <strong><em>Formule Zen<\/em><\/strong> ou une <strong><em>Formule Premium<\/em><\/strong>, un espace plus cons\u00e9quent vous est allou\u00e9,<br \/>\ndes outils pour le r\u00e9f\u00e9rencement, le nom de domaine est inclus ainsi qu\u2019une s\u00e9lection de designs plus \u00e9volu\u00e9s en formule premium.<\/p>\n<p>=&gt; Pour un site e-commerce, la <strong><em>Formule Premium<\/em><\/strong> est la plus adapt\u00e9e, car le nom de domaine est inclus et surtout, vous disposez d\u2019un module boutique complet\u00a0et de design boutique sp\u00e9cialement con\u00e7us pour mettre en valeur vos produits<\/p>\n<p>=&gt; Posez-vous \u00e9galement la question suivante : Avez-vous besoin d&#8217;une assistance personnalis\u00e9e ? Si tel est le cas, il existe une solution : la <strong><em>Formule PRO<\/em><\/strong>.<br \/>\nAfin de lancer votre site dans les meilleures conditions, cette formule vous permet de confier la r\u00e9alisation graphique du site,\u00a0la mise en place de vos contenus ainsi que le r\u00e9f\u00e9rencement de celui-ci \u00e0 un technicien de CmonSite.<\/p>\n<p style=\"margin-bottom: 10px;\">Pour plus d&#8217;informations sur nos formules, n&#8217;h\u00e9sitez pas \u00e0 consulter notre comparatif d&#8217;offre qui indique toutes les fonctionnalit\u00e9s incluses dans chaque formule.<\/p>\n<hr \/>\n<h2><span style=\"font-size: x-large;\">3<\/span>. Mettre en forme son site<\/h2>\n<p>Ensuite, une fois que vous avez tous les \u00e9l\u00e9ments n\u00e9cessaires \u00e0 la construction de votre site, nous vous conseillons de les mettre sous Word et format image (JPG, PNG\u2026), puis il ne vous reste plus qu\u2019\u00e0 tout ins\u00e9rer et mettre en forme. Cela ne devrait vous prendre que quelques minutes !<\/p>\n<p>Avant toute chose, pour modifier votre site vous devez vous connecter \u00e0 votre compte CmonSite, avec votre login et votre mot de passe. Une fois connect\u00e9, vous acc\u00e9dez \u00e0 un panel d\u2019administration qui vous permet de g\u00e9rer votre site. Celui-ci contient un menu avec un ensemble de rubriques, voici les principales.<\/p>\n<p>&nbsp;<\/p>\n<p><a href=\"\/\/www.cmonsite.fr\/mespages.php\" target=\"_blank\" rel=\"noopener noreferrer\">\u00a0<\/a><\/p>\n<p>La premi\u00e8re rubrique, \u00ab <a href=\"\/\/www.cmonsite.fr\/site\/aide\/contenu-design-modules\/contenu\/creer-une-page\/\"><strong>Pages \/ Cat\u00e9gories<\/strong><\/a> \u00bb vous permet de g\u00e9rer l&#8217;ensemble de vos pages, d&#8217;en cr\u00e9er de nouvelles, les renommer, les supprimer, les d\u00e9placer. Vous pouvez cr\u00e9er des pages de contenu, des cat\u00e9gories boutique ou\u00a0des <a href=\"\/\/www.cmonsite.fr\/site\/aide\/contenu-design-modules\/modules\/creer-un-album\/\">albums photos<\/a>.<\/p>\n<p><a href=\"\/\/www.cmonsite.fr\/mesrubriquesboutique.php\" target=\"_blank\" rel=\"noopener noreferrer\"><br \/>\n<\/a><a href=\"https:\/\/www.cmonsite.fr\/site\/webup\/2020\/11\/boutique.jpg\"><img decoding=\"async\" class=\"alignnone size-full wp-image-14004\" src=\"https:\/\/www.cmonsite.fr\/site\/webup\/2020\/11\/boutique.jpg\" alt=\"\" width=\"119\" height=\"41\" \/><\/a><\/p>\n<p>La seconde rubrique \u00ab <a href=\"\/\/www.cmonsite.fr\/site\/aide\/boutique\/presentation-module-boutique-en-ligne\/\" target=\"_blank\" rel=\"noopener noreferrer\"><strong>Boutique<\/strong><\/a> \u00bb concerne tous les \u00e9l\u00e9ments li\u00e9s \u00e0 la gestion de vente de produits ou de services.<\/p>\n<p><a href=\"https:\/\/www.cmonsite.fr\/site\/webup\/2020\/11\/design-1.jpg\"><img decoding=\"async\" class=\"alignnone size-full wp-image-14005\" src=\"https:\/\/www.cmonsite.fr\/site\/webup\/2020\/11\/design-1.jpg\" alt=\"\" width=\"104\" height=\"39\" \/><\/a><\/p>\n<p>La troisi\u00e8me rubrique\u00a0\u00ab <a href=\"\/\/www.cmonsite.fr\/site\/aide\/contenu-design-modules\/design\/personnalisation-design\/\" target=\"_blank\" rel=\"noopener noreferrer\"><strong>Design<\/strong><\/a>\u00a0\u00bb vous permet d&#8217;acc\u00e9der \u00e0 l&#8217;aspect graphique de votre site : disposition du menu, couleurs, banni\u00e8re, image de fond, logo, etc.<\/p>\n<p><a href=\"https:\/\/www.cmonsite.fr\/site\/webup\/2020\/11\/modules.jpg\"><img decoding=\"async\" class=\"alignnone size-full wp-image-14006\" src=\"https:\/\/www.cmonsite.fr\/site\/webup\/2020\/11\/modules.jpg\" alt=\"\" width=\"117\" height=\"42\" \/><\/a><\/p>\n<p>La quatri\u00e8me rubrique\u00a0\u00ab\u00a0<strong><a title=\"modules de cr\u00e9ation de site\" href=\"\/\/www.cmonsite.fr\/site\/aide\/contenu-design-modules\/modules\/\">Modules<\/a>\u00a0<\/strong>\u00bb vous donne acc\u00e8s \u00e0 diff\u00e9rents modules compl\u00e9mentaires : pop-up newsletters, inscription annuaire, module formulaire, module calendrier, module musique, etc.<\/p>\n<p><a href=\"https:\/\/www.cmonsite.fr\/site\/webup\/2020\/11\/nom-domaine.jpg\"><img loading=\"lazy\" decoding=\"async\" class=\"alignnone size-full wp-image-14007\" src=\"https:\/\/www.cmonsite.fr\/site\/webup\/2020\/11\/nom-domaine.jpg\" alt=\"\" width=\"176\" height=\"41\" \/><\/a><\/p>\n<p>La\u00a0cinqui\u00e8me rubrique, \u00ab<a href=\"\/\/www.cmonsite.fr\/site\/aide\/referencement\/nom-de-domaine\/\" target=\"_blank\" rel=\"noopener noreferrer\"><strong> Nom de domaine<\/strong><\/a> \u00bb vous permet de r\u00e9server un ou plusieurs noms de domaine, et de cr\u00e9er des adresses emails professionnelles.<\/p>\n<p><a href=\"https:\/\/www.cmonsite.fr\/site\/webup\/2020\/11\/aide.jpg\"><img loading=\"lazy\" decoding=\"async\" class=\"alignnone size-full wp-image-14003\" src=\"https:\/\/www.cmonsite.fr\/site\/webup\/2020\/11\/aide.jpg\" alt=\"\" width=\"80\" height=\"33\" \/><\/a><\/p>\n<p>La sixi\u00e8me rubrique\u00a0\u00ab <strong><a href=\"\/\/www.cmonsite.fr\/site\/aide\/contenu-design-modules\/modules\/configuration\/\" target=\"_blank\" rel=\"noopener noreferrer\">Aide<\/a><\/strong>\u00a0\u00bb vous permet d&#8217;obtenir de l&#8217;aide via la\u00a0<a href=\"\/\/www.cmonsite.fr\/site\/aide\/\" target=\"_blank\" rel=\"noopener noreferrer\">Foire Aux Questions<\/a>\u00a0ou via notre formulaire de contact \/ rappel t\u00e9l\u00e9phonique.<\/p>\n<p style=\"margin-bottom: 10px; text-align: center;\">Pour en savoir plus sur l&#8217;ensemble des rubriques de votre menu d&#8217;administration, rendez-vous sur la page d&#8217;aide :<br \/>\n<a href=\"\/\/www.cmonsite.fr\/site\/aide\/bien-commencer\/se-connecter\/\" target=\"_blank\" rel=\"noopener noreferrer\">Se connecter sur CmonSite pour la premi\u00e8re fois<\/a>.<\/p>\n<hr \/>\n<h2><span style=\"font-size: x-large;\">4<\/span>. Choisir son design<\/h2>\n<p style=\"margin-bottom: 10px;\">Il est pr\u00e9f\u00e9rable de choisir le design de votre site apr\u00e8s avoir ins\u00e9r\u00e9 l\u2019essentiel de vos contenus, pour \u00eatre s\u00fbr que celui-ci corresponde \u00e0 votre mise en page.<br \/>\nPour choisir votre design, rendez-vous dans la rubrique \u201c<a href=\"\/\/www.cmonsite.fr\/design.php\" target=\"_blank\" rel=\"noopener noreferrer\">Design<\/a>\u201d.<\/p>\n<p style=\"margin-bottom: 10px;\">=&gt;Pourquoi le design est-il important ?<br \/>\nLe choix d\u2019un design va influencer l\u2019attractivit\u00e9 de votre site au m\u00eame titre que son contenu.<br \/>\nL\u2019aspect visuel de votre site, l&#8217;harmonie des couleurs et des polices, d\u00e9terminent son niveau de professionnalisme et par cons\u00e9quent, la confiance des visiteurs.<\/p>\n<hr \/>\n<h2><span style=\"font-size: x-large;\">5<\/span>. Choisir les moyens de contact<\/h2>\n<p style=\"margin-bottom: 10px;\">N\u2019oubliez pas le but premier de votre site : g\u00e9n\u00e9rer de nouveaux contacts et clients.<br \/>\nA ce titre, il est important de permettre \u00e0 vos visiteurs de vous contacter facilement.<br \/>\nVous devez v\u00e9rifier votre adresse e-mail afin que votre page de contact soit activ\u00e9e sur votre site.<br \/>\nIl est conseill\u00e9 de cr\u00e9er des liens vers le formulaire de contact sur vos autres pages, vous pouvez utiliser le module &#8220;<a href=\"\/\/www.cmonsite.fr\/gestion_sidebar.php\" target=\"_blank\" rel=\"noopener noreferrer\">Barre de liens lat\u00e9rale<\/a>&#8221; dans &#8220;<strong><em>Modules<\/em><\/strong>&#8221; pour garder un lien permanent sur le c\u00f4t\u00e9 de votre site.<br \/>\nN\u2019h\u00e9sitez pas non plus \u00e0 mettre en \u00e9vidence votre num\u00e9ro de t\u00e9l\u00e9phone, et votre adresse, notamment si vous poss\u00e9dez un local pour votre activit\u00e9 professionnelle ou si vous travaillez dans un rayon bien d\u00e9fini.<\/p>\n<hr \/>\n<h2><span style=\"font-size: x-large;\">6<\/span>. Optimiser son site pour le r\u00e9f\u00e9rencement<\/h2>\n<p>A pr\u00e9sent que votre site est termin\u00e9, il est temps de l\u2019optimiser pour le r\u00e9f\u00e9rencement.<br \/>\nEn compl\u00e9tant votre site avec vos contenus, vous avez d\u00e9j\u00e0 accompli la t\u00e2che la plus difficile !<br \/>\nEn effet, les moteurs de recherche tels que Google, utilisent les mots pr\u00e9sents sur votre site, pour vous r\u00e9f\u00e9rencer.<br \/>\nMaintenant, vous devez penser \u00e0 r\u00e9server votre nom de domaine. Avant cela, r\u00e9fl\u00e9chissez bien \u00e0 la pertinence de celui-ci, il doit \u00eatre facile \u00e0 trouver par les internautes, et en rapport avec le contenu de votre site.<\/p>\n<p>Ensuite, pensez \u00e0 \u00e9diter vos m\u00e9tas tags sur chaque page, notamment le m\u00e9ta \u00ab Title \u00bb.<br \/>\nCes derniers sont accessibles via le lien \u201c<strong><em>Options de r\u00e9f\u00e9rencement<\/em><\/strong>\u201d dans l\u2019\u00e9dition des pages.<br \/>\nPour plus de d\u00e9tails, consultez la page d\u2019aide des m\u00e9tas tags.<\/p>\n<p>Enfin derni\u00e8re chose, pour donner un coup de pouce au trafic de votre site, soumettez-le \u00e0 l\u2019annuaire de CmonSite qui cumule plus de 300 000 visiteurs uniques par jour !<\/p>\n<p style=\"margin-bottom: 10px;\">=&gt; Pour plus de d\u00e9tails concernant le r\u00e9f\u00e9rencement de votre site, consultez <a href=\"\/\/www.cmonsite.fr\/site\/aide\/referencement\/\" target=\"_blank\" rel=\"noopener noreferrer\">la page d&#8217;aide sur le r\u00e9f\u00e9rencement<\/a>.<\/p>\n<hr \/>\n<h2><span style=\"font-size: x-large;\">7<\/span>. Mettre \u00e0 jour son site<\/h2>\n<p style=\"margin-bottom: 10px;\">M\u00eame si votre site est d\u00e9j\u00e0 complet, il est important de le mettre \u00e0 jour de temps en temps, afin que les visiteurs n\u2019aient pas l\u2019impression qu\u2019il soit abandonn\u00e9.<br \/>\nSi les moteurs de recherche ne d\u00e9tectent pas d\u2019activit\u00e9 sur votre site, votre r\u00e9f\u00e9rencement risque d\u2019en souffrir.<br \/>\nPar ailleurs, de nouvelles fonctionnalit\u00e9s et de nouveaux designs sont r\u00e9guli\u00e8rement int\u00e9gr\u00e9s \u00e0 la plateforme CmonSite, il serait dommage de passer \u00e0 c\u00f4t\u00e9 !<\/p>\n<p>Le r\u00e9f\u00e9rencement naturel est un processus progressif qui prend en compte la qualit\u00e9 de votre contenu et la mise \u00e0 jour r\u00e9guli\u00e8re de celui-ci.<\/p>\n<hr \/>\n<h2><span style=\"font-size: x-large;\">8<\/span>. Besoin d&#8217;aide ?<\/h2>\n<p>Vous \u00eates bloqu\u00e9 ?<br \/>\nVous pensez avoir un bug ?<br \/>\nLa plateforme ne semble pas correspondre \u00e0 vos attentes car vous n&#8217;arrivez pas \u00e0 faire ce que vous voulez ?<\/p>\n<p>Il existe forc\u00e9ment une solution :<\/p>\n<p>=&gt; N&#8217;h\u00e9sitez pas \u00e0 nous contacter par mail via<a href=\"\/\/www.cmonsite.fr\/contact.php\" target=\"_blank\" rel=\"noopener noreferrer\"> la page contact<\/a> pour la moindre question ! Nous vous r\u00e9pondrons dans les plus brefs d\u00e9lais.<\/p>\n<p>=&gt; La <a href=\"\/\/www.cmonsite.fr\/site\/aide\/\" target=\"_blank\" rel=\"noopener noreferrer\">Foire Aux Questions<\/a> est \u00e9galement l\u00e0 pour vous guider parmi les nombreuses fonctionnalit\u00e9s de CmonSite.<\/p>\n<p style=\"margin-bottom: 10px;\">=&gt; La formule PRO vous permet d&#8217;avoir un site de qualit\u00e9 professionnelle et bien optimis\u00e9 pour le r\u00e9f\u00e9rencement en un rien de temps !<\/p>\n<hr \/>\n<p style=\"text-align: center;\"><span style=\"font-size: large;\">Vous avez \u00e0 pr\u00e9sent tous les \u00e9l\u00e9ments n\u00e9cessaires \u00e0 la cr\u00e9ation de votre site, prenez le temps de bien le penser et de le mettre en forme \u00e0 votre allure !<\/span><\/p>\n<hr \/>\n<p>&nbsp;<\/p>\n<p style=\"margin: 0px;\"><span style=\"font-size: small;\"><a href=\"#top\">\u2191 Haut de page<\/a><\/span><\/p>\n","protected":false},"excerpt":{"rendered":"<p>Bien souvent, vous avez un projet int\u00e9ressant mais ne savez pas par o\u00f9 commencer. La plateforme CmonSite n\u00e9cessite bien entendu une petite p\u00e9riode d&#8217;adaptation et c&#8217;est tout \u00e0 fait normal ! Pour vous aider dans votre d\u00e9marche de cr\u00e9ation de site, voici quelques \u00e9tapes indispensables : 1. Pour bien d\u00e9marrer Avant toute chose, il est [&hellip;]<\/p>\n","protected":false},"author":1,"featured_media":18004,"parent":743,"menu_order":2,"comment_status":"open","ping_status":"closed","template":"","meta":{"_helpful_status":1,"footnotes":""},"class_list":["post-2992","page","type-page","status-publish","has-post-thumbnail","hentry"],"_links":{"self":[{"href":"https:\/\/www.cmonsite.fr\/site\/wp-json\/wp\/v2\/pages\/2992","targetHints":{"allow":["GET"]}}],"collection":[{"href":"https:\/\/www.cmonsite.fr\/site\/wp-json\/wp\/v2\/pages"}],"about":[{"href":"https:\/\/www.cmonsite.fr\/site\/wp-json\/wp\/v2\/types\/page"}],"author":[{"embeddable":true,"href":"https:\/\/www.cmonsite.fr\/site\/wp-json\/wp\/v2\/users\/1"}],"replies":[{"embeddable":true,"href":"https:\/\/www.cmonsite.fr\/site\/wp-json\/wp\/v2\/comments?post=2992"}],"version-history":[{"count":4,"href":"https:\/\/www.cmonsite.fr\/site\/wp-json\/wp\/v2\/pages\/2992\/revisions"}],"predecessor-version":[{"id":25883,"href":"https:\/\/www.cmonsite.fr\/site\/wp-json\/wp\/v2\/pages\/2992\/revisions\/25883"}],"up":[{"embeddable":true,"href":"https:\/\/www.cmonsite.fr\/site\/wp-json\/wp\/v2\/pages\/743"}],"wp:featuredmedia":[{"embeddable":true,"href":"https:\/\/www.cmonsite.fr\/site\/wp-json\/wp\/v2\/media\/18004"}],"wp:attachment":[{"href":"https:\/\/www.cmonsite.fr\/site\/wp-json\/wp\/v2\/media?parent=2992"}],"curies":[{"name":"wp","href":"https:\/\/api.w.org\/{rel}","templated":true}]}}