{"id":2982,"date":"2013-01-21T10:46:35","date_gmt":"2013-01-21T10:46:35","guid":{"rendered":"https:\/\/www.cmonsite.fr\/site\/aide\/?page_id=2982"},"modified":"2025-04-22T16:19:07","modified_gmt":"2025-04-22T14:19:07","slug":"assistance-personnalisee","status":"publish","type":"page","link":"https:\/\/www.cmonsite.fr\/site\/aide\/assistance-cmonsite\/assistance-personnalisee","title":{"rendered":"Assistance personnalis\u00e9e en Formule Pro"},"content":{"rendered":"\t\t<div data-elementor-type=\"wp-page\" data-elementor-id=\"2982\" class=\"elementor elementor-2982\" data-elementor-post-type=\"page\">\n\t\t\t\t\t\t<section class=\"elementor-section elementor-top-section elementor-element elementor-element-48b47dda elementor-section-boxed elementor-section-height-default elementor-section-height-default\" data-id=\"48b47dda\" data-element_type=\"section\" data-e-type=\"section\">\n\t\t\t\t\t\t<div class=\"elementor-container elementor-column-gap-default\">\n\t\t\t\t\t<div class=\"elementor-column elementor-col-100 elementor-top-column elementor-element elementor-element-69e0daae\" data-id=\"69e0daae\" data-element_type=\"column\" data-e-type=\"column\">\n\t\t\t<div class=\"elementor-widget-wrap elementor-element-populated\">\n\t\t\t\t\t\t<div class=\"elementor-element elementor-element-0e7354d elementor-widget elementor-widget-heading\" data-id=\"0e7354d\" data-element_type=\"widget\" data-e-type=\"widget\" data-widget_type=\"heading.default\">\n\t\t\t\t<div class=\"elementor-widget-container\">\n\t\t\t\t\t<h2 class=\"elementor-heading-title elementor-size-default\">Qu'est-ce que la formule PRO et \u00e0 qui est-elle destin\u00e9e ?<\/h2>\t\t\t\t<\/div>\n\t\t\t\t<\/div>\n\t\t\t\t<div class=\"elementor-element elementor-element-88188a3 elementor-widget elementor-widget-text-editor\" data-id=\"88188a3\" data-element_type=\"widget\" data-e-type=\"widget\" data-widget_type=\"text-editor.default\">\n\t\t\t\t<div class=\"elementor-widget-container\">\n\t\t\t\t\t\t\t\t\t<p>Si vous ne parvenez pas \u00e0 ma\u00eetriser les modules de CmonSite, ou bien que vous n&#8217;avez pas le temps de mettre votre site en place, pour quelque raison que ce soit, ou bien encore si vous souhaitez poss\u00e9der un site de qualit\u00e9 professionnelle dans les plus brefs d\u00e9lais, vous pouvez demander au Support PRO de s&#8217;occuper de la mise en forme de votre site internet via la <strong>Formule PRO. <\/strong><\/p><p>La Formule PRO c&#8217;est avant tout le meilleur de CmonSite, vous b\u00e9n\u00e9ficiez des m\u00eames avantages qu&#8217;en Formule Premium mais avec des quotas quasi illimit\u00e9s (pages, albums, produits, emails, redirections, formulaires, calendriers, etc.). Elle n&#8217;est pas r\u00e9serv\u00e9e uniquement aux professionnels, son nom vient en r\u00e9alit\u00e9 du fait que ce sont <strong>des professionnels de la cr\u00e9ation de site qui mettent votre site en place<\/strong> ! \u00a0C&#8217;est le point fort de cette formule : le support PRO s\u2019occupera de <strong>mettre en ligne l\u2019ensemble de votre contenu et d&#8217;optimiser le r\u00e9f\u00e9rencement naturel de votre site<\/strong>. Son r\u00f4le est \u00e9galement de vous conseiller en terme de <strong>r\u00e9f\u00e9rencement <\/strong>et d\u2019<strong>attractivit\u00e9 <\/strong>de votre site internet ainsi que de vous former \u00e0 son utilisation, une fois celui-ci termin\u00e9.<\/p>\t\t\t\t\t\t\t\t<\/div>\n\t\t\t\t<\/div>\n\t\t\t\t<div class=\"elementor-element elementor-element-c81c720 elementor-widget elementor-widget-heading\" data-id=\"c81c720\" data-element_type=\"widget\" data-e-type=\"widget\" data-widget_type=\"heading.default\">\n\t\t\t\t<div class=\"elementor-widget-container\">\n\t\t\t\t\t<h2 class=\"elementor-heading-title elementor-size-default\">Concr\u00e8tement la formule PRO comment \u00e7a fonctionne ?<\/h2>\t\t\t\t<\/div>\n\t\t\t\t<\/div>\n\t\t\t\t<div class=\"elementor-element elementor-element-2fe7daf elementor-widget elementor-widget-heading\" data-id=\"2fe7daf\" data-element_type=\"widget\" data-e-type=\"widget\" data-widget_type=\"heading.default\">\n\t\t\t\t<div class=\"elementor-widget-container\">\n\t\t\t\t\t<h3 class=\"elementor-heading-title elementor-size-default\">Souscription et rendez-vous<\/h3>\t\t\t\t<\/div>\n\t\t\t\t<\/div>\n\t\t\t\t<div class=\"elementor-element elementor-element-10a4408 elementor-widget elementor-widget-text-editor\" data-id=\"10a4408\" data-element_type=\"widget\" data-e-type=\"widget\" data-widget_type=\"text-editor.default\">\n\t\t\t\t<div class=\"elementor-widget-container\">\n\t\t\t\t\t\t\t\t\t<p>Tout d&#8217;abord il faut bien entendu souscrire la Formule PRO (29\u20ac \/ mois TTC soit 348\u20ac l&#8217;ann\u00e9e). Ensuite prenez un rendez-vous t\u00e9l\u00e9phonique avec l&#8217;un de nos conseillers du support Pro, afin de d\u00e9terminer ensemble vos attentes. C&#8217;est l&#8217;occasion d&#8217;\u00e9changer, et surtout d&#8217;\u00e9tablir la limite des possibilit\u00e9s. Il ne faut pas confondre Formule Pro et site sur mesure. Votre site sera cr\u00e9\u00e9 \u00e0 partir des modules de CmonSite d\u00e9j\u00e0 existants, par cons\u00e9quent certaines choses ne seront pas possibles. A chaque avanc\u00e9e du site, nous prendrons un nouveau rendez-vous t\u00e9l\u00e9phonique pour valider ensemble chaque \u00e9tape.<\/p>\t\t\t\t\t\t\t\t<\/div>\n\t\t\t\t<\/div>\n\t\t\t\t<div class=\"elementor-element elementor-element-0fbb007 elementor-widget elementor-widget-heading\" data-id=\"0fbb007\" data-element_type=\"widget\" data-e-type=\"widget\" data-widget_type=\"heading.default\">\n\t\t\t\t<div class=\"elementor-widget-container\">\n\t\t\t\t\t<h3 class=\"elementor-heading-title elementor-size-default\">Plan du site<\/h3>\t\t\t\t<\/div>\n\t\t\t\t<\/div>\n\t\t\t\t<div class=\"elementor-element elementor-element-e2481bb elementor-widget elementor-widget-text-editor\" data-id=\"e2481bb\" data-element_type=\"widget\" data-e-type=\"widget\" data-widget_type=\"text-editor.default\">\n\t\t\t\t<div class=\"elementor-widget-container\">\n\t\t\t\t\t\t\t\t\t<p>Apr\u00e8s avoir bien compris vos attentes, le conseiller\u00a0va vous demander dans un premier temps, d&#8217;\u00e9tablir <strong>la structure de votre site<\/strong>. C&#8217;est-\u00e0-dire son plan : le nom des pages et sous-pages, albums et sous-albums, cat\u00e9gories et sous-cat\u00e9gories de la boutique, ainsi que leur ordre d&#8217;apparition. C&#8217;est une \u00e9tape tr\u00e8s importante, car cela nous permet de d\u00e9terminer quel sera l&#8217;aspect graphique du menu qui correspondra le mieux en terme d&#8217;ergonomie, afin de faciliter la navigation des internautes sur votre site.<\/p>\t\t\t\t\t\t\t\t<\/div>\n\t\t\t\t<\/div>\n\t\t\t\t<div class=\"elementor-element elementor-element-ca22a7d elementor-widget elementor-widget-heading\" data-id=\"ca22a7d\" data-element_type=\"widget\" data-e-type=\"widget\" data-widget_type=\"heading.default\">\n\t\t\t\t<div class=\"elementor-widget-container\">\n\t\t\t\t\t<h3 class=\"elementor-heading-title elementor-size-default\">Contenus<\/h3>\t\t\t\t<\/div>\n\t\t\t\t<\/div>\n\t\t\t\t<div class=\"elementor-element elementor-element-d5dd89b elementor-widget elementor-widget-text-editor\" data-id=\"d5dd89b\" data-element_type=\"widget\" data-e-type=\"widget\" data-widget_type=\"text-editor.default\">\n\t\t\t\t<div class=\"elementor-widget-container\">\n\t\t\t\t\t\t\t\t\t<p>Lorsque le plan a \u00e9t\u00e9 \u00e9tabli, attelez vous \u00e0 <strong>rassembler l&#8217;ensemble des contenus n\u00e9cessaires \u00e0 votre site (textes et images pour chaque page).<\/strong> Envoyez-les directement \u00e0 l&#8217;adresse du support Pro : support@cmonsite.fr. Pour les textes, pr\u00e9f\u00e9rez un format .doc et pour les images, jpeg et png, afin de faciliter leur mise en place sur votre site. Indiquez dans le titre de chaque image, la page \u00e0 laquelle elle est destin\u00e9e. Essayez autant que possible d&#8217;envoyer les documents en m\u00eame temps, les techniciens ne commenceront pas l&#8217;int\u00e9gration avec un seul document par-ci par l\u00e0, ils attendront d&#8217;avoir re\u00e7u l&#8217;ensemble de vos contenus. En g\u00e9n\u00e9ral, lorsque nous avons tout r\u00e9ceptionn\u00e9, un d\u00e9lai d&#8217;une semaine suffit pour tout int\u00e9grer.<\/p>\t\t\t\t\t\t\t\t<\/div>\n\t\t\t\t<\/div>\n\t\t\t\t<div class=\"elementor-element elementor-element-48ce383 elementor-widget elementor-widget-heading\" data-id=\"48ce383\" data-element_type=\"widget\" data-e-type=\"widget\" data-widget_type=\"heading.default\">\n\t\t\t\t<div class=\"elementor-widget-container\">\n\t\t\t\t\t<h3 class=\"elementor-heading-title elementor-size-default\">Choix du design et mise en forme des contenus<\/h3>\t\t\t\t<\/div>\n\t\t\t\t<\/div>\n\t\t\t\t<div class=\"elementor-element elementor-element-f8d7a1e elementor-widget elementor-widget-text-editor\" data-id=\"f8d7a1e\" data-element_type=\"widget\" data-e-type=\"widget\" data-widget_type=\"text-editor.default\">\n\t\t\t\t<div class=\"elementor-widget-container\">\n\t\t\t\t\t\t\t\t\t<p>F\u00e9licitations, vous avez fait le plus dur ! En effet, une fois tout vos documents int\u00e9gr\u00e9s au site, nous conviendrons ensemble de la mise en forme de celui-ci. Cette \u00e9tape est relativement rapide. Vous pouvez si vous le souhaitez nous communiquer des adresses de sites qui vous plaisent afin que nous nous en inspirions pour le v\u00f4tre. Si vous n&#8217;arrivez pas \u00e0 vous d\u00e9cider, vous pouvez \u00e9galement nous laisser carte blanche ! Nous sommes sp\u00e9cialis\u00e9s dans la cr\u00e9ation de sites internet depuis plus de 15 ans, vous pouvez par cons\u00e9quent nous faire confiance.<\/p>\t\t\t\t\t\t\t\t<\/div>\n\t\t\t\t<\/div>\n\t\t\t\t<div class=\"elementor-element elementor-element-bc35b38 elementor-widget elementor-widget-heading\" data-id=\"bc35b38\" data-element_type=\"widget\" data-e-type=\"widget\" data-widget_type=\"heading.default\">\n\t\t\t\t<div class=\"elementor-widget-container\">\n\t\t\t\t\t<h3 class=\"elementor-heading-title elementor-size-default\">Validation d\u00e9finitive et formation<\/h3>\t\t\t\t<\/div>\n\t\t\t\t<\/div>\n\t\t\t\t<div class=\"elementor-element elementor-element-3ad72f0 elementor-widget elementor-widget-text-editor\" data-id=\"3ad72f0\" data-element_type=\"widget\" data-e-type=\"widget\" data-widget_type=\"text-editor.default\">\n\t\t\t\t<div class=\"elementor-widget-container\">\n\t\t\t\t\t\t\t\t\t<p>Une fois le design de votre site en place et la mise en forme des contenus termin\u00e9e par nos techniciens, nous proc\u00e9derons \u00e0 une <strong>validation d\u00e9finitive du site, nous r\u00e9serverons ensemble votre nom de domaine\u00a0<\/strong>et vous redonnerons la main sur celui-ci.<strong>\u00a0<\/strong>Vous aurez toujours la possibilit\u00e9 de modifier vous-m\u00eame certains \u00e9l\u00e9ments du site (ajout de pages, textes, images, produits etc.), c&#8217;est pourquoi la Formule PRO inclut \u00e9galement une formation de 30 minutes \u00e0 l&#8217;utilisation des modules de base de CmonSite, tout simplement pour que vous n&#8217;ayez pas \u00e0 passer par le support chaque fois que vous avez un d\u00e9tail \u00e0 modifier sur votre site. Cela vous permet, \u00e0 vous comme nous, de gagner un temps pr\u00e9cieux. A l\u2019arriv\u00e9e, vous avez un site complet, cl\u00e9s en main !<\/p>\t\t\t\t\t\t\t\t<\/div>\n\t\t\t\t<\/div>\n\t\t\t\t<div class=\"elementor-element elementor-element-a4392e7 elementor-widget elementor-widget-heading\" data-id=\"a4392e7\" data-element_type=\"widget\" data-e-type=\"widget\" data-widget_type=\"heading.default\">\n\t\t\t\t<div class=\"elementor-widget-container\">\n\t\t\t\t\t<h3 class=\"elementor-heading-title elementor-size-default\">Suivi personnalis\u00e9<\/h3>\t\t\t\t<\/div>\n\t\t\t\t<\/div>\n\t\t\t\t<div class=\"elementor-element elementor-element-a30eab7 elementor-widget elementor-widget-text-editor\" data-id=\"a30eab7\" data-element_type=\"widget\" data-e-type=\"widget\" data-widget_type=\"text-editor.default\">\n\t\t\t\t<div class=\"elementor-widget-container\">\n\t\t\t\t\t\t\t\t\t<p>Pas de panique, apr\u00e8s votre formation, vous n&#8217;\u00eates pas pour autant livr\u00e9 \u00e0 vous-m\u00eame ! Nous effectuons un suivi de votre site tout au long de la p\u00e9riode de souscription de votre formule PRO. Cela signifie que vous pouvez \u00e0 tout moment nous contacter via l&#8217;adresse support@cmonsite.fr si vous avez un probl\u00e8me, si vous souhaitez faire une mise \u00e0 jour complexe, ou un lifting graphique de votre site. Nous surveillons \u00e9galement l&#8217;\u00e9volution de votre site, nous r\u00e9parons parfois des erreurs avant que vous ne les remarquiez, et nous prenons de temps en temps de vos nouvelles, afin de savoir si le site r\u00e9pond toujours \u00e0 vos attentes.<\/p>\t\t\t\t\t\t\t\t<\/div>\n\t\t\t\t<\/div>\n\t\t\t\t<div class=\"elementor-element elementor-element-133cd1f elementor-widget elementor-widget-heading\" data-id=\"133cd1f\" data-element_type=\"widget\" data-e-type=\"widget\" data-widget_type=\"heading.default\">\n\t\t\t\t<div class=\"elementor-widget-container\">\n\t\t\t\t\t<h3 class=\"elementor-heading-title elementor-size-default\">Et le r\u00e9f\u00e9rencement dans tout \u00e7a ?<\/h3>\t\t\t\t<\/div>\n\t\t\t\t<\/div>\n\t\t\t\t<div class=\"elementor-element elementor-element-9d39a4c elementor-widget elementor-widget-text-editor\" data-id=\"9d39a4c\" data-element_type=\"widget\" data-e-type=\"widget\" data-widget_type=\"text-editor.default\">\n\t\t\t\t<div class=\"elementor-widget-container\">\n\t\t\t\t\t\t\t\t\t<p><span style=\"text-align: var(--text-align); color: var( --e-global-color-text );\">Vous ne vous en \u00eates probablement pas aper\u00e7u, mais par le simple fait de r\u00e9diger un texte sur chacune de vos pages, vous avez d\u00e9j\u00e0 fait une bonne partie du travail !<\/span><\/p><p><span style=\"text-align: var(--text-align); color: var( --e-global-color-text );\">En effet, pour qu&#8217;un site soit r\u00e9f\u00e9renc\u00e9, il doit n\u00e9cessairement <\/span><strong style=\"text-align: var(--text-align); color: var( --e-global-color-text );\">contenir du texte, avec des mots cl\u00e9s en rapport avec l&#8217;activit\u00e9 de votre site et ceci est \u00e9galement valable pour une boutique en ligne.<\/strong><\/p><p><span style=\"text-align: var(--text-align); color: var( --e-global-color-text );\">Nous effectuons \u00e9galement en parall\u00e8le une optimisation du r\u00e9f\u00e9rencement naturel lors de la cr\u00e9ation du site au niveau des m\u00e9tas tags, nous ajoutons des balises sur toutes vos pages, nous contr\u00f4lons la densit\u00e9 de mots cl\u00e9s, etc.<\/span><\/p><p><span style=\"text-align: var(--text-align); color: var( --e-global-color-text );\">Ensuite, tous les mois, nous effectuons de petites mises \u00e0 jour en interne sur votre site, pour assurer sa progression dans les r\u00e9sultats des moteurs de recherche.<\/span><\/p><p><span style=\"text-align: var(--text-align); color: var( --e-global-color-text );\">Attention, <\/span><strong style=\"text-align: var(--text-align); color: var( --e-global-color-text );\">le r\u00e9f\u00e9rencement naturel est un processus extr\u00eamement long<\/strong><span style=\"text-align: var(--text-align); color: var( --e-global-color-text );\">, et cela est valable pour tous les sites internet quels qu&#8217;ils soient.<\/span><\/p><p><span style=\"text-align: var(--text-align); color: var( --e-global-color-text );\">Il faut compter au minimum 6 mois pour qu&#8217;un site bien optimis\u00e9 commence \u00e0 ressortir dans les r\u00e9sultats des premi\u00e8res pages.<\/span><\/p><p><span style=\"text-align: var(--text-align); color: var( --e-global-color-text );\">Ensuite, de nombreux autres facteurs, ind\u00e9pendants de notre volont\u00e9 entrent en ligne de compte, comme par exemple, le niveau de concurrence de votre secteur d&#8217;activit\u00e9.<\/span><\/p>\t\t\t\t\t\t\t\t<\/div>\n\t\t\t\t<\/div>\n\t\t\t\t<div class=\"elementor-element elementor-element-d5acf47 elementor-align-center elementor-widget elementor-widget-button\" data-id=\"d5acf47\" data-element_type=\"widget\" data-e-type=\"widget\" data-widget_type=\"button.default\">\n\t\t\t\t<div class=\"elementor-widget-container\">\n\t\t\t\t\t\t\t\t\t<div class=\"elementor-button-wrapper\">\n\t\t\t\t\t<a class=\"elementor-button elementor-button-link elementor-size-sm\" href=\"https:\/\/www.cmonsite.fr\/creer-un-site-professionnel.html\" target=\"_blank\">\n\t\t\t\t\t\t<span class=\"elementor-button-content-wrapper\">\n\t\t\t\t\t\t\t\t\t<span class=\"elementor-button-text\">Cr\u00e9er un site en Formule PRO<\/span>\n\t\t\t\t\t<\/span>\n\t\t\t\t\t<\/a>\n\t\t\t\t<\/div>\n\t\t\t\t\t\t\t\t<\/div>\n\t\t\t\t<\/div>\n\t\t\t\t<div class=\"elementor-element elementor-element-8e95e53 elementor-widget elementor-widget-text-editor\" data-id=\"8e95e53\" data-element_type=\"widget\" data-e-type=\"widget\" data-widget_type=\"text-editor.default\">\n\t\t\t\t<div class=\"elementor-widget-container\">\n\t\t\t\t\t\t\t\t\t<p style=\"text-align: center;\"><span style=\"font-size: large;\">Pour toute question sur notre Formule PRO n&#8217;h\u00e9sitez pas \u00e0 nous contacter.<\/span><\/p>\t\t\t\t\t\t\t\t<\/div>\n\t\t\t\t<\/div>\n\t\t\t\t<div class=\"elementor-element elementor-element-93bd40b elementor-align-center elementor-widget elementor-widget-button\" data-id=\"93bd40b\" data-element_type=\"widget\" data-e-type=\"widget\" data-widget_type=\"button.default\">\n\t\t\t\t<div class=\"elementor-widget-container\">\n\t\t\t\t\t\t\t\t\t<div class=\"elementor-button-wrapper\">\n\t\t\t\t\t<a class=\"elementor-button elementor-button-link elementor-size-sm\" href=\"https:\/\/www.cmonsite.fr\/contact.php?faq=2982\">\n\t\t\t\t\t\t<span class=\"elementor-button-content-wrapper\">\n\t\t\t\t\t\t\t\t\t<span class=\"elementor-button-text\">Contacter le support<\/span>\n\t\t\t\t\t<\/span>\n\t\t\t\t\t<\/a>\n\t\t\t\t<\/div>\n\t\t\t\t\t\t\t\t<\/div>\n\t\t\t\t<\/div>\n\t\t\t\t<div class=\"elementor-element elementor-element-d7df389 elementor-widget-divider--view-line elementor-widget elementor-widget-divider\" data-id=\"d7df389\" data-element_type=\"widget\" data-e-type=\"widget\" data-widget_type=\"divider.default\">\n\t\t\t\t<div class=\"elementor-widget-container\">\n\t\t\t\t\t\t\t<div class=\"elementor-divider\">\n\t\t\t<span class=\"elementor-divider-separator\">\n\t\t\t\t\t\t<\/span>\n\t\t<\/div>\n\t\t\t\t\t\t<\/div>\n\t\t\t\t<\/div>\n\t\t\t\t<div class=\"elementor-element elementor-element-93b6480 elementor-widget elementor-widget-text-editor\" data-id=\"93b6480\" data-element_type=\"widget\" data-e-type=\"widget\" data-widget_type=\"text-editor.default\">\n\t\t\t\t<div class=\"elementor-widget-container\">\n\t\t\t\t\t\t\t\t\t<p>Voir aussi :<\/p><ul><li><a href=\"\/\/www.cmonsite.fr\/creer-un-site\/assistance-cmonsite\/telephone\/\" target=\"_blank\" rel=\"noopener noreferrer\">Support t\u00e9l\u00e9phonique<\/a><\/li><li><a href=\"\/\/www.cmonsite.fr\/creer-un-site\/assistance-cmonsite\/email\/\" target=\"_blank\" rel=\"noopener noreferrer\">Support mail<\/a><\/li><\/ul>\t\t\t\t\t\t\t\t<\/div>\n\t\t\t\t<\/div>\n\t\t\t\t\t<\/div>\n\t\t<\/div>\n\t\t\t\t\t<\/div>\n\t\t<\/section>\n\t\t\t\t<\/div>\n\t\t","protected":false},"excerpt":{"rendered":"<p>Qu&#8217;est-ce que la formule PRO et \u00e0 qui est-elle destin\u00e9e ? Si vous ne parvenez pas \u00e0 ma\u00eetriser les modules de CmonSite, ou bien que vous n&#8217;avez pas le temps de mettre votre site en place, pour quelque raison que ce soit, ou bien encore si vous souhaitez poss\u00e9der un site de qualit\u00e9 professionnelle dans [&hellip;]<\/p>\n","protected":false},"author":1,"featured_media":17983,"parent":720,"menu_order":3,"comment_status":"open","ping_status":"closed","template":"","meta":{"_helpful_status":1,"footnotes":""},"class_list":["post-2982","page","type-page","status-publish","has-post-thumbnail","hentry"],"_links":{"self":[{"href":"https:\/\/www.cmonsite.fr\/site\/wp-json\/wp\/v2\/pages\/2982","targetHints":{"allow":["GET"]}}],"collection":[{"href":"https:\/\/www.cmonsite.fr\/site\/wp-json\/wp\/v2\/pages"}],"about":[{"href":"https:\/\/www.cmonsite.fr\/site\/wp-json\/wp\/v2\/types\/page"}],"author":[{"embeddable":true,"href":"https:\/\/www.cmonsite.fr\/site\/wp-json\/wp\/v2\/users\/1"}],"replies":[{"embeddable":true,"href":"https:\/\/www.cmonsite.fr\/site\/wp-json\/wp\/v2\/comments?post=2982"}],"version-history":[{"count":13,"href":"https:\/\/www.cmonsite.fr\/site\/wp-json\/wp\/v2\/pages\/2982\/revisions"}],"predecessor-version":[{"id":27586,"href":"https:\/\/www.cmonsite.fr\/site\/wp-json\/wp\/v2\/pages\/2982\/revisions\/27586"}],"up":[{"embeddable":true,"href":"https:\/\/www.cmonsite.fr\/site\/wp-json\/wp\/v2\/pages\/720"}],"wp:featuredmedia":[{"embeddable":true,"href":"https:\/\/www.cmonsite.fr\/site\/wp-json\/wp\/v2\/media\/17983"}],"wp:attachment":[{"href":"https:\/\/www.cmonsite.fr\/site\/wp-json\/wp\/v2\/media?parent=2982"}],"curies":[{"name":"wp","href":"https:\/\/api.w.org\/{rel}","templated":true}]}}