{"id":2974,"date":"2013-01-21T10:37:38","date_gmt":"2013-01-21T10:37:38","guid":{"rendered":"https:\/\/www.cmonsite.fr\/site\/aide\/?page_id=2974"},"modified":"2025-06-06T15:18:13","modified_gmt":"2025-06-06T13:18:13","slug":"telephone","status":"publish","type":"page","link":"https:\/\/www.cmonsite.fr\/site\/aide\/assistance-cmonsite\/telephone","title":{"rendered":"Comment joindre le support CmonSite par T\u00e9l\u00e9phone ?"},"content":{"rendered":"\t\t<div data-elementor-type=\"wp-page\" data-elementor-id=\"2974\" class=\"elementor elementor-2974\" data-elementor-post-type=\"page\">\n\t\t\t\t\t\t<section class=\"elementor-section elementor-top-section elementor-element elementor-element-53e01c31 elementor-section-boxed elementor-section-height-default elementor-section-height-default\" data-id=\"53e01c31\" data-element_type=\"section\" data-e-type=\"section\">\n\t\t\t\t\t\t<div class=\"elementor-container elementor-column-gap-default\">\n\t\t\t\t\t<div class=\"elementor-column elementor-col-100 elementor-top-column elementor-element elementor-element-1bbc313c\" data-id=\"1bbc313c\" data-element_type=\"column\" data-e-type=\"column\">\n\t\t\t<div class=\"elementor-widget-wrap elementor-element-populated\">\n\t\t\t\t\t\t<div class=\"elementor-element elementor-element-75621c0d elementor-widget elementor-widget-text-editor\" data-id=\"75621c0d\" data-element_type=\"widget\" data-e-type=\"widget\" data-widget_type=\"text-editor.default\">\n\t\t\t\t<div class=\"elementor-widget-container\">\n\t\t\t\t\t\t\t\t\t<h2>Comment obtenir de l&#8217;aide par t\u00e9l\u00e9phone ?<\/h2><p>Le support t\u00e9l\u00e9phonique de CmonSite est accessible \u00e0 partir de la <a href=\"https:\/\/www.cmonsite.fr\/comparatif-offre.php\">Formule Pro<\/a> du lundi au vendredi de 9h00 &#8211; 12h00 &amp; 14h00 &#8211; 18h00.<\/p><p>.<\/p><p>Pas d&#8217;inqui\u00e9tudes, le support e-mail de CmonSite est accessible \u00e0 tous nos utilisateurs et nous r\u00e9pondons \u00e0 votre demande dans les plus brefs d\u00e9lais.\u00a0<span style=\"color: var( --e-global-color-text ); font-family: var( --e-global-typography-text-font-family ), Sans-serif; font-size: var( --e-global-typography-text-font-size ); font-weight: var( --e-global-typography-text-font-weight ); text-align: var(--text-align);\">Nous disposons \u00e9galement d&#8217;un <\/span><a style=\"font-family: var( --e-global-typography-text-font-family ), Sans-serif; font-size: var( --e-global-typography-text-font-size ); text-align: var(--text-align); background-color: #ffffff;\" href=\"https:\/\/www.cmonsite.fr\/site\/aide\">centre d&#8217;aide<\/a><span style=\"color: var( --e-global-color-text ); font-family: var( --e-global-typography-text-font-family ), Sans-serif; font-size: var( --e-global-typography-text-font-size ); font-weight: var( --e-global-typography-text-font-weight ); text-align: var(--text-align);\"> compos\u00e9 de nombreux guides afin de vous aider \u00e0 cr\u00e9er votre site internet.<\/span><\/p><p><span style=\"color: var( --e-global-color-text ); font-family: var( --e-global-typography-text-font-family ), Sans-serif; font-size: var( --e-global-typography-text-font-size ); font-weight: var( --e-global-typography-text-font-weight ); text-align: var(--text-align);\">\u00a0<\/span><\/p><h2>Pourquoi ne mettons-nous pas de num\u00e9ro \u00e0 disposition pour toutes nos formules ?<\/h2><p>C&#8217;est simple, tout d&#8217;abord, nous pr\u00f4nons la qualit\u00e9 \u00e0 la quantit\u00e9, le support t\u00e9l\u00e9phonique de CmonSite est un service compos\u00e9 d&#8217;une \u00e9quipe chevronn\u00e9e, qui n&#8217;a pas pour vocation de devenir une Hot Line. Certes, nous ne pouvons pas appeler nos 100 000 utilisateurs dans la journ\u00e9e, mais nous avons \u00e0 c\u0153ur de satisfaire tout le monde, et ce, toujours dans les plus brefs d\u00e9lais ! C&#8217;est pourquoi notre support e-mail est accessible \u00e0 tous nos utilisateurs.<\/p><p>\u00a0<\/p><h2>Obtenir des informations sur nos offres par t\u00e9l\u00e9phone ?<\/h2><p>Vous pouvez demander \u00e0 \u00eatre rappel\u00e9 par notre service commercial pour obtenir des informations et des conseils pour la cr\u00e9ation de votre site internet, que ce soit sur la plateforme CmonSite et ses fonctionnalit\u00e9s, les offres ou encore l&#8217;accompagnement propos\u00e9. Nous tenons \u00e0 c\u0153ur de vous conseiller sur la Formule qui vous correspond selon votre activit\u00e9 et vos besoins !<\/p><p>Pour cela, il suffit de faire la demande sur la <a href=\"https:\/\/www.cmonsite.fr\/rappel_tel.php\">page de demande de rappel<\/a>, en nous indiquant le num\u00e9ro de t\u00e9l\u00e9phone sur lequel vous souhaitez \u00eatre rappel\u00e9<span style=\"color: var( --e-global-color-text ); font-family: var( --e-global-typography-text-font-family ), Sans-serif; font-size: var( --e-global-typography-text-font-size ); font-weight: var( --e-global-typography-text-font-weight ); text-align: var(--text-align);\">\u00a0<\/span><span style=\"color: var( --e-global-color-text ); font-family: var( --e-global-typography-text-font-family ), Sans-serif; font-size: var( --e-global-typography-text-font-size ); font-weight: var( --e-global-typography-text-font-weight ); text-align: var(--text-align);\">ainsi qu&#8217;une pr\u00e9f\u00e9rence horaire. Le support t\u00e9l\u00e9phonique est ouvert du lundi au vendredi de\u00a0<\/span><span style=\"font-size: 17px;\">9h00 &#8211; 12h00 &amp; 14h00 &#8211; 18h00.<\/span><\/p>\t\t\t\t\t\t\t\t<\/div>\n\t\t\t\t<\/div>\n\t\t\t\t<div class=\"elementor-element elementor-element-38e7b44 elementor-widget-divider--view-line elementor-widget elementor-widget-divider\" data-id=\"38e7b44\" data-element_type=\"widget\" data-e-type=\"widget\" data-widget_type=\"divider.default\">\n\t\t\t\t<div class=\"elementor-widget-container\">\n\t\t\t\t\t\t\t<div class=\"elementor-divider\">\n\t\t\t<span class=\"elementor-divider-separator\">\n\t\t\t\t\t\t<\/span>\n\t\t<\/div>\n\t\t\t\t\t\t<\/div>\n\t\t\t\t<\/div>\n\t\t\t\t<div class=\"elementor-element elementor-element-0514451 elementor-widget elementor-widget-text-editor\" data-id=\"0514451\" data-element_type=\"widget\" data-e-type=\"widget\" data-widget_type=\"text-editor.default\">\n\t\t\t\t<div class=\"elementor-widget-container\">\n\t\t\t\t\t\t\t\t\t<p>Voir aussi :<\/p><ul style=\"font-size: 17px; background-color: #ffffff;\"><li style=\"font-size: 17px;\"><a href=\"https:\/\/www.cmonsite.fr\/creer-un-site\/assistance-cmonsite\/email\/\" target=\"_blank\" rel=\"noopener noreferrer\">Support mail<\/a><\/li><li style=\"font-size: 17px;\"><a href=\"https:\/\/www.cmonsite.fr\/creer-un-site\/assistance-cmonsite\/assistance-personnalisee\/\" target=\"_blank\" rel=\"noopener noreferrer\">Assistance personnalis\u00e9e en Formule PRO<\/a><\/li><\/ul>\t\t\t\t\t\t\t\t<\/div>\n\t\t\t\t<\/div>\n\t\t\t\t\t<\/div>\n\t\t<\/div>\n\t\t\t\t\t<\/div>\n\t\t<\/section>\n\t\t\t\t<\/div>\n\t\t","protected":false},"excerpt":{"rendered":"<p>Comment obtenir de l&#8217;aide par t\u00e9l\u00e9phone ? Le support t\u00e9l\u00e9phonique de CmonSite est accessible \u00e0 partir de la Formule Pro du lundi au vendredi de 9h00 &#8211; 12h00 &amp; 14h00 &#8211; 18h00. . Pas d&#8217;inqui\u00e9tudes, le support e-mail de CmonSite est accessible \u00e0 tous nos utilisateurs et nous r\u00e9pondons \u00e0 votre demande dans les plus [&hellip;]<\/p>\n","protected":false},"author":1,"featured_media":19215,"parent":720,"menu_order":0,"comment_status":"open","ping_status":"closed","template":"","meta":{"_helpful_status":1,"footnotes":""},"class_list":["post-2974","page","type-page","status-publish","has-post-thumbnail","hentry"],"_links":{"self":[{"href":"https:\/\/www.cmonsite.fr\/site\/wp-json\/wp\/v2\/pages\/2974","targetHints":{"allow":["GET"]}}],"collection":[{"href":"https:\/\/www.cmonsite.fr\/site\/wp-json\/wp\/v2\/pages"}],"about":[{"href":"https:\/\/www.cmonsite.fr\/site\/wp-json\/wp\/v2\/types\/page"}],"author":[{"embeddable":true,"href":"https:\/\/www.cmonsite.fr\/site\/wp-json\/wp\/v2\/users\/1"}],"replies":[{"embeddable":true,"href":"https:\/\/www.cmonsite.fr\/site\/wp-json\/wp\/v2\/comments?post=2974"}],"version-history":[{"count":14,"href":"https:\/\/www.cmonsite.fr\/site\/wp-json\/wp\/v2\/pages\/2974\/revisions"}],"predecessor-version":[{"id":28322,"href":"https:\/\/www.cmonsite.fr\/site\/wp-json\/wp\/v2\/pages\/2974\/revisions\/28322"}],"up":[{"embeddable":true,"href":"https:\/\/www.cmonsite.fr\/site\/wp-json\/wp\/v2\/pages\/720"}],"wp:featuredmedia":[{"embeddable":true,"href":"https:\/\/www.cmonsite.fr\/site\/wp-json\/wp\/v2\/media\/19215"}],"wp:attachment":[{"href":"https:\/\/www.cmonsite.fr\/site\/wp-json\/wp\/v2\/media?parent=2974"}],"curies":[{"name":"wp","href":"https:\/\/api.w.org\/{rel}","templated":true}]}}