{"id":2920,"date":"2013-01-21T09:38:04","date_gmt":"2013-01-21T09:38:04","guid":{"rendered":"https:\/\/www.cmonsite.fr\/site\/aide\/?page_id=2920"},"modified":"2023-09-01T10:50:55","modified_gmt":"2023-09-01T08:50:55","slug":"astuces-informations","status":"publish","type":"page","link":"https:\/\/www.cmonsite.fr\/site\/aide\/astuces-informations","title":{"rendered":"Astuces &#038; Informations"},"content":{"rendered":"<p style=\"text-align: center;\">Envie d&#8217;un widget, d&#8217;un lien facebook sur votre site ? Vous trouverez dans cette rubrique des explications d\u00e9taill\u00e9es pour vous aider \u00e0 utiliser les services compatibles avec l&#8217;outil CmonSite, int\u00e9grer des widgets externes, mais \u00e9galement des liens utiles et sites int\u00e9ressants pouvant vous aider \u00e0 am\u00e9liorer votre site, une liste des raccourcis clavier les plus utiles, et une petite le\u00e7on de vocabulaire internet pour vous familiariser avec le jargon de la toile !<\/p>\n","protected":false},"excerpt":{"rendered":"<p>Envie d&#8217;un widget, d&#8217;un lien facebook sur votre site ? Vous trouverez dans cette rubrique des explications d\u00e9taill\u00e9es pour vous aider \u00e0 utiliser les services compatibles avec l&#8217;outil CmonSite, int\u00e9grer des widgets externes, mais \u00e9galement des liens utiles et sites int\u00e9ressants pouvant vous aider \u00e0 am\u00e9liorer votre site, une liste des raccourcis clavier les plus [&hellip;]<\/p>\n","protected":false},"author":1,"featured_media":25794,"parent":9,"menu_order":16,"comment_status":"closed","ping_status":"closed","template":"","meta":{"_helpful_status":1,"footnotes":""},"class_list":["post-2920","page","type-page","status-publish","has-post-thumbnail","hentry"],"_links":{"self":[{"href":"https:\/\/www.cmonsite.fr\/site\/wp-json\/wp\/v2\/pages\/2920","targetHints":{"allow":["GET"]}}],"collection":[{"href":"https:\/\/www.cmonsite.fr\/site\/wp-json\/wp\/v2\/pages"}],"about":[{"href":"https:\/\/www.cmonsite.fr\/site\/wp-json\/wp\/v2\/types\/page"}],"author":[{"embeddable":true,"href":"https:\/\/www.cmonsite.fr\/site\/wp-json\/wp\/v2\/users\/1"}],"replies":[{"embeddable":true,"href":"https:\/\/www.cmonsite.fr\/site\/wp-json\/wp\/v2\/comments?post=2920"}],"version-history":[{"count":2,"href":"https:\/\/www.cmonsite.fr\/site\/wp-json\/wp\/v2\/pages\/2920\/revisions"}],"predecessor-version":[{"id":22732,"href":"https:\/\/www.cmonsite.fr\/site\/wp-json\/wp\/v2\/pages\/2920\/revisions\/22732"}],"up":[{"embeddable":true,"href":"https:\/\/www.cmonsite.fr\/site\/wp-json\/wp\/v2\/pages\/9"}],"wp:featuredmedia":[{"embeddable":true,"href":"https:\/\/www.cmonsite.fr\/site\/wp-json\/wp\/v2\/media\/25794"}],"wp:attachment":[{"href":"https:\/\/www.cmonsite.fr\/site\/wp-json\/wp\/v2\/media?parent=2920"}],"curies":[{"name":"wp","href":"https:\/\/api.w.org\/{rel}","templated":true}]}}