{"id":28536,"date":"2025-12-09T10:14:29","date_gmt":"2025-12-09T09:14:21","guid":{"rendered":"https:\/\/www.cmonsite.fr\/site\/?page_id=28536"},"modified":"2025-12-09T10:25:28","modified_gmt":"2025-12-09T09:25:28","slug":"connecter-nom-de-domaine","status":"publish","type":"page","link":"https:\/\/www.cmonsite.fr\/site\/aide\/nom-de-domaine-et-adresse-e-mail\/connecter-nom-de-domaine","title":{"rendered":"Comment connecter mon nom de domaine sur CmonSite ?"},"content":{"rendered":"\t\t<div data-elementor-type=\"wp-page\" data-elementor-id=\"28536\" class=\"elementor elementor-28536\" data-elementor-post-type=\"page\">\n\t\t\t\t\t\t<section class=\"elementor-section elementor-top-section elementor-element elementor-element-0ce59a7 elementor-section-boxed elementor-section-height-default elementor-section-height-default\" data-id=\"0ce59a7\" data-element_type=\"section\" data-e-type=\"section\">\n\t\t\t\t\t\t<div class=\"elementor-container elementor-column-gap-default\">\n\t\t\t\t\t<div class=\"elementor-column elementor-col-100 elementor-top-column elementor-element elementor-element-927bf4c\" data-id=\"927bf4c\" data-element_type=\"column\" data-e-type=\"column\">\n\t\t\t<div class=\"elementor-widget-wrap elementor-element-populated\">\n\t\t\t\t\t\t<div class=\"elementor-element elementor-element-62e2f1f elementor-widget elementor-widget-text-editor\" data-id=\"62e2f1f\" data-element_type=\"widget\" data-e-type=\"widget\" data-widget_type=\"text-editor.default\">\n\t\t\t\t<div class=\"elementor-widget-container\">\n\t\t\t\t\t\t\t\t\t<p>Si vous poss\u00e9dez d\u00e9j\u00e0 un nom de domaine chez un autre h\u00e9bergeur et que vous souhaitez le connecter sur CmonSite, c&#8217;est tout \u00e0 fait possible : vous devrez effectuer une connexion de votre nom de domaine.<br \/>Si vous souhaitez h\u00e9berger votre nom de domaine sur CmonSite, vous pouvez aussi <a href=\"https:\/\/www.cmonsite.fr\/site\/aide\/nom-de-domaine-et-adresse-e-mail\/transferer-nom-de-domaine\">transf\u00e9rer votre nom de domaine sur CmonSite.<\/a><\/p>\t\t\t\t\t\t\t\t<\/div>\n\t\t\t\t<\/div>\n\t\t\t\t<div class=\"elementor-element elementor-element-f719439 elementor-widget elementor-widget-spacer\" data-id=\"f719439\" data-element_type=\"widget\" data-e-type=\"widget\" data-widget_type=\"spacer.default\">\n\t\t\t\t<div class=\"elementor-widget-container\">\n\t\t\t\t\t\t\t<div class=\"elementor-spacer\">\n\t\t\t<div class=\"elementor-spacer-inner\"><\/div>\n\t\t<\/div>\n\t\t\t\t\t\t<\/div>\n\t\t\t\t<\/div>\n\t\t\t\t<div class=\"elementor-element elementor-element-3053113 elementor-widget elementor-widget-heading\" data-id=\"3053113\" data-element_type=\"widget\" data-e-type=\"widget\" data-widget_type=\"heading.default\">\n\t\t\t\t<div class=\"elementor-widget-container\">\n\t\t\t\t\t<h2 class=\"elementor-heading-title elementor-size-default\">1. Faire la demande de connexion sur CmonSite<\/h2>\t\t\t\t<\/div>\n\t\t\t\t<\/div>\n\t\t\t\t<div class=\"elementor-element elementor-element-88bf7ae elementor-widget elementor-widget-text-editor\" data-id=\"88bf7ae\" data-element_type=\"widget\" data-e-type=\"widget\" data-widget_type=\"text-editor.default\">\n\t\t\t\t<div class=\"elementor-widget-container\">\n\t\t\t\t\t\t\t\t\t<p>Rendez-vous dans la rubrique &#8220;<b>Nom de domaine<\/b>&#8221; puis &#8220;<b><a href=\"https:\/\/www.cmonsite.fr\/gestion_domaine_externe.php\" target=\"_blank\" rel=\"noopener\">Connecter un nom de domaine<\/a><\/b>&#8220;.<\/p>\t\t\t\t\t\t\t\t<\/div>\n\t\t\t\t<\/div>\n\t\t\t\t<div class=\"elementor-element elementor-element-769b214 elementor-widget elementor-widget-spacer\" data-id=\"769b214\" data-element_type=\"widget\" data-e-type=\"widget\" data-widget_type=\"spacer.default\">\n\t\t\t\t<div class=\"elementor-widget-container\">\n\t\t\t\t\t\t\t<div class=\"elementor-spacer\">\n\t\t\t<div class=\"elementor-spacer-inner\"><\/div>\n\t\t<\/div>\n\t\t\t\t\t\t<\/div>\n\t\t\t\t<\/div>\n\t\t\t\t<div class=\"elementor-element elementor-element-a0c9b21 elementor-widget elementor-widget-image\" data-id=\"a0c9b21\" data-element_type=\"widget\" data-e-type=\"widget\" data-widget_type=\"image.default\">\n\t\t\t\t<div class=\"elementor-widget-container\">\n\t\t\t\t\t\t\t\t\t\t\t\t\t\t\t<img fetchpriority=\"high\" decoding=\"async\" width=\"1226\" height=\"285\" src=\"https:\/\/www.cmonsite.fr\/site\/webup\/2025\/12\/connexion.png\" class=\"attachment-full size-full wp-image-28531\" alt=\"\" srcset=\"https:\/\/www.cmonsite.fr\/site\/webup\/2025\/12\/connexion.png 1226w, https:\/\/www.cmonsite.fr\/site\/webup\/2025\/12\/connexion-300x70.png 300w, https:\/\/www.cmonsite.fr\/site\/webup\/2025\/12\/connexion-1024x238.png 1024w, https:\/\/www.cmonsite.fr\/site\/webup\/2025\/12\/connexion-768x179.png 768w\" sizes=\"(max-width: 1226px) 100vw, 1226px\" \/>\t\t\t\t\t\t\t\t\t\t\t\t\t\t\t<\/div>\n\t\t\t\t<\/div>\n\t\t\t\t<div class=\"elementor-element elementor-element-15218f9 elementor-widget elementor-widget-spacer\" data-id=\"15218f9\" data-element_type=\"widget\" data-e-type=\"widget\" data-widget_type=\"spacer.default\">\n\t\t\t\t<div class=\"elementor-widget-container\">\n\t\t\t\t\t\t\t<div class=\"elementor-spacer\">\n\t\t\t<div class=\"elementor-spacer-inner\"><\/div>\n\t\t<\/div>\n\t\t\t\t\t\t<\/div>\n\t\t\t\t<\/div>\n\t\t\t\t<div class=\"elementor-element elementor-element-4d38b21 elementor-widget elementor-widget-text-editor\" data-id=\"4d38b21\" data-element_type=\"widget\" data-e-type=\"widget\" data-widget_type=\"text-editor.default\">\n\t\t\t\t<div class=\"elementor-widget-container\">\n\t\t\t\t\t\t\t\t\t<p>Il vous suffira de compl\u00e9ter le formulaire avec votre nom de domaine.<br \/><strong>Attention, vous ne devez pas renseigner les www de votre nom de domaine.<\/strong><\/p>\t\t\t\t\t\t\t\t<\/div>\n\t\t\t\t<\/div>\n\t\t\t\t<div class=\"elementor-element elementor-element-fbd4967 elementor-widget elementor-widget-spacer\" data-id=\"fbd4967\" data-element_type=\"widget\" data-e-type=\"widget\" data-widget_type=\"spacer.default\">\n\t\t\t\t<div class=\"elementor-widget-container\">\n\t\t\t\t\t\t\t<div class=\"elementor-spacer\">\n\t\t\t<div class=\"elementor-spacer-inner\"><\/div>\n\t\t<\/div>\n\t\t\t\t\t\t<\/div>\n\t\t\t\t<\/div>\n\t\t\t\t<div class=\"elementor-element elementor-element-acf1802 elementor-widget elementor-widget-image\" data-id=\"acf1802\" data-element_type=\"widget\" data-e-type=\"widget\" data-widget_type=\"image.default\">\n\t\t\t\t<div class=\"elementor-widget-container\">\n\t\t\t\t\t\t\t\t\t\t\t\t\t\t\t<img decoding=\"async\" width=\"1208\" height=\"206\" src=\"https:\/\/www.cmonsite.fr\/site\/webup\/2025\/12\/connecter.png\" class=\"attachment-full size-full wp-image-28532\" alt=\"\" srcset=\"https:\/\/www.cmonsite.fr\/site\/webup\/2025\/12\/connecter.png 1208w, https:\/\/www.cmonsite.fr\/site\/webup\/2025\/12\/connecter-300x51.png 300w, https:\/\/www.cmonsite.fr\/site\/webup\/2025\/12\/connecter-1024x175.png 1024w, https:\/\/www.cmonsite.fr\/site\/webup\/2025\/12\/connecter-768x131.png 768w\" sizes=\"(max-width: 1208px) 100vw, 1208px\" \/>\t\t\t\t\t\t\t\t\t\t\t\t\t\t\t<\/div>\n\t\t\t\t<\/div>\n\t\t\t\t<div class=\"elementor-element elementor-element-a68eda4 elementor-widget elementor-widget-spacer\" data-id=\"a68eda4\" data-element_type=\"widget\" data-e-type=\"widget\" data-widget_type=\"spacer.default\">\n\t\t\t\t<div class=\"elementor-widget-container\">\n\t\t\t\t\t\t\t<div class=\"elementor-spacer\">\n\t\t\t<div class=\"elementor-spacer-inner\"><\/div>\n\t\t<\/div>\n\t\t\t\t\t\t<\/div>\n\t\t\t\t<\/div>\n\t\t\t\t<div class=\"elementor-element elementor-element-6365d17 elementor-widget elementor-widget-heading\" data-id=\"6365d17\" data-element_type=\"widget\" data-e-type=\"widget\" data-widget_type=\"heading.default\">\n\t\t\t\t<div class=\"elementor-widget-container\">\n\t\t\t\t\t<h2 class=\"elementor-heading-title elementor-size-default\">2. Modifier vos DNS<\/h2>\t\t\t\t<\/div>\n\t\t\t\t<\/div>\n\t\t\t\t<div class=\"elementor-element elementor-element-53e6d30 elementor-widget elementor-widget-text-editor\" data-id=\"53e6d30\" data-element_type=\"widget\" data-e-type=\"widget\" data-widget_type=\"text-editor.default\">\n\t\t\t\t<div class=\"elementor-widget-container\">\n\t\t\t\t\t\t\t\t\t<p>Apr\u00e8s avoir valid\u00e9 le formulaire, vous recevrez un mail avec les enregistrements DNS \u00e0 modifier aupr\u00e8s de votre h\u00e9bergeur.<\/p><p>Selon votre h\u00e9bergeur actuel, vous devrez soit modifier vous-m\u00eame les enregistrements n\u00e9cessaires, soit demander \u00e0 celui-ci de s\u2019en charger pour vous. En cas de doute, nous vous recommandons de contacter directement votre h\u00e9bergeur, qui pourra vous guider dans la manipulation \u00e0 effectuer.<br data-start=\"435\" data-end=\"438\" \/>Une fois la modification r\u00e9alis\u00e9e, merci de <a href=\"https:\/\/www.cmonsite.fr\/contact.php\">nous contacter<\/a> afin que nous puissions finaliser la connexion de votre nom de domaine.<\/p>\t\t\t\t\t\t\t\t<\/div>\n\t\t\t\t<\/div>\n\t\t\t\t<div class=\"elementor-element elementor-element-c79540f elementor-widget-divider--view-line elementor-widget elementor-widget-divider\" data-id=\"c79540f\" data-element_type=\"widget\" data-e-type=\"widget\" data-widget_type=\"divider.default\">\n\t\t\t\t<div class=\"elementor-widget-container\">\n\t\t\t\t\t\t\t<div class=\"elementor-divider\">\n\t\t\t<span class=\"elementor-divider-separator\">\n\t\t\t\t\t\t<\/span>\n\t\t<\/div>\n\t\t\t\t\t\t<\/div>\n\t\t\t\t<\/div>\n\t\t\t\t\t<\/div>\n\t\t<\/div>\n\t\t\t\t\t<\/div>\n\t\t<\/section>\n\t\t\t\t<section class=\"elementor-section elementor-top-section elementor-element elementor-element-5a19a624 elementor-section-boxed elementor-section-height-default elementor-section-height-default\" data-id=\"5a19a624\" data-element_type=\"section\" data-e-type=\"section\">\n\t\t\t\t\t\t<div class=\"elementor-container elementor-column-gap-default\">\n\t\t\t\t\t<div class=\"elementor-column elementor-col-100 elementor-top-column elementor-element elementor-element-3c14e326\" data-id=\"3c14e326\" data-element_type=\"column\" data-e-type=\"column\">\n\t\t\t<div class=\"elementor-widget-wrap elementor-element-populated\">\n\t\t\t\t\t\t<div class=\"elementor-element elementor-element-55183f27 elementor-widget elementor-widget-text-editor\" data-id=\"55183f27\" data-element_type=\"widget\" data-e-type=\"widget\" data-widget_type=\"text-editor.default\">\n\t\t\t\t<div class=\"elementor-widget-container\">\n\t\t\t\t\t\t\t\t\t<p>Voir aussi dans la m\u00eame th\u00e9matique :<\/p><ul><li><a href=\"https:\/\/www.cmonsite.fr\/creer-un-site\/referencement\/nom-de-domaine\/\" target=\"_blank\" rel=\"noopener\">Nom de domaine<\/a><\/li><li><a href=\"https:\/\/www.cmonsite.fr\/creer-un-site\/referencement\/optimiser-referencement-naturel-site\/\" target=\"_blank\" rel=\"noopener\">Optimiser son site pour le r\u00e9f\u00e9rencement naturel<\/a><\/li><li><a href=\"https:\/\/www.cmonsite.fr\/creer-un-site\/referencement\/annuaire-cmonsite\/\" target=\"_blank\" rel=\"noopener\">Inscrire son site dans l&#8217;annuaire CmonSite<\/a><\/li><\/ul>\t\t\t\t\t\t\t\t<\/div>\n\t\t\t\t<\/div>\n\t\t\t\t\t<\/div>\n\t\t<\/div>\n\t\t\t\t\t<\/div>\n\t\t<\/section>\n\t\t\t\t<\/div>\n\t\t","protected":false},"excerpt":{"rendered":"<p>Si vous poss\u00e9dez d\u00e9j\u00e0 un nom de domaine chez un autre h\u00e9bergeur et que vous souhaitez le connecter sur CmonSite, c&#8217;est tout \u00e0 fait possible : vous devrez effectuer une connexion de votre nom de domaine.Si vous souhaitez h\u00e9berger votre nom de domaine sur CmonSite, vous pouvez aussi transf\u00e9rer votre nom de domaine sur CmonSite. [&hellip;]<\/p>\n","protected":false},"author":1,"featured_media":18004,"parent":24672,"menu_order":1,"comment_status":"closed","ping_status":"closed","template":"","meta":{"_helpful_status":1,"footnotes":""},"class_list":["post-28536","page","type-page","status-publish","has-post-thumbnail","hentry"],"_links":{"self":[{"href":"https:\/\/www.cmonsite.fr\/site\/wp-json\/wp\/v2\/pages\/28536","targetHints":{"allow":["GET"]}}],"collection":[{"href":"https:\/\/www.cmonsite.fr\/site\/wp-json\/wp\/v2\/pages"}],"about":[{"href":"https:\/\/www.cmonsite.fr\/site\/wp-json\/wp\/v2\/types\/page"}],"author":[{"embeddable":true,"href":"https:\/\/www.cmonsite.fr\/site\/wp-json\/wp\/v2\/users\/1"}],"replies":[{"embeddable":true,"href":"https:\/\/www.cmonsite.fr\/site\/wp-json\/wp\/v2\/comments?post=28536"}],"version-history":[{"count":25,"href":"https:\/\/www.cmonsite.fr\/site\/wp-json\/wp\/v2\/pages\/28536\/revisions"}],"predecessor-version":[{"id":28561,"href":"https:\/\/www.cmonsite.fr\/site\/wp-json\/wp\/v2\/pages\/28536\/revisions\/28561"}],"up":[{"embeddable":true,"href":"https:\/\/www.cmonsite.fr\/site\/wp-json\/wp\/v2\/pages\/24672"}],"wp:featuredmedia":[{"embeddable":true,"href":"https:\/\/www.cmonsite.fr\/site\/wp-json\/wp\/v2\/media\/18004"}],"wp:attachment":[{"href":"https:\/\/www.cmonsite.fr\/site\/wp-json\/wp\/v2\/media?parent=28536"}],"curies":[{"name":"wp","href":"https:\/\/api.w.org\/{rel}","templated":true}]}}