{"id":28438,"date":"2025-10-14T09:52:36","date_gmt":"2025-10-14T07:52:36","guid":{"rendered":"https:\/\/www.cmonsite.fr\/site\/?page_id=28438"},"modified":"2025-10-14T15:13:23","modified_gmt":"2025-10-14T13:13:23","slug":"installer-cawl-site-credit-agricole","status":"publish","type":"page","link":"https:\/\/www.cmonsite.fr\/site\/aide\/moyens-de-paiement\/installer-cawl-site-credit-agricole","title":{"rendered":"Installer Cawl, le module de paiement du Cr\u00e9dit Agricole"},"content":{"rendered":"\t\t<div data-elementor-type=\"wp-page\" data-elementor-id=\"28438\" class=\"elementor elementor-28438\" data-elementor-post-type=\"page\">\n\t\t\t\t<div class=\"elementor-element elementor-element-6e9c2c2 e-flex e-con-boxed e-con e-parent\" data-id=\"6e9c2c2\" data-element_type=\"container\" data-e-type=\"container\">\n\t\t\t\t\t<div class=\"e-con-inner\">\n\t\t\t\t<div class=\"elementor-element elementor-element-d2d57b2 elementor-widget elementor-widget-text-editor\" data-id=\"d2d57b2\" data-element_type=\"widget\" data-e-type=\"widget\" data-widget_type=\"text-editor.default\">\n\t\t\t\t<div class=\"elementor-widget-container\">\n\t\t\t\t\t\t\t\t\t<p>Avec CmonSite vous avez la possibilit\u00e9 d\u2019utiliser le module de paiement\u00a0<b>Cawl\u00a0<\/b>pour votre site e-commerce.<\/p>\t\t\t\t\t\t\t\t<\/div>\n\t\t\t\t<\/div>\n\t\t\t\t\t<\/div>\n\t\t\t\t<\/div>\n\t\t<div class=\"elementor-element elementor-element-ce0d354 e-flex e-con-boxed e-con e-parent\" data-id=\"ce0d354\" data-element_type=\"container\" data-e-type=\"container\">\n\t\t\t\t\t<div class=\"e-con-inner\">\n\t\t\t\t<div class=\"elementor-element elementor-element-702ccce elementor-widget elementor-widget-spacer\" data-id=\"702ccce\" data-element_type=\"widget\" data-e-type=\"widget\" data-widget_type=\"spacer.default\">\n\t\t\t\t<div class=\"elementor-widget-container\">\n\t\t\t\t\t\t\t<div class=\"elementor-spacer\">\n\t\t\t<div class=\"elementor-spacer-inner\"><\/div>\n\t\t<\/div>\n\t\t\t\t\t\t<\/div>\n\t\t\t\t<\/div>\n\t\t\t\t<div class=\"elementor-element elementor-element-12ac64c elementor-widget elementor-widget-heading\" data-id=\"12ac64c\" data-element_type=\"widget\" data-e-type=\"widget\" data-widget_type=\"heading.default\">\n\t\t\t\t<div class=\"elementor-widget-container\">\n\t\t\t\t\t<h2 class=\"elementor-heading-title elementor-size-default\">1. Qu'est-ce que Cawl ?<\/h2>\t\t\t\t<\/div>\n\t\t\t\t<\/div>\n\t\t\t\t\t<\/div>\n\t\t\t\t<\/div>\n\t\t<div class=\"elementor-element elementor-element-83e567d e-flex e-con-boxed e-con e-parent\" data-id=\"83e567d\" data-element_type=\"container\" data-e-type=\"container\">\n\t\t\t\t\t<div class=\"e-con-inner\">\n\t\t\t\t<div class=\"elementor-element elementor-element-6e713e4 elementor-widget elementor-widget-text-editor\" data-id=\"6e713e4\" data-element_type=\"widget\" data-e-type=\"widget\" data-widget_type=\"text-editor.default\">\n\t\t\t\t<div class=\"elementor-widget-container\">\n\t\t\t\t\t\t\t\t\t<p data-start=\"204\" data-end=\"452\"><strong data-start=\"204\" data-end=\"230\">Cawl (Cr\u00e9dit Agricole)<\/strong> est une solution de paiement en ligne s\u00e9curis\u00e9e, sp\u00e9cialement con\u00e7ue pour les sites e-commerce. Elle permet \u00e0 vos clients de r\u00e9gler facilement leurs achats par carte bancaire (Visa, Mastercard, etc.) en toute confiance.<\/p><p data-start=\"454\" data-end=\"667\">Gr\u00e2ce \u00e0 l\u2019appui du Cr\u00e9dit Agricole, vous b\u00e9n\u00e9ficiez d\u2019une solution fiable, transparente et conforme aux normes de s\u00e9curit\u00e9 bancaire. Vous gardez une visibilit\u00e9 compl\u00e8te sur vos transactions et vos encaissements.<\/p>\t\t\t\t\t\t\t\t<\/div>\n\t\t\t\t<\/div>\n\t\t\t\t<div class=\"elementor-element elementor-element-18c49ed elementor-widget elementor-widget-heading\" data-id=\"18c49ed\" data-element_type=\"widget\" data-e-type=\"widget\" data-widget_type=\"heading.default\">\n\t\t\t\t<div class=\"elementor-widget-container\">\n\t\t\t\t\t<h2 class=\"elementor-heading-title elementor-size-default\">2. Configuration de Cawl<\/h2>\t\t\t\t<\/div>\n\t\t\t\t<\/div>\n\t\t\t\t<div class=\"elementor-element elementor-element-8f03c2a elementor-widget elementor-widget-text-editor\" data-id=\"8f03c2a\" data-element_type=\"widget\" data-e-type=\"widget\" data-widget_type=\"text-editor.default\">\n\t\t\t\t<div class=\"elementor-widget-container\">\n\t\t\t\t\t\t\t\t\t<p>Pour configurer Cawl, vous pouvez vous rendre dans \u201cBoutique\u201d &gt; \u201cMoyens de paiement\u201d, directement accessible en <a href=\"https:\/\/www.cmonsite.fr\/configboutique.php#paiement\">cliquant ici<\/a>.<\/p>\t\t\t\t\t\t\t\t<\/div>\n\t\t\t\t<\/div>\n\t\t\t\t<div class=\"elementor-element elementor-element-5cca728 elementor-widget elementor-widget-text-editor\" data-id=\"5cca728\" data-element_type=\"widget\" data-e-type=\"widget\" data-widget_type=\"text-editor.default\">\n\t\t\t\t<div class=\"elementor-widget-container\">\n\t\t\t\t\t\t\t\t\t<p>Diverses informations vous seront alors demand\u00e9es pour compl\u00e9ter l&#8217;instalation de Cawl.<\/p>\t\t\t\t\t\t\t\t<\/div>\n\t\t\t\t<\/div>\n\t\t\t\t<div class=\"elementor-element elementor-element-f5eb361 elementor-widget elementor-widget-image\" data-id=\"f5eb361\" data-element_type=\"widget\" data-e-type=\"widget\" data-widget_type=\"image.default\">\n\t\t\t\t<div class=\"elementor-widget-container\">\n\t\t\t\t\t\t\t\t\t\t\t\t\t\t\t<img fetchpriority=\"high\" decoding=\"async\" width=\"917\" height=\"751\" src=\"https:\/\/www.cmonsite.fr\/site\/webup\/2025\/10\/Cawl.png\" class=\"attachment-full size-full wp-image-28443\" alt=\"\" srcset=\"https:\/\/www.cmonsite.fr\/site\/webup\/2025\/10\/Cawl.png 917w, https:\/\/www.cmonsite.fr\/site\/webup\/2025\/10\/Cawl-300x246.png 300w, https:\/\/www.cmonsite.fr\/site\/webup\/2025\/10\/Cawl-768x629.png 768w\" sizes=\"(max-width: 917px) 100vw, 917px\" \/>\t\t\t\t\t\t\t\t\t\t\t\t\t\t\t<\/div>\n\t\t\t\t<\/div>\n\t\t\t\t<div class=\"elementor-element elementor-element-60487eb elementor-widget elementor-widget-heading\" data-id=\"60487eb\" data-element_type=\"widget\" data-e-type=\"widget\" data-widget_type=\"heading.default\">\n\t\t\t\t<div class=\"elementor-widget-container\">\n\t\t\t\t\t<h2 class=\"elementor-heading-title elementor-size-default\">3. Retrouver son PSPID<\/h2>\t\t\t\t<\/div>\n\t\t\t\t<\/div>\n\t\t\t\t<div class=\"elementor-element elementor-element-b7402e4 elementor-widget elementor-widget-text-editor\" data-id=\"b7402e4\" data-element_type=\"widget\" data-e-type=\"widget\" data-widget_type=\"text-editor.default\">\n\t\t\t\t<div class=\"elementor-widget-container\">\n\t\t\t\t\t\t\t\t\t<p>Le PSPID doit \u00eatre r\u00e9cup\u00e9r\u00e9 dans le Back Office Cawl &gt; D\u00e9veloppeur &gt; API de paiement ou en <a href=\"https:\/\/portail.cawl-solutions.fr\/developer\/payment-api\" target=\"_blank\" rel=\"noopener\">cliquant ici<\/a>.<br \/>Vous retrouverez cette information en haut \u00e0 droite de votre \u00e9cran.<\/p>\t\t\t\t\t\t\t\t<\/div>\n\t\t\t\t<\/div>\n\t\t\t\t<div class=\"elementor-element elementor-element-89c0d78 elementor-widget elementor-widget-image\" data-id=\"89c0d78\" data-element_type=\"widget\" data-e-type=\"widget\" data-widget_type=\"image.default\">\n\t\t\t\t<div class=\"elementor-widget-container\">\n\t\t\t\t\t\t\t\t\t\t\t\t\t\t\t<img decoding=\"async\" width=\"2560\" height=\"576\" src=\"https:\/\/www.cmonsite.fr\/site\/webup\/2025\/10\/PSPID-scaled.png\" class=\"attachment-full size-full wp-image-28449\" alt=\"\" srcset=\"https:\/\/www.cmonsite.fr\/site\/webup\/2025\/10\/PSPID-scaled.png 2560w, https:\/\/www.cmonsite.fr\/site\/webup\/2025\/10\/PSPID-300x68.png 300w, https:\/\/www.cmonsite.fr\/site\/webup\/2025\/10\/PSPID-1024x230.png 1024w, https:\/\/www.cmonsite.fr\/site\/webup\/2025\/10\/PSPID-768x173.png 768w, https:\/\/www.cmonsite.fr\/site\/webup\/2025\/10\/PSPID-1536x346.png 1536w, https:\/\/www.cmonsite.fr\/site\/webup\/2025\/10\/PSPID-2048x461.png 2048w\" sizes=\"(max-width: 2560px) 100vw, 2560px\" \/>\t\t\t\t\t\t\t\t\t\t\t\t\t\t\t<\/div>\n\t\t\t\t<\/div>\n\t\t\t\t<div class=\"elementor-element elementor-element-1c0d885 elementor-widget elementor-widget-heading\" data-id=\"1c0d885\" data-element_type=\"widget\" data-e-type=\"widget\" data-widget_type=\"heading.default\">\n\t\t\t\t<div class=\"elementor-widget-container\">\n\t\t\t\t\t<h2 class=\"elementor-heading-title elementor-size-default\">4. Retrouver les informations de la cl\u00e9 API<\/h2>\t\t\t\t<\/div>\n\t\t\t\t<\/div>\n\t\t\t\t<div class=\"elementor-element elementor-element-56ddd1e elementor-widget elementor-widget-text-editor\" data-id=\"56ddd1e\" data-element_type=\"widget\" data-e-type=\"widget\" data-widget_type=\"text-editor.default\">\n\t\t\t\t<div class=\"elementor-widget-container\">\n\t\t\t\t\t\t\t\t\t<p>Vous devrez ensuite ajouter une cl\u00e9 API afin de g\u00e9n\u00e9rer un identifiant et une cl\u00e9 secr\u00e8te.<\/p><p>Elle doit \u00eatre g\u00e9n\u00e9r\u00e9 dans le Back Office Cawl &gt; D\u00e9veloppeur &gt; API de paiement ou en <a href=\"https:\/\/portail.cawl-solutions.fr\/developer\/payment-api\" target=\"_blank\" rel=\"noopener\">cliquant ici<\/a>.<\/p>\t\t\t\t\t\t\t\t<\/div>\n\t\t\t\t<\/div>\n\t\t\t\t<div class=\"elementor-element elementor-element-56f144b elementor-widget elementor-widget-image\" data-id=\"56f144b\" data-element_type=\"widget\" data-e-type=\"widget\" data-widget_type=\"image.default\">\n\t\t\t\t<div class=\"elementor-widget-container\">\n\t\t\t\t\t\t\t\t\t\t\t\t\t\t\t<img decoding=\"async\" width=\"2482\" height=\"630\" src=\"https:\/\/www.cmonsite.fr\/site\/webup\/2025\/10\/API_cawl.png\" class=\"attachment-full size-full wp-image-28450\" alt=\"\" srcset=\"https:\/\/www.cmonsite.fr\/site\/webup\/2025\/10\/API_cawl.png 2482w, https:\/\/www.cmonsite.fr\/site\/webup\/2025\/10\/API_cawl-300x76.png 300w, https:\/\/www.cmonsite.fr\/site\/webup\/2025\/10\/API_cawl-1024x260.png 1024w, https:\/\/www.cmonsite.fr\/site\/webup\/2025\/10\/API_cawl-768x195.png 768w, https:\/\/www.cmonsite.fr\/site\/webup\/2025\/10\/API_cawl-1536x390.png 1536w, https:\/\/www.cmonsite.fr\/site\/webup\/2025\/10\/API_cawl-2048x520.png 2048w\" sizes=\"(max-width: 2482px) 100vw, 2482px\" \/>\t\t\t\t\t\t\t\t\t\t\t\t\t\t\t<\/div>\n\t\t\t\t<\/div>\n\t\t\t\t<div class=\"elementor-element elementor-element-72abde6 elementor-widget elementor-widget-text-editor\" data-id=\"72abde6\" data-element_type=\"widget\" data-e-type=\"widget\" data-widget_type=\"text-editor.default\">\n\t\t\t\t<div class=\"elementor-widget-container\">\n\t\t\t\t\t\t\t\t\t<p>Cela g\u00e9n\u00e8rera un identifiant et une cl\u00e9 secr\u00e8te, que vous devrez copier sur CmonSite.<\/p><p><strong>Attention : la cl\u00e9 secr\u00e8te n\u2019est affich\u00e9e qu\u2019une minute, puis dispara\u00eet. Vous devez donc copier-coller l\u2019identifiant et la cl\u00e9 imm\u00e9diatement, sans les r\u00e9\u00e9crire manuellement.<\/strong><br data-start=\"340\" data-end=\"343\" \/>Si la cl\u00e9 dispara\u00eet avant que vous l\u2019ayez copi\u00e9e, vous devrez en g\u00e9n\u00e9rer une nouvelle.<\/p>\t\t\t\t\t\t\t\t<\/div>\n\t\t\t\t<\/div>\n\t\t\t\t<div class=\"elementor-element elementor-element-9d5cd65 elementor-widget elementor-widget-image\" data-id=\"9d5cd65\" data-element_type=\"widget\" data-e-type=\"widget\" data-widget_type=\"image.default\">\n\t\t\t\t<div class=\"elementor-widget-container\">\n\t\t\t\t\t\t\t\t\t\t\t\t\t\t\t<img loading=\"lazy\" decoding=\"async\" width=\"2544\" height=\"784\" src=\"https:\/\/www.cmonsite.fr\/site\/webup\/2025\/10\/API_Cawl2.png\" class=\"attachment-full size-full wp-image-28453\" alt=\"\" srcset=\"https:\/\/www.cmonsite.fr\/site\/webup\/2025\/10\/API_Cawl2.png 2544w, https:\/\/www.cmonsite.fr\/site\/webup\/2025\/10\/API_Cawl2-300x92.png 300w, https:\/\/www.cmonsite.fr\/site\/webup\/2025\/10\/API_Cawl2-1024x316.png 1024w, https:\/\/www.cmonsite.fr\/site\/webup\/2025\/10\/API_Cawl2-768x237.png 768w, https:\/\/www.cmonsite.fr\/site\/webup\/2025\/10\/API_Cawl2-1536x473.png 1536w, https:\/\/www.cmonsite.fr\/site\/webup\/2025\/10\/API_Cawl2-2048x631.png 2048w\" sizes=\"(max-width: 2544px) 100vw, 2544px\" \/>\t\t\t\t\t\t\t\t\t\t\t\t\t\t\t<\/div>\n\t\t\t\t<\/div>\n\t\t\t\t<div class=\"elementor-element elementor-element-64cc689 elementor-widget elementor-widget-heading\" data-id=\"64cc689\" data-element_type=\"widget\" data-e-type=\"widget\" data-widget_type=\"heading.default\">\n\t\t\t\t<div class=\"elementor-widget-container\">\n\t\t\t\t\t<h2 class=\"elementor-heading-title elementor-size-default\">5. Que faire de  l'URL du point de terminaison ?<\/h2>\t\t\t\t<\/div>\n\t\t\t\t<\/div>\n\t\t\t\t<div class=\"elementor-element elementor-element-fc3077f elementor-widget elementor-widget-text-editor\" data-id=\"fc3077f\" data-element_type=\"widget\" data-e-type=\"widget\" data-widget_type=\"text-editor.default\">\n\t\t\t\t<div class=\"elementor-widget-container\">\n\t\t\t\t\t\t\t\t\t<p>Dans un premier temps, il vous faut copier l&#8217;URL. Appuyez sur le bouton \u00e0 droite de celle-ci pour la copier.<\/p>\t\t\t\t\t\t\t\t<\/div>\n\t\t\t\t<\/div>\n\t\t\t\t<div class=\"elementor-element elementor-element-04fddb3 elementor-widget elementor-widget-image\" data-id=\"04fddb3\" data-element_type=\"widget\" data-e-type=\"widget\" data-widget_type=\"image.default\">\n\t\t\t\t<div class=\"elementor-widget-container\">\n\t\t\t\t\t\t\t\t\t\t\t\t\t\t\t<img loading=\"lazy\" decoding=\"async\" width=\"916\" height=\"509\" src=\"https:\/\/www.cmonsite.fr\/site\/webup\/2025\/10\/copier.png\" class=\"attachment-full size-full wp-image-28458\" alt=\"\" srcset=\"https:\/\/www.cmonsite.fr\/site\/webup\/2025\/10\/copier.png 916w, https:\/\/www.cmonsite.fr\/site\/webup\/2025\/10\/copier-300x167.png 300w, https:\/\/www.cmonsite.fr\/site\/webup\/2025\/10\/copier-768x427.png 768w\" sizes=\"(max-width: 916px) 100vw, 916px\" \/>\t\t\t\t\t\t\t\t\t\t\t\t\t\t\t<\/div>\n\t\t\t\t<\/div>\n\t\t\t\t<div class=\"elementor-element elementor-element-f8dc13a elementor-widget elementor-widget-text-editor\" data-id=\"f8dc13a\" data-element_type=\"widget\" data-e-type=\"widget\" data-widget_type=\"text-editor.default\">\n\t\t\t\t<div class=\"elementor-widget-container\">\n\t\t\t\t\t\t\t\t\t<p>Ensuite, allez dans le Back Office Cawl &gt; D\u00e9veloppeur &gt; Webhooks &gt; URL du point de terminaison en <a href=\"https:\/\/portail.cawl-solutions.fr\/developer\/webhooks\" target=\"_blank\" rel=\"noopener\">cliquez ici<\/a>.<\/p><p>Il vous faudra alors cliquer sur le bouton &#8220;Ajouter un point de terminaison de webhook&#8221; puis coller l&#8217;URL.<\/p>\t\t\t\t\t\t\t\t<\/div>\n\t\t\t\t<\/div>\n\t\t\t\t<div class=\"elementor-element elementor-element-2a13127 elementor-widget elementor-widget-image\" data-id=\"2a13127\" data-element_type=\"widget\" data-e-type=\"widget\" data-widget_type=\"image.default\">\n\t\t\t\t<div class=\"elementor-widget-container\">\n\t\t\t\t\t\t\t\t\t\t\t\t\t\t\t<img loading=\"lazy\" decoding=\"async\" width=\"2492\" height=\"1294\" src=\"https:\/\/www.cmonsite.fr\/site\/webup\/2025\/10\/webhook-cawl.png\" class=\"attachment-full size-full wp-image-28451\" alt=\"\" srcset=\"https:\/\/www.cmonsite.fr\/site\/webup\/2025\/10\/webhook-cawl.png 2492w, https:\/\/www.cmonsite.fr\/site\/webup\/2025\/10\/webhook-cawl-300x156.png 300w, https:\/\/www.cmonsite.fr\/site\/webup\/2025\/10\/webhook-cawl-1024x532.png 1024w, https:\/\/www.cmonsite.fr\/site\/webup\/2025\/10\/webhook-cawl-768x399.png 768w, https:\/\/www.cmonsite.fr\/site\/webup\/2025\/10\/webhook-cawl-1536x798.png 1536w, https:\/\/www.cmonsite.fr\/site\/webup\/2025\/10\/webhook-cawl-2048x1063.png 2048w\" sizes=\"(max-width: 2492px) 100vw, 2492px\" \/>\t\t\t\t\t\t\t\t\t\t\t\t\t\t\t<\/div>\n\t\t\t\t<\/div>\n\t\t\t\t<div class=\"elementor-element elementor-element-5864938 elementor-widget elementor-widget-heading\" data-id=\"5864938\" data-element_type=\"widget\" data-e-type=\"widget\" data-widget_type=\"heading.default\">\n\t\t\t\t<div class=\"elementor-widget-container\">\n\t\t\t\t\t<h2 class=\"elementor-heading-title elementor-size-default\">6. Retrouver les informations du webhook<\/h2>\t\t\t\t<\/div>\n\t\t\t\t<\/div>\n\t\t\t\t\t<\/div>\n\t\t\t\t<\/div>\n\t\t<div class=\"elementor-element elementor-element-71a49cf e-flex e-con-boxed e-con e-parent\" data-id=\"71a49cf\" data-element_type=\"container\" data-e-type=\"container\">\n\t\t\t\t\t<div class=\"e-con-inner\">\n\t\t\t\t<div class=\"elementor-element elementor-element-2a4106c elementor-widget elementor-widget-text-editor\" data-id=\"2a4106c\" data-element_type=\"widget\" data-e-type=\"widget\" data-widget_type=\"text-editor.default\">\n\t\t\t\t<div class=\"elementor-widget-container\">\n\t\t\t\t\t\t\t\t\t<p>Vous devrez ensuite g\u00e9n\u00e9rer des cl\u00e9s de webhook afin de g\u00e9n\u00e9rer un identifiant et une cl\u00e9 secr\u00e8te.<\/p><p>Elle doit \u00eatre g\u00e9n\u00e9r\u00e9 dans le Back Office Cawl &gt; D\u00e9veloppeur &gt; Webhooks ou en\u00a0<a href=\"https:\/\/portail.cawl-solutions.fr\/developer\/webhooks\" target=\"_blank\" rel=\"noopener\">cliquant ici<\/a>.<\/p>\t\t\t\t\t\t\t\t<\/div>\n\t\t\t\t<\/div>\n\t\t\t\t<div class=\"elementor-element elementor-element-64b53d5 elementor-widget elementor-widget-image\" data-id=\"64b53d5\" data-element_type=\"widget\" data-e-type=\"widget\" data-widget_type=\"image.default\">\n\t\t\t\t<div class=\"elementor-widget-container\">\n\t\t\t\t\t\t\t\t\t\t\t\t\t\t\t<img loading=\"lazy\" decoding=\"async\" width=\"2422\" height=\"684\" src=\"https:\/\/www.cmonsite.fr\/site\/webup\/2025\/10\/generer-webhook-cawl.png\" class=\"attachment-full size-full wp-image-28452\" alt=\"\" srcset=\"https:\/\/www.cmonsite.fr\/site\/webup\/2025\/10\/generer-webhook-cawl.png 2422w, https:\/\/www.cmonsite.fr\/site\/webup\/2025\/10\/generer-webhook-cawl-300x85.png 300w, https:\/\/www.cmonsite.fr\/site\/webup\/2025\/10\/generer-webhook-cawl-1024x289.png 1024w, https:\/\/www.cmonsite.fr\/site\/webup\/2025\/10\/generer-webhook-cawl-768x217.png 768w, https:\/\/www.cmonsite.fr\/site\/webup\/2025\/10\/generer-webhook-cawl-1536x434.png 1536w, https:\/\/www.cmonsite.fr\/site\/webup\/2025\/10\/generer-webhook-cawl-2048x578.png 2048w\" sizes=\"(max-width: 2422px) 100vw, 2422px\" \/>\t\t\t\t\t\t\t\t\t\t\t\t\t\t\t<\/div>\n\t\t\t\t<\/div>\n\t\t\t\t<div class=\"elementor-element elementor-element-b497af2 elementor-widget elementor-widget-text-editor\" data-id=\"b497af2\" data-element_type=\"widget\" data-e-type=\"widget\" data-widget_type=\"text-editor.default\">\n\t\t\t\t<div class=\"elementor-widget-container\">\n\t\t\t\t\t\t\t\t\t<p>Cela g\u00e9n\u00e8rera un identifiant et une cl\u00e9 secr\u00e8te, que vous devrez copier sur CmonSite.<\/p><p><strong>Attention : la cl\u00e9 secr\u00e8te n\u2019est affich\u00e9e qu\u2019une minute, puis dispara\u00eet. Vous devez donc copier-coller l\u2019identifiant et la cl\u00e9 imm\u00e9diatement, sans les r\u00e9\u00e9crire manuellement.<\/strong><br data-start=\"340\" data-end=\"343\" \/>Si la cl\u00e9 dispara\u00eet avant que vous l\u2019ayez copi\u00e9e, vous devrez en g\u00e9n\u00e9rer une nouvelle.<\/p>\t\t\t\t\t\t\t\t<\/div>\n\t\t\t\t<\/div>\n\t\t\t\t<div class=\"elementor-element elementor-element-54e1497 elementor-widget elementor-widget-image\" data-id=\"54e1497\" data-element_type=\"widget\" data-e-type=\"widget\" data-widget_type=\"image.default\">\n\t\t\t\t<div class=\"elementor-widget-container\">\n\t\t\t\t\t\t\t\t\t\t\t\t\t\t\t<img loading=\"lazy\" decoding=\"async\" width=\"2532\" height=\"792\" src=\"https:\/\/www.cmonsite.fr\/site\/webup\/2025\/10\/generer-webhook-cawl2.png\" class=\"attachment-full size-full wp-image-28454\" alt=\"\" srcset=\"https:\/\/www.cmonsite.fr\/site\/webup\/2025\/10\/generer-webhook-cawl2.png 2532w, https:\/\/www.cmonsite.fr\/site\/webup\/2025\/10\/generer-webhook-cawl2-300x94.png 300w, https:\/\/www.cmonsite.fr\/site\/webup\/2025\/10\/generer-webhook-cawl2-1024x320.png 1024w, https:\/\/www.cmonsite.fr\/site\/webup\/2025\/10\/generer-webhook-cawl2-768x240.png 768w, https:\/\/www.cmonsite.fr\/site\/webup\/2025\/10\/generer-webhook-cawl2-1536x480.png 1536w, https:\/\/www.cmonsite.fr\/site\/webup\/2025\/10\/generer-webhook-cawl2-2048x641.png 2048w\" sizes=\"(max-width: 2532px) 100vw, 2532px\" \/>\t\t\t\t\t\t\t\t\t\t\t\t\t\t\t<\/div>\n\t\t\t\t<\/div>\n\t\t\t\t<div class=\"elementor-element elementor-element-010ef37 elementor-widget elementor-widget-heading\" data-id=\"010ef37\" data-element_type=\"widget\" data-e-type=\"widget\" data-widget_type=\"heading.default\">\n\t\t\t\t<div class=\"elementor-widget-container\">\n\t\t\t\t\t<h2 class=\"elementor-heading-title elementor-size-default\">7. Activer Cawl<\/h2>\t\t\t\t<\/div>\n\t\t\t\t<\/div>\n\t\t\t\t<div class=\"elementor-element elementor-element-5a8b9ff elementor-widget elementor-widget-text-editor\" data-id=\"5a8b9ff\" data-element_type=\"widget\" data-e-type=\"widget\" data-widget_type=\"text-editor.default\">\n\t\t\t\t<div class=\"elementor-widget-container\">\n\t\t\t\t\t\t\t\t\t<p>Il ne vous reste plus qu&#8217;\u00e0 activer le paiement par Cawl et celui-ci sera op\u00e9rationnel sur votre site.<\/p>\t\t\t\t\t\t\t\t<\/div>\n\t\t\t\t<\/div>\n\t\t\t\t<div class=\"elementor-element elementor-element-a795308 elementor-widget elementor-widget-image\" data-id=\"a795308\" data-element_type=\"widget\" data-e-type=\"widget\" data-widget_type=\"image.default\">\n\t\t\t\t<div class=\"elementor-widget-container\">\n\t\t\t\t\t\t\t\t\t\t\t\t\t\t\t<img loading=\"lazy\" decoding=\"async\" width=\"934\" height=\"222\" src=\"https:\/\/www.cmonsite.fr\/site\/webup\/2025\/10\/aciver.png\" class=\"attachment-full size-full wp-image-28459\" alt=\"\" srcset=\"https:\/\/www.cmonsite.fr\/site\/webup\/2025\/10\/aciver.png 934w, https:\/\/www.cmonsite.fr\/site\/webup\/2025\/10\/aciver-300x71.png 300w, https:\/\/www.cmonsite.fr\/site\/webup\/2025\/10\/aciver-768x183.png 768w\" sizes=\"(max-width: 934px) 100vw, 934px\" \/>\t\t\t\t\t\t\t\t\t\t\t\t\t\t\t<\/div>\n\t\t\t\t<\/div>\n\t\t\t\t\t<\/div>\n\t\t\t\t<\/div>\n\t\t\t\t<\/div>\n\t\t","protected":false},"excerpt":{"rendered":"<p>Avec CmonSite vous avez la possibilit\u00e9 d\u2019utiliser le module de paiement\u00a0Cawl\u00a0pour votre site e-commerce. 1. Qu&#8217;est-ce que Cawl ? Cawl (Cr\u00e9dit Agricole) est une solution de paiement en ligne s\u00e9curis\u00e9e, sp\u00e9cialement con\u00e7ue pour les sites e-commerce. Elle permet \u00e0 vos clients de r\u00e9gler facilement leurs achats par carte bancaire (Visa, Mastercard, etc.) en toute confiance. [&hellip;]<\/p>\n","protected":false},"author":1,"featured_media":0,"parent":22983,"menu_order":11,"comment_status":"closed","ping_status":"closed","template":"","meta":{"_helpful_status":1,"footnotes":""},"class_list":["post-28438","page","type-page","status-publish","hentry"],"_links":{"self":[{"href":"https:\/\/www.cmonsite.fr\/site\/wp-json\/wp\/v2\/pages\/28438","targetHints":{"allow":["GET"]}}],"collection":[{"href":"https:\/\/www.cmonsite.fr\/site\/wp-json\/wp\/v2\/pages"}],"about":[{"href":"https:\/\/www.cmonsite.fr\/site\/wp-json\/wp\/v2\/types\/page"}],"author":[{"embeddable":true,"href":"https:\/\/www.cmonsite.fr\/site\/wp-json\/wp\/v2\/users\/1"}],"replies":[{"embeddable":true,"href":"https:\/\/www.cmonsite.fr\/site\/wp-json\/wp\/v2\/comments?post=28438"}],"version-history":[{"count":27,"href":"https:\/\/www.cmonsite.fr\/site\/wp-json\/wp\/v2\/pages\/28438\/revisions"}],"predecessor-version":[{"id":28475,"href":"https:\/\/www.cmonsite.fr\/site\/wp-json\/wp\/v2\/pages\/28438\/revisions\/28475"}],"up":[{"embeddable":true,"href":"https:\/\/www.cmonsite.fr\/site\/wp-json\/wp\/v2\/pages\/22983"}],"wp:attachment":[{"href":"https:\/\/www.cmonsite.fr\/site\/wp-json\/wp\/v2\/media?parent=28438"}],"curies":[{"name":"wp","href":"https:\/\/api.w.org\/{rel}","templated":true}]}}