{"id":274,"date":"2012-11-19T13:57:10","date_gmt":"2012-11-19T13:57:10","guid":{"rendered":"https:\/\/www.cmonsite.fr\/site\/aide\/?page_id=274"},"modified":"2024-08-02T12:03:03","modified_gmt":"2024-08-02T10:03:03","slug":"gerer-mon-compte","status":"publish","type":"page","link":"https:\/\/www.cmonsite.fr\/site\/aide\/astuces-informations\/informations-diverses\/gerer-mon-compte","title":{"rendered":"G\u00e9rer mon compte"},"content":{"rendered":"\t\t<div data-elementor-type=\"wp-page\" data-elementor-id=\"274\" class=\"elementor elementor-274\" data-elementor-post-type=\"page\">\n\t\t\t\t<div class=\"elementor-element elementor-element-9d99ac6 e-flex e-con-boxed e-con e-parent\" data-id=\"9d99ac6\" data-element_type=\"container\" data-e-type=\"container\">\n\t\t\t\t\t<div class=\"e-con-inner\">\n\t\t\t\t<div class=\"elementor-element elementor-element-2758e61f elementor-widget elementor-widget-text-editor\" data-id=\"2758e61f\" data-element_type=\"widget\" data-e-type=\"widget\" data-widget_type=\"text-editor.default\">\n\t\t\t\t<div class=\"elementor-widget-container\">\n\t\t\t\t\t\t\t\t\t<p>Tout savoir de la gestion de votre compte et ses informations, donn\u00e9es personnelles et identifiants.<\/p>\n<p><a href=\"https:\/\/www.cmonsite.fr\/site\/webup\/2020\/12\/donnees-personnelles.jpg\"><img decoding=\"async\" class=\"aligncenter wp-image-14086 size-full\" src=\"https:\/\/www.cmonsite.fr\/site\/webup\/2020\/12\/donnees-personnelles.jpg\" alt=\"\" width=\"165\" height=\"70\"><\/a><\/p>\n<h2>En Cliquant sur l&#8217;ic\u00f4ne &#8220;Donn\u00e9es personnelles, le menu ci-dessous s&#8217;affiche :<\/h2>\n<p><a href=\"https:\/\/www.cmonsite.fr\/site\/webup\/2020\/12\/rubriques-donees-personnelles.jpg\"><img fetchpriority=\"high\" decoding=\"async\" class=\"size-full wp-image-14087 alignleft\" src=\"https:\/\/www.cmonsite.fr\/site\/webup\/2020\/12\/rubriques-donees-personnelles.jpg\" alt=\"\" width=\"301\" height=\"238\"><\/a><\/p>\n<p><a href=\"#donneesperso\">Modifier vos donn\u00e9es personnelles (qui est le propri\u00e9taire du site ?)<\/a><\/p>\n<p><a href=\"https:\/\/www.cmonsite.fr\/configuration.php\">Configurer les param\u00e8tres de votre site&nbsp;<\/a><\/p>\n<p><a href=\"#facturesite\">Consulter et t\u00e9l\u00e9charger vos factures<\/a><\/p>\n<p><a href=\"#mdplogin\">Modifier votre mot de passe de connexion<\/a><\/p>\n<p><a href=\"#adressesite\">Modifier l&#8217;adresse provisoire de votre site<\/a><\/p>\n<h2><a name=\"donneesperso\"><\/a>Modifier et mettre \u00e0 jour ses donn\u00e9es personnelles<\/h2>\n<p>Dans la rubrique \u00ab&nbsp;<strong>Donn\u00e9es Personnelles<\/strong>&nbsp;\u00bb, vous pouvez modifier et mettre \u00e0 jour vos donn\u00e9es personnelles.<\/p>\n<p>Ces informations sont tr\u00e8s importantes et doivent \u00eatre r\u00e9guli\u00e8rement mises \u00e0 jour.<\/p>\n<p>Nous vous rappelons que ces informations sont strictement confidentielles, et sont exclusivement trait\u00e9es par CmonSite.fr afin de maximiser la qualit\u00e9 et la justesse des services propos\u00e9s.<\/p>\n<p>Notez que dans le cadre des formules sujettes \u00e0 honoraires, ces informations seront utilis\u00e9es pour \u00e9tablir votre facture ainsi que pour vous permettre de r\u00e9server un nom de domaine.<\/p>\n<p>C&#8217;est aussi dans cet onglet que vous pouvez renseigner votre situation professionnelle (particulier ou entreprise) ainsi qu&#8217;un num\u00e9ro de SIRET ou SIREN. Notez que vous pouvez modifier ces informations \u00e0 tout moment.<\/p>\n<h2>Configurer les param\u00e8tres de son site<\/h2>\n<p>Dans la rubrique \u00ab&nbsp;<strong>Donn\u00e9es Personnelles&nbsp;<\/strong>\u00bb onglet \u00ab<strong>Configuration<\/strong> \u00bb, vous pourrez d\u00e9finir diff\u00e9rents param\u00e8tres de votre site :<\/p>\n<ul>\n<li>Bloquer le clic droit pour les visiteurs<\/li>\n<li>Permettre ou non aux visiteurs de mettre des commentaires sur vos photos<\/li>\n<li>Afficher automatiquement ou non (sans validation de votre part) les messages post\u00e9s par les visiteurs sur votre site<\/li>\n<li>Activer la fonction diaporama dans vos galeries photos<\/li>\n<li>Activer le Fil d&#8217;Ariane<\/li>\n<\/ul>\n<p>Vous pouvez aussi y renseigner vos <strong><em>Mentions L\u00e9gales <\/em><\/strong>et d\u00e9finir si vous souhaitez ou non de<strong><em> Recevoir des informations de CmonSite par e-mail.&nbsp;<\/em><\/strong><\/p>\n<h2><a name=\"facturesite\"><\/a>R\u00e9cup\u00e9rer la facture de votre site<\/h2>\n<p>Dans la rubrique \u00ab&nbsp;<strong>Donn\u00e9es Personnelles&nbsp;<\/strong>\u00bb onglet \u00ab&nbsp;<strong>Factures<\/strong> \u00bb, vous pouvez enregistrer (au format PDF) et imprimer la facture de votre site.<\/p>\n<p>Vous y trouverez notamment, les sommes pay\u00e9es correspondantes \u00e0 la formule de votre Site, ainsi que la date&nbsp;d\u2019expiration de votre formule.<\/p>\n<h2><a name=\"mdplogin\"><\/a>Modification du login &amp; mot de passe et nom de votre site<\/h2>\n<p><span style=\"text-decoration: underline;\">Modification du login<\/span><\/p>\n<p>Apr\u00e8s validation de votre inscription, vous ne pouvez pas modifier votre login. Si vous l&#8217;avez perdu, vous pouvez nous contacter en pr\u00e9cisant les informations personnelles fournies lors de votre inscription.<\/p>\n<p><span style=\"text-decoration: underline;\">Modification du mot de passe<\/span><\/p>\n<p>Le mot de passe peut \u00eatre chang\u00e9 \u00e0 tout moment dans la rubrique \u00ab&nbsp;<strong>Donn\u00e9es Personnelles&nbsp;<\/strong>\u00bb onglet \u00ab<strong>&nbsp;<strong>Mot de passe<\/strong><\/strong>&nbsp;\u00bb.<\/p>\n<h2><a name=\"adressesite\"><\/a>Modification de l&#8217;adresse de votre site (nom du site)<\/h2>\n<p>Le nom de votre site est modifiable dans la rubrique \u00ab&nbsp;<strong>Donn\u00e9es Personnelles&nbsp;<\/strong>\u00bb onglet \u00ab&nbsp;<strong>Modifier l\u2019adresse www&nbsp;<\/strong>\u00bb.<\/p>\n<p>Notez qu\u2019\u00e0 partir de la formule \u00ab&nbsp;<strong>Zen\u00bb<\/strong>, vous avez l&#8217;opportunit\u00e9 de r\u00e9server un nom de domaine qui sera install\u00e9 \u00e0 la place du nom de votre site.<\/p>\n<p>\u00c0 partir de ce moment-l\u00e0, vous ne pourrez plus modifier le nom de votre site, \u00e0 moins de prendre une option &#8220;<strong><em>Nom de domaine suppl\u00e9mentaire<\/em><\/strong>&#8220;.<\/p>\n<p>Concr\u00e8tement, votre site internet ne s&#8217;appellera plus www.nomdevotresite.cmonsite.fr, mais <strong>www.nomdevotresite.fr<\/strong>. Sous r\u00e9serve que le nom de votre de site corresponde au nom de domaine que vous avez choisi, et qu&#8217;il soit disponible.<\/p>\n<hr>\n<h2>Quelle est la proc\u00e9dure \u00e0 suivre, en cas de perte de login et de mot de passe ?<\/h2>\n<p>Si votre adresse email d\u2019inscription est toujours valide, cliquez en haut de la page d&#8217;accueil de CmonSite sur \u00ab <strong>Acc\u00e8s Perdu ?<\/strong> \u00bb et renseignez votre adresse mail.&nbsp;Vous pouvez \u00e9galement directement cliquer sur le lien suivant :&nbsp;<a href=\"\/\/www.cmonsite.fr\/motdepasse.php\" target=\"_blank\" rel=\"noopener noreferrer\">Mot de passe oubli\u00e9<\/a>.<\/p>\n<p>Renseignez votre adresse e-mail, et cliquez sur \u00ab&nbsp;<strong><em>Envoyer<\/em><\/strong>&nbsp;\u00bb.<\/p>\n<p>Enfin, connectez-vous \u00e0 la bo\u00eete mail relative \u00e0 l\u2019adresse e-mail renseign\u00e9e lors de votre inscription afin de consulter le mail CmonSite vous rappelant vos identifiants.<\/p>\n<p style=\"text-align: center;\"><a href=\"https:\/\/www.cmonsite.fr\/site\/webup\/2020\/12\/connexion.jpg\"><img decoding=\"async\" class=\"wp-image-14085 aligncenter\" src=\"https:\/\/www.cmonsite.fr\/site\/webup\/2020\/12\/connexion.jpg\" alt=\"\" width=\"605\" height=\"357\"><\/a><\/p>\n<p>Si votre adresse email d\u2019inscription n\u2019est plus valide, contactez directement le support via la page de contact en indiquant l\u2019adresse de votre site et un maximum d\u2019informations concernant les donn\u00e9es que vous aviez renseign\u00e9es lors de votre inscription.<\/p>\n<h2><\/h2>\n<hr>\n<p style=\"text-align: center;\">Attention, si vous ne recevez pas d&#8217;email de CmonSite, v\u00e9rifiez dans vos SPAM. Sinon, contactez-nous directement \u00e0 l\u2019adresse suivante : <a href=\"https:\/\/www.cmonsite.fr\/contact.php\">https:\/\/www.cmonsite.fr\/contact.php<\/a><\/p><p style=\"text-align: center;\"><br><\/p>\n<p style=\"text-align: center;\">\n<\/p><p><span style=\"color: #000000; font-weight: bold;\">Pour d\u00e9sactiver \/ Supprimer votre compte sur CmonSite.<\/span><\/p>\n<p>Avant de supprimer votre site, pensez \u00e0 contacter le support de CmonSite via la&nbsp;<a href=\"\/\/www.cmonsite.fr\/contact.php\" target=\"_blank\" rel=\"noopener noreferrer\">page de contact<\/a>, si par exemple vous n&#8217;arrivez pas \u00e0 faire ce que vous voulez.<\/p>\n<hr>\n<h3 style=\"text-align: center;\">Des solutions existent peut \u00eatre pour votre probl\u00e8me et nous serions ravis de vous aider !<\/h3>\n<hr>\n<p>Pour supprimer votre site, allez dans la rubrique &nbsp;<em><strong>Donn\u00e9es personnelles<\/strong><\/em>, bouton<em><strong>&nbsp;Supprimer mon site<\/strong><\/em>.<strong>&nbsp;<\/strong><\/p>\n<p>Vous pouvez faire une demande \u00e0 l&#8217;adresse&nbsp;<a href=\"mailto:support@cmonsite.fr\">support@cmonsite.fr<\/a>&nbsp;en indiquant votre login et votre adresse e-mail. Nous proc\u00e9derons \u00e0 la suppression compl\u00e8te de votre compte sous 48h.<\/p>\t\t\t\t\t\t\t\t<\/div>\n\t\t\t\t<\/div>\n\t\t\t\t\t<\/div>\n\t\t\t\t<\/div>\n\t\t\t\t<\/div>\n\t\t","protected":false},"excerpt":{"rendered":"<p>Tout savoir de la gestion de votre compte et ses informations, donn\u00e9es personnelles et identifiants. En Cliquant sur l&#8217;ic\u00f4ne &#8220;Donn\u00e9es personnelles, le menu ci-dessous s&#8217;affiche : Modifier vos donn\u00e9es personnelles (qui est le propri\u00e9taire du site ?) Configurer les param\u00e8tres de votre site&nbsp; Consulter et t\u00e9l\u00e9charger vos factures Modifier votre mot de passe de connexion [&hellip;]<\/p>\n","protected":false},"author":1,"featured_media":20281,"parent":3024,"menu_order":0,"comment_status":"open","ping_status":"closed","template":"","meta":{"_helpful_status":1,"footnotes":""},"class_list":["post-274","page","type-page","status-publish","has-post-thumbnail","hentry"],"_links":{"self":[{"href":"https:\/\/www.cmonsite.fr\/site\/wp-json\/wp\/v2\/pages\/274","targetHints":{"allow":["GET"]}}],"collection":[{"href":"https:\/\/www.cmonsite.fr\/site\/wp-json\/wp\/v2\/pages"}],"about":[{"href":"https:\/\/www.cmonsite.fr\/site\/wp-json\/wp\/v2\/types\/page"}],"author":[{"embeddable":true,"href":"https:\/\/www.cmonsite.fr\/site\/wp-json\/wp\/v2\/users\/1"}],"replies":[{"embeddable":true,"href":"https:\/\/www.cmonsite.fr\/site\/wp-json\/wp\/v2\/comments?post=274"}],"version-history":[{"count":10,"href":"https:\/\/www.cmonsite.fr\/site\/wp-json\/wp\/v2\/pages\/274\/revisions"}],"predecessor-version":[{"id":26837,"href":"https:\/\/www.cmonsite.fr\/site\/wp-json\/wp\/v2\/pages\/274\/revisions\/26837"}],"up":[{"embeddable":true,"href":"https:\/\/www.cmonsite.fr\/site\/wp-json\/wp\/v2\/pages\/3024"}],"wp:featuredmedia":[{"embeddable":true,"href":"https:\/\/www.cmonsite.fr\/site\/wp-json\/wp\/v2\/media\/20281"}],"wp:attachment":[{"href":"https:\/\/www.cmonsite.fr\/site\/wp-json\/wp\/v2\/media?parent=274"}],"curies":[{"name":"wp","href":"https:\/\/api.w.org\/{rel}","templated":true}]}}