{"id":26940,"date":"2024-08-13T10:02:24","date_gmt":"2024-08-13T08:02:24","guid":{"rendered":"https:\/\/www.cmonsite.fr\/site\/?page_id=26940"},"modified":"2025-04-23T17:23:09","modified_gmt":"2025-04-23T15:23:09","slug":"comment-gagner-de-lespace","status":"publish","type":"page","link":"https:\/\/www.cmonsite.fr\/site\/aide\/astuces-informations\/comment-gagner-de-lespace","title":{"rendered":"Comment gagner de l&#8217;espace ?"},"content":{"rendered":"\t\t<div data-elementor-type=\"wp-page\" data-elementor-id=\"26940\" class=\"elementor elementor-26940\" data-elementor-post-type=\"page\">\n\t\t\t\t<div class=\"elementor-element elementor-element-0803dc7 e-flex e-con-boxed e-con e-parent\" data-id=\"0803dc7\" data-element_type=\"container\" data-e-type=\"container\">\n\t\t\t\t\t<div class=\"e-con-inner\">\n\t\t\t\t<div class=\"elementor-element elementor-element-cc7da92 elementor-widget elementor-widget-spacer\" data-id=\"cc7da92\" data-element_type=\"widget\" data-e-type=\"widget\" data-widget_type=\"spacer.default\">\n\t\t\t\t<div class=\"elementor-widget-container\">\n\t\t\t\t\t\t\t<div class=\"elementor-spacer\">\n\t\t\t<div class=\"elementor-spacer-inner\"><\/div>\n\t\t<\/div>\n\t\t\t\t\t\t<\/div>\n\t\t\t\t<\/div>\n\t\t\t\t\t<\/div>\n\t\t\t\t<\/div>\n\t\t<div class=\"elementor-element elementor-element-1a7f3343 e-flex e-con-boxed e-con e-parent\" data-id=\"1a7f3343\" data-element_type=\"container\" data-e-type=\"container\">\n\t\t\t\t\t<div class=\"e-con-inner\">\n\t\t\t\t<div class=\"elementor-element elementor-element-1781dc69 elementor-widget elementor-widget-text-editor\" data-id=\"1781dc69\" data-element_type=\"widget\" data-e-type=\"widget\" data-widget_type=\"text-editor.default\">\n\t\t\t\t<div class=\"elementor-widget-container\">\n\t\t\t\t\t\t\t\t\t<p>Avec Cmonsite, il existe plusieurs options afin d&#8217;optimiser l&#8217;espace de votre site, vous permettant ainsi de maximiser votre capacit\u00e9 de stockage et d&#8217;am\u00e9liorer les performances de votre site.<\/p>\t\t\t\t\t\t\t\t<\/div>\n\t\t\t\t<\/div>\n\t\t\t\t<div class=\"elementor-element elementor-element-644ef60 elementor-widget elementor-widget-spacer\" data-id=\"644ef60\" data-element_type=\"widget\" data-e-type=\"widget\" data-widget_type=\"spacer.default\">\n\t\t\t\t<div class=\"elementor-widget-container\">\n\t\t\t\t\t\t\t<div class=\"elementor-spacer\">\n\t\t\t<div class=\"elementor-spacer-inner\"><\/div>\n\t\t<\/div>\n\t\t\t\t\t\t<\/div>\n\t\t\t\t<\/div>\n\t\t\t\t\t<\/div>\n\t\t\t\t<\/div>\n\t\t<div class=\"elementor-element elementor-element-c3ccc81 e-flex e-con-boxed e-con e-parent\" data-id=\"c3ccc81\" data-element_type=\"container\" data-e-type=\"container\">\n\t\t\t\t\t<div class=\"e-con-inner\">\n\t\t\t\t<div class=\"elementor-element elementor-element-fc2de80 elementor-widget elementor-widget-heading\" data-id=\"fc2de80\" data-element_type=\"widget\" data-e-type=\"widget\" data-widget_type=\"heading.default\">\n\t\t\t\t<div class=\"elementor-widget-container\">\n\t\t\t\t\t<h2 class=\"elementor-heading-title elementor-size-default\">1. Gestionnaire de fichiers<\/h2>\t\t\t\t<\/div>\n\t\t\t\t<\/div>\n\t\t\t\t\t<\/div>\n\t\t\t\t<\/div>\n\t\t<div class=\"elementor-element elementor-element-9be107d e-flex e-con-boxed e-con e-parent\" data-id=\"9be107d\" data-element_type=\"container\" data-e-type=\"container\">\n\t\t\t\t\t<div class=\"e-con-inner\">\n\t\t\t\t<div class=\"elementor-element elementor-element-4f91746 elementor-widget elementor-widget-text-editor\" data-id=\"4f91746\" data-element_type=\"widget\" data-e-type=\"widget\" data-widget_type=\"text-editor.default\">\n\t\t\t\t<div class=\"elementor-widget-container\">\n\t\t\t\t\t\t\t\t\t<p>Depuis votre \u00e9diteur, vous avez la possibilit\u00e9 de lib\u00e9rer de l&#8217;espace en supprimant les images inutilis\u00e9es. Pour ce faire, acc\u00e9dez \u00e0 votre gestionnaire de fichiers en cliquant sur une image.<\/p><p>\u00a0<\/p><p>Une fois dans le gestionnaire, ouvrez le dossier correspondant et s\u00e9lectionnez l&#8217;option <strong>&#8220;Fichiers non utilis\u00e9s&#8221;<\/strong>. Vous y trouverez tous les fichiers (images, documents, etc.) qui ne sont plus utilis\u00e9s sur votre site.<\/p><p>\u00a0<\/p><p>Vous pouvez alors choisir de <strong>&#8220;Supprimer les fichiers non utilis\u00e9s&#8221;.<\/strong> Pour revenir \u00e0 la vue d&#8217;ensemble de vos fichiers, cliquez simplement sur <strong>&#8220;Voir tous mes fichiers&#8221;.<\/strong> Cette op\u00e9ration vous permet de maintenir un espace de stockage optimis\u00e9 et un site plus performant.<\/p>\t\t\t\t\t\t\t\t<\/div>\n\t\t\t\t<\/div>\n\t\t\t\t\t<\/div>\n\t\t\t\t<\/div>\n\t\t<div class=\"elementor-element elementor-element-9bb7609 e-con-full e-flex e-con e-parent\" data-id=\"9bb7609\" data-element_type=\"container\" data-e-type=\"container\">\n\t\t\t\t<div class=\"elementor-element elementor-element-c27c2af elementor-widget elementor-widget-video\" data-id=\"c27c2af\" data-element_type=\"widget\" data-e-type=\"widget\" data-settings=\"{&quot;video_type&quot;:&quot;hosted&quot;,&quot;controls&quot;:&quot;yes&quot;}\" data-widget_type=\"video.default\">\n\t\t\t\t<div class=\"elementor-widget-container\">\n\t\t\t\t\t\t\t<div class=\"e-hosted-video elementor-wrapper elementor-open-inline\">\n\t\t\t\t\t<video class=\"elementor-video\" src=\"https:\/\/www.cmonsite.fr\/site\/webup\/2025\/04\/Fi-1744381998213.mp4\" controls=\"\" preload=\"metadata\" controlsList=\"nodownload\"><\/video>\n\t\t\t\t<\/div>\n\t\t\t\t\t\t<\/div>\n\t\t\t\t<\/div>\n\t\t\t\t<\/div>\n\t\t<div class=\"elementor-element elementor-element-70ba5a8 e-flex e-con-boxed e-con e-parent\" data-id=\"70ba5a8\" data-element_type=\"container\" data-e-type=\"container\">\n\t\t\t\t\t<div class=\"e-con-inner\">\n\t\t\t\t<div class=\"elementor-element elementor-element-0bae906 elementor-widget elementor-widget-spacer\" data-id=\"0bae906\" data-element_type=\"widget\" data-e-type=\"widget\" data-widget_type=\"spacer.default\">\n\t\t\t\t<div class=\"elementor-widget-container\">\n\t\t\t\t\t\t\t<div class=\"elementor-spacer\">\n\t\t\t<div class=\"elementor-spacer-inner\"><\/div>\n\t\t<\/div>\n\t\t\t\t\t\t<\/div>\n\t\t\t\t<\/div>\n\t\t\t\t<div class=\"elementor-element elementor-element-6a07db9 elementor-widget elementor-widget-heading\" data-id=\"6a07db9\" data-element_type=\"widget\" data-e-type=\"widget\" data-widget_type=\"heading.default\">\n\t\t\t\t<div class=\"elementor-widget-container\">\n\t\t\t\t\t<h2 class=\"elementor-heading-title elementor-size-default\">2. Redimensionner vos images<\/h2>\t\t\t\t<\/div>\n\t\t\t\t<\/div>\n\t\t\t\t\t<\/div>\n\t\t\t\t<\/div>\n\t\t<div class=\"elementor-element elementor-element-23056eb e-flex e-con-boxed e-con e-parent\" data-id=\"23056eb\" data-element_type=\"container\" data-e-type=\"container\">\n\t\t\t\t\t<div class=\"e-con-inner\">\n\t\t\t\t<div class=\"elementor-element elementor-element-62dea80 elementor-widget elementor-widget-text-editor\" data-id=\"62dea80\" data-element_type=\"widget\" data-e-type=\"widget\" data-widget_type=\"text-editor.default\">\n\t\t\t\t<div class=\"elementor-widget-container\">\n\t\t\t\t\t\t\t\t\t<div class=\"flex-shrink-0 flex flex-col relative items-end\"><div class=\"pt-0\"><div class=\"gizmo-bot-avatar flex h-8 w-8 items-center justify-center overflow-hidden rounded-full\"><div class=\"relative p-1 rounded-sm flex items-center justify-center bg-token-main-surface-primary text-token-text-primary h-8 w-8\">Depuis votre \u00e9diteur, vous avez la possibilit\u00e9 d&#8217;optimiser vos images en les redimensionnant pour r\u00e9duire leur poids, ce qui contribue \u00e0 am\u00e9liorer les performances de votre site.<\/div><div>\u00a0<\/div><div class=\"relative p-1 rounded-sm flex items-center justify-center bg-token-main-surface-primary text-token-text-primary h-8 w-8\">Pour ce faire, s\u00e9lectionnez l&#8217;image que vous souhaitez modifier, puis cliquez sur <strong>&#8220;\u00c9diter l&#8217;image&#8221;<\/strong>.<\/div><div>\u00a0<\/div><div class=\"relative p-1 rounded-sm flex items-center justify-center bg-token-main-surface-primary text-token-text-primary h-8 w-8\">Vous pourrez alors ajuster les dimensions de l&#8217;image selon vos besoins, ce qui permet de mieux g\u00e9rer l&#8217;espace de stockage tout en maintenant une qualit\u00e9 visuelle optimale.<\/div><div>\u00a0<\/div><div>Si vous s\u00e9lectionnez le cadenas, vous pouvez choisir la largeur\/hauteur de l&#8217;image de mani\u00e8re ind\u00e9pendante, ce qui risque de la d\u00e9former.<\/div><\/div><\/div><\/div>\t\t\t\t\t\t\t\t<\/div>\n\t\t\t\t<\/div>\n\t\t\t\t\t<\/div>\n\t\t\t\t<\/div>\n\t\t<div class=\"elementor-element elementor-element-bafb5b1 e-flex e-con-boxed e-con e-parent\" data-id=\"bafb5b1\" data-element_type=\"container\" data-e-type=\"container\">\n\t\t\t\t\t<div class=\"e-con-inner\">\n\t\t\t\t<div class=\"elementor-element elementor-element-71854d3 elementor-widget elementor-widget-video\" data-id=\"71854d3\" data-element_type=\"widget\" data-e-type=\"widget\" data-settings=\"{&quot;video_type&quot;:&quot;hosted&quot;,&quot;controls&quot;:&quot;yes&quot;}\" data-widget_type=\"video.default\">\n\t\t\t\t<div class=\"elementor-widget-container\">\n\t\t\t\t\t\t\t<div class=\"e-hosted-video elementor-wrapper elementor-open-inline\">\n\t\t\t\t\t<video class=\"elementor-video\" src=\"https:\/\/www.cmonsite.fr\/site\/webup\/2025\/04\/Redimensionner_image-1744381381507-1.mp4\" controls=\"\" preload=\"metadata\" controlsList=\"nodownload\"><\/video>\n\t\t\t\t<\/div>\n\t\t\t\t\t\t<\/div>\n\t\t\t\t<\/div>\n\t\t\t\t\t<\/div>\n\t\t\t\t<\/div>\n\t\t<div class=\"elementor-element elementor-element-99a6fbb e-flex e-con-boxed e-con e-parent\" data-id=\"99a6fbb\" data-element_type=\"container\" data-e-type=\"container\">\n\t\t\t\t\t<div class=\"e-con-inner\">\n\t\t\t\t<div class=\"elementor-element elementor-element-abdd4dc elementor-widget elementor-widget-spacer\" data-id=\"abdd4dc\" data-element_type=\"widget\" data-e-type=\"widget\" data-widget_type=\"spacer.default\">\n\t\t\t\t<div class=\"elementor-widget-container\">\n\t\t\t\t\t\t\t<div class=\"elementor-spacer\">\n\t\t\t<div class=\"elementor-spacer-inner\"><\/div>\n\t\t<\/div>\n\t\t\t\t\t\t<\/div>\n\t\t\t\t<\/div>\n\t\t\t\t<div class=\"elementor-element elementor-element-cb1d275 elementor-widget elementor-widget-heading\" data-id=\"cb1d275\" data-element_type=\"widget\" data-e-type=\"widget\" data-widget_type=\"heading.default\">\n\t\t\t\t<div class=\"elementor-widget-container\">\n\t\t\t\t\t<h2 class=\"elementor-heading-title elementor-size-default\">3. Supprimer les polices<\/h2>\t\t\t\t<\/div>\n\t\t\t\t<\/div>\n\t\t\t\t\t<\/div>\n\t\t\t\t<\/div>\n\t\t<div class=\"elementor-element elementor-element-40a58b4 e-flex e-con-boxed e-con e-parent\" data-id=\"40a58b4\" data-element_type=\"container\" data-e-type=\"container\">\n\t\t\t\t\t<div class=\"e-con-inner\">\n\t\t\t\t<div class=\"elementor-element elementor-element-a2f6c94 elementor-widget elementor-widget-text-editor\" data-id=\"a2f6c94\" data-element_type=\"widget\" data-e-type=\"widget\" data-widget_type=\"text-editor.default\">\n\t\t\t\t<div class=\"elementor-widget-container\">\n\t\t\t\t\t\t\t\t\t<p>Depuis l&#8217;\u00e9diteur, vous avez \u00e9galement la possibilit\u00e9 d&#8217;optimiser les performances de votre site en supprimant les polices que vous n&#8217;utilisez pas mais qui sont quand m\u00eame charg\u00e9es. Pour ce faire, acc\u00e9dez aux <strong>&#8220;R\u00e9glages&#8221;<\/strong>, puis identifiez et supprimez les polices inutilis\u00e9es.<\/p>\t\t\t\t\t\t\t\t<\/div>\n\t\t\t\t<\/div>\n\t\t\t\t\t<\/div>\n\t\t\t\t<\/div>\n\t\t<div class=\"elementor-element elementor-element-402041a e-flex e-con-boxed e-con e-parent\" data-id=\"402041a\" data-element_type=\"container\" data-e-type=\"container\">\n\t\t\t\t\t<div class=\"e-con-inner\">\n\t\t\t\t<div class=\"elementor-element elementor-element-1590d18 elementor-widget elementor-widget-video\" data-id=\"1590d18\" data-element_type=\"widget\" data-e-type=\"widget\" data-settings=\"{&quot;video_type&quot;:&quot;hosted&quot;,&quot;controls&quot;:&quot;yes&quot;}\" data-widget_type=\"video.default\">\n\t\t\t\t<div class=\"elementor-widget-container\">\n\t\t\t\t\t\t\t<div class=\"e-hosted-video elementor-wrapper elementor-open-inline\">\n\t\t\t\t\t<video class=\"elementor-video\" src=\"https:\/\/www.cmonsite.fr\/site\/webup\/2025\/04\/Delete_police-1744379406757.mp4\" controls=\"\" preload=\"metadata\" controlsList=\"nodownload\"><\/video>\n\t\t\t\t<\/div>\n\t\t\t\t\t\t<\/div>\n\t\t\t\t<\/div>\n\t\t\t\t<div class=\"elementor-element elementor-element-5871541 elementor-widget elementor-widget-spacer\" data-id=\"5871541\" data-element_type=\"widget\" data-e-type=\"widget\" data-widget_type=\"spacer.default\">\n\t\t\t\t<div class=\"elementor-widget-container\">\n\t\t\t\t\t\t\t<div class=\"elementor-spacer\">\n\t\t\t<div class=\"elementor-spacer-inner\"><\/div>\n\t\t<\/div>\n\t\t\t\t\t\t<\/div>\n\t\t\t\t<\/div>\n\t\t\t\t\t<\/div>\n\t\t\t\t<\/div>\n\t\t<div class=\"elementor-element elementor-element-a279982 e-flex e-con-boxed e-con e-parent\" data-id=\"a279982\" data-element_type=\"container\" data-e-type=\"container\">\n\t\t\t\t\t<div class=\"e-con-inner\">\n\t\t\t\t<div class=\"elementor-element elementor-element-e97a506 elementor-widget elementor-widget-heading\" data-id=\"e97a506\" data-element_type=\"widget\" data-e-type=\"widget\" data-widget_type=\"heading.default\">\n\t\t\t\t<div class=\"elementor-widget-container\">\n\t\t\t\t\t<h2 class=\"elementor-heading-title elementor-size-default\">4. Compresser vos images<\/h2>\t\t\t\t<\/div>\n\t\t\t\t<\/div>\n\t\t\t\t\t<\/div>\n\t\t\t\t<\/div>\n\t\t<div class=\"elementor-element elementor-element-ec364a2 e-flex e-con-boxed e-con e-parent\" data-id=\"ec364a2\" data-element_type=\"container\" data-e-type=\"container\">\n\t\t\t\t\t<div class=\"e-con-inner\">\n\t\t\t\t<div class=\"elementor-element elementor-element-88a3896 elementor-widget elementor-widget-text-editor\" data-id=\"88a3896\" data-element_type=\"widget\" data-e-type=\"widget\" data-widget_type=\"text-editor.default\">\n\t\t\t\t<div class=\"elementor-widget-container\">\n\t\t\t\t\t\t\t\t\t<div class=\"flex-shrink-0 flex flex-col relative items-end\"><div><div class=\"pt-0\"><div class=\"gizmo-bot-avatar flex h-8 w-8 items-center justify-center overflow-hidden rounded-full\"><div class=\"relative p-1 rounded-sm flex items-center justify-center bg-token-main-surface-primary text-token-text-primary h-8 w-8\">Depuis votre interface d&#8217;administration, vous avez la possibilit\u00e9 de compresser vos images pour am\u00e9liorer les performances de votre site.<\/div><div>\u00a0<\/div><\/div><\/div><\/div><\/div><div class=\"group\/conversation-turn relative flex w-full min-w-0 flex-col agent-turn\"><div class=\"flex-col gap-1 md:gap-3\"><div class=\"flex max-w-full flex-col flex-grow\"><div class=\"min-h-[20px] text-message flex w-full flex-col items-end gap-2 whitespace-pre-wrap break-words [.text-message+&amp;]:mt-5 overflow-x-auto\" dir=\"auto\" data-message-author-role=\"assistant\" data-message-id=\"8c1b9b38-4f6b-4f39-a8dd-8a0a840bc524\"><div class=\"flex w-full flex-col gap-1 empty:hidden first:pt-[3px]\"><div class=\"markdown prose w-full break-words dark:prose-invert light\"><p>Pour ce faire, acc\u00e9dez \u00e0 <strong>&#8220;Modules&#8221;<\/strong>, puis s\u00e9lectionnez <strong>&#8220;Module SEO Pro&#8221;<\/strong>. Rendez-vous dans la section <strong>&#8220;Performances&#8221;<\/strong> pour optimiser automatiquement vos images et ainsi gagner en vitesse de chargement.<\/p><p>En cliquant sur <strong>&#8220;Compressez vos images&#8221;<\/strong>, vous pourrez voir instantan\u00e9ment l&#8217;avant\/apr\u00e8s compression.<\/p><\/div><\/div><\/div><\/div><\/div><\/div>\t\t\t\t\t\t\t\t<\/div>\n\t\t\t\t<\/div>\n\t\t\t\t<div class=\"elementor-element elementor-element-324b81e elementor-widget elementor-widget-video\" data-id=\"324b81e\" data-element_type=\"widget\" data-e-type=\"widget\" data-settings=\"{&quot;video_type&quot;:&quot;hosted&quot;,&quot;controls&quot;:&quot;yes&quot;}\" data-widget_type=\"video.default\">\n\t\t\t\t<div class=\"elementor-widget-container\">\n\t\t\t\t\t\t\t<div class=\"e-hosted-video elementor-wrapper elementor-open-inline\">\n\t\t\t\t\t<video class=\"elementor-video\" src=\"https:\/\/www.cmonsite.fr\/site\/webup\/2024\/08\/Enregistrement-2024-08-12-144103.mp4\" controls=\"\" preload=\"metadata\" controlsList=\"nodownload\"><\/video>\n\t\t\t\t<\/div>\n\t\t\t\t\t\t<\/div>\n\t\t\t\t<\/div>\n\t\t\t\t<div class=\"elementor-element elementor-element-18b49f9 elementor-align-center elementor-widget elementor-widget-button\" data-id=\"18b49f9\" data-element_type=\"widget\" data-e-type=\"widget\" data-widget_type=\"button.default\">\n\t\t\t\t<div class=\"elementor-widget-container\">\n\t\t\t\t\t\t\t\t\t<div class=\"elementor-button-wrapper\">\n\t\t\t\t\t<a class=\"elementor-button elementor-button-link elementor-size-sm\" href=\"https:\/\/www.cmonsite.fr\/commande.php?id=35\">\n\t\t\t\t\t\t<span class=\"elementor-button-content-wrapper\">\n\t\t\t\t\t\t\t\t\t<span class=\"elementor-button-text\">Commander le Module SEO Pro<\/span>\n\t\t\t\t\t<\/span>\n\t\t\t\t\t<\/a>\n\t\t\t\t<\/div>\n\t\t\t\t\t\t\t\t<\/div>\n\t\t\t\t<\/div>\n\t\t\t\t\t<\/div>\n\t\t\t\t<\/div>\n\t\t\t\t<\/div>\n\t\t","protected":false},"excerpt":{"rendered":"<p>Optimiser l&#8217;espace de stockage pr\u00e9sente plusieurs avantages pour votre site. En maximisant l&#8217;efficacit\u00e9 de votre espace disponible, vous pouvez am\u00e9liorer la vitesse de chargement des pages, offrir une meilleure exp\u00e9rience utilisateur et faciliter la gestion de vos contenus. Ces optimisations contribuent \u00e0 un site plus performant et durable, adapt\u00e9 \u00e0 la croissance de votre activit\u00e9.<\/p>\n","protected":false},"author":1,"featured_media":0,"parent":2920,"menu_order":5,"comment_status":"closed","ping_status":"closed","template":"","meta":{"_helpful_status":1,"footnotes":""},"class_list":["post-26940","page","type-page","status-publish","hentry"],"_links":{"self":[{"href":"https:\/\/www.cmonsite.fr\/site\/wp-json\/wp\/v2\/pages\/26940","targetHints":{"allow":["GET"]}}],"collection":[{"href":"https:\/\/www.cmonsite.fr\/site\/wp-json\/wp\/v2\/pages"}],"about":[{"href":"https:\/\/www.cmonsite.fr\/site\/wp-json\/wp\/v2\/types\/page"}],"author":[{"embeddable":true,"href":"https:\/\/www.cmonsite.fr\/site\/wp-json\/wp\/v2\/users\/1"}],"replies":[{"embeddable":true,"href":"https:\/\/www.cmonsite.fr\/site\/wp-json\/wp\/v2\/comments?post=26940"}],"version-history":[{"count":42,"href":"https:\/\/www.cmonsite.fr\/site\/wp-json\/wp\/v2\/pages\/26940\/revisions"}],"predecessor-version":[{"id":27623,"href":"https:\/\/www.cmonsite.fr\/site\/wp-json\/wp\/v2\/pages\/26940\/revisions\/27623"}],"up":[{"embeddable":true,"href":"https:\/\/www.cmonsite.fr\/site\/wp-json\/wp\/v2\/pages\/2920"}],"wp:attachment":[{"href":"https:\/\/www.cmonsite.fr\/site\/wp-json\/wp\/v2\/media?parent=26940"}],"curies":[{"name":"wp","href":"https:\/\/api.w.org\/{rel}","templated":true}]}}