{"id":26843,"date":"2024-08-07T10:49:13","date_gmt":"2024-08-07T08:49:13","guid":{"rendered":"https:\/\/www.cmonsite.fr\/site\/?page_id=26843"},"modified":"2024-08-07T15:59:20","modified_gmt":"2024-08-07T13:59:20","slug":"comment-ajouter-des-avis-google","status":"publish","type":"page","link":"https:\/\/www.cmonsite.fr\/site\/aide\/astuces-informations\/comment-ajouter-des-avis-google","title":{"rendered":"Comment ajouter des avis Google ?"},"content":{"rendered":"\t\t<div data-elementor-type=\"wp-page\" data-elementor-id=\"26843\" class=\"elementor elementor-26843\" data-elementor-post-type=\"page\">\n\t\t\t\t<div class=\"elementor-element elementor-element-b4724e1 e-flex e-con-boxed e-con e-parent\" data-id=\"b4724e1\" data-element_type=\"container\" data-e-type=\"container\">\n\t\t\t\t\t<div class=\"e-con-inner\">\n\t\t\t\t<div class=\"elementor-element elementor-element-735daf5 elementor-widget elementor-widget-heading\" data-id=\"735daf5\" data-element_type=\"widget\" data-e-type=\"widget\" data-widget_type=\"heading.default\">\n\t\t\t\t<div class=\"elementor-widget-container\">\n\t\t\t\t\t<h2 class=\"elementor-heading-title elementor-size-default\">1. Depuis un widget externe<\/h2>\t\t\t\t<\/div>\n\t\t\t\t<\/div>\n\t\t\t\t\t<\/div>\n\t\t\t\t<\/div>\n\t\t<div class=\"elementor-element elementor-element-d6b0c80 e-flex e-con-boxed e-con e-parent\" data-id=\"d6b0c80\" data-element_type=\"container\" data-e-type=\"container\">\n\t\t\t\t\t<div class=\"e-con-inner\">\n\t\t\t\t<div class=\"elementor-element elementor-element-bc91e28 elementor-widget elementor-widget-text-editor\" data-id=\"bc91e28\" data-element_type=\"widget\" data-e-type=\"widget\" data-widget_type=\"text-editor.default\">\n\t\t\t\t<div class=\"elementor-widget-container\">\n\t\t\t\t\t\t\t\t\t<p>Bien que Google My Business ne fournisse pas de widget d&#8217;avis clients \u00e0 mettre sur votre site, il existe plusieurs <strong>solutions tierces<\/strong> qui permettent de les afficher.\u00a0<\/p><p>Ces services tiers offrent des <strong>widgets personnalis\u00e9s<\/strong> qui peuvent \u00eatre int\u00e9gr\u00e9s facilement \u00e0 votre site web, reproduisant ainsi les fonctionnalit\u00e9s de Google que vous souhaitez afficher.<\/p>\t\t\t\t\t\t\t\t<\/div>\n\t\t\t\t<\/div>\n\t\t\t\t\t<\/div>\n\t\t\t\t<\/div>\n\t\t<div class=\"elementor-element elementor-element-9d841a5 e-flex e-con-boxed e-con e-parent\" data-id=\"9d841a5\" data-element_type=\"container\" data-e-type=\"container\">\n\t\t\t\t\t<div class=\"e-con-inner\">\n\t\t\t\t<div class=\"elementor-element elementor-element-4606b06 elementor-widget elementor-widget-image\" data-id=\"4606b06\" data-element_type=\"widget\" data-e-type=\"widget\" data-widget_type=\"image.default\">\n\t\t\t\t<div class=\"elementor-widget-container\">\n\t\t\t\t\t\t\t\t\t\t\t\t\t\t\t<img decoding=\"async\" src=\"https:\/\/www.cmonsite.fr\/site\/webup\/2024\/08\/Capture-decran-2024-08-07-105142-1-e1723022604698.png\" title=\"Capture d\u2019\u00e9cran 2024-08-07 105142\" alt=\"Capture d\u2019\u00e9cran 2024-08-07 105142\" loading=\"lazy\" \/>\t\t\t\t\t\t\t\t\t\t\t\t\t\t\t<\/div>\n\t\t\t\t<\/div>\n\t\t\t\t\t<\/div>\n\t\t\t\t<\/div>\n\t\t<div class=\"elementor-element elementor-element-dc1bde1 e-flex e-con-boxed e-con e-parent\" data-id=\"dc1bde1\" data-element_type=\"container\" data-e-type=\"container\">\n\t\t\t\t\t<div class=\"e-con-inner\">\n\t\t\t\t<div class=\"elementor-element elementor-element-76b3ece elementor-widget elementor-widget-spacer\" data-id=\"76b3ece\" data-element_type=\"widget\" data-e-type=\"widget\" data-widget_type=\"spacer.default\">\n\t\t\t\t<div class=\"elementor-widget-container\">\n\t\t\t\t\t\t\t<div class=\"elementor-spacer\">\n\t\t\t<div class=\"elementor-spacer-inner\"><\/div>\n\t\t<\/div>\n\t\t\t\t\t\t<\/div>\n\t\t\t\t<\/div>\n\t\t\t\t\t<\/div>\n\t\t\t\t<\/div>\n\t\t<div class=\"elementor-element elementor-element-dd6056d e-flex e-con-boxed e-con e-parent\" data-id=\"dd6056d\" data-element_type=\"container\" data-e-type=\"container\">\n\t\t\t\t\t<div class=\"e-con-inner\">\n\t\t\t\t<div class=\"elementor-element elementor-element-0a36a07 elementor-widget elementor-widget-heading\" data-id=\"0a36a07\" data-element_type=\"widget\" data-e-type=\"widget\" data-widget_type=\"heading.default\">\n\t\t\t\t<div class=\"elementor-widget-container\">\n\t\t\t\t\t<h2 class=\"elementor-heading-title elementor-size-default\">2. Les solutions existantes<\/h2>\t\t\t\t<\/div>\n\t\t\t\t<\/div>\n\t\t\t\t\t<\/div>\n\t\t\t\t<\/div>\n\t\t<div class=\"elementor-element elementor-element-1fb3e79 e-flex e-con-boxed e-con e-parent\" data-id=\"1fb3e79\" data-element_type=\"container\" data-e-type=\"container\">\n\t\t\t\t\t<div class=\"e-con-inner\">\n\t\t\t\t<div class=\"elementor-element elementor-element-1e247c1 elementor-widget elementor-widget-text-editor\" data-id=\"1e247c1\" data-element_type=\"widget\" data-e-type=\"widget\" data-widget_type=\"text-editor.default\">\n\t\t\t\t<div class=\"elementor-widget-container\">\n\t\t\t\t\t\t\t\t\t<p>Il existe plusieurs solutions tierces pour int\u00e9grer les fonctionnalit\u00e9s Google souhait\u00e9es sur votre site web :\u00a0<\/p>\t\t\t\t\t\t\t\t<\/div>\n\t\t\t\t<\/div>\n\t\t\t\t\t<\/div>\n\t\t\t\t<\/div>\n\t\t<div class=\"elementor-element elementor-element-aee087a e-grid e-con-boxed e-con e-parent\" data-id=\"aee087a\" data-element_type=\"container\" data-e-type=\"container\">\n\t\t\t\t\t<div class=\"e-con-inner\">\n\t\t\t\t<div class=\"elementor-element elementor-element-cbfde9c elementor-widget elementor-widget-text-editor\" data-id=\"cbfde9c\" data-element_type=\"widget\" data-e-type=\"widget\" data-widget_type=\"text-editor.default\">\n\t\t\t\t<div class=\"elementor-widget-container\">\n\t\t\t\t\t\t\t\t\t<h3>Elfsight<\/h3><p>est la solution id\u00e9ale si vous souhaitez une <strong>version gratuite,<\/strong> bien que limit\u00e9e en nombre de vues, permettant d&#8217;int\u00e9grer et de g\u00e9rer vos avis Google directement sur votre site web.<\/p><p>Site web : <a href=\"https:\/\/elfsight.com\/fr\/google-reviews-widget\/\">https:\/\/elfsight.com<\/a><\/p>\t\t\t\t\t\t\t\t<\/div>\n\t\t\t\t<\/div>\n\t\t\t\t<div class=\"elementor-element elementor-element-d7d5e60 elementor-widget elementor-widget-image\" data-id=\"d7d5e60\" data-element_type=\"widget\" data-e-type=\"widget\" data-widget_type=\"image.default\">\n\t\t\t\t<div class=\"elementor-widget-container\">\n\t\t\t\t\t\t\t\t\t\t\t\t\t\t\t<img decoding=\"async\" width=\"163\" height=\"155\" src=\"https:\/\/www.cmonsite.fr\/site\/webup\/2024\/08\/61a5cb2b9301f785c171df90_image-265-min.png\" class=\"attachment-full size-full wp-image-26846\" alt=\"\" \/>\t\t\t\t\t\t\t\t\t\t\t\t\t\t\t<\/div>\n\t\t\t\t<\/div>\n\t\t\t\t\t<\/div>\n\t\t\t\t<\/div>\n\t\t<div class=\"elementor-element elementor-element-759bc0f e-grid e-con-boxed e-con e-parent\" data-id=\"759bc0f\" data-element_type=\"container\" data-e-type=\"container\">\n\t\t\t\t\t<div class=\"e-con-inner\">\n\t\t\t\t<div class=\"elementor-element elementor-element-6f13181 elementor-widget elementor-widget-image\" data-id=\"6f13181\" data-element_type=\"widget\" data-e-type=\"widget\" data-widget_type=\"image.default\">\n\t\t\t\t<div class=\"elementor-widget-container\">\n\t\t\t\t\t\t\t\t\t\t\t\t\t\t\t<img fetchpriority=\"high\" decoding=\"async\" width=\"1600\" height=\"273\" src=\"https:\/\/www.cmonsite.fr\/site\/webup\/2024\/08\/trustindex-lg.png\" class=\"attachment-full size-full wp-image-26847\" alt=\"\" srcset=\"https:\/\/www.cmonsite.fr\/site\/webup\/2024\/08\/trustindex-lg.png 1600w, https:\/\/www.cmonsite.fr\/site\/webup\/2024\/08\/trustindex-lg-300x51.png 300w, https:\/\/www.cmonsite.fr\/site\/webup\/2024\/08\/trustindex-lg-1024x175.png 1024w, https:\/\/www.cmonsite.fr\/site\/webup\/2024\/08\/trustindex-lg-768x131.png 768w, https:\/\/www.cmonsite.fr\/site\/webup\/2024\/08\/trustindex-lg-1536x262.png 1536w\" sizes=\"(max-width: 1600px) 100vw, 1600px\" \/>\t\t\t\t\t\t\t\t\t\t\t\t\t\t\t<\/div>\n\t\t\t\t<\/div>\n\t\t\t\t<div class=\"elementor-element elementor-element-223246b elementor-widget elementor-widget-text-editor\" data-id=\"223246b\" data-element_type=\"widget\" data-e-type=\"widget\" data-widget_type=\"text-editor.default\">\n\t\t\t\t<div class=\"elementor-widget-container\">\n\t\t\t\t\t\t\t\t\t<h3>Trustindex<\/h3><p>si vous souhaitez une <strong>version payante<\/strong> qui permet une int\u00e9gration compl\u00e8te et professionnelle de vos avis Google sur votre site web.<\/p><p>Site web : <a href=\"https:\/\/www.trustindex.io\/\">https:\/\/www.trustindex.io\/<\/a><\/p>\t\t\t\t\t\t\t\t<\/div>\n\t\t\t\t<\/div>\n\t\t\t\t\t<\/div>\n\t\t\t\t<\/div>\n\t\t\t\t<\/div>\n\t\t","protected":false},"excerpt":{"rendered":"<p>1. Depuis un widget externe Bien que Google My Business ne fournisse pas de widget d&#8217;avis clients \u00e0 mettre sur votre site, il existe plusieurs solutions tierces qui permettent de les afficher.\u00a0 Ces services tiers offrent des widgets personnalis\u00e9s qui peuvent \u00eatre int\u00e9gr\u00e9s facilement \u00e0 votre site web, reproduisant ainsi les fonctionnalit\u00e9s de Google que [&hellip;]<\/p>\n","protected":false},"author":1,"featured_media":0,"parent":2920,"menu_order":20,"comment_status":"closed","ping_status":"closed","template":"","meta":{"_helpful_status":1,"footnotes":""},"class_list":["post-26843","page","type-page","status-publish","hentry"],"_links":{"self":[{"href":"https:\/\/www.cmonsite.fr\/site\/wp-json\/wp\/v2\/pages\/26843","targetHints":{"allow":["GET"]}}],"collection":[{"href":"https:\/\/www.cmonsite.fr\/site\/wp-json\/wp\/v2\/pages"}],"about":[{"href":"https:\/\/www.cmonsite.fr\/site\/wp-json\/wp\/v2\/types\/page"}],"author":[{"embeddable":true,"href":"https:\/\/www.cmonsite.fr\/site\/wp-json\/wp\/v2\/users\/1"}],"replies":[{"embeddable":true,"href":"https:\/\/www.cmonsite.fr\/site\/wp-json\/wp\/v2\/comments?post=26843"}],"version-history":[{"count":29,"href":"https:\/\/www.cmonsite.fr\/site\/wp-json\/wp\/v2\/pages\/26843\/revisions"}],"predecessor-version":[{"id":26880,"href":"https:\/\/www.cmonsite.fr\/site\/wp-json\/wp\/v2\/pages\/26843\/revisions\/26880"}],"up":[{"embeddable":true,"href":"https:\/\/www.cmonsite.fr\/site\/wp-json\/wp\/v2\/pages\/2920"}],"wp:attachment":[{"href":"https:\/\/www.cmonsite.fr\/site\/wp-json\/wp\/v2\/media?parent=26843"}],"curies":[{"name":"wp","href":"https:\/\/api.w.org\/{rel}","templated":true}]}}