{"id":26584,"date":"2024-06-06T15:35:46","date_gmt":"2024-06-06T13:35:46","guid":{"rendered":"https:\/\/www.cmonsite.fr\/site\/?page_id=26584"},"modified":"2024-06-25T15:18:17","modified_gmt":"2024-06-25T13:18:17","slug":"comment-creer-grilles-diaporamas-produits","status":"publish","type":"page","link":"https:\/\/www.cmonsite.fr\/site\/aide\/design\/comment-creer-grilles-diaporamas-produits","title":{"rendered":"Comment ajouter des produits en page d&#8217;accueil ou sur une page ?"},"content":{"rendered":"\t\t<div data-elementor-type=\"wp-page\" data-elementor-id=\"26584\" class=\"elementor elementor-26584\" data-elementor-post-type=\"page\">\n\t\t\t\t<div class=\"elementor-element elementor-element-b323af8 e-flex e-con-boxed e-con e-parent\" data-id=\"b323af8\" data-element_type=\"container\" data-e-type=\"container\">\n\t\t\t\t\t<div class=\"e-con-inner\">\n\t\t\t\t<div class=\"elementor-element elementor-element-055d580 elementor-widget elementor-widget-text-editor\" data-id=\"055d580\" data-element_type=\"widget\" data-e-type=\"widget\" data-widget_type=\"text-editor.default\">\n\t\t\t\t<div class=\"elementor-widget-container\">\n\t\t\t\t\t\t\t\t\t<p>Vous souhaitez afficher une s\u00e9lection de vos produits sur votre page d&#8217;accueil ou sur une autre page ? Pour cela, r<span style=\"text-align: var(--text-align); color: var( --e-global-color-text );\">ien de plus simple !<\/span><\/p><p><span style=\"text-align: var(--text-align); color: var( --e-global-color-text );\">Il suffit de cr\u00e9er des listes ou des diaporamas de vos produits pour les afficher o\u00f9 vous le souhaitez.<\/span><\/p>\t\t\t\t\t\t\t\t<\/div>\n\t\t\t\t<\/div>\n\t\t\t\t<div class=\"elementor-element elementor-element-c42e9ee elementor-widget elementor-widget-text-editor\" data-id=\"c42e9ee\" data-element_type=\"widget\" data-e-type=\"widget\" data-widget_type=\"text-editor.default\">\n\t\t\t\t<div class=\"elementor-widget-container\">\n\t\t\t\t\t\t\t\t\t<p>Dans l&#8217;\u00e9diteur, sur la page de votre choix, descendez\u00a0 jusqu\u2019\u00e0 la section \u201cBoutique\u201d, o\u00f9 vous trouverez deux blocs \u201cListe de produits\u201d et \u201cDiaporama Produits\u201d<\/p>\t\t\t\t\t\t\t\t<\/div>\n\t\t\t\t<\/div>\n\t\t\t\t\t<\/div>\n\t\t\t\t<\/div>\n\t\t<div class=\"elementor-element elementor-element-9d5efa5 e-flex e-con-boxed e-con e-parent\" data-id=\"9d5efa5\" data-element_type=\"container\" data-e-type=\"container\">\n\t\t\t\t\t<div class=\"e-con-inner\">\n\t\t\t\t<div class=\"elementor-element elementor-element-40b7406 elementor-widget elementor-widget-spacer\" data-id=\"40b7406\" data-element_type=\"widget\" data-e-type=\"widget\" data-widget_type=\"spacer.default\">\n\t\t\t\t<div class=\"elementor-widget-container\">\n\t\t\t\t\t\t\t<div class=\"elementor-spacer\">\n\t\t\t<div class=\"elementor-spacer-inner\"><\/div>\n\t\t<\/div>\n\t\t\t\t\t\t<\/div>\n\t\t\t\t<\/div>\n\t\t\t\t<div class=\"elementor-element elementor-element-bc3c954 elementor-widget elementor-widget-image\" data-id=\"bc3c954\" data-element_type=\"widget\" data-e-type=\"widget\" data-widget_type=\"image.default\">\n\t\t\t\t<div class=\"elementor-widget-container\">\n\t\t\t\t\t\t\t\t\t\t\t\t\t\t\t<img fetchpriority=\"high\" decoding=\"async\" width=\"279\" height=\"503\" src=\"https:\/\/www.cmonsite.fr\/site\/webup\/2024\/06\/listesproduit.png\" class=\"attachment-full size-full wp-image-26706\" alt=\"\" srcset=\"https:\/\/www.cmonsite.fr\/site\/webup\/2024\/06\/listesproduit.png 279w, https:\/\/www.cmonsite.fr\/site\/webup\/2024\/06\/listesproduit-166x300.png 166w\" sizes=\"(max-width: 279px) 100vw, 279px\" \/>\t\t\t\t\t\t\t\t\t\t\t\t\t\t\t<\/div>\n\t\t\t\t<\/div>\n\t\t\t\t<div class=\"elementor-element elementor-element-90f6f70 elementor-widget elementor-widget-text-editor\" data-id=\"90f6f70\" data-element_type=\"widget\" data-e-type=\"widget\" data-widget_type=\"text-editor.default\">\n\t\t\t\t<div class=\"elementor-widget-container\">\n\t\t\t\t\t\t\t\t\t<p>Glissez-d\u00e9posez le bloc \u00e0 l\u2019endroit o\u00f9 vous souhaitez le mettre dans votre page.<\/p><p>Des param\u00e8tres suppl\u00e9mentaires s&#8217;affichent pour personnaliser vos choix.<\/p>\t\t\t\t\t\t\t\t<\/div>\n\t\t\t\t<\/div>\n\t\t\t\t<div class=\"elementor-element elementor-element-31c3b0e elementor-widget elementor-widget-image\" data-id=\"31c3b0e\" data-element_type=\"widget\" data-e-type=\"widget\" data-widget_type=\"image.default\">\n\t\t\t\t<div class=\"elementor-widget-container\">\n\t\t\t\t\t\t\t\t\t\t\t\t\t\t\t<img decoding=\"async\" width=\"1755\" height=\"434\" src=\"https:\/\/www.cmonsite.fr\/site\/webup\/2024\/06\/listeproduitdraganddrop.gif\" class=\"attachment-full size-full wp-image-26708\" alt=\"\" \/>\t\t\t\t\t\t\t\t\t\t\t\t\t\t\t<\/div>\n\t\t\t\t<\/div>\n\t\t\t\t<div class=\"elementor-element elementor-element-49d95f4 elementor-widget elementor-widget-heading\" data-id=\"49d95f4\" data-element_type=\"widget\" data-e-type=\"widget\" data-widget_type=\"heading.default\">\n\t\t\t\t<div class=\"elementor-widget-container\">\n\t\t\t\t\t<h3 class=\"elementor-heading-title elementor-size-default\">Param\u00e9trer quels sont les produits qui seront affich\u00e9s<\/h3>\t\t\t\t<\/div>\n\t\t\t\t<\/div>\n\t\t\t\t<div class=\"elementor-element elementor-element-09ceef7 elementor-widget elementor-widget-heading\" data-id=\"09ceef7\" data-element_type=\"widget\" data-e-type=\"widget\" data-widget_type=\"heading.default\">\n\t\t\t\t<div class=\"elementor-widget-container\">\n\t\t\t\t\t<p class=\"elementor-heading-title elementor-size-default\">Trois options s\u2019offrent \u00e0 vous dans le param\u00e8tre \u201cListes de produits\u201d.<\/p>\t\t\t\t<\/div>\n\t\t\t\t<\/div>\n\t\t\t\t<div class=\"elementor-element elementor-element-f11140b elementor-widget elementor-widget-image\" data-id=\"f11140b\" data-element_type=\"widget\" data-e-type=\"widget\" data-widget_type=\"image.default\">\n\t\t\t\t<div class=\"elementor-widget-container\">\n\t\t\t\t\t\t\t\t\t\t\t\t\t\t\t<img decoding=\"async\" width=\"265\" height=\"178\" src=\"https:\/\/www.cmonsite.fr\/site\/webup\/2024\/06\/selecter-liste.webp\" class=\"attachment-full size-full wp-image-26587\" alt=\"\" \/>\t\t\t\t\t\t\t\t\t\t\t\t\t\t\t<\/div>\n\t\t\t\t<\/div>\n\t\t\t\t<div class=\"elementor-element elementor-element-da05e9a elementor-widget elementor-widget-text-editor\" data-id=\"da05e9a\" data-element_type=\"widget\" data-e-type=\"widget\" data-widget_type=\"text-editor.default\">\n\t\t\t\t<div class=\"elementor-widget-container\">\n\t\t\t\t\t\t\t\t\t<p><\/p><ul><li><b>Les nouveaut\u00e9s<\/b> : Par d\u00e9faut, cette option permet d&#8217;afficher les produits que vous avez ajout\u00e9 r\u00e9cemment.\u00a0<\/li><li style=\"font-size: 16px;\"><span style=\"font-weight: bold;\">Liste personnalis\u00e9e<\/span>\u00a0: Une fois s\u00e9lectionn\u00e9e, tapez dans le champ de recherche les noms des produits que vous souhaitez faire appara\u00eetre sur votre page.<\/li><\/ul>\t\t\t\t\t\t\t\t<\/div>\n\t\t\t\t<\/div>\n\t\t\t\t<div class=\"elementor-element elementor-element-f42e7ba elementor-widget elementor-widget-image\" data-id=\"f42e7ba\" data-element_type=\"widget\" data-e-type=\"widget\" data-widget_type=\"image.default\">\n\t\t\t\t<div class=\"elementor-widget-container\">\n\t\t\t\t\t\t\t\t\t\t\t\t\t\t\t<img loading=\"lazy\" decoding=\"async\" width=\"266\" height=\"191\" src=\"https:\/\/www.cmonsite.fr\/site\/webup\/2024\/06\/listeperso.webp\" class=\"attachment-full size-full wp-image-26588\" alt=\"\" \/>\t\t\t\t\t\t\t\t\t\t\t\t\t\t\t<\/div>\n\t\t\t\t<\/div>\n\t\t\t\t<div class=\"elementor-element elementor-element-d0a7800 elementor-widget elementor-widget-heading\" data-id=\"d0a7800\" data-element_type=\"widget\" data-e-type=\"widget\" data-widget_type=\"heading.default\">\n\t\t\t\t<div class=\"elementor-widget-container\">\n\t\t\t\t\t<p class=\"elementor-heading-title elementor-size-default\">Si besoin, vous pouvez r\u00e9ordonner vos produits en les glissant dans l\u2019ordre de votre choix. <br>Vous pouvez les supprimer en cliquant sur l\u2019ic\u00f4ne correspondante.<\/p>\t\t\t\t<\/div>\n\t\t\t\t<\/div>\n\t\t\t\t<div class=\"elementor-element elementor-element-20d7234 elementor-widget elementor-widget-image\" data-id=\"20d7234\" data-element_type=\"widget\" data-e-type=\"widget\" data-widget_type=\"image.default\">\n\t\t\t\t<div class=\"elementor-widget-container\">\n\t\t\t\t\t\t\t\t\t\t\t\t\t\t\t<img loading=\"lazy\" decoding=\"async\" width=\"270\" height=\"204\" src=\"https:\/\/www.cmonsite.fr\/site\/webup\/2024\/06\/reorgalisteperso.webp\" class=\"attachment-full size-full wp-image-26589\" alt=\"\" \/>\t\t\t\t\t\t\t\t\t\t\t\t\t\t\t<\/div>\n\t\t\t\t<\/div>\n\t\t\t\t<div class=\"elementor-element elementor-element-923f5e9 elementor-widget elementor-widget-heading\" data-id=\"923f5e9\" data-element_type=\"widget\" data-e-type=\"widget\" data-widget_type=\"heading.default\">\n\t\t\t\t<div class=\"elementor-widget-container\">\n\t\t\t\t\t<p class=\"elementor-heading-title elementor-size-default\"><ul><li><span>Les meilleures ventes<\/span>&nbsp;: Cette option affiche vos produits les plus vendus.<\/li><\/ul><\/p>\t\t\t\t<\/div>\n\t\t\t\t<\/div>\n\t\t\t\t<div class=\"elementor-element elementor-element-2bea044 elementor-widget elementor-widget-heading\" data-id=\"2bea044\" data-element_type=\"widget\" data-e-type=\"widget\" data-widget_type=\"heading.default\">\n\t\t\t\t<div class=\"elementor-widget-container\">\n\t\t\t\t\t<p class=\"elementor-heading-title elementor-size-default\">Dans la rubrique \u201cStyle d'affichage\u201d, vous pouvez param\u00e9trer la mani\u00e8re dont les produits sont affich\u00e9s sur votre page :<\/p>\t\t\t\t<\/div>\n\t\t\t\t<\/div>\n\t\t\t\t<div class=\"elementor-element elementor-element-501c3b2 elementor-widget elementor-widget-image\" data-id=\"501c3b2\" data-element_type=\"widget\" data-e-type=\"widget\" data-widget_type=\"image.default\">\n\t\t\t\t<div class=\"elementor-widget-container\">\n\t\t\t\t\t\t\t\t\t\t\t\t\t\t\t<img loading=\"lazy\" decoding=\"async\" width=\"261\" height=\"479\" src=\"https:\/\/www.cmonsite.fr\/site\/webup\/2024\/06\/styleaffichage.webp\" class=\"attachment-full size-full wp-image-26590\" alt=\"\" srcset=\"https:\/\/www.cmonsite.fr\/site\/webup\/2024\/06\/styleaffichage.webp 261w, https:\/\/www.cmonsite.fr\/site\/webup\/2024\/06\/styleaffichage-163x300.webp 163w\" sizes=\"(max-width: 261px) 100vw, 261px\" \/>\t\t\t\t\t\t\t\t\t\t\t\t\t\t\t<\/div>\n\t\t\t\t<\/div>\n\t\t\t\t<div class=\"elementor-element elementor-element-1e9d246 elementor-widget elementor-widget-heading\" data-id=\"1e9d246\" data-element_type=\"widget\" data-e-type=\"widget\" data-widget_type=\"heading.default\">\n\t\t\t\t<div class=\"elementor-widget-container\">\n\t\t\t\t\t<p class=\"elementor-heading-title elementor-size-default\">Pour le bloc diaporama,  vous pouvez param\u00e9trer le nombre de produits par vue, l\u2019espacement entre chacun et la lecture automatique (vous pouvez r\u00e9gler le temps du d\u00e9filement du diaporama). <\/p>\t\t\t\t<\/div>\n\t\t\t\t<\/div>\n\t\t\t\t<div class=\"elementor-element elementor-element-e7ae833 elementor-widget elementor-widget-image\" data-id=\"e7ae833\" data-element_type=\"widget\" data-e-type=\"widget\" data-widget_type=\"image.default\">\n\t\t\t\t<div class=\"elementor-widget-container\">\n\t\t\t\t\t\t\t\t\t\t\t\t\t\t\t<img loading=\"lazy\" decoding=\"async\" width=\"266\" height=\"189\" src=\"https:\/\/www.cmonsite.fr\/site\/webup\/2024\/06\/Capture-diaporama-produit.png\" class=\"attachment-full size-full wp-image-26777\" alt=\"\" \/>\t\t\t\t\t\t\t\t\t\t\t\t\t\t\t<\/div>\n\t\t\t\t<\/div>\n\t\t\t\t<div class=\"elementor-element elementor-element-3804a09 elementor-widget elementor-widget-heading\" data-id=\"3804a09\" data-element_type=\"widget\" data-e-type=\"widget\" data-widget_type=\"heading.default\">\n\t\t\t\t<div class=\"elementor-widget-container\">\n\t\t\t\t\t<p class=\"elementor-heading-title elementor-size-default\">Voici le rendu de la lecture automatique pour 1 seconde d'intervalle :<\/p>\t\t\t\t<\/div>\n\t\t\t\t<\/div>\n\t\t\t\t<div class=\"elementor-element elementor-element-914e493 elementor-widget elementor-widget-video\" data-id=\"914e493\" data-element_type=\"widget\" data-e-type=\"widget\" data-settings=\"{&quot;video_type&quot;:&quot;hosted&quot;,&quot;controls&quot;:&quot;yes&quot;}\" data-widget_type=\"video.default\">\n\t\t\t\t<div class=\"elementor-widget-container\">\n\t\t\t\t\t\t\t<div class=\"e-hosted-video elementor-wrapper elementor-open-inline\">\n\t\t\t\t\t<video class=\"elementor-video\" src=\"https:\/\/www.cmonsite.fr\/site\/webup\/2024\/06\/Enregistrement-2024-06-25-151216.mp4\" controls=\"\" preload=\"metadata\" controlsList=\"nodownload\"><\/video>\n\t\t\t\t<\/div>\n\t\t\t\t\t\t<\/div>\n\t\t\t\t<\/div>\n\t\t\t\t<div class=\"elementor-element elementor-element-abe2a88 elementor-widget elementor-widget-heading\" data-id=\"abe2a88\" data-element_type=\"widget\" data-e-type=\"widget\" data-widget_type=\"heading.default\">\n\t\t\t\t<div class=\"elementor-widget-container\">\n\t\t\t\t\t<h3 class=\"elementor-heading-title elementor-size-default\">Personnaliser l'affichage du diaporama produit<\/h3>\t\t\t\t<\/div>\n\t\t\t\t<\/div>\n\t\t\t\t<div class=\"elementor-element elementor-element-e57c845 elementor-widget elementor-widget-heading\" data-id=\"e57c845\" data-element_type=\"widget\" data-e-type=\"widget\" data-widget_type=\"heading.default\">\n\t\t\t\t<div class=\"elementor-widget-container\">\n\t\t\t\t\t<p class=\"elementor-heading-title elementor-size-default\"><p>Une fois votre diaporama ou votre liste de produits param\u00e9tr\u00e9(e), vous pouvez personnaliser l\u2019apparence des \u00e9l\u00e9ments qui les composent :<\/p>\n<br>\n<ul>\n<li>Les fl\u00e8ches du diaporama<\/li>\n<li>La puces de pagination du diaporama<\/li>\n<li>Le nom des produits<\/li>\n<li>Le fond des produits<\/li>\n<li>Le prix des produits<\/li>\n<li>Le bouton \u201cAjouter au panier\u201d<\/li>\n<li>Le bandeau promo ou de remise<\/li>\n<li>La miniature des produits<\/li>\n<li>La note de vos produits<\/li>\n<\/ul>\n<br>\n<p>Vous pouvez gr\u00e2ce au param\u00e8tre \u201cVisiblit\u00e9\u201d, afficher ou masquer certains \u00e9l\u00e9ments de votre choix comme le nom du produit ou son prix. Vous pourrez \u00e9galement ajuster l\u2019alignement du texte, la couleur du fond\u2026<\/p>\n<\/p>\t\t\t\t<\/div>\n\t\t\t\t<\/div>\n\t\t\t\t<div class=\"elementor-element elementor-element-9f2a7d0 elementor-widget elementor-widget-heading\" data-id=\"9f2a7d0\" data-element_type=\"widget\" data-e-type=\"widget\" data-widget_type=\"heading.default\">\n\t\t\t\t<div class=\"elementor-widget-container\">\n\t\t\t\t\t<p class=\"elementor-heading-title elementor-size-default\">Pour certains \u00e9l\u00e9ments comment les boutons \u201cAjouter au panier\u201d ou les fl\u00e8ches du diaporama, vous pouvez modifier leur style en fonction de leur \u00e9tat : Normal ou Survol\u00e9.<\/p>\t\t\t\t<\/div>\n\t\t\t\t<\/div>\n\t\t\t\t<div class=\"elementor-element elementor-element-64d9800 elementor-widget elementor-widget-image\" data-id=\"64d9800\" data-element_type=\"widget\" data-e-type=\"widget\" data-widget_type=\"image.default\">\n\t\t\t\t<div class=\"elementor-widget-container\">\n\t\t\t\t\t\t\t\t\t\t\t\t\t\t\t<img loading=\"lazy\" decoding=\"async\" width=\"257\" height=\"458\" src=\"https:\/\/www.cmonsite.fr\/site\/webup\/2024\/06\/personnaliser.webp\" class=\"attachment-full size-full wp-image-26592\" alt=\"\" srcset=\"https:\/\/www.cmonsite.fr\/site\/webup\/2024\/06\/personnaliser.webp 257w, https:\/\/www.cmonsite.fr\/site\/webup\/2024\/06\/personnaliser-168x300.webp 168w\" sizes=\"(max-width: 257px) 100vw, 257px\" \/>\t\t\t\t\t\t\t\t\t\t\t\t\t\t\t<\/div>\n\t\t\t\t<\/div>\n\t\t\t\t<div class=\"elementor-element elementor-element-c169605 elementor-widget elementor-widget-heading\" data-id=\"c169605\" data-element_type=\"widget\" data-e-type=\"widget\" data-widget_type=\"heading.default\">\n\t\t\t\t<div class=\"elementor-widget-container\">\n\t\t\t\t\t<p class=\"elementor-heading-title elementor-size-default\">Personnalisez votre diaporama ou votre liste de produit \u00e0 votre convenance. <br><br>Vous savez d\u00e8s \u00e0 pr\u00e9sent comment les configurer de A \u00e0 Z, afin de dynamiser les pages de contenus de votre site !<\/p>\t\t\t\t<\/div>\n\t\t\t\t<\/div>\n\t\t\t\t<div class=\"elementor-element elementor-element-a2b5e48 elementor-widget elementor-widget-image\" data-id=\"a2b5e48\" data-element_type=\"widget\" data-e-type=\"widget\" data-widget_type=\"image.default\">\n\t\t\t\t<div class=\"elementor-widget-container\">\n\t\t\t\t\t\t\t\t\t\t\t\t\t\t\t<img loading=\"lazy\" decoding=\"async\" width=\"1099\" height=\"488\" src=\"https:\/\/www.cmonsite.fr\/site\/webup\/2024\/06\/defilementdiaporamaopti.gif\" class=\"attachment-full size-full wp-image-26630\" alt=\"\" \/>\t\t\t\t\t\t\t\t\t\t\t\t\t\t\t<\/div>\n\t\t\t\t<\/div>\n\t\t\t\t<div class=\"elementor-element elementor-element-6e2c334 elementor-widget elementor-widget-heading\" data-id=\"6e2c334\" data-element_type=\"widget\" data-e-type=\"widget\" data-widget_type=\"heading.default\">\n\t\t\t\t<div class=\"elementor-widget-container\">\n\t\t\t\t\t<p class=\"elementor-heading-title elementor-size-default\"><p>Vous avez des difficult\u00e9s \u00e0 trouver un design qui vous plait et \u00e0 harmoniser les couleurs ? N\u2019oubliez pas la nouvelle option \u00ab&nbsp;<span>Refonte graphique<\/span>&nbsp;\u00bb que vous propose la plateforme CmonSite, pour plus d\u2019informations rendez-vous dans la cat\u00e9gorie \u00ab&nbsp;<span>Aide<\/span>\u00bb.<\/p><p>&nbsp;<\/p><p><em>Voir dans la m\u00eame th\u00e9matique :<\/em><\/p><ul><li><a>Outil de personnalisation des designs<\/a><\/li><li><a>Insertion d\u2019un logo<\/a><\/li><li><a>Editer un texte d\u2019en-t\u00eate<\/a><\/li><li><a>Insertion d\u2019une banni\u00e8re sur le haut du site<\/a><\/li><li><a>Ins\u00e9rer une image de fond<\/a><\/li><\/ul><\/p>\t\t\t\t<\/div>\n\t\t\t\t<\/div>\n\t\t\t\t\t<\/div>\n\t\t\t\t<\/div>\n\t\t\t\t<\/div>\n\t\t","protected":false},"excerpt":{"rendered":"<p>Vous souhaitez afficher une s\u00e9lection de vos produits sur votre page d&#8217;accueil ou sur une autre page ? Pour cela, rien de plus simple ! Il suffit de cr\u00e9er des listes ou des diaporamas de vos produits pour les afficher o\u00f9 vous le souhaitez. Dans l&#8217;\u00e9diteur, sur la page de votre choix, descendez\u00a0 jusqu\u2019\u00e0 la [&hellip;]<\/p>\n","protected":false},"author":1,"featured_media":0,"parent":262,"menu_order":15,"comment_status":"closed","ping_status":"closed","template":"","meta":{"_helpful_status":1,"footnotes":""},"class_list":["post-26584","page","type-page","status-publish","hentry"],"_links":{"self":[{"href":"https:\/\/www.cmonsite.fr\/site\/wp-json\/wp\/v2\/pages\/26584","targetHints":{"allow":["GET"]}}],"collection":[{"href":"https:\/\/www.cmonsite.fr\/site\/wp-json\/wp\/v2\/pages"}],"about":[{"href":"https:\/\/www.cmonsite.fr\/site\/wp-json\/wp\/v2\/types\/page"}],"author":[{"embeddable":true,"href":"https:\/\/www.cmonsite.fr\/site\/wp-json\/wp\/v2\/users\/1"}],"replies":[{"embeddable":true,"href":"https:\/\/www.cmonsite.fr\/site\/wp-json\/wp\/v2\/comments?post=26584"}],"version-history":[{"count":68,"href":"https:\/\/www.cmonsite.fr\/site\/wp-json\/wp\/v2\/pages\/26584\/revisions"}],"predecessor-version":[{"id":26781,"href":"https:\/\/www.cmonsite.fr\/site\/wp-json\/wp\/v2\/pages\/26584\/revisions\/26781"}],"up":[{"embeddable":true,"href":"https:\/\/www.cmonsite.fr\/site\/wp-json\/wp\/v2\/pages\/262"}],"wp:attachment":[{"href":"https:\/\/www.cmonsite.fr\/site\/wp-json\/wp\/v2\/media?parent=26584"}],"curies":[{"name":"wp","href":"https:\/\/api.w.org\/{rel}","templated":true}]}}