{"id":262,"date":"2012-11-19T13:55:29","date_gmt":"2012-11-19T13:55:55","guid":{"rendered":"https:\/\/www.cmonsite.fr\/site\/aide\/?page_id=262"},"modified":"2023-09-01T10:44:55","modified_gmt":"2023-09-01T08:44:55","slug":"design","status":"publish","type":"page","link":"https:\/\/www.cmonsite.fr\/site\/aide\/design","title":{"rendered":"Design et contenu"},"content":{"rendered":"<p style=\"text-align: center;\">Vous trouverez dans cette rubrique toutes les informations n\u00e9cessaires pour personnaliser votre site selon vos go\u00fbts et vos couleurs, int\u00e9grer votre logo, un fond, etc.<br \/>\nNotez que vous pouvez changer de design \u00e0 tout moment, le contenu d\u00e9j\u00e0 r\u00e9alis\u00e9 s&#8217;adapte automatiquement !<\/p>\n<p style=\"text-align: center;\"><em>Conseil CmonSite:<\/em>\u00a0Cr\u00e9er le \u00ab\u00a0sommaire\u00a0\u00bb de votre site (nom des pages \/ nom des albums \/ nom des cat\u00e9gories produits) avant de choisir le design afin que celui-ci corresponde au mieux \u00e0 votre structure de site !<\/p>\n","protected":false},"excerpt":{"rendered":"<p>Vous trouverez dans cette rubrique toutes les informations n\u00e9cessaires pour personnaliser votre site selon vos go\u00fbts et vos couleurs, int\u00e9grer votre logo, un fond, etc. Notez que vous pouvez changer de design \u00e0 tout moment, le contenu d\u00e9j\u00e0 r\u00e9alis\u00e9 s&#8217;adapte automatiquement ! Conseil CmonSite:\u00a0Cr\u00e9er le \u00ab\u00a0sommaire\u00a0\u00bb de votre site (nom des pages \/ nom des [&hellip;]<\/p>\n","protected":false},"author":1,"featured_media":25797,"parent":9,"menu_order":3,"comment_status":"closed","ping_status":"closed","template":"","meta":{"_helpful_status":1,"footnotes":""},"class_list":["post-262","page","type-page","status-publish","has-post-thumbnail","hentry"],"_links":{"self":[{"href":"https:\/\/www.cmonsite.fr\/site\/wp-json\/wp\/v2\/pages\/262","targetHints":{"allow":["GET"]}}],"collection":[{"href":"https:\/\/www.cmonsite.fr\/site\/wp-json\/wp\/v2\/pages"}],"about":[{"href":"https:\/\/www.cmonsite.fr\/site\/wp-json\/wp\/v2\/types\/page"}],"author":[{"embeddable":true,"href":"https:\/\/www.cmonsite.fr\/site\/wp-json\/wp\/v2\/users\/1"}],"replies":[{"embeddable":true,"href":"https:\/\/www.cmonsite.fr\/site\/wp-json\/wp\/v2\/comments?post=262"}],"version-history":[{"count":4,"href":"https:\/\/www.cmonsite.fr\/site\/wp-json\/wp\/v2\/pages\/262\/revisions"}],"predecessor-version":[{"id":22737,"href":"https:\/\/www.cmonsite.fr\/site\/wp-json\/wp\/v2\/pages\/262\/revisions\/22737"}],"up":[{"embeddable":true,"href":"https:\/\/www.cmonsite.fr\/site\/wp-json\/wp\/v2\/pages\/9"}],"wp:featuredmedia":[{"embeddable":true,"href":"https:\/\/www.cmonsite.fr\/site\/wp-json\/wp\/v2\/media\/25797"}],"wp:attachment":[{"href":"https:\/\/www.cmonsite.fr\/site\/wp-json\/wp\/v2\/media?parent=262"}],"curies":[{"name":"wp","href":"https:\/\/api.w.org\/{rel}","templated":true}]}}