{"id":24680,"date":"2023-06-16T15:53:32","date_gmt":"2023-06-16T13:53:32","guid":{"rendered":"https:\/\/www.cmonsite.fr\/site\/?page_id=24680"},"modified":"2023-06-16T15:57:25","modified_gmt":"2023-06-16T13:57:25","slug":"comment-renseigner-ses-conditions-generales-de-vente","status":"publish","type":"page","link":"https:\/\/www.cmonsite.fr\/site\/aide\/informations-legales\/comment-renseigner-ses-conditions-generales-de-vente","title":{"rendered":"Comment renseigner mes Conditions G\u00e9n\u00e9rales de Vente ?"},"content":{"rendered":"\t\t<div data-elementor-type=\"wp-page\" data-elementor-id=\"24680\" class=\"elementor elementor-24680\" data-elementor-post-type=\"page\">\n\t\t\t\t<div class=\"elementor-element elementor-element-ff097a1 e-flex e-con-boxed e-con e-parent\" data-id=\"ff097a1\" data-element_type=\"container\" data-e-type=\"container\">\n\t\t\t\t\t<div class=\"e-con-inner\">\n\t\t<div class=\"elementor-element elementor-element-f65ffcb e-con-full e-flex e-con e-parent\" data-id=\"f65ffcb\" data-element_type=\"container\" data-e-type=\"container\">\n\t\t\t\t<div class=\"elementor-element elementor-element-9b07ff2 elementor-widget elementor-widget-text-editor\" data-id=\"9b07ff2\" data-element_type=\"widget\" data-e-type=\"widget\" data-widget_type=\"text-editor.default\">\n\t\t\t\t<div class=\"elementor-widget-container\">\n\t\t\t\t\t\t\t\t\t<p>Les Conditions G\u00e9n\u00e9rales de Vente sont fortement recommand\u00e9es pour tous les sites e-commerces.<\/p><p>Les mod\u00e8les propos\u00e9s sont \u00e0 adapter en fonction de votre activit\u00e9. Ils sont fournis \u00e0 titre indicatif seulement et ne constituent pas un conseil juridique. Nous vous conseillons de vous rapprocher de conseils juridiques.<\/p>\t\t\t\t\t\t\t\t<\/div>\n\t\t\t\t<\/div>\n\t\t\t\t<div class=\"elementor-element elementor-element-7065783 elementor-widget elementor-widget-text-editor\" data-id=\"7065783\" data-element_type=\"widget\" data-e-type=\"widget\" data-widget_type=\"text-editor.default\">\n\t\t\t\t<div class=\"elementor-widget-container\">\n\t\t\t\t\t\t\t\t\t<h2>Acc\u00e9der \u00e0 ses Condition G\u00e9n\u00e9rales de Vente<\/h2>\t\t\t\t\t\t\t\t<\/div>\n\t\t\t\t<\/div>\n\t\t\t\t<div class=\"elementor-element elementor-element-c9081eb elementor-widget elementor-widget-text-editor\" data-id=\"c9081eb\" data-element_type=\"widget\" data-e-type=\"widget\" data-widget_type=\"text-editor.default\">\n\t\t\t\t<div class=\"elementor-widget-container\">\n\t\t\t\t\t\t\t\t\t<p>Pour acc\u00e9der \u00e0 vos CGV, il vous suffira d\u2019aller dans la rubrique \u00ab\u00a0<b>Boutique<\/b> \u00bb puis \u00ab\u00a0<b>Facturation \u00bb<\/b>\u00a0.\u00a0<\/p>\t\t\t\t\t\t\t\t<\/div>\n\t\t\t\t<\/div>\n\t\t\t\t<div class=\"elementor-element elementor-element-b222240 elementor-widget elementor-widget-image\" data-id=\"b222240\" data-element_type=\"widget\" data-e-type=\"widget\" data-widget_type=\"image.default\">\n\t\t\t\t<div class=\"elementor-widget-container\">\n\t\t\t\t\t\t\t\t\t\t\t\t\t\t\t<img fetchpriority=\"high\" decoding=\"async\" width=\"800\" height=\"309\" src=\"https:\/\/www.cmonsite.fr\/site\/webup\/2023\/06\/chrome_uAoxdtwBa9-1024x396.png\" class=\"attachment-large size-large wp-image-24683\" alt=\"\" srcset=\"https:\/\/www.cmonsite.fr\/site\/webup\/2023\/06\/chrome_uAoxdtwBa9-1024x396.png 1024w, https:\/\/www.cmonsite.fr\/site\/webup\/2023\/06\/chrome_uAoxdtwBa9-300x116.png 300w, https:\/\/www.cmonsite.fr\/site\/webup\/2023\/06\/chrome_uAoxdtwBa9-768x297.png 768w, https:\/\/www.cmonsite.fr\/site\/webup\/2023\/06\/chrome_uAoxdtwBa9.png 1282w\" sizes=\"(max-width: 800px) 100vw, 800px\" \/>\t\t\t\t\t\t\t\t\t\t\t\t\t\t\t<\/div>\n\t\t\t\t<\/div>\n\t\t\t\t<div class=\"elementor-element elementor-element-88df18c elementor-widget elementor-widget-text-editor\" data-id=\"88df18c\" data-element_type=\"widget\" data-e-type=\"widget\" data-widget_type=\"text-editor.default\">\n\t\t\t\t<div class=\"elementor-widget-container\">\n\t\t\t\t\t\t\t\t\t<h2>R\u00e9diger et renseigner ses Conditions G\u00e9n\u00e9rales de Vente<\/h2>\t\t\t\t\t\t\t\t<\/div>\n\t\t\t\t<\/div>\n\t\t\t\t<div class=\"elementor-element elementor-element-190ef86 elementor-widget elementor-widget-text-editor\" data-id=\"190ef86\" data-element_type=\"widget\" data-e-type=\"widget\" data-widget_type=\"text-editor.default\">\n\t\t\t\t<div class=\"elementor-widget-container\">\n\t\t\t\t\t\t\t\t\t<p>Pour r\u00e9diger vos CGV, vous n\u2019aurez plus qu\u2019a t\u00e9l\u00e9charger le mod\u00e8le que vous devez adapter \u00e0 votre activit\u00e9.<br \/>Ensuite, il vous suffira de copier-coller les informations dans la zone de texte d\u00e9di\u00e9e en cliquant sur \u00ab\u00a0Modifier mes CGV\u00a0\u00bb\u00a0.<\/p><p>Un lien \u00ab\u00a0<em>Conditions g\u00e9n\u00e9rales de vente<\/em>\u00a0\u00bb est automatiquement cr\u00e9\u00e9 en bas de votre site en pied de page, inutile donc de cr\u00e9er une page \u00e0 cet effet.<\/p>\t\t\t\t\t\t\t\t<\/div>\n\t\t\t\t<\/div>\n\t\t\t\t<div class=\"elementor-element elementor-element-2a97552 elementor-widget elementor-widget-image\" data-id=\"2a97552\" data-element_type=\"widget\" data-e-type=\"widget\" data-widget_type=\"image.default\">\n\t\t\t\t<div class=\"elementor-widget-container\">\n\t\t\t\t\t\t\t\t\t\t\t\t\t\t\t<img decoding=\"async\" width=\"800\" height=\"378\" src=\"https:\/\/www.cmonsite.fr\/site\/webup\/2023\/06\/chrome_YGZNIgCQaL.png\" class=\"attachment-large size-large wp-image-24684\" alt=\"\" srcset=\"https:\/\/www.cmonsite.fr\/site\/webup\/2023\/06\/chrome_YGZNIgCQaL.png 945w, https:\/\/www.cmonsite.fr\/site\/webup\/2023\/06\/chrome_YGZNIgCQaL-300x142.png 300w, https:\/\/www.cmonsite.fr\/site\/webup\/2023\/06\/chrome_YGZNIgCQaL-768x362.png 768w\" sizes=\"(max-width: 800px) 100vw, 800px\" \/>\t\t\t\t\t\t\t\t\t\t\t\t\t\t\t<\/div>\n\t\t\t\t<\/div>\n\t\t\t\t<div class=\"elementor-element elementor-element-2400551 elementor-widget-divider--view-line elementor-widget elementor-widget-divider\" data-id=\"2400551\" data-element_type=\"widget\" data-e-type=\"widget\" data-widget_type=\"divider.default\">\n\t\t\t\t<div class=\"elementor-widget-container\">\n\t\t\t\t\t\t\t<div class=\"elementor-divider\">\n\t\t\t<span class=\"elementor-divider-separator\">\n\t\t\t\t\t\t<\/span>\n\t\t<\/div>\n\t\t\t\t\t\t<\/div>\n\t\t\t\t<\/div>\n\t\t\t\t<div class=\"elementor-element elementor-element-5ce701a elementor-widget elementor-widget-text-editor\" data-id=\"5ce701a\" data-element_type=\"widget\" data-e-type=\"widget\" data-widget_type=\"text-editor.default\">\n\t\t\t\t<div class=\"elementor-widget-container\">\n\t\t\t\t\t\t\t\t\t<p class=\"elementor-heading-title elementor-size-default\" style=\"text-align: center;\"><strong>D\u00e9couvrez notre tutoriel vid\u00e9o sur l&#8217;ajout de Mentions L\u00e9gales et CGV sur votre site<\/strong><\/p>\t\t\t\t\t\t\t\t<\/div>\n\t\t\t\t<\/div>\n\t\t\t\t<div class=\"elementor-element elementor-element-738fc74 elementor-widget__width-initial elementor-widget elementor-widget-video\" data-id=\"738fc74\" data-element_type=\"widget\" data-e-type=\"widget\" data-settings=\"{&quot;youtube_url&quot;:&quot;https:\\\/\\\/youtu.be\\\/MUR1DEFIWwo&quot;,&quot;video_type&quot;:&quot;youtube&quot;,&quot;controls&quot;:&quot;yes&quot;}\" data-widget_type=\"video.default\">\n\t\t\t\t<div class=\"elementor-widget-container\">\n\t\t\t\t\t\t\t<div class=\"elementor-wrapper elementor-open-inline\">\n\t\t\t<div class=\"elementor-video\"><\/div>\t\t<\/div>\n\t\t\t\t\t\t<\/div>\n\t\t\t\t<\/div>\n\t\t\t\t<\/div>\n\t\t\t\t\t<\/div>\n\t\t\t\t<\/div>\n\t\t\t\t<\/div>\n\t\t","protected":false},"excerpt":{"rendered":"<p>Les Conditions G\u00e9n\u00e9rales de Vente sont fortement recommand\u00e9es pour tous les sites e-commerces. Les mod\u00e8les propos\u00e9s sont \u00e0 adapter en fonction de votre activit\u00e9. Ils sont fournis \u00e0 titre indicatif seulement et ne constituent pas un conseil juridique. Nous vous conseillons de vous rapprocher de conseils juridiques. Acc\u00e9der \u00e0 ses Condition G\u00e9n\u00e9rales de Vente Pour [&hellip;]<\/p>\n","protected":false},"author":1,"featured_media":0,"parent":24678,"menu_order":0,"comment_status":"closed","ping_status":"closed","template":"","meta":{"_helpful_status":1,"footnotes":""},"class_list":["post-24680","page","type-page","status-publish","hentry"],"_links":{"self":[{"href":"https:\/\/www.cmonsite.fr\/site\/wp-json\/wp\/v2\/pages\/24680","targetHints":{"allow":["GET"]}}],"collection":[{"href":"https:\/\/www.cmonsite.fr\/site\/wp-json\/wp\/v2\/pages"}],"about":[{"href":"https:\/\/www.cmonsite.fr\/site\/wp-json\/wp\/v2\/types\/page"}],"author":[{"embeddable":true,"href":"https:\/\/www.cmonsite.fr\/site\/wp-json\/wp\/v2\/users\/1"}],"replies":[{"embeddable":true,"href":"https:\/\/www.cmonsite.fr\/site\/wp-json\/wp\/v2\/comments?post=24680"}],"version-history":[{"count":6,"href":"https:\/\/www.cmonsite.fr\/site\/wp-json\/wp\/v2\/pages\/24680\/revisions"}],"predecessor-version":[{"id":24688,"href":"https:\/\/www.cmonsite.fr\/site\/wp-json\/wp\/v2\/pages\/24680\/revisions\/24688"}],"up":[{"embeddable":true,"href":"https:\/\/www.cmonsite.fr\/site\/wp-json\/wp\/v2\/pages\/24678"}],"wp:attachment":[{"href":"https:\/\/www.cmonsite.fr\/site\/wp-json\/wp\/v2\/media?parent=24680"}],"curies":[{"name":"wp","href":"https:\/\/api.w.org\/{rel}","templated":true}]}}