{"id":24126,"date":"2023-02-28T14:03:31","date_gmt":"2023-02-28T13:03:31","guid":{"rendered":"https:\/\/www.cmonsite.fr\/site\/?page_id=24126"},"modified":"2023-03-28T17:02:46","modified_gmt":"2023-03-28T15:02:46","slug":"comment-ajouter-des-videos-fiches-produit","status":"publish","type":"page","link":"https:\/\/www.cmonsite.fr\/site\/aide\/gestion-des-produits\/comment-ajouter-des-videos-fiches-produit","title":{"rendered":"Comment ajouter des vid\u00e9os sur ma fiche produit ?"},"content":{"rendered":"\t\t<div data-elementor-type=\"wp-page\" data-elementor-id=\"24126\" class=\"elementor elementor-24126\" data-elementor-post-type=\"page\">\n\t\t\t\t<div class=\"elementor-element elementor-element-4b72688 e-flex e-con-boxed e-con e-parent\" data-id=\"4b72688\" data-element_type=\"container\" data-e-type=\"container\">\n\t\t\t\t\t<div class=\"e-con-inner\">\n\t\t\t\t<div class=\"elementor-element elementor-element-3722042 elementor-widget elementor-widget-spacer\" data-id=\"3722042\" data-element_type=\"widget\" data-e-type=\"widget\" data-widget_type=\"spacer.default\">\n\t\t\t\t<div class=\"elementor-widget-container\">\n\t\t\t\t\t\t\t<div class=\"elementor-spacer\">\n\t\t\t<div class=\"elementor-spacer-inner\"><\/div>\n\t\t<\/div>\n\t\t\t\t\t\t<\/div>\n\t\t\t\t<\/div>\n\t\t\t\t<div class=\"elementor-element elementor-element-485426a elementor-widget elementor-widget-text-editor\" data-id=\"485426a\" data-element_type=\"widget\" data-e-type=\"widget\" data-widget_type=\"text-editor.default\">\n\t\t\t\t<div class=\"elementor-widget-container\">\n\t\t\t\t\t\t\t\t\t<p>Les vid\u00e9os dans les fiches produits sont un formidable moyen d&#8217;apporter une dimension plus professionnelle \u00e0 votre site et de permettre \u00e0 vos clients d&#8217;avoir un meilleur aper\u00e7u de vos produits ou prestations !\u00a0<\/p>\t\t\t\t\t\t\t\t<\/div>\n\t\t\t\t<\/div>\n\t\t\t\t<div class=\"elementor-element elementor-element-e2e2d28 elementor-widget elementor-widget-spacer\" data-id=\"e2e2d28\" data-element_type=\"widget\" data-e-type=\"widget\" data-widget_type=\"spacer.default\">\n\t\t\t\t<div class=\"elementor-widget-container\">\n\t\t\t\t\t\t\t<div class=\"elementor-spacer\">\n\t\t\t<div class=\"elementor-spacer-inner\"><\/div>\n\t\t<\/div>\n\t\t\t\t\t\t<\/div>\n\t\t\t\t<\/div>\n\t\t\t\t\t<\/div>\n\t\t\t\t<\/div>\n\t\t<div class=\"elementor-element elementor-element-f963075 e-flex e-con-boxed e-con e-parent\" data-id=\"f963075\" data-element_type=\"container\" data-e-type=\"container\">\n\t\t\t\t\t<div class=\"e-con-inner\">\n\t\t\t\t<div class=\"elementor-element elementor-element-a679832 elementor-widget elementor-widget-text-editor\" data-id=\"a679832\" data-element_type=\"widget\" data-e-type=\"widget\" data-widget_type=\"text-editor.default\">\n\t\t\t\t<div class=\"elementor-widget-container\">\n\t\t\t\t\t\t\t\t\t<p><strong>Pour ajouter des vid\u00e9os sur vos fiches produits,<\/strong> <strong>rien de plus simple<\/strong> :<\/p>\n<ol>\n<li>Depuis votre administration, survolez l&#8217;onglet &#8220;<strong>Ma formule<\/strong>&#8221; et choisissez <a href=\"https:\/\/www.cmonsite.fr\/commande.php?id=43\" target=\"_blank\" rel=\"noopener\">&#8220;Vid\u00e9os sur les fiches produits&#8221;&nbsp;<\/a><\/li>\n<li>Choisissez le quota de vid\u00e9os en fonction de vos besoins : <strong>40, 100, 500, 1000 ou 2500 vid\u00e9os<\/strong>. Il s&#8217;agit de <strong>cr\u00e9dits mensuels<\/strong>, qui s&#8217;aligneront avec l&#8217;expiration de votre formule lors de votre premi\u00e8re souscription, puis que vous pourrez renouveler en m\u00eame temps par la suite.<\/li>\n<li>Une fois votre souscription faite, il ne vous reste plus qu&#8217;\u00e0<strong> ajouter vos vid\u00e9os sur les fiches produits de votre choix !&nbsp;<\/strong><\/li>\n<\/ol>\t\t\t\t\t\t\t\t<\/div>\n\t\t\t\t<\/div>\n\t\t\t\t<div class=\"elementor-element elementor-element-d3733b4 elementor-widget elementor-widget-spacer\" data-id=\"d3733b4\" data-element_type=\"widget\" data-e-type=\"widget\" data-widget_type=\"spacer.default\">\n\t\t\t\t<div class=\"elementor-widget-container\">\n\t\t\t\t\t\t\t<div class=\"elementor-spacer\">\n\t\t\t<div class=\"elementor-spacer-inner\"><\/div>\n\t\t<\/div>\n\t\t\t\t\t\t<\/div>\n\t\t\t\t<\/div>\n\t\t\t\t\t<\/div>\n\t\t\t\t<\/div>\n\t\t<div class=\"elementor-element elementor-element-77b5695 e-flex e-con-boxed e-con e-parent\" data-id=\"77b5695\" data-element_type=\"container\" data-e-type=\"container\">\n\t\t\t\t\t<div class=\"e-con-inner\">\n\t\t<div class=\"elementor-element elementor-element-e9b8f49 e-con-full e-flex e-con e-parent\" data-id=\"e9b8f49\" data-element_type=\"container\" data-e-type=\"container\">\n\t\t\t\t<div class=\"elementor-element elementor-element-53f5a90 elementor-widget elementor-widget-text-editor\" data-id=\"53f5a90\" data-element_type=\"widget\" data-e-type=\"widget\" data-widget_type=\"text-editor.default\">\n\t\t\t\t<div class=\"elementor-widget-container\">\n\t\t\t\t\t\t\t\t\t<p>Il vous suffit de cliquer sur le bouton <strong>&#8220;Ajouter une photo \/ vid\u00e9o&#8221;.<\/strong>\u00a0<\/p><p>Les formats accept\u00e9s sont : .<strong>mp4, .m4v, .mov, .avi et .webm<\/strong><\/p><p>La vid\u00e9o sera <strong>compress\u00e9e automatiquement, elle ne doit pas faire plus de 10MB apr\u00e8s compression.<\/strong>\u00a0<\/p><p>Vous pouvez ajouter<strong> plusieurs vid\u00e9os sur une fiche produit<\/strong>. Les seuls quotas \u00e0 respecter sont :<\/p><ul><li><strong>Le nombre de m\u00e9dias de votre fiche<\/strong> (6 en Formule Zen \/ Premium, 10 en Formule Pro)\u00a0<\/li><li><strong>Le quota global de cr\u00e9dits vid\u00e9o que vous avez s\u00e9lectionn\u00e9<\/strong> (entre 50 et 1000)\u00a0<\/li><\/ul>\t\t\t\t\t\t\t\t<\/div>\n\t\t\t\t<\/div>\n\t\t\t\t<\/div>\n\t\t<div class=\"elementor-element elementor-element-8f243a2 e-con-full e-flex e-con e-parent\" data-id=\"8f243a2\" data-element_type=\"container\" data-e-type=\"container\">\n\t\t\t\t<div class=\"elementor-element elementor-element-f8c5ed8 elementor-widget elementor-widget-image\" data-id=\"f8c5ed8\" data-element_type=\"widget\" data-e-type=\"widget\" data-widget_type=\"image.default\">\n\t\t\t\t<div class=\"elementor-widget-container\">\n\t\t\t\t\t\t\t\t\t\t\t\t\t\t\t\t<a href=\"https:\/\/www.cmonsite.fr\/site\/webup\/2023\/02\/video-fiche-produit-ajout.gif\" data-elementor-open-lightbox=\"yes\" data-elementor-lightbox-title=\"video-fiche-produit-ajout\" data-e-action-hash=\"#elementor-action%3Aaction%3Dlightbox%26settings%3DeyJpZCI6MjQxMjksInVybCI6Imh0dHBzOlwvXC93d3cuY21vbnNpdGUuZnJcL3NpdGVcL3dwLWNvbnRlbnRcL3VwbG9hZHNcLzIwMjNcLzAyXC92aWRlby1maWNoZS1wcm9kdWl0LWFqb3V0LmdpZiJ9\">\n\t\t\t\t\t\t\t<img fetchpriority=\"high\" decoding=\"async\" width=\"1301\" height=\"728\" src=\"https:\/\/www.cmonsite.fr\/site\/webup\/2023\/02\/video-fiche-produit-ajout.gif\" class=\"attachment-full size-full wp-image-24129\" alt=\"\" \/>\t\t\t\t\t\t\t\t<\/a>\n\t\t\t\t\t\t\t\t\t\t\t\t\t\t\t<\/div>\n\t\t\t\t<\/div>\n\t\t\t\t<\/div>\n\t\t\t\t\t<\/div>\n\t\t\t\t<\/div>\n\t\t<div class=\"elementor-element elementor-element-2883f5e e-flex e-con-boxed e-con e-parent\" data-id=\"2883f5e\" data-element_type=\"container\" data-e-type=\"container\">\n\t\t\t\t\t<div class=\"e-con-inner\">\n\t\t<div class=\"elementor-element elementor-element-b87dbca e-con-full e-flex e-con e-parent\" data-id=\"b87dbca\" data-element_type=\"container\" data-e-type=\"container\">\n\t\t\t\t<div class=\"elementor-element elementor-element-11da440 elementor-widget elementor-widget-image\" data-id=\"11da440\" data-element_type=\"widget\" data-e-type=\"widget\" data-widget_type=\"image.default\">\n\t\t\t\t<div class=\"elementor-widget-container\">\n\t\t\t\t\t\t\t\t\t\t\t\t\t\t\t<img decoding=\"async\" width=\"526\" height=\"512\" src=\"https:\/\/www.cmonsite.fr\/site\/webup\/2023\/02\/miniature-video-fiche-produit-1.png\" class=\"attachment-medium_large size-medium_large wp-image-24214\" alt=\"\" srcset=\"https:\/\/www.cmonsite.fr\/site\/webup\/2023\/02\/miniature-video-fiche-produit-1.png 526w, https:\/\/www.cmonsite.fr\/site\/webup\/2023\/02\/miniature-video-fiche-produit-1-300x292.png 300w\" sizes=\"(max-width: 526px) 100vw, 526px\" \/>\t\t\t\t\t\t\t\t\t\t\t\t\t\t\t<\/div>\n\t\t\t\t<\/div>\n\t\t\t\t<\/div>\n\t\t<div class=\"elementor-element elementor-element-122ed50 e-con-full e-flex e-con e-parent\" data-id=\"122ed50\" data-element_type=\"container\" data-e-type=\"container\">\n\t\t\t\t<div class=\"elementor-element elementor-element-8444f8e elementor-widget elementor-widget-spacer\" data-id=\"8444f8e\" data-element_type=\"widget\" data-e-type=\"widget\" data-widget_type=\"spacer.default\">\n\t\t\t\t<div class=\"elementor-widget-container\">\n\t\t\t\t\t\t\t<div class=\"elementor-spacer\">\n\t\t\t<div class=\"elementor-spacer-inner\"><\/div>\n\t\t<\/div>\n\t\t\t\t\t\t<\/div>\n\t\t\t\t<\/div>\n\t\t\t\t<div class=\"elementor-element elementor-element-65261ce elementor-widget elementor-widget-text-editor\" data-id=\"65261ce\" data-element_type=\"widget\" data-e-type=\"widget\" data-widget_type=\"text-editor.default\">\n\t\t\t\t<div class=\"elementor-widget-container\">\n\t\t\t\t\t\t\t\t\t<p>La <strong>miniature est choisie par d\u00e9faut<\/strong> avec une capture d&#8217;\u00e9cran \u00e0 <strong>1 seconde de votre vid\u00e9o<\/strong>.<\/p><p>De votre c\u00f4t\u00e9 vous pouvez \u00e9galement <strong>changer cette miniature<\/strong> en cliquant sur <strong>l&#8217;ic\u00f4ne image<\/strong> sur situ\u00e9e sur <strong>l&#8217;aper\u00e7u de la vid\u00e9o.<\/strong><\/p>\t\t\t\t\t\t\t\t<\/div>\n\t\t\t\t<\/div>\n\t\t\t\t<\/div>\n\t\t\t\t\t<\/div>\n\t\t\t\t<\/div>\n\t\t<div class=\"elementor-element elementor-element-52054b7 e-flex e-con-boxed e-con e-parent\" data-id=\"52054b7\" data-element_type=\"container\" data-e-type=\"container\">\n\t\t\t\t\t<div class=\"e-con-inner\">\n\t\t\t\t<div class=\"elementor-element elementor-element-2f6ea1f elementor-widget elementor-widget-spacer\" data-id=\"2f6ea1f\" data-element_type=\"widget\" data-e-type=\"widget\" data-widget_type=\"spacer.default\">\n\t\t\t\t<div class=\"elementor-widget-container\">\n\t\t\t\t\t\t\t<div class=\"elementor-spacer\">\n\t\t\t<div class=\"elementor-spacer-inner\"><\/div>\n\t\t<\/div>\n\t\t\t\t\t\t<\/div>\n\t\t\t\t<\/div>\n\t\t\t\t<div class=\"elementor-element elementor-element-9f54ff3 elementor-widget elementor-widget-text-editor\" data-id=\"9f54ff3\" data-element_type=\"widget\" data-e-type=\"widget\" data-widget_type=\"text-editor.default\">\n\t\t\t\t<div class=\"elementor-widget-container\">\n\t\t\t\t\t\t\t\t\t<p>Nous vous conseillons d&#8217;ajouter des vid\u00e9os de <strong>quelques secondes<\/strong> seulement. Plus <strong>dynamiques<\/strong>, elles sont suffisantes \u00e0 <strong>mettre en valeur vos produits.<\/strong><\/p><p>Les vid\u00e9os seront<strong> lues en boucle<\/strong>, il ne sera pas n\u00e9cessaire de lancer la lecture.\u00a0<\/p>\t\t\t\t\t\t\t\t<\/div>\n\t\t\t\t<\/div>\n\t\t\t\t\t<\/div>\n\t\t\t\t<\/div>\n\t\t<div class=\"elementor-element elementor-element-b7996c2 e-flex e-con-boxed e-con e-parent\" data-id=\"b7996c2\" data-element_type=\"container\" data-e-type=\"container\">\n\t\t\t\t\t<div class=\"e-con-inner\">\n\t\t<div class=\"elementor-element elementor-element-6874d66 e-con-full e-flex e-con e-parent\" data-id=\"6874d66\" data-element_type=\"container\" data-e-type=\"container\">\n\t\t\t\t<div class=\"elementor-element elementor-element-7adea4b elementor-widget elementor-widget-spacer\" data-id=\"7adea4b\" data-element_type=\"widget\" data-e-type=\"widget\" data-widget_type=\"spacer.default\">\n\t\t\t\t<div class=\"elementor-widget-container\">\n\t\t\t\t\t\t\t<div class=\"elementor-spacer\">\n\t\t\t<div class=\"elementor-spacer-inner\"><\/div>\n\t\t<\/div>\n\t\t\t\t\t\t<\/div>\n\t\t\t\t<\/div>\n\t\t\t\t<div class=\"elementor-element elementor-element-e5e2e81 elementor-widget elementor-widget-text-editor\" data-id=\"e5e2e81\" data-element_type=\"widget\" data-e-type=\"widget\" data-widget_type=\"text-editor.default\">\n\t\t\t\t<div class=\"elementor-widget-container\">\n\t\t\t\t\t\t\t\t\t<p>Vous pourrez \u00e9galement personnaliser <strong>l&#8217;ic\u00f4ne de vid\u00e9o<\/strong> directement depuis <strong>l&#8217;\u00e9diteur de design<\/strong> afin de changer<strong> sa couleur, sa taille<\/strong>&#8230;<\/p><p>Il vous suffira de <strong>cliquer sur l&#8217;ic\u00f4ne depuis l&#8217;\u00e9diteur<\/strong> pour voir apparaitre sa personnalisation, ou de <strong>s\u00e9lectionner la liste d\u00e9roulante &#8220;Miniature vid\u00e9o&#8221;<\/strong><\/p>\t\t\t\t\t\t\t\t<\/div>\n\t\t\t\t<\/div>\n\t\t\t\t<\/div>\n\t\t<div class=\"elementor-element elementor-element-41d3af3 e-con-full e-flex e-con e-parent\" data-id=\"41d3af3\" data-element_type=\"container\" data-e-type=\"container\">\n\t\t\t\t<div class=\"elementor-element elementor-element-9904119 elementor-widget elementor-widget-image\" data-id=\"9904119\" data-element_type=\"widget\" data-e-type=\"widget\" data-widget_type=\"image.default\">\n\t\t\t\t<div class=\"elementor-widget-container\">\n\t\t\t\t\t\t\t\t\t\t\t\t\t\t\t\t<a href=\"https:\/\/www.cmonsite.fr\/site\/webup\/2023\/02\/edition-fiche-produit-editeur.png\" data-elementor-open-lightbox=\"yes\" data-e-action-hash=\"#elementor-action%3Aaction%3Dlightbox%26settings%3DeyJpZCI6MjQyMTksInVybCI6ZmFsc2V9\">\n\t\t\t\t\t\t\t<img decoding=\"async\" src=\"https:\/\/www.cmonsite.fr\/site\/webup\/2023\/02\/edition-fiche-produit-editeur.png\" title=\"\" alt=\"\" loading=\"lazy\" \/>\t\t\t\t\t\t\t\t<\/a>\n\t\t\t\t\t\t\t\t\t\t\t\t\t\t\t<\/div>\n\t\t\t\t<\/div>\n\t\t\t\t<\/div>\n\t\t\t\t\t<\/div>\n\t\t\t\t<\/div>\n\t\t<div class=\"elementor-element elementor-element-9e29264 e-flex e-con-boxed e-con e-parent\" data-id=\"9e29264\" data-element_type=\"container\" data-e-type=\"container\">\n\t\t\t\t\t<div class=\"e-con-inner\">\n\t\t\t\t<div class=\"elementor-element elementor-element-2bfbcb5 elementor-widget elementor-widget-spacer\" data-id=\"2bfbcb5\" data-element_type=\"widget\" data-e-type=\"widget\" data-widget_type=\"spacer.default\">\n\t\t\t\t<div class=\"elementor-widget-container\">\n\t\t\t\t\t\t\t<div class=\"elementor-spacer\">\n\t\t\t<div class=\"elementor-spacer-inner\"><\/div>\n\t\t<\/div>\n\t\t\t\t\t\t<\/div>\n\t\t\t\t<\/div>\n\t\t\t\t<div class=\"elementor-element elementor-element-9e9b059 elementor-widget elementor-widget-image\" data-id=\"9e9b059\" data-element_type=\"widget\" data-e-type=\"widget\" data-widget_type=\"image.default\">\n\t\t\t\t<div class=\"elementor-widget-container\">\n\t\t\t\t\t\t\t\t\t\t\t\t\t\t\t\t<a href=\"https:\/\/www.cmonsite.fr\/site\/webup\/2023\/02\/video-fiche-produit-apercu-1.gif\" data-elementor-open-lightbox=\"yes\" data-elementor-lightbox-title=\"video-fiche-produit-apercu\" data-e-action-hash=\"#elementor-action%3Aaction%3Dlightbox%26settings%3DeyJpZCI6MjQyMjcsInVybCI6Imh0dHBzOlwvXC93d3cuY21vbnNpdGUuZnJcL3NpdGVcL3dwLWNvbnRlbnRcL3VwbG9hZHNcLzIwMjNcLzAyXC92aWRlby1maWNoZS1wcm9kdWl0LWFwZXJjdS0xLmdpZiJ9\">\n\t\t\t\t\t\t\t<img decoding=\"async\" width=\"1461\" height=\"691\" src=\"https:\/\/www.cmonsite.fr\/site\/webup\/2023\/02\/video-fiche-produit-apercu-1.gif\" class=\"attachment-full size-full wp-image-24227\" alt=\"\" \/>\t\t\t\t\t\t\t\t<\/a>\n\t\t\t\t\t\t\t\t\t\t\t\t\t\t\t<\/div>\n\t\t\t\t<\/div>\n\t\t\t\t<div class=\"elementor-element elementor-element-f59281b elementor-widget-divider--view-line elementor-widget elementor-widget-divider\" data-id=\"f59281b\" data-element_type=\"widget\" data-e-type=\"widget\" data-widget_type=\"divider.default\">\n\t\t\t\t<div class=\"elementor-widget-container\">\n\t\t\t\t\t\t\t<div class=\"elementor-divider\">\n\t\t\t<span class=\"elementor-divider-separator\">\n\t\t\t\t\t\t<\/span>\n\t\t<\/div>\n\t\t\t\t\t\t<\/div>\n\t\t\t\t<\/div>\n\t\t\t\t\t<\/div>\n\t\t\t\t<\/div>\n\t\t<div class=\"elementor-element elementor-element-e4f3237 e-flex e-con-boxed e-con e-parent\" data-id=\"e4f3237\" data-element_type=\"container\" data-e-type=\"container\">\n\t\t\t\t\t<div class=\"e-con-inner\">\n\t\t\t\t<div class=\"elementor-element elementor-element-829312b elementor-align-center elementor-widget elementor-widget-button\" data-id=\"829312b\" data-element_type=\"widget\" data-e-type=\"widget\" data-widget_type=\"button.default\">\n\t\t\t\t<div class=\"elementor-widget-container\">\n\t\t\t\t\t\t\t\t\t<div class=\"elementor-button-wrapper\">\n\t\t\t\t\t<a class=\"elementor-button elementor-button-link elementor-size-lg\" href=\"https:\/\/www.cmonsite.fr\/commande.php?id=43\">\n\t\t\t\t\t\t<span class=\"elementor-button-content-wrapper\">\n\t\t\t\t\t\t\t\t\t<span class=\"elementor-button-text\">Commander le pack vid\u00e9o<\/span>\n\t\t\t\t\t<\/span>\n\t\t\t\t\t<\/a>\n\t\t\t\t<\/div>\n\t\t\t\t\t\t\t\t<\/div>\n\t\t\t\t<\/div>\n\t\t\t\t<div class=\"elementor-element elementor-element-1286a9f elementor-widget-divider--view-line elementor-widget elementor-widget-divider\" data-id=\"1286a9f\" data-element_type=\"widget\" data-e-type=\"widget\" data-widget_type=\"divider.default\">\n\t\t\t\t<div class=\"elementor-widget-container\">\n\t\t\t\t\t\t\t<div class=\"elementor-divider\">\n\t\t\t<span class=\"elementor-divider-separator\">\n\t\t\t\t\t\t<\/span>\n\t\t<\/div>\n\t\t\t\t\t\t<\/div>\n\t\t\t\t<\/div>\n\t\t\t\t\t<\/div>\n\t\t\t\t<\/div>\n\t\t\t\t<\/div>\n\t\t","protected":false},"excerpt":{"rendered":"<p>Les vid\u00e9os dans les fiches produits sont un formidable moyen d&#8217;apporter une dimension plus professionnelle \u00e0 votre site et de permettre \u00e0 vos clients d&#8217;avoir un meilleur aper\u00e7u de vos produits ou prestations !\u00a0 Pour ajouter des vid\u00e9os sur vos fiches produits, rien de plus simple : Depuis votre administration, survolez l&#8217;onglet &#8220;Ma formule&#8221; et [&hellip;]<\/p>\n","protected":false},"author":1,"featured_media":0,"parent":24736,"menu_order":14,"comment_status":"closed","ping_status":"closed","template":"","meta":{"_helpful_status":1,"footnotes":""},"class_list":["post-24126","page","type-page","status-publish","hentry"],"_links":{"self":[{"href":"https:\/\/www.cmonsite.fr\/site\/wp-json\/wp\/v2\/pages\/24126","targetHints":{"allow":["GET"]}}],"collection":[{"href":"https:\/\/www.cmonsite.fr\/site\/wp-json\/wp\/v2\/pages"}],"about":[{"href":"https:\/\/www.cmonsite.fr\/site\/wp-json\/wp\/v2\/types\/page"}],"author":[{"embeddable":true,"href":"https:\/\/www.cmonsite.fr\/site\/wp-json\/wp\/v2\/users\/1"}],"replies":[{"embeddable":true,"href":"https:\/\/www.cmonsite.fr\/site\/wp-json\/wp\/v2\/comments?post=24126"}],"version-history":[{"count":95,"href":"https:\/\/www.cmonsite.fr\/site\/wp-json\/wp\/v2\/pages\/24126\/revisions"}],"predecessor-version":[{"id":24289,"href":"https:\/\/www.cmonsite.fr\/site\/wp-json\/wp\/v2\/pages\/24126\/revisions\/24289"}],"up":[{"embeddable":true,"href":"https:\/\/www.cmonsite.fr\/site\/wp-json\/wp\/v2\/pages\/24736"}],"wp:attachment":[{"href":"https:\/\/www.cmonsite.fr\/site\/wp-json\/wp\/v2\/media?parent=24126"}],"curies":[{"name":"wp","href":"https:\/\/api.w.org\/{rel}","templated":true}]}}