{"id":23925,"date":"2023-02-06T11:11:56","date_gmt":"2023-02-06T10:11:56","guid":{"rendered":"https:\/\/www.cmonsite.fr\/site\/?page_id=23925"},"modified":"2024-01-31T08:49:55","modified_gmt":"2024-01-31T07:49:55","slug":"comment-synchroniser-son-site-a-sa-boutique-facebook-ou-instagram","status":"publish","type":"page","link":"https:\/\/www.cmonsite.fr\/site\/aide\/reseaux-sociaux\/comment-synchroniser-son-site-a-sa-boutique-facebook-ou-instagram","title":{"rendered":"Comment synchroniser son site \u00e0 sa boutique Facebook ou Instagram ?"},"content":{"rendered":"\t\t<div data-elementor-type=\"wp-page\" data-elementor-id=\"23925\" class=\"elementor elementor-23925\" data-elementor-post-type=\"page\">\n\t\t\t\t<div class=\"elementor-element elementor-element-6488871 e-flex e-con-boxed e-con e-parent\" data-id=\"6488871\" data-element_type=\"container\" data-e-type=\"container\">\n\t\t\t\t\t<div class=\"e-con-inner\">\n\t\t\t\t<div class=\"elementor-element elementor-element-a0e1533 elementor-widget elementor-widget-text-editor\" data-id=\"a0e1533\" data-element_type=\"widget\" data-e-type=\"widget\" data-widget_type=\"text-editor.default\">\n\t\t\t\t<div class=\"elementor-widget-container\">\n\t\t\t\t\t\t\t\t\t<p>Vous avez cr\u00e9\u00e9 une boutique CmonSite et souhaitez transmettre automatiquement les produits de votre site ainsi que les futurs produits dans votre boutique Facebook ou Instagram ? D\u00e9couvrez toutes les \u00e9tapes d\u00e9taill\u00e9es pour synchroniser votre boutique \u00e0 Facebook ou Instagram.<\/p>\t\t\t\t\t\t\t\t<\/div>\n\t\t\t\t<\/div>\n\t\t<div class=\"elementor-element elementor-element-69eabce e-flex e-con-boxed e-con e-parent\" data-id=\"69eabce\" data-element_type=\"container\" data-e-type=\"container\">\n\t\t\t\t\t<div class=\"e-con-inner\">\n\t\t\t\t<div class=\"elementor-element elementor-element-2703b2a elementor-widget__width-initial elementor-widget elementor-widget-video\" data-id=\"2703b2a\" data-element_type=\"widget\" data-e-type=\"widget\" data-settings=\"{&quot;youtube_url&quot;:&quot;https:\\\/\\\/www.youtube.com\\\/watch?v=toT0kkbcVJ8&quot;,&quot;video_type&quot;:&quot;youtube&quot;,&quot;controls&quot;:&quot;yes&quot;}\" data-widget_type=\"video.default\">\n\t\t\t\t<div class=\"elementor-widget-container\">\n\t\t\t\t\t\t\t<div class=\"elementor-wrapper elementor-open-inline\">\n\t\t\t<div class=\"elementor-video\"><\/div>\t\t<\/div>\n\t\t\t\t\t\t<\/div>\n\t\t\t\t<\/div>\n\t\t\t\t<div class=\"elementor-element elementor-element-fab6945 elementor-widget elementor-widget-text-editor\" data-id=\"fab6945\" data-element_type=\"widget\" data-e-type=\"widget\" data-widget_type=\"text-editor.default\">\n\t\t\t\t<div class=\"elementor-widget-container\">\n\t\t\t\t\t\t\t\t\t<p><em>N&#8217;h\u00e9sitez pas \u00e0 consulter cette vid\u00e9o pour avoir un support visuel et audio !<\/em><\/p>\t\t\t\t\t\t\t\t<\/div>\n\t\t\t\t<\/div>\n\t\t\t\t\t<\/div>\n\t\t\t\t<\/div>\n\t\t\t\t<div class=\"elementor-element elementor-element-fa950c0 elementor-widget elementor-widget-heading\" data-id=\"fa950c0\" data-element_type=\"widget\" data-e-type=\"widget\" data-widget_type=\"heading.default\">\n\t\t\t\t<div class=\"elementor-widget-container\">\n\t\t\t\t\t<h2 class=\"elementor-heading-title elementor-size-default\">Comment relier CmonSite \u00e0 votre compte Facebook ?<\/h2>\t\t\t\t<\/div>\n\t\t\t\t<\/div>\n\t\t\t\t<div class=\"elementor-element elementor-element-d8573e3 elementor-widget elementor-widget-text-editor\" data-id=\"d8573e3\" data-element_type=\"widget\" data-e-type=\"widget\" data-widget_type=\"text-editor.default\">\n\t\t\t\t<div class=\"elementor-widget-container\">\n\t\t\t\t\t\t\t\t\t<p>Pour relier CmonSite \u00e0 votre compte Facebook, vous pouvez vous rendre dans \u201c<strong>Modules<\/strong>\u201d &gt; \u201c<strong>Configuration Facebook<\/strong>\u201d, directement accessible en <a href=\"https:\/\/www.cmonsite.fr\/gestion_facebook.php\" target=\"_blank\" rel=\"noopener\">cliquant ici<\/a>.<\/p><p>Puis cliquez sur \u201c<strong>Connecter mon compte Facebook<\/strong>\u201d.<\/p>\t\t\t\t\t\t\t\t<\/div>\n\t\t\t\t<\/div>\n\t\t<div class=\"elementor-element elementor-element-c204425 e-flex e-con-boxed e-con e-parent\" data-id=\"c204425\" data-element_type=\"container\" data-e-type=\"container\">\n\t\t\t\t\t<div class=\"e-con-inner\">\n\t\t\t\t<div class=\"elementor-element elementor-element-4e1ac32 elementor-widget elementor-widget-image\" data-id=\"4e1ac32\" data-element_type=\"widget\" data-e-type=\"widget\" data-widget_type=\"image.default\">\n\t\t\t\t<div class=\"elementor-widget-container\">\n\t\t\t\t\t\t\t\t\t\t\t\t\t\t\t\t<a href=\"https:\/\/www.cmonsite.fr\/site\/webup\/2023\/02\/chrome_lQwEMEzswC.png\" data-elementor-open-lightbox=\"yes\" data-elementor-lightbox-title=\"connexionFacebook\" data-e-action-hash=\"#elementor-action%3Aaction%3Dlightbox%26settings%3DeyJpZCI6MjM5MzAsInVybCI6Imh0dHBzOlwvXC93d3cuY21vbnNpdGUuZnJcL3NpdGVcL3dwLWNvbnRlbnRcL3VwbG9hZHNcLzIwMjNcLzAyXC9jaHJvbWVfbFF3RU1FenN3Qy5wbmcifQ%3D%3D\">\n\t\t\t\t\t\t\t<img fetchpriority=\"high\" decoding=\"async\" width=\"768\" height=\"242\" src=\"https:\/\/www.cmonsite.fr\/site\/webup\/2023\/02\/chrome_lQwEMEzswC-768x242.png\" class=\"attachment-medium_large size-medium_large wp-image-23930\" alt=\"Capture d&#039;\u00e9cran du bouton de connexion \u00e0 Facebook\" srcset=\"https:\/\/www.cmonsite.fr\/site\/webup\/2023\/02\/chrome_lQwEMEzswC-768x242.png 768w, https:\/\/www.cmonsite.fr\/site\/webup\/2023\/02\/chrome_lQwEMEzswC-300x95.png 300w, https:\/\/www.cmonsite.fr\/site\/webup\/2023\/02\/chrome_lQwEMEzswC-1024x323.png 1024w, https:\/\/www.cmonsite.fr\/site\/webup\/2023\/02\/chrome_lQwEMEzswC.png 1259w\" sizes=\"(max-width: 768px) 100vw, 768px\" \/>\t\t\t\t\t\t\t\t<\/a>\n\t\t\t\t\t\t\t\t\t\t\t\t\t\t\t<\/div>\n\t\t\t\t<\/div>\n\t\t\t\t\t<\/div>\n\t\t\t\t<\/div>\n\t\t\t\t<div class=\"elementor-element elementor-element-0dc02cd elementor-widget elementor-widget-text-editor\" data-id=\"0dc02cd\" data-element_type=\"widget\" data-e-type=\"widget\" data-widget_type=\"text-editor.default\">\n\t\t\t\t<div class=\"elementor-widget-container\">\n\t\t\t\t\t\t\t\t\t<p>Un pop-up Facebook appara\u00eet, vous pouvez vous connecter \u00e0 votre compte Facebook.<\/p><p>Puis, vous pouvez consulter les autorisations dont Facebook a besoin pour relier votre compte et cliquer sur \u201cContinuer\u201d.<br \/>Ensuite, un r\u00e9capitulatif des param\u00e8tres associ\u00e9s \u00e0 votre compte appara\u00eet. V\u00e9rifiez les informations renseign\u00e9es.<\/p><p>Si vous souhaitez relier votre compte Instagram, vous pouvez renseigner votre \u201c<strong>Profil Instagram<\/strong>\u201d.<\/p><p>Si vous souhaitez faire de la publicit\u00e9 sur Facebook, vous pouvez s\u00e9lectionner un \u201c<strong>Compte publicitaire<\/strong>\u201d.<\/p><p>Si vous souhaitez remonter les \u00e9v\u00e8nements de votre site vers Facebook, notamment pour am\u00e9liorer le ciblage publicitaire, vous pouvez renseigner le \u201c<strong>Pixel Meta<\/strong>\u201d.<\/p><p>Une fois les configurations effectu\u00e9es, vous pouvez cliquer sur \u201cContinuer\u201d.<\/p><p>Enfin, vous pouvez param\u00e9trer les autorisations de CmonSite et cliquer sur \u201cSuivant\u201d.<\/p><p>Votre compte Facebook est reli\u00e9 \u00e0 CmonSite.<\/p>\t\t\t\t\t\t\t\t<\/div>\n\t\t\t\t<\/div>\n\t\t\t\t<div class=\"elementor-element elementor-element-ccd3672 elementor-widget elementor-widget-heading\" data-id=\"ccd3672\" data-element_type=\"widget\" data-e-type=\"widget\" data-widget_type=\"heading.default\">\n\t\t\t\t<div class=\"elementor-widget-container\">\n\t\t\t\t\t<h2 class=\"elementor-heading-title elementor-size-default\">Comment configurer le flux catalogue ?<\/h2>\t\t\t\t<\/div>\n\t\t\t\t<\/div>\n\t\t\t\t<div class=\"elementor-element elementor-element-58e35c3 elementor-widget elementor-widget-text-editor\" data-id=\"58e35c3\" data-element_type=\"widget\" data-e-type=\"widget\" data-widget_type=\"text-editor.default\">\n\t\t\t\t<div class=\"elementor-widget-container\">\n\t\t\t\t\t\t\t\t\t<p>Avant de synchroniser votre site \u00e0 Facebook, il vous faudra \u201c<strong>Configurer le Flux Catalogue<\/strong>\u201d.<\/p>\t\t\t\t\t\t\t\t<\/div>\n\t\t\t\t<\/div>\n\t\t<div class=\"elementor-element elementor-element-d352ba5 e-flex e-con-boxed e-con e-parent\" data-id=\"d352ba5\" data-element_type=\"container\" data-e-type=\"container\">\n\t\t\t\t\t<div class=\"e-con-inner\">\n\t\t\t\t<div class=\"elementor-element elementor-element-9f61172 elementor-widget elementor-widget-image\" data-id=\"9f61172\" data-element_type=\"widget\" data-e-type=\"widget\" data-widget_type=\"image.default\">\n\t\t\t\t<div class=\"elementor-widget-container\">\n\t\t\t\t\t\t\t\t\t\t\t\t\t\t\t\t<a href=\"https:\/\/www.cmonsite.fr\/site\/webup\/2023\/02\/chrome_rT5W4gdiFe.png\" data-elementor-open-lightbox=\"yes\" data-elementor-lightbox-title=\"chrome_rT5W4gdiFe\" data-e-action-hash=\"#elementor-action%3Aaction%3Dlightbox%26settings%3DeyJpZCI6MjM5MzIsInVybCI6Imh0dHBzOlwvXC93d3cuY21vbnNpdGUuZnJcL3NpdGVcL3dwLWNvbnRlbnRcL3VwbG9hZHNcLzIwMjNcLzAyXC9jaHJvbWVfclQ1VzRnZGlGZS5wbmcifQ%3D%3D\">\n\t\t\t\t\t\t\t<img decoding=\"async\" width=\"768\" height=\"291\" src=\"https:\/\/www.cmonsite.fr\/site\/webup\/2023\/02\/chrome_rT5W4gdiFe-768x291.png\" class=\"attachment-medium_large size-medium_large wp-image-23932\" alt=\"Capture d&#039;\u00e9cran du bouton pour Configurer le Flux Catalogue\" srcset=\"https:\/\/www.cmonsite.fr\/site\/webup\/2023\/02\/chrome_rT5W4gdiFe-768x291.png 768w, https:\/\/www.cmonsite.fr\/site\/webup\/2023\/02\/chrome_rT5W4gdiFe-300x114.png 300w, https:\/\/www.cmonsite.fr\/site\/webup\/2023\/02\/chrome_rT5W4gdiFe-1024x388.png 1024w, https:\/\/www.cmonsite.fr\/site\/webup\/2023\/02\/chrome_rT5W4gdiFe.png 1258w\" sizes=\"(max-width: 768px) 100vw, 768px\" \/>\t\t\t\t\t\t\t\t<\/a>\n\t\t\t\t\t\t\t\t\t\t\t\t\t\t\t<\/div>\n\t\t\t\t<\/div>\n\t\t\t\t\t<\/div>\n\t\t\t\t<\/div>\n\t\t\t\t<div class=\"elementor-element elementor-element-81567df elementor-widget elementor-widget-text-editor\" data-id=\"81567df\" data-element_type=\"widget\" data-e-type=\"widget\" data-widget_type=\"text-editor.default\">\n\t\t\t\t<div class=\"elementor-widget-container\">\n\t\t\t\t\t\t\t\t\t<p>De nombreux <strong>param\u00e8tres<\/strong> sont <strong>pr\u00e9configur\u00e9s<\/strong> afin de vous aider et vous faire gagner un maximum de temps.<\/p><p>Vous devrez en revanche configurer la <strong>correspondance des cat\u00e9gories de votre boutique<\/strong> en choisissant la cat\u00e9gorie Facebook correspondante ou se rapprochant le plus de la v\u00f4tre.<\/p><p>Si vous souhaitez que certaines de vos cat\u00e9gories n\u2019apparaissent pas, il suffit de na pas les renseigner.<\/p><p>Voici des explications concernant les param\u00e8tres pr\u00e9configur\u00e9s :<\/p><ul><li>\u201c<strong>Exporter les images additionnelles<\/strong>\u201d permet de transmettre \u00e0 Facebook la totalit\u00e9 des images de chaque produit.<br \/>\u00a0<\/li><li>\u201c<strong>\u00c9tat de vos produits<\/strong>\u201d permet \u00e0 Facebook de savoir si vos produits son neufs, d\u2019occasion ou bien remis \u00e0 neuf.<br \/>\u00a0<\/li><li>\u201c<strong>Configurer les modes de livraison pouvant \u00eatre utilis\u00e9s<\/strong>\u201d permet de choisir les modes de livraisons de Google Merchant Center et Facebook, ou bien directement les modes de livraison configur\u00e9s sur CmonSite.<br \/>\u00a0<\/li><li>\u201c<strong>Titre avanc\u00e9 de vos produits<\/strong>\u201d permet de choisir le titre de vos produits affich\u00e9 sur la boutique Facebook ou Instagram.<br \/>\u00a0<\/li><li>\u201c<strong>Modifier la mise en forme de vos titres produits<\/strong>\u201d permet d\u2019\u00e9viter la casse sur Facebook. Cela transforme automatiquement le nom de vos produits renseign\u00e9 en majuscule sur CmonSite (format non accept\u00e9 par Facebook), en minuscule avec la premi\u00e8re lettre en majuscule.<br \/>\u00a0<\/li><li>\u201c<strong>Exporter les d\u00e9clinaisons de vos produits<\/strong>\u201d permet de transmettre \u00e0 Facebook les diff\u00e9rentes d\u00e9clinaisons de vos produits comme les tailles ou les couleurs.<br \/>\u00a0<\/li><li>\u201c<strong>Exporter vos produits hors stock<\/strong>\u201d permet de choisir si vos produits n\u2019ayant pas de stock sont export\u00e9s sur votre catalogue Facebook ou Instagram.<br \/>\u00a0<\/li><li>\u201c<strong>Exporter la taille des produits<\/strong>\u201d permet \u00e0 Facebook d\u2019afficher au mieux vos d\u00e9clinaisons de taille.<br \/>\u00a0<\/li><li>\u201c<strong>Exporter la couleur des produits<\/strong>\u201d permet \u00e0 Facebook d\u2019afficher des pastilles de couleurs pour vos d\u00e9clinaisons de couleurs.<\/li><\/ul><p>\u00a0<\/p><p>Une fois tous ces param\u00e8tres configur\u00e9s et v\u00e9rifi\u00e9s, vous pouvez cliquer sur \u201cEnregistrer\u201d.<\/p><p>Enfin, retournez dans \u201c<strong>Modules<\/strong>\u201d &gt; \u201c<strong>Configuration Facebook<\/strong>\u201d et renseignez \u201cOui\u201d pour \u201c<strong>Synchroniser votre catalogue avec Facebook<\/strong>\u201d.<\/p><p>Votre boutique se synchronisera automatiquement \u00e0 Facebook toutes les heures.<\/p>\t\t\t\t\t\t\t\t<\/div>\n\t\t\t\t<\/div>\n\t\t<div class=\"elementor-element elementor-element-ae9649c e-flex e-con-boxed e-con e-parent\" data-id=\"ae9649c\" data-element_type=\"container\" data-e-type=\"container\">\n\t\t\t\t\t<div class=\"e-con-inner\">\n\t\t\t\t<div class=\"elementor-element elementor-element-a3555e2 elementor-widget elementor-widget-image\" data-id=\"a3555e2\" data-element_type=\"widget\" data-e-type=\"widget\" data-widget_type=\"image.default\">\n\t\t\t\t<div class=\"elementor-widget-container\">\n\t\t\t\t\t\t\t\t\t\t\t\t\t\t\t\t<a href=\"https:\/\/www.cmonsite.fr\/site\/webup\/2023\/02\/chrome_zTd68nITAp.png\" data-elementor-open-lightbox=\"yes\" data-elementor-lightbox-title=\"synchroniserFluxCatalogue\" data-e-action-hash=\"#elementor-action%3Aaction%3Dlightbox%26settings%3DeyJpZCI6MjM5MzQsInVybCI6Imh0dHBzOlwvXC93d3cuY21vbnNpdGUuZnJcL3NpdGVcL3dwLWNvbnRlbnRcL3VwbG9hZHNcLzIwMjNcLzAyXC9jaHJvbWVfelRkNjhuSVRBcC5wbmcifQ%3D%3D\">\n\t\t\t\t\t\t\t<img decoding=\"async\" width=\"768\" height=\"296\" src=\"https:\/\/www.cmonsite.fr\/site\/webup\/2023\/02\/chrome_zTd68nITAp-768x296.png\" class=\"attachment-medium_large size-medium_large wp-image-23934\" alt=\"\" srcset=\"https:\/\/www.cmonsite.fr\/site\/webup\/2023\/02\/chrome_zTd68nITAp-768x296.png 768w, https:\/\/www.cmonsite.fr\/site\/webup\/2023\/02\/chrome_zTd68nITAp-300x116.png 300w, https:\/\/www.cmonsite.fr\/site\/webup\/2023\/02\/chrome_zTd68nITAp-1024x394.png 1024w, https:\/\/www.cmonsite.fr\/site\/webup\/2023\/02\/chrome_zTd68nITAp.png 1259w\" sizes=\"(max-width: 768px) 100vw, 768px\" \/>\t\t\t\t\t\t\t\t<\/a>\n\t\t\t\t\t\t\t\t\t\t\t\t\t\t\t<\/div>\n\t\t\t\t<\/div>\n\t\t\t\t\t<\/div>\n\t\t\t\t<\/div>\n\t\t\t\t<div class=\"elementor-element elementor-element-b8a529b elementor-widget elementor-widget-heading\" data-id=\"b8a529b\" data-element_type=\"widget\" data-e-type=\"widget\" data-widget_type=\"heading.default\">\n\t\t\t\t<div class=\"elementor-widget-container\">\n\t\t\t\t\t<h2 class=\"elementor-heading-title elementor-size-default\">Comment configurer votre boutique Facebook ou Instagram ? <\/h2>\t\t\t\t<\/div>\n\t\t\t\t<\/div>\n\t\t\t\t<div class=\"elementor-element elementor-element-5b8c52d elementor-widget elementor-widget-text-editor\" data-id=\"5b8c52d\" data-element_type=\"widget\" data-e-type=\"widget\" data-widget_type=\"text-editor.default\">\n\t\t\t\t<div class=\"elementor-widget-container\">\n\t\t\t\t\t\t\t\t\t<p>Pour vous rendre sur votre boutique Facebook, il suffit de cliquer sur le lien de votre identifiant, puis sur \u201cArticles\u201d dans le menu Facebook.<\/p>\t\t\t\t\t\t\t\t<\/div>\n\t\t\t\t<\/div>\n\t\t<div class=\"elementor-element elementor-element-94f9c59 e-flex e-con-boxed e-con e-parent\" data-id=\"94f9c59\" data-element_type=\"container\" data-e-type=\"container\">\n\t\t\t\t\t<div class=\"e-con-inner\">\n\t\t\t\t<div class=\"elementor-element elementor-element-e227f6a elementor-widget elementor-widget-image\" data-id=\"e227f6a\" data-element_type=\"widget\" data-e-type=\"widget\" data-widget_type=\"image.default\">\n\t\t\t\t<div class=\"elementor-widget-container\">\n\t\t\t\t\t\t\t\t\t\t\t\t\t\t\t\t<a href=\"https:\/\/www.cmonsite.fr\/site\/webup\/2023\/02\/chrome_3dW4xnhMLY.png\" data-elementor-open-lightbox=\"yes\" data-elementor-lightbox-title=\"identifiantCatalogueFacebook\" data-e-action-hash=\"#elementor-action%3Aaction%3Dlightbox%26settings%3DeyJpZCI6MjM5MzEsInVybCI6Imh0dHBzOlwvXC93d3cuY21vbnNpdGUuZnJcL3NpdGVcL3dwLWNvbnRlbnRcL3VwbG9hZHNcLzIwMjNcLzAyXC9jaHJvbWVfM2RXNHhuaE1MWS5wbmcifQ%3D%3D\">\n\t\t\t\t\t\t\t<img loading=\"lazy\" decoding=\"async\" width=\"768\" height=\"209\" src=\"https:\/\/www.cmonsite.fr\/site\/webup\/2023\/02\/chrome_3dW4xnhMLY-768x209.png\" class=\"attachment-medium_large size-medium_large wp-image-23931\" alt=\"Capture d&#039;\u00e9cran de l&#039;identifiant du catalogue Facebook\" srcset=\"https:\/\/www.cmonsite.fr\/site\/webup\/2023\/02\/chrome_3dW4xnhMLY-768x209.png 768w, https:\/\/www.cmonsite.fr\/site\/webup\/2023\/02\/chrome_3dW4xnhMLY-300x82.png 300w, https:\/\/www.cmonsite.fr\/site\/webup\/2023\/02\/chrome_3dW4xnhMLY-1024x279.png 1024w, https:\/\/www.cmonsite.fr\/site\/webup\/2023\/02\/chrome_3dW4xnhMLY.png 1261w\" sizes=\"(max-width: 768px) 100vw, 768px\" \/>\t\t\t\t\t\t\t\t<\/a>\n\t\t\t\t\t\t\t\t\t\t\t\t\t\t\t<\/div>\n\t\t\t\t<\/div>\n\t\t\t\t\t<\/div>\n\t\t\t\t<\/div>\n\t\t\t\t<div class=\"elementor-element elementor-element-5f9fbfc elementor-widget elementor-widget-text-editor\" data-id=\"5f9fbfc\" data-element_type=\"widget\" data-e-type=\"widget\" data-widget_type=\"text-editor.default\">\n\t\t\t\t<div class=\"elementor-widget-container\">\n\t\t\t\t\t\t\t\t\t<p>Si vous souhaitez, <strong>synchroniser manuellement<\/strong> l\u2019affichage de vos produits et ne pas attendre une heure, il suffit de vous rendre sur votre boutique Facebook et d\u2019aller dans \u201c<strong>Sources de donn\u00e9es<\/strong>\u201d, de cliquer sur le nom de votre flux, puis sur \u201cImporter maintenant\u201d.<\/p><p>\u00a0<\/p><p>Pour <strong>activer votre boutique<\/strong> Facebook ou Instagram, il suffit de vous rendre sur votre boutique Facebook et d\u2019aller dans \u201c<strong>Boutiques<\/strong>\u201d &gt; \u201c<strong>Acc\u00e9der aux boutiques<\/strong>\u201d.<\/p><p>Voici les diff\u00e9rentes \u00e9tapes vous permettant de finaliser la configuration de votre boutique :<\/p><ul><li>Vous pouvez \u201c<strong>Choisir le moyen de paiement<\/strong>\u201d, \u00e0 savoir si vous pr\u00e9f\u00e9rez que vos produits redirigent vers votre site et donc que le paiement s\u2019effectue sur le site ou bien que le paiement s\u2019effectue avec Facebook ou Instagram.<br \/>\u00a0<\/li><li>Vous pouvez \u201c<strong>Choisir les canaux de vente<\/strong>\u201d, ici vous pouvez renseigner le compte Business Manager pr\u00e9alablement configur\u00e9.<br \/>\u00a0<\/li><li>Vous pouvez \u201c<strong>Ajouter des produits<\/strong>\u201d en s\u00e9lectionnant le catalogue pr\u00e9alablement configur\u00e9, ou bien en cr\u00e9ant un nouveau catalogue.<br \/>\u00a0<\/li><li>Vous pouvez \u201c<strong>Ajouter des destinations de livraisons<\/strong>\u201d, ici, il vous suffit de s\u00e9lectionner les pays ou r\u00e9gion vers lesquels vous livrez.<br \/><br \/><\/li><li>Ensuite, v\u00e9rifiez les informations renseign\u00e9es et cliquez sur \u201c<strong>Terminer la configuration<\/strong>\u201d<\/li><\/ul><p>\u00a0<\/p><p>Enfin, vous pouvez cliquer sur \u201c<strong>Publier la boutique<\/strong>\u201d.<\/p><p>Vous pouvez d\u00e9terminer diff\u00e9rents<strong> param\u00e8tres visuels<\/strong> en vous aidant des didacticiels vid\u00e9os fournis par Facebook.<\/p><p>Votre boutique Facebook ou Instagram sera en ligne apr\u00e8s <strong>examen et v\u00e9rification par Facebook<\/strong>. Il faut compter environ 24h.<\/p>\t\t\t\t\t\t\t\t<\/div>\n\t\t\t\t<\/div>\n\t\t\t\t<div class=\"elementor-element elementor-element-db8a325 elementor-widget elementor-widget-spacer\" data-id=\"db8a325\" data-element_type=\"widget\" data-e-type=\"widget\" data-widget_type=\"spacer.default\">\n\t\t\t\t<div class=\"elementor-widget-container\">\n\t\t\t\t\t\t\t<div class=\"elementor-spacer\">\n\t\t\t<div class=\"elementor-spacer-inner\"><\/div>\n\t\t<\/div>\n\t\t\t\t\t\t<\/div>\n\t\t\t\t<\/div>\n\t\t\t\t\t<\/div>\n\t\t\t\t<\/div>\n\t\t<div class=\"elementor-element elementor-element-646cc2b e-flex e-con-boxed e-con e-parent\" data-id=\"646cc2b\" data-element_type=\"container\" data-e-type=\"container\">\n\t\t\t\t\t<div class=\"e-con-inner\">\n\t\t\t\t<div class=\"elementor-element elementor-element-754331e elementor-widget-divider--view-line elementor-widget elementor-widget-divider\" data-id=\"754331e\" data-element_type=\"widget\" data-e-type=\"widget\" data-widget_type=\"divider.default\">\n\t\t\t\t<div class=\"elementor-widget-container\">\n\t\t\t\t\t\t\t<div class=\"elementor-divider\">\n\t\t\t<span class=\"elementor-divider-separator\">\n\t\t\t\t\t\t<\/span>\n\t\t<\/div>\n\t\t\t\t\t\t<\/div>\n\t\t\t\t<\/div>\n\t\t\t\t<div class=\"elementor-element elementor-element-b3dfe61 elementor-widget elementor-widget-text-editor\" data-id=\"b3dfe61\" data-element_type=\"widget\" data-e-type=\"widget\" data-widget_type=\"text-editor.default\">\n\t\t\t\t<div class=\"elementor-widget-container\">\n\t\t\t\t\t\t\t\t\t<p>Voir aussi dans la m\u00eame th\u00e9matique :<\/p><ul><li><a href=\"https:\/\/www.cmonsite.fr\/site\/aide\/astuces-informations\/comment-booster-la-notoriete-de-sa-marque-grace-aux-reseaux-sociaux\">Comment booster la notori\u00e9t\u00e9 de sa marque gr\u00e2ce aux r\u00e9seaux sociaux ?<\/a><\/li><\/ul>\t\t\t\t\t\t\t\t<\/div>\n\t\t\t\t<\/div>\n\t\t\t\t\t<\/div>\n\t\t\t\t<\/div>\n\t\t\t\t<\/div>\n\t\t","protected":false},"excerpt":{"rendered":"<p>Vous avez cr\u00e9\u00e9 une boutique CmonSite et souhaitez transmettre automatiquement les produits de votre site ainsi que les futurs produits dans votre boutique Facebook ou Instagram ? D\u00e9couvrez toutes les \u00e9tapes d\u00e9taill\u00e9es pour synchroniser votre boutique \u00e0 Facebook ou Instagram. N&#8217;h\u00e9sitez pas \u00e0 consulter cette vid\u00e9o pour avoir un support visuel et audio ! Comment [&hellip;]<\/p>\n","protected":false},"author":1,"featured_media":0,"parent":24664,"menu_order":2,"comment_status":"closed","ping_status":"closed","template":"","meta":{"_helpful_status":1,"footnotes":""},"class_list":["post-23925","page","type-page","status-publish","hentry"],"_links":{"self":[{"href":"https:\/\/www.cmonsite.fr\/site\/wp-json\/wp\/v2\/pages\/23925","targetHints":{"allow":["GET"]}}],"collection":[{"href":"https:\/\/www.cmonsite.fr\/site\/wp-json\/wp\/v2\/pages"}],"about":[{"href":"https:\/\/www.cmonsite.fr\/site\/wp-json\/wp\/v2\/types\/page"}],"author":[{"embeddable":true,"href":"https:\/\/www.cmonsite.fr\/site\/wp-json\/wp\/v2\/users\/1"}],"replies":[{"embeddable":true,"href":"https:\/\/www.cmonsite.fr\/site\/wp-json\/wp\/v2\/comments?post=23925"}],"version-history":[{"count":33,"href":"https:\/\/www.cmonsite.fr\/site\/wp-json\/wp\/v2\/pages\/23925\/revisions"}],"predecessor-version":[{"id":26257,"href":"https:\/\/www.cmonsite.fr\/site\/wp-json\/wp\/v2\/pages\/23925\/revisions\/26257"}],"up":[{"embeddable":true,"href":"https:\/\/www.cmonsite.fr\/site\/wp-json\/wp\/v2\/pages\/24664"}],"wp:attachment":[{"href":"https:\/\/www.cmonsite.fr\/site\/wp-json\/wp\/v2\/media?parent=23925"}],"curies":[{"name":"wp","href":"https:\/\/api.w.org\/{rel}","templated":true}]}}