{"id":23698,"date":"2023-01-05T09:28:57","date_gmt":"2023-01-05T08:28:57","guid":{"rendered":"https:\/\/www.cmonsite.fr\/site\/?page_id=23698"},"modified":"2023-06-16T11:20:10","modified_gmt":"2023-06-16T09:20:10","slug":"comment-exporter-son-catalogue-produit","status":"publish","type":"page","link":"https:\/\/www.cmonsite.fr\/site\/aide\/import-et-export-de-donnees\/comment-exporter-son-catalogue-produit","title":{"rendered":"Comment t\u00e9l\u00e9charger mon catalogue produit ?"},"content":{"rendered":"\t\t<div data-elementor-type=\"wp-page\" data-elementor-id=\"23698\" class=\"elementor elementor-23698\" data-elementor-post-type=\"page\">\n\t\t\t\t<div class=\"elementor-element elementor-element-bd9225a e-flex e-con-boxed e-con e-parent\" data-id=\"bd9225a\" data-element_type=\"container\" data-e-type=\"container\">\n\t\t\t\t\t<div class=\"e-con-inner\">\n\t\t\t\t<div class=\"elementor-element elementor-element-6c046b3 elementor-widget elementor-widget-text-editor\" data-id=\"6c046b3\" data-element_type=\"widget\" data-e-type=\"widget\" data-widget_type=\"text-editor.default\">\n\t\t\t\t<div class=\"elementor-widget-container\">\n\t\t\t\t\t\t\t\t\t<p>Vous avez la possibilit\u00e9 d\u2019exporter votre catalogue produit et de configurer des options d\u2019export.<\/p>\t\t\t\t\t\t\t\t<\/div>\n\t\t\t\t<\/div>\n\t\t\t\t<div class=\"elementor-element elementor-element-abc3024 elementor-widget elementor-widget-image\" data-id=\"abc3024\" data-element_type=\"widget\" data-e-type=\"widget\" data-widget_type=\"image.default\">\n\t\t\t\t<div class=\"elementor-widget-container\">\n\t\t\t\t\t\t\t\t\t\t\t\t\t\t\t<img fetchpriority=\"high\" decoding=\"async\" width=\"943\" height=\"630\" src=\"https:\/\/www.cmonsite.fr\/site\/webup\/2023\/01\/chrome_cpV5TMlWur.png\" class=\"attachment-full size-full wp-image-23701\" alt=\"\" srcset=\"https:\/\/www.cmonsite.fr\/site\/webup\/2023\/01\/chrome_cpV5TMlWur.png 943w, https:\/\/www.cmonsite.fr\/site\/webup\/2023\/01\/chrome_cpV5TMlWur-300x200.png 300w, https:\/\/www.cmonsite.fr\/site\/webup\/2023\/01\/chrome_cpV5TMlWur-768x513.png 768w\" sizes=\"(max-width: 943px) 100vw, 943px\" \/>\t\t\t\t\t\t\t\t\t\t\t\t\t\t\t<\/div>\n\t\t\t\t<\/div>\n\t\t\t\t<div class=\"elementor-element elementor-element-64d7224 elementor-widget elementor-widget-heading\" data-id=\"64d7224\" data-element_type=\"widget\" data-e-type=\"widget\" data-widget_type=\"heading.default\">\n\t\t\t\t<div class=\"elementor-widget-container\">\n\t\t\t\t\t<h2 class=\"elementor-heading-title elementor-size-default\">Acc\u00e8s \u00e0 la page d'export<\/h2>\t\t\t\t<\/div>\n\t\t\t\t<\/div>\n\t\t\t\t<div class=\"elementor-element elementor-element-45eb4f3 elementor-widget elementor-widget-text-editor\" data-id=\"45eb4f3\" data-element_type=\"widget\" data-e-type=\"widget\" data-widget_type=\"text-editor.default\">\n\t\t\t\t<div class=\"elementor-widget-container\">\n\t\t\t\t\t\t\t\t\t<p>Pour acc\u00e9der \u00e0 la page d&#8217;export, vous pouvez aller dans \u201cBoutique\u201d &gt; \u201cExport de donn\u00e9es\u201d, directement accessible en <a href=\"https:\/\/www.cmonsite.fr\/configboutique.php#export\" target=\"_blank\" rel=\"noopener\">cliquant ici<\/a>.<\/p>\t\t\t\t\t\t\t\t<\/div>\n\t\t\t\t<\/div>\n\t\t\t\t<div class=\"elementor-element elementor-element-6bdf519 elementor-widget elementor-widget-image\" data-id=\"6bdf519\" data-element_type=\"widget\" data-e-type=\"widget\" data-widget_type=\"image.default\">\n\t\t\t\t<div class=\"elementor-widget-container\">\n\t\t\t\t\t\t\t\t\t\t\t\t\t\t\t<img decoding=\"async\" width=\"1118\" height=\"429\" src=\"https:\/\/www.cmonsite.fr\/site\/webup\/2021\/06\/export-donnees.png\" class=\"attachment-full size-full wp-image-15811\" alt=\"\" srcset=\"https:\/\/www.cmonsite.fr\/site\/webup\/2021\/06\/export-donnees.png 1118w, https:\/\/www.cmonsite.fr\/site\/webup\/2021\/06\/export-donnees-300x115.png 300w, https:\/\/www.cmonsite.fr\/site\/webup\/2021\/06\/export-donnees-1024x393.png 1024w, https:\/\/www.cmonsite.fr\/site\/webup\/2021\/06\/export-donnees-768x295.png 768w\" sizes=\"(max-width: 1118px) 100vw, 1118px\" \/>\t\t\t\t\t\t\t\t\t\t\t\t\t\t\t<\/div>\n\t\t\t\t<\/div>\n\t\t\t\t<div class=\"elementor-element elementor-element-433ef09 elementor-widget elementor-widget-heading\" data-id=\"433ef09\" data-element_type=\"widget\" data-e-type=\"widget\" data-widget_type=\"heading.default\">\n\t\t\t\t<div class=\"elementor-widget-container\">\n\t\t\t\t\t<h2 class=\"elementor-heading-title elementor-size-default\">Style d'affichage<\/h2>\t\t\t\t<\/div>\n\t\t\t\t<\/div>\n\t\t\t\t<div class=\"elementor-element elementor-element-2e01bc9 elementor-widget elementor-widget-text-editor\" data-id=\"2e01bc9\" data-element_type=\"widget\" data-e-type=\"widget\" data-widget_type=\"text-editor.default\">\n\t\t\t\t<div class=\"elementor-widget-container\">\n\t\t\t\t\t\t\t\t\t<p>Choisissez le type d\u2019affichage de votre catalogue PDF : en ligne, en mosa\u00efque de 4 ou 3 colonnes.<\/p>\t\t\t\t\t\t\t\t<\/div>\n\t\t\t\t<\/div>\n\t\t\t\t<div class=\"elementor-element elementor-element-925abeb elementor-widget elementor-widget-heading\" data-id=\"925abeb\" data-element_type=\"widget\" data-e-type=\"widget\" data-widget_type=\"heading.default\">\n\t\t\t\t<div class=\"elementor-widget-container\">\n\t\t\t\t\t<h2 class=\"elementor-heading-title elementor-size-default\">Stock des produits<\/h2>\t\t\t\t<\/div>\n\t\t\t\t<\/div>\n\t\t\t\t<div class=\"elementor-element elementor-element-3bcc624 elementor-widget elementor-widget-text-editor\" data-id=\"3bcc624\" data-element_type=\"widget\" data-e-type=\"widget\" data-widget_type=\"text-editor.default\">\n\t\t\t\t<div class=\"elementor-widget-container\">\n\t\t\t\t\t\t\t\t\t<p>Pr\u00e9cisez si vous souhaitez exporter les produits hors stock, en stock, ou bien les deux.<\/p>\t\t\t\t\t\t\t\t<\/div>\n\t\t\t\t<\/div>\n\t\t\t\t<div class=\"elementor-element elementor-element-4dc5718 elementor-widget elementor-widget-heading\" data-id=\"4dc5718\" data-element_type=\"widget\" data-e-type=\"widget\" data-widget_type=\"heading.default\">\n\t\t\t\t<div class=\"elementor-widget-container\">\n\t\t\t\t\t<h2 class=\"elementor-heading-title elementor-size-default\">Statut des produits<\/h2>\t\t\t\t<\/div>\n\t\t\t\t<\/div>\n\t\t\t\t<div class=\"elementor-element elementor-element-5da26e7 elementor-widget elementor-widget-text-editor\" data-id=\"5da26e7\" data-element_type=\"widget\" data-e-type=\"widget\" data-widget_type=\"text-editor.default\">\n\t\t\t\t<div class=\"elementor-widget-container\">\n\t\t\t\t\t\t\t\t\t<p>S\u00e9lectionnez le statut des produits que vous souhaitez exporter :<\/p><ul><li>En ligne<\/li><li>En ligne &amp; invisible dans le catalogue<\/li><li>En ligne &amp; vente d\u00e9sactiv\u00e9e<\/li><li>D\u00e9sactiv\u00e9<\/li><\/ul><p><span style=\"background-color: transparent; color: var( --e-global-color-text ); font-family: var( --e-global-typography-text-font-family ), Sans-serif; font-weight: var( --e-global-typography-text-font-weight ); text-align: var(--text-align);\"><br \/>Vous pouvez en s\u00e9lectionner plusieurs \u00e0 la fois.<\/span><\/p>\t\t\t\t\t\t\t\t<\/div>\n\t\t\t\t<\/div>\n\t\t\t\t<div class=\"elementor-element elementor-element-27e232d elementor-widget elementor-widget-heading\" data-id=\"27e232d\" data-element_type=\"widget\" data-e-type=\"widget\" data-widget_type=\"heading.default\">\n\t\t\t\t<div class=\"elementor-widget-container\">\n\t\t\t\t\t<h2 class=\"elementor-heading-title elementor-size-default\">Avec ou sans taxe<\/h2>\t\t\t\t<\/div>\n\t\t\t\t<\/div>\n\t\t\t\t<div class=\"elementor-element elementor-element-894e97f elementor-widget elementor-widget-text-editor\" data-id=\"894e97f\" data-element_type=\"widget\" data-e-type=\"widget\" data-widget_type=\"text-editor.default\">\n\t\t\t\t<div class=\"elementor-widget-container\">\n\t\t\t\t\t\t\t\t\t<p>Choisissez si le prix des produits export\u00e9s doit \u00eatre en TTC ou HT.<\/p>\t\t\t\t\t\t\t\t<\/div>\n\t\t\t\t<\/div>\n\t\t\t\t<div class=\"elementor-element elementor-element-8d4b659 elementor-widget elementor-widget-heading\" data-id=\"8d4b659\" data-element_type=\"widget\" data-e-type=\"widget\" data-widget_type=\"heading.default\">\n\t\t\t\t<div class=\"elementor-widget-container\">\n\t\t\t\t\t<h2 class=\"elementor-heading-title elementor-size-default\">Limite d'export \u00e0 certaines cat\u00e9gories de produits<\/h2>\t\t\t\t<\/div>\n\t\t\t\t<\/div>\n\t\t\t\t<div class=\"elementor-element elementor-element-aba06ea elementor-widget elementor-widget-text-editor\" data-id=\"aba06ea\" data-element_type=\"widget\" data-e-type=\"widget\" data-widget_type=\"text-editor.default\">\n\t\t\t\t<div class=\"elementor-widget-container\">\n\t\t\t\t\t\t\t\t\t<p>Choisissez si vous souhaitez activer la limite d\u2019export.<\/p><p>Puis, s\u00e9lectionnez les cat\u00e9gories de produits que vous souhaitez exporter.<\/p>\t\t\t\t\t\t\t\t<\/div>\n\t\t\t\t<\/div>\n\t\t<div class=\"elementor-element elementor-element-865f30c e-flex e-con-boxed e-con e-parent\" data-id=\"865f30c\" data-element_type=\"container\" data-e-type=\"container\" data-settings=\"{&quot;background_background&quot;:&quot;classic&quot;}\">\n\t\t\t\t\t<div class=\"e-con-inner\">\n\t\t\t\t<div class=\"elementor-element elementor-element-8a882f5 elementor-widget elementor-widget-heading\" data-id=\"8a882f5\" data-element_type=\"widget\" data-e-type=\"widget\" data-widget_type=\"heading.default\">\n\t\t\t\t<div class=\"elementor-widget-container\">\n\t\t\t\t\t<h2 class=\"elementor-heading-title elementor-size-default\">Le + de la Formule Pro<\/h2>\t\t\t\t<\/div>\n\t\t\t\t<\/div>\n\t\t\t\t<div class=\"elementor-element elementor-element-374b3f5 elementor-widget elementor-widget-text-editor\" data-id=\"374b3f5\" data-element_type=\"widget\" data-e-type=\"widget\" data-widget_type=\"text-editor.default\">\n\t\t\t\t<div class=\"elementor-widget-container\">\n\t\t\t\t\t\t\t\t\t<p>Exportez votre catalogue produit au <strong>format CSV<\/strong> en <a href=\"https:\/\/www.cmonsite.fr\/export_produit.php\" target=\"_blank\" rel=\"noopener\">cliquant ici<\/a>.<\/p>\t\t\t\t\t\t\t\t<\/div>\n\t\t\t\t<\/div>\n\t\t\t\t<div class=\"elementor-element elementor-element-486ff81 elementor-align-left elementor-tablet-align-right elementor-hidden-phone elementor-widget elementor-widget-button\" data-id=\"486ff81\" data-element_type=\"widget\" data-e-type=\"widget\" data-widget_type=\"button.default\">\n\t\t\t\t<div class=\"elementor-widget-container\">\n\t\t\t\t\t\t\t\t\t<div class=\"elementor-button-wrapper\">\n\t\t\t\t\t<a class=\"elementor-button elementor-button-link elementor-size-sm\" href=\"https:\/\/www.cmonsite.fr\/creer-un-site-professionnel.html\" target=\"_blank\">\n\t\t\t\t\t\t<span class=\"elementor-button-content-wrapper\">\n\t\t\t\t\t\t\t\t\t<span class=\"elementor-button-text\">Passer en Formule Pro<\/span>\n\t\t\t\t\t<\/span>\n\t\t\t\t\t<\/a>\n\t\t\t\t<\/div>\n\t\t\t\t\t\t\t\t<\/div>\n\t\t\t\t<\/div>\n\t\t\t\t\t<\/div>\n\t\t\t\t<\/div>\n\t\t\t\t\t<\/div>\n\t\t\t\t<\/div>\n\t\t<div class=\"elementor-element elementor-element-12e7dc8 e-flex e-con-boxed e-con e-parent\" data-id=\"12e7dc8\" data-element_type=\"container\" data-e-type=\"container\">\n\t\t\t\t\t<div class=\"e-con-inner\">\n\t\t\t\t<div class=\"elementor-element elementor-element-0c00b61 elementor-widget-divider--view-line elementor-widget elementor-widget-divider\" data-id=\"0c00b61\" data-element_type=\"widget\" data-e-type=\"widget\" data-widget_type=\"divider.default\">\n\t\t\t\t<div class=\"elementor-widget-container\">\n\t\t\t\t\t\t\t<div class=\"elementor-divider\">\n\t\t\t<span class=\"elementor-divider-separator\">\n\t\t\t\t\t\t<\/span>\n\t\t<\/div>\n\t\t\t\t\t\t<\/div>\n\t\t\t\t<\/div>\n\t\t\t\t<div class=\"elementor-element elementor-element-fb732a4 elementor-widget elementor-widget-text-editor\" data-id=\"fb732a4\" data-element_type=\"widget\" data-e-type=\"widget\" data-widget_type=\"text-editor.default\">\n\t\t\t\t<div class=\"elementor-widget-container\">\n\t\t\t\t\t\t\t\t\t<p>Voir aussi dans la m\u00eame th\u00e9matique :<\/p><ul><li><a href=\"https:\/\/www.cmonsite.fr\/site\/aide\/boutique\/ventes-et-commandes\/comment-recuperer-ses-factures-pour-sa-comptabilite\">Comment r\u00e9cup\u00e9rer ses factures pour sa comptabilit\u00e9 ?<\/a><\/li><li><a href=\"https:\/\/www.cmonsite.fr\/site\/aide\/boutique\/ventes-et-commandes\/nf-525-loi-des-finances-article-88\">NF 525 \u2013 Loi des finances article 88<\/a><\/li><\/ul>\t\t\t\t\t\t\t\t<\/div>\n\t\t\t\t<\/div>\n\t\t\t\t\t<\/div>\n\t\t\t\t<\/div>\n\t\t\t\t<\/div>\n\t\t","protected":false},"excerpt":{"rendered":"<p>Vous avez la possibilit\u00e9 d\u2019exporter votre catalogue produit et de configurer des options d\u2019export. Acc\u00e8s \u00e0 la page d&#8217;export Pour acc\u00e9der \u00e0 la page d&#8217;export, vous pouvez aller dans \u201cBoutique\u201d &gt; \u201cExport de donn\u00e9es\u201d, directement accessible en cliquant ici. Style d&#8217;affichage Choisissez le type d\u2019affichage de votre catalogue PDF : en ligne, en mosa\u00efque de [&hellip;]<\/p>\n","protected":false},"author":1,"featured_media":0,"parent":24669,"menu_order":1,"comment_status":"closed","ping_status":"closed","template":"","meta":{"_helpful_status":1,"footnotes":""},"class_list":["post-23698","page","type-page","status-publish","hentry"],"_links":{"self":[{"href":"https:\/\/www.cmonsite.fr\/site\/wp-json\/wp\/v2\/pages\/23698","targetHints":{"allow":["GET"]}}],"collection":[{"href":"https:\/\/www.cmonsite.fr\/site\/wp-json\/wp\/v2\/pages"}],"about":[{"href":"https:\/\/www.cmonsite.fr\/site\/wp-json\/wp\/v2\/types\/page"}],"author":[{"embeddable":true,"href":"https:\/\/www.cmonsite.fr\/site\/wp-json\/wp\/v2\/users\/1"}],"replies":[{"embeddable":true,"href":"https:\/\/www.cmonsite.fr\/site\/wp-json\/wp\/v2\/comments?post=23698"}],"version-history":[{"count":24,"href":"https:\/\/www.cmonsite.fr\/site\/wp-json\/wp\/v2\/pages\/23698\/revisions"}],"predecessor-version":[{"id":24671,"href":"https:\/\/www.cmonsite.fr\/site\/wp-json\/wp\/v2\/pages\/23698\/revisions\/24671"}],"up":[{"embeddable":true,"href":"https:\/\/www.cmonsite.fr\/site\/wp-json\/wp\/v2\/pages\/24669"}],"wp:attachment":[{"href":"https:\/\/www.cmonsite.fr\/site\/wp-json\/wp\/v2\/media?parent=23698"}],"curies":[{"name":"wp","href":"https:\/\/api.w.org\/{rel}","templated":true}]}}