{"id":23373,"date":"2022-11-23T09:37:40","date_gmt":"2022-11-23T08:37:40","guid":{"rendered":"https:\/\/www.cmonsite.fr\/site\/?page_id=23373"},"modified":"2026-02-03T17:45:53","modified_gmt":"2026-02-03T16:45:53","slug":"webinaires","status":"publish","type":"page","link":"https:\/\/www.cmonsite.fr\/site\/aide\/assistance-cmonsite\/webinaires","title":{"rendered":"Webinaires"},"content":{"rendered":"\t\t<div data-elementor-type=\"wp-page\" data-elementor-id=\"23373\" class=\"elementor elementor-23373\" data-elementor-post-type=\"page\">\n\t\t\t\t<div class=\"elementor-element elementor-element-846762f e-flex e-con-boxed e-con e-parent\" data-id=\"846762f\" data-element_type=\"container\" data-e-type=\"container\">\n\t\t\t\t\t<div class=\"e-con-inner\">\n\t\t<div class=\"elementor-element elementor-element-7ba5143 e-con-full e-flex e-con e-child\" data-id=\"7ba5143\" data-element_type=\"container\" data-e-type=\"container\">\n\t\t\t\t<div class=\"elementor-element elementor-element-9103318 elementor-widget elementor-widget-image\" data-id=\"9103318\" data-element_type=\"widget\" data-e-type=\"widget\" data-widget_type=\"image.default\">\n\t\t\t\t<div class=\"elementor-widget-container\">\n\t\t\t\t\t\t\t\t\t\t\t\t\t\t\t<img fetchpriority=\"high\" decoding=\"async\" width=\"1190\" height=\"506\" src=\"https:\/\/www.cmonsite.fr\/site\/webup\/2022\/11\/webinaire-cmonsite.jpg\" class=\"attachment-full size-full wp-image-23404\" alt=\"\" srcset=\"https:\/\/www.cmonsite.fr\/site\/webup\/2022\/11\/webinaire-cmonsite.jpg 1190w, https:\/\/www.cmonsite.fr\/site\/webup\/2022\/11\/webinaire-cmonsite-300x128.jpg 300w, https:\/\/www.cmonsite.fr\/site\/webup\/2022\/11\/webinaire-cmonsite-1024x435.jpg 1024w, https:\/\/www.cmonsite.fr\/site\/webup\/2022\/11\/webinaire-cmonsite-768x327.jpg 768w\" sizes=\"(max-width: 1190px) 100vw, 1190px\" \/>\t\t\t\t\t\t\t\t\t\t\t\t\t\t\t<\/div>\n\t\t\t\t<\/div>\n\t\t\t\t<div class=\"elementor-element elementor-element-628de22 elementor-widget elementor-widget-heading\" data-id=\"628de22\" data-element_type=\"widget\" data-e-type=\"widget\" data-widget_type=\"heading.default\">\n\t\t\t\t<div class=\"elementor-widget-container\">\n\t\t\t\t\t<p class=\"elementor-heading-title elementor-size-xxl\">Webinaires<\/p>\t\t\t\t<\/div>\n\t\t\t\t<\/div>\n\t\t\t\t<div class=\"elementor-element elementor-element-0263ae5 elementor-widget elementor-widget-text-editor\" data-id=\"0263ae5\" data-element_type=\"widget\" data-e-type=\"widget\" data-widget_type=\"text-editor.default\">\n\t\t\t\t<div class=\"elementor-widget-container\">\n\t\t\t\t\t\t\t\t\t<p><strong>Fort de 17 ans d&#8217;exp\u00e9rience<\/strong> dans la cr\u00e9ation de sites internet, <a href=\"https:\/\/www.cmonsite.fr\/\">Cmonsite<\/a> propose des <strong>webinaires<\/strong> de qualit\u00e9. Nous faisons participer des e-commer\u00e7ants afin qu&#8217;ils <strong>puissent t\u00e9moigner \u00e9galement des astuces<\/strong> qu&#8217;ils ont utilis\u00e9 dans le d\u00e9veloppement de leur soci\u00e9t\u00e9.<\/p><p>Nous avons <strong>\u00e0 c\u0153ur d&#8217;aider tous les entrepreneurs<\/strong> \u00e0 se lancer et \u00e0 se d\u00e9velopper.<\/p>\t\t\t\t\t\t\t\t<\/div>\n\t\t\t\t<\/div>\n\t\t\t\t<div class=\"elementor-element elementor-element-ffb1cb6 elementor-widget elementor-widget-spacer\" data-id=\"ffb1cb6\" data-element_type=\"widget\" data-e-type=\"widget\" data-widget_type=\"spacer.default\">\n\t\t\t\t<div class=\"elementor-widget-container\">\n\t\t\t\t\t\t\t<div class=\"elementor-spacer\">\n\t\t\t<div class=\"elementor-spacer-inner\"><\/div>\n\t\t<\/div>\n\t\t\t\t\t\t<\/div>\n\t\t\t\t<\/div>\n\t\t\t\t<\/div>\n\t\t\t\t\t<\/div>\n\t\t\t\t<\/div>\n\t\t<div class=\"elementor-element elementor-element-339a7df e-flex e-con-boxed e-con e-parent\" data-id=\"339a7df\" data-element_type=\"container\" data-e-type=\"container\">\n\t\t\t\t\t<div class=\"e-con-inner\">\n\t\t\t\t<div class=\"elementor-element elementor-element-9241401 elementor-widget-divider--view-line elementor-widget elementor-widget-divider\" data-id=\"9241401\" data-element_type=\"widget\" data-e-type=\"widget\" data-widget_type=\"divider.default\">\n\t\t\t\t<div class=\"elementor-widget-container\">\n\t\t\t\t\t\t\t<div class=\"elementor-divider\">\n\t\t\t<span class=\"elementor-divider-separator\">\n\t\t\t\t\t\t<\/span>\n\t\t<\/div>\n\t\t\t\t\t\t<\/div>\n\t\t\t\t<\/div>\n\t\t\t\t\t<\/div>\n\t\t\t\t<\/div>\n\t\t<div class=\"elementor-element elementor-element-ccbaee6 e-flex e-con-boxed e-con e-parent\" data-id=\"ccbaee6\" data-element_type=\"container\" data-e-type=\"container\">\n\t\t\t\t\t<div class=\"e-con-inner\">\n\t\t<div class=\"elementor-element elementor-element-9cbb830 e-flex e-con-boxed e-con e-child\" data-id=\"9cbb830\" data-element_type=\"container\" data-e-type=\"container\">\n\t\t\t\t\t<div class=\"e-con-inner\">\n\t\t\t\t<div class=\"elementor-element elementor-element-ec9f2ef elementor-widget elementor-widget-heading\" data-id=\"ec9f2ef\" data-element_type=\"widget\" data-e-type=\"widget\" data-widget_type=\"heading.default\">\n\t\t\t\t<div class=\"elementor-widget-container\">\n\t\t\t\t\t<h2 class=\"elementor-heading-title elementor-size-xl\">Prochains Webinaires CmonSite<\/h2>\t\t\t\t<\/div>\n\t\t\t\t<\/div>\n\t\t\t\t\t<\/div>\n\t\t\t\t<\/div>\n\t\t\t\t<div class=\"elementor-element elementor-element-dba22f9 elementor-widget elementor-widget-html\" data-id=\"dba22f9\" data-element_type=\"widget\" data-e-type=\"widget\" data-widget_type=\"html.default\">\n\t\t\t\t<div class=\"elementor-widget-container\">\n\t\t\t\t\t<iframe src=\"https:\/\/docs.google.com\/forms\/d\/e\/1FAIpQLSd5QoNPsHW_h14vZD8qrLNnEyozbusDh_sZJwp93FW866SXxA\/viewform?embedded=true\" width=\"640\" height=\"1450\" frameborder=\"0\" marginheight=\"0\" marginwidth=\"0\">Chargement\u2026<\/iframe>\t\t\t\t<\/div>\n\t\t\t\t<\/div>\n\t\t\t\t\t<\/div>\n\t\t\t\t<\/div>\n\t\t<div class=\"elementor-element elementor-element-a04fec9 e-flex e-con-boxed e-con e-parent\" data-id=\"a04fec9\" data-element_type=\"container\" data-e-type=\"container\">\n\t\t\t\t\t<div class=\"e-con-inner\">\n\t\t\t\t<div class=\"elementor-element elementor-element-e195997 elementor-widget-divider--view-line elementor-widget elementor-widget-divider\" data-id=\"e195997\" data-element_type=\"widget\" data-e-type=\"widget\" data-widget_type=\"divider.default\">\n\t\t\t\t<div class=\"elementor-widget-container\">\n\t\t\t\t\t\t\t<div class=\"elementor-divider\">\n\t\t\t<span class=\"elementor-divider-separator\">\n\t\t\t\t\t\t<\/span>\n\t\t<\/div>\n\t\t\t\t\t\t<\/div>\n\t\t\t\t<\/div>\n\t\t\t\t\t<\/div>\n\t\t\t\t<\/div>\n\t\t<div class=\"elementor-element elementor-element-353028a e-flex e-con-boxed e-con e-parent\" data-id=\"353028a\" data-element_type=\"container\" data-e-type=\"container\">\n\t\t\t\t\t<div class=\"e-con-inner\">\n\t\t\t\t<div class=\"elementor-element elementor-element-bd8d2f1 elementor-widget elementor-widget-image\" data-id=\"bd8d2f1\" data-element_type=\"widget\" data-e-type=\"widget\" data-widget_type=\"image.default\">\n\t\t\t\t<div class=\"elementor-widget-container\">\n\t\t\t\t\t\t\t\t\t\t\t\t\t\t\t<img decoding=\"async\" width=\"1190\" height=\"506\" src=\"https:\/\/www.cmonsite.fr\/site\/webup\/2023\/01\/derniers-replay.jpg\" class=\"attachment-2048x2048 size-2048x2048 wp-image-23758\" alt=\"\" srcset=\"https:\/\/www.cmonsite.fr\/site\/webup\/2023\/01\/derniers-replay.jpg 1190w, https:\/\/www.cmonsite.fr\/site\/webup\/2023\/01\/derniers-replay-300x128.jpg 300w, https:\/\/www.cmonsite.fr\/site\/webup\/2023\/01\/derniers-replay-1024x435.jpg 1024w, https:\/\/www.cmonsite.fr\/site\/webup\/2023\/01\/derniers-replay-768x327.jpg 768w\" sizes=\"(max-width: 1190px) 100vw, 1190px\" \/>\t\t\t\t\t\t\t\t\t\t\t\t\t\t\t<\/div>\n\t\t\t\t<\/div>\n\t\t<div class=\"elementor-element elementor-element-edac839 e-con-full e-flex e-con e-child\" data-id=\"edac839\" data-element_type=\"container\" data-e-type=\"container\">\n\t\t\t\t<div class=\"elementor-element elementor-element-5269231 elementor-widget elementor-widget-heading\" data-id=\"5269231\" data-element_type=\"widget\" data-e-type=\"widget\" data-widget_type=\"heading.default\">\n\t\t\t\t<div class=\"elementor-widget-container\">\n\t\t\t\t\t<p class=\"elementor-heading-title elementor-size-xxl\">Replay Webinaires<\/p>\t\t\t\t<\/div>\n\t\t\t\t<\/div>\n\t\t\t\t<div class=\"elementor-element elementor-element-ed983ca elementor-widget elementor-widget-text-editor\" data-id=\"ed983ca\" data-element_type=\"widget\" data-e-type=\"widget\" data-widget_type=\"text-editor.default\">\n\t\t\t\t<div class=\"elementor-widget-container\">\n\t\t\t\t\t\t\t\t\t<p><b>Visualisez les derniers replay des webinaires de CmonSite pour apprendre \u00e0 cr\u00e9er votre site internet professionnel et d\u00e9velopper votre entreprise en ligne. Ces webinaires vous donneront toutes les cl\u00e9s pour r\u00e9ussir sur internet.<\/b><\/p>\t\t\t\t\t\t\t\t<\/div>\n\t\t\t\t<\/div>\n\t\t\t\t<div class=\"elementor-element elementor-element-051117a elementor-widget elementor-widget-spacer\" data-id=\"051117a\" data-element_type=\"widget\" data-e-type=\"widget\" data-widget_type=\"spacer.default\">\n\t\t\t\t<div class=\"elementor-widget-container\">\n\t\t\t\t\t\t\t<div class=\"elementor-spacer\">\n\t\t\t<div class=\"elementor-spacer-inner\"><\/div>\n\t\t<\/div>\n\t\t\t\t\t\t<\/div>\n\t\t\t\t<\/div>\n\t\t\t\t<\/div>\n\t\t\t\t\t<\/div>\n\t\t\t\t<\/div>\n\t\t<div class=\"elementor-element elementor-element-968b5e5 e-flex e-con-boxed e-con e-parent\" data-id=\"968b5e5\" data-element_type=\"container\" data-e-type=\"container\">\n\t\t\t\t\t<div class=\"e-con-inner\">\n\t\t\t\t<div class=\"elementor-element elementor-element-529b3e5 elementor-align-center elementor-widget elementor-widget-button\" data-id=\"529b3e5\" data-element_type=\"widget\" data-e-type=\"widget\" data-widget_type=\"button.default\">\n\t\t\t\t<div class=\"elementor-widget-container\">\n\t\t\t\t\t\t\t\t\t<div class=\"elementor-button-wrapper\">\n\t\t\t\t\t<a class=\"elementor-button elementor-button-link elementor-size-sm\" href=\"https:\/\/www.youtube.com\/playlist?list=PLb5gowk2xIvuHTIzSXO_-3qtSZhlnFKiv\">\n\t\t\t\t\t\t<span class=\"elementor-button-content-wrapper\">\n\t\t\t\t\t\t\t\t\t<span class=\"elementor-button-text\">D\u00e9couvrir tous nos replays sur Youtube <\/span>\n\t\t\t\t\t<\/span>\n\t\t\t\t\t<\/a>\n\t\t\t\t<\/div>\n\t\t\t\t\t\t\t\t<\/div>\n\t\t\t\t<\/div>\n\t\t<div class=\"elementor-element elementor-element-5e26351 e-flex e-con-boxed e-con e-child\" data-id=\"5e26351\" data-element_type=\"container\" data-e-type=\"container\">\n\t\t\t\t\t<div class=\"e-con-inner\">\n\t\t<div class=\"elementor-element elementor-element-ea8c8d6 e-con-full e-flex e-con e-child\" data-id=\"ea8c8d6\" data-element_type=\"container\" data-e-type=\"container\">\n\t\t<div class=\"elementor-element elementor-element-3b6e97c e-flex e-con-boxed e-con e-child\" data-id=\"3b6e97c\" data-element_type=\"container\" data-e-type=\"container\">\n\t\t\t\t\t<div class=\"e-con-inner\">\n\t\t\t\t<div class=\"elementor-element elementor-element-0020d0d elementor-widget elementor-widget-spacer\" data-id=\"0020d0d\" data-element_type=\"widget\" data-e-type=\"widget\" data-widget_type=\"spacer.default\">\n\t\t\t\t<div class=\"elementor-widget-container\">\n\t\t\t\t\t\t\t<div class=\"elementor-spacer\">\n\t\t\t<div class=\"elementor-spacer-inner\"><\/div>\n\t\t<\/div>\n\t\t\t\t\t\t<\/div>\n\t\t\t\t<\/div>\n\t\t\t\t<div class=\"elementor-element elementor-element-db3813f elementor-widget elementor-widget-heading\" data-id=\"db3813f\" data-element_type=\"widget\" data-e-type=\"widget\" data-widget_type=\"heading.default\">\n\t\t\t\t<div class=\"elementor-widget-container\">\n\t\t\t\t\t<p class=\"elementor-heading-title elementor-size-large\">Dernier Replay du 03 f\u00e9vrier 2026 :<br \/>Les 10 indispensables pour cr\u00e9er son site internet<\/p>\t\t\t\t<\/div>\n\t\t\t\t<\/div>\n\t\t\t\t\t<\/div>\n\t\t\t\t<\/div>\n\t\t\t\t<\/div>\n\t\t\t\t\t<\/div>\n\t\t\t\t<\/div>\n\t\t\t\t\t<\/div>\n\t\t\t\t<\/div>\n\t\t<div class=\"elementor-element elementor-element-b115a4e e-flex e-con-boxed e-con e-parent\" data-id=\"b115a4e\" data-element_type=\"container\" data-e-type=\"container\" data-settings=\"{&quot;background_background&quot;:&quot;classic&quot;}\">\n\t\t\t\t\t<div class=\"e-con-inner\">\n\t\t\t\t<div class=\"elementor-element elementor-element-8515e75 elementor-widget elementor-widget-html\" data-id=\"8515e75\" data-element_type=\"widget\" data-e-type=\"widget\" data-widget_type=\"html.default\">\n\t\t\t\t<div class=\"elementor-widget-container\">\n\t\t\t\t\t<iframe width=\"600\" height=\"500\" src=\"https:\/\/www.youtube-nocookie.com\/embed\/SG-uukU3PxA?si=2GA4d3UELE7-zOIv&amp;start=10\" title=\"YouTube video player\" frameborder=\"0\" allow=\"accelerometer; autoplay; clipboard-write; encrypted-media; gyroscope; picture-in-picture; web-share\" referrerpolicy=\"strict-origin-when-cross-origin\" allowfullscreen><\/iframe>\t\t\t\t<\/div>\n\t\t\t\t<\/div>\n\t\t\t\t<div class=\"elementor-element elementor-element-15d2814 elementor-widget elementor-widget-spacer\" data-id=\"15d2814\" data-element_type=\"widget\" data-e-type=\"widget\" data-widget_type=\"spacer.default\">\n\t\t\t\t<div class=\"elementor-widget-container\">\n\t\t\t\t\t\t\t<div class=\"elementor-spacer\">\n\t\t\t<div class=\"elementor-spacer-inner\"><\/div>\n\t\t<\/div>\n\t\t\t\t\t\t<\/div>\n\t\t\t\t<\/div>\n\t\t\t\t<div class=\"elementor-element elementor-element-054506e elementor-align-center elementor-widget elementor-widget-button\" data-id=\"054506e\" data-element_type=\"widget\" data-e-type=\"widget\" data-widget_type=\"button.default\">\n\t\t\t\t<div class=\"elementor-widget-container\">\n\t\t\t\t\t\t\t\t\t<div class=\"elementor-button-wrapper\">\n\t\t\t\t\t<a class=\"elementor-button elementor-button-link elementor-size-xl\" href=\"https:\/\/www.cmonsite.fr\/contact.php\" target=\"_blank\">\n\t\t\t\t\t\t<span class=\"elementor-button-content-wrapper\">\n\t\t\t\t\t\t<span class=\"elementor-button-icon\">\n\t\t\t\t<i aria-hidden=\"true\" class=\"far fa-envelope\"><\/i>\t\t\t<\/span>\n\t\t\t\t\t\t\t\t\t<span class=\"elementor-button-text\">Des Questions ? Contactez-nous<\/span>\n\t\t\t\t\t<\/span>\n\t\t\t\t\t<\/a>\n\t\t\t\t<\/div>\n\t\t\t\t\t\t\t\t<\/div>\n\t\t\t\t<\/div>\n\t\t\t\t\t<\/div>\n\t\t\t\t<\/div>\n\t\t\t\t<\/div>\n\t\t","protected":false},"excerpt":{"rendered":"<p>Webinaires Fort de 17 ans d&#8217;exp\u00e9rience dans la cr\u00e9ation de sites internet, Cmonsite propose des webinaires de qualit\u00e9. Nous faisons participer des e-commer\u00e7ants afin qu&#8217;ils puissent t\u00e9moigner \u00e9galement des astuces qu&#8217;ils ont utilis\u00e9 dans le d\u00e9veloppement de leur soci\u00e9t\u00e9. Nous avons \u00e0 c\u0153ur d&#8217;aider tous les entrepreneurs \u00e0 se lancer et \u00e0 se d\u00e9velopper. Prochains [&hellip;]<\/p>\n","protected":false},"author":1,"featured_media":0,"parent":720,"menu_order":5,"comment_status":"closed","ping_status":"closed","template":"","meta":{"_helpful_status":1,"footnotes":""},"class_list":["post-23373","page","type-page","status-publish","hentry"],"_links":{"self":[{"href":"https:\/\/www.cmonsite.fr\/site\/wp-json\/wp\/v2\/pages\/23373","targetHints":{"allow":["GET"]}}],"collection":[{"href":"https:\/\/www.cmonsite.fr\/site\/wp-json\/wp\/v2\/pages"}],"about":[{"href":"https:\/\/www.cmonsite.fr\/site\/wp-json\/wp\/v2\/types\/page"}],"author":[{"embeddable":true,"href":"https:\/\/www.cmonsite.fr\/site\/wp-json\/wp\/v2\/users\/1"}],"replies":[{"embeddable":true,"href":"https:\/\/www.cmonsite.fr\/site\/wp-json\/wp\/v2\/comments?post=23373"}],"version-history":[{"count":266,"href":"https:\/\/www.cmonsite.fr\/site\/wp-json\/wp\/v2\/pages\/23373\/revisions"}],"predecessor-version":[{"id":28609,"href":"https:\/\/www.cmonsite.fr\/site\/wp-json\/wp\/v2\/pages\/23373\/revisions\/28609"}],"up":[{"embeddable":true,"href":"https:\/\/www.cmonsite.fr\/site\/wp-json\/wp\/v2\/pages\/720"}],"wp:attachment":[{"href":"https:\/\/www.cmonsite.fr\/site\/wp-json\/wp\/v2\/media?parent=23373"}],"curies":[{"name":"wp","href":"https:\/\/api.w.org\/{rel}","templated":true}]}}