{"id":21936,"date":"2022-10-12T16:54:09","date_gmt":"2022-10-12T14:54:09","guid":{"rendered":"https:\/\/www.cmonsite.fr\/site\/?page_id=21936"},"modified":"2023-07-20T11:36:24","modified_gmt":"2023-07-20T09:36:24","slug":"comment-telecharger-son-kbis-gratuitement","status":"publish","type":"page","link":"https:\/\/www.cmonsite.fr\/site\/aide\/astuces-informations\/comment-telecharger-son-kbis-gratuitement","title":{"rendered":"Comment t\u00e9l\u00e9charger son Kbis gratuitement ?"},"content":{"rendered":"\t\t<div data-elementor-type=\"wp-page\" data-elementor-id=\"21936\" class=\"elementor elementor-21936\" data-elementor-post-type=\"page\">\n\t\t\t\t<div class=\"elementor-element elementor-element-2c2ffc9 e-flex e-con-boxed e-con e-parent\" data-id=\"2c2ffc9\" data-element_type=\"container\" data-e-type=\"container\">\n\t\t\t\t\t<div class=\"e-con-inner\">\n\t\t\t\t<div class=\"elementor-element elementor-element-914f7e0 elementor-widget elementor-widget-text-editor\" data-id=\"914f7e0\" data-element_type=\"widget\" data-e-type=\"widget\" data-widget_type=\"text-editor.default\">\n\t\t\t\t<div class=\"elementor-widget-container\">\n\t\t\t\t\t\t\t\t\t<p><span style=\"font-weight: 400;\">Le Kbis est un document officiel qui atteste de l\u2019<\/span><b>existence juridique<\/b><span style=\"font-weight: 400;\"> et de la <\/span><b>l\u00e9galit\u00e9<\/b><span style=\"font-weight: 400;\"> d\u2019une entreprise en France.<\/span><\/p>\t\t\t\t\t\t\t\t<\/div>\n\t\t\t\t<\/div>\n\t\t\t\t<div class=\"elementor-element elementor-element-54cc9d3 elementor-widget elementor-widget-heading\" data-id=\"54cc9d3\" data-element_type=\"widget\" data-e-type=\"widget\" data-widget_type=\"heading.default\">\n\t\t\t\t<div class=\"elementor-widget-container\">\n\t\t\t\t\t<h2 class=\"elementor-heading-title elementor-size-default\">\u00c0 quoi sert le Kbis ?<\/h2>\t\t\t\t<\/div>\n\t\t\t\t<\/div>\n\t\t\t\t<div class=\"elementor-element elementor-element-a180a4f elementor-widget elementor-widget-text-editor\" data-id=\"a180a4f\" data-element_type=\"widget\" data-e-type=\"widget\" data-widget_type=\"text-editor.default\">\n\t\t\t\t<div class=\"elementor-widget-container\">\n\t\t\t\t\t\t\t\t\t<p>Ce document <strong>officiel<\/strong> est g\u00e9n\u00e9ralement utilis\u00e9 lors de l\u2019ouverture d\u2019un compte bancaire professionnel, de l\u2019achat de mat\u00e9riel professionnel ou pour d\u2019autres d\u00e9marches administratives comme les appels d\u2019offre public.<\/p><p>La plupart du temps, il vous sera demand\u00e9 d\u2019avoir un extrait de Kbis datant de <strong>moins de 3 mois<\/strong>.<\/p>\t\t\t\t\t\t\t\t<\/div>\n\t\t\t\t<\/div>\n\t\t\t\t<div class=\"elementor-element elementor-element-05e08c3 elementor-widget elementor-widget-heading\" data-id=\"05e08c3\" data-element_type=\"widget\" data-e-type=\"widget\" data-widget_type=\"heading.default\">\n\t\t\t\t<div class=\"elementor-widget-container\">\n\t\t\t\t\t<h2 class=\"elementor-heading-title elementor-size-default\">Comment obtenir son Kbis gratuitement ?<\/h2>\t\t\t\t<\/div>\n\t\t\t\t<\/div>\n\t\t\t\t<div class=\"elementor-element elementor-element-f79d71b elementor-widget elementor-widget-image\" data-id=\"f79d71b\" data-element_type=\"widget\" data-e-type=\"widget\" data-widget_type=\"image.default\">\n\t\t\t\t<div class=\"elementor-widget-container\">\n\t\t\t\t\t\t\t\t\t\t\t\t\t\t\t\t<a href=\"https:\/\/monidenum.fr\/\" target=\"_blank\">\n\t\t\t\t\t\t\t<img decoding=\"async\" width=\"300\" height=\"111\" src=\"https:\/\/www.cmonsite.fr\/site\/webup\/2022\/10\/x_monidenum-300x111.png\" class=\"attachment-medium size-medium wp-image-21939\" alt=\"Logo de Monidenum\" srcset=\"https:\/\/www.cmonsite.fr\/site\/webup\/2022\/10\/x_monidenum-300x111.png 300w, https:\/\/www.cmonsite.fr\/site\/webup\/2022\/10\/x_monidenum.png 522w\" sizes=\"(max-width: 300px) 100vw, 300px\" \/>\t\t\t\t\t\t\t\t<\/a>\n\t\t\t\t\t\t\t\t\t\t\t\t\t\t\t<\/div>\n\t\t\t\t<\/div>\n\t\t\t\t<div class=\"elementor-element elementor-element-421f706 elementor-widget elementor-widget-text-editor\" data-id=\"421f706\" data-element_type=\"widget\" data-e-type=\"widget\" data-widget_type=\"text-editor.default\">\n\t\t\t\t<div class=\"elementor-widget-container\">\n\t\t\t\t\t\t\t\t\t<p>Pour t\u00e9l\u00e9charger le Kbis de votre entreprise gratuitement, vous pouvez vous rendre sur <strong><a href=\"https:\/\/monidenum.fr\/\" target=\"_blank\" rel=\"noopener\">Monidenum<\/a>.<\/strong><\/p><p>Monidenum est une plateforme en ligne accessible 24h\/24 et 7j\/7 permettant de simplifier de nombreuses d\u00e9marches administratives dont le retrait d\u2019extrait de Kbis gratuit et rapide en version num\u00e9rique.<\/p>\t\t\t\t\t\t\t\t<\/div>\n\t\t\t\t<\/div>\n\t\t\t\t<div class=\"elementor-element elementor-element-f1a88af elementor-widget elementor-widget-text-editor\" data-id=\"f1a88af\" data-element_type=\"widget\" data-e-type=\"widget\" data-widget_type=\"text-editor.default\">\n\t\t\t\t<div class=\"elementor-widget-container\">\n\t\t\t\t\t\t\t\t\t<p>Dans un premier temps, vous pouvez cr\u00e9er un <strong>espace utilisateur<\/strong> sur <strong><a href=\"https:\/\/monidenum.fr\/\" target=\"_blank\" rel=\"noopener\">Monidenum<\/a><\/strong> \u00e0 l\u2019aide d\u2019une adresse e-mail et d\u2019un mot de passe.<\/p><p>Ensuite vous pouvez commencer \u00e0 valider votre identit\u00e9 pour prouver que vous \u00eates en droit d\u2019utiliser les services de la plateforme. Il vous sera demand\u00e9 de renseigner diverses informations telles que votre num\u00e9ro de t\u00e9l\u00e9phone, une pi\u00e8ce d&#8217;identit\u00e9 valide (carte d\u2019identit\u00e9, passeport, etc) et les d\u00e9tails li\u00e9s \u00e0 votre entreprise.<\/p><p>La plateforme cr\u00e9e alors votre identit\u00e9 num\u00e9rique en v\u00e9rifiant les informations fournies, \u00e0 votre <strong>immatriculation au RCS<\/strong>, permettant de justifier que vous \u00eates un mandataire l\u00e9gal de l\u2019entreprise.<\/p><p>Une fois l\u2019identit\u00e9 num\u00e9rique valid\u00e9e, vous avez la possibilit\u00e9 de t\u00e9l\u00e9charger votre extrait de Kbis \u00e0 tout moment dans l\u2019onglet \u201c<strong>Kbis et Performances<\/strong>\u201d de votre <strong>espace personnel<\/strong>.<\/p>\t\t\t\t\t\t\t\t<\/div>\n\t\t\t\t<\/div>\n\t\t\t\t\t<\/div>\n\t\t\t\t<\/div>\n\t\t\t\t<\/div>\n\t\t","protected":false},"excerpt":{"rendered":"<p>Le Kbis est un document officiel qui atteste de l\u2019existence juridique et de la l\u00e9galit\u00e9 d\u2019une entreprise en France. \u00c0 quoi sert le Kbis ? Ce document officiel est g\u00e9n\u00e9ralement utilis\u00e9 lors de l\u2019ouverture d\u2019un compte bancaire professionnel, de l\u2019achat de mat\u00e9riel professionnel ou pour d\u2019autres d\u00e9marches administratives comme les appels d\u2019offre public. La plupart [&hellip;]<\/p>\n","protected":false},"author":1,"featured_media":0,"parent":2920,"menu_order":6,"comment_status":"closed","ping_status":"closed","template":"","meta":{"_helpful_status":1,"footnotes":""},"class_list":["post-21936","page","type-page","status-publish","hentry"],"_links":{"self":[{"href":"https:\/\/www.cmonsite.fr\/site\/wp-json\/wp\/v2\/pages\/21936","targetHints":{"allow":["GET"]}}],"collection":[{"href":"https:\/\/www.cmonsite.fr\/site\/wp-json\/wp\/v2\/pages"}],"about":[{"href":"https:\/\/www.cmonsite.fr\/site\/wp-json\/wp\/v2\/types\/page"}],"author":[{"embeddable":true,"href":"https:\/\/www.cmonsite.fr\/site\/wp-json\/wp\/v2\/users\/1"}],"replies":[{"embeddable":true,"href":"https:\/\/www.cmonsite.fr\/site\/wp-json\/wp\/v2\/comments?post=21936"}],"version-history":[{"count":14,"href":"https:\/\/www.cmonsite.fr\/site\/wp-json\/wp\/v2\/pages\/21936\/revisions"}],"predecessor-version":[{"id":25134,"href":"https:\/\/www.cmonsite.fr\/site\/wp-json\/wp\/v2\/pages\/21936\/revisions\/25134"}],"up":[{"embeddable":true,"href":"https:\/\/www.cmonsite.fr\/site\/wp-json\/wp\/v2\/pages\/2920"}],"wp:attachment":[{"href":"https:\/\/www.cmonsite.fr\/site\/wp-json\/wp\/v2\/media?parent=21936"}],"curies":[{"name":"wp","href":"https:\/\/api.w.org\/{rel}","templated":true}]}}