{"id":21693,"date":"2022-09-05T14:08:25","date_gmt":"2022-09-05T12:08:25","guid":{"rendered":"https:\/\/www.cmonsite.fr\/site\/?page_id=21693"},"modified":"2022-09-12T14:11:30","modified_gmt":"2022-09-12T12:11:30","slug":"decoration","status":"publish","type":"page","link":"https:\/\/www.cmonsite.fr\/site\/guides\/creation-site\/thematique\/decoration","title":{"rendered":"Comment cr\u00e9er un site de d\u00e9coration ?"},"content":{"rendered":"<div class=\"more-space\"><\/div>\n<div class=\"text-content\">\n<p>\u00c0 l&#8217;\u00e8re du tout-num\u00e9rique, se priver d&#8217;un site internet est une mani\u00e8re de se condamner \u00e0 l&#8217;invisibilit\u00e9 <a href=\"https:\/\/www.cmonsite.fr\/site\/guides\/creation-site\/thematique\">selon votre th\u00e9matique d&#8217;activit\u00e9<\/a>. En effet, lorsqu&#8217;on souhaite donner un coup de boost \u00e0 son activit\u00e9 professionnelle et la faire conna\u00eetre \u00e0 plus grande \u00e9chelle, il est quasi-in\u00e9vitable de manifester sa pr\u00e9sence sur la Toile. Dans <strong>le domaine de la d\u00e9coration<\/strong>, tout particuli\u00e8rement, les internautes \u00e0 court d&#8217;id\u00e9es originales puisent largement leur inspiration en ligne. Ainsi, pour cr\u00e9er un site percutant et qui se d\u00e9marque de la concurrence, deux comp\u00e9tences s&#8217;imposent : ma\u00eetriser le d\u00e9veloppement web et avoir des <strong>connaissances affut\u00e9es en design<\/strong>. Ci-dessous, nous vous prodiguons quelques conseils incontournables pour cr\u00e9er son site de d\u00e9coration et vous expliquons comment l&#8217;alimenter.<\/p>\n<h2>Mettre en avant son CV<\/h2>\n<p>Lorsqu&#8217;on est un cr\u00e9ateur de contenu, le ma\u00eetre-mot est la cr\u00e9dibilit\u00e9. Afin de renforcer cette derni\u00e8re, n&#8217;h\u00e9sitez pas \u00e0 <strong>retracer votre parcours de designer confirm\u00e9<\/strong> sur votre site. Consacrez-y un espace saillant pour \u00e9voquer votre formation, vos dipl\u00f4mes et \u00e9ventuellement les prix que vous avez remport\u00e9s. Les internautes n&#8217;en seront que plus rassur\u00e9s et y verront votre rigueur et votre professionnalisme. Si votre parcours est riche et diversifi\u00e9, lequel serait trop long \u00e0 exposer en une page, parlez-en dans une vid\u00e9o br\u00e8ve et captivante. D&#8217;ailleurs, de plus en plus, les pr\u00e9sentations \u00e9crites c\u00e8dent le pas aux pr\u00e9sentations film\u00e9es. Soyez donc dans la mouvance : <u>osez la vid\u00e9o<\/u> !<\/p>\n<h2>Avoir une identit\u00e9 (visuelle)<\/h2>\n<p>Ces derni\u00e8res ann\u00e9es, la d\u00e9coration a le vent en poupe. Il existe une flop\u00e9e d&#8217;\u00e9missions, de podcasts et de sites qui y sont consacr\u00e9s. Autant dire que <u>la concurrence est rude<\/u>. Il est donc imp\u00e9ratif de se d\u00e9marquer et de circonscrire clairement l&#8217;objet de son site. Posez-vous les bonnes questions :<\/p>\n<ul>\n<li>Voulez-vous <u>partager vos bons plans<\/u> avec les f\u00e9rus de la d\u00e9co ?<\/li>\n<li>Souhaitez-vous passer en revue les trouvailles modernes du <strong>home staging<\/strong> ?<\/li>\n<li>Pr\u00e9f\u00e9rez-vous les ambiances vintage ?<\/li>\n<li>Concevez-vous des tutoriels renfermant des conseils avis\u00e9s ?<\/li>\n<\/ul>\n<p>Il est toujours bon de se singulariser et de forger une identit\u00e9 (avant tout visuelle). Celle-ci doit \u00eatre imm\u00e9diatement visible. Pour cela, veillez \u00e9galement aux tons, aux couleurs, \u00e0 la coh\u00e9rence de votre contenu.<\/p>\n<h2>Mette en place une vitrine virtuelle<\/h2>\n<p><img fetchpriority=\"high\" decoding=\"async\" class=\"alignnone size-full wp-image-21696\" src=\"https:\/\/www.cmonsite.fr\/site\/webup\/2022\/09\/laptops-593296_1280.jpg\" alt=\"\" width=\"1280\" height=\"853\" srcset=\"https:\/\/www.cmonsite.fr\/site\/webup\/2022\/09\/laptops-593296_1280.jpg 1280w, https:\/\/www.cmonsite.fr\/site\/webup\/2022\/09\/laptops-593296_1280-300x200.jpg 300w, https:\/\/www.cmonsite.fr\/site\/webup\/2022\/09\/laptops-593296_1280-1024x682.jpg 1024w, https:\/\/www.cmonsite.fr\/site\/webup\/2022\/09\/laptops-593296_1280-768x512.jpg 768w\" sizes=\"(max-width: 1280px) 100vw, 1280px\" \/><\/p>\n<p>Lorsqu&#8217;on souhaite changer de d\u00e9coration chez soi ou y effectuer des r\u00e9novations, notre premier r\u00e9flexe est d\u00e9sormais de consulter Internet. Dans ce cas-l\u00e0, on fait rapidement une \u00e9tude comparative entre diff\u00e9rents sites. D&#8217;o\u00f9 l&#8217;importance de faire tout de suite bonne impression et d&#8217;attirer les potentiels clients. \u00c0 cet effet, il est crucial de mettre en exergue ses cr\u00e9ations ou r\u00e9alisations, \u00e0 condition qu&#8217;elles soient esth\u00e9tiquement pr\u00e9sent\u00e9es. Plusieurs proc\u00e9d\u00e9s de pr\u00e9sentation s&#8217;offrent \u00e0 vous : <strong>portefolio, album, mosa\u00efque<\/strong>. Vous pouvez \u00e9galement exhiber vos plus belles photos dans un diaporama d\u00e9filant.<\/p>\n<h2>Sp\u00e9cifier les services propos\u00e9s<\/h2>\n<p>Il ne suffit pas de concevoir une vitrine virtuelle pour que votre site fasse flor\u00e8s. Pour davantage de cart\u00e9 et d&#8217;harmonie, il est essentiel de faire \u00e9tat des services que vous proposez. Plus ces derniers sont personnalis\u00e9s, mieux ils seront appr\u00e9ci\u00e9s. Si, par exemple, votre site se cantonne au <strong>relooking des espaces int\u00e9rieurs<\/strong>, concentrez toute votre strat\u00e9gie marketing l\u00e0-dessus. Si, au contraire, vous \u00eates \u00e9clectique et proposez des services vari\u00e9s, jouez sur la polyvalence de votre talent et <u>pr\u00e9sentez chaque aspect singuli\u00e8rement<\/u>. En l&#8217;occurrence, il faudrait veiller \u00e0 \u00e9viter l&#8217;effet brouillon et trouver de l&#8217;harmonie et de la coh\u00e9rence entre les diff\u00e9rentes t\u00e2ches que vous vous assignez. Dans tous les cas, des <strong>photos de haute qualit\u00e9<\/strong> devraient accompagner chaque service.<\/p>\n<h2>Pr\u00e9ciser sa zone g\u00e9ographique d&#8217;intervention<\/h2>\n<p>Si certains d\u00e9corateurs ont la latitude d&#8217;intervenir dans toute la France et m\u00eame au-del\u00e0, d&#8217;autres pr\u00e9f\u00e8rent restreindre leurs d\u00e9placements \u00e0 une r\u00e9gion bien sp\u00e9cifique. Cette <u>pr\u00e9cision non-n\u00e9gligeable<\/u> doit figurer sur votre site. Elle fera gagner un temps pr\u00e9cieux \u00e0 vos clients.<\/p>\n<h2>Indiquer les logiciels utilis\u00e9s<\/h2>\n<p>Pour mener \u00e0 bien ses projets en d\u00e9coration, on est amen\u00e9 \u00e0 utiliser <strong>diff\u00e9rents logiciels<\/strong> de conception et de simulation. Il ne serait pas de trop d&#8217;en faire mention sur votre site. Accompagnez-les id\u00e9alement de pr\u00e9sentations succinctes et explicatives. Cela montrera \u00e0 vos clients vos m\u00e9thodes et techniques de travail, chose qui ne manquera pas de renforcer votre cr\u00e9dibilit\u00e9.<\/p>\n<h2>Sublimer son site par un blog<\/h2>\n<p>S&#8217;il y a une technique qui a r\u00e9cemment fait ses preuves en marketing, c&#8217;est bien <u>le storytelling<\/u>. Les internautes raffolent d&#8217;histoires. Alors racontez la v\u00f4tre afin de mieux promouvoir vos services et prestations. Pour cela, <strong>le blog s&#8217;av\u00e8re d&#8217;une aide pr\u00e9cieuse<\/strong>. Il sert \u00e0 \u00e9tablir un contact intime avec vos clients et les fid\u00e9lisera. Ils se sentiront privil\u00e9gi\u00e9s de cette proximit\u00e9 que vous \u00e9tablissez avec eux et avec les futurs visiteurs. Racontez-y vos prouesses personnelles, en mati\u00e8re de d\u00e9coration, en les \u00e9tayant par des <strong>clich\u00e9s m\u00e9morables et des contenus qualitatifs<\/strong>. La section blog vous permet \u00e9galement de d\u00e9river de vos sujets habituels pour donner votre avis sur les actualit\u00e9s inh\u00e9rentes \u00e0 l&#8217;univers de la d\u00e9coration int\u00e9rieure ou encore discuter directement avec vos clients.<\/p>\n<h2>Partager les t\u00e9moignages de ses anciens clients<\/h2>\n<p>L&#8217;ajout d&#8217;une section r\u00e9serv\u00e9e aux commentaires et avis de vos anciens clients sur votre site de d\u00e9coration peut s&#8217;av\u00e9rer <u>hautement strat\u00e9gique<\/u>. Elle permet :<\/p>\n<ul>\n<li>De montrer votre totale transparence et la confiance que vous avez en vos produits\/prestations ;<\/li>\n<li>D&#8217;aider vos futurs clients \u00e0 choisir parmi vos d\u00e9corations, id\u00e9es et cr\u00e9ations en se fiant aux avis de vos anciens clients ;<\/li>\n<li>De vous forger une r\u00e9putation de concurrent s\u00e9rieux et loyal ;<\/li>\n<li>De faire part de la satisfaction de vos clients quant \u00e0 votre savoir-faire ;<\/li>\n<li>D&#8217;autoriser vos anciens clients \u00e0 partager le rendu des d\u00e9corations pour lesquelles ils ont opt\u00e9es.<\/li>\n<\/ul>\n<h2>Cr\u00e9er une FAQ<\/h2>\n<p><img decoding=\"async\" class=\"alignnone size-full wp-image-21694\" src=\"https:\/\/www.cmonsite.fr\/site\/webup\/2022\/09\/pots-716579_1280.jpg\" alt=\"\" width=\"1280\" height=\"753\" srcset=\"https:\/\/www.cmonsite.fr\/site\/webup\/2022\/09\/pots-716579_1280.jpg 1280w, https:\/\/www.cmonsite.fr\/site\/webup\/2022\/09\/pots-716579_1280-300x176.jpg 300w, https:\/\/www.cmonsite.fr\/site\/webup\/2022\/09\/pots-716579_1280-1024x602.jpg 1024w, https:\/\/www.cmonsite.fr\/site\/webup\/2022\/09\/pots-716579_1280-768x452.jpg 768w\" sizes=\"(max-width: 1280px) 100vw, 1280px\" \/><\/p>\n<p>Tout site ambitieux qui se respecte dispose d&#8217;une <strong>Foire Aux Questions<\/strong>. En interagissant avec vos clients, l&#8217;exp\u00e9rience aidant, vous avez certainement remarqu\u00e9 des questions r\u00e9currentes sur votre univers de d\u00e9coration. Profitez-en pour dresser une liste de questions\/r\u00e9ponses en veillant \u00e0 ce que vos \u00e9claircissements soient \u00e0 la fois exhaustifs et concis. Vous pouvez m\u00eame anticiper les questions de vos clients et les devancer en leur apportant, avant m\u00eame qu&#8217;ils ne les posent, des r\u00e9ponses claires et convaincantes.<\/p>\n<h2>Se moderniser davantage<\/h2>\n<p>Avoir un site est un excellent moyen de faire la promotion de ses services. Cependant, il existe aujourd&#8217;hui des <u>techniques r\u00e9volutionnaires<\/u> pour acc\u00e9l\u00e9rer ce processus et \u00eatre au plus pr\u00e8s de ses futurs clients. Il est, en effet, de coutume aujourd&#8217;hui <strong>d&#8217;investir pleinement les r\u00e9seaux sociaux<\/strong> et de les utiliser \u00e0 bon escient. Nombre de cr\u00e9ateurs de contenus songent \u00e0 r\u00e9aliser des \u00ab lives \u00bb sur leurs r\u00e9seaux sociaux afin de mieux faire conna\u00eetre leur site et leurs produits\/services. Cette tendance permet de toucher plus d&#8217;internautes et de leur permettre de vous poser toutes sortes de questions. Il est possible de r\u00e9pondre instantan\u00e9ment \u00e0 leurs commentaires ou encore de partager le \u00ab direct \u00bb avec eux, ce qui permet une interaction encore plus vivante et plus in.<\/p>\n<p>En d\u00e9finitive, pour qu&#8217;il soit percutant, votre site se doit d&#8217;\u00eatre coh\u00e9rent, harmonieux et visuellement agr\u00e9able. Il doit permette \u00e0 vos visiteurs et clients de l&#8217;adopter imm\u00e9diatement et d&#8217;y \u00eatre \u00e0 l&#8217;aise, d&#8217;y circuler librement et de passer sans encombre d&#8217;une section \u00e0 une autre. Aussi, un bon d\u00e9corateur est-il celui qui est \u00e0 l&#8217;aff\u00fbt des nouveaut\u00e9s et t\u00e2che de les partager avec ses clients en assurant \u00e0 ces derniers un espace d&#8217;\u00e9change pour que des connexions naissent.<\/p>\n<\/div>\n","protected":false},"excerpt":{"rendered":"<p>\u00c0 l&#8217;\u00e8re du tout-num\u00e9rique, se priver d&#8217;un site internet est une mani\u00e8re de se condamner \u00e0 l&#8217;invisibilit\u00e9 selon votre th\u00e9matique d&#8217;activit\u00e9. En effet, lorsqu&#8217;on souhaite donner un coup de boost \u00e0 son activit\u00e9 professionnelle et la faire conna\u00eetre \u00e0 plus grande \u00e9chelle, il est quasi-in\u00e9vitable de manifester sa pr\u00e9sence sur la Toile. Dans le domaine [&hellip;]<\/p>\n","protected":false},"author":1,"featured_media":21695,"parent":21587,"menu_order":24,"comment_status":"closed","ping_status":"closed","template":"","meta":{"_helpful_status":1,"footnotes":""},"class_list":["post-21693","page","type-page","status-publish","has-post-thumbnail","hentry"],"_links":{"self":[{"href":"https:\/\/www.cmonsite.fr\/site\/wp-json\/wp\/v2\/pages\/21693","targetHints":{"allow":["GET"]}}],"collection":[{"href":"https:\/\/www.cmonsite.fr\/site\/wp-json\/wp\/v2\/pages"}],"about":[{"href":"https:\/\/www.cmonsite.fr\/site\/wp-json\/wp\/v2\/types\/page"}],"author":[{"embeddable":true,"href":"https:\/\/www.cmonsite.fr\/site\/wp-json\/wp\/v2\/users\/1"}],"replies":[{"embeddable":true,"href":"https:\/\/www.cmonsite.fr\/site\/wp-json\/wp\/v2\/comments?post=21693"}],"version-history":[{"count":1,"href":"https:\/\/www.cmonsite.fr\/site\/wp-json\/wp\/v2\/pages\/21693\/revisions"}],"predecessor-version":[{"id":21697,"href":"https:\/\/www.cmonsite.fr\/site\/wp-json\/wp\/v2\/pages\/21693\/revisions\/21697"}],"up":[{"embeddable":true,"href":"https:\/\/www.cmonsite.fr\/site\/wp-json\/wp\/v2\/pages\/21587"}],"wp:featuredmedia":[{"embeddable":true,"href":"https:\/\/www.cmonsite.fr\/site\/wp-json\/wp\/v2\/media\/21695"}],"wp:attachment":[{"href":"https:\/\/www.cmonsite.fr\/site\/wp-json\/wp\/v2\/media?parent=21693"}],"curies":[{"name":"wp","href":"https:\/\/api.w.org\/{rel}","templated":true}]}}