{"id":21688,"date":"2022-09-05T14:06:13","date_gmt":"2022-09-05T12:06:13","guid":{"rendered":"https:\/\/www.cmonsite.fr\/site\/?page_id=21688"},"modified":"2022-09-12T14:11:44","modified_gmt":"2022-09-12T12:11:44","slug":"immobilier","status":"publish","type":"page","link":"https:\/\/www.cmonsite.fr\/site\/guides\/creation-site\/thematique\/immobilier","title":{"rendered":"Comment cr\u00e9er un site sur l&#8217;immobilier ?"},"content":{"rendered":"<div class=\"more-space\">Aujourd&#8217;hui, <u>avec toutes les avanc\u00e9es observ\u00e9es dans le secteur du digital, est-il encore possible de faire conna\u00eetre son agence immobili\u00e8re en se passant d&#8217;un site internet ?<\/u> Vous vous en doutez, la r\u00e9ponse est un grand &#8220;non&#8221;. Et pour cause,<strong> environ 90 % des projets dans le secteur de l&#8217;immobilier naissent sur Internet<\/strong> et <strong>pr\u00e8s de 9 vendeurs sur 10 utilisent le web dans leur recherche de professionnel de l&#8217;immobilier<\/strong>. Internet constitue donc une \u00e9norme source de prospects pour les professionnels de l&#8217;immobilier et l&#8217;ignorer, c&#8217;est comme jouer \u00e0 un match de foot sans gardien de but. Mais<strong> comment cr\u00e9er un site sur l&#8217;immobilier et quels sont les besoins auxquels ce dernier doit r\u00e9pondre ?<\/strong> Cet article ne constitue pas un tutoriel pour la conception de site Internet brique par brique sur l&#8217;immobilier <a href=\"https:\/\/www.cmonsite.fr\/site\/guides\/creation-site\/thematique\">selon la th\u00e9matique du site<\/a>. Toutefois, il met l&#8217;accent sur les \u00e9l\u00e9ments importants sur la cr\u00e9ation de site Internet sur l&#8217;immobilier.<\/div>\n<div class=\"text-content\">\n<h2>Quels sont les objectifs \u00e0 atteindre avec votre site immobilier ?<\/h2>\n<p>Comme pour la plupart des professionnels des autres domaines, <strong>un site web constitue une vitrine indispensable pour les professionnels de l&#8217;immobilier<\/strong>. Cela donne l&#8217;impression de transporter une vitrine physique sur une sorte de support web. Cette comparaison est en partie vraie, toutefois <u>un site web immobilier est un site vitrine seulement \u00e0 20 %<\/u>. Les 80 % restant de son utilit\u00e9 sont destin\u00e9s \u00e0 g\u00e9n\u00e9rer des performances.<\/p>\n<p>En effet, <u>d\u00e8s sa cr\u00e9ation, votre site immobilier sera un canal d&#8217;acquisition<\/u>. \u00c0 ce titre, les acheteurs viennent consulter vos annonces et vos catalogues. Cependant, <u>votre site web immobilier peut aussi \u00eatre un bon capteur de prospects<\/u>, surtout si vous mettez en place des strat\u00e9gies de prospection ad\u00e9quates. En r\u00e9sum\u00e9, votre site web immobilier doit r\u00e9pondre \u00e0 certains objectifs, notamment \u00e0 des <strong>objectifs de performance<\/strong>. Il doit vous permettre de suivre et d&#8217;analyser vos performances afin de d\u00e9terminer si les objectifs \u00e9tablis sont atteints.<\/p>\n<p>La question de conna\u00eetre les rouages de la conception d&#8217;un site immobilier revient \u00e0 r\u00e9pondre \u00e9galement celle sur le type de site pour lequel il faut opter. Et pour y parvenir, l&#8217;un des moyens dont vous disposez est de comparer ce que proposent vos concurrents en la mati\u00e8re. Vous devez aussi comparer leur strat\u00e9gie digitale afin d&#8217;avoir une id\u00e9e claire sur vos propres objectifs. L&#8217;\u00e9tape de la d<strong>\u00e9termination d&#8217;objectifs est importante pour la cr\u00e9ation d&#8217;un site web immobilier<\/strong> ad\u00e9quat.<\/p>\n<h2>Quelle est votre client\u00e8le cible ?<\/h2>\n<p><img fetchpriority=\"high\" decoding=\"async\" class=\"alignnone size-full wp-image-21691\" src=\"https:\/\/www.cmonsite.fr\/site\/webup\/2022\/09\/apple-606761_1280.jpg\" alt=\"\" width=\"1280\" height=\"850\" srcset=\"https:\/\/www.cmonsite.fr\/site\/webup\/2022\/09\/apple-606761_1280.jpg 1280w, https:\/\/www.cmonsite.fr\/site\/webup\/2022\/09\/apple-606761_1280-300x199.jpg 300w, https:\/\/www.cmonsite.fr\/site\/webup\/2022\/09\/apple-606761_1280-1024x680.jpg 1024w, https:\/\/www.cmonsite.fr\/site\/webup\/2022\/09\/apple-606761_1280-768x510.jpg 768w\" sizes=\"(max-width: 1280px) 100vw, 1280px\" \/><\/p>\n<p><strong>Avez-vous d\u00e9j\u00e0 d\u00e9termin\u00e9 les objectifs auxquels votre site immobilier doit r\u00e9pondre ?<\/strong> <u>Vous devez aussi d\u00e9finir vos cibles<\/u>, les audiences que vous d\u00e9sirez toucher ou les groupes de prospects que vous visez. Sans cette \u00e9tape, vous pouvez oublier votre projet de cr\u00e9ation de site web immobilier. Pour r\u00e9ussir cette \u00e9tape, concentrez-vous exclusivement sur le profilage de votre client\u00e8le type. Pour cause, <strong>votre site web immobilier devra obligatoirement r\u00e9pondre aux attentes et aux besoins de vos clients<\/strong>. Ce serait une perte de temps de mettre avant vos services de gestion locative, par exemple, si vous ne disposez d&#8217;aucun bailleur.<\/p>\n<p>En cons\u00e9quence, il est important de d\u00e9finir pr\u00e9alablement les cibles \u00e0 atteindre :<\/p>\n<ul>\n<li><strong>en B2B<\/strong> si vous souhaitez travailler avec des entreprises ou en B2C si vous souhaitez cibler des particuliers ;<\/li>\n<li>de quels groupes socioprofessionnels doivent provenir vos clients ?<\/li>\n<li>avec quelles attentes ? Quels besoins ?<\/li>\n<li>quelles sont les zones g\u00e9ographiques de vos potentiels clients ?<\/li>\n<\/ul>\n<p><strong>Une fois votre site cr\u00e9\u00e9, il faudra aussi d\u00e9finir ses fonctionnalit\u00e9s<\/strong>. Et ces deux facteurs d\u00e9pendent n\u00e9cessairement du type de votre client\u00e8le.<\/p>\n<h2>Quelles fonctionnalit\u00e9s int\u00e9gr\u00e9es \u00e0 votre site immobilier ?<\/h2>\n<p>Apr\u00e8s les deux premi\u00e8res \u00e9tapes qui consistent \u00e0 d\u00e9terminer des objectifs et <strong>d\u00e9finir le type de client\u00e8le<\/strong>, <u>il faut maintenant passer au cahier des charges<\/u>. Le cahier des charges est un document pr\u00e9cieux et incontournable dans la mise en \u0153uvre de tout projet. L&#8217;importance de ce document est qu&#8217;il vous permettra d&#8217;adapter vos supports \u00e0 vos besoins.<\/p>\n<p>Avoir un cahier des charges constitue la meilleure fa\u00e7on d&#8217;avancer sur la question d&#8217;origine qu&#8217;est : comment cr\u00e9er un site sur l&#8217;immobilier ? <strong>Le cahier des charge<\/strong> vous permet de passer \u00e0 de cette question \u00e0 : que faut-il mettre dans le site pour qu&#8217;il permette d&#8217;atteindre les objectifs. Le cahier des charges vous permet de trouver la r\u00e9ponse \u00e0 la question de savoir comment toucher l&#8217;audience cibl\u00e9e.<\/p>\n<p>Pour avoir une r\u00e9ponse claire \u00e0 ces diff\u00e9rentes pr\u00e9occupations, vous devez commencer par formaliser vos diff\u00e9rents besoins. Les besoins sont g\u00e9n\u00e9ralement divers et vari\u00e9s, toutefois, voici quelques exemples de fonctionnalit\u00e9s que vous pouvez int\u00e9grer \u00e0 votre site web immobilier :<\/p>\n<ul>\n<li><u>page de pr\u00e9sentation <\/u>;<\/li>\n<li><strong>moteur de recherche<\/strong> pour une excellente e<strong>xp\u00e9rience utilisateur renforc\u00e9e<\/strong> ;<\/li>\n<li>page de contact ;<\/li>\n<li>page d&#8217;inscription \u00e0 la newsletter ;<\/li>\n<li>pages de service ;<\/li>\n<li>landing page avec formulaire ;<\/li>\n<li>un design responsive afin que les diff\u00e9rentes pages puissent s&#8217;afficher sur les appareils mobiles ;<\/li>\n<li>des vid\u00e9os et des images ;<\/li>\n<li>un blog sur l&#8217;immobilier sur lequel il faudra publier des articles cibl\u00e9s ;<\/li>\n<li>des boutons pour les partages sur les r\u00e9seaux sociaux ;<\/li>\n<li>des outils de collecte statistiques et d&#8217;analyse ;<\/li>\n<li>une passerelle vers le logiciel immobilier ;<\/li>\n<li>etc.<\/li>\n<\/ul>\n<p>Chacune de ces fonctionnalit\u00e9s constituent des sp\u00e9cialisations de base pour la conception de site Internet immobilier.<\/p>\n<h2>D\u00e9finir les \u00e9l\u00e9ments importants \u00e0 int\u00e9gr\u00e9s<\/h2>\n<p><img decoding=\"async\" class=\"alignnone size-full wp-image-21690\" src=\"https:\/\/www.cmonsite.fr\/site\/webup\/2022\/09\/real-estate-6688945_1280.jpg\" alt=\"\" width=\"1280\" height=\"853\" srcset=\"https:\/\/www.cmonsite.fr\/site\/webup\/2022\/09\/real-estate-6688945_1280.jpg 1280w, https:\/\/www.cmonsite.fr\/site\/webup\/2022\/09\/real-estate-6688945_1280-300x200.jpg 300w, https:\/\/www.cmonsite.fr\/site\/webup\/2022\/09\/real-estate-6688945_1280-1024x682.jpg 1024w, https:\/\/www.cmonsite.fr\/site\/webup\/2022\/09\/real-estate-6688945_1280-768x512.jpg 768w\" sizes=\"(max-width: 1280px) 100vw, 1280px\" \/><\/p>\n<p>Il est important d&#8217;avoir un cahier des charges assez complet et des fonctionnalit\u00e9s essentielles lors de la cr\u00e9ation de votre site immobilier. Cependant, n&#8217;oubliez pas que ce dernier reste un site vitrine. Et dans ce sens, il doit faire appara\u00eetre certaines informations importantes. Il est donc pr\u00e9f\u00e9rable de les int\u00e9grer \u00e0 l&#8217;avance. En plus des fonctionnalit\u00e9s suscit\u00e9es, il faudra aussi int\u00e9grer des indications l\u00e9gales, des r\u00e9f\u00e9rences, des chiffres \u00e0 propos de l&#8217;agence immobili\u00e8re, etc.<\/p>\n<p>N&#8217;oubliez pas aussi qu&#8217;un site internet doit avant tout \u00eatre attrayant. Pour cette raison, vous devez lui trouver une identit\u00e9 virtuelle. Cela revient \u00e0 lui trouver un logo, \u00e0 appliquer une <strong>charte graphique et \u00e0 int\u00e9grer le nom de la marque dans le nom de domaine<\/strong>. Il n&#8217;est pas question de tout miser sur le design.<u> L&#8217;essentiel est que votre site immobilier soit adapt\u00e9 \u00e0 votre activit\u00e9.<\/u><\/p>\n<h2>Attirer du trafic sur son site immobilier<\/h2>\n<p>L&#8217;une des questions importantes que vous devez poser lors de <strong>la conception de votre site<\/strong> immobilier est de se demander comment attirer un trafic qualifi\u00e9. En parlant de trafic qualifi\u00e9, les enjeux sont simples et clairs. Vous devez utiliser toutes les<u> strat\u00e9gies de marketing digital<\/u> possibles pour que votre site soit visible sur les premi\u00e8res pages des moteurs de recherche. N&#8217;oubliez pas qu&#8217;un site internet non r\u00e9f\u00e9renc\u00e9 est invisible sur les moteurs de recherche.<\/p>\n<p>\u00c0 cet effet, il existe diff\u00e9rents leviers que vous pourrez utiliser lors de <strong>la cr\u00e9ation de votre site<\/strong>, et m\u00eame apr\u00e8s. Il s&#8217;agit entre autres du <strong>r\u00e9f\u00e9rencement naturel (SEO)<\/strong>, du <strong>r\u00e9f\u00e9rencement payant (SEA)<\/strong>, etc. Peu importe le levier pour lequel vous optez, il doit \u00eatre mis en place au stade de la conception du site. Cependant, vous devez savoir que le r\u00e9f\u00e9rencement naturel, g\u00e9n\u00e9ralement en lien avec une strat\u00e9gie Inbound, fonctionne sur le long terme. Le r\u00e9f\u00e9rencement payant, quant \u00e0 lui, peut intervenir lors du lancement du site.<\/p>\n<h2>Int\u00e9grer des outils de tracking<\/h2>\n<p>Un autre point incontournable dans la cr\u00e9ation de site immobilier est la n\u00e9cessit\u00e9 de suivre ou de traquer l&#8217;ensemble de votre site internet. Ceci revient \u00e0 suivre chaque page du site afin d&#8217;en \u00e9valuer la performance. <strong>Les outils de tracking<\/strong> vous permettent d&#8217;avoir une id\u00e9e du nombre de visiteurs et le temps que ces derniers ont pass\u00e9 sur vos pages. <u>Il existe de nombreux outils de tracking, les uns aussi performants que les autres.<\/u><\/p>\n<\/div>\n","protected":false},"excerpt":{"rendered":"<p>Aujourd&#8217;hui, avec toutes les avanc\u00e9es observ\u00e9es dans le secteur du digital, est-il encore possible de faire conna\u00eetre son agence immobili\u00e8re en se passant d&#8217;un site internet ? Vous vous en doutez, la r\u00e9ponse est un grand &#8220;non&#8221;. Et pour cause, environ 90 % des projets dans le secteur de l&#8217;immobilier naissent sur Internet et pr\u00e8s [&hellip;]<\/p>\n","protected":false},"author":1,"featured_media":21689,"parent":21587,"menu_order":23,"comment_status":"closed","ping_status":"closed","template":"","meta":{"_helpful_status":1,"footnotes":""},"class_list":["post-21688","page","type-page","status-publish","has-post-thumbnail","hentry"],"_links":{"self":[{"href":"https:\/\/www.cmonsite.fr\/site\/wp-json\/wp\/v2\/pages\/21688","targetHints":{"allow":["GET"]}}],"collection":[{"href":"https:\/\/www.cmonsite.fr\/site\/wp-json\/wp\/v2\/pages"}],"about":[{"href":"https:\/\/www.cmonsite.fr\/site\/wp-json\/wp\/v2\/types\/page"}],"author":[{"embeddable":true,"href":"https:\/\/www.cmonsite.fr\/site\/wp-json\/wp\/v2\/users\/1"}],"replies":[{"embeddable":true,"href":"https:\/\/www.cmonsite.fr\/site\/wp-json\/wp\/v2\/comments?post=21688"}],"version-history":[{"count":1,"href":"https:\/\/www.cmonsite.fr\/site\/wp-json\/wp\/v2\/pages\/21688\/revisions"}],"predecessor-version":[{"id":21692,"href":"https:\/\/www.cmonsite.fr\/site\/wp-json\/wp\/v2\/pages\/21688\/revisions\/21692"}],"up":[{"embeddable":true,"href":"https:\/\/www.cmonsite.fr\/site\/wp-json\/wp\/v2\/pages\/21587"}],"wp:featuredmedia":[{"embeddable":true,"href":"https:\/\/www.cmonsite.fr\/site\/wp-json\/wp\/v2\/media\/21689"}],"wp:attachment":[{"href":"https:\/\/www.cmonsite.fr\/site\/wp-json\/wp\/v2\/media?parent=21688"}],"curies":[{"name":"wp","href":"https:\/\/api.w.org\/{rel}","templated":true}]}}