{"id":21678,"date":"2022-09-05T14:02:38","date_gmt":"2022-09-05T12:02:38","guid":{"rendered":"https:\/\/www.cmonsite.fr\/site\/?page_id=21678"},"modified":"2022-09-12T14:12:10","modified_gmt":"2022-09-12T12:12:10","slug":"finance","status":"publish","type":"page","link":"https:\/\/www.cmonsite.fr\/site\/guides\/creation-site\/thematique\/finance","title":{"rendered":"Comment cr\u00e9er un site sur la finance ?"},"content":{"rendered":"<div class=\"text-content\"><strong>L&#8217;univers de la finance comporte plusieurs codes et exigences sp\u00e9cifiques. Un site web fiable et bien con\u00e7u est devenu une n\u00e9cessit\u00e9 dans le monde des affaires d&#8217;aujourd&#8217;hui. Faut-il obligatoirement en confier la cr\u00e9ation \u00e0 un d\u00e9veloppeur de site web ?<\/strong><\/p>\n<h2>Peut-on r\u00e9aliser soi-m\u00eame un site de finance professionnel ?<\/h2>\n<p>D\u00e9l\u00e9guer la conception et la maintenance d&#8217;un site Internet \u00e0 un d\u00e9veloppeur professionnel n&#8217;est plus incontournable. Tout internaute a maintenant acc\u00e8s \u00e0 des <strong>plateformes sp\u00e9cialis\u00e9e en cr\u00e9ation web<\/strong>, qui lui permettent de concr\u00e9tiser ce projet lui-m\u00eame sans n\u00e9cessiter de formation particuli\u00e8re. <u>Tout y est fourni pour cr\u00e9er une e-boutique ou un site-vitrine : l\u2019h\u00e9bergement du site, son nom de domaine, et son adresse e-mail professionnelle.<\/u><\/p>\n<p>Un tableau de bord comportant plusieurs fonctionnalit\u00e9s vous donne acc\u00e8s aux modules n\u00e9cessaires pour <strong>concevoir votre site internet de fa\u00e7on autonome<\/strong>. Aucune connaissance technique n\u2019est n\u00e9cessaire pour les activer, car ils sont pr\u00e9configur\u00e9s pour \u00eatre utilisables d\u00e8s la cr\u00e9ation du site. Un support technique dispens\u00e9 par des sp\u00e9cialistes y est disponible lorsque vous en avez besoin.<\/p>\n<p>Les <strong>mises \u00e0 jour automatiques<\/strong> constituent un autre avantage \u00e0 cr\u00e9er soi-m\u00eame un site de finance sur une plateforme. Celui-ci est toujours compatible avec les plus r\u00e9cents outils technologiques, notamment ceux ayant trait aux moyens de paiement avec diff\u00e9rents supports (tablettes, iPhone, PC\u2026) ou encore aux options de livraison.<\/p>\n<h2>D\u00e9terminez le but principal de votre site internet<\/h2>\n<p><img fetchpriority=\"high\" decoding=\"async\" class=\"alignnone size-full wp-image-21680\" src=\"https:\/\/www.cmonsite.fr\/site\/webup\/2022\/09\/business-15498_1280.jpg\" alt=\"\" width=\"1280\" height=\"853\" srcset=\"https:\/\/www.cmonsite.fr\/site\/webup\/2022\/09\/business-15498_1280.jpg 1280w, https:\/\/www.cmonsite.fr\/site\/webup\/2022\/09\/business-15498_1280-300x200.jpg 300w, https:\/\/www.cmonsite.fr\/site\/webup\/2022\/09\/business-15498_1280-1024x682.jpg 1024w, https:\/\/www.cmonsite.fr\/site\/webup\/2022\/09\/business-15498_1280-768x512.jpg 768w\" sizes=\"(max-width: 1280px) 100vw, 1280px\" \/><\/p>\n<p>\u2022 Doit-il servir \u00e0 <strong>trouver de nouveau clients<\/strong> et \u00e0 fid\u00e9liser ceux que vous avez d\u00e9j\u00e0 ?<br \/>\n\u2022 Le but en est-il de faire conna\u00eetre vos produits ou services pour les vendre en ligne ?<br \/>\n\u2022 Ou encore de cr\u00e9er un site-vitrine pour lancer votre boutique ou votre commerce ?<br \/>\n\u2022 Le consid\u00e9rez-vous comme un outil pour partager l&#8217;actualit\u00e9 de votre entreprise ?<\/p>\n<p>La r\u00e9ponse \u00e0 ces questions vous permettra de d\u00e9finir plus pr\u00e9cis\u00e9ment le type de site qui vous convient.<\/p>\n<h2>Pr\u00e9cisez la structure de votre site<\/h2>\n<p>Prendre le temps d&#8217;\u00e9laborer &#8220;l\u2019architecture&#8221; de votre site web constitue une \u00e9tape importante. C\u2019est \u00e0 ce moment que vous pouvez d\u00e9finir son contenu (nombre de pages, pr\u00e9sentation\u2026) ainsi que les <strong>mots-cl\u00e9s strat\u00e9giques<\/strong> qui favorisent le r\u00e9f\u00e9rencement naturel. Un site ergonomique rend plus conviviale la navigation de l\u2019internaute. Elle lui permet de se rendre plus rapidement \u00e0 l\u2019information qui l\u2019int\u00e9resse, m\u00eame si le site dispose de plusieurs pages.<\/p>\n<p><u>La structure ad\u00e9quate d\u2019un site web de finance rend plus ais\u00e9e l\u2019exploration, l\u2019indexation et le classement de vos pages par les moteurs de recherche<\/u>. La classification des contenus pourra \u00eatre r\u00e9alis\u00e9e en fonction d&#8217;un choix de mots-cl\u00e9s strat\u00e9giques pour <strong>favoriser un positionnement web avantageux<\/strong>.<\/p>\n<p>Il est conseill\u00e9 de faire appara\u00eetre les pages orient\u00e9es sur des termes de recherche plus courants dans les onglets cat\u00e9gories ; tandis que les pages ax\u00e9es vers les mots-cl\u00e9s \u00e0 longue tra\u00eene pourraient se retrouver dans la partie inf\u00e9rieure de l\u2019architecture du site. N\u2019oubliez pas de faire mention de vos coordonn\u00e9es sur chaque page.<\/p>\n<h2>Prenez le temps de pr\u00e9parer un plan marketing<\/h2>\n<p><strong>Un r\u00e9f\u00e9rencement efficace<\/strong> passe toujours par un plan de marketing bien con\u00e7u. <u>Aujourd\u2019hui, le r\u00e9f\u00e9rencement SEO d\u2019un site sur les principaux moteurs de recherche comme Google ou Bing est essentiel \u00e0 la r\u00e9ussite d&#8217;une entreprise.<\/u> Il lui donne acc\u00e8s \u00e0 un large nombre de clients potentiels beaucoup plus rapidement que tout autre m\u00e9dia (t\u00e9l\u00e9vision, journaux, radio).<\/p>\n<p>Une fois que vous aurez d\u00e9fini vos objectifs, la seconde \u00e9tape consiste \u00e0 cr\u00e9er du contenu informatif et int\u00e9ressant pour <strong>transformer les internautes visiteurs en clients fid\u00e8les<\/strong>. N\u2019h\u00e9sitez pas \u00e0 publier des vid\u00e9os de d\u00e9monstration, des photos HD, des avis favorables de clients, des liens internes et externes. <u>Privil\u00e9giez les informations concises, les photos captivantes et les titres qui cartonnent.<\/u><\/p>\n<p>Retenez qu\u2019<u>un site qui int\u00e9resse les internautes ne stagne jamais<\/u>. Le marketing en ligne doit s\u2019av\u00e9rer un processus constamment en \u00e9volution. Utilisez des outils num\u00e9riques pour v\u00e9rifier la fr\u00e9quence des visites sur votre site et quelles sont les informations le plus souvent consult\u00e9es. Ces statistiques vous serviront pour faire l\u2019essai de diff\u00e9rents types de contenus et retenir les plus avantageux.<\/p>\n<p><u>Les ressources num\u00e9riques de votre plateforme de conception de site vous aideront \u00e0 cibler un public<\/u> en fonction des groupes d\u2019\u00e2ge et des centre d\u2019int\u00e9r\u00eats. Si vous comptez vendre diff\u00e9rents types de produits, vous pourrez ainsi r\u00e9aliser une campagne (emailing, publicit\u00e9 sur les r\u00e9seaux sociaux\u2026) ax\u00e9e vers un groupe-cible de clients.<\/p>\n<h2>Privil\u00e9giez un contenu de qualit\u00e9<\/h2>\n<p><img decoding=\"async\" class=\"alignnone size-full wp-image-21681\" src=\"https:\/\/www.cmonsite.fr\/site\/webup\/2022\/09\/cup-of-coffee-1280537_1280.jpg\" alt=\"\" width=\"1280\" height=\"851\" srcset=\"https:\/\/www.cmonsite.fr\/site\/webup\/2022\/09\/cup-of-coffee-1280537_1280.jpg 1280w, https:\/\/www.cmonsite.fr\/site\/webup\/2022\/09\/cup-of-coffee-1280537_1280-300x199.jpg 300w, https:\/\/www.cmonsite.fr\/site\/webup\/2022\/09\/cup-of-coffee-1280537_1280-1024x681.jpg 1024w, https:\/\/www.cmonsite.fr\/site\/webup\/2022\/09\/cup-of-coffee-1280537_1280-768x511.jpg 768w\" sizes=\"(max-width: 1280px) 100vw, 1280px\" \/><\/p>\n<p><u>Un texte bien r\u00e9dig\u00e9 est plus susceptible de capter l\u2019attention des lecteurs plus longtemps sur votre site internet<\/u>. Il attire \u00e9galement les partages et les liens sur les m\u00e9dias sociaux. C\u2019est un crit\u00e8re qui est maintenant pris en compte par les algorithmes des moteurs de recherche. Un contenu de qualit\u00e9 peut donc am\u00e9liorer le <strong>taux de rebond et le positionnement du classement<\/strong> d\u2019un site dans les r\u00e9sultats SERP (Search Engine Result Page).<\/p>\n<p>Malgr\u00e9 un contenu de grande qualit\u00e9, les visiteurs peuvent quitter rapidement un site web s\u2019il n\u2019est pas suffisamment convivial. De petites am\u00e9liorations \u00e0 ce niveau apport\u00e9es r\u00e9guli\u00e8rement les rassurent sur votre professionnalisme et peuvent souvent hisser le positionnement d\u2019un site dans le classement des moteurs de recherche.<u> La transformation des visiteurs en clients s\u2019av\u00e8re un processus continu mais rentable.<\/u><\/p>\n<h2>Les erreurs \u00e0 ne pas commettre<\/h2>\n<h3>1. Trop vouloir impressionner<\/h3>\n<p>Vouloir faire sensation avec un site web et une pr\u00e9sence importante sur les m\u00e9dias sociaux ne garantit pas le succ\u00e8s d\u2019un nouveau site. Les entrepreneurs qui prennent ce chemin risquent de s\u2019enliser dans une foule de probl\u00e8mes et de d\u00e9tails pendant que leurs concurrents les ont devanc\u00e9s. <u>Utiliser une plateforme de cr\u00e9ation web fiable comportant des outils \u00e9volutifs simples s\u2019av\u00e8re pr\u00e9f\u00e9rable.<\/u><\/p>\n<p>Vous ferez des progr\u00e8s constants au fur et \u00e0 mesure que vous am\u00e9liorerez votre pr\u00e9sence en ligne. <u>Votre site doit surtout communiquer de mani\u00e8re \u00e9vidente les raisons pour lesquelles votre entreprise constitue le meilleur choix dans sa cat\u00e9gorie.<\/u><\/p>\n<h3>2. Ne pas souhaiter cr\u00e9er une communaut\u00e9<\/h3>\n<p><u>L\u2019un des objectifs d\u2019un site web de finance qui souhaite \u00e9voluer devrait toujours \u00eatre la cr\u00e9ation d\u2019une communaut\u00e9.<\/u> Publier du contenu qui stimule, aide et divertit les visiteurs est l\u2019une des meilleures fa\u00e7ons de vous d\u00e9marquer. Ceux-ci seront plus enclins \u00e0 partager ces informations entre eux ainsi que sur les m\u00e9dias sociaux. <u>L\u2019ajout d\u2019un blog renforce le lien d\u2019appartenance \u00e0 une entreprise.<\/u><\/p>\n<h3>3. \u00catre inaccessible aux mobiles<\/h3>\n<p>Le trafic mobile ne cesse d\u2019augmenter et, pourtant, beaucoup de sites n\u2019ont pas pr\u00e9vu d\u2019adapter leur contenu \u00e0 diff\u00e9rents formats d\u2019\u00e9cran. <u>Lorsqu\u2019un site n\u2019est pas accessible aux mobiles, il se prive d\u2019une partie potentielle de trafic.<\/u> Sans oublier que Google tend \u00e0 privil\u00e9gier les sites ouverts \u00e0 l\u2019affichage mobile.<\/p>\n<p>Comme on peut le constater, la cr\u00e9ation d&#8217;un site web de finance n\u00e9cessite l&#8217;acc\u00e8s \u00e0 des fonctionnalit\u00e9s et des outils technologiques qui facilitent beaucoup la d\u00e9marche. En optant pour une plateforme professionnelle reconnue, vous b\u00e9n\u00e9ficiez des conseils avis\u00e9s d&#8217;une \u00e9quipe sp\u00e9cialis\u00e9e dans ce domaine.<\/p><\/div>\n","protected":false},"excerpt":{"rendered":"<p>L&#8217;univers de la finance comporte plusieurs codes et exigences sp\u00e9cifiques. Un site web fiable et bien con\u00e7u est devenu une n\u00e9cessit\u00e9 dans le monde des affaires d&#8217;aujourd&#8217;hui. Faut-il obligatoirement en confier la cr\u00e9ation \u00e0 un d\u00e9veloppeur de site web ? Peut-on r\u00e9aliser soi-m\u00eame un site de finance professionnel ? D\u00e9l\u00e9guer la conception et la maintenance [&hellip;]<\/p>\n","protected":false},"author":1,"featured_media":21679,"parent":21587,"menu_order":20,"comment_status":"closed","ping_status":"closed","template":"","meta":{"_helpful_status":1,"footnotes":""},"class_list":["post-21678","page","type-page","status-publish","has-post-thumbnail","hentry"],"_links":{"self":[{"href":"https:\/\/www.cmonsite.fr\/site\/wp-json\/wp\/v2\/pages\/21678","targetHints":{"allow":["GET"]}}],"collection":[{"href":"https:\/\/www.cmonsite.fr\/site\/wp-json\/wp\/v2\/pages"}],"about":[{"href":"https:\/\/www.cmonsite.fr\/site\/wp-json\/wp\/v2\/types\/page"}],"author":[{"embeddable":true,"href":"https:\/\/www.cmonsite.fr\/site\/wp-json\/wp\/v2\/users\/1"}],"replies":[{"embeddable":true,"href":"https:\/\/www.cmonsite.fr\/site\/wp-json\/wp\/v2\/comments?post=21678"}],"version-history":[{"count":1,"href":"https:\/\/www.cmonsite.fr\/site\/wp-json\/wp\/v2\/pages\/21678\/revisions"}],"predecessor-version":[{"id":21682,"href":"https:\/\/www.cmonsite.fr\/site\/wp-json\/wp\/v2\/pages\/21678\/revisions\/21682"}],"up":[{"embeddable":true,"href":"https:\/\/www.cmonsite.fr\/site\/wp-json\/wp\/v2\/pages\/21587"}],"wp:featuredmedia":[{"embeddable":true,"href":"https:\/\/www.cmonsite.fr\/site\/wp-json\/wp\/v2\/media\/21679"}],"wp:attachment":[{"href":"https:\/\/www.cmonsite.fr\/site\/wp-json\/wp\/v2\/media?parent=21678"}],"curies":[{"name":"wp","href":"https:\/\/api.w.org\/{rel}","templated":true}]}}