{"id":21673,"date":"2022-09-05T14:00:14","date_gmt":"2022-09-05T12:00:14","guid":{"rendered":"https:\/\/www.cmonsite.fr\/site\/?page_id=21673"},"modified":"2022-09-12T14:12:57","modified_gmt":"2022-09-12T12:12:57","slug":"sante","status":"publish","type":"page","link":"https:\/\/www.cmonsite.fr\/site\/guides\/creation-site\/thematique\/sante","title":{"rendered":"Comment cr\u00e9er un site sur la sant\u00e9 ?"},"content":{"rendered":"<div class=\"more-space\"><\/div>\n<div class=\"text-content\">\n<p>Les professionnels du bien-\u00eatre cr\u00e9ent un site web afin de profiter d\u2019une meilleure visibilit\u00e9 <a href=\"https:\/\/www.cmonsite.fr\/site\/guides\/creation-site\/thematique\">selon leur th\u00e9matique<\/a>. N\u00e9anmoins, les avantages dudit site ne s\u2019arr\u00eatent pas l\u00e0. Une fois que ce dernier se d\u00e9veloppe correctement, il permet d\u2019attirer de nouveaux patients dans le but de les fid\u00e9liser. La prise de contact est donc nettement plus facile. En outre, un site optimis\u00e9 permet d\u2019\u00e9tablir un lien de confiance entre des patients et le personnel soignant. Il informe les visiteurs. Aussi, comment construire ce site pour la sant\u00e9 ?<\/p>\n<h2>Comment cr\u00e9er son site de sant\u00e9 professionnel\u00a0?<\/h2>\n<p>On ne sait pas forc\u00e9ment comment faire pour cr\u00e9er un site web de sant\u00e9. De nombreuses entreprises peuvent vous proposer un accompagnement. N\u00e9anmoins, vous avez aussi la possibilit\u00e9 de cr\u00e9er votre propre site vitrine d\u00e9di\u00e9 \u00e0 la sant\u00e9. Voici quelques astuces \u00e0 suivre\u00a0:<\/p>\n<h3>Faire usage des CMS pour cr\u00e9er seul son site<\/h3>\n<p>On utilise les Content Management System ou syst\u00e8mes de gestion de contenu pour cr\u00e9er un site web. Il s\u2019agit de logiciels de cr\u00e9ation pour vous permettre de cr\u00e9er un site et de le mettre \u00e0 jour sans forc\u00e9ment ma\u00eetriser les codes. Vous avez des dizaines de CMS au choix. Ce sont notamment\u00a0:<\/p>\n<ul>\n<li>WordPress<\/li>\n<li>Drupal<\/li>\n<li>Joomla<\/li>\n<li>\u2026<\/li>\n<\/ul>\n<p>A chaque CMS ses propri\u00e9t\u00e9s et son co\u00fbt. De nombreux professionnels de la sant\u00e9 d\u00e9cident de travailler avec des CMS, car ce sont des outils fiables, bien que la prise en main ne soit pas toujours facile.<\/p>\n<h3>Solliciter des prestataires<\/h3>\n<p>Vous n\u2019avez peut-\u00eatre pas le temps pour la conception de votre site de sant\u00e9. Vous pouvez faire appel des freelancers qui se sp\u00e9cialisent en la mati\u00e8re. Un webdesigner se charge de donner l\u2019apparence du site tandis que le d\u00e9veloppeur code la structure pour optimiser son fonctionnement. Si vous avez besoin de contenus optimis\u00e9s, vous pouvez faire appel \u00e0 des r\u00e9dacteurs. Un graphiste peut s\u2019occuper du logo tandis que le UX designer travaille sur l\u2019exp\u00e9rience utilisateur et l\u2019ergonomie du site.<\/p>\n<p>Ces prestataires peuvent collaborer sur le long terme afin de garder votre site op\u00e9rationnel. Il faut juste comparer les prix des prestations, car les freelancers sont \u00e9galement nombreux.<\/p>\n<h3>Recruter une agence web<\/h3>\n<p><img fetchpriority=\"high\" decoding=\"async\" class=\"alignnone size-full wp-image-21676\" src=\"https:\/\/www.cmonsite.fr\/site\/webup\/2022\/09\/desk-593327_1280.jpg\" alt=\"\" width=\"1280\" height=\"853\" srcset=\"https:\/\/www.cmonsite.fr\/site\/webup\/2022\/09\/desk-593327_1280.jpg 1280w, https:\/\/www.cmonsite.fr\/site\/webup\/2022\/09\/desk-593327_1280-300x200.jpg 300w, https:\/\/www.cmonsite.fr\/site\/webup\/2022\/09\/desk-593327_1280-1024x682.jpg 1024w, https:\/\/www.cmonsite.fr\/site\/webup\/2022\/09\/desk-593327_1280-768x512.jpg 768w\" sizes=\"(max-width: 1280px) 100vw, 1280px\" \/><\/p>\n<p>Les agences web regroupent les corps de m\u00e9tier pr\u00e9cit\u00e9s, depuis les r\u00e9dacteurs aux r\u00e9f\u00e9renceurs en passant par les d\u00e9veloppeurs. La collaboration avec une agence web pr\u00e9sente de nombreux avantages, car tout le travail est laiss\u00e9 \u00e0 une seule entreprise. Les prix pour leur part peuvent varier de 1000 \u00e0 100.000 euros en fonction des fonctionnalit\u00e9s que vous voulez int\u00e9grer au site.<\/p>\n<p>Certaines agences se sp\u00e9cialisent en r\u00e9f\u00e9rencement naturel et peuvent donc vous \u00eatre d\u2019une aide pr\u00e9cieuse. Vous pouvez vous renseigner avant d\u2019accorder votre confiance.<\/p>\n<h3>Pour la structuration du contenu<\/h3>\n<p>Votre site va donc parler de sant\u00e9. Combien de pages comptez-vous allouer \u00e0 chaque th\u00e8me\u00a0? Comment comptez-vous structurer le contenu\u00a0? Avant la conception, vous devez vous poser ce genre de question. Il faut ainsi lister les besoins en vue de les classer par cat\u00e9gorie. Le site est bien structur\u00e9 s\u2019il permet d\u2019am\u00e9liorer l\u2019exp\u00e9rience utilisateur. Ces usagers deviendront vos patients si vos services en ligne suffisent \u00e0 les satisfaire.<\/p>\n<p>Un site professionnel doit contenir diff\u00e9rents \u00e9l\u00e9ments (obligatoires) dont\u00a0:<\/p>\n<ul>\n<li>Une page d\u00e9di\u00e9e \u00e0 l\u2019accueil afin de pr\u00e9senter le site ainsi que ses objectifs<\/li>\n<li>Une page \u00ab\u00a0\u00e0 propos\u00a0\u00bb pour vous pr\u00e9senter et pour parler de votre m\u00e9tier en tant que professionnel de la sant\u00e9.<\/li>\n<li>Une page de contact qui donne toutes les informations sur vos coordonn\u00e9es (num\u00e9ro de t\u00e9l\u00e9phone et adresse du cabinet, prix, horaires, email\u2026). Il faut aussi donner l\u2019opportunit\u00e9 de saisir un rendez-vous en remplissant un formulaire.<\/li>\n<li>Un blog regroupant divers articles scientifiques qui parlent du m\u00e9tier aux patients.<\/li>\n<li>Une page parlant des mentions l\u00e9gales qui est facile \u00e0 cr\u00e9er quand on se sert de CMS.<\/li>\n<\/ul>\n<p>Apr\u00e8s avoir dessin\u00e9 cette arborescence, vous avez la possibilit\u00e9 de r\u00e9diger les contenus.<\/p>\n<h2>La conception d\u2019un design original<\/h2>\n<p>N\u2019oubliez pas que l\u2019aspect visuel du site est d\u2019une importance capitale. En ayant un beau site, vous prouvez votre professionnalisme et votre s\u00e9rieux. De surcro\u00eet, le site en question doit refl\u00e9ter le corps de m\u00e9tier et le message que vous voulez faire passer aux prospects et aux clients. Certes, le site d\u2019un plombier ne sera pas identique \u00e0 celui d\u2019un kin\u00e9sith\u00e9rapeute.<\/p>\n<p>Les patients doivent se sentir \u00e0 l\u2019aise quand ils surfent sur votre site. Pour les aider, vous pouvez choisir une palette de couleurs qui ressemble \u00e0 votre activit\u00e9. Si vous avez d\u00e9j\u00e0 choisi un logo, vous pouvez vous inspirer de ses couleurs pour cr\u00e9er la charte graphique. En outre, vous avez la possibilit\u00e9 d\u2019utiliser les g\u00e9n\u00e9rateurs de palettes en ligne.<\/p>\n<p>Il est pr\u00e9conis\u00e9 de choisir des caract\u00e8res qui soient faciles \u00e0 lire. Effectivement, les patients sont l\u00e0 pour en apprendre plus au sujet de vos prestations. Il faut donc faciliter leur exp\u00e9rience et utiliser des polices simples.<\/p>\n<p>Il convient de r\u00e9diger des uniques qui soient uniques, car les moteurs de recherche ne tol\u00e8rent pas le plagiat en mati\u00e8re de contenu. De plus, les patients viennent vous consulter en tant que professionnels et non parce que vous r\u00e9p\u00e9tez ce qu\u2019il y a sur les autres sites.<\/p>\n<p>Vous pouvez \u00e9galement ajouter des vid\u00e9os, des images et d\u2019autres visuels pour sortir des sentiers battus et structurer les propos et les pages. Vous pouvez int\u00e9grer des images du cabinet ou de la clinique. Ajoutez une photo du m\u00e9decin responsable. Ainsi, les futurs-patients auront une id\u00e9e de qui vous \u00eates.<\/p>\n<h2>Opter pour un nom de domaine \u00e0 m\u00e9moriser<\/h2>\n<p>Le nom de domaine est l\u2019adresse internet que\u00a0les clients et prospects vont taper pour se rendre sur votre site. Il vaut mieux choisir un nom d\u2019adresse qui sera simple \u00e0 retenir. Le nom de domaine est primordial en ce qu\u2019il vous permet de vendre plus facilement vos services et vos produits sur internet.<\/p>\n<h2>V\u00e9rifier l\u2019efficacit\u00e9 technique du site<\/h2>\n<p>Pour obtenir le meilleur en mati\u00e8re de performances, il faut recourir \u00e0 diff\u00e9rents param\u00e8tres techniques. Il faut tenir compte de divers \u00e9l\u00e9ments\u00a0que sont\u00a0:<\/p>\n<ul>\n<li>Le serveur ou l\u2019h\u00e9bergeur qui abrite le site. Il convient de comparer de nombreux h\u00e9bergeurs en fonction des options qu\u2019ils proposent.<\/li>\n<li>Le responsive design permettant d\u2019adapter le site aux diff\u00e9rentes sortes d\u2019\u00e9crans dont la tablette, le smartphone, l\u2019ordinateur\u2026 De surcro\u00eet, le site doit s\u2019adapter aux utilisateurs malvoyants.<\/li>\n<li>La s\u00e9curit\u00e9 du site, car de nombreux robots et logiciels malveillants piratent les sites internet. C\u2019est pourquoi, il ne faut laisser aucune faille. Toutes vos donn\u00e9es doivent \u00eatre parfaitement s\u00e9curis\u00e9es.<\/li>\n<\/ul>\n<h2>A quoi sert le site web du professionnel de sant\u00e9\u00a0?<\/h2>\n<p><img decoding=\"async\" class=\"alignnone size-full wp-image-21674\" src=\"https:\/\/www.cmonsite.fr\/site\/webup\/2022\/09\/blood-pressure-1584223_1280.jpg\" alt=\"\" width=\"1280\" height=\"960\" srcset=\"https:\/\/www.cmonsite.fr\/site\/webup\/2022\/09\/blood-pressure-1584223_1280.jpg 1280w, https:\/\/www.cmonsite.fr\/site\/webup\/2022\/09\/blood-pressure-1584223_1280-300x225.jpg 300w, https:\/\/www.cmonsite.fr\/site\/webup\/2022\/09\/blood-pressure-1584223_1280-1024x768.jpg 1024w, https:\/\/www.cmonsite.fr\/site\/webup\/2022\/09\/blood-pressure-1584223_1280-768x576.jpg 768w\" sizes=\"(max-width: 1280px) 100vw, 1280px\" \/><\/p>\n<p>Le site web d\u00e9di\u00e9 \u00e0 la sant\u00e9 sert \u00e0\u00a0:<\/p>\n<ul>\n<li>Demander des informations ou \u00e0 faire une consultation \u00e0 distance.<\/li>\n<li>Demander des pr\u00e9cisions apr\u00e8s des analyses ou suite \u00e0 une consultation.<\/li>\n<li>Demander un rendez-vous en cas d\u2019urgence.<\/li>\n<\/ul>\n<h2>Un site s\u2019adaptant aux demandes<\/h2>\n<p>Il est plus judicieux de disposer d\u2019un site web quand on est un professionnel de la sant\u00e9. Ainsi, vous pouvez aider les patients qui ont \u00e9ventuellement besoin de vos services, et ce, en quelques clics.<\/p>\n<\/div>\n","protected":false},"excerpt":{"rendered":"<p>Les professionnels du bien-\u00eatre cr\u00e9ent un site web afin de profiter d\u2019une meilleure visibilit\u00e9 selon leur th\u00e9matique. N\u00e9anmoins, les avantages dudit site ne s\u2019arr\u00eatent pas l\u00e0. Une fois que ce dernier se d\u00e9veloppe correctement, il permet d\u2019attirer de nouveaux patients dans le but de les fid\u00e9liser. La prise de contact est donc nettement plus facile. [&hellip;]<\/p>\n","protected":false},"author":1,"featured_media":21675,"parent":21587,"menu_order":19,"comment_status":"closed","ping_status":"closed","template":"","meta":{"_helpful_status":1,"footnotes":""},"class_list":["post-21673","page","type-page","status-publish","has-post-thumbnail","hentry"],"_links":{"self":[{"href":"https:\/\/www.cmonsite.fr\/site\/wp-json\/wp\/v2\/pages\/21673","targetHints":{"allow":["GET"]}}],"collection":[{"href":"https:\/\/www.cmonsite.fr\/site\/wp-json\/wp\/v2\/pages"}],"about":[{"href":"https:\/\/www.cmonsite.fr\/site\/wp-json\/wp\/v2\/types\/page"}],"author":[{"embeddable":true,"href":"https:\/\/www.cmonsite.fr\/site\/wp-json\/wp\/v2\/users\/1"}],"replies":[{"embeddable":true,"href":"https:\/\/www.cmonsite.fr\/site\/wp-json\/wp\/v2\/comments?post=21673"}],"version-history":[{"count":1,"href":"https:\/\/www.cmonsite.fr\/site\/wp-json\/wp\/v2\/pages\/21673\/revisions"}],"predecessor-version":[{"id":21677,"href":"https:\/\/www.cmonsite.fr\/site\/wp-json\/wp\/v2\/pages\/21673\/revisions\/21677"}],"up":[{"embeddable":true,"href":"https:\/\/www.cmonsite.fr\/site\/wp-json\/wp\/v2\/pages\/21587"}],"wp:featuredmedia":[{"embeddable":true,"href":"https:\/\/www.cmonsite.fr\/site\/wp-json\/wp\/v2\/media\/21675"}],"wp:attachment":[{"href":"https:\/\/www.cmonsite.fr\/site\/wp-json\/wp\/v2\/media?parent=21673"}],"curies":[{"name":"wp","href":"https:\/\/api.w.org\/{rel}","templated":true}]}}