{"id":21647,"date":"2022-09-05T13:49:40","date_gmt":"2022-09-05T11:49:40","guid":{"rendered":"https:\/\/www.cmonsite.fr\/site\/?page_id=21647"},"modified":"2022-09-12T14:13:14","modified_gmt":"2022-09-12T12:13:14","slug":"ville","status":"publish","type":"page","link":"https:\/\/www.cmonsite.fr\/site\/guides\/creation-site\/thematique\/ville","title":{"rendered":"Comment cr\u00e9er un site pour une ville ?"},"content":{"rendered":"<div class=\"more-space\"><\/div>\n<div class=\"text-content\">Vous h\u00e9sitez \u00e0 <strong>concevoir un site Internet pour votre commune<\/strong> ? Vous ne voyez peut-\u00eatre pas encore l&#8217;int\u00e9r\u00eat <a href=\"https:\/\/www.cmonsite.fr\/site\/guides\/creation-site\/thematique\">selon votre th\u00e9matique souhait\u00e9e<\/a>, ou alors vous l&#8217;avez bien compris mais ne savez pas comment vous-y prendre ? Une chose est certaine, c&#8217;est que <u>l&#8217;utilit\u00e9 d&#8217;un site web pour sa municipalit\u00e9<\/u> n&#8217;est plus \u00e0 prouver. Vos administr\u00e9s seront ravis, et les touristes s\u00e9duits\u00a0!<br \/>\nD\u00e9couvrez pourquoi et <strong>comment cr\u00e9er un site pour une ville<\/strong>\u00a0!<\/p>\n<h2>Pourquoi cr\u00e9er un site internet pour sa ville\u00a0?<\/h2>\n<p>En cr\u00e9ant un site internet pour votre ville, vous gagnez en temps, en confort et en efficacit\u00e9 d\u2019offre de services.<\/p>\n<h3>Des infos pratiques constantes ou changeantes directement en ligne<\/h3>\n<p><strong>Un site internet permet d\u2019\u00e9viter des appels inutiles<\/strong> \u00e0 l\u2019accueil. Effectivement, toutes les informations pratiques concernant l\u2019\u00e9tat-civil, les \u00e9coles, les \u00e9quipements, ou encore l\u2019urbanisme et le logement sont \u00e0 disposition sur les diff\u00e9rentes pages du site de la ville. Sans ce service en ligne, l\u2019accueil est submerg\u00e9 d\u2019appels t\u00e9l\u00e9phoniques pour fournir les renseignements demand\u00e9s.<\/p>\n<p>Outre les infos permanentes, on pourra y retrouver \u00e9galement les actualit\u00e9s et le calendrier annuel qui pourront \u00eatre consult\u00e9s \u00e0 tout moment.<\/p>\n<h3>Cr\u00e9er du lien en publiant des images attractives et valorisantes<\/h3>\n<p>Gr\u00e2ce \u00e0 une jolie s\u00e9lection de photos et d\u2019images, <strong>vous cr\u00e9ez du lien avec vos concitoyens<\/strong> en leur partageant les \u00e9v\u00e9nements qui viennent de se d\u00e9rouler, et ceux \u00e0 venir. Vous montrez \u00e9galement la beaut\u00e9 de votre patrimoine culturel, les richesses naturelles et l\u2019histoire de votre commune, en donnant envie \u00e0 des personnes de venir la d\u00e9couvrir.<\/p>\n<h3>Se faire conna\u00eetre et ainsi attirer plus facilement les touristes ou de nouveaux habitants<\/h3>\n<p>Vous pouvez pr\u00e9senter les lieux ou monuments touristiques de votre commune et <strong>les \u00e9v\u00e9nements qui pourront attirer un grand nombre de personnes<\/strong>. \u00c0 pr\u00e9sent, nous avons pris pour habitude de rechercher des activit\u00e9s \u00e0 faire dans la r\u00e9gion aux alentours de notre domicile. Et c\u2019est sur Internet que l\u2019on retrouve une masse de lieux \u00e0 visiter ou d\u2019activit\u00e9s int\u00e9ressantes \u00e0 r\u00e9aliser dans des villes se situant \u00e0 une distance raisonnable, pour y passer une journ\u00e9e ou un week-end. Ou m\u00eame trouver un h\u00f4tel et y passer les vacances. Ce serait dommage de passer \u00e0 c\u00f4t\u00e9 de ces opportunit\u00e9s pour se faire conna\u00eetre.<\/p>\n<p><u>Vous contribuez au d\u00e9veloppement \u00e9conomique de votre commune<\/u> avec l\u2019affluence touristique.<\/p>\n<h3>Plus \u00e9conomique et \u00e9cologique<\/h3>\n<p><img fetchpriority=\"high\" decoding=\"async\" class=\"alignnone size-full wp-image-21650\" src=\"https:\/\/www.cmonsite.fr\/site\/webup\/2022\/09\/apple-1282241_1280.jpg\" alt=\"\" width=\"1280\" height=\"853\" srcset=\"https:\/\/www.cmonsite.fr\/site\/webup\/2022\/09\/apple-1282241_1280.jpg 1280w, https:\/\/www.cmonsite.fr\/site\/webup\/2022\/09\/apple-1282241_1280-300x200.jpg 300w, https:\/\/www.cmonsite.fr\/site\/webup\/2022\/09\/apple-1282241_1280-1024x682.jpg 1024w, https:\/\/www.cmonsite.fr\/site\/webup\/2022\/09\/apple-1282241_1280-768x512.jpg 768w\" sizes=\"(max-width: 1280px) 100vw, 1280px\" \/><\/p>\n<p>La mairie dispose bien entendu d\u2019un budget communication pour tenir inform\u00e9s tous les habitants d\u2019\u00e9v\u00e9nements organis\u00e9s, ou pour d&#8217;autres renseignements et besoins. <strong>En diffusant les publications par le biais du site<\/strong>, et non plus (en tout cas moins) par affiches ou flyers, la ville r\u00e9alise d\u2019importantes \u00e9conomies. Sur le plan \u00e9cologique aussi, la r\u00e9duction de papier permet de faire un bon pas en avant.<\/p>\n<h2>Comment bien r\u00e9ussir le site web de sa commune\u00a0?<\/h2>\n<p>Pour r\u00e9ussir votre projet de site internet, vous devrez r\u00e9fl\u00e9chir \u00e0 quelques points qui seront d\u00e9terminants pour satisfaire les habitants, les administr\u00e9s et les touristes.<\/p>\n<h3>Structurer le site pour une bonne exp\u00e9rience utilisateur<\/h3>\n<p>Cette partie est tr\u00e8s importante. Le lecteur qui visitera vos pages devra se sentir bien, et trouver facilement ce qu\u2019il recherche. Il aura m\u00eame envie de rester pour en savoir davantage. Pour cela, <strong>le site doit \u00eatre structur\u00e9 de mani\u00e8re logique et harmonieuse<\/strong> afin d\u2019offrir au visiteur une bonne exp\u00e9rience. On doit donc, entre autres, avoir acc\u00e8s aux diff\u00e9rentes rubriques d\u00e8s la page d\u2019accueil, et ainsi de suite. Offrir au lecteur un cheminement simple et efficace.<\/p>\n<h3>D\u00e9finir un design qui illustre l\u2019identit\u00e9 de votre ville<\/h3>\n<p>Le design, le code couleurs, les polices d\u2019\u00e9criture que vous choisissez devront illustrer les valeurs de la localit\u00e9. Vous ferez en sorte de <strong>sortir du lot en concevant un site agr\u00e9able, original et attrayant<\/strong>. Toujours dans l\u2019objectif de cr\u00e9er un lien facile et accessible.<\/p>\n<h3>Cr\u00e9er une galerie d\u2019images de qualit\u00e9 professionnelle<\/h3>\n<p>Les photos des lieux touristiques de sa commune, des \u00e9v\u00e9nements ou des r\u00e9ussites d\u2019associations par exemple, doivent \u00eatre <strong>de qualit\u00e9 professionnelle<\/strong>. Cela pour prouver son s\u00e9rieux, son respect, et \u00e9tablir une certaine confiance avec les habitants, mais \u00e9galement avec de potentiels touristes.<\/p>\n<h3>Interagir avec les lecteurs<\/h3>\n<p>Gr\u00e2ce au site de la mairie, vous pouvez <strong>interagir simplement avec les internautes via des formulaires de contacts<\/strong>. Vous pouvez ainsi les satisfaire rapidement, mais aussi r\u00e9cup\u00e9rer leurs coordonn\u00e9es pour effectuer une bonne base de donn\u00e9es utile pour toujours mieux faire.<\/p>\n<h2>Les \u00e9l\u00e9ments incontournables \u00e0 int\u00e9grer sur le site internet de sa municipalit\u00e9<\/h2>\n<p><img decoding=\"async\" class=\"alignnone size-full wp-image-21649\" src=\"https:\/\/www.cmonsite.fr\/site\/webup\/2022\/09\/palace-530055_1280.jpg\" alt=\"\" width=\"1280\" height=\"855\" srcset=\"https:\/\/www.cmonsite.fr\/site\/webup\/2022\/09\/palace-530055_1280.jpg 1280w, https:\/\/www.cmonsite.fr\/site\/webup\/2022\/09\/palace-530055_1280-300x200.jpg 300w, https:\/\/www.cmonsite.fr\/site\/webup\/2022\/09\/palace-530055_1280-1024x684.jpg 1024w, https:\/\/www.cmonsite.fr\/site\/webup\/2022\/09\/palace-530055_1280-768x513.jpg 768w\" sizes=\"(max-width: 1280px) 100vw, 1280px\" \/><\/p>\n<ul>\n<li><u>un agenda<\/u> pour y inscrire toutes les dates des \u00e9v\u00e9nements \u00e0 venir dans l\u2019ann\u00e9e, qui permet ainsi aux locaux de pr\u00e9voir et de s\u2019organiser. Des voisins aussi sont susceptibles d\u2019\u00eatre int\u00e9ress\u00e9s par ces manifestations.<\/li>\n<li><u>un carnet d\u2019adresses<\/u> permettant aux r\u00e9sidents de trouver facilement des contacts de services municipaux, de commerces ou d\u2019associations\u00a0;<\/li>\n<li><u>un formulaire de contact<\/u> offrant la possibilit\u00e9 de communiquer avec les habitants, et les satisfaire au plus vite\u00a0;<\/li>\n<li><u>le plan de la commune<\/u> aidant les personnes \u00e0 localiser diff\u00e9rentes infrastructures en toute aisance\u00a0;<\/li>\n<li><u>une newsletter<\/u> pour informer les concitoyens de ce qui a pu se passer dans la commune ou d&#8217;\u00e9v\u00e9nements futurs qui n\u2019auraient pas \u00e9t\u00e9 inscrits dans l\u2019agenda\u00a0;<\/li>\n<li><u>des sondages<\/u> pour alimenter la base de donn\u00e9es de la municipalit\u00e9 permettant de d\u00e9terminer les axes d\u2019am\u00e9lioration de celle-ci, et de ce fait, combler les besoins des habitants.<\/li>\n<\/ul>\n<h2>Les fondamentaux de tout site internet professionnel<\/h2>\n<p>Pour n&#8217;importe quel site \u00e0 cr\u00e9er, il y a certains crit\u00e8res techniques sur lesquels il faut attacher une grande importance pour la r\u00e9ussite d&#8217;un projet web. Une longue checklist de ces \u00e9l\u00e9ments est de rigueur, mais pour n&#8217;en citer que quelques uns\u00a0:<\/p>\n<ul>\n<li>choisir un nom de domaine correspondant \u00e0 l\u2019image de votre localit\u00e9\u00a0;<\/li>\n<li>Configurer votre h\u00e9bergement web ;<\/li>\n<li>prot\u00e9ger votre site ;<\/li>\n<li>garantir la maintenance du site ;<\/li>\n<li>concevoir un site responsive (qui s&#8217;adapte au format smartphone)\u00a0;<\/li>\n<li>optimiser le r\u00e9f\u00e9rencement naturel du site internet.<\/li>\n<\/ul>\n<h2>Confier la cr\u00e9ation du site de sa localit\u00e9 \u00e0 un prestataire comp\u00e9tent<\/h2>\n<p>Afin de mener \u00e0 bien <strong>votre projet de cr\u00e9ation d\u2019un site web pour votre ville<\/strong>, il sera plus judicieux de vous tourner vers des <strong>prestataires comp\u00e9tents et exp\u00e9riment\u00e9s<\/strong>.<\/p>\n<p>Ces derniers doivent comprendre votre activit\u00e9 et s\u2019y int\u00e9resser s\u00e9rieusement pour \u00eatre capable d\u2019identifier votre cible, et ainsi conna\u00eetre ses besoins. Ils seront aussi capables d\u2019\u00e9laborer un site web de mani\u00e8re professionnelle et pourront vous accompagner si n\u00e9cessaire. Mieux encore, un bon prestataire sera force de proposition pour am\u00e9liorer le site de votre localit\u00e9.<\/p>\n<h2>Comment attirer des visiteurs sur les pages du site de sa mairie\u00a0?<\/h2>\n<p>D\u00e8s lors que votre site est con\u00e7u, il est d\u00e9sormais essentiel de tout mettre en \u0153uvre pour attirer les personnes sur ce dernier. Vous \u00e9tablirez <strong>une strat\u00e9gie de communication pour accro\u00eetre votre trafic<\/strong>.<\/p>\n<p>Il existe plusieurs solutions, mais les actions les plus efficaces et garanties sont :<\/p>\n<ul>\n<li>faire de la promotion du site de la ville par le bouche-\u00e0-oreille avec les multiples commerces, associations, partenaires, etc.<\/li>\n<li>distribuer des cartes de visites avec l&#8217;adresse du site mise en valeur\u00a0;<\/li>\n<li><strong>\u00eatre pr\u00e9sent sur les r\u00e9seaux sociaux<\/strong> les plus populaires tels que Facebook, Instagram, LinkedIn, etc.<\/li>\n<li><strong>Orientez vos lecteurs des r\u00e9seaux vers votre site<\/strong>. En effet, l\u2019objectif des posts sur les r\u00e9seaux est de g\u00e9n\u00e9rer du trafic sur le site internet. Int\u00e9grez r\u00e9guli\u00e8rement des liens pointant vers votre site\u00a0;<\/li>\n<li>publier r\u00e9guli\u00e8rement sur le site et sur les m\u00e9dias sociaux\u00a0;<\/li>\n<li>travailler <u>votre r\u00e9f\u00e9rencement naturel (SEO)<\/u>\u00a0;<\/li>\n<li>partager des images ou vid\u00e9os Pinterest, Pixels, Unsplash, etc.<\/li>\n<\/ul>\n<h2>Comment r\u00e9ussir le r\u00e9f\u00e9rencement local d\u2019un site web communal\u00a0?<\/h2>\n<p>Pour vous faire conna\u00eetre, vous devez <strong>optimiser votre r\u00e9f\u00e9rencement local<\/strong>. Vous pourrez ainsi appara\u00eetre sur les premiers r\u00e9sultats de recherche concernant votre ville. Pour ce faire, vous devez\u00a0:<\/p>\n<ul>\n<li><u>cr\u00e9er une fiche Google My Business<\/u> pour communiquer sur les services ou des infos pratiques\u00a0;<\/li>\n<li><u>publier du contenu de qualit\u00e9<\/u> r\u00e9pondant \u00e0 des intentions de recherches locales\u00a0;<\/li>\n<li>alimenter le site par des contenus en images ou en vid\u00e9os de la commune, ainsi que des avis\u00a0;<\/li>\n<li>disposer d&#8217;une belle page d\u2019accueil attractive.<\/li>\n<\/ul>\n<\/div>\n","protected":false},"excerpt":{"rendered":"<p>Vous h\u00e9sitez \u00e0 concevoir un site Internet pour votre commune ? Vous ne voyez peut-\u00eatre pas encore l&#8217;int\u00e9r\u00eat selon votre th\u00e9matique souhait\u00e9e, ou alors vous l&#8217;avez bien compris mais ne savez pas comment vous-y prendre ? Une chose est certaine, c&#8217;est que l&#8217;utilit\u00e9 d&#8217;un site web pour sa municipalit\u00e9 n&#8217;est plus \u00e0 prouver. Vos administr\u00e9s [&hellip;]<\/p>\n","protected":false},"author":1,"featured_media":21648,"parent":21587,"menu_order":12,"comment_status":"closed","ping_status":"closed","template":"","meta":{"_helpful_status":1,"footnotes":""},"class_list":["post-21647","page","type-page","status-publish","has-post-thumbnail","hentry"],"_links":{"self":[{"href":"https:\/\/www.cmonsite.fr\/site\/wp-json\/wp\/v2\/pages\/21647","targetHints":{"allow":["GET"]}}],"collection":[{"href":"https:\/\/www.cmonsite.fr\/site\/wp-json\/wp\/v2\/pages"}],"about":[{"href":"https:\/\/www.cmonsite.fr\/site\/wp-json\/wp\/v2\/types\/page"}],"author":[{"embeddable":true,"href":"https:\/\/www.cmonsite.fr\/site\/wp-json\/wp\/v2\/users\/1"}],"replies":[{"embeddable":true,"href":"https:\/\/www.cmonsite.fr\/site\/wp-json\/wp\/v2\/comments?post=21647"}],"version-history":[{"count":1,"href":"https:\/\/www.cmonsite.fr\/site\/wp-json\/wp\/v2\/pages\/21647\/revisions"}],"predecessor-version":[{"id":21651,"href":"https:\/\/www.cmonsite.fr\/site\/wp-json\/wp\/v2\/pages\/21647\/revisions\/21651"}],"up":[{"embeddable":true,"href":"https:\/\/www.cmonsite.fr\/site\/wp-json\/wp\/v2\/pages\/21587"}],"wp:featuredmedia":[{"embeddable":true,"href":"https:\/\/www.cmonsite.fr\/site\/wp-json\/wp\/v2\/media\/21648"}],"wp:attachment":[{"href":"https:\/\/www.cmonsite.fr\/site\/wp-json\/wp\/v2\/media?parent=21647"}],"curies":[{"name":"wp","href":"https:\/\/api.w.org\/{rel}","templated":true}]}}