{"id":21642,"date":"2022-09-05T13:47:39","date_gmt":"2022-09-05T11:47:39","guid":{"rendered":"https:\/\/www.cmonsite.fr\/site\/?page_id=21642"},"modified":"2022-09-12T14:13:18","modified_gmt":"2022-09-12T12:13:18","slug":"ecole","status":"publish","type":"page","link":"https:\/\/www.cmonsite.fr\/site\/guides\/creation-site\/thematique\/ecole","title":{"rendered":"Comment cr\u00e9er un site pour une \u00e9cole ?"},"content":{"rendered":"<div class=\"text-content\">\n<p>Vous venez de fonder un \u00e9tablissement d&#8217;enseignement et souhaitez cr\u00e9er un nouveau site web ou bien vous dirigez une \u00e9cole et souhaitez disposer d&#8217;un site web renouvel\u00e9 et efficace <a href=\"https:\/\/www.cmonsite.fr\/site\/guides\/creation-site\/thematique\">selon votre th\u00e9matique<\/a> ? Quoi qu&#8217;il en soit, cela vaut la peine de s&#8217;arr\u00eater un instant pour r\u00e9fl\u00e9chir \u00e0 ce qui est important et aux mesures \u00e0 prendre pour d\u00e9velopper un site Web d&#8217;\u00e9cole qui plaira aux familles potentielles et actuelles. D\u00e9couvrez dans cet article les principaux conseils et consid\u00e9rations pour la cr\u00e9ation du site web de votre \u00e9cole.<\/p>\n<h2>Les bases (techniques) d&#8217;un bon site web scolaire<\/h2>\n<p>Comme toute maison habitable, un site web solide doit avoir une bonne base sur laquelle fonder les contenus et les fonctionnalit\u00e9s. C&#8217;est-\u00e0-dire : <strong>un bon service d&#8217;h\u00e9bergement<\/strong>, un syst\u00e8me de gestion de contenu ou <strong>CMS<\/strong> accessible et s\u00e9curis\u00e9, et un service de maintenance technique professionnel.<\/p>\n<p>Tout d&#8217;abord, il doit <u>\u00eatre h\u00e9berg\u00e9 dans un endroit s\u00fbr<\/u>, d&#8217;o\u00f9 des <strong>sauvegardes r\u00e9guli\u00e8res <\/strong>peuvent \u00eatre effectu\u00e9es.<\/p>\n<p>En outre, il doit int\u00e9grer un syst\u00e8me de gestion de contenu ou un syst\u00e8me de gestion de contenu (par exemple WordPress, Drupal, Magento&#8230;) facile \u00e0 utiliser pour vous et dans lequel vous pouvez mettre \u00e0 jour et <u>optimiser les pages<\/u> du site web.<\/p>\n<p>Enfin, il est souhaitable de faire appel \u00e0 un <strong>service de maintenance technique<\/strong> pour effectuer les mises \u00e0 jour n\u00e9cessaires et r\u00e9soudre les probl\u00e8mes \u00e9ventuels, au-del\u00e0 de l&#8217;intervention de l&#8217;informaticien de l&#8217;\u00e9cole.<\/p>\n<h2>Les objectifs d&#8217;un site web scolaire selon le marketing \u00e9ducatif<\/h2>\n<p>Que voulez-vous obtenir avec le site web ? Une image renouvel\u00e9e de l&#8217;\u00e9cole pour votre nouvelle campagne d&#8217;inscription ? Rationaliser certains processus administratifs ? Mettre en place un syst\u00e8me pour g\u00e9rer les demandes des nouvelles familles ? Il peut sembler \u00e9trange d&#8217;y penser aujourd&#8217;hui, mais quel est le but d&#8217;un site web scolaire ? Il ne s&#8217;agit ni d&#8217;une brochure institutionnelle, ni d&#8217;une plateforme de vente d&#8217;uniformes, ni d&#8217;un simple endroit o\u00f9 t\u00e9l\u00e9charger le menu de l&#8217;\u00e9cole.<\/p>\n<p>Le site web doit \u00eatre le <strong>canal de pr\u00e9sentation num\u00e9rique<\/strong> par excellence de l&#8217;\u00e9cole. Il a pour fonction de mettre l&#8217;\u00e9cole en contact avec des familles potentielles qui pourraient \u00eatre int\u00e9ress\u00e9es et d&#8217;autres membres de la soci\u00e9t\u00e9 qui souhaitent conna\u00eetre l&#8217;\u00e9cole, ainsi que de mettre en contact et d&#8217;informer les familles des \u00e9l\u00e8ves actuels, les enseignants et tout le personnel de l&#8217;\u00e9cole sur une base quotidienne.<\/p>\n<h2>1. Fixer des objectifs, des moyens et des indicateurs<\/h2>\n<p><img fetchpriority=\"high\" decoding=\"async\" class=\"alignnone size-full wp-image-21645\" src=\"https:\/\/www.cmonsite.fr\/site\/webup\/2022\/09\/laptop-1846277_1280.jpg\" alt=\"\" width=\"1280\" height=\"854\" srcset=\"https:\/\/www.cmonsite.fr\/site\/webup\/2022\/09\/laptop-1846277_1280.jpg 1280w, https:\/\/www.cmonsite.fr\/site\/webup\/2022\/09\/laptop-1846277_1280-300x200.jpg 300w, https:\/\/www.cmonsite.fr\/site\/webup\/2022\/09\/laptop-1846277_1280-1024x683.jpg 1024w, https:\/\/www.cmonsite.fr\/site\/webup\/2022\/09\/laptop-1846277_1280-768x512.jpg 768w\" sizes=\"(max-width: 1280px) 100vw, 1280px\" \/><\/p>\n<p>Sur la base de ce que nous venons de dire sur les objectifs du site web, pensez \u00e0 l&#8217;objectif principal et aux objectifs secondaires et r\u00e9fl\u00e9chissez aux <strong>fonctionnalit\u00e9s techniques<\/strong> dont vous aurez besoin, afin de calculer le budget que vous devrez consacrer au site web.<\/p>\n<p>Ce n&#8217;est pas la m\u00eame chose d&#8217;avoir un blog que de ne pas en avoir, ou de vouloir int\u00e9grer des vid\u00e9os, des formulaires de contact, les derniers posts sur les m\u00e9dias sociaux, si vous voulez le connecter \u00e0 un CRM pour g\u00e9rer les admissions, si vous voulez le relier \u00e0 votre entonnoir d&#8217;inscription&#8230;<\/p>\n<p>Enfin, demandez-vous si vous allez <u>mesurer les analyses de navigation<\/u> web (par exemple, via <strong>Google Analytics<\/strong>) et quels indicateurs vous voudrez suivre de pr\u00e8s (consulter certaines pages, cliquer sur certains liens, t\u00e9l\u00e9charger des pdfs ou remplir des formulaires).<\/p>\n<h2>2. Pensez \u00e0 la structure du contenu pour mettre en valeur votre projet \u00e9ducatif<\/h2>\n<ol>\n<li>Le site web de votre \u00e9cole ne peut pas \u00eatre identique \u00e0 votre brochure institutionnelle ou \u00e0 celle de votre fondation. Vous ne pouvez pas faire un simple copier-coller de l&#8217;ensemble de l&#8217;histoire, de l&#8217;identit\u00e9, du projet \u00e9ducatif, etc.<\/li>\n<\/ol>\n<p>Les gens voudront que vous leur fournissiez un <strong>contenu pertinent<\/strong>, <strong>bref et concis<\/strong>&#8230; et plus il est narratif, mieux c&#8217;est. Avec cette id\u00e9e en t\u00eate, planifiez la structure du contenu de votre site web, de sorte que <u>la navigation soit facile<\/u>, rapide et agr\u00e9able. Et de refl\u00e9ter votre projet \u00e9ducatif de la mani\u00e8re la plus moderne et la plus visuelle possible. C&#8217;est la cl\u00e9 de <strong>l&#8217;exp\u00e9rience utilisateur<\/strong>.<\/p>\n<p>R\u00e9fl\u00e9chissez maintenant aux sections que vous souhaitez voir figurer sur votre plan du site et au contenu de chacune d&#8217;entre elles. N&#8217;oubliez pas qu&#8217;il s&#8217;agit du site web d&#8217;une \u00e9cole et que structurer correctement votre offre \u00e9ducative et la diff\u00e9rencier des autres doivent \u00eatre les <u>crit\u00e8res strat\u00e9giques<\/u> qui vous guident dans ce processus.<\/p>\n<h2>3. Dessinez des wireframes et commencez \u00e0 v\u00e9rifier si votre id\u00e9e fonctionne<\/h2>\n<p>Avant de cr\u00e9er le site web (ou de demander \u00e0 une agence de communication et de marketing de le d\u00e9velopper), vous devrez capturer sur papier et\/ou sur \u00e9cran ce \u00e0 quoi vous voulez que le site ressemble, afin de v\u00e9rifier qu&#8217;il fonctionne dans toutes ses dimensions (<strong>strat\u00e9gique, conceptuelle, technique<\/strong>&#8230;).<\/p>\n<p>Pour ce faire, dessinez quelques maquettes sur papier ou num\u00e9riquement et demandez \u00e0 plusieurs personnes de les regarder et de vous donner leur avis.<\/p>\n<p>Pour ce faire, dessinez quelques maquettes sur papier ou num\u00e9riquement et demandez \u00e0 plusieurs personnes de les regarder et de vous donner leur avis.<\/p>\n<h2>4. R\u00e9aliser la conception et r\u00e9diger le contenu<\/h2>\n<p>Si vous d\u00e9cidez de cr\u00e9er le site Web \u00e0 l&#8217;aide d&#8217;un mod\u00e8le, il sera n\u00e9cessaire de s\u00e9lectionner <u>le th\u00e8me qui correspond le mieux<\/u> \u00e0 votre id\u00e9e et de faire plusieurs essais, en r\u00e9alisant un montage visuel avec diff\u00e9rents \u00e9l\u00e9ments du mod\u00e8le pour voir \u00e0 quoi il ressemblera.<\/p>\n<p>Si la d\u00e9cision est de cr\u00e9er un site Web sans mod\u00e8le, vous devrez alors g\u00e9n\u00e9rer le site Web \u00e0 partir de z\u00e9ro avec un outil de conception. Il est utile d&#8217;explorer d&#8217;autres sites Web pour s&#8217;en inspirer. En outre, vous devrez r\u00e9diger le contenu de chaque page, s\u00e9lectionner de <strong>bonnes photographies<\/strong> et \u00e9laborer des infographies, en vous adaptant au design choisi.<\/p>\n<h2>5. Mettre en place la conception et la tester \u00e0 nouveau<\/h2>\n<p><img decoding=\"async\" class=\"alignnone size-full wp-image-21643\" src=\"https:\/\/www.cmonsite.fr\/site\/webup\/2022\/09\/green-1738220_1280.jpg\" alt=\"\" width=\"1280\" height=\"851\" srcset=\"https:\/\/www.cmonsite.fr\/site\/webup\/2022\/09\/green-1738220_1280.jpg 1280w, https:\/\/www.cmonsite.fr\/site\/webup\/2022\/09\/green-1738220_1280-300x199.jpg 300w, https:\/\/www.cmonsite.fr\/site\/webup\/2022\/09\/green-1738220_1280-1024x681.jpg 1024w, https:\/\/www.cmonsite.fr\/site\/webup\/2022\/09\/green-1738220_1280-768x511.jpg 768w\" sizes=\"(max-width: 1280px) 100vw, 1280px\" \/><\/p>\n<p>Si vous optez pour un mod\u00e8le, utilisez le <strong>web builder<\/strong> associ\u00e9 pour commencer \u00e0 assembler les \u00e9l\u00e9ments de chaque page : images, textes, boutons&#8230; Vous pouvez \u00e9galement cr\u00e9er un site web de toutes pi\u00e8ces sans mod\u00e8le mais avec un builder, ou opter pour un site web avec un code ad hoc. En fonction de vos d\u00e9cisions, il y aura un moment dans le processus o\u00f9 vous aurez besoin d&#8217;un partenaire pour prendre en charge les travaux qui n\u00e9cessitent une <u>sp\u00e9cialisation professionnelle<\/u><\/p>\n<h2>6. Attirez des familles potentielles<\/h2>\n<p>Travaillez bien <strong>le &#8220;SEO&#8221;<\/strong> ou positionnement du site dans <u>les moteurs de recherche<\/u> (par l&#8217;\u00e9tiquetage des images, la r\u00e9daction de nouvelles&#8230;), afin que les parents puissent le trouver facilement. Un site web qui ne peut \u00eatre trouv\u00e9 est un site web qui n&#8217;existe pas.<\/p>\n<p>Veillez \u00e0 ce que le contenu soit pertinent, adapt\u00e9 \u00e0 la langue des parents et dot\u00e9 d&#8217;un <strong>design attrayant<\/strong> en accord avec l&#8217;identit\u00e9 de l&#8217;\u00e9cole. Ayez \u00e0 port\u00e9e de main le plan de communication de votre \u00e9cole.<\/p>\n<p>Incluez <u>des appels \u00e0 l&#8217;action<\/u> (Call to Action) pour \u00e9tablir une relation personnelle avec les parents (appel, visite guid\u00e9e de l&#8217;\u00e9cole&#8230;). Si vous pouvez \u00e9galement les int\u00e9grer \u00e0 un syst\u00e8me de CRM qui collecte leurs donn\u00e9es, c&#8217;est encore mieux.<\/p>\n<h2>7. Familles actuelles<\/h2>\n<p>N&#8217;oubliez pas d&#8217;afficher des liens pratiques comme Alexia\/Moodle\/Educamos, le menu de la cantine scolaire ou le calendrier. Les parents l&#8217;appr\u00e9cieront.<\/p>\n<p>Cr\u00e9ez une <strong>section d&#8217;actualit\u00e9s<\/strong> pour informer en d\u00e9tail des derni\u00e8res nouvelles de l&#8217;\u00e9cole. Cela contribuera \u00e9galement au <u>positionnement de votre page.<\/u><\/p>\n<p>Int\u00e9grer les parents dans les textes, la photographie, inclure une section sur l&#8217;association (s&#8217;il y en a une), etc. Ils constituent une partie importante de la communaut\u00e9 \u00e9ducative et cela doit \u00eatre refl\u00e9t\u00e9.<\/p>\n<h2>8. Enseignants et personnel<\/h2>\n<p>Pr\u00e9sentez <u>le travail et les t\u00e9moignages des enseignants<\/u> sur votre site web. Ce sont eux qui d\u00e9criront le mieux les m\u00e9thodologies et la vie quotidienne de l&#8217;\u00e9cole, et ce sera une reconnaissance de leur travail.<\/p>\n<p>Ajouter des <strong>formulaires d&#8217;information<\/strong> <strong>et de contact<\/strong> pour faciliter le travail du personnel d&#8217;accueil.<\/p>\n<p>Incluez un formulaire ou <strong>une adresse \u00e9lectronique<\/strong> o\u00f9 les enseignants potentiels peuvent prendre contact et envoyer leur CV.<\/p>\n<h2>9. Montrez que vos coordonn\u00e9es sont \u00e0 jour et compl\u00e8tes.<\/h2>\n<p>Pr\u00e9sentez une section avec vos r\u00e9seaux sociaux afin que les utilisateurs puissent interagir avec le centre au-del\u00e0 du site web.<\/p>\n<p>Incluez une section pour les anciens \u00e9l\u00e8ves o\u00f9 ils peuvent rester en contact avec l&#8217;\u00e9cole.<\/p>\n<\/div>\n","protected":false},"excerpt":{"rendered":"<p>Vous venez de fonder un \u00e9tablissement d&#8217;enseignement et souhaitez cr\u00e9er un nouveau site web ou bien vous dirigez une \u00e9cole et souhaitez disposer d&#8217;un site web renouvel\u00e9 et efficace selon votre th\u00e9matique ? Quoi qu&#8217;il en soit, cela vaut la peine de s&#8217;arr\u00eater un instant pour r\u00e9fl\u00e9chir \u00e0 ce qui est important et aux mesures [&hellip;]<\/p>\n","protected":false},"author":1,"featured_media":21644,"parent":21587,"menu_order":10,"comment_status":"closed","ping_status":"closed","template":"","meta":{"_helpful_status":1,"footnotes":""},"class_list":["post-21642","page","type-page","status-publish","has-post-thumbnail","hentry"],"_links":{"self":[{"href":"https:\/\/www.cmonsite.fr\/site\/wp-json\/wp\/v2\/pages\/21642","targetHints":{"allow":["GET"]}}],"collection":[{"href":"https:\/\/www.cmonsite.fr\/site\/wp-json\/wp\/v2\/pages"}],"about":[{"href":"https:\/\/www.cmonsite.fr\/site\/wp-json\/wp\/v2\/types\/page"}],"author":[{"embeddable":true,"href":"https:\/\/www.cmonsite.fr\/site\/wp-json\/wp\/v2\/users\/1"}],"replies":[{"embeddable":true,"href":"https:\/\/www.cmonsite.fr\/site\/wp-json\/wp\/v2\/comments?post=21642"}],"version-history":[{"count":1,"href":"https:\/\/www.cmonsite.fr\/site\/wp-json\/wp\/v2\/pages\/21642\/revisions"}],"predecessor-version":[{"id":21646,"href":"https:\/\/www.cmonsite.fr\/site\/wp-json\/wp\/v2\/pages\/21642\/revisions\/21646"}],"up":[{"embeddable":true,"href":"https:\/\/www.cmonsite.fr\/site\/wp-json\/wp\/v2\/pages\/21587"}],"wp:featuredmedia":[{"embeddable":true,"href":"https:\/\/www.cmonsite.fr\/site\/wp-json\/wp\/v2\/media\/21644"}],"wp:attachment":[{"href":"https:\/\/www.cmonsite.fr\/site\/wp-json\/wp\/v2\/media?parent=21642"}],"curies":[{"name":"wp","href":"https:\/\/api.w.org\/{rel}","templated":true}]}}