{"id":21637,"date":"2022-09-05T13:45:54","date_gmt":"2022-09-05T11:45:54","guid":{"rendered":"https:\/\/www.cmonsite.fr\/site\/?page_id=21637"},"modified":"2022-09-12T14:13:22","modified_gmt":"2022-09-12T12:13:22","slug":"association","status":"publish","type":"page","link":"https:\/\/www.cmonsite.fr\/site\/guides\/creation-site\/thematique\/association","title":{"rendered":"Comment cr\u00e9er un site internet pour une association ?"},"content":{"rendered":"<div class=\"more-space\">Les sites internet repr\u00e9sentent un excellent moyen pour se faire connaitre ou reconnaitre en ligne <a href=\"https:\/\/www.cmonsite.fr\/site\/guides\/creation-site\/thematique\">selon la th\u00e9matique souhait\u00e9e<\/a>. Ils occupent une part pr\u00e9pond\u00e9rante dans l&#8217;accessibilit\u00e9 de l&#8217;information, mais \u00e9galement dans les strat\u00e9gies commerciales. Si leur utilit\u00e9 en entreprise n&#8217;est plus \u00e0 d\u00e9monter, ils se r\u00e9v\u00e8lent encore plus importants pour les associations. En effet, contrairement aux soci\u00e9t\u00e9s, les associations se caract\u00e9risent par leur but b\u00e9n\u00e9vole. Elles ont de ce fait grand besoin des sites web pour faire la promotion de leurs activit\u00e9s, mais \u00e9galement pour trouver des financements. La r\u00e9alisation d&#8217;un site associatif doit suivre certaines d\u00e9marches fondamentales. Ce billet vous en dit davantage.<\/div>\n<div class=\"text-content\">\n<h2>Constituer une \u00e9quipe \u00e0 cette fin<\/h2>\n<p>La conception du site internet d&#8217;une association peut se r\u00e9aliser en quelques jours comme elle peut s&#8217;\u00e9chelonner sur plusieurs mois. Il est de notori\u00e9t\u00e9 publique que les <strong><u>associations 1901<\/u><\/strong> ne disposent g\u00e9n\u00e9ralement pas de revenus astronomiques. Leurs ressources humaines constituent leur plus grande richesse et il faut pour cette raison bien les employer. Pour ce faire, la d\u00e9signation d&#8217;un <strong>chef de projet<\/strong> repr\u00e9sente la premi\u00e8re d\u00e9marche \u00e0 mener. Il lui reviendra de constituer son \u00e9quipe en tenant compte des comp\u00e9tences de chacun. Le responsable devra disposer des <u>comp\u00e9tences humaines et techniques<\/u> pour superviser et coordonner les activit\u00e9s de ses suivants.<\/p>\n<h2>D\u00e9finir des objectifs<\/h2>\n<p>Les ambitions d&#8217;un site d&#8217;association peuvent varier en fonction d&#8217;un certain nombre de facteurs comme <strong>l&#8217;anciennet\u00e9<\/strong> ou encore le <strong>domaine d&#8217;activit\u00e9<\/strong> (culture, sant\u00e9, sport, environnement\u2026). Pour les associations naissantes par exemple, l&#8217;objectif primordial demeure de se faire connaitre du plus grand nombre. D&#8217;autres associations, plus connues, recherchent souvent des financements pour leurs projets. \u00c9tonnamment, le milieu des associations repr\u00e9sente un cadre tr\u00e8s concurrentiel. Il existe des milliers d&#8217;organisations certes d\u00e9sint\u00e9ress\u00e9es, mais qui militent pour des causes similaires. Ainsi, pour elles, la s\u00e9duction des donateurs constitue l&#8217;ultime propos.<\/p>\n<p>Avant tout, la d\u00e9finition des objectifs doit donc, r\u00e9pondre aux besoins de l&#8217;association. Un site associatif permet \u00e9galement d&#8217;allicier de nouveaux adh\u00e9rents ou d&#8217;informer les suiveurs des \u00e9v\u00e9nements de l&#8217;association en cours ou \u00e0 venir. Aussi, les objectifs d&#8217;une association doivent-ils rester en ad\u00e9quation avec son budget.<\/p>\n<h2>Concevoir un site agr\u00e9able<\/h2>\n<p><img fetchpriority=\"high\" decoding=\"async\" class=\"alignnone size-full wp-image-21639\" src=\"https:\/\/www.cmonsite.fr\/site\/webup\/2022\/09\/home-office-1867761_1280.jpg\" alt=\"\" width=\"1280\" height=\"854\" srcset=\"https:\/\/www.cmonsite.fr\/site\/webup\/2022\/09\/home-office-1867761_1280.jpg 1280w, https:\/\/www.cmonsite.fr\/site\/webup\/2022\/09\/home-office-1867761_1280-300x200.jpg 300w, https:\/\/www.cmonsite.fr\/site\/webup\/2022\/09\/home-office-1867761_1280-1024x683.jpg 1024w, https:\/\/www.cmonsite.fr\/site\/webup\/2022\/09\/home-office-1867761_1280-768x512.jpg 768w\" sizes=\"(max-width: 1280px) 100vw, 1280px\" \/><\/p>\n<p>Le succ\u00e8s d&#8217;un site internet tient autant \u00e0 son esth\u00e9tique qu&#8217;aux contenus qui y sont publi\u00e9s.<\/p>\n<p>La <strong>charte graphique<\/strong> d&#8217;un site d&#8217;association doit communiquer les valeurs de cette derni\u00e8re, mais aussi demeurer au go\u00fbt des derni\u00e8res tendances. Il doit exister une coh\u00e9rence entre toutes les pages du site internet. Celui-ci devra entre autres \u00eatre adaptatif et pourvu d&#8217;une vitesse de chargement convenable. Une bonne structuration des pages d&#8217;un site associatif permet \u00e0 l&#8217;internaute de s&#8217;y retrouver plus facilement.<\/p>\n<p>Par ailleurs, <u>la communication reste l&#8217;une des missions fondamentales des associations<\/u>. \u00c0 cet effet, il est pr\u00e9f\u00e9rable de ne publier que des contenus r\u00e9dactionnels clairs et concis. L&#8217;efficacit\u00e9 d&#8217;un site internet ne rel\u00e8ve pas du nombre de pages ou de fonctionnalit\u00e9s qu&#8217;il pr\u00e9sente, mais \u00e0 la praticit\u00e9 de ces derni\u00e8res. Pour cela, il ne faudra retenir que l&#8217;essentiel. De m\u00eame, l&#8217;emploi d&#8217;images ou de contenus audiovisuels demeure tr\u00e8s recommand\u00e9. Ils am\u00e9liorent l&#8217;exp\u00e9rience de l&#8217;internaute et l&#8217;\u00e9difient mieux sur les activit\u00e9s de l&#8217;association. \u00ab Une image vaut mille mots \u00bb, dit-on.<\/p>\n<h2>Choisir un logiciel adapt\u00e9<\/h2>\n<p>Il existe deux grandes cat\u00e9gories de solutions techniques de publication pour les sites internet : les logiciels &#8216;<strong>&#8216;Open<\/strong> <strong>source<\/strong> \u00bb et les logiciels \u00ab <strong>propri\u00e9taires<\/strong> \u00bb, totalement libres d&#8217;installation. Chacun de ces mod\u00e8les pr\u00e9sente ses avantages.<\/p>\n<p>Les <strong>SGC<\/strong> (Syst\u00e8me de Gestion de Contenu) ou logiciels &#8221;Open source&#8221; repr\u00e9sentent des solutions relativement simples \u00e0 manipuler et proposent le plus souvent des services gratuits. Nul n&#8217;est besoin de poss\u00e9der des connaissances informatiques tr\u00e8s pouss\u00e9es pour s&#8217;en servir. Ces logiciels proposent normalement des templates qu&#8217;il suffira de modifier pour l&#8217;adapter aux caract\u00e9ristiques sp\u00e9cifiques de l&#8217;association. Au nombre des CMS autoh\u00e9berg\u00e9s, on distingue :<\/p>\n<ul>\n<li>E-Monsite ;<\/li>\n<li>SiteW ;<\/li>\n<li>AssoConnect ;<\/li>\n<li>Etc.<\/li>\n<\/ul>\n<p>Relativement aux autres types de CMS, ils exigent des connaissances importantes en programmation. On en retrouve \u00e9galement qui s&#8217;av\u00e8rent gratuits, mais leur mise au point prend beaucoup de temps. Les plus connus demeurent :<\/p>\n<ul>\n<li>Dupral ;<\/li>\n<li>WordPress ;<\/li>\n<li>Neos ;<\/li>\n<li>Joomla ;<\/li>\n<li>Contao ;<\/li>\n<li>Etc.<\/li>\n<\/ul>\n<h2>Installer des fonctionnalit\u00e9s utiles<\/h2>\n<p>Les fonctionnalit\u00e9s devant figurer sur le site internet d&#8217;une association diff\u00e8rent sensiblement de celles d&#8217;une entreprise. La fonctionnalit\u00e9 la plus importante pour un site associatif demeure la partie \u00ab <strong>vitrine<\/strong> \u00bb. La vitrine constitue la premi\u00e8re page du site, celle qui renseigne sur les informations g\u00e9n\u00e9rales de l&#8217;association : la d\u00e9nomination, les valeurs pr\u00f4n\u00e9es, la vis\u00e9e, les plus importantes actions men\u00e9es ou encore <u>l&#8217;autorisation l\u00e9gale<\/u>. Un soin particulier devra y \u00eatre accord\u00e9, car elle renvoie \u00e0 l&#8217;internaute une premi\u00e8re image de l&#8217;association.<\/p>\n<p>Par ailleurs, il faudra \u00e9galement une page \u00ab <strong>galerie<\/strong> \u00bb pour pr\u00e9senter les photos et vid\u00e9os, mais aussi une <strong><u>fonctionnalit\u00e9 d\u00e9di\u00e9e \u00e0 l&#8217;adh\u00e9sion de nouveaux membres<\/u><\/strong>. Un site associatif doit aussi \u00eatre pourvu de modules r\u00e9serv\u00e9s pour la publication de contenus r\u00e9dactionnels. \u00c0 ce propos, la <u>sollicitation de r\u00e9dacteurs web chevronn\u00e9s<\/u> reste la meilleure option. Un site d&#8217;associatif a enfin besoin de fonctionnalit\u00e9s permettant de recevoir des <strong>donations<\/strong> avec des moyens de paiement simples et s\u00fbrs.<\/p>\n<h2>Porter son choix vers un nom de domaine appropri\u00e9<\/h2>\n<p><img decoding=\"async\" class=\"alignnone size-full wp-image-21640\" src=\"https:\/\/www.cmonsite.fr\/site\/webup\/2022\/09\/meeting-594091_1280.jpg\" alt=\"\" width=\"1280\" height=\"853\" srcset=\"https:\/\/www.cmonsite.fr\/site\/webup\/2022\/09\/meeting-594091_1280.jpg 1280w, https:\/\/www.cmonsite.fr\/site\/webup\/2022\/09\/meeting-594091_1280-300x200.jpg 300w, https:\/\/www.cmonsite.fr\/site\/webup\/2022\/09\/meeting-594091_1280-1024x682.jpg 1024w, https:\/\/www.cmonsite.fr\/site\/webup\/2022\/09\/meeting-594091_1280-768x512.jpg 768w\" sizes=\"(max-width: 1280px) 100vw, 1280px\" \/><\/p>\n<p>Le nom de domaine constitue \u00e9galement une composante indispensable d&#8217;un site web. Il figure dans l&#8217;adresse de ce dernier et permet aux internautes de s&#8217;y diriger facilement. Le choix du domaine d&#8217;un site associatif doit \u00eatre effectu\u00e9 avec minutie. Bien que les noms de domaine en <strong>&#8221;\u2026com&#8221;<\/strong> soient les plus attrayants, ils ne conviennent pas aux associations. Les associations repr\u00e9sentent des organisations \u00e0 but non lucratif et de ce fait, seul le nom de domaine <strong>&#8221;\u2026org&#8221; <\/strong>leur est destin\u00e9.<\/p>\n<h2>\u00c9tablir une strat\u00e9gie de r\u00e9f\u00e9rencement performante<\/h2>\n<p>Le r\u00e9f\u00e9rencement permet aux associations ou entreprises d&#8217;accro\u00eetre leur visibilit\u00e9 gr\u00e2ce \u00e0 un meilleur positionnement sur les moteurs de recherche tels que <strong>Google<\/strong> ou <strong>Bing<\/strong>. Bien qu&#8217;il existe des <u>solutions de<\/u> <u>r\u00e9f\u00e9rencement payantes<\/u>, les associations peuvent aussi travailler \u00e0 leur r\u00e9f\u00e9rencement au moyen de petites astuces. Les plus connues restent l&#8217;utilisation des <strong>mots cl\u00e9s<\/strong> et le <strong>netlinking<\/strong>.<\/p>\n<p>Pour une utilisation optimale des mots cl\u00e9s, il importe de les placer aux bons endroits. Le site devra se pr\u00e9senter en une solution aux pr\u00e9occupations des internautes. Pour ce faire, les termes renvoyant au nom de l&#8217;association ou encore \u00e0 ses activit\u00e9s, devront figurer au niveau de chacune des balises HTML (H1, H2, H3\u2026). De m\u00eame, des sites provenant des sites d&#8217;autorit\u00e9 doivent figurer dans les textes publi\u00e9s sur la plateforme. L&#8217;insertion d&#8217;images et de contenus audiovisuels comme \u00e9voqu\u00e9s plus haut joue \u00e9galement un r\u00f4le important.<\/p>\n<p>Par ailleurs, les <strong>r\u00e9seaux sociaux<\/strong> se pr\u00e9sentent en v\u00e9ritables vecteurs pour la promotion des organisations. Une pr\u00e9sence accrue sur les r\u00e9seaux sociaux d&#8217;envergure comme <u>Facebook, Twitter ou TikTok<\/u> participe \u00e0 se constituer une communaut\u00e9 de base solide. Les membres de cette communaut\u00e9 pourront m\u00eame se muer en des ambassadeurs de l&#8217;association.<\/p>\n<h2>Pr\u00e9f\u00e9rer les sites \u00e9cologiques<\/h2>\n<p>L&#8217;on ne s&#8217;en doute pas souvent, mais le num\u00e9rique fait \u00e9galement partie des branches les plus polluantes. Il ne serait pas par exemple coh\u00e9rent pour une association militant pour <strong>la pr\u00e9servation de l&#8217;environnement<\/strong> de se munir d&#8217;un site internet \u00e9nergivore. Par cons\u00e9quent, les associations doivent trouver un compromis entre la performance envisag\u00e9e sur les moteurs de recherche et la consommation d&#8217;\u00e9nergie n\u00e9cessaire.<\/p>\n<p>La vitesse de chargement d&#8217;un site web importe grandement dans sa consommation en \u00e9nergie. Plus un site met du temps \u00e0 charger, plus l&#8217;\u00e9nergie n\u00e9cessaire \u00e0 son chargement s&#8217;av\u00e8re importante. De m\u00eame, les contenus r\u00e9dactionnels et audiovisuels \u00ab alourdissent \u00bb consid\u00e9rablement les sites. Pour cette raison, il importe de retirer toutes les fonctionnalit\u00e9s futiles non seulement pour amoindrir les besoins en \u00e9nergies, mais aussi pour rendre le site plus <strong>soft<\/strong>. Pour finir, le choix d&#8217;un &#8216;<strong><u>&#8216;h\u00e9bergeur vert&#8221;<\/u><\/strong> s&#8217;impose dans une optique de pr\u00e9servation de l&#8217;environnement.<\/p>\n<\/div>\n","protected":false},"excerpt":{"rendered":"<p>Les sites internet repr\u00e9sentent un excellent moyen pour se faire connaitre ou reconnaitre en ligne selon la th\u00e9matique souhait\u00e9e. Ils occupent une part pr\u00e9pond\u00e9rante dans l&#8217;accessibilit\u00e9 de l&#8217;information, mais \u00e9galement dans les strat\u00e9gies commerciales. Si leur utilit\u00e9 en entreprise n&#8217;est plus \u00e0 d\u00e9monter, ils se r\u00e9v\u00e8lent encore plus importants pour les associations. En effet, contrairement [&hellip;]<\/p>\n","protected":false},"author":1,"featured_media":21638,"parent":21587,"menu_order":9,"comment_status":"closed","ping_status":"closed","template":"","meta":{"_helpful_status":1,"footnotes":""},"class_list":["post-21637","page","type-page","status-publish","has-post-thumbnail","hentry"],"_links":{"self":[{"href":"https:\/\/www.cmonsite.fr\/site\/wp-json\/wp\/v2\/pages\/21637","targetHints":{"allow":["GET"]}}],"collection":[{"href":"https:\/\/www.cmonsite.fr\/site\/wp-json\/wp\/v2\/pages"}],"about":[{"href":"https:\/\/www.cmonsite.fr\/site\/wp-json\/wp\/v2\/types\/page"}],"author":[{"embeddable":true,"href":"https:\/\/www.cmonsite.fr\/site\/wp-json\/wp\/v2\/users\/1"}],"replies":[{"embeddable":true,"href":"https:\/\/www.cmonsite.fr\/site\/wp-json\/wp\/v2\/comments?post=21637"}],"version-history":[{"count":1,"href":"https:\/\/www.cmonsite.fr\/site\/wp-json\/wp\/v2\/pages\/21637\/revisions"}],"predecessor-version":[{"id":21641,"href":"https:\/\/www.cmonsite.fr\/site\/wp-json\/wp\/v2\/pages\/21637\/revisions\/21641"}],"up":[{"embeddable":true,"href":"https:\/\/www.cmonsite.fr\/site\/wp-json\/wp\/v2\/pages\/21587"}],"wp:featuredmedia":[{"embeddable":true,"href":"https:\/\/www.cmonsite.fr\/site\/wp-json\/wp\/v2\/media\/21638"}],"wp:attachment":[{"href":"https:\/\/www.cmonsite.fr\/site\/wp-json\/wp\/v2\/media?parent=21637"}],"curies":[{"name":"wp","href":"https:\/\/api.w.org\/{rel}","templated":true}]}}