{"id":21627,"date":"2022-09-05T13:41:39","date_gmt":"2022-09-05T11:41:39","guid":{"rendered":"https:\/\/www.cmonsite.fr\/site\/?page_id=21627"},"modified":"2022-09-12T14:13:30","modified_gmt":"2022-09-12T12:13:30","slug":"restaurant","status":"publish","type":"page","link":"https:\/\/www.cmonsite.fr\/site\/guides\/creation-site\/thematique\/restaurant","title":{"rendered":"Comment cr\u00e9er un site pour un restaurant ?"},"content":{"rendered":"<div class=\"more-space\"><strong> Cr\u00e9ez un site Web pour votre restaurant en 4 \u00e9tapes incontournables ! <\/strong><\/div>\n<div class=\"text-content\">G\u00e9rer un restaurant peut \u00eatre \u00e0 la fois passionnant et difficile. Cela signifie \u00e9galement que vous n&#8217;avez peut-\u00eatre pas beaucoup de temps \u00e0 consacrer \u00e0 la cr\u00e9ation d&#8217;une pr\u00e9sence en ligne pour votre \u00e9tablissement. Avec de nombreuses options pour cr\u00e9er des comptes de m\u00e9dias sociaux et des sites Web <a href=\"https:\/\/www.cmonsite.fr\/site\/guides\/creation-site\/thematique\">selon la th\u00e9matique de votre site<\/a>, nous comprenons qu&#8217;il peut \u00eatre difficile de choisir la bonne approche.<\/p>\n<p>Heureusement, les syst\u00e8mes de gestion de contenu (SGC) comme WordPress peuvent faciliter la combinaison de toutes vos options en un seul espace en ligne magnifiquement con\u00e7u. Par exemple, les plugins et les th\u00e8mes WordPress &#8211; pensez aux mod\u00e8les de sites Web &#8211; vous donnent la possibilit\u00e9 d&#8217;int\u00e9grer des comptes et des menus de m\u00e9dias sociaux sur votre site, sans pour autant \u00e9puiser votre \u00e9nergie et vos ressources dans le processus.<\/p>\n<p><strong>Dans cet article, nous allons d\u00e9couvrir 4 \u00e9tapes pour cr\u00e9er un site Web de restaurant avec WordPress.<\/strong> Nous verrons \u00e9galement pourquoi WordPress est la meilleure option, et comment les outils de cr\u00e9ation de sites Web cr\u00e9\u00e9s pour la plateforme peuvent <u>faire passer votre site au niveau sup\u00e9rieur<\/u>.<\/p>\n<h2>L&#8217;int\u00e9r\u00eat de d\u00e9dier un site Web \u00e0 son restaurant<\/h2>\n<p>Les propri\u00e9taires de petites entreprises ont tout int\u00e9r\u00eat \u00e0 lancer leur pr\u00e9sence en ligne avec une plateforme de m\u00e9dias sociaux ou une application pour restaurant, car <strong>il existe de nombreuses options gratuites<\/strong> et largement disponibles. Il est ind\u00e9niable que les m\u00e9dias sociaux sont essentiels \u00e0 votre strat\u00e9gie marketing, mais <u>l&#8217;utilisation d&#8217;une plateforme tierce peut \u00e9galement pr\u00e9senter des inconv\u00e9nients<\/u>.<\/p>\n<p><strong>Trois facteurs essentiels sont \u00e0 prendre en compte lorsque vous d\u00e9cidez de cr\u00e9er un site web d\u00e9di\u00e9 \u00e0 votre restaurant.<\/strong><\/p>\n<h3>#1 : Le retour sur investissement (ROI)<\/h3>\n<p>Bien que les sites Web puissent \u00eatre co\u00fbteux, il existe des plans disponibles pour un <strong>large \u00e9ventail de budgets<\/strong>. Une fois que vous avez investi le temps initial n\u00e9cessaire \u00e0 la mise en place d&#8217;un site Web enti\u00e8rement fonctionnel, <u>il peut s&#8217;av\u00e9rer moins chronophage que les m\u00e9dias sociaux \u00e0 long terme<\/u>.<\/p>\n<h3>#2 : Fonctionnalit\u00e9 et contr\u00f4le<\/h3>\n<p><img fetchpriority=\"high\" decoding=\"async\" class=\"alignnone size-full wp-image-21630\" src=\"https:\/\/www.cmonsite.fr\/site\/webup\/2022\/09\/laptop-593673_1280-1.jpg\" alt=\"\" width=\"1280\" height=\"826\" srcset=\"https:\/\/www.cmonsite.fr\/site\/webup\/2022\/09\/laptop-593673_1280-1.jpg 1280w, https:\/\/www.cmonsite.fr\/site\/webup\/2022\/09\/laptop-593673_1280-1-300x194.jpg 300w, https:\/\/www.cmonsite.fr\/site\/webup\/2022\/09\/laptop-593673_1280-1-1024x661.jpg 1024w, https:\/\/www.cmonsite.fr\/site\/webup\/2022\/09\/laptop-593673_1280-1-768x496.jpg 768w\" sizes=\"(max-width: 1280px) 100vw, 1280px\" \/><\/p>\n<p>Vous devrez <strong>comparer les fonctionnalit\u00e9s<\/strong> dont vous avez besoin avec celles que les plateformes de m\u00e9dias sociaux ont \u00e0 offrir. S&#8217;il est g\u00e9n\u00e9ralement possible de combiner les fonctionnalit\u00e9s de plusieurs applications, un site Web est plus susceptible de fournir pr\u00e9cis\u00e9ment celles dont vous aurez besoin pour cr\u00e9er une exp\u00e9rience convaincante. De plus, vous ne serez pas limit\u00e9 par le design d&#8217;un tiers ; vous aurez le contr\u00f4le total de l&#8217;apparence et de la convivialit\u00e9 de votre site.<\/p>\n<h3>#3 &#8211; Optimisation des moteurs de recherche (SEO)<\/h3>\n<p>Les profils sociaux apparaissent dans les moteurs de recherche, mais ils constituent un outil plus puissant lorsqu&#8217;ils sont utilis\u00e9s pour promouvoir le contenu de votre site Web. Google ne peut pas d\u00e9terminer la popularit\u00e9 d&#8217;un profil social, mais <u>la cr\u00e9ation d&#8217;un lien vers votre site peut augmenter votre classement g\u00e9n\u00e9ral dans les moteurs de recherche<\/u>.<\/p>\n<h2>WordPress : une plateforme efficace pour cr\u00e9er le site web de votre restaurant<\/h2>\n<p>Ainsi, nous recommandons WordPress comme le meilleur CMS et la meilleure plateforme de site Web pour vos besoins. Non seulement car c&#8217;est le CMS le plus largement utilis\u00e9, mais aussi car <strong>il s&#8217;agit d&#8217;une plateforme gratuite et open-source<\/strong>. Cela signifie que la vari\u00e9t\u00e9 et la diversit\u00e9 des options de plugins et de th\u00e8mes sont presque infinies (ce que nous allons d\u00e9montrer sous peu).<\/p>\n<p>WordPress offre \u00e9galement aux propri\u00e9taires de restaurants une grande flexibilit\u00e9 quant aux personnes qui peuvent utiliser le site Web pour aider \u00e0 maintenir l&#8217;exp\u00e9rience publique de l&#8217;entreprise. Vous pouvez ajuster les r\u00f4les des utilisateurs en fonction de votre structure de personnel, par exemple, ou cr\u00e9er du contenu pour les \u00e9v\u00e9nements futurs et les changements de menu. <u>Avec cette plateforme, il n&#8217;y a (quasiment) pas de limite<\/u>.<\/p>\n<p><strong>Suivez en 4 \u00e9tapes comment cr\u00e9er un site Web attractif pour votre restaurant avec WordPress.<\/strong><\/p>\n<h2>\u00c9tape 1 : Choisissez votre nom de domaine et votre h\u00f4te Web<\/h2>\n<p><img decoding=\"async\" class=\"alignnone size-full wp-image-21628\" src=\"https:\/\/www.cmonsite.fr\/site\/webup\/2022\/09\/food-4773380_1280.jpg\" alt=\"\" width=\"1280\" height=\"847\" srcset=\"https:\/\/www.cmonsite.fr\/site\/webup\/2022\/09\/food-4773380_1280.jpg 1280w, https:\/\/www.cmonsite.fr\/site\/webup\/2022\/09\/food-4773380_1280-300x199.jpg 300w, https:\/\/www.cmonsite.fr\/site\/webup\/2022\/09\/food-4773380_1280-1024x678.jpg 1024w, https:\/\/www.cmonsite.fr\/site\/webup\/2022\/09\/food-4773380_1280-768x508.jpg 768w\" sizes=\"(max-width: 1280px) 100vw, 1280px\" \/><\/p>\n<p><u>Le choix d&#8217;un h\u00e9bergeur est la premi\u00e8re \u00e9tape cruciale de la mise en place et du fonctionnement du site Web de votre restaurant<\/u>. Votre h\u00f4te est l&#8217;endroit o\u00f9 toutes les donn\u00e9es, tous les fichiers et tous les m\u00e9dias de votre site seront stock\u00e9s et conserv\u00e9s.<\/p>\n<p>Il y a cependant quelques \u00e9l\u00e9ments \u00e0 prendre en compte lors du choix de votre h\u00f4te. Vous devez comparer l&#8217;offre de chaque fournisseur avec ce dont vous pensez avoir besoin au cours de la <strong>premi\u00e8re ann\u00e9e de fonctionnement<\/strong> de votre site. Cela inclut les param\u00e8tres suivants.<\/p>\n<h3>#1 : S\u00e9curit\u00e9<\/h3>\n<p>Une panne du site Web un vendredi soir peut signifier une perte d&#8217;activit\u00e9 si vos clients s&#8217;attendent \u00e0 voir votre nouveau menu chaque semaine. L&#8217;examen des h\u00e9bergeurs potentiels pour comprendre les fonctions de s\u00e9curit\u00e9 qu&#8217;ils offrent est essentiel <strong>pour que votre site reste op\u00e9rationnel<\/strong>. Les options de <u>sauvegarde et de restauration<\/u> sont un bon point de d\u00e9part.<\/p>\n<h3>#2 : Logiciels<\/h3>\n<p>Si vous devez <u>mettre votre site de restaurant en ligne rapidement<\/u>, un partenariat avec un h\u00e9bergeur qui offre des options logicielles simples peut \u00eatre d&#8217;une grande aide. V\u00e9rifiez si votre h\u00e9bergeur offre des options en un clic pour des logiciels suppl\u00e9mentaires ou s&#8217;il propose des <strong>fonctions de vitesse et d&#8217;optimisation<\/strong>.<\/p>\n<h3>#3 : Assistance<\/h3>\n<p>Les h\u00e9bergeurs offrent g\u00e9n\u00e9ralement des <strong>niveaux d&#8217;assistance<\/strong> de plus en plus \u00e9lev\u00e9s au fur et \u00e0 mesure que vous passez \u00e0 des plans de niveau sup\u00e9rieur. Vous devrez d\u00e9cider si vous avez besoin d&#8217;une assistance sp\u00e9cialis\u00e9e <strong>24 heures sur 24<\/strong>, 7 jours sur 7, ou si vous pouvez attendre qu&#8217;on r\u00e9ponde \u00e0 votre demande.<\/p>\n<h3>#4 : Extras<\/h3>\n<p>Vous aurez peut-\u00eatre du mal \u00e0 <u>choisir entre plusieurs h\u00e9bergeurs de qualit\u00e9<\/u>. Si c&#8217;est le cas, vous pouvez examiner de pr\u00e8s les extras offerts par chaque h\u00e9bergeur. Si vous savez que vous pourriez <strong>b\u00e9n\u00e9ficier de th\u00e8mes premium<\/strong>, d&#8217;options de commerce \u00e9lectronique pr\u00e9install\u00e9es ou de cr\u00e9ateurs de sites, par exemple, l&#8217;examen de ces options peut \u00eatre un bon moyen de vous d\u00e9partager.<\/p>\n<h2>\u00c9tape 2 : Installer un th\u00e8me d\u00e9di\u00e9 aux restaurants<\/h2>\n<p>Une fois que vous avez choisi un h\u00e9bergeur et configur\u00e9 votre site \u00e0 son nom de domaine, vous pouvez commencer \u00e0 penser \u00e0 la conception du site. <u>WP Website Builder permet de cr\u00e9er facilement des pages par glisser-d\u00e9poser<\/u> sur votre site WordPress, et offre de nombreuses options de th\u00e8mes. Pour en s\u00e9lectionner un, vous allez naviguer dans le menu Inspirations. L\u00e0, vous pouvez <strong>facilement s\u00e9lectionner un nouveau th\u00e8me<\/strong> en cliquant sur Recommencer avec une nouvelle inspiration.<\/p>\n<h2>\u00c9tape 3 : S\u00e9lectionnez des plugins pour \u00e9tendre les fonctionnalit\u00e9s de votre site<\/h2>\n<p>Bien que WP Website Builder comprenne plusieurs plugins qui offrent des fonctionnalit\u00e9s am\u00e9lior\u00e9es pour la cr\u00e9ation de votre site de restaurant, vous pourriez vouloir <strong>explorer quelques autres outils<\/strong> \u00e9galement. Les plugins, comme leur nom l&#8217;indique, se branchent directement sur votre site et votre th\u00e8me WordPress pour \u00e9tendre leurs options existantes. Que vous pr\u00e9voyiez d&#8217;offrir de nouveaux articles de menu chaque semaine, seulement pendant les vacances, ou quand vous en avez envie, les plugins peuvent vous aider \u00e0 g\u00e9rer ces changements. En outre, <u>d&#8217;autres plugins peuvent vous aider \u00e0 d\u00e9velopper un syst\u00e8me de r\u00e9servation en ligne<\/u> ou \u00e0 organiser des \u00e9v\u00e9nements internes.<\/p>\n<h2>\u00c9tape 4 : Cr\u00e9ez une liste d&#8217;adresses \u00e9lectroniques<\/h2>\n<p>Se constituer une client\u00e8le fid\u00e8le peut prendre du temps. <u>Cr\u00e9er la possibilit\u00e9 pour les clients potentiels de s&#8217;inscrire \u00e0 une liste d&#8217;e-mails peut \u00eatre une strat\u00e9gie intelligente<\/u>. L&#8217;utilisation et le maintien d&#8217;une liste d&#8217;adresses \u00e9lectroniques pour votre restaurant vous permettent d&#8217;<strong>\u00e9tablir un lien direct avec vos clients<\/strong>. Vous pouvez envoyer des annonces de menu, des mises \u00e0 jour des heures d&#8217;ouverture et des offres de r\u00e9duction.<\/p>\n<p>Il existe un grand nombre d&#8217;excellents outils de marketing. MailChimp est un service populaire de gestion de listes et de bulletins d&#8217;information par courriel. Vous devez cr\u00e9er un compte gratuit, puis il existe un plugin qui permet de connecter votre site \u00e0 ce service instantan\u00e9ment.<\/p>\n<\/div>\n","protected":false},"excerpt":{"rendered":"<p>Cr\u00e9ez un site Web pour votre restaurant en 4 \u00e9tapes incontournables ! G\u00e9rer un restaurant peut \u00eatre \u00e0 la fois passionnant et difficile. Cela signifie \u00e9galement que vous n&#8217;avez peut-\u00eatre pas beaucoup de temps \u00e0 consacrer \u00e0 la cr\u00e9ation d&#8217;une pr\u00e9sence en ligne pour votre \u00e9tablissement. Avec de nombreuses options pour cr\u00e9er des comptes de [&hellip;]<\/p>\n","protected":false},"author":1,"featured_media":21629,"parent":21587,"menu_order":7,"comment_status":"closed","ping_status":"closed","template":"","meta":{"_helpful_status":1,"footnotes":""},"class_list":["post-21627","page","type-page","status-publish","has-post-thumbnail","hentry"],"_links":{"self":[{"href":"https:\/\/www.cmonsite.fr\/site\/wp-json\/wp\/v2\/pages\/21627","targetHints":{"allow":["GET"]}}],"collection":[{"href":"https:\/\/www.cmonsite.fr\/site\/wp-json\/wp\/v2\/pages"}],"about":[{"href":"https:\/\/www.cmonsite.fr\/site\/wp-json\/wp\/v2\/types\/page"}],"author":[{"embeddable":true,"href":"https:\/\/www.cmonsite.fr\/site\/wp-json\/wp\/v2\/users\/1"}],"replies":[{"embeddable":true,"href":"https:\/\/www.cmonsite.fr\/site\/wp-json\/wp\/v2\/comments?post=21627"}],"version-history":[{"count":1,"href":"https:\/\/www.cmonsite.fr\/site\/wp-json\/wp\/v2\/pages\/21627\/revisions"}],"predecessor-version":[{"id":21631,"href":"https:\/\/www.cmonsite.fr\/site\/wp-json\/wp\/v2\/pages\/21627\/revisions\/21631"}],"up":[{"embeddable":true,"href":"https:\/\/www.cmonsite.fr\/site\/wp-json\/wp\/v2\/pages\/21587"}],"wp:featuredmedia":[{"embeddable":true,"href":"https:\/\/www.cmonsite.fr\/site\/wp-json\/wp\/v2\/media\/21629"}],"wp:attachment":[{"href":"https:\/\/www.cmonsite.fr\/site\/wp-json\/wp\/v2\/media?parent=21627"}],"curies":[{"name":"wp","href":"https:\/\/api.w.org\/{rel}","templated":true}]}}