{"id":21612,"date":"2022-09-05T13:35:34","date_gmt":"2022-09-05T11:35:34","guid":{"rendered":"https:\/\/www.cmonsite.fr\/site\/?page_id=21612"},"modified":"2022-09-12T14:13:43","modified_gmt":"2022-09-12T12:13:43","slug":"sport","status":"publish","type":"page","link":"https:\/\/www.cmonsite.fr\/site\/guides\/creation-site\/thematique\/sport","title":{"rendered":"Comment cr\u00e9er un site dans le domaine sportif ?"},"content":{"rendered":"<div class=\"more-space\"><\/div>\n<div class=\"text-content\">\n<p>Lorsque vous cr\u00e9ez un <strong>site web <\/strong><a href=\"https:\/\/www.cmonsite.fr\/site\/guides\/creation-site\/thematique\">quelle que soit sa th\u00e9matique<\/a>, vous cherchez \u00e0 cr\u00e9er un effet de surprise. Il en va de m\u00eame pour un site sportif. Non seulement il doit <strong>\u00eatre attrayant<\/strong>, mais, d\u00e8s le premier coup d&#8217;\u0153il, les internautes doivent pouvoir dire qu&#8217;il s&#8217;agit d&#8217;un site consacr\u00e9 au sport. Alors, comment faire pour atteindre cet objectif ?<\/p>\n<h2>Obtenez un nom de domaine pour votre site Web<\/h2>\n<p>Il est essentiel d&#8217;obtenir un nom de domaine si vous n&#8217;avez jamais eu de site Web auparavant. Les domaines sont g\u00e9n\u00e9ralement <strong>peu co\u00fbteux<\/strong> (entre 10 et 20 dollars par an), et certains fournisseurs de sites Web incluent un nom de domaine lorsque vous vous inscrivez. Par ailleurs, vous pouvez \u00e9galement <strong>transf\u00e9rer des noms<\/strong> de domaine entre sites Web. Ainsi, si votre organisation poss\u00e8de un ancien site web, il est g\u00e9n\u00e9ralement facile de conserver le m\u00eame nom de domaine si vous d\u00e9cidez de passer \u00e0 un <u>nouveau constructeur<\/u> de sites web.<\/p>\n<h2>Choisir un type de site web<\/h2>\n<p>Avant de d\u00e9cider de cr\u00e9er un site web sportif, vous devez savoir quel <strong>type de site<\/strong> vous voulez construire. Les options possibles sont les suivantes :<\/p>\n<p>\u2022 Des designs agressifs pour des sports tels que le basket-ball et la lutte ;<\/p>\n<p>\u2022 Des designs calmes pour le golf ou le yoga ;<\/p>\n<p>\u2022 Des designs extr\u00eames pour le ski, le skateboard ou le parapente ;<\/p>\n<p>\u2022 des designs d\u00e9tendus pour les sports de table comme les \u00e9checs ou les jeux de soci\u00e9t\u00e9.<\/p>\n<p>L&#8217;identification d&#8217;un design de site Web sportif pour votre projet sera un <strong><u>facteur cl\u00e9<\/u> <\/strong>qui d\u00e9terminera \u00e0 quoi ressemblera le design complet. Les designs agressifs sont \u00e9galement utiles lorsque vous souhaitez cr\u00e9er un site web pour un <u>club de sport<\/u>. Cela d\u00e9pend aussi de votre public cible.<\/p>\n<h2>Concevez la mise en page du site<\/h2>\n<p><img fetchpriority=\"high\" decoding=\"async\" class=\"alignnone size-full wp-image-21615\" src=\"https:\/\/www.cmonsite.fr\/site\/webup\/2022\/09\/laptop-1205256_1280.jpg\" alt=\"\" width=\"1280\" height=\"769\" srcset=\"https:\/\/www.cmonsite.fr\/site\/webup\/2022\/09\/laptop-1205256_1280.jpg 1280w, https:\/\/www.cmonsite.fr\/site\/webup\/2022\/09\/laptop-1205256_1280-300x180.jpg 300w, https:\/\/www.cmonsite.fr\/site\/webup\/2022\/09\/laptop-1205256_1280-1024x615.jpg 1024w, https:\/\/www.cmonsite.fr\/site\/webup\/2022\/09\/laptop-1205256_1280-768x461.jpg 768w\" sizes=\"(max-width: 1280px) 100vw, 1280px\" \/><\/p>\n<p>Votre site sportif doit avoir un design professionnel. Pour ce faire, vous devez accorder une attention particuli\u00e8re \u00e0 la <strong>mise en page<\/strong> que vous utilisez. La mise en page doit \u00eatre con\u00e7ue de mani\u00e8re \u00e0 ce que le contenu ne soit pas regroup\u00e9 ou plac\u00e9 de mani\u00e8re d\u00e9sordonn\u00e9e. Une mauvaise mise en page peut \u00eatre la raison de l&#8217;\u00e9chec lorsque vous essayez de <strong>convertir des clients<\/strong>. La mise en page est en effet la premi\u00e8re partie d&#8217;un site Web qui attire l&#8217;attention des clients. Si elle est <strong>bien con\u00e7ue<\/strong>, elle incitera les clients \u00e0 consulter <u>votre ressource<\/u>.<\/p>\n<p>Pour rendre la conception d&#8217;un site Web sportif plus int\u00e9ressante, vous pouvez ajouter l&#8217;effet de parallaxe. Celui-ci donne la <strong>sensation de mouvement <\/strong>et apporte plus de profondeur. Les plugins doivent \u00eatre utilis\u00e9s pour augmenter la fonctionnalit\u00e9 de votre conception, surtout si vous souhaitez ajouter des fonctionnalit\u00e9s suppl\u00e9mentaires \u00e0 l&#8217;avenir. Les facteurs cl\u00e9s sur lesquels vous devez vous concentrer sont les suivants :<\/p>\n<p>\u2022 Restez simple ;<\/p>\n<p>\u2022 Incorporez votre logo ;<\/p>\n<p>\u2022 Une bonne navigation ;<\/p>\n<p>\u2022 Un th\u00e8me coh\u00e9rent ;<\/p>\n<p>\u2022 Un bon m\u00e9lange de couleurs.<\/p>\n<h2>Choisissez les couleurs du site<\/h2>\n<p>Des couleurs <strong>diff\u00e9rentes v\u00e9hiculent<\/strong> des messages diff\u00e9rents et cr\u00e9ent des \u00e9motions diff\u00e9rentes chez les gens. En fonction du th\u00e8me de votre site, vous devez choisir une couleur qui influencera les gens d&#8217;une mani\u00e8re qui m\u00e8nera \u00e0 la conversion des clients. Les couleurs fonc\u00e9es indiquent g\u00e9n\u00e9ralement l&#8217;agressivit\u00e9, l&#8217;intensit\u00e9 et la puissance, tandis que les nuances plus claires donnent un sentiment de calme ou de relaxation. Certains des meilleurs sites sportifs agressifs utilisent diff\u00e9rentes nuances de rouge et de noir.<\/p>\n<h2>\u00c9vitez la mauvaise police de caract\u00e8res<\/h2>\n<p>L&#8217;une des erreurs qui peuvent \u00eatre commises lors de la cr\u00e9ation d&#8217;un <strong>site Web de sport<\/strong> est l&#8217;utilisation d&#8217;une mauvaise police. Certains sites utilisent des polices qui rendent difficile la lecture du contenu de la page Web. Pour cette raison, les gens ne voudront pas visiter ce site particulier. Pour \u00e9viter que cela ne se produise, utilisez des polices simples. Une autre <strong>raison importante<\/strong> pour laquelle vous devriez utiliser des polices simples dans la conception de votre site Web est que la police ne d\u00e9tourne pas l&#8217;attention des clients des caract\u00e9ristiques principales.<\/p>\n<h2>Trouvez les meilleures images professionnelles<\/h2>\n<p>Toutes les images utilis\u00e9es doivent <u>\u00eatre claires et de haute qualit\u00e9<\/u>. La conversion des clients est plus \u00e9lev\u00e9e lorsque des images sont utilis\u00e9es sur les sites Web, que lorsqu&#8217;elles ne le sont pas. Cela s&#8217;explique par le fait que la plupart d&#8217;entre nous r\u00e9agissent mieux \u00e0 ce que nous voyons et aux effets visuels.<\/p>\n<p>Il ne suffit pas d&#8217;ajouter beaucoup de texte. Si vous n&#8217;avez que du texte avec peu d&#8217;images (ou aucune) qui correspondent \u00e0 ce texte, tout devient ennuyeux. Pour un <strong>meilleur engagement<\/strong>, ajoutez autant d&#8217;images que possible \u00e0 votre site Web. Vous pouvez \u00e9galement ajouter un arri\u00e8re-plan anim\u00e9 ou des galeries.<\/p>\n<p>Gardez toutefois \u00e0 l&#8217;esprit qu&#8217;en ajoutant trop d&#8217;images, votre site Web aura l&#8217;air d\u00e9sorganis\u00e9 et d\u00e9sordonn\u00e9. Portez une attention particuli\u00e8re \u00e0 la taille des images sur votre site Web.<\/p>\n<h2>Pensez \u00e0 ajouter des vid\u00e9os courtes<\/h2>\n<p>L&#8217;ajout de vid\u00e9os courtes mais <strong>concises pour accompagner<\/strong> le contenu de votre site Web vous sera d&#8217;une grande utilit\u00e9. Parfois, les gens n&#8217;ont pas le temps de parcourir l&#8217;ensemble du site Web et, par cons\u00e9quent, les vid\u00e9os peuvent \u00eatre tr\u00e8s utiles.<\/p>\n<p>En outre, selon le th\u00e8me de votre site, vous pouvez ajouter des extraits de sport. Par exemple, vous pouvez ajouter de courtes vid\u00e9os d&#8217;un r\u00e9cent tournoi de basket. Outre les temps forts, vous pouvez \u00e9galement ajouter des <strong>vid\u00e9os sur la fa\u00e7on<\/strong> d&#8217;obtenir les meilleurs r\u00e9sultats dans un sport.<\/p>\n<p>Vous pouvez \u00e9galement ajouter des vid\u00e9os sur des sites consacr\u00e9s \u00e0 l&#8217;entra\u00eenement au yoga ou au pilates. Ces vid\u00e9os permettent aux clients de rester longtemps sur votre page, car elles rendent le <strong>contenu plus int\u00e9ressant<\/strong>. Ces vid\u00e9os doivent toujours \u00eatre informatives, mais aussi courtes que possible.<\/p>\n<h2>Assurez une pr\u00e9sence adapt\u00e9e aux t\u00e9l\u00e9phones portables<\/h2>\n<p><img decoding=\"async\" class=\"alignnone size-full wp-image-21613\" src=\"https:\/\/www.cmonsite.fr\/site\/webup\/2022\/09\/motion-blur-1281675_1280.jpg\" alt=\"\" width=\"1280\" height=\"853\" srcset=\"https:\/\/www.cmonsite.fr\/site\/webup\/2022\/09\/motion-blur-1281675_1280.jpg 1280w, https:\/\/www.cmonsite.fr\/site\/webup\/2022\/09\/motion-blur-1281675_1280-300x200.jpg 300w, https:\/\/www.cmonsite.fr\/site\/webup\/2022\/09\/motion-blur-1281675_1280-1024x682.jpg 1024w, https:\/\/www.cmonsite.fr\/site\/webup\/2022\/09\/motion-blur-1281675_1280-768x512.jpg 768w\" sizes=\"(max-width: 1280px) 100vw, 1280px\" \/><\/p>\n<p>Il est \u00e9vident que la <strong>plupart des gens<\/strong> pr\u00e9f\u00e8rent naviguer sur Internet sur des appareils mobiles plut\u00f4t que sur des ordinateurs de bureau. Alors, pourquoi ne pas en tirer parti lorsque vous cr\u00e9ez votre propre site Web sportif ? Apr\u00e8s tout, l&#8217;objectif est <strong>d&#8217;atteindre le plus grand nombre<\/strong> de personnes possible. Par cons\u00e9quent, efforcez-vous de cr\u00e9er un design qui puisse \u00eatre consult\u00e9 depuis un ordinateur de bureau, mais qui soit \u00e9galement compatible avec les appareils mobiles.<\/p>\n<h2>Ajoutez une touche personnelle<\/h2>\n<p>Il existe actuellement de nombreux designs de <strong>sites web sportifs<\/strong> sur Internet. Ainsi, lorsque vous cr\u00e9ez votre propre projet, vous devez penser \u00e0 la fa\u00e7on dont il sera diff\u00e9rent des autres. N&#8217;oubliez pas que l&#8217;objectif n&#8217;est pas seulement de fournir aux visiteurs de votre site du contenu sur un sport, mais aussi de les <strong>inciter \u00e0 revenir <\/strong>pour en savoir plus.<\/p>\n<p>La seule fa\u00e7on d&#8217;y parvenir est de cr\u00e9er un style de design \u00e9tonnant et unique. L&#8217;ajout d&#8217;une touche personnelle aidera les internautes \u00e0 distinguer votre site de vos concurrents. Vous pouvez \u00e9galement cr\u00e9er votre propre logo. L&#8217;avantage est qu&#8217;il permet aux visiteurs d&#8217;\u00e9tablir un lien avec votre produit ou <u>vos services<\/u>. Vous devriez \u00e9galement utiliser un mod\u00e8le qui vous permet de personnaliser la conception de votre site.<\/p>\n<h2>Cr\u00e9ez le meilleur contenu<\/h2>\n<p>Votre site Web doit \u00eatre tr\u00e8s informatif. Le contenu doit \u00eatre pr\u00e9sent\u00e9 de mani\u00e8re \u00e0 ce que les gens puissent le<strong> lire facilement<\/strong>. Une bonne conception de site Web doit toujours comporter des blocs de contenu lisible avec des en-t\u00eates attrayants. En outre, le contenu doit \u00eatre fourni de mani\u00e8re claire et organis\u00e9e afin que les clients puissent s&#8217;engager sur le site. Cela augmentera certainement les taux de <strong>conversion des clients<\/strong>.<\/p>\n<\/div>\n","protected":false},"excerpt":{"rendered":"<p>Lorsque vous cr\u00e9ez un site web quelle que soit sa th\u00e9matique, vous cherchez \u00e0 cr\u00e9er un effet de surprise. Il en va de m\u00eame pour un site sportif. Non seulement il doit \u00eatre attrayant, mais, d\u00e8s le premier coup d&#8217;\u0153il, les internautes doivent pouvoir dire qu&#8217;il s&#8217;agit d&#8217;un site consacr\u00e9 au sport. Alors, comment faire [&hellip;]<\/p>\n","protected":false},"author":1,"featured_media":21614,"parent":21587,"menu_order":4,"comment_status":"closed","ping_status":"closed","template":"","meta":{"_helpful_status":1,"footnotes":""},"class_list":["post-21612","page","type-page","status-publish","has-post-thumbnail","hentry"],"_links":{"self":[{"href":"https:\/\/www.cmonsite.fr\/site\/wp-json\/wp\/v2\/pages\/21612","targetHints":{"allow":["GET"]}}],"collection":[{"href":"https:\/\/www.cmonsite.fr\/site\/wp-json\/wp\/v2\/pages"}],"about":[{"href":"https:\/\/www.cmonsite.fr\/site\/wp-json\/wp\/v2\/types\/page"}],"author":[{"embeddable":true,"href":"https:\/\/www.cmonsite.fr\/site\/wp-json\/wp\/v2\/users\/1"}],"replies":[{"embeddable":true,"href":"https:\/\/www.cmonsite.fr\/site\/wp-json\/wp\/v2\/comments?post=21612"}],"version-history":[{"count":1,"href":"https:\/\/www.cmonsite.fr\/site\/wp-json\/wp\/v2\/pages\/21612\/revisions"}],"predecessor-version":[{"id":21616,"href":"https:\/\/www.cmonsite.fr\/site\/wp-json\/wp\/v2\/pages\/21612\/revisions\/21616"}],"up":[{"embeddable":true,"href":"https:\/\/www.cmonsite.fr\/site\/wp-json\/wp\/v2\/pages\/21587"}],"wp:featuredmedia":[{"embeddable":true,"href":"https:\/\/www.cmonsite.fr\/site\/wp-json\/wp\/v2\/media\/21614"}],"wp:attachment":[{"href":"https:\/\/www.cmonsite.fr\/site\/wp-json\/wp\/v2\/media?parent=21612"}],"curies":[{"name":"wp","href":"https:\/\/api.w.org\/{rel}","templated":true}]}}