{"id":21602,"date":"2022-09-05T13:24:48","date_gmt":"2022-09-05T11:24:48","guid":{"rendered":"https:\/\/www.cmonsite.fr\/site\/?page_id=21602"},"modified":"2022-09-12T14:13:50","modified_gmt":"2022-09-12T12:13:50","slug":"evenement","status":"publish","type":"page","link":"https:\/\/www.cmonsite.fr\/site\/guides\/creation-site\/thematique\/evenement","title":{"rendered":"Comment cr\u00e9er un site pour un \u00e9venement ?"},"content":{"rendered":"<div class=\"text-content\">\n<p>Vous avez le projet de cr\u00e9er prochainement un \u00e9v\u00e9nement ? Vous souhaitez avoir une bonne visibilit\u00e9 et obtenir un maximum d\u2019inscription <a href=\"https:\/\/www.cmonsite.fr\/site\/guides\/creation-site\/thematique\">selon la th\u00e9matique de votre site<\/a> ? Et si vous vous mettiez \u00e0 cr\u00e9er un site d\u00e9di\u00e9 pour votre \u00e9v\u00e9nement ? Que vous ayez d\u00e9j\u00e0 un site internet ou non, ce support accessible \u00e0 tout moment reste une plus-value importante pour votre futur \u00e9v\u00e9nement. Pourquoi cr\u00e9er un site pour un \u00e9v\u00e9nement ? Quel contenu et quel prestataire ? Voyons tout \u00e7a ensemble !<\/p>\n<h2>Pourquoi cr\u00e9er un site pour votre \u00e9v\u00e9nement ?<\/h2>\n<p>En regroupant, gr\u00e2ce \u00e0 un site d\u00e9di\u00e9, <strong>toutes les informations indispensables<\/strong> sur votre \u00e9v\u00e9nement, vous <strong>augmentez votre visibilit\u00e9 ainsi que votre notori\u00e9t\u00e9<\/strong>. Cela vous donne l\u2019opportunit\u00e9 d\u2019<strong>obtenir un plus grand nombre d&#8217;inscriptions et de participation<\/strong>.<\/p>\n<p>Outre ce hub qui regroupe toutes les informations n\u00e9cessaires, les r\u00e9seaux sociaux proposent \u00e9galement la possibilit\u00e9 de cr\u00e9er des \u00e9v\u00e9nements. Pour autant, cela peut vite <strong>devenir contraignant pour l\u2019utilisateur de retrouver l\u2019\u00e9v\u00e9nement en question dans son fil<\/strong>, <u>surtout s\u2019il ne l\u2019a pas enregistr\u00e9 au pr\u00e9alable<\/u>. Les fils d\u2019actualit\u00e9 des r\u00e9seaux sociaux s\u2019alimentent tellement rapidement qu\u2019il est parfois possible de passer \u00e0 c\u00f4t\u00e9 d\u2019un \u00e9v\u00e9nement que l\u2019on souhaite faire. <strong>Cela n\u2019est pas le cas avec un site internet<\/strong>.<\/p>\n<p><strong>Un site internet<\/strong>, mieux que n\u2019importe quel support, vous donne l\u2019opportunit\u00e9 de <strong>structurer votre contenu afin d\u2019offrir une exp\u00e9rience interactive agr\u00e9able aux internautes<\/strong>, tant dans la visibilit\u00e9 que la lisibilit\u00e9. D\u2019autant plus que <strong>vous avez aujourd\u2019hui tellement de canaux de diffusion<\/strong> pour diriger les personnes sur votre site. <strong>Vous pouvez partager votre lien<\/strong> du site <u>via les r\u00e9seaux sociaux, les e-mails, ou les QR code.<\/u><\/p>\n<p>D\u2019autre part, un site internet vous donne l\u2019occasion de pouvoir <strong>modifier plus facilement le contenu<\/strong>. Il vous est plus facile de mettre \u00e0 jour les diff\u00e9rentes informations sans devoir modifier les publications diffus\u00e9es, comme c\u2019est le cas sur les r\u00e9seaux sociaux, au point que les internautes se perdent.<\/p>\n<h2>Quel contenu int\u00e9grer \u00e0 un site pour un \u00e9v\u00e9nement ?<\/h2>\n<p><img fetchpriority=\"high\" decoding=\"async\" class=\"alignnone size-full wp-image-21604\" src=\"https:\/\/www.cmonsite.fr\/site\/webup\/2022\/09\/concert-2527495_1280.jpg\" alt=\"\" width=\"1280\" height=\"720\" srcset=\"https:\/\/www.cmonsite.fr\/site\/webup\/2022\/09\/concert-2527495_1280.jpg 1280w, https:\/\/www.cmonsite.fr\/site\/webup\/2022\/09\/concert-2527495_1280-300x169.jpg 300w, https:\/\/www.cmonsite.fr\/site\/webup\/2022\/09\/concert-2527495_1280-1024x576.jpg 1024w, https:\/\/www.cmonsite.fr\/site\/webup\/2022\/09\/concert-2527495_1280-768x432.jpg 768w\" sizes=\"(max-width: 1280px) 100vw, 1280px\" \/><\/p>\n<h3>Un titre pertinent<\/h3>\n<p>Nous vous sugg\u00e9rons de mettre un titre pertinent \u00e0 votre site. Celui-ci doit \u00eatre \u00e0 la fois <strong>court, compr\u00e9hensible et dynamique<\/strong>. L\u2019id\u00e9e est d\u2019\u00eatre impactant ! Les titres les plus courts sont souvent <strong>ceux qu\u2019on retient le mieux<\/strong>. En effet, il n\u2019y a qu\u2019\u00e0 voir <strong>les slogans des spots publicitaires<\/strong> (<i>Nous, c\u2019est le go\u00fbt<\/i> de <u>McDonald&#8217;s<\/u>, <i>What Else<\/i> de <u>Nespresso<\/u>, <i>il n\u2019y a que maille qui m\u2019aille<\/i> ou encore <i>C\u2019est Maurice qui a mang\u00e9 tous les chocos suisses<\/i>.).<\/p>\n<p>Sachez \u00e9galement qu\u2019en plus de capter l\u2019attention des internautes, votre titre est tr\u00e8s <strong>important pour le r\u00e9f\u00e9rencement dans les diff\u00e9rents moteurs de recherche<\/strong> tels que <u>Google, Bing, Yahoo<\/u>, etc. C\u2019est pour cela que nous invitons \u00e0 <strong>laisser les noms tr\u00e8s utilis\u00e9s sur la toile<\/strong>. Cela vous desservira en ne vous donnant pas assez de visibilit\u00e9 dans les r\u00e9sultats de recherches.<\/p>\n<h3>Un contenu r\u00e9dactionnel clair<\/h3>\n<p>Il est important de comprendre que le contenu de ce type de site vise essentiellement \u00e0 apporter toutes les informations indispensables pour inciter l\u2019inscription des internautes.<\/p>\n<p>Les internautes doivent pouvoir y trouver :<\/p>\n<ul>\n<li>l\u2019objectif de votre \u00e9v\u00e9nement<\/li>\n<li>les <u>horaires<\/u> et la <u>date<\/u> de l\u2019\u00e9v\u00e9nement pr\u00e9vu<\/li>\n<li><u>le lieu<\/u> ainsi que le <u>plan d\u2019acc\u00e8s<\/u> pour s\u2019y rendre<\/li>\n<li><u>le type de format<\/u> pr\u00e9vu ainsi que le <u>nombre de places<\/u><\/li>\n<li>la programmation<\/li>\n<li>le tarif<\/li>\n<li>votre contact<\/li>\n<li>un <u>bouton de partage<\/u> pour les r\u00e9seaux sociaux<\/li>\n<\/ul>\n<p>Votre objectif est d\u2019apporter aux internautes des <strong>informations pr\u00e9cises<\/strong> pour qu\u2019ils puissent savoir ce que vous leur proposez. Nous vous conseillons d\u2019\u00e9laborer une programmation claire et agr\u00e9able \u00e0 lire de fa\u00e7on \u00e0 ce qu\u2019en un seul coup d&#8217;\u0153il, les internautes sachent si votre \u00e9v\u00e9nement r\u00e9pond \u00e0 leurs attentes.<\/p>\n<h3>Un contenu visuel<\/h3>\n<p>Hormis le contenu r\u00e9dactionnel, il est important d\u2019utiliser des contenus visuels (<i>photographies, infographies, vid\u00e9os<\/i>). Cela permettra de rendre votre site plus attractif afin de capter encore plus l\u2019attention des internautes. L\u2019id\u00e9e est de <strong>cr\u00e9er un site qui g\u00e9n\u00e8re un maximum d\u2019inscription<\/strong>, que vous pouvez garder par la suite pour y ajouter des photos ou des vid\u00e9os r\u00e9alis\u00e9es pendant votre \u00e9v\u00e9nement.<\/p>\n<p>Utilisez les diff\u00e9rents canaux de diffusion pour diriger les internautes sur votre site. Vous n\u2019\u00eates pas oblig\u00e9 de les faire diriger vers la page d\u2019accueil. Vous pouvez <strong>les diriger vers une vid\u00e9o dynamique qui pr\u00e9sente votre \u00e9v\u00e9nement<\/strong> afin de piquer la curiosit\u00e9 de l\u2019internaute et g\u00e9n\u00e9rer plus d\u2019inscription \u00e0 votre \u00e9v\u00e9nement.<\/p>\n<h3>Une exp\u00e9rience utilisateur fluide<\/h3>\n<p>L\u2019id\u00e9al est aussi de proposer aux internautes une exp\u00e9rience utilisateur optimale :<\/p>\n<ul>\n<li>en cr\u00e9ant un <u>site responsive<\/u>, soit un site adapt\u00e9 pour les mobiles et les tablettes, pour obtenir plus d\u2019inscription. En effet, plus de 80 % des invitations r\u00e9alis\u00e9es aujourd\u2019hui sont lues depuis un smartphone ou une tablette.<\/li>\n<li>en proposant <u>l\u2019inscription \u00e0 votre newsletter<\/u> lorsque les internautes s\u2019inscrivent \u00e0 votre \u00e9v\u00e9nement.<\/li>\n<\/ul>\n<h2>Cr\u00e9ez votre site pour \u00e9v\u00e9nement avec CmonSite.com<\/h2>\n<p><img decoding=\"async\" class=\"alignnone size-full wp-image-21605\" src=\"https:\/\/www.cmonsite.fr\/site\/webup\/2022\/09\/hands-820272_1280.jpg\" alt=\"\" width=\"1280\" height=\"853\" srcset=\"https:\/\/www.cmonsite.fr\/site\/webup\/2022\/09\/hands-820272_1280.jpg 1280w, https:\/\/www.cmonsite.fr\/site\/webup\/2022\/09\/hands-820272_1280-300x200.jpg 300w, https:\/\/www.cmonsite.fr\/site\/webup\/2022\/09\/hands-820272_1280-1024x682.jpg 1024w, https:\/\/www.cmonsite.fr\/site\/webup\/2022\/09\/hands-820272_1280-768x512.jpg 768w\" sizes=\"(max-width: 1280px) 100vw, 1280px\" \/><\/p>\n<p><strong>Sp\u00e9cialis\u00e9 dans la cr\u00e9ation de sites internet made in France<\/strong>, chez CmonSite, nous mettons \u00e0 votre service tout <strong>un arsenal d&#8217;outils pour vous concentrer sur la cr\u00e9ation de contenu du site<\/strong> pour votre \u00e9v\u00e9nement. <strong>Vous acc\u00e9dez facilement \u00e0 votre site via votre navigateur pr\u00e9f\u00e9r\u00e9<\/strong>, sans installer de logiciel, pour ins\u00e9rer du nouveau contenu et\/ou pour modifier le contenu d\u00e9j\u00e0 existant.<\/p>\n<p>Pour vous proposer un site unique, nous mettons \u00e0 votre disposition <strong>pas moins de 200 mod\u00e8les<\/strong> pour cr\u00e9er un site qui vous ressemble. Sachez \u00e9galement que chez CmonSite rien n\u2019est inscrit dans le marbre. Vous avez <strong>la possibilit\u00e9 de changer de mod\u00e8le \u00e0 votre guise<\/strong> sans devoir refaire tout votre contenu. Gr\u00e2ce \u00e0 CmonSite, vous pouvez <strong>ajouter du texte et des images ainsi que des logos<\/strong> et g\u00e9rer facilement les palettes de couleurs afin d\u2019obtenir un site personnalis\u00e9.<\/p>\n<p>Sur CmonSite, nous vous donnons \u00e9galement l\u2019opportunit\u00e9 d\u2019int\u00e9grer \u00e0 votre site, en quelques clics, <strong>des calendriers, des plans, des formulaires de contacts<\/strong>. Optimis\u00e9s pour Google, nous prenons soin de pr\u00e9-installer <u>Google Analytic<\/u> ainsi que <u>Google Search Console<\/u> pour vous aider \u00e0 suivre les statistiques de votre site internet le parcours des internautes.<\/p>\n<p>Bien que nous proposons des forfaits D\u00e9couverte et Activit\u00e9 qui sont \u00e0 moindres frais, nous vous dirigeons plut\u00f4t vers nos formules Premium ou Pro pour cr\u00e9er un site pour votre \u00e9v\u00e9nement. Outre vous apporter des designs de qualit\u00e9, ces formules vous donnent la possibilit\u00e9 de cr\u00e9er plus de pages, et donc plus de contenus en int\u00e9grant plus de photos et de vid\u00e9os. <strong>Le forfait Pro a le m\u00e9rite de satisfaire tous vos besoins<\/strong> en vous garantissant un sp\u00e9cialiste d\u00e9di\u00e9 pour la cr\u00e9ation ainsi que la maintenance du site pour votre \u00e9v\u00e9nement.<\/p>\n<p><strong>N\u2019h\u00e9sitez pas \u00e0 nous contacter<\/strong> pour recevoir un <u>devis gratuit<\/u> ou pour obtenir des <u>renseignements compl\u00e9mentaires<\/u>.<\/p>\n<\/div>\n","protected":false},"excerpt":{"rendered":"<p>Vous avez le projet de cr\u00e9er prochainement un \u00e9v\u00e9nement ? Vous souhaitez avoir une bonne visibilit\u00e9 et obtenir un maximum d\u2019inscription selon la th\u00e9matique de votre site ? Et si vous vous mettiez \u00e0 cr\u00e9er un site d\u00e9di\u00e9 pour votre \u00e9v\u00e9nement ? Que vous ayez d\u00e9j\u00e0 un site internet ou non, ce support accessible \u00e0 [&hellip;]<\/p>\n","protected":false},"author":1,"featured_media":21603,"parent":21587,"menu_order":2,"comment_status":"closed","ping_status":"closed","template":"","meta":{"_helpful_status":1,"footnotes":""},"class_list":["post-21602","page","type-page","status-publish","has-post-thumbnail","hentry"],"_links":{"self":[{"href":"https:\/\/www.cmonsite.fr\/site\/wp-json\/wp\/v2\/pages\/21602","targetHints":{"allow":["GET"]}}],"collection":[{"href":"https:\/\/www.cmonsite.fr\/site\/wp-json\/wp\/v2\/pages"}],"about":[{"href":"https:\/\/www.cmonsite.fr\/site\/wp-json\/wp\/v2\/types\/page"}],"author":[{"embeddable":true,"href":"https:\/\/www.cmonsite.fr\/site\/wp-json\/wp\/v2\/users\/1"}],"replies":[{"embeddable":true,"href":"https:\/\/www.cmonsite.fr\/site\/wp-json\/wp\/v2\/comments?post=21602"}],"version-history":[{"count":1,"href":"https:\/\/www.cmonsite.fr\/site\/wp-json\/wp\/v2\/pages\/21602\/revisions"}],"predecessor-version":[{"id":21606,"href":"https:\/\/www.cmonsite.fr\/site\/wp-json\/wp\/v2\/pages\/21602\/revisions\/21606"}],"up":[{"embeddable":true,"href":"https:\/\/www.cmonsite.fr\/site\/wp-json\/wp\/v2\/pages\/21587"}],"wp:featuredmedia":[{"embeddable":true,"href":"https:\/\/www.cmonsite.fr\/site\/wp-json\/wp\/v2\/media\/21603"}],"wp:attachment":[{"href":"https:\/\/www.cmonsite.fr\/site\/wp-json\/wp\/v2\/media?parent=21602"}],"curies":[{"name":"wp","href":"https:\/\/api.w.org\/{rel}","templated":true}]}}