{"id":21577,"date":"2022-09-05T13:05:28","date_gmt":"2022-09-05T11:05:28","guid":{"rendered":"https:\/\/www.cmonsite.fr\/site\/?page_id=21577"},"modified":"2025-12-18T18:26:51","modified_gmt":"2025-12-18T17:26:51","slug":"dropshipping","status":"publish","type":"page","link":"https:\/\/www.cmonsite.fr\/site\/guides\/creation-site\/type\/dropshipping","title":{"rendered":"Comment cr\u00e9er un site de dropshipping ?"},"content":{"rendered":"<div class=\"more-space\">D\u00e9terminer le type d&#8217;entreprise de dropshipping que vous voulez g\u00e9rer est une \u00e9tape essentielle de la cr\u00e9ation d&#8217;un site Web de dropshipping, <a href=\"https:\/\/www.cmonsite.fr\/site\/guides\/creation-site\/type\">qui est un type de site ecommerce sans stock<\/a>. Vous devrez \u00e9galement choisir un nom de domaine et d\u00e9terminer la plate-forme que vous utiliserez pour cr\u00e9er votre site de dropshipping.<\/div>\n<div class=\"text-content\">\n<h2>Qu&#8217;est-ce que le dropshipping ?<\/h2>\n<p>Le dropshipping est un mod\u00e8le commercial dans lequel un magasin en ligne ne poss\u00e8de pas en stock les produits qu&#8217;il vend. Au lieu de cela, lorsqu&#8217;un produit est vendu, le commer\u00e7ant l&#8217;ach\u00e8te au fournisseur et <u>celui-ci l&#8217;exp\u00e9die directement au client<\/u>. De cette fa\u00e7on, <u>le dropshipping \u00e9vite la n\u00e9cessit\u00e9 de maintenir un inventaire<\/u> et permet aux dropshippers de se concentrer sur le marketing et le service clients plut\u00f4t que sur la gestion des stocks.<\/p>\n<p>Il existe deux principaux types de dropshipping : <strong>manuel et automatis\u00e9<\/strong>. Le type manuel exige de passer les commandes manuellement (une \u00e0 une) aux fournisseurs, alors que le mod\u00e8le automatis\u00e9 permet l&#8217;automatisation de ce processus \u00e0 l&#8217;aide d&#8217;applications ou de plugins. Ainsi, les commandes des clients sont pass\u00e9es de forme automatique \u00e0 chacun des fournisseurs.<\/p>\n<h2>Choisir votre niche<\/h2>\n<p>Pour choisir efficacement votre niche, vous devrez trouver un produit ou un service \u00e0 commercialiser qui vous passionne, car ce sera <u>la force motrice de votre entreprise<\/u>. R\u00e9fl\u00e9chissez \u00e0 ce que vous aimez et pourquoi, puis pensez \u00e0 ce que votre client\u00e8le pourrait ressentir. Si vous aimez la lecture et l&#8217;\u00e9criture, par exemple, vous pourriez cr\u00e9er une librairie en ligne o\u00f9 les clients pourraient acheter des livres \u00e9crits par des auteurs qu&#8217;ils aiment. Ou si vous aimez le fitness, cr\u00e9ez une boutique de sport o\u00f9 les utilisateurs re\u00e7oivent des conseils et peuvent acheter les produits que vous y proposez.<\/p>\n<p>Trouvez ensuite des id\u00e9es pour vous d\u00e9marquer de vos concurrents. Y a-t-il des caract\u00e9ristiques uniques qui distinguent votre entreprise ? Les produits ou services ont-ils une particularit\u00e9 qui fera que les clients se sentiront privil\u00e9gi\u00e9s ? Assurez-vous d&#8217;inclure ces \u00e9l\u00e9ments dans votre site Web et veillez \u00e0 ce qu&#8217;ils soient <strong>facilement accessibles par les moteurs de recherche<\/strong> afin que les internautes puissent les trouver.<\/p>\n<p>Vous devez \u00e9galement vous demander quelle est <u>l&#8217;ampleur de la concurrence<\/u> sur le cr\u00e9neau du produit ou service que vous avez choisi. Si les concurrents sont nombreux et qu&#8217;ils vendent des produits similaires, il sera peut \u00eatre difficile de les rivaliser sans un argument de vente unique ou un avantage concurrentiel.<\/p>\n<h2>Choisir un nom de domaine<\/h2>\n<p><img fetchpriority=\"high\" decoding=\"async\" class=\"alignnone wp-image-28565 size-full\" src=\"https:\/\/www.cmonsite.fr\/site\/webup\/2025\/12\/bien-choisir-son-nom-de-domaine.jpg\" alt=\"\" width=\"1920\" height=\"1280\" srcset=\"https:\/\/www.cmonsite.fr\/site\/webup\/2025\/12\/bien-choisir-son-nom-de-domaine.jpg 1920w, https:\/\/www.cmonsite.fr\/site\/webup\/2025\/12\/bien-choisir-son-nom-de-domaine-300x200.jpg 300w, https:\/\/www.cmonsite.fr\/site\/webup\/2025\/12\/bien-choisir-son-nom-de-domaine-1024x683.jpg 1024w, https:\/\/www.cmonsite.fr\/site\/webup\/2025\/12\/bien-choisir-son-nom-de-domaine-768x512.jpg 768w, https:\/\/www.cmonsite.fr\/site\/webup\/2025\/12\/bien-choisir-son-nom-de-domaine-1536x1024.jpg 1536w\" sizes=\"(max-width: 1920px) 100vw, 1920px\" \/><\/p>\n<p>Une fois la niche d\u00e9termin\u00e9e, l&#8217;\u00e9tape suivante consiste \u00e0 choisir un nom de domaine. Vous devez vous assurer que <u>votre nom de domaine est disponible<\/u> et qu&#8217;il puisse profiter \u00e0 tous les clients potentiels qui recherchent des produits li\u00e9s \u00e0 votre march\u00e9 de niche.<\/p>\n<p>Le nom de domaine est l&#8217;adresse du site web. Il doit \u00eatre <strong>court et accrocheur<\/strong>, afin d&#8217;\u00eatre facilement m\u00e9moris\u00e9 par les clients potentiels. Il doit \u00e9galement \u00eatre <strong>facile \u00e0 \u00e9peler et \u00e0 prononcer<\/strong> car vous souhaitez que vos clients puissent trouver facilement votre site web.<\/p>\n<h2>Choisir un nom de domaine riche en mots-cl\u00e9s<\/h2>\n<p>Un nom de domaine riche en mots-cl\u00e9s vous aidera \u00e0 <u>obtenir plus de trafic<\/u> \u00e0 partir de moteurs de recherche comme Google et Bing. Les mots-cl\u00e9s sont des termes ou des phrases que les internautes utilisent lorsqu&#8217;ils recherchent une information ou un produit en ligne. Ces mots-cl\u00e9s sont souvent li\u00e9s \u00e0 ce que vous vendez. Par exemple, si vous vendez des chaussures, l&#8217;un des mots-cl\u00e9s pouvant \u00eatre inclus dans le nom de domaine serait &#8220;chaussures&#8221;. Si un utilisateur tape ce terme dans Google ou Bing, il verra votre site Web en haut de sa SERP (page de r\u00e9sultats) parce que le nom de domaine de votre site contient le terme &#8220;chaussures&#8221;.<\/p>\n<h2>Choisir la plate-forme<\/h2>\n<p><img decoding=\"async\" class=\"alignnone size-full wp-image-21578\" src=\"https:\/\/www.cmonsite.fr\/site\/webup\/2022\/09\/laptop-1367298_1280.jpg\" alt=\"\" width=\"1280\" height=\"839\" srcset=\"https:\/\/www.cmonsite.fr\/site\/webup\/2022\/09\/laptop-1367298_1280.jpg 1280w, https:\/\/www.cmonsite.fr\/site\/webup\/2022\/09\/laptop-1367298_1280-300x197.jpg 300w, https:\/\/www.cmonsite.fr\/site\/webup\/2022\/09\/laptop-1367298_1280-1024x671.jpg 1024w, https:\/\/www.cmonsite.fr\/site\/webup\/2022\/09\/laptop-1367298_1280-768x503.jpg 768w\" sizes=\"(max-width: 1280px) 100vw, 1280px\" \/><\/p>\n<p>Il existe plusieurs options sur le march\u00e9 qui vous permettent de cr\u00e9er un magasin de commerce \u00e9lectronique sans avoir \u00e0 vous soucier des stocks ou de la logistique. Les plateformes les plus populaires sont <u>Shopify et WooCommerce<\/u>.<\/p>\n<h3>Avantages et inconv\u00e9nients de Shopify<\/h3>\n<p>Shopify est l&#8217;une des plateformes de commerce \u00e9lectronique les plus populaires au monde, avec plus de <u>1,7 million de marchands<\/u>, dont 800 000 actifs, r\u00e9partis sur 175 pays. Cette plate-forme offre une vari\u00e9t\u00e9 de plans tarifaires en fonction des besoins de chacun. Les boutiques Shopify peuvent \u00eatre personnalis\u00e9es gr\u00e2ce \u00e0 <strong>des th\u00e8mes et des applications<\/strong> qui vous permettent de customiser votre boutique comme vous le souhaitez.<\/p>\n<p>Shopify est une puissante plateforme de commerce \u00e9lectronique qui vous permet de cr\u00e9er votre propre site Web et de vendre des produits en ligne. Shopify pr\u00e9sente de nombreux avantages, mais aussi quelques inconv\u00e9nients.<\/p>\n<p>Avantages :<\/p>\n<ul>\n<li>Facile \u00e0 utiliser, m\u00eame si vous n&#8217;avez aucune exp\u00e9rience en codage ou en d\u00e9veloppement Web.<\/li>\n<li>Offre un large \u00e9ventail d&#8217;options de paiement, dont PayPal, Stripe et Authorize.net, entre autres.<\/li>\n<li>Possibilit\u00e9s de personnaliser l&#8217;apparence de votre site gr\u00e2ce aux th\u00e8mes (gratuits ou payants) propos\u00e9s par Shopify.<\/li>\n<li>Offre des <strong>int\u00e9grations avec des applications tierces<\/strong> comme Mailchimp ou Klaviyo afin que vous puissiez facilement g\u00e9rer les campagnes d&#8217;emailing et de retargeting \u00e0 partir d&#8217;un seul endroit sans avoir \u00e0 passer par plusieurs interfaces.<\/li>\n<li>Op\u00e9rationnel en quelques minutes gr\u00e2ce \u00e0 son \u00e9diteur de type <strong>drag and drop<\/strong> (glisser-d\u00e9poser) qui vous permet de construire facilement des pages \u00e0 partir de z\u00e9ro ou d&#8217;utiliser des mod\u00e8les fournis par Shopify ou par des tiers approuv\u00e9s par la plateforme.<\/li>\n<\/ul>\n<p>Inconv\u00e9nients :<\/p>\n<p>Le principal inconv\u00e9nient est que Shopify facture des <strong>frais d&#8217;abonnement mensuels<\/strong> \u00e0 la plateforme et aux applications install\u00e9es. Au d\u00e9but, si vos ventes ne sont pas compens\u00e9es par ces frais, cela peut \u00eatre un probl\u00e8me. Mais si votre boutique a du succ\u00e8s, vous verrez une augmentation de vos revenus qui compensera amplement ces frais.<\/p>\n<p>Par ailleurs, de nombreuses personnes novices en mati\u00e8re de dropshipping ou de commerce \u00e9lectronique trouvent Shopify d\u00e9routant en raison de toutes ses fonctionnalit\u00e9s et options.<\/p>\n<h3>Avantages et inconv\u00e9nients de WooCommerce<\/h3>\n<p>WooCommerce est un plugin WordPress utilis\u00e9 par plus de <u>5 millions de sites marchands<\/u>. Il s&#8217;agit d&#8217;un <strong>logiciel libre et gratuit<\/strong> (OSS). Cependant, \u00e9tant un logiciel libre, il n&#8217;y a <strong>aucune garantie de support<\/strong> de la part de votre hosting ou de votre soci\u00e9t\u00e9 d&#8217;h\u00e9bergement. Ceci signifie que si un probl\u00e8me survient sur votre site, il vous faudra <u>faire appel \u00e0 un d\u00e9veloppeur<\/u> entra\u00eenant des co\u00fbts suppl\u00e9mentaires et impr\u00e9visibles qui peuvent \u00eatre assez on\u00e9reux.<\/p>\n<p>Avantages :<\/p>\n<p>Le plus grand avantage d&#8217;utiliser WooCommerce est qu&#8217;<u>il est gratuit<\/u>, donc sans trop investir au d\u00e9part, c&#8217;est une excellente plateforme. WooCommerce dispose \u00e9galement d&#8217;une grande communaut\u00e9 de d\u00e9veloppeurs qui consacrent du temps et de l&#8217;\u00e9nergie \u00e0 la <strong>cr\u00e9ation de nouveaux plugins pour la plateforme<\/strong>. Ainsi, si vous avez besoin d&#8217;une fonctionnalit\u00e9 sp\u00e9cifique, comme un moyen d&#8217;<strong>int\u00e9grer Facebook Messenger ou PayPal<\/strong>, il y aura probablement d\u00e9j\u00e0 un d\u00e9veloppeur qui aura cr\u00e9\u00e9 un plugin \u00e0 cet effet.<\/p>\n<p>Parmi les autres avantages de l&#8217;utilisation de WooCommerce pour le dropshipping, citons :<\/p>\n<ul>\n<li>Facilit\u00e9 de mise en place.<\/li>\n<li>Pas de comp\u00e9tences techniques n\u00e9cessaires.<\/li>\n<li>De nombreux plugins sont disponibles pouvant vous aider \u00e0 g\u00e9rer votre magasin.<\/li>\n<li>Un co\u00fbt moindre au d\u00e9marrage.<\/li>\n<li>Un large \u00e9ventail de passerelles de paiement, notamment PayPal et Stripe, sont disponibles.<\/li>\n<li>Offre un haut niveau de flexibilit\u00e9.<\/li>\n<li>Offre une \u00e9volutivit\u00e9 illimit\u00e9e.<\/li>\n<\/ul>\n<p>Inconv\u00e9nients :<\/p>\n<ul>\n<li><strong>La complexit\u00e9 :<\/strong> bien que WooCommerce soit assez facile \u00e0 utiliser, il peut \u00eatre difficile \u00e0 personnaliser si vous n&#8217;\u00eates pas familier avec le codage.<\/li>\n<li><strong>Probl\u00e8mes de s\u00e9curit\u00e9 :<\/strong> tous les sites Web pr\u00e9sentent des probl\u00e8mes de s\u00e9curit\u00e9, mais avec WooCommerce, les pirates ou autres utilisateurs malveillants ont plus de chances de s&#8217;introduire sur votre site et de <strong>voler des informations<\/strong>.<\/li>\n<\/ul>\n<\/div>\n","protected":false},"excerpt":{"rendered":"<p>D\u00e9terminer le type d&#8217;entreprise de dropshipping que vous voulez g\u00e9rer est une \u00e9tape essentielle de la cr\u00e9ation d&#8217;un site Web de dropshipping, qui est un type de site ecommerce sans stock. Vous devrez \u00e9galement choisir un nom de domaine et d\u00e9terminer la plate-forme que vous utiliserez pour cr\u00e9er votre site de dropshipping. Qu&#8217;est-ce que le [&hellip;]<\/p>\n","protected":false},"author":1,"featured_media":21580,"parent":21535,"menu_order":7,"comment_status":"closed","ping_status":"closed","template":"","meta":{"_helpful_status":1,"footnotes":""},"class_list":["post-21577","page","type-page","status-publish","has-post-thumbnail","hentry"],"_links":{"self":[{"href":"https:\/\/www.cmonsite.fr\/site\/wp-json\/wp\/v2\/pages\/21577","targetHints":{"allow":["GET"]}}],"collection":[{"href":"https:\/\/www.cmonsite.fr\/site\/wp-json\/wp\/v2\/pages"}],"about":[{"href":"https:\/\/www.cmonsite.fr\/site\/wp-json\/wp\/v2\/types\/page"}],"author":[{"embeddable":true,"href":"https:\/\/www.cmonsite.fr\/site\/wp-json\/wp\/v2\/users\/1"}],"replies":[{"embeddable":true,"href":"https:\/\/www.cmonsite.fr\/site\/wp-json\/wp\/v2\/comments?post=21577"}],"version-history":[{"count":3,"href":"https:\/\/www.cmonsite.fr\/site\/wp-json\/wp\/v2\/pages\/21577\/revisions"}],"predecessor-version":[{"id":28566,"href":"https:\/\/www.cmonsite.fr\/site\/wp-json\/wp\/v2\/pages\/21577\/revisions\/28566"}],"up":[{"embeddable":true,"href":"https:\/\/www.cmonsite.fr\/site\/wp-json\/wp\/v2\/pages\/21535"}],"wp:featuredmedia":[{"embeddable":true,"href":"https:\/\/www.cmonsite.fr\/site\/wp-json\/wp\/v2\/media\/21580"}],"wp:attachment":[{"href":"https:\/\/www.cmonsite.fr\/site\/wp-json\/wp\/v2\/media?parent=21577"}],"curies":[{"name":"wp","href":"https:\/\/api.w.org\/{rel}","templated":true}]}}