{"id":21572,"date":"2022-09-05T13:03:43","date_gmt":"2022-09-05T11:03:43","guid":{"rendered":"https:\/\/www.cmonsite.fr\/site\/?page_id=21572"},"modified":"2022-09-12T14:14:15","modified_gmt":"2022-09-12T12:14:15","slug":"blog","status":"publish","type":"page","link":"https:\/\/www.cmonsite.fr\/site\/guides\/creation-site\/type\/blog","title":{"rendered":"Comment cr\u00e9er un blog ?"},"content":{"rendered":"<div class=\"text-content\">\n<p>\u00c7a y est, vous avez enfin d\u00e9cid\u00e9 de cr\u00e9er un blog, <a href=\"https:\/\/www.cmonsite.fr\/site\/guides\/creation-site\/type\">qui est un type de site tr\u00e8s efficace<\/a>, bonne nouvelle ! Le blog lui-m\u00eame n&#8217;est pas si compliqu\u00e9, mais il y a beaucoup de choses que vous devez apprendre pour faire de votre blog un succ\u00e8s. En fait, il y a <strong>certaines \u00e9tapes que vous devez conna\u00eetre<\/strong> avant de commencer. Elles vous aideront \u00e0 bien vous lancer.<\/p>\n<h2>Un blog, c&#8217;est quoi en fait ?<\/h2>\n<p>Selon la c\u00e9l\u00e8bre plateforme Wikip\u00e9dia, un blog est en fait un type de <strong>site Web que l&#8217;on utilise pour publier des articles r\u00e9guli\u00e8rement<\/strong>. Ces articles gravitent autour d&#8217;un m\u00eame sujet ou une profession particuli\u00e8re. Cette d\u00e9finition est id\u00e9ale. Un blog, c&#8217;est quelqu&#8217;un qui \u00e9crit des articles sur un sujet particulier (une passion, un m\u00e9tier, etc).<\/p>\n<h2>Pourquoi cr\u00e9er un blog ?<\/h2>\n<p>Il existe de nombreuses raisons qui pourraient vous pousser \u00e0 cr\u00e9er votre propre blog. Voici les <u>4 raisons principales<\/u> :<\/p>\n<h3>Pour vous permettre de gagner de l\u2019argent<\/h3>\n<p>C&#8217;est courant de bloguer pour gagner de l&#8217;argent, et c&#8217;est une raison naturelle. Attention cependant \u00e0 ne pas abandonner trop vite quand vous constatez que vous ne gagnez pas d&#8217;argent assez vite. <strong>Il faut \u00eatre patient<\/strong>. D\u00e9velopper un blog en termes de trafic et donc d&#8217;argent prend pas mal de temps. Ensuite, si vous mettez toutes les chances de votre c\u00f4t\u00e9, sachez qu&#8217;il n&#8217;est pas difficile de gagner de l&#8217;argent gr\u00e2ce \u00e0 votre blog, d&#8217;autant que l&#8217;investissement initial est relativement faible, en moyenne 50 \u00e0 100\u20ac par an.<\/p>\n<h3>Pour faire augmenter la notori\u00e9t\u00e9 de votre entreprise<\/h3>\n<p><img fetchpriority=\"high\" decoding=\"async\" class=\"alignnone size-full wp-image-21575\" src=\"https:\/\/www.cmonsite.fr\/site\/webup\/2022\/09\/student-849818_1280-1.jpg\" alt=\"\" width=\"1280\" height=\"853\" srcset=\"https:\/\/www.cmonsite.fr\/site\/webup\/2022\/09\/student-849818_1280-1.jpg 1280w, https:\/\/www.cmonsite.fr\/site\/webup\/2022\/09\/student-849818_1280-1-300x200.jpg 300w, https:\/\/www.cmonsite.fr\/site\/webup\/2022\/09\/student-849818_1280-1-1024x682.jpg 1024w, https:\/\/www.cmonsite.fr\/site\/webup\/2022\/09\/student-849818_1280-1-768x512.jpg 768w\" sizes=\"(max-width: 1280px) 100vw, 1280px\" \/><\/p>\n<p>Vous pouvez aussi d\u00e9cider de cr\u00e9er un blog afin de <strong>promouvoir votre entreprise<\/strong> et trouver une nouvelle client\u00e8le. Rien de plus simple, vous r\u00e9pondez aux questions de vos clients. Tout cela au travers d&#8217;articles, de tutoriels, etc. Les blogs sont aussi un moyen de montrer votre expertise sur un sujet. Ils permettent de <strong>trouver des clients \u00e0 moindre co\u00fbt<\/strong>.<\/p>\n<h3>Devenir auteur<\/h3>\n<p>Votre objectif est de <u>devenir un auteur<\/u> ? Le blog s&#8217;av\u00e8re alors \u00eatre une tr\u00e8s bonne base qui vous permettra de tendre vers cet objectif. R\u00e9diger des articles pour vous entrainez et <strong>exposer votre passion<\/strong> pour la r\u00e9daction.<\/p>\n<h3>Partager votre passion<\/h3>\n<p>C&#8217;est une des raisons les plus r\u00e9pandues. Cr\u00e9er votre blog afin de partager votre passion avec d&#8217;autres personnes qui ont la m\u00eame que vous.<\/p>\n<p>Maintenant que nous avons pass\u00e9 en revue les diff\u00e9rentes raisons pour lesquelles on pourrait \u00eatre tent\u00e9s de cr\u00e9er un blog, <u>passons aux \u00e9tapes de cr\u00e9ation<\/u> :<\/p>\n<h2>Premi\u00e8re \u00e9tape : Trouver un sujet principal votre blog<\/h2>\n<p>Dans un premier temps, vous devez r\u00e9pertorier vos passions et vos comp\u00e9tences dans une feuille ou un fichier Excel. En fait, <strong>bloguer est un marathon, pas un sprint<\/strong>, donc \u00e9crire des articles sur vos passions et vos comp\u00e9tences sera plus facile \u00e0 long terme. Le d\u00e9veloppement prend des mois.<\/p>\n<p>Vous devez \u00e9viter de parler de sujets trop larges, car vous risquez de ne pas pouvoir vous positionner dans les moteurs de recherche en raison de l&#8217;intensification de la concurrence.<\/p>\n<p>Ce sujet qui vous passionne doit, bien entendu, en passionner d&#8217;autres \u00e9galement. Pour trouver des id\u00e9es pour votre blog, vous pouvez voir ce qui se passe \u00e0 l&#8217;\u00e9tranger, en discuter avec vos proches, et commenter un sujet qui vous correspond par exemple. <strong>Le sujet de votre blog doit \u00eatre intemporel<\/strong>. Par exemple, disons que vous aimez le football. Si vous voulez parler de la Coupe du monde 2018, le contenu devient vite &#8220;p\u00e9rissable&#8221; et il est difficile de continuer \u00e0 bloguer sur ce sujet.<\/p>\n<h2>Deuxi\u00e8me \u00e9tape : Choisir la plateforme sur laquelle cr\u00e9er votre blog<\/h2>\n<p>Il existe de nombreuses plateformes que vous pouvez utiliser pour cr\u00e9er un blog en ligne, mais <strong>la meilleure d&#8217;entre elles reste le CMS Wordress<\/strong>. Il vaut clairement la peine d&#8217;\u00eatre install\u00e9. WordPress est la seule plateforme qui propose autant d&#8217;options et de facilit\u00e9s lors de la cr\u00e9ation de votre blog. <u>C&#8217;est la plateforme la plus utilis\u00e9e et la num\u00e9ro un au monde<\/u>.<\/p>\n<p>Mais pourquoi choisir cette plateforme ? WordPress est principalement <strong>utilis\u00e9 sur 20 \u00e0 30 % des sites Web<\/strong> dans le monde ! Ce qui en fait le leader du march\u00e9. C&#8217;est un gage de qualit\u00e9 et de s\u00e9rieux. De plus, WordPress est tr\u00e8s facile \u00e0 manipuler. Et ce, m\u00eame pour des novices en blogging. Un autre avantage de WordPress est li\u00e9 \u00e0 sa communaut\u00e9. En fait, WordPress peut int\u00e9grer les connaissances de sa communaut\u00e9 autour de cet outil, ce qui facilite la recherche de r\u00e9ponses \u00e0 vos questions si vous \u00eates bloqu\u00e9.<\/p>\n<p>\u00c0 l&#8217;exception des noms de domaine et des h\u00e9bergeurs, les sites WordPress sont 100% gratuits et il existe de nombreux th\u00e8mes WordPress professionnels gratuits. Vous pouvez tr\u00e8s bien faire fonctionner votre site Web avec des plugins. Par cons\u00e9quent, <u>WordPress est id\u00e9al<\/u> pour g\u00e9rer un blog professionnel et se lancer \u00e0 moindre co\u00fbt.<\/p>\n<p>Vous avez <u>2 possibilit\u00e9s<\/u> pour monter votre blog avec WordPress :<\/p>\n<p>&#8211; <u>WordPress h\u00e9berg\u00e9 sur un serveur<\/u> : Il s&#8217;agit ici de la <strong>m\u00e9thode la plus flexible<\/strong>, le rendu du site Web sera largement plus professionnel et le site Web lui-m\u00eame sera plus flexible, alors h\u00e9bergez WordPress sur votre site Web si vous souhaitez obtenir ce rendu. Pour une installation facile de WordPress, nous vous recommandons l&#8217;h\u00e9bergeur fran\u00e7ais O2switch.<\/p>\n<p>&#8211; <u>H\u00e9bergement sur WordPress.com<\/u> : Cette m\u00e9thode est <strong>destin\u00e9e aux personnes n&#8217;ayant aucune connaissance technique<\/strong> et ne souhaitant pas g\u00e9rer la partie technique du site. Cette solution n&#8217;est pas aussi flexible que WordPress.org, mais elle est tout aussi pratique.<\/p>\n<h2>Troisi\u00e8me \u00e9tape : Choisir votre nom de domaine<\/h2>\n<p><img decoding=\"async\" class=\"alignnone size-full wp-image-21574\" src=\"https:\/\/www.cmonsite.fr\/site\/webup\/2022\/09\/laptop-1443559_1280.jpg\" alt=\"\" width=\"1280\" height=\"689\" srcset=\"https:\/\/www.cmonsite.fr\/site\/webup\/2022\/09\/laptop-1443559_1280.jpg 1280w, https:\/\/www.cmonsite.fr\/site\/webup\/2022\/09\/laptop-1443559_1280-300x161.jpg 300w, https:\/\/www.cmonsite.fr\/site\/webup\/2022\/09\/laptop-1443559_1280-1024x551.jpg 1024w, https:\/\/www.cmonsite.fr\/site\/webup\/2022\/09\/laptop-1443559_1280-768x413.jpg 768w\" sizes=\"(max-width: 1280px) 100vw, 1280px\" \/><\/p>\n<p>Il existe deux options pour choisir un nom de domaine : EMD (Exact Match Domain) ou alors la marque.<\/p>\n<p>&#8211; <u>Premi\u00e8re option<\/u> : Qu&#8217;est-ce que l&#8217;EMD ? Imaginez que vous avez un blog de jardinage, vous allez alors entrez vos mots-cl\u00e9s dans votre nom de domaine. Nommez votre blog, par exemple, mon-jardin.fr. Cette technique est tr\u00e8s souvent utilis\u00e9e pour augmenter vos places dans le r\u00e9f\u00e9rencement naturel des moteurs de recherche.<\/p>\n<p>&#8211; <u>Deuxi\u00e8me option<\/u> : Les marques doivent influencer leurs blogs afin que les lecteurs puissent se souvenir rapidement de leur site web.<\/p>\n<p>Vous vous demandez maintenant s\u00fbrement lequel choisir. La r\u00e9ponse est que <strong>tout d\u00e9pend de vos objectifs<\/strong>. Si vous souhaitez personnaliser votre blog et que vo lecteurs saisissent directement votre univers, choisissez plut\u00f4t un nom amusant. Si vous souhaitez placer des articles sur Google, EMD sera plus pratique pour vous, mais soyez prudent. Mais ne vous contentez pas de \u00e7a. De nombreux autres facteurs influencent \u00e9galement votre positionnement sur les moteurs de recherche.<\/p>\n<p>Pour certains sujets, choisir la marque est plus facile que l&#8217;EMD. Par exemple, si vous avez un blog de mode, il est int\u00e9ressant de cr\u00e9er une marque. En revanche, si vous souhaitez parler de vos comp\u00e9tences, l&#8217;EMD serait une meilleure option.<\/p>\n<p>De plus, si vous ciblez le march\u00e9 fran\u00e7ais, utilisez l&#8217;extension .fr. Les lecteurs se sentiront plus \u00e0 l&#8217;aise car ils peuvent rapidement identifier d&#8217;o\u00f9 votre blog provient. Assurez-vous que votre nom de domaine est facile \u00e0 retenir et pas trop long.<\/p>\n<\/div>\n","protected":false},"excerpt":{"rendered":"<p>\u00c7a y est, vous avez enfin d\u00e9cid\u00e9 de cr\u00e9er un blog, qui est un type de site tr\u00e8s efficace, bonne nouvelle ! Le blog lui-m\u00eame n&#8217;est pas si compliqu\u00e9, mais il y a beaucoup de choses que vous devez apprendre pour faire de votre blog un succ\u00e8s. En fait, il y a certaines \u00e9tapes que [&hellip;]<\/p>\n","protected":false},"author":1,"featured_media":21573,"parent":21535,"menu_order":6,"comment_status":"closed","ping_status":"closed","template":"","meta":{"_helpful_status":1,"footnotes":""},"class_list":["post-21572","page","type-page","status-publish","has-post-thumbnail","hentry"],"_links":{"self":[{"href":"https:\/\/www.cmonsite.fr\/site\/wp-json\/wp\/v2\/pages\/21572","targetHints":{"allow":["GET"]}}],"collection":[{"href":"https:\/\/www.cmonsite.fr\/site\/wp-json\/wp\/v2\/pages"}],"about":[{"href":"https:\/\/www.cmonsite.fr\/site\/wp-json\/wp\/v2\/types\/page"}],"author":[{"embeddable":true,"href":"https:\/\/www.cmonsite.fr\/site\/wp-json\/wp\/v2\/users\/1"}],"replies":[{"embeddable":true,"href":"https:\/\/www.cmonsite.fr\/site\/wp-json\/wp\/v2\/comments?post=21572"}],"version-history":[{"count":1,"href":"https:\/\/www.cmonsite.fr\/site\/wp-json\/wp\/v2\/pages\/21572\/revisions"}],"predecessor-version":[{"id":21576,"href":"https:\/\/www.cmonsite.fr\/site\/wp-json\/wp\/v2\/pages\/21572\/revisions\/21576"}],"up":[{"embeddable":true,"href":"https:\/\/www.cmonsite.fr\/site\/wp-json\/wp\/v2\/pages\/21535"}],"wp:featuredmedia":[{"embeddable":true,"href":"https:\/\/www.cmonsite.fr\/site\/wp-json\/wp\/v2\/media\/21573"}],"wp:attachment":[{"href":"https:\/\/www.cmonsite.fr\/site\/wp-json\/wp\/v2\/media?parent=21572"}],"curies":[{"name":"wp","href":"https:\/\/api.w.org\/{rel}","templated":true}]}}