{"id":21562,"date":"2022-09-05T12:59:13","date_gmt":"2022-09-05T10:59:13","guid":{"rendered":"https:\/\/www.cmonsite.fr\/site\/?page_id=21562"},"modified":"2022-09-12T14:14:23","modified_gmt":"2022-09-12T12:14:23","slug":"entreprise","status":"publish","type":"page","link":"https:\/\/www.cmonsite.fr\/site\/guides\/creation-site\/type\/entreprise","title":{"rendered":"Comment cr\u00e9er un site internet pour une entreprise ?"},"content":{"rendered":"<div class=\"more-space\">Les entrepreneurs appr\u00e9hendent souvent l&#8217;\u00e9tape de la cr\u00e9ation de leur site internet <a href=\"https:\/\/www.cmonsite.fr\/site\/guides\/creation-site\/type\">selon le type de site voulu<\/a>. Ils se posent des questions sur la question financi\u00e8re et les connaissances techniques \u00e0 poss\u00e9der. En effet, dans l&#8217;imaginaire collectif, la cr\u00e9ation d&#8217;un site demande des comp\u00e9tences particuli\u00e8res en programmation. Pourtant, nul besoin de passer par une agence sp\u00e9cialis\u00e9e si vous avez un budget r\u00e9duit. Un n\u00e9ophyte en informatique peut d\u00e9sormais cr\u00e9er sa propre plateforme en ligne gr\u00e2ce \u00e0 l&#8217;existence de CMS intuitif et facile \u00e0 utiliser comme CmonSite. Ce CMS fran\u00e7ais s\u00e9duit de nombreux entrepreneurs depuis pr\u00e8s de vingt ans.<\/div>\n<div class=\"text-content\">\n<h2>Les \u00e9tapes pr\u00e9liminaires \u00e0 la cr\u00e9ation d&#8217;un site internet pour votre entreprise<\/h2>\n<p>Internet contribue largement aux <strong>changements de comportements des consommateurs<\/strong>. Ces derniers veulent trouver ce qu&#8217;ils recherchent rapidement en tapant une requ\u00eate sur leur moteur de recherche. Un site internet n&#8217;est pas uniquement destin\u00e9 \u00e0 vendre vos produits. Les internautes se rendent sur votre plateforme pour consulter les horaires d&#8217;ouvertures de votre magasin, pour s&#8217;informer des services propos\u00e9s, pour trouver les contacts de l&#8217;entreprise.<\/p>\n<p>Avoir un site internet permet \u00e0 une entreprise de <u>renforcer leur image de marque<\/u>. Un site d\u00e9montre \u00e9galement <strong>le professionnalisme et le s\u00e9rieux d&#8217;une marque<\/strong>. Les clients potentiels, les investisseurs, les fournisseurs s&#8217;y donnent rendez-vous pour mieux vous connaitre. Ainsi, la cr\u00e9ation d&#8217;un site internet engendre les opportunit\u00e9s. Si vous h\u00e9sitez encore \u00e0 cause du budget, la question financi\u00e8re ne repr\u00e9sente plus un obstacle.<\/p>\n<p>Pr\u00eat \u00e0 franchir cette \u00e9tape ? Pour cr\u00e9er votre plateforme, vous devez passer par les \u00e9tapes pr\u00e9liminaires suivantes :<\/p>\n<h2>Identifier l&#8217;objectif de votre projet<\/h2>\n<p><img fetchpriority=\"high\" decoding=\"async\" class=\"alignnone size-full wp-image-21563\" src=\"https:\/\/www.cmonsite.fr\/site\/webup\/2022\/09\/laptop-1150663_1280.jpg\" alt=\"\" width=\"1280\" height=\"768\" srcset=\"https:\/\/www.cmonsite.fr\/site\/webup\/2022\/09\/laptop-1150663_1280.jpg 1280w, https:\/\/www.cmonsite.fr\/site\/webup\/2022\/09\/laptop-1150663_1280-300x180.jpg 300w, https:\/\/www.cmonsite.fr\/site\/webup\/2022\/09\/laptop-1150663_1280-1024x614.jpg 1024w, https:\/\/www.cmonsite.fr\/site\/webup\/2022\/09\/laptop-1150663_1280-768x461.jpg 768w\" sizes=\"(max-width: 1280px) 100vw, 1280px\" \/><\/p>\n<p>La cr\u00e9ation d&#8217;un site web repr\u00e9sente un projet enthousiasmant. Cependant, avant de vous lancer dans cette aventure, vous devez <u>connaitre vos objectifs aux pr\u00e9alables<\/u>. \u00c0 quoi servira la plateforme ? Un site internet r\u00e9pond \u00e0 l&#8217;un ou plusieurs des objectifs suivants :<\/p>\n<p>&#8211; Accroitre la notori\u00e9t\u00e9 de l&#8217;entreprise.<\/p>\n<p>&#8211; D\u00e9velopper de nouveaux prospects.<\/p>\n<p>&#8211; La vente de produits.<\/p>\n<p>&#8211; La proposition des services.<\/p>\n<p>&#8211; La mise en relation avec les tiers collaborateurs.<\/p>\n<p>Le <strong>niveau de difficult\u00e9 de la cr\u00e9ation du site web<\/strong> d\u00e9pend de l&#8217;objectif. \u00c0 titre d&#8217;exemple, la cr\u00e9ation d&#8217;un site vitrine est moins complexe que la cr\u00e9ation d&#8217;une boutique e-commerce. De m\u00eame, dans le cas d&#8217;un site de vente, l&#8217;absence de paiement facilite l&#8217;\u00e9tape de la cr\u00e9ation.<\/p>\n<p>Vous avez d\u00e9cid\u00e9 de prendre en main le projet ? Dans ce cas, vous devez \u00e9tablir un cahier des charges comme si vous passiez par un prestataire. Cela vous permet de hi\u00e9rarchiser les t\u00e2ches et de g\u00e9rer vos attentes.<\/p>\n<h2>Le choix du nom de domaine<\/h2>\n<p>Le <strong>nom de domaine<\/strong> est relatif \u00e0 l&#8217;adresse URL de votre entreprise sur internet : <a href=\"http:\/\/www.nomdedomaine.com\/\">www.nomdedomaine.com<\/a>. Il permet d&#8217;acc\u00e9der \u00e0 votre plateforme depuis un moteur de recherche. Vous devez passer par la case achat pour en avoir un. Rassurez-vous, un nom de domaine co\u00fbte environ 15 euros.<\/p>\n<p>La cr\u00e9ation d&#8217;un nom de domaine doit respecter quelques conditions :<\/p>\n<p>&#8211; Facile \u00e0 taper pour l&#8217;audience cible.<\/p>\n<p>&#8211; Pr\u00e9sence du nom de l&#8217;entreprise et d&#8217;un mot-cl\u00e9 \u00e9voquant l&#8217;activit\u00e9 principale de l&#8217;entreprise.<\/p>\n<p>&#8211; Utilisation d&#8217;un nom de domaine court et d\u00e9pourvu de chiffres ou d&#8217;abr\u00e9viations.<\/p>\n<p>&#8211; Nom de domaine unique.<\/p>\n<p>Afin de <strong>garantir l&#8217;authenticit\u00e9 de votre nom de domaine<\/strong>, il est important de passer par un prestataire pour l&#8217;achat. Cela vous permet d&#8217;avoir un nom de domaine unique et d&#8217;\u00eatre prot\u00e9g\u00e9 par les droits d&#8217;auteurs.<\/p>\n<h2>Le choix de l&#8217;h\u00e9bergeur<\/h2>\n<p>La derni\u00e8re \u00e9tape avant la cr\u00e9ation de la plateforme porte sur <strong>le choix de l&#8217;h\u00e9bergeur<\/strong>. Ce dernier est d\u00e9fini comme <u>l&#8217;h\u00f4te qui abrite toutes vos donn\u00e9es en ligne<\/u>. C&#8217;est gr\u00e2ce \u00e0 un h\u00e9bergeur que les internautes peuvent acc\u00e9der \u00e0 votre site facilement.<\/p>\n<p>Au d\u00e9part, vous pouvez choisir l&#8217;offre la moins ch\u00e8re du march\u00e9. Les <strong>abonnements mensuels<\/strong> commencent \u00e0 partir de 10 euros. Ensuite, vous pouvez changer d&#8217;abonnement en fonction de la croissance de votre activit\u00e9.<\/p>\n<h2>Le choix du CMS<\/h2>\n<p>Maintenant que vous avez votre <u>nom de domaine et votre h\u00e9bergeur<\/u>, place \u00e0 la <strong>gestion des contenus<\/strong>. Dans cette phase, vous vous occupez de la cr\u00e9ation du site \u00e0 proprement dit. Pour cela, vous devez passer un <strong>syst\u00e8me de gestion de contenu<\/strong> ou CMS. De nombreuses alternatives existent sur le march\u00e9. La plupart s&#8217;adressent \u00e0 des utilisateurs novices en la mati\u00e8re. C&#8217;est le cas de CmonSite.<\/p>\n<h2>CmonSite : le CMS adapt\u00e9 aux d\u00e9butants<\/h2>\n<p><img decoding=\"async\" class=\"alignnone size-full wp-image-21565\" src=\"https:\/\/www.cmonsite.fr\/site\/webup\/2022\/09\/laptop-2838918_1280.jpg\" alt=\"\" width=\"1280\" height=\"916\" srcset=\"https:\/\/www.cmonsite.fr\/site\/webup\/2022\/09\/laptop-2838918_1280.jpg 1280w, https:\/\/www.cmonsite.fr\/site\/webup\/2022\/09\/laptop-2838918_1280-300x215.jpg 300w, https:\/\/www.cmonsite.fr\/site\/webup\/2022\/09\/laptop-2838918_1280-1024x733.jpg 1024w, https:\/\/www.cmonsite.fr\/site\/webup\/2022\/09\/laptop-2838918_1280-768x550.jpg 768w\" sizes=\"(max-width: 1280px) 100vw, 1280px\" \/><\/p>\n<p>CmonSite est un CMS fran\u00e7ais cr\u00e9\u00e9 en 2005. Le logiciel vous permet de cr\u00e9er un <strong>site web ergonomique<\/strong> et intuitif gr\u00e2ce \u00e0 l&#8217;existence de <u>nombreuses fonctionnalit\u00e9s<\/u>. CmonSite s\u00e9duit de nombreux utilisateurs gr\u00e2ce \u00e0 son tarif comp\u00e9titif. L&#8217;\u00e9diteur s&#8217;adresse surtout aux structures modestes qui ont besoin d&#8217;une plateforme pour appuyer leur activit\u00e9. C&#8217;est le cas <strong>des artisans <\/strong>ou des cr\u00e9ateurs de bijoux. Actuellement, CmonSite r\u00e9unit plus de 67 000 utilisateurs.<\/p>\n<h3>Le fonctionnement de CmonSite<\/h3>\n<p>Il s&#8217;agit d&#8217;un CMS g\u00e9n\u00e9raliste qui vous permet de cr\u00e9er une boutique en ligne ou de mettre en place un site vitrine. Gr\u00e2ce \u00e0 ses nombreuses fonctionnalit\u00e9s, l&#8217;utilisateur peut cr\u00e9er un site e-commerce sans avoir des <strong>notions en codage informatique<\/strong>. Vous souhaitez ajouter des produits sur votre boutique ? Le processus est facile.<\/p>\n<p>CmonSite se distingue \u00e9galement par <strong>l&#8217;abondance des templates<\/strong>, dont la majorit\u00e9 est destin\u00e9e aux sites e-commerce. Son interface se rapproche de celle du g\u00e9ant WordPress. Cependant, il est plus facile \u00e0 manipuler au niveau de <u>l&#8217;\u00e9diteur de page <\/u>et des modules.<\/p>\n<p>Vous pouvez d\u00e9marrer votre exp\u00e9rience avec CmonSite gratuitement gr\u00e2ce \u00e0 la formule d\u00e9couverte. Cette offre vous permet d\u00e9j\u00e0 de jouir d&#8217;un<strong> bon r\u00e9f\u00e9rencement<\/strong>, d&#8217;avoir un support client et de disposer de quatre pages.<\/p>\n<p>Vous h\u00e9sitez \u00e0 prendre un <u>abonnement plus cher<\/u> ? L&#8217;offre perso vous permet de b\u00e9n\u00e9ficier de 6 pages \u00e0 1 euro. Enfin, avec les offres pro, vous b\u00e9n\u00e9ficiez d&#8217;une centaine de pages. Cela vous permet d&#8217;exposer plus de 10 000 produits sur votre boutique. De plus, l&#8217;\u00e9diteur vous fournit gratuitement un nom de domaine ainsi que des adresses mail personnalis\u00e9es.<\/p>\n<h3>Le fonctionnement<\/h3>\n<p>En arrivant sur CmonSite, vous acc\u00e9dez \u00e0 des dizaines de templates avec des designs modernes et uniques. Pour avoir une id\u00e9e de templates d\u00e9j\u00e0 utilis\u00e9e, une option vous montre les derniers sites cr\u00e9\u00e9s avec le CMS.<\/p>\n<p>Si vous n&#8217;avez <strong>aucune notion en programmation<\/strong>, il vous suffit de choisir parmi les mod\u00e8les de sites web propos\u00e9s par le logiciel. Vous trouverez s\u00fbrement le mod\u00e8le adapt\u00e9 \u00e0 votre projet.<\/p>\n<p>Pour cr\u00e9er votre plateforme avec CmonSite, vous devez d&#8217;abord passer par la <u>cr\u00e9ation d&#8217;un compte<\/u>. Ensuite, vous devez choisir entre un site e-commerce ou un site vitrine ou encore un blog. Vous d\u00e9sirez cr\u00e9er un site vitrine ? Dans l&#8217;onglet \u00ab sites \u00bb, vous retrouverez l&#8217;option \u00ab vitrine \u00bb. Ensuite, des dizaines de templates que vous pouvez modifier \u00e0 votre guise vous sont propos\u00e9s.<\/p>\n<h3>La cr\u00e9ation de 3 pages pour d\u00e9marrer<\/h3>\n<p>Pour d\u00e9marrer votre projet, vous n&#8217;avez pas besoin d&#8217;avoir des dizaines de pages pr\u00eates \u00e0 l&#8217;emploi. Vous devez cr\u00e9er au moins 3 pages pour vous lancer :<\/p>\n<p>&#8211; Une page d&#8217;accueil sur lequel les internautes atterrissent directement.<\/p>\n<p>&#8211; Une page \u00e0 propos qui d\u00e9crit votre activit\u00e9 et l&#8217;histoire de votre entreprise. N&#8217;h\u00e9sitez pas \u00e0 \u00e9voquer votre \u00e9quipe et leur fonction dans l&#8217;entreprise.<\/p>\n<p>&#8211; Une page contact pour \u00e9voquer les diff\u00e9rents moyens de vous contacter<\/p>\n<p>Ensuite, vous pouvez <u>enrichir le site avec des pages cat\u00e9gories<\/u> et rajouter du contenu.<\/p>\n<\/div>\n","protected":false},"excerpt":{"rendered":"<p>Les entrepreneurs appr\u00e9hendent souvent l&#8217;\u00e9tape de la cr\u00e9ation de leur site internet selon le type de site voulu. Ils se posent des questions sur la question financi\u00e8re et les connaissances techniques \u00e0 poss\u00e9der. En effet, dans l&#8217;imaginaire collectif, la cr\u00e9ation d&#8217;un site demande des comp\u00e9tences particuli\u00e8res en programmation. Pourtant, nul besoin de passer par une [&hellip;]<\/p>\n","protected":false},"author":1,"featured_media":21564,"parent":21535,"menu_order":4,"comment_status":"closed","ping_status":"closed","template":"","meta":{"_helpful_status":1,"footnotes":""},"class_list":["post-21562","page","type-page","status-publish","has-post-thumbnail","hentry"],"_links":{"self":[{"href":"https:\/\/www.cmonsite.fr\/site\/wp-json\/wp\/v2\/pages\/21562","targetHints":{"allow":["GET"]}}],"collection":[{"href":"https:\/\/www.cmonsite.fr\/site\/wp-json\/wp\/v2\/pages"}],"about":[{"href":"https:\/\/www.cmonsite.fr\/site\/wp-json\/wp\/v2\/types\/page"}],"author":[{"embeddable":true,"href":"https:\/\/www.cmonsite.fr\/site\/wp-json\/wp\/v2\/users\/1"}],"replies":[{"embeddable":true,"href":"https:\/\/www.cmonsite.fr\/site\/wp-json\/wp\/v2\/comments?post=21562"}],"version-history":[{"count":1,"href":"https:\/\/www.cmonsite.fr\/site\/wp-json\/wp\/v2\/pages\/21562\/revisions"}],"predecessor-version":[{"id":21566,"href":"https:\/\/www.cmonsite.fr\/site\/wp-json\/wp\/v2\/pages\/21562\/revisions\/21566"}],"up":[{"embeddable":true,"href":"https:\/\/www.cmonsite.fr\/site\/wp-json\/wp\/v2\/pages\/21535"}],"wp:featuredmedia":[{"embeddable":true,"href":"https:\/\/www.cmonsite.fr\/site\/wp-json\/wp\/v2\/media\/21564"}],"wp:attachment":[{"href":"https:\/\/www.cmonsite.fr\/site\/wp-json\/wp\/v2\/media?parent=21562"}],"curies":[{"name":"wp","href":"https:\/\/api.w.org\/{rel}","templated":true}]}}